{"id":2603,"date":"2025-04-15T08:39:30","date_gmt":"2025-04-15T08:39:30","guid":{"rendered":"https:\/\/xenonkungen.com\/product\/kabelsats-till-xbb-power-unit\/"},"modified":"2026-04-01T07:57:14","modified_gmt":"2026-04-01T06:57:14","slug":"xbb-virtayksikon-kaapelisarja","status":"publish","type":"product","link":"https:\/\/xenonkungen.com\/fi\/tuote\/xbb-virtayksikon-kaapelisarja\/","title":{"rendered":"Kaapelisarja XBB-virtayksikk\u00f6\u00e4 varten"},"content":{"rendered":"<h1>Relekaapelisarja XBB OBD-II -virtayksikk\u00f6\u00e4 varten<\/h1>\n<p>Johdinsarja ilman relett\u00e4, jossa on 9006-liitin ksenon-liit\u00e4nt\u00e4laitteen tai LED-ramppien, kuten LUXTAR LED-ramppien X16, X18, X20 ja aina X24:\u00e4\u00e4n asti, joissa on vastaava liitin, suoraa kytkent\u00e4\u00e4 ja turvallista virrank\u00e4ytt\u00f6\u00e4 varten.<\/p>\n<p>Kun k\u00e4yt\u00e4t led-kehyst\u00e4 tai muuta valaisinta, jossa ei ole 9006-muhvia (naaras), katkaise pistoke ja liit\u00e4 johdot. Juottamista ja kutisteputkea tai muuta turvallista tiivist\u00e4mist\u00e4 suositellaan.<\/p>\n<p><strong>12-24V (15A )DC<\/strong><\/p>\n<p><strong>40A sulake<\/strong><\/p>\n<p>T\u00e4m\u00e4 kaapelisarja yhdess\u00e4 XBB OBD ll:n kanssa voi sy\u00f6tt\u00e4\u00e4 LED-ramppia ja\/tai lis\u00e4valoja jopa 15A:n teholla (todellinen teho). <\/p>\n<p><strong>Yhteenliitt\u00e4minen<\/strong><br \/>1. liitet\u00e4\u00e4n akkuun (+), maadoituspisteeseen (-). <br \/>2. liit\u00e4nt\u00e4 (+\/-) liit\u00e4nt\u00e4laitteessa (tai valopalkin kaapelissa).<\/p>\n<p>Erityisohjeita ei ole mukana.<\/p>\n<p><strong>Hyv\u00e4 tiet\u00e4\u00e4<\/strong><br \/>Jos lyhenn\u00e4t johdotusta, voit k\u00e4ytt\u00e4\u00e4 LED-ramppeja tai lis\u00e4valoja suuremmalla teholla. <br \/>Kun sit\u00e4 laajennetaan, enimm\u00e4isteho pienenee.<br \/>Akun ja valonl\u00e4hteen v\u00e4linen enimm\u00e4iset\u00e4isyys on 3 metri\u00e4.<br \/>Toimii yht\u00e4 hyvin halogeenisten lis\u00e4valojen kanssa.<\/p>\n<p>Paino: 0,27 kg<\/p>\n<p>Lue lis\u00e4\u00e4 siit\u00e4, miten k\u00e4ytt\u00e4\u00e4 <a href=\"https:\/\/www.xenonkungen.com\/se\/produkter\/installationsmaterial\/xbb-dongle-power-unit\/\">XBB-dongle ja virtal\u00e4hde<\/a>.<\/p>","protected":false},"excerpt":{"rendered":"<p>XBB OBD-ll -releelle suunniteltu erityinen johdinsarja.<\/p>","protected":false},"featured_media":2604,"comment_status":"closed","ping_status":"open","template":"","meta":{"_acf_changed":false,"_smort_price_nok":"180","_smort_price_dkk":"153","_smort_price_eur":"20.45","_smort_sale_price_nok":"180","_smort_sale_price_dkk":"","_smort_sale_price_eur":"","smort_restorder":"","shipmondo_restorder":"","_kad_blocks_custom_css":"","_kad_blocks_head_custom_js":"","_kad_blocks_body_custom_js":"","_kad_blocks_footer_custom_js":"","smort_custom_pricelist_1":"124.8","smort_custom_pricelist_2":"109.2","smort_custom_pricelist_3":"103.74","smort_custom_pricelist_4":"180","smort_custom_pricelist_5":"109.2"},"anvandningsomrade":[],"bilmarken":[],"product_brand":[115],"product_cat":[2487,2841,2828,2795,2796,2573,390,1402],"product_tag":[],"class_list":{"0":"post-2603","1":"product","2":"type-product","3":"status-publish","4":"has-post-thumbnail","6":"product_brand-xbb","7":"product_cat-canbus-installation","8":"product_cat-installation-extraljus","9":"product_cat-installation-led-ramper","10":"product_cat-kablar-rela","11":"product_cat-relakabelsatser","12":"product_cat-relasats-relasats-ledramper-relasats-extraljus-relasats-arbetsbelysning-xbb-installation","13":"product_cat-installation","14":"product_cat-outlet","15":"pa_volt-v-159","17":"first","18":"onbackorder","19":"sale","20":"taxable","21":"shipping-taxable","22":"purchasable","23":"product-type-simple"},"bundled_by":["9339","9346","9353","9360","9368","9375","9384","9393","9400","9541","9545","9553","9559","9574","9580","9586","9593","9600","9608","9614","9624","9633","9643","25260","25266","25270","25275","25279","25283","25285"],"bundle_stock_status":"onbackorder","bundle_stock_quantity":-132,"bundle_virtual":false,"bundle_layout":"","bundle_add_to_cart_form_location":"","bundle_editable_in_cart":false,"bundle_sold_individually_context":"","bundle_item_grouping":"","bundle_min_size":"","bundle_max_size":"","bundle_price":[],"bundled_items":[],"bundle_sell_ids":[],"acf":[],"yoast_head":"<!-- This site is optimized with the Yoast SEO plugin v27.0 - https:\/\/yoast.com\/product\/yoast-seo-wordpress\/ -->\n<title>Kabelsats till XBB Power Unit - Xenonkungen<\/title>\n<meta name=\"robots\" content=\"index, follow, max-snippet:-1, max-image-preview:large, max-video-preview:-1\" \/>\n<link rel=\"canonical\" href=\"https:\/\/xenonkungen.com\/fi\/tuote\/xbb-virtayksikon-kaapelisarja\/\" \/>\n<meta property=\"og:locale\" content=\"fi_FI\" \/>\n<meta property=\"og:type\" content=\"article\" \/>\n<meta property=\"og:title\" content=\"Kabelsats till XBB Power Unit - Xenonkungen\" \/>\n<meta property=\"og:description\" content=\"Special kablage framtaget till XBB OBD-ll rel\u00e4.\" \/>\n<meta property=\"og:url\" content=\"https:\/\/xenonkungen.com\/fi\/tuote\/xbb-virtayksikon-kaapelisarja\/\" \/>\n<meta property=\"og:site_name\" content=\"Xenonkungen\" \/>\n<meta property=\"article:modified_time\" content=\"2026-04-01T06:57:14+00:00\" \/>\n<meta property=\"og:image\" content=\"https:\/\/xenonkungen.com\/wp-content\/uploads\/2025\/04\/184946875-origpic-605ef6.png\" \/>\n\t<meta property=\"og:image:width\" content=\"1000\" \/>\n\t<meta property=\"og:image:height\" content=\"992\" \/>\n\t<meta property=\"og:image:type\" content=\"image\/png\" \/>\n<meta name=\"twitter:card\" content=\"summary_large_image\" \/>\n<meta name=\"twitter:label1\" content=\"Arvioitu lukuaika\" \/>\n\t<meta name=\"twitter:data1\" content=\"1 minuutti\" \/>\n<script type=\"application\/ld+json\" class=\"yoast-schema-graph\">{\"@context\":\"https:\/\/schema.org\",\"@graph\":[{\"@type\":\"WebPage\",\"@id\":\"https:\/\/xenonkungen.com\/produkt\/kabelsats-till-xbb-power-unit\/\",\"url\":\"https:\/\/xenonkungen.com\/produkt\/kabelsats-till-xbb-power-unit\/\",\"name\":\"Kabelsats till XBB Power Unit - Xenonkungen\",\"isPartOf\":{\"@id\":\"https:\/\/xenonkungen.com\/#website\"},\"primaryImageOfPage\":{\"@id\":\"https:\/\/xenonkungen.com\/produkt\/kabelsats-till-xbb-power-unit\/#primaryimage\"},\"image\":{\"@id\":\"https:\/\/xenonkungen.com\/produkt\/kabelsats-till-xbb-power-unit\/#primaryimage\"},\"thumbnailUrl\":\"https:\/\/xenonkungen.com\/wp-content\/uploads\/2025\/04\/184946875-origpic-605ef6.png\",\"datePublished\":\"2025-04-15T08:39:30+00:00\",\"dateModified\":\"2026-04-01T06:57:14+00:00\",\"breadcrumb\":{\"@id\":\"https:\/\/xenonkungen.com\/produkt\/kabelsats-till-xbb-power-unit\/#breadcrumb\"},\"inLanguage\":\"fi\",\"potentialAction\":[{\"@type\":\"ReadAction\",\"target\":[\"https:\/\/xenonkungen.com\/produkt\/kabelsats-till-xbb-power-unit\/\"]}]},{\"@type\":\"ImageObject\",\"inLanguage\":\"fi\",\"@id\":\"https:\/\/xenonkungen.com\/produkt\/kabelsats-till-xbb-power-unit\/#primaryimage\",\"url\":\"https:\/\/xenonkungen.com\/wp-content\/uploads\/2025\/04\/184946875-origpic-605ef6.png\",\"contentUrl\":\"https:\/\/xenonkungen.com\/wp-content\/uploads\/2025\/04\/184946875-origpic-605ef6.png\",\"width\":1000,\"height\":992},{\"@type\":\"BreadcrumbList\",\"@id\":\"https:\/\/xenonkungen.com\/produkt\/kabelsats-till-xbb-power-unit\/#breadcrumb\",\"itemListElement\":[{\"@type\":\"ListItem\",\"position\":1,\"name\":\"Hem\",\"item\":\"https:\/\/xenonkungen.com\/\"},{\"@type\":\"ListItem\",\"position\":2,\"name\":\"Shop\",\"item\":\"https:\/\/xenonkungen.com\/shop\/\"},{\"@type\":\"ListItem\",\"position\":3,\"name\":\"Kabelsats till XBB Power Unit\"}]},{\"@type\":\"WebSite\",\"@id\":\"https:\/\/xenonkungen.com\/#website\",\"url\":\"https:\/\/xenonkungen.com\/\",\"name\":\"Xenonkungen\",\"description\":\"\",\"potentialAction\":[{\"@type\":\"SearchAction\",\"target\":{\"@type\":\"EntryPoint\",\"urlTemplate\":\"https:\/\/xenonkungen.com\/?s={search_term_string}\"},\"query-input\":{\"@type\":\"PropertyValueSpecification\",\"valueRequired\":true,\"valueName\":\"search_term_string\"}}],\"inLanguage\":\"fi\"}]}<\/script>\n<!-- \/ Yoast SEO plugin. -->","yoast_head_json":{"title":"Kaapelisarja XBB-virtal\u00e4hteelle - Xenonkungen","robots":{"index":"index","follow":"follow","max-snippet":"max-snippet:-1","max-image-preview":"max-image-preview:large","max-video-preview":"max-video-preview:-1"},"canonical":"https:\/\/xenonkungen.com\/fi\/tuote\/xbb-virtayksikon-kaapelisarja\/","og_locale":"fi_FI","og_type":"article","og_title":"Kabelsats till XBB Power Unit - Xenonkungen","og_description":"Special kablage framtaget till XBB OBD-ll rel\u00e4.","og_url":"https:\/\/xenonkungen.com\/fi\/tuote\/xbb-virtayksikon-kaapelisarja\/","og_site_name":"Xenonkungen","article_modified_time":"2026-04-01T06:57:14+00:00","og_image":[{"width":1000,"height":992,"url":"https:\/\/xenonkungen.com\/wp-content\/uploads\/2025\/04\/184946875-origpic-605ef6.png","type":"image\/png"}],"twitter_card":"summary_large_image","twitter_misc":{"Arvioitu lukuaika":"1 minuutti"},"schema":{"@context":"https:\/\/schema.org","@graph":[{"@type":"WebPage","@id":"https:\/\/xenonkungen.com\/produkt\/kabelsats-till-xbb-power-unit\/","url":"https:\/\/xenonkungen.com\/produkt\/kabelsats-till-xbb-power-unit\/","name":"Kaapelisarja XBB-virtal\u00e4hteelle - Xenonkungen","isPartOf":{"@id":"https:\/\/xenonkungen.com\/#website"},"primaryImageOfPage":{"@id":"https:\/\/xenonkungen.com\/produkt\/kabelsats-till-xbb-power-unit\/#primaryimage"},"image":{"@id":"https:\/\/xenonkungen.com\/produkt\/kabelsats-till-xbb-power-unit\/#primaryimage"},"thumbnailUrl":"https:\/\/xenonkungen.com\/wp-content\/uploads\/2025\/04\/184946875-origpic-605ef6.png","datePublished":"2025-04-15T08:39:30+00:00","dateModified":"2026-04-01T06:57:14+00:00","breadcrumb":{"@id":"https:\/\/xenonkungen.com\/produkt\/kabelsats-till-xbb-power-unit\/#breadcrumb"},"inLanguage":"fi","potentialAction":[{"@type":"ReadAction","target":["https:\/\/xenonkungen.com\/produkt\/kabelsats-till-xbb-power-unit\/"]}]},{"@type":"ImageObject","inLanguage":"fi","@id":"https:\/\/xenonkungen.com\/produkt\/kabelsats-till-xbb-power-unit\/#primaryimage","url":"https:\/\/xenonkungen.com\/wp-content\/uploads\/2025\/04\/184946875-origpic-605ef6.png","contentUrl":"https:\/\/xenonkungen.com\/wp-content\/uploads\/2025\/04\/184946875-origpic-605ef6.png","width":1000,"height":992},{"@type":"BreadcrumbList","@id":"https:\/\/xenonkungen.com\/produkt\/kabelsats-till-xbb-power-unit\/#breadcrumb","itemListElement":[{"@type":"ListItem","position":1,"name":"Hem","item":"https:\/\/xenonkungen.com\/"},{"@type":"ListItem","position":2,"name":"Shop","item":"https:\/\/xenonkungen.com\/shop\/"},{"@type":"ListItem","position":3,"name":"Kabelsats till XBB Power Unit"}]},{"@type":"WebSite","@id":"https:\/\/xenonkungen.com\/#website","url":"https:\/\/xenonkungen.com\/","name":"Xenonkungen","description":"","potentialAction":[{"@type":"SearchAction","target":{"@type":"EntryPoint","urlTemplate":"https:\/\/xenonkungen.com\/?s={search_term_string}"},"query-input":{"@type":"PropertyValueSpecification","valueRequired":true,"valueName":"search_term_string"}}],"inLanguage":"fi"}]}},"taxonomy_info":{"product_brand":[{"value":115,"label":"XBB"}],"product_cat":[{"value":2487,"label":"Canbus"},{"value":2841,"label":"Installation extraljus"},{"value":2828,"label":"Installation LED-ramper"},{"value":2795,"label":"Kablar och Rel\u00e4"},{"value":2796,"label":"Rel\u00e4kabelsatser"},{"value":2573,"label":"Rel\u00e4sats"},{"value":390,"label":"Installation"},{"value":1402,"label":"Outlet"}],"pa_volt-v":[{"value":159,"label":"12"}]},"featured_image_src_large":["https:\/\/xenonkungen.com\/wp-content\/uploads\/2025\/04\/184946875-origpic-605ef6.png",1000,992,false],"author_info":[],"comment_info":1,"_links":{"self":[{"href":"https:\/\/xenonkungen.com\/fi\/wp-json\/wp\/v2\/product\/2603","targetHints":{"allow":["GET"]}}],"collection":[{"href":"https:\/\/xenonkungen.com\/fi\/wp-json\/wp\/v2\/product"}],"about":[{"href":"https:\/\/xenonkungen.com\/fi\/wp-json\/wp\/v2\/types\/product"}],"replies":[{"embeddable":true,"href":"https:\/\/xenonkungen.com\/fi\/wp-json\/wp\/v2\/comments?post=2603"}],"wp:featuredmedia":[{"embeddable":true,"href":"https:\/\/xenonkungen.com\/fi\/wp-json\/wp\/v2\/media\/2604"}],"wp:attachment":[{"href":"https:\/\/xenonkungen.com\/fi\/wp-json\/wp\/v2\/media?parent=2603"}],"wp:term":[{"taxonomy":"anvandningsomrade","embeddable":true,"href":"https:\/\/xenonkungen.com\/fi\/wp-json\/wp\/v2\/anvandningsomrade?post=2603"},{"taxonomy":"bilmarken","embeddable":true,"href":"https:\/\/xenonkungen.com\/fi\/wp-json\/wp\/v2\/bilmarken?post=2603"},{"taxonomy":"product_brand","embeddable":true,"href":"https:\/\/xenonkungen.com\/fi\/wp-json\/wp\/v2\/product_brand?post=2603"},{"taxonomy":"product_cat","embeddable":true,"href":"https:\/\/xenonkungen.com\/fi\/wp-json\/wp\/v2\/product_cat?post=2603"},{"taxonomy":"product_tag","embeddable":true,"href":"https:\/\/xenonkungen.com\/fi\/wp-json\/wp\/v2\/product_tag?post=2603"}],"curies":[{"name":"wp","href":"https:\/\/api.w.org\/{rel}","templated":true}]}}