{"id":2607,"date":"2025-04-15T08:39:48","date_gmt":"2025-04-15T08:39:48","guid":{"rendered":"https:\/\/xenonkungen.com\/product\/obd-ii-y-kablage\/"},"modified":"2026-03-20T17:05:20","modified_gmt":"2026-03-20T16:05:20","slug":"obd-ii-y-johtosarja","status":"publish","type":"product","link":"https:\/\/xenonkungen.com\/fi\/tuote\/obd-ii-y-johtosarja\/","title":{"rendered":"OBD-II Y-kaapelointi"},"content":{"rendered":"<h2 data-start=\"456\" data-end=\"502\">Vakaa OBD-yhteys useille XBB-laitteille<\/h2>\n<p data-start=\"504\" data-end=\"764\">OBD-II Y-kaapelin avulla voit jakaa autosi OBD-portin kahdeksi erilliseksi liit\u00e4nn\u00e4ksi. T\u00e4m\u00e4 helpottaa asennusta, kun kahta XBB OBDII -yksikk\u00f6\u00e4 on k\u00e4ytett\u00e4v\u00e4 samanaikaisesti, esimerkiksi asennettaessa useita lis\u00e4valoja tai eri ohjausj\u00e4rjestelmi\u00e4 samaan ajoneuvoon.<\/p>\n<p data-start=\"766\" data-end=\"907\">Kaapeli on rakennettu vakaata tiedonsiirtoa ja turvallista virransy\u00f6tt\u00f6\u00e4 varten 12 V j\u00e4rjestelmiss\u00e4 ja se toimii suoraan auton standardoidun OBD-II-liit\u00e4nn\u00e4n kautta.<\/p>\n<h2 data-start=\"909\" data-end=\"949\">Kompakti muotoilu helppoa asennusta varten<\/h2>\n<p data-start=\"951\" data-end=\"1212\">Kompaktin johtosarjan ja liittimien v\u00e4lisen noin 20 cm:n et\u00e4isyyden ansiosta kaapeli on helppo asentaa jopa kojelaudan taakse, miss\u00e4 tilaa on usein rajoitetusti. Rakenne mahdollistaa molempien yksik\u00f6iden kytkemisen rasittamatta alkuper\u00e4ist\u00e4 pistorasiaa tai h\u00e4iritsem\u00e4tt\u00e4 muita diagnostiikkalaitteita.<\/p>\n<p data-start=\"1214\" data-end=\"1303\">Asennus on t\u00e4ysin plug-and-play-valmis eik\u00e4 vaadi muutoksia ajoneuvon s\u00e4hk\u00f6j\u00e4rjestelm\u00e4\u00e4n.<\/p>\n<table>\n<thead data-start=\"1336\" data-end=\"1364\">\n<tr data-start=\"1336\" data-end=\"1364\">\n<th class=\"\" data-start=\"1336\" data-end=\"1347\" data-col-size=\"sm\">Kiinteist\u00f6<\/th>\n<th class=\"\" data-start=\"1347\" data-end=\"1364\" data-col-size=\"sm\">Tekniset tiedot<\/th>\n<\/tr>\n<\/thead>\n<\/table>\n<div>\n<table>\n<tbody>\n<tr data-start=\"1375\" data-end=\"1427\">\n<td data-start=\"1375\" data-end=\"1388\" data-col-size=\"sm\">Tuotetyyppi<\/td>\n<td data-col-size=\"sm\" data-start=\"1388\" data-end=\"1427\">OBD-II Y-johtosarja \/ haarakaapeli<\/td>\n<\/tr>\n<\/tbody>\n<\/table>\n<\/div>\n<div>\n<table>\n<tbody>\n<tr data-start=\"1428\" data-end=\"1474\">\n<td data-start=\"1428\" data-end=\"1441\" data-col-size=\"sm\">K\u00e4ytt\u00e4\u00e4<\/td>\n<td data-col-size=\"sm\" data-start=\"1441\" data-end=\"1474\">Kahden XBB OBDII -laitteen yhdist\u00e4minen<\/td>\n<\/tr>\n<\/tbody>\n<\/table>\n<\/div>\n<div>\n<table>\n<tbody>\n<tr data-start=\"1475\" data-end=\"1493\">\n<td data-start=\"1475\" data-end=\"1486\" data-col-size=\"sm\">J\u00e4nnite<\/td>\n<td data-col-size=\"sm\" data-start=\"1486\" data-end=\"1493\">12V<\/td>\n<\/tr>\n<\/tbody>\n<\/table>\n<\/div>\n<div>\n<table>\n<tbody>\n<tr data-start=\"1494\" data-end=\"1536\">\n<td data-start=\"1494\" data-end=\"1524\" data-col-size=\"sm\">Liittimien v\u00e4linen kaapelin pituus<\/td>\n<td data-col-size=\"sm\" data-start=\"1524\" data-end=\"1536\">noin 20 cm<\/td>\n<\/tr>\n<\/tbody>\n<\/table>\n<\/div>\n<div>\n<table>\n<tbody>\n<tr data-start=\"1537\" data-end=\"1585\">\n<td data-start=\"1537\" data-end=\"1550\" data-col-size=\"sm\">Liitett\u00e4vyys<\/td>\n<td data-col-size=\"sm\" data-start=\"1550\" data-end=\"1585\">1 x OBD-II uros \u2192 2 x OBD-II naaras<\/td>\n<\/tr>\n<\/tbody>\n<\/table>\n<\/div>\n<div>\n<table>\n<tbody>\n<tr data-start=\"1586\" data-end=\"1618\">\n<td data-start=\"1586\" data-end=\"1601\" data-col-size=\"sm\">Asennus<\/td>\n<td data-col-size=\"sm\" data-start=\"1601\" data-end=\"1618\">Kytke ja k\u00e4yt\u00e4<\/td>\n<\/tr>\n<\/tbody>\n<\/table>\n<\/div>\n<div>\n<table>\n<tbody>\n<tr data-start=\"1619\" data-end=\"1672\">\n<td data-start=\"1619\" data-end=\"1636\" data-col-size=\"sm\">Yhteensopivuus<\/td>\n<td data-col-size=\"sm\" data-start=\"1636\" data-end=\"1672\">Ajoneuvot, joissa on vakiomallinen OBD-II-liit\u00e4nt\u00e4<\/td>\n<\/tr>\n<\/tbody>\n<\/table>\n<\/div>","protected":false},"excerpt":{"rendered":"<p>K\u00e4tev\u00e4 OBD-II-haarajohtosarja, jonka avulla voit liitt\u00e4\u00e4 kaksi XBB OBDII -yksikk\u00f6\u00e4 samanaikaisesti. T\u00e4ydellinen, kun haluat ohjata useita lis\u00e4valoja tai toimintoja auton OBD-portin kautta irrottamatta olemassa olevia laitteita.<\/p>","protected":false},"featured_media":2608,"comment_status":"closed","ping_status":"closed","template":"","meta":{"_acf_changed":false,"_smort_price_nok":"240","_smort_price_dkk":"153","_smort_price_eur":"20.45","_smort_sale_price_nok":"","_smort_sale_price_dkk":"","_smort_sale_price_eur":"","smort_restorder":"","shipmondo_restorder":"","_kad_blocks_custom_css":"","_kad_blocks_head_custom_js":"","_kad_blocks_body_custom_js":"","_kad_blocks_footer_custom_js":"","smort_custom_pricelist_1":"144","smort_custom_pricelist_2":"126","smort_custom_pricelist_3":"117","smort_custom_pricelist_4":"180","smort_custom_pricelist_5":"126"},"anvandningsomrade":[],"bilmarken":[],"product_brand":[115],"product_cat":[2487,2841,2828,2574,390],"product_tag":[],"class_list":{"0":"post-2607","1":"product","2":"type-product","3":"status-publish","4":"has-post-thumbnail","6":"product_brand-xbb","7":"product_cat-canbus-installation","8":"product_cat-installation-extraljus","9":"product_cat-installation-led-ramper","10":"product_cat-relasats-xbb-installation","11":"product_cat-installation","12":"pa_storlek-mm-839","13":"pa_volt-v-159","15":"first","16":"instock","17":"taxable","18":"shipping-taxable","19":"purchasable","20":"product-type-simple"},"bundled_by":[],"bundle_stock_status":"instock","bundle_stock_quantity":40,"bundle_virtual":false,"bundle_layout":"","bundle_add_to_cart_form_location":"","bundle_editable_in_cart":false,"bundle_sold_individually_context":"","bundle_item_grouping":"","bundle_min_size":"","bundle_max_size":"","bundle_price":[],"bundled_items":[],"bundle_sell_ids":[],"acf":[],"yoast_head":"<!-- This site is optimized with the Yoast SEO plugin v27.0 - https:\/\/yoast.com\/product\/yoast-seo-wordpress\/ -->\n<title>OBD-II Y-kablage - Xenonkungen OBD-II Y-kabel 2x OBD-port 12V 20cm, XBB - Xenonkungen<\/title>\n<meta name=\"description\" content=\"K\u00f6p OBD-II Y-kabel 2x OBD-port 12V 20cm, XBB. F\u00f6rgreningskabel f\u00f6r tv\u00e5 XBB OBDII-enheter. Snabb leverans. \u00d6ppet k\u00f6p 30 dagar. Handla enkelt p\u00e5 xenonkungen.com!\" \/>\n<meta name=\"robots\" content=\"index, follow, max-snippet:-1, max-image-preview:large, max-video-preview:-1\" \/>\n<link rel=\"canonical\" href=\"https:\/\/xenonkungen.com\/fi\/tuote\/obd-ii-y-johtosarja\/\" \/>\n<meta property=\"og:locale\" content=\"fi_FI\" \/>\n<meta property=\"og:type\" content=\"article\" \/>\n<meta property=\"og:title\" content=\"OBD-II Y-kablage - Xenonkungen OBD-II Y-kabel 2x OBD-port 12V 20cm, XBB - Xenonkungen\" \/>\n<meta property=\"og:description\" content=\"K\u00f6p OBD-II Y-kabel 2x OBD-port 12V 20cm, XBB. F\u00f6rgreningskabel f\u00f6r tv\u00e5 XBB OBDII-enheter. Snabb leverans. \u00d6ppet k\u00f6p 30 dagar. Handla enkelt p\u00e5 xenonkungen.com!\" \/>\n<meta property=\"og:url\" content=\"https:\/\/xenonkungen.com\/fi\/tuote\/obd-ii-y-johtosarja\/\" \/>\n<meta property=\"og:site_name\" content=\"Xenonkungen\" \/>\n<meta property=\"article:modified_time\" content=\"2026-03-20T16:05:20+00:00\" \/>\n<meta property=\"og:image\" content=\"https:\/\/xenonkungen.com\/wp-content\/uploads\/2025\/04\/180033183-origpic-c1bf73.png\" \/>\n\t<meta property=\"og:image:width\" content=\"1000\" \/>\n\t<meta property=\"og:image:height\" content=\"1000\" \/>\n\t<meta property=\"og:image:type\" content=\"image\/png\" \/>\n<meta name=\"twitter:card\" content=\"summary_large_image\" \/>\n<meta name=\"twitter:label1\" content=\"Arvioitu lukuaika\" \/>\n\t<meta name=\"twitter:data1\" content=\"1 minuutti\" \/>\n<script type=\"application\/ld+json\" class=\"yoast-schema-graph\">{\"@context\":\"https:\/\/schema.org\",\"@graph\":[{\"@type\":\"WebPage\",\"@id\":\"https:\/\/xenonkungen.com\/produkt\/obd-ii-y-kablage\/\",\"url\":\"https:\/\/xenonkungen.com\/produkt\/obd-ii-y-kablage\/\",\"name\":\"OBD-II Y-kablage - Xenonkungen OBD-II Y-kabel 2x OBD-port 12V 20cm, XBB - Xenonkungen\",\"isPartOf\":{\"@id\":\"https:\/\/xenonkungen.com\/#website\"},\"primaryImageOfPage\":{\"@id\":\"https:\/\/xenonkungen.com\/produkt\/obd-ii-y-kablage\/#primaryimage\"},\"image\":{\"@id\":\"https:\/\/xenonkungen.com\/produkt\/obd-ii-y-kablage\/#primaryimage\"},\"thumbnailUrl\":\"https:\/\/xenonkungen.com\/wp-content\/uploads\/2025\/04\/180033183-origpic-c1bf73.png\",\"datePublished\":\"2025-04-15T08:39:48+00:00\",\"dateModified\":\"2026-03-20T16:05:20+00:00\",\"description\":\"K\u00f6p OBD-II Y-kabel 2x OBD-port 12V 20cm, XBB. F\u00f6rgreningskabel f\u00f6r tv\u00e5 XBB OBDII-enheter. Snabb leverans. \u00d6ppet k\u00f6p 30 dagar. Handla enkelt p\u00e5 xenonkungen.com!\",\"breadcrumb\":{\"@id\":\"https:\/\/xenonkungen.com\/produkt\/obd-ii-y-kablage\/#breadcrumb\"},\"inLanguage\":\"fi\",\"potentialAction\":[{\"@type\":\"ReadAction\",\"target\":[\"https:\/\/xenonkungen.com\/produkt\/obd-ii-y-kablage\/\"]}]},{\"@type\":\"ImageObject\",\"inLanguage\":\"fi\",\"@id\":\"https:\/\/xenonkungen.com\/produkt\/obd-ii-y-kablage\/#primaryimage\",\"url\":\"https:\/\/xenonkungen.com\/wp-content\/uploads\/2025\/04\/180033183-origpic-c1bf73.png\",\"contentUrl\":\"https:\/\/xenonkungen.com\/wp-content\/uploads\/2025\/04\/180033183-origpic-c1bf73.png\",\"width\":1000,\"height\":1000},{\"@type\":\"BreadcrumbList\",\"@id\":\"https:\/\/xenonkungen.com\/produkt\/obd-ii-y-kablage\/#breadcrumb\",\"itemListElement\":[{\"@type\":\"ListItem\",\"position\":1,\"name\":\"Hem\",\"item\":\"https:\/\/xenonkungen.com\/\"},{\"@type\":\"ListItem\",\"position\":2,\"name\":\"Shop\",\"item\":\"https:\/\/xenonkungen.com\/shop\/\"},{\"@type\":\"ListItem\",\"position\":3,\"name\":\"OBD-II Y-kablage\"}]},{\"@type\":\"WebSite\",\"@id\":\"https:\/\/xenonkungen.com\/#website\",\"url\":\"https:\/\/xenonkungen.com\/\",\"name\":\"Xenonkungen\",\"description\":\"\",\"potentialAction\":[{\"@type\":\"SearchAction\",\"target\":{\"@type\":\"EntryPoint\",\"urlTemplate\":\"https:\/\/xenonkungen.com\/?s={search_term_string}\"},\"query-input\":{\"@type\":\"PropertyValueSpecification\",\"valueRequired\":true,\"valueName\":\"search_term_string\"}}],\"inLanguage\":\"fi\"}]}<\/script>\n<!-- \/ Yoast SEO plugin. -->","yoast_head_json":{"title":"OBD-II Y-kaapeli - Xenonkungen OBD-II Y-kaapeli 2x OBD-portti 12V 20cm, XBB - Xenonkungen","description":"Osta OBD-II Y-kaapeli 2x OBD-portti 12V 20cm, XBB. Haaroituskaapeli kahdelle XBB OBDII -yksik\u00f6lle. Nopea toimitus. Avoinna 30 p\u00e4iv\u00e4\u00e4. Osta helposti osoitteessa xenonkungen.com!","robots":{"index":"index","follow":"follow","max-snippet":"max-snippet:-1","max-image-preview":"max-image-preview:large","max-video-preview":"max-video-preview:-1"},"canonical":"https:\/\/xenonkungen.com\/fi\/tuote\/obd-ii-y-johtosarja\/","og_locale":"fi_FI","og_type":"article","og_title":"OBD-II Y-kablage - Xenonkungen OBD-II Y-kabel 2x OBD-port 12V 20cm, XBB - Xenonkungen","og_description":"K\u00f6p OBD-II Y-kabel 2x OBD-port 12V 20cm, XBB. F\u00f6rgreningskabel f\u00f6r tv\u00e5 XBB OBDII-enheter. Snabb leverans. \u00d6ppet k\u00f6p 30 dagar. Handla enkelt p\u00e5 xenonkungen.com!","og_url":"https:\/\/xenonkungen.com\/fi\/tuote\/obd-ii-y-johtosarja\/","og_site_name":"Xenonkungen","article_modified_time":"2026-03-20T16:05:20+00:00","og_image":[{"width":1000,"height":1000,"url":"https:\/\/xenonkungen.com\/wp-content\/uploads\/2025\/04\/180033183-origpic-c1bf73.png","type":"image\/png"}],"twitter_card":"summary_large_image","twitter_misc":{"Arvioitu lukuaika":"1 minuutti"},"schema":{"@context":"https:\/\/schema.org","@graph":[{"@type":"WebPage","@id":"https:\/\/xenonkungen.com\/produkt\/obd-ii-y-kablage\/","url":"https:\/\/xenonkungen.com\/produkt\/obd-ii-y-kablage\/","name":"OBD-II Y-kaapeli - Xenonkungen OBD-II Y-kaapeli 2x OBD-portti 12V 20cm, XBB - Xenonkungen","isPartOf":{"@id":"https:\/\/xenonkungen.com\/#website"},"primaryImageOfPage":{"@id":"https:\/\/xenonkungen.com\/produkt\/obd-ii-y-kablage\/#primaryimage"},"image":{"@id":"https:\/\/xenonkungen.com\/produkt\/obd-ii-y-kablage\/#primaryimage"},"thumbnailUrl":"https:\/\/xenonkungen.com\/wp-content\/uploads\/2025\/04\/180033183-origpic-c1bf73.png","datePublished":"2025-04-15T08:39:48+00:00","dateModified":"2026-03-20T16:05:20+00:00","description":"Osta OBD-II Y-kaapeli 2x OBD-portti 12V 20cm, XBB. Haaroituskaapeli kahdelle XBB OBDII -yksik\u00f6lle. Nopea toimitus. Avoinna 30 p\u00e4iv\u00e4\u00e4. Osta helposti osoitteessa xenonkungen.com!","breadcrumb":{"@id":"https:\/\/xenonkungen.com\/produkt\/obd-ii-y-kablage\/#breadcrumb"},"inLanguage":"fi","potentialAction":[{"@type":"ReadAction","target":["https:\/\/xenonkungen.com\/produkt\/obd-ii-y-kablage\/"]}]},{"@type":"ImageObject","inLanguage":"fi","@id":"https:\/\/xenonkungen.com\/produkt\/obd-ii-y-kablage\/#primaryimage","url":"https:\/\/xenonkungen.com\/wp-content\/uploads\/2025\/04\/180033183-origpic-c1bf73.png","contentUrl":"https:\/\/xenonkungen.com\/wp-content\/uploads\/2025\/04\/180033183-origpic-c1bf73.png","width":1000,"height":1000},{"@type":"BreadcrumbList","@id":"https:\/\/xenonkungen.com\/produkt\/obd-ii-y-kablage\/#breadcrumb","itemListElement":[{"@type":"ListItem","position":1,"name":"Hem","item":"https:\/\/xenonkungen.com\/"},{"@type":"ListItem","position":2,"name":"Shop","item":"https:\/\/xenonkungen.com\/shop\/"},{"@type":"ListItem","position":3,"name":"OBD-II Y-kablage"}]},{"@type":"WebSite","@id":"https:\/\/xenonkungen.com\/#website","url":"https:\/\/xenonkungen.com\/","name":"Xenonkungen","description":"","potentialAction":[{"@type":"SearchAction","target":{"@type":"EntryPoint","urlTemplate":"https:\/\/xenonkungen.com\/?s={search_term_string}"},"query-input":{"@type":"PropertyValueSpecification","valueRequired":true,"valueName":"search_term_string"}}],"inLanguage":"fi"}]}},"taxonomy_info":{"product_brand":[{"value":115,"label":"XBB"}],"product_cat":[{"value":2487,"label":"Canbus"},{"value":2841,"label":"Installation extraljus"},{"value":2828,"label":"Installation LED-ramper"},{"value":2574,"label":"Rel\u00e4sats"},{"value":390,"label":"Installation"}],"pa_storlek-mm":[{"value":839,"label":"200"}],"pa_volt-v":[{"value":159,"label":"12"}]},"featured_image_src_large":["https:\/\/xenonkungen.com\/wp-content\/uploads\/2025\/04\/180033183-origpic-c1bf73.png",1000,1000,false],"author_info":[],"comment_info":0,"_links":{"self":[{"href":"https:\/\/xenonkungen.com\/fi\/wp-json\/wp\/v2\/product\/2607","targetHints":{"allow":["GET"]}}],"collection":[{"href":"https:\/\/xenonkungen.com\/fi\/wp-json\/wp\/v2\/product"}],"about":[{"href":"https:\/\/xenonkungen.com\/fi\/wp-json\/wp\/v2\/types\/product"}],"replies":[{"embeddable":true,"href":"https:\/\/xenonkungen.com\/fi\/wp-json\/wp\/v2\/comments?post=2607"}],"wp:featuredmedia":[{"embeddable":true,"href":"https:\/\/xenonkungen.com\/fi\/wp-json\/wp\/v2\/media\/2608"}],"wp:attachment":[{"href":"https:\/\/xenonkungen.com\/fi\/wp-json\/wp\/v2\/media?parent=2607"}],"wp:term":[{"taxonomy":"anvandningsomrade","embeddable":true,"href":"https:\/\/xenonkungen.com\/fi\/wp-json\/wp\/v2\/anvandningsomrade?post=2607"},{"taxonomy":"bilmarken","embeddable":true,"href":"https:\/\/xenonkungen.com\/fi\/wp-json\/wp\/v2\/bilmarken?post=2607"},{"taxonomy":"product_brand","embeddable":true,"href":"https:\/\/xenonkungen.com\/fi\/wp-json\/wp\/v2\/product_brand?post=2607"},{"taxonomy":"product_cat","embeddable":true,"href":"https:\/\/xenonkungen.com\/fi\/wp-json\/wp\/v2\/product_cat?post=2607"},{"taxonomy":"product_tag","embeddable":true,"href":"https:\/\/xenonkungen.com\/fi\/wp-json\/wp\/v2\/product_tag?post=2607"}],"curies":[{"name":"wp","href":"https:\/\/api.w.org\/{rel}","templated":true}]}}