{"id":26237,"date":"2026-02-16T11:38:19","date_gmt":"2026-02-16T10:38:19","guid":{"rendered":"https:\/\/xenonkungen.com\/?post_type=product&#038;p=26237"},"modified":"2026-04-04T14:51:32","modified_gmt":"2026-04-04T13:51:32","slug":"luxtar-kytkinpaneeli-6-kanavainen-12-24-v-dc","status":"publish","type":"product","link":"https:\/\/xenonkungen.com\/fi\/tuote\/luxtar-kytkinpaneeli-6-kanavainen-12-24-v-dc\/","title":{"rendered":"Luxtar-kytkinpaneeli | 6-kanavainen | 12\u201324 V DC"},"content":{"rendered":"<p>Etsitk\u00f6 k\u00e4tev\u00e4\u00e4 ratkaisua lis\u00e4valojen, LED-ramppien tai muun ajoneuvovalaistuksen ohjaamiseen ilman monimutkaisia relekaapeleita?<\/p>\n<p><strong>Luxtar-kytkinpaneeli 6 kanavaa<\/strong> on t\u00e4ydellinen relekeskus ja virranjakokeskus, jossa on sis\u00e4\u00e4nrakennetut releet ja sulakkeet \u2013 joten et tarvitse lainkaan ulkoisia relekaapeleita.<\/p>\n<p>T\u00e4m\u00e4 antaa:<\/p>\n<ul>\n<li>V\u00e4hemm\u00e4n komponentteja<\/li>\n<li>Puhtaampi asennus<\/li>\n<li>Nopeampi kokoonpano<\/li>\n<li>Korkeampi k\u00e4ytt\u00f6varmuus<\/li>\n<\/ul>\n<p><strong>\u00a06-kanavainen ohjausj\u00e4rjestelm\u00e4 \u2013 jopa 60 A<\/strong><\/p>\n<p>J\u00e4rjestelm\u00e4 k\u00e4sittelee yhteens\u00e4 60 A ja se on jaettu seuraavasti:<\/p>\n<ul>\n<li>2 x 10 A<\/li>\n<li>2 x 15A<\/li>\n<li>2 x 20 A<\/li>\n<\/ul>\n<p>Suurin teho:<\/p>\n<ul>\n<li>1080 W @ 12 V<\/li>\n<li>2160 W @ 24 V<\/li>\n<\/ul>\n<p>T\u00e4ydellinen suuremmille LED-valopalkeille, ty\u00f6valoille ja useille lis\u00e4varusteille samassa ajoneuvossa.<\/p>\n<p><strong>\u00a0Vaihto- ja strobotila<\/strong><\/p>\n<p>Kutakin kanavaa voidaan k\u00e4ytt\u00e4\u00e4:<\/p>\n<p><strong>Vaihda tila<\/strong> \u2013 klassinen p\u00e4\u00e4lle\/pois-toiminto<br \/>\n<strong>Pulssitila (Strobo)<\/strong> \u2013 kolme eri vilkkumisnopeutta<\/p>\n<p>Ihanteellinen:<\/p>\n<ul>\n<li>Varoitusvalo<\/li>\n<li>V\u00e4lkkyv\u00e4 valo<\/li>\n<li>Pelastusajoneuvot<\/li>\n<li>Maastoajo<\/li>\n<\/ul>\n<p>Muistitoiminto tallentaa asetuksesi automaattisesti.<\/p>\n<p><strong>\u00a0Langaton kytkinpaneeli<\/strong><\/p>\n<ul>\n<li>AM 315 MHz \/ 433 MHz<\/li>\n<li>AAA-paristo tai USB-virta<\/li>\n<li>S\u00e4\u00e4dett\u00e4v\u00e4 kiinnitysteline<\/li>\n<li>Taustavalo: keltainen, valkoinen tai sekoitettu<\/li>\n<\/ul>\n<p>Paneelin mitat: 12,8 x 3,5 x 2,3 cm<br \/>\nOhjausrasia: 15,2 x 7,9 x 2,7 cm<\/p>\n<p><strong>\u00a0Joustavampi kuin perinteiset relekaapelit<\/strong><\/p>\n<p>Toisin kuin perinteisiss\u00e4 relekaapelisarjoissa, kaikki on integroitu j\u00e4rjestelm\u00e4\u00e4n:<\/p>\n<p>\u2714 Sis\u00e4\u00e4nrakennetut releet<br \/>\n\u2714 Integroidut sulakkeet<br \/>\n\u2714 Sulakkeiden jakelu valmis<br \/>\n\u2714 ACC-ohjaus mahdollinen<br \/>\n\u2714 M6\/M8-akkuliit\u00e4nt\u00e4<\/p>\n<p>T\u00e4m\u00e4 tekee Luxtar-kytkinpaneelista ammattilaisen valinnan sek\u00e4 asentajille ett\u00e4 harrastajille.<\/p>\n<p><strong>K\u00e4ytt\u00f6alueet<\/strong><\/p>\n<ul>\n<li>LED-ramppiohjaus<\/li>\n<li>Lis\u00e4valojen asennus<\/li>\n<li>Ty\u00f6valaistus<\/li>\n<li>V\u00e4lkkyv\u00e4 valo<\/li>\n<li>Neliveto ja maastoajoneuvot<\/li>\n<li>Kuljetusautot<\/li>\n<li>Huoltoajoneuvot<\/li>\n<\/ul>","protected":false},"excerpt":{"rendered":"<p><strong>Luxtar-kytkinpaneeli 6-kanavainen \u2013 \u00c4lyk\u00e4s relekeskus lis\u00e4valoille ja LED-rampille (12\u201324V, 60A)<\/strong><\/p>","protected":false},"featured_media":26238,"comment_status":"open","ping_status":"closed","template":"","meta":{"_acf_changed":false,"_smort_price_nok":"2024","_smort_price_dkk":"","_smort_price_eur":"","_smort_sale_price_nok":"","_smort_sale_price_dkk":"","_smort_sale_price_eur":"","smort_restorder":"","shipmondo_restorder":"","_kad_blocks_custom_css":"","_kad_blocks_head_custom_js":"","_kad_blocks_body_custom_js":"","_kad_blocks_footer_custom_js":"","smort_custom_pricelist_1":"1212.8","smort_custom_pricelist_2":"1061.2","smort_custom_pricelist_3":"985.4","smort_custom_pricelist_4":"1516","smort_custom_pricelist_5":"1061.2"},"anvandningsomrade":[],"bilmarken":[],"product_brand":[103],"product_cat":[390],"product_tag":[],"class_list":{"0":"post-26237","1":"product","2":"type-product","3":"status-publish","4":"has-post-thumbnail","6":"product_brand-luxtar","7":"product_cat-installation","8":"pa_volt-v-159","9":"pa_volt-v-160","11":"first","12":"instock","13":"taxable","14":"shipping-taxable","15":"purchasable","16":"product-type-simple"},"bundled_by":[],"bundle_stock_status":"instock","bundle_stock_quantity":92,"bundle_virtual":false,"bundle_layout":"","bundle_add_to_cart_form_location":"","bundle_editable_in_cart":false,"bundle_sold_individually_context":"","bundle_item_grouping":"","bundle_min_size":"","bundle_max_size":"","bundle_price":[],"bundled_items":[],"bundle_sell_ids":[],"acf":[],"yoast_head":"<!-- This site is optimized with the Yoast SEO plugin v27.0 - https:\/\/yoast.com\/product\/yoast-seo-wordpress\/ -->\n<title>Luxtar Switch Panel | 6 Channel | 12-24V DC - Xenonkungen<\/title>\n<meta name=\"robots\" content=\"index, follow, max-snippet:-1, max-image-preview:large, max-video-preview:-1\" \/>\n<link rel=\"canonical\" href=\"https:\/\/xenonkungen.com\/fi\/tuote\/luxtar-kytkinpaneeli-6-kanavainen-12-24-v-dc\/\" \/>\n<meta property=\"og:locale\" content=\"fi_FI\" \/>\n<meta property=\"og:type\" content=\"article\" \/>\n<meta property=\"og:title\" content=\"Luxtar Switch Panel | 6 Channel | 12-24V DC - Xenonkungen\" \/>\n<meta property=\"og:description\" content=\"Luxtar Switch Panel 6 Channels \u2013 Smart Rel\u00e4central f\u00f6r Extraljus &amp; LED-ramp (12\u201324V, 60A)\" \/>\n<meta property=\"og:url\" content=\"https:\/\/xenonkungen.com\/fi\/tuote\/luxtar-kytkinpaneeli-6-kanavainen-12-24-v-dc\/\" \/>\n<meta property=\"og:site_name\" content=\"Xenonkungen\" \/>\n<meta property=\"article:modified_time\" content=\"2026-04-04T13:51:32+00:00\" \/>\n<meta property=\"og:image\" content=\"https:\/\/xenonkungen.com\/wp-content\/uploads\/2026\/02\/LUXTA2-1024x711.png\" \/>\n\t<meta property=\"og:image:width\" content=\"1024\" \/>\n\t<meta property=\"og:image:height\" content=\"711\" \/>\n\t<meta property=\"og:image:type\" content=\"image\/png\" \/>\n<meta name=\"twitter:card\" content=\"summary_large_image\" \/>\n<meta name=\"twitter:label1\" content=\"Arvioitu lukuaika\" \/>\n\t<meta name=\"twitter:data1\" content=\"2 minuuttia\" \/>\n<script type=\"application\/ld+json\" class=\"yoast-schema-graph\">{\"@context\":\"https:\/\/schema.org\",\"@graph\":[{\"@type\":\"WebPage\",\"@id\":\"https:\/\/xenonkungen.com\/produkt\/luxtar-switch-panel-6-channel-12-24v-dc\/\",\"url\":\"https:\/\/xenonkungen.com\/produkt\/luxtar-switch-panel-6-channel-12-24v-dc\/\",\"name\":\"Luxtar Switch Panel | 6 Channel | 12-24V DC - Xenonkungen\",\"isPartOf\":{\"@id\":\"https:\/\/xenonkungen.com\/#website\"},\"primaryImageOfPage\":{\"@id\":\"https:\/\/xenonkungen.com\/produkt\/luxtar-switch-panel-6-channel-12-24v-dc\/#primaryimage\"},\"image\":{\"@id\":\"https:\/\/xenonkungen.com\/produkt\/luxtar-switch-panel-6-channel-12-24v-dc\/#primaryimage\"},\"thumbnailUrl\":\"https:\/\/xenonkungen.com\/wp-content\/uploads\/2026\/02\/LUXTA2.png\",\"datePublished\":\"2026-02-16T10:38:19+00:00\",\"dateModified\":\"2026-04-04T13:51:32+00:00\",\"breadcrumb\":{\"@id\":\"https:\/\/xenonkungen.com\/produkt\/luxtar-switch-panel-6-channel-12-24v-dc\/#breadcrumb\"},\"inLanguage\":\"fi\",\"potentialAction\":[{\"@type\":\"ReadAction\",\"target\":[\"https:\/\/xenonkungen.com\/produkt\/luxtar-switch-panel-6-channel-12-24v-dc\/\"]}]},{\"@type\":\"ImageObject\",\"inLanguage\":\"fi\",\"@id\":\"https:\/\/xenonkungen.com\/produkt\/luxtar-switch-panel-6-channel-12-24v-dc\/#primaryimage\",\"url\":\"https:\/\/xenonkungen.com\/wp-content\/uploads\/2026\/02\/LUXTA2.png\",\"contentUrl\":\"https:\/\/xenonkungen.com\/wp-content\/uploads\/2026\/02\/LUXTA2.png\",\"width\":2200,\"height\":1527},{\"@type\":\"BreadcrumbList\",\"@id\":\"https:\/\/xenonkungen.com\/produkt\/luxtar-switch-panel-6-channel-12-24v-dc\/#breadcrumb\",\"itemListElement\":[{\"@type\":\"ListItem\",\"position\":1,\"name\":\"Hem\",\"item\":\"https:\/\/xenonkungen.com\/\"},{\"@type\":\"ListItem\",\"position\":2,\"name\":\"Shop\",\"item\":\"https:\/\/xenonkungen.com\/shop\/\"},{\"@type\":\"ListItem\",\"position\":3,\"name\":\"Luxtar Switch Panel | 6 Channel | 12-24V DC\"}]},{\"@type\":\"WebSite\",\"@id\":\"https:\/\/xenonkungen.com\/#website\",\"url\":\"https:\/\/xenonkungen.com\/\",\"name\":\"Xenonkungen\",\"description\":\"\",\"potentialAction\":[{\"@type\":\"SearchAction\",\"target\":{\"@type\":\"EntryPoint\",\"urlTemplate\":\"https:\/\/xenonkungen.com\/?s={search_term_string}\"},\"query-input\":{\"@type\":\"PropertyValueSpecification\",\"valueRequired\":true,\"valueName\":\"search_term_string\"}}],\"inLanguage\":\"fi\"}]}<\/script>\n<!-- \/ Yoast SEO plugin. -->","yoast_head_json":{"title":"Luxtar-kytkinpaneeli | 6-kanavainen | 12\u201324 V DC - Xenon-kuningas","robots":{"index":"index","follow":"follow","max-snippet":"max-snippet:-1","max-image-preview":"max-image-preview:large","max-video-preview":"max-video-preview:-1"},"canonical":"https:\/\/xenonkungen.com\/fi\/tuote\/luxtar-kytkinpaneeli-6-kanavainen-12-24-v-dc\/","og_locale":"fi_FI","og_type":"article","og_title":"Luxtar Switch Panel | 6 Channel | 12-24V DC - Xenonkungen","og_description":"Luxtar Switch Panel 6 Channels \u2013 Smart Rel\u00e4central f\u00f6r Extraljus &amp; LED-ramp (12\u201324V, 60A)","og_url":"https:\/\/xenonkungen.com\/fi\/tuote\/luxtar-kytkinpaneeli-6-kanavainen-12-24-v-dc\/","og_site_name":"Xenonkungen","article_modified_time":"2026-04-04T13:51:32+00:00","og_image":[{"width":1024,"height":711,"url":"https:\/\/xenonkungen.com\/wp-content\/uploads\/2026\/02\/LUXTA2-1024x711.png","type":"image\/png"}],"twitter_card":"summary_large_image","twitter_misc":{"Arvioitu lukuaika":"2 minuuttia"},"schema":{"@context":"https:\/\/schema.org","@graph":[{"@type":"WebPage","@id":"https:\/\/xenonkungen.com\/produkt\/luxtar-switch-panel-6-channel-12-24v-dc\/","url":"https:\/\/xenonkungen.com\/produkt\/luxtar-switch-panel-6-channel-12-24v-dc\/","name":"Luxtar-kytkinpaneeli | 6-kanavainen | 12\u201324 V DC - Xenon-kuningas","isPartOf":{"@id":"https:\/\/xenonkungen.com\/#website"},"primaryImageOfPage":{"@id":"https:\/\/xenonkungen.com\/produkt\/luxtar-switch-panel-6-channel-12-24v-dc\/#primaryimage"},"image":{"@id":"https:\/\/xenonkungen.com\/produkt\/luxtar-switch-panel-6-channel-12-24v-dc\/#primaryimage"},"thumbnailUrl":"https:\/\/xenonkungen.com\/wp-content\/uploads\/2026\/02\/LUXTA2.png","datePublished":"2026-02-16T10:38:19+00:00","dateModified":"2026-04-04T13:51:32+00:00","breadcrumb":{"@id":"https:\/\/xenonkungen.com\/produkt\/luxtar-switch-panel-6-channel-12-24v-dc\/#breadcrumb"},"inLanguage":"fi","potentialAction":[{"@type":"ReadAction","target":["https:\/\/xenonkungen.com\/produkt\/luxtar-switch-panel-6-channel-12-24v-dc\/"]}]},{"@type":"ImageObject","inLanguage":"fi","@id":"https:\/\/xenonkungen.com\/produkt\/luxtar-switch-panel-6-channel-12-24v-dc\/#primaryimage","url":"https:\/\/xenonkungen.com\/wp-content\/uploads\/2026\/02\/LUXTA2.png","contentUrl":"https:\/\/xenonkungen.com\/wp-content\/uploads\/2026\/02\/LUXTA2.png","width":2200,"height":1527},{"@type":"BreadcrumbList","@id":"https:\/\/xenonkungen.com\/produkt\/luxtar-switch-panel-6-channel-12-24v-dc\/#breadcrumb","itemListElement":[{"@type":"ListItem","position":1,"name":"Hem","item":"https:\/\/xenonkungen.com\/"},{"@type":"ListItem","position":2,"name":"Shop","item":"https:\/\/xenonkungen.com\/shop\/"},{"@type":"ListItem","position":3,"name":"Luxtar Switch Panel | 6 Channel | 12-24V DC"}]},{"@type":"WebSite","@id":"https:\/\/xenonkungen.com\/#website","url":"https:\/\/xenonkungen.com\/","name":"Xenonkungen","description":"","potentialAction":[{"@type":"SearchAction","target":{"@type":"EntryPoint","urlTemplate":"https:\/\/xenonkungen.com\/?s={search_term_string}"},"query-input":{"@type":"PropertyValueSpecification","valueRequired":true,"valueName":"search_term_string"}}],"inLanguage":"fi"}]}},"taxonomy_info":{"product_brand":[{"value":103,"label":"LUXTAR"}],"product_cat":[{"value":390,"label":"Installation"}],"pa_volt-v":[{"value":159,"label":"12"},{"value":160,"label":"24"}]},"featured_image_src_large":["https:\/\/xenonkungen.com\/wp-content\/uploads\/2026\/02\/LUXTA2-1024x711.png",1024,711,true],"author_info":[],"comment_info":0,"_links":{"self":[{"href":"https:\/\/xenonkungen.com\/fi\/wp-json\/wp\/v2\/product\/26237","targetHints":{"allow":["GET"]}}],"collection":[{"href":"https:\/\/xenonkungen.com\/fi\/wp-json\/wp\/v2\/product"}],"about":[{"href":"https:\/\/xenonkungen.com\/fi\/wp-json\/wp\/v2\/types\/product"}],"replies":[{"embeddable":true,"href":"https:\/\/xenonkungen.com\/fi\/wp-json\/wp\/v2\/comments?post=26237"}],"wp:featuredmedia":[{"embeddable":true,"href":"https:\/\/xenonkungen.com\/fi\/wp-json\/wp\/v2\/media\/26238"}],"wp:attachment":[{"href":"https:\/\/xenonkungen.com\/fi\/wp-json\/wp\/v2\/media?parent=26237"}],"wp:term":[{"taxonomy":"anvandningsomrade","embeddable":true,"href":"https:\/\/xenonkungen.com\/fi\/wp-json\/wp\/v2\/anvandningsomrade?post=26237"},{"taxonomy":"bilmarken","embeddable":true,"href":"https:\/\/xenonkungen.com\/fi\/wp-json\/wp\/v2\/bilmarken?post=26237"},{"taxonomy":"product_brand","embeddable":true,"href":"https:\/\/xenonkungen.com\/fi\/wp-json\/wp\/v2\/product_brand?post=26237"},{"taxonomy":"product_cat","embeddable":true,"href":"https:\/\/xenonkungen.com\/fi\/wp-json\/wp\/v2\/product_cat?post=26237"},{"taxonomy":"product_tag","embeddable":true,"href":"https:\/\/xenonkungen.com\/fi\/wp-json\/wp\/v2\/product_tag?post=26237"}],"curies":[{"name":"wp","href":"https:\/\/api.w.org\/{rel}","templated":true}]}}