{"id":26249,"date":"2026-02-16T11:54:55","date_gmt":"2026-02-16T10:54:55","guid":{"rendered":"https:\/\/xenonkungen.com\/?post_type=product&#038;p=26249"},"modified":"2026-03-27T13:23:18","modified_gmt":"2026-03-27T12:23:18","slug":"luxtar-releen-kaapelisarja-master-slave-x-1-12v-80a-rele","status":"publish","type":"product","link":"https:\/\/xenonkungen.com\/fi\/tuote\/luxtar-releen-kaapelisarja-master-slave-x-1-12v-80a-rele\/","title":{"rendered":"Luxtar-relekaapelisarja Master &amp; Slave X 1 | 12V | 80A Rele"},"content":{"rendered":"<article class=\"text-token-text-primary w-full focus:outline-none [--shadow-height:45px] has-data-writing-block:pointer-events-none has-data-writing-block:-mt-(--shadow-height) has-data-writing-block:pt-(--shadow-height) [&amp;:has([data-writing-block])&gt;*]:pointer-events-auto scroll-mt-(--header-height)\" dir=\"auto\" tabindex=\"-1\" data-turn-id=\"7cf681cd-0b96-4e85-b1f2-6bfe81c0f1bd\" data-testid=\"conversation-turn-27\" data-scroll-anchor=\"false\" data-turn=\"user\"><\/article>\n<article class=\"text-token-text-primary w-full focus:outline-none [--shadow-height:45px] has-data-writing-block:pointer-events-none has-data-writing-block:-mt-(--shadow-height) has-data-writing-block:pt-(--shadow-height) [&amp;:has([data-writing-block])&gt;*]:pointer-events-auto scroll-mt-[calc(var(--header-height)+min(200px,max(70px,20svh)))]\" dir=\"auto\" tabindex=\"-1\" data-turn-id=\"request-WEB:91e6aa7c-0c1d-46a3-be04-841778700f91-13\" data-testid=\"conversation-turn-28\" data-scroll-anchor=\"true\" data-turn=\"assistant\">\n<div class=\"text-base my-auto mx-auto pb-10 [--thread-content-margin:--spacing(4)] @w-sm\/main:[--thread-content-margin:--spacing(6)] @w-lg\/main:[--thread-content-margin:--spacing(16)] px-(--thread-content-margin)\">\n<div class=\"[--thread-content-max-width:40rem] @w-lg\/main:[--thread-content-max-width:48rem] mx-auto max-w-(--thread-content-max-width) flex-1 group\/turn-messages focus-visible:outline-hidden relative flex w-full min-w-0 flex-col agent-turn\" tabindex=\"-1\">\n<div class=\"flex max-w-full flex-col grow\">\n<div class=\"min-h-8 text-message relative flex w-full flex-col items-end gap-2 text-start break-words whitespace-normal [.text-message+&amp;]:mt-1\" dir=\"auto\" data-message-author-role=\"assistant\" data-message-id=\"38a9448b-c59f-4b92-b8b6-857b6eca4ae3\" data-message-model-slug=\"gpt-5-2\">\n<div class=\"flex w-full flex-col gap-1 empty:hidden first:pt-[1px]\">\n<div class=\"markdown prose dark:prose-invert w-full wrap-break-word light markdown-new-styling\">\n<p>Luxtar Relay Cable Kit Master &amp; Slave on innovatiivinen ja tehokas relekaapelisarja, joka on kehitetty nykyaikaisille CAN-v\u00e4yl\u00e4ll\u00e4 varustetuille ajoneuvoille.<\/p>\n<p>Se on suunniteltu niille, jotka haluavat saada kaiken irti XBB OBD-II -sovittimestaan ja XBB PowerUnitistaan. \u00c4lykk\u00e4\u00e4n Master &amp; Slave -j\u00e4rjestelm\u00e4n ansiosta, jossa on kaksi relett\u00e4, voit liitt\u00e4\u00e4 tehokkaita LED-palkkeja ja lis\u00e4valoja \u2013 ilman erillisten relekaapelien asentamista.<\/p>\n<p><strong>Siksi tarvitaan sek\u00e4 is\u00e4nt\u00e4 ett\u00e4 orja<\/strong><\/p>\n<p>Kun XBB-relett\u00e4 k\u00e4ytet\u00e4\u00e4n erikseen, rajoituksena on, ett\u00e4 se pystyy k\u00e4sittelem\u00e4\u00e4n jopa 15 A:n lis\u00e4valoja.<br \/>\nKoska monissa nykyisiss\u00e4 LED-ramppeissa ja lis\u00e4valoissa on huomattavasti suurempi teho, se ei riit\u00e4 vaativampiin asennuksiin.<br \/>\nLuxtarin Plug &amp; Play -ratkaisu on siksi varustettu tehokkaalla 80 A:n releell\u00e4 (orjarele) ja lis\u00e4releenpitimell\u00e4 XBB PowerUnitin kautta tapahtuvaa ohjausta varten.<\/p>\n<p>Se mahdollistaa seuraavien asennusten:<\/p>\n<ul>\n<li><strong>Tuotenro 103220<\/strong> \u2013 jopa 40A \/ 500W (1 l\u00e4ht\u00f6)<\/li>\n<li><strong>Tuotenro 103221<\/strong> \u2013 jopa 60A \/ 750W (4 l\u00e4ht\u00f6\u00e4)<\/li>\n<\/ul>\n<p>Tuloksena on vakaa, turvallinen ja tulevaisuudenkest\u00e4v\u00e4 asennus.<\/p>\n<p><strong>Ohjelman edut<\/strong><\/p>\n<ul>\n<li>Mukautettu CAN-v\u00e4yl\u00e4ohjattuihin ajoneuvoihin, joissa ei ole analogista kaukovalosignaalia<\/li>\n<li>Toimii LED-, halogeeni- ja ksenonvaloilla<\/li>\n<li>Mitoitettu suurta tehoa ja vakaata virransy\u00f6tt\u00f6\u00e4 varten<\/li>\n<li>Ammattimainen asennus suoraan pakkauksesta<\/li>\n<li>S\u00e4\u00e4st\u00e4\u00e4 aikaa ja rahaa \u2013 olitpa sitten harrastelija-asentaja tai ammattilainen<\/li>\n<\/ul>\n<p>Relekaapelisarja on markkinoilla ainutlaatuinen ja tarjoaa enemm\u00e4n kuin tarpeeksi kapasiteettia jopa tehokkaimmille lis\u00e4valoille ja LED-paneeleille.<\/p>\n<p><strong>J\u00e4rjestelm\u00e4n toiminto<\/strong><\/p>\n<p>XBB-virtal\u00e4hde ohjaa relett\u00e4 <strong>l\u00e4ht\u00f6 2 (5A)<\/strong>, mik\u00e4 puolestaan aktivoi lis\u00e4valon.<br \/>\n<strong>L\u00e4ht\u00f6 1 (15A)<\/strong> on ilmainen ja sit\u00e4 voidaan k\u00e4ytt\u00e4\u00e4 esimerkiksi seisontavaloihin tai muihin tuotteisiin, joiden enimm\u00e4iskuormitus on 15 A. L\u00e4ht\u00f6liit\u00e4nn\u00e4n 1 kaapeli on esikoottu ja sis\u00e4ltyy pakkaukseen.<\/p>\n<p><strong>Yhteensopivuus ja asennus<\/strong><\/p>\n<p>Jotta asennus toimisi, tarvitset:<\/p>\n<ul>\n<li>XBB OBD-II-dongle<\/li>\n<li>XBB-virtayksikk\u00f6<\/li>\n<\/ul>\n<p>Relekaapelisarjan voi ostaa erikseen tai kokonaisena pakettina yhdess\u00e4 XBB OBD -donglen ja PowerUnitin kanssa. Valitse haluamasi vaihtoehto tuotevalikoimista.<br \/>\nSopii useimpiin henkil\u00f6autoihin, joissa on OBD-liit\u00e4nt\u00e4 ja tuki XBB:n ajoneuvotietokannalle.<\/p>\n<p><strong>T\u00e4m\u00e4 on mukana<\/strong><\/p>\n<ul>\n<li>2 metrin liit\u00e4nt\u00e4kaapeli<\/li>\n<li>1 valittavissa oleva saksankielinen yhteystieto: <strong>DT-3 | DT-4 | DTP-2 | DTP-4<\/strong><\/li>\n<li>1 kpl 80A rele relepitimell\u00e4 (12V)<\/li>\n<li>1 ylim\u00e4\u00e4r\u00e4inen releen pidike, joka on yhteensopiva XBB PowerUnitin kanssa<\/li>\n<li>1 kpl 40A sulake sulakepidikkeell\u00e4<\/li>\n<li>Musta virtajohto, 0,5 m<\/li>\n<li>Ruskea virtajohto, 1 m<\/li>\n<li>Punainen virtajohto, 1,1 m<\/li>\n<li>Sininen signaalikaapeli, 1 m<\/li>\n<li>Kokoonpanomateriaalit: kutistesukka, nippusiteet, rengasliittimet ja tinatulla ytimell\u00e4 ja itseliimautuvalla kutistesukalla varustettu liitosholkki<\/li>\n<\/ul>\n<p><strong>Deutsch-kontaktit (valinnainen \u2013 mukana)<\/strong><\/p>\n<p>DT-3 | DT-4 | DTP-2 | DTP-4<\/p>\n<p>Kaikki ovat korkealaatuisia ja vedenpit\u00e4vi\u00e4 Deutsch-liittimi\u00e4, jotka on mukautettu autoteollisuuden ymp\u00e4rist\u00f6\u00f6n.<\/p>\n<ul>\n<li><strong>DT-sarja<\/strong> k\u00e4ytet\u00e4\u00e4n vakiovirtal\u00e4hteeseen ja 2\u20134-nastaisiin liit\u00e4nt\u00f6ihin<\/li>\n<li><strong>DTP-sarja<\/strong> on tarkoitettu suuremmille virroille ja suuremmille kaapelimitoille<\/li>\n<\/ul>\n<p>T\u00e4m\u00e4 takaa vankan ja ammattimaisen asennuksen.<\/p>\n<p><strong>Tekniset tiedot<\/strong><\/p>\n<ul>\n<li>Tuotenumero: 103220<\/li>\n<li>J\u00e4nnite: 12V<\/li>\n<li>Maksimikuormitus: jopa 40 A (1 x 500 W)<\/li>\n<li>Rele: 80A (sis\u00e4ltyy toimitukseen)<\/li>\n<li>Sulake: 40A (sis\u00e4ltyy toimitukseen)<\/li>\n<li>Yhteensopiva: XBB PowerUnitin kanssa<\/li>\n<li>L\u00e4mp\u00f6tila-alue: -40 \u00b0C - +60 \u00b0C<\/li>\n<li>Valittavat Deutsch-liittimet: DT-3 | DT-4 | DTP-2 | DTP-4<\/li>\n<\/ul>\n<p><strong>HUOMIO!<\/strong> XBB-virtal\u00e4hde ei sis\u00e4lly toimitukseen, ja se on ostettava erikseen.<\/p>\n<p>Luxtar Relay Cable Kit Master &amp; Slave -ratkaisun avulla saat ammattimaisen ratkaisun, joka yhdist\u00e4\u00e4 tehon, turvallisuuden ja helpon asennuksen.<br \/>\nKaapelisarja on mitoitettu suurta tehoa varten ja se on ilmeinen valinta niille, jotka haluavat asentaa tehokkaan lis\u00e4valaistuksen nykyaikaiseen 12 V:n ajoneuvoon \u2013 ilman kompromisseja.<\/p>\n<\/div>\n<\/div>\n<\/div>\n<\/div>\n<\/div>\n<\/div>\n<\/article>","protected":false},"excerpt":{"rendered":"<p><strong>LUXTAR-RELEKAAPELISARJA <\/strong><strong>P\u00c4\u00c4- JA ORJALAITE | 12 V | 80 A RELE<\/strong><\/p>\n<p><strong>Plug &amp; Play \u2013 XBB-valmis<\/strong><\/p>\n<p><strong>Tehokas ratkaisu nykyaikaisiin CAN-v\u00e4yl\u00e4ohjattuihin ajoneuvoihin<\/strong><\/p>","protected":false},"featured_media":26913,"comment_status":"open","ping_status":"closed","template":"","meta":{"_acf_changed":false,"_smort_price_nok":"636","_smort_price_dkk":"","_smort_price_eur":"","_smort_sale_price_nok":"","_smort_sale_price_dkk":"","_smort_sale_price_eur":"","smort_restorder":"","shipmondo_restorder":"","_kad_blocks_custom_css":"","_kad_blocks_head_custom_js":"","_kad_blocks_body_custom_js":"","_kad_blocks_footer_custom_js":"","smort_custom_pricelist_1":"380.8","smort_custom_pricelist_2":"333.2","smort_custom_pricelist_3":"309.4","smort_custom_pricelist_4":"476","smort_custom_pricelist_5":"333.2"},"anvandningsomrade":[],"bilmarken":[],"product_brand":[103],"product_cat":[2795,2821,2796],"product_tag":[],"class_list":{"0":"post-26249","1":"product","2":"type-product","3":"status-publish","4":"has-post-thumbnail","6":"product_brand-luxtar","7":"product_cat-kablar-rela","8":"product_cat-luxtar-relakabelsatser","9":"product_cat-relakabelsatser","10":"pa_lampsockel-kontakt-dt-4","11":"pa_lampsockel-kontakt-dt-3","12":"pa_lampsockel-kontakt-dtp-2","13":"pa_lampsockel-kontakt-dtp-4","14":"pa_volt-v-159","16":"first","17":"instock","18":"taxable","19":"shipping-taxable","20":"purchasable","21":"product-type-simple"},"bundled_by":["27187"],"bundle_stock_status":"instock","bundle_stock_quantity":172,"bundle_virtual":false,"bundle_layout":"","bundle_add_to_cart_form_location":"","bundle_editable_in_cart":false,"bundle_sold_individually_context":"","bundle_item_grouping":"","bundle_min_size":"","bundle_max_size":"","bundle_price":[],"bundled_items":[],"bundle_sell_ids":[],"acf":[],"yoast_head":"<!-- This site is optimized with the Yoast SEO plugin v27.0 - https:\/\/yoast.com\/product\/yoast-seo-wordpress\/ -->\n<title>Luxtar Rel\u00e4kabelsats Master &amp; Slave X 1 | 12V | 80A Rel\u00e4 - Xenonkungen<\/title>\n<meta name=\"robots\" content=\"index, follow, max-snippet:-1, max-image-preview:large, max-video-preview:-1\" \/>\n<link rel=\"canonical\" href=\"https:\/\/xenonkungen.com\/fi\/tuote\/luxtar-releen-kaapelisarja-master-slave-x-1-12v-80a-rele\/\" \/>\n<meta property=\"og:locale\" content=\"fi_FI\" \/>\n<meta property=\"og:type\" content=\"article\" \/>\n<meta property=\"og:title\" content=\"Luxtar Rel\u00e4kabelsats Master &amp; Slave X 1 | 12V | 80A Rel\u00e4 - Xenonkungen\" \/>\n<meta property=\"og:description\" content=\"LUXTAR RELAY CABLE KIT MASTER &amp; SLAVE | 12V | 80A RELAY  Plug &amp; Play \u2013 F\u00f6rberedd f\u00f6r XBB  Kraftfull l\u00f6sning f\u00f6r moderna CAN-busstyrda fordon\" \/>\n<meta property=\"og:url\" content=\"https:\/\/xenonkungen.com\/fi\/tuote\/luxtar-releen-kaapelisarja-master-slave-x-1-12v-80a-rele\/\" \/>\n<meta property=\"og:site_name\" content=\"Xenonkungen\" \/>\n<meta property=\"article:modified_time\" content=\"2026-03-27T12:23:18+00:00\" \/>\n<meta property=\"og:image\" content=\"https:\/\/xenonkungen.com\/wp-content\/uploads\/2026\/02\/RELKAB3.png\" \/>\n\t<meta property=\"og:image:width\" content=\"2000\" \/>\n\t<meta property=\"og:image:height\" content=\"1333\" \/>\n\t<meta property=\"og:image:type\" content=\"image\/png\" \/>\n<meta name=\"twitter:card\" content=\"summary_large_image\" \/>\n<meta name=\"twitter:label1\" content=\"Arvioitu lukuaika\" \/>\n\t<meta name=\"twitter:data1\" content=\"3 minuuttia\" \/>\n<script type=\"application\/ld+json\" class=\"yoast-schema-graph\">{\"@context\":\"https:\/\/schema.org\",\"@graph\":[{\"@type\":\"WebPage\",\"@id\":\"https:\/\/xenonkungen.com\/produkt\/luxtar-relakabelsats-master-slave-x-1-12v-80a-rela\/\",\"url\":\"https:\/\/xenonkungen.com\/produkt\/luxtar-relakabelsats-master-slave-x-1-12v-80a-rela\/\",\"name\":\"Luxtar Rel\u00e4kabelsats Master & Slave X 1 | 12V | 80A Rel\u00e4 - Xenonkungen\",\"isPartOf\":{\"@id\":\"https:\/\/xenonkungen.com\/#website\"},\"primaryImageOfPage\":{\"@id\":\"https:\/\/xenonkungen.com\/produkt\/luxtar-relakabelsats-master-slave-x-1-12v-80a-rela\/#primaryimage\"},\"image\":{\"@id\":\"https:\/\/xenonkungen.com\/produkt\/luxtar-relakabelsats-master-slave-x-1-12v-80a-rela\/#primaryimage\"},\"thumbnailUrl\":\"https:\/\/xenonkungen.com\/wp-content\/uploads\/2026\/02\/RELKAB3.png\",\"datePublished\":\"2026-02-16T10:54:55+00:00\",\"dateModified\":\"2026-03-27T12:23:18+00:00\",\"breadcrumb\":{\"@id\":\"https:\/\/xenonkungen.com\/produkt\/luxtar-relakabelsats-master-slave-x-1-12v-80a-rela\/#breadcrumb\"},\"inLanguage\":\"fi\",\"potentialAction\":[{\"@type\":\"ReadAction\",\"target\":[\"https:\/\/xenonkungen.com\/produkt\/luxtar-relakabelsats-master-slave-x-1-12v-80a-rela\/\"]}]},{\"@type\":\"ImageObject\",\"inLanguage\":\"fi\",\"@id\":\"https:\/\/xenonkungen.com\/produkt\/luxtar-relakabelsats-master-slave-x-1-12v-80a-rela\/#primaryimage\",\"url\":\"https:\/\/xenonkungen.com\/wp-content\/uploads\/2026\/02\/RELKAB3.png\",\"contentUrl\":\"https:\/\/xenonkungen.com\/wp-content\/uploads\/2026\/02\/RELKAB3.png\",\"width\":2000,\"height\":1333},{\"@type\":\"BreadcrumbList\",\"@id\":\"https:\/\/xenonkungen.com\/produkt\/luxtar-relakabelsats-master-slave-x-1-12v-80a-rela\/#breadcrumb\",\"itemListElement\":[{\"@type\":\"ListItem\",\"position\":1,\"name\":\"Hem\",\"item\":\"https:\/\/xenonkungen.com\/\"},{\"@type\":\"ListItem\",\"position\":2,\"name\":\"Shop\",\"item\":\"https:\/\/xenonkungen.com\/shop\/\"},{\"@type\":\"ListItem\",\"position\":3,\"name\":\"Luxtar Rel\u00e4kabelsats Master &#038; Slave X 1 | 12V | 80A Rel\u00e4\"}]},{\"@type\":\"WebSite\",\"@id\":\"https:\/\/xenonkungen.com\/#website\",\"url\":\"https:\/\/xenonkungen.com\/\",\"name\":\"Xenonkungen\",\"description\":\"\",\"potentialAction\":[{\"@type\":\"SearchAction\",\"target\":{\"@type\":\"EntryPoint\",\"urlTemplate\":\"https:\/\/xenonkungen.com\/?s={search_term_string}\"},\"query-input\":{\"@type\":\"PropertyValueSpecification\",\"valueRequired\":true,\"valueName\":\"search_term_string\"}}],\"inLanguage\":\"fi\"}]}<\/script>\n<!-- \/ Yoast SEO plugin. -->","yoast_head_json":{"title":"Luxtar-relekaapelisarja Master &amp; Slave X 1 | 12V | 80A Rele - Xenonkungen","robots":{"index":"index","follow":"follow","max-snippet":"max-snippet:-1","max-image-preview":"max-image-preview:large","max-video-preview":"max-video-preview:-1"},"canonical":"https:\/\/xenonkungen.com\/fi\/tuote\/luxtar-releen-kaapelisarja-master-slave-x-1-12v-80a-rele\/","og_locale":"fi_FI","og_type":"article","og_title":"Luxtar Rel\u00e4kabelsats Master & Slave X 1 | 12V | 80A Rel\u00e4 - Xenonkungen","og_description":"LUXTAR RELAY CABLE KIT MASTER &amp; SLAVE | 12V | 80A RELAY  Plug &amp; Play \u2013 F\u00f6rberedd f\u00f6r XBB  Kraftfull l\u00f6sning f\u00f6r moderna CAN-busstyrda fordon","og_url":"https:\/\/xenonkungen.com\/fi\/tuote\/luxtar-releen-kaapelisarja-master-slave-x-1-12v-80a-rele\/","og_site_name":"Xenonkungen","article_modified_time":"2026-03-27T12:23:18+00:00","og_image":[{"width":2000,"height":1333,"url":"https:\/\/xenonkungen.com\/wp-content\/uploads\/2026\/02\/RELKAB3.png","type":"image\/png"}],"twitter_card":"summary_large_image","twitter_misc":{"Arvioitu lukuaika":"3 minuuttia"},"schema":{"@context":"https:\/\/schema.org","@graph":[{"@type":"WebPage","@id":"https:\/\/xenonkungen.com\/produkt\/luxtar-relakabelsats-master-slave-x-1-12v-80a-rela\/","url":"https:\/\/xenonkungen.com\/produkt\/luxtar-relakabelsats-master-slave-x-1-12v-80a-rela\/","name":"Luxtar-relekaapelisarja Master &amp; Slave X 1 | 12V | 80A Rele - Xenonkungen","isPartOf":{"@id":"https:\/\/xenonkungen.com\/#website"},"primaryImageOfPage":{"@id":"https:\/\/xenonkungen.com\/produkt\/luxtar-relakabelsats-master-slave-x-1-12v-80a-rela\/#primaryimage"},"image":{"@id":"https:\/\/xenonkungen.com\/produkt\/luxtar-relakabelsats-master-slave-x-1-12v-80a-rela\/#primaryimage"},"thumbnailUrl":"https:\/\/xenonkungen.com\/wp-content\/uploads\/2026\/02\/RELKAB3.png","datePublished":"2026-02-16T10:54:55+00:00","dateModified":"2026-03-27T12:23:18+00:00","breadcrumb":{"@id":"https:\/\/xenonkungen.com\/produkt\/luxtar-relakabelsats-master-slave-x-1-12v-80a-rela\/#breadcrumb"},"inLanguage":"fi","potentialAction":[{"@type":"ReadAction","target":["https:\/\/xenonkungen.com\/produkt\/luxtar-relakabelsats-master-slave-x-1-12v-80a-rela\/"]}]},{"@type":"ImageObject","inLanguage":"fi","@id":"https:\/\/xenonkungen.com\/produkt\/luxtar-relakabelsats-master-slave-x-1-12v-80a-rela\/#primaryimage","url":"https:\/\/xenonkungen.com\/wp-content\/uploads\/2026\/02\/RELKAB3.png","contentUrl":"https:\/\/xenonkungen.com\/wp-content\/uploads\/2026\/02\/RELKAB3.png","width":2000,"height":1333},{"@type":"BreadcrumbList","@id":"https:\/\/xenonkungen.com\/produkt\/luxtar-relakabelsats-master-slave-x-1-12v-80a-rela\/#breadcrumb","itemListElement":[{"@type":"ListItem","position":1,"name":"Hem","item":"https:\/\/xenonkungen.com\/"},{"@type":"ListItem","position":2,"name":"Shop","item":"https:\/\/xenonkungen.com\/shop\/"},{"@type":"ListItem","position":3,"name":"Luxtar Rel\u00e4kabelsats Master &#038; Slave X 1 | 12V | 80A Rel\u00e4"}]},{"@type":"WebSite","@id":"https:\/\/xenonkungen.com\/#website","url":"https:\/\/xenonkungen.com\/","name":"Xenonkungen","description":"","potentialAction":[{"@type":"SearchAction","target":{"@type":"EntryPoint","urlTemplate":"https:\/\/xenonkungen.com\/?s={search_term_string}"},"query-input":{"@type":"PropertyValueSpecification","valueRequired":true,"valueName":"search_term_string"}}],"inLanguage":"fi"}]}},"taxonomy_info":{"product_brand":[{"value":103,"label":"LUXTAR"}],"product_cat":[{"value":2795,"label":"Kablar och Rel\u00e4"},{"value":2821,"label":"Luxtar - Rel\u00e4kabelsatser"},{"value":2796,"label":"Rel\u00e4kabelsatser"}],"pa_lampsockel-kontakt":[{"value":181,"label":"DT-4"},{"value":2147,"label":"DT-3"},{"value":2225,"label":"DTP-2"},{"value":358,"label":"DTP-4"}],"pa_volt-v":[{"value":159,"label":"12"}]},"featured_image_src_large":["https:\/\/xenonkungen.com\/wp-content\/uploads\/2026\/02\/RELKAB3-1024x682.png",1024,682,true],"author_info":[],"comment_info":0,"_links":{"self":[{"href":"https:\/\/xenonkungen.com\/fi\/wp-json\/wp\/v2\/product\/26249","targetHints":{"allow":["GET"]}}],"collection":[{"href":"https:\/\/xenonkungen.com\/fi\/wp-json\/wp\/v2\/product"}],"about":[{"href":"https:\/\/xenonkungen.com\/fi\/wp-json\/wp\/v2\/types\/product"}],"replies":[{"embeddable":true,"href":"https:\/\/xenonkungen.com\/fi\/wp-json\/wp\/v2\/comments?post=26249"}],"wp:featuredmedia":[{"embeddable":true,"href":"https:\/\/xenonkungen.com\/fi\/wp-json\/wp\/v2\/media\/26913"}],"wp:attachment":[{"href":"https:\/\/xenonkungen.com\/fi\/wp-json\/wp\/v2\/media?parent=26249"}],"wp:term":[{"taxonomy":"anvandningsomrade","embeddable":true,"href":"https:\/\/xenonkungen.com\/fi\/wp-json\/wp\/v2\/anvandningsomrade?post=26249"},{"taxonomy":"bilmarken","embeddable":true,"href":"https:\/\/xenonkungen.com\/fi\/wp-json\/wp\/v2\/bilmarken?post=26249"},{"taxonomy":"product_brand","embeddable":true,"href":"https:\/\/xenonkungen.com\/fi\/wp-json\/wp\/v2\/product_brand?post=26249"},{"taxonomy":"product_cat","embeddable":true,"href":"https:\/\/xenonkungen.com\/fi\/wp-json\/wp\/v2\/product_cat?post=26249"},{"taxonomy":"product_tag","embeddable":true,"href":"https:\/\/xenonkungen.com\/fi\/wp-json\/wp\/v2\/product_tag?post=26249"}],"curies":[{"name":"wp","href":"https:\/\/api.w.org\/{rel}","templated":true}]}}