{"id":26306,"date":"2026-02-17T14:47:32","date_gmt":"2026-02-17T13:47:32","guid":{"rendered":"https:\/\/xenonkungen.com\/?post_type=product&#038;p=26306"},"modified":"2026-04-01T08:02:22","modified_gmt":"2026-04-01T07:02:22","slug":"meguiars-pieni-pesupakkaus","status":"publish","type":"product","link":"https:\/\/xenonkungen.com\/fi\/tuote\/meguiars-pieni-pesupakkaus\/","title":{"rendered":"Pieni pyykkisetti | Meguiar&#039;s"},"content":{"rendered":"<h2 data-start=\"0\" data-end=\"69\">Pieni pesupaketti \u2013 Kaikki mit\u00e4 tarvitset s\u00e4ihkyv\u00e4n puhtaaseen autoon<\/h2>\n<p data-start=\"71\" data-end=\"315\">Haluatko yksinkertaisen mutta tehokkaan ratkaisun pit\u00e4\u00e4ksesi autosi puhtaana ymp\u00e4ri vuoden? <strong data-start=\"148\" data-end=\"170\">Pieni pyykkipaketti<\/strong> sis\u00e4lt\u00e4\u00e4 huolella valittuja tuotteita, jotka yhdess\u00e4 puhdistavat perusteellisesti ja tehokkaasti \u2013 karkeasta liasta metallihiukkasiin ja tiesuolaan.<\/p>\n<p data-start=\"317\" data-end=\"437\">T\u00e4m\u00e4 on t\u00e4ydellinen aloituspaketti niille, jotka haluavat pest\u00e4 autonsa kunnolla ja saada tuloksia, jotka ovat sek\u00e4 n\u00e4kyvi\u00e4 ett\u00e4 tuntuvia.<\/p>\n<h3 data-start=\"439\" data-end=\"462\">Paketti sis\u00e4lt\u00e4\u00e4:<\/h3>\n<ul data-start=\"463\" data-end=\"848\">\n<li data-start=\"463\" data-end=\"545\">\n<p data-start=\"465\" data-end=\"545\"><strong data-start=\"465\" data-end=\"488\">1 kpl kylm\u00e4 rasvanpoistoaine<\/strong> \u2013 Liuottaa tehokkaasti tervaa, asfalttia ja \u00f6ljypohjaista likaa.<\/p>\n<\/li>\n<li data-start=\"546\" data-end=\"639\">\n<p data-start=\"548\" data-end=\"639\"><strong data-start=\"548\" data-end=\"577\">1 kpl rasvanpoistoaine rasvanpoistoon<\/strong> \u2013 Em\u00e4ksinen rasvanpoistoaine, joka poistaa liikenteen aiheuttaman likaantumisen ja lian.<\/p>\n<\/li>\n<li data-start=\"640\" data-end=\"740\">\n<p data-start=\"642\" data-end=\"740\"><strong data-start=\"642\" data-end=\"672\">1 kpl Ultimate Raudanpoistoaine<\/strong> \u2013 Poistaa rautahiukkasia ja jarrup\u00f6ly\u00e4 syv\u00e4puhdistusta varten.<\/p>\n<\/li>\n<li data-start=\"741\" data-end=\"848\">\n<p data-start=\"743\" data-end=\"848\"><strong data-start=\"743\" data-end=\"778\">1 kpl Ultimate Wash &amp; Wax 473 ml<\/strong> \u2013 Vahapitoinen shampoo, joka puhdistaa ja j\u00e4tt\u00e4\u00e4 suojaavan, kiilt\u00e4v\u00e4n pinnan.<\/p>\n<\/li>\n<\/ul>\n<h3 data-start=\"850\" data-end=\"865\">Tulos?<\/h3>\n<p data-start=\"866\" data-end=\"974\">\u2714 Syv\u00e4puhdistus useissa vaiheissa<br data-start=\"901\" data-end=\"904\" \/>\u2714 Puhtaampi maali ilman metallihiukkasia<br data-start=\"938\" data-end=\"941\" \/>\u2714 Suojaa ja kiiltoa samassa pesussa<\/p>\n<p data-start=\"976\" data-end=\"1094\" data-is-last-node=\"\" data-is-only-node=\"\">T\u00e4ydellinen ja edullinen paketti niille, jotka haluavat huolehtia autostaan oikein \u2013 yksinkertaisesti, tehokkaasti ja ammattimaisesti.<\/p>","protected":false},"excerpt":{"rendered":"<p>T\u00e4ydellinen pesupaketti, joka sis\u00e4lt\u00e4\u00e4 rasvanpoistoaineen, rautaoksidinpoistoaineen ja vaha-shampoon - antaa syv\u00e4puhdistetun, kiilt\u00e4v\u00e4n ja hyvin suojatun auton.<\/p>","protected":false},"featured_media":26307,"comment_status":"open","ping_status":"closed","template":"","meta":{"_acf_changed":false,"_smort_price_nok":"711","_smort_price_dkk":"","_smort_price_eur":"","_smort_sale_price_nok":"","_smort_sale_price_dkk":"","_smort_sale_price_eur":"","smort_restorder":"","shipmondo_restorder":"","_kad_blocks_custom_css":"","_kad_blocks_head_custom_js":"","_kad_blocks_body_custom_js":"","_kad_blocks_footer_custom_js":"","smort_custom_pricelist_1":"532.8","smort_custom_pricelist_2":"532.8","smort_custom_pricelist_3":"532.8","smort_custom_pricelist_4":"532.8","smort_custom_pricelist_5":"532.8"},"anvandningsomrade":[],"bilmarken":[],"product_brand":[1383],"product_cat":[2188],"product_tag":[],"class_list":{"0":"post-26306","1":"product","2":"type-product","3":"status-publish","4":"has-post-thumbnail","6":"product_brand-meguiars","7":"product_cat-bilvardpaket","9":"first","10":"instock","11":"virtual","12":"taxable","13":"purchasable","14":"product-type-bundle"},"bundled_by":[],"bundle_stock_status":"instock","bundle_stock_quantity":2,"bundle_virtual":false,"bundle_layout":"default","bundle_add_to_cart_form_location":"default","bundle_editable_in_cart":false,"bundle_sold_individually_context":"product","bundle_item_grouping":"parent","bundle_min_size":"","bundle_max_size":"","bundle_price":{"price":{"min":{"incl_tax":"60.54","excl_tax":"48.431962224"},"max":{"incl_tax":"60.54","excl_tax":"48.431962224"}},"regular_price":{"min":{"incl_tax":"60.54","excl_tax":"48.431962224"},"max":{"incl_tax":"60.54","excl_tax":"48.431962224"}}},"bundled_items":[{"bundled_item_id":595,"product_id":12053,"menu_order":0,"quantity_min":1,"quantity_max":1,"quantity_default":1,"priced_individually":false,"shipped_individually":false,"override_title":false,"title":"Meguiar&#039;s One Solution kylm\u00e4rasvanpoistoaine Extra | 1L","override_description":false,"description":"","optional":false,"hide_thumbnail":false,"discount":"","override_variations":false,"allowed_variations":[],"override_default_variation_attributes":false,"default_variation_attributes":[],"single_product_visibility":"visible","cart_visibility":"visible","order_visibility":"visible","single_product_price_visibility":"visible","cart_price_visibility":"visible","order_price_visibility":"visible","stock_status":"in_stock"},{"bundled_item_id":596,"product_id":12055,"menu_order":1,"quantity_min":1,"quantity_max":1,"quantity_default":1,"priced_individually":false,"shipped_individually":false,"override_title":false,"title":"Meguiar&#039;s One Solution rasvanpoistoaine | 1L","override_description":false,"description":"","optional":false,"hide_thumbnail":false,"discount":"","override_variations":false,"allowed_variations":[],"override_default_variation_attributes":false,"default_variation_attributes":[],"single_product_visibility":"visible","cart_visibility":"visible","order_visibility":"visible","single_product_price_visibility":"visible","cart_price_visibility":"visible","order_price_visibility":"visible","stock_status":"in_stock"},{"bundled_item_id":597,"product_id":12038,"menu_order":2,"quantity_min":1,"quantity_max":1,"quantity_default":1,"priced_individually":false,"shipped_individually":false,"override_title":false,"title":"Meguiar's Ultimate Iron Remover","override_description":false,"description":"","optional":false,"hide_thumbnail":false,"discount":"","override_variations":false,"allowed_variations":[],"override_default_variation_attributes":false,"default_variation_attributes":[],"single_product_visibility":"visible","cart_visibility":"visible","order_visibility":"visible","single_product_price_visibility":"visible","cart_price_visibility":"visible","order_price_visibility":"visible","stock_status":"in_stock"},{"bundled_item_id":598,"product_id":4497,"menu_order":3,"quantity_min":1,"quantity_max":1,"quantity_default":1,"priced_individually":false,"shipped_individually":false,"override_title":false,"title":"Meguiar's Ultimate Wash &amp; Wax 1.42 L","override_description":false,"description":"","optional":false,"hide_thumbnail":false,"discount":"","override_variations":false,"allowed_variations":[],"override_default_variation_attributes":false,"default_variation_attributes":[],"single_product_visibility":"visible","cart_visibility":"visible","order_visibility":"visible","single_product_price_visibility":"visible","cart_price_visibility":"visible","order_price_visibility":"visible","stock_status":"in_stock"}],"bundle_sell_ids":[],"acf":[],"yoast_head":"<!-- This site is optimized with the Yoast SEO plugin v27.0 - https:\/\/yoast.com\/product\/yoast-seo-wordpress\/ -->\n<title>Lilla tv\u00e4ttpaketet | Meguiar&#039;s - Xenonkungen<\/title>\n<meta name=\"robots\" content=\"index, follow, max-snippet:-1, max-image-preview:large, max-video-preview:-1\" \/>\n<link rel=\"canonical\" href=\"https:\/\/xenonkungen.com\/fi\/tuote\/meguiars-pieni-pesupakkaus\/\" \/>\n<meta property=\"og:locale\" content=\"fi_FI\" \/>\n<meta property=\"og:type\" content=\"article\" \/>\n<meta property=\"og:title\" content=\"Lilla tv\u00e4ttpaketet | Meguiar&#039;s - Xenonkungen\" \/>\n<meta property=\"og:description\" content=\"Komplett tv\u00e4ttpaket med avfettning, j\u00e4rnoxidl\u00f6sare och schampo med vax \u2013 ger djuprengjord, blank och v\u00e4lskyddad bil.\" \/>\n<meta property=\"og:url\" content=\"https:\/\/xenonkungen.com\/fi\/tuote\/meguiars-pieni-pesupakkaus\/\" \/>\n<meta property=\"og:site_name\" content=\"Xenonkungen\" \/>\n<meta property=\"article:modified_time\" content=\"2026-04-01T07:02:22+00:00\" \/>\n<meta property=\"og:image\" content=\"https:\/\/xenonkungen.com\/wp-content\/uploads\/2026\/02\/eyJrZXkiOiJzdG9yZV8yMzljN2Q0Yy01ODY4LTQ5NmEtYjM0NS1iN2I4OWIyODVhMTJcL2ltYWdlc1wvZksyVDBncmp1Mmx3dXVQVU1MTGtockFNQjVET2txNHI4OVVkd1NJNi5wbmciLCJ.webp\" \/>\n\t<meta property=\"og:image:width\" content=\"1024\" \/>\n\t<meta property=\"og:image:height\" content=\"1024\" \/>\n\t<meta property=\"og:image:type\" content=\"image\/webp\" \/>\n<meta name=\"twitter:card\" content=\"summary_large_image\" \/>\n<meta name=\"twitter:label1\" content=\"Arvioitu lukuaika\" \/>\n\t<meta name=\"twitter:data1\" content=\"2 minuuttia\" \/>\n<script type=\"application\/ld+json\" class=\"yoast-schema-graph\">{\"@context\":\"https:\/\/schema.org\",\"@graph\":[{\"@type\":\"WebPage\",\"@id\":\"https:\/\/xenonkungen.com\/produkt\/lilla-tvattpaketet-meguiars\/\",\"url\":\"https:\/\/xenonkungen.com\/produkt\/lilla-tvattpaketet-meguiars\/\",\"name\":\"Lilla tv\u00e4ttpaketet | Meguiar's - Xenonkungen\",\"isPartOf\":{\"@id\":\"https:\/\/xenonkungen.com\/#website\"},\"primaryImageOfPage\":{\"@id\":\"https:\/\/xenonkungen.com\/produkt\/lilla-tvattpaketet-meguiars\/#primaryimage\"},\"image\":{\"@id\":\"https:\/\/xenonkungen.com\/produkt\/lilla-tvattpaketet-meguiars\/#primaryimage\"},\"thumbnailUrl\":\"https:\/\/xenonkungen.com\/wp-content\/uploads\/2026\/02\/eyJrZXkiOiJzdG9yZV8yMzljN2Q0Yy01ODY4LTQ5NmEtYjM0NS1iN2I4OWIyODVhMTJcL2ltYWdlc1wvZksyVDBncmp1Mmx3dXVQVU1MTGtockFNQjVET2txNHI4OVVkd1NJNi5wbmciLCJ.webp\",\"datePublished\":\"2026-02-17T13:47:32+00:00\",\"dateModified\":\"2026-04-01T07:02:22+00:00\",\"breadcrumb\":{\"@id\":\"https:\/\/xenonkungen.com\/produkt\/lilla-tvattpaketet-meguiars\/#breadcrumb\"},\"inLanguage\":\"fi\",\"potentialAction\":[{\"@type\":\"ReadAction\",\"target\":[\"https:\/\/xenonkungen.com\/produkt\/lilla-tvattpaketet-meguiars\/\"]}]},{\"@type\":\"ImageObject\",\"inLanguage\":\"fi\",\"@id\":\"https:\/\/xenonkungen.com\/produkt\/lilla-tvattpaketet-meguiars\/#primaryimage\",\"url\":\"https:\/\/xenonkungen.com\/wp-content\/uploads\/2026\/02\/eyJrZXkiOiJzdG9yZV8yMzljN2Q0Yy01ODY4LTQ5NmEtYjM0NS1iN2I4OWIyODVhMTJcL2ltYWdlc1wvZksyVDBncmp1Mmx3dXVQVU1MTGtockFNQjVET2txNHI4OVVkd1NJNi5wbmciLCJ.webp\",\"contentUrl\":\"https:\/\/xenonkungen.com\/wp-content\/uploads\/2026\/02\/eyJrZXkiOiJzdG9yZV8yMzljN2Q0Yy01ODY4LTQ5NmEtYjM0NS1iN2I4OWIyODVhMTJcL2ltYWdlc1wvZksyVDBncmp1Mmx3dXVQVU1MTGtockFNQjVET2txNHI4OVVkd1NJNi5wbmciLCJ.webp\",\"width\":1024,\"height\":1024},{\"@type\":\"BreadcrumbList\",\"@id\":\"https:\/\/xenonkungen.com\/produkt\/lilla-tvattpaketet-meguiars\/#breadcrumb\",\"itemListElement\":[{\"@type\":\"ListItem\",\"position\":1,\"name\":\"Hem\",\"item\":\"https:\/\/xenonkungen.com\/\"},{\"@type\":\"ListItem\",\"position\":2,\"name\":\"Shop\",\"item\":\"https:\/\/xenonkungen.com\/shop\/\"},{\"@type\":\"ListItem\",\"position\":3,\"name\":\"Lilla tv\u00e4ttpaketet | Meguiar&#8217;s\"}]},{\"@type\":\"WebSite\",\"@id\":\"https:\/\/xenonkungen.com\/#website\",\"url\":\"https:\/\/xenonkungen.com\/\",\"name\":\"Xenonkungen\",\"description\":\"\",\"potentialAction\":[{\"@type\":\"SearchAction\",\"target\":{\"@type\":\"EntryPoint\",\"urlTemplate\":\"https:\/\/xenonkungen.com\/?s={search_term_string}\"},\"query-input\":{\"@type\":\"PropertyValueSpecification\",\"valueRequired\":true,\"valueName\":\"search_term_string\"}}],\"inLanguage\":\"fi\"}]}<\/script>\n<!-- \/ Yoast SEO plugin. -->","yoast_head_json":{"title":"Pieni pesupaketti | Meguiar&#039;s - Xenon King","robots":{"index":"index","follow":"follow","max-snippet":"max-snippet:-1","max-image-preview":"max-image-preview:large","max-video-preview":"max-video-preview:-1"},"canonical":"https:\/\/xenonkungen.com\/fi\/tuote\/meguiars-pieni-pesupakkaus\/","og_locale":"fi_FI","og_type":"article","og_title":"Lilla tv\u00e4ttpaketet | Meguiar's - Xenonkungen","og_description":"Komplett tv\u00e4ttpaket med avfettning, j\u00e4rnoxidl\u00f6sare och schampo med vax \u2013 ger djuprengjord, blank och v\u00e4lskyddad bil.","og_url":"https:\/\/xenonkungen.com\/fi\/tuote\/meguiars-pieni-pesupakkaus\/","og_site_name":"Xenonkungen","article_modified_time":"2026-04-01T07:02:22+00:00","og_image":[{"width":1024,"height":1024,"url":"https:\/\/xenonkungen.com\/wp-content\/uploads\/2026\/02\/eyJrZXkiOiJzdG9yZV8yMzljN2Q0Yy01ODY4LTQ5NmEtYjM0NS1iN2I4OWIyODVhMTJcL2ltYWdlc1wvZksyVDBncmp1Mmx3dXVQVU1MTGtockFNQjVET2txNHI4OVVkd1NJNi5wbmciLCJ.webp","type":"image\/webp"}],"twitter_card":"summary_large_image","twitter_misc":{"Arvioitu lukuaika":"2 minuuttia"},"schema":{"@context":"https:\/\/schema.org","@graph":[{"@type":"WebPage","@id":"https:\/\/xenonkungen.com\/produkt\/lilla-tvattpaketet-meguiars\/","url":"https:\/\/xenonkungen.com\/produkt\/lilla-tvattpaketet-meguiars\/","name":"Pieni pesupaketti | Meguiar&#039;s - Xenon King","isPartOf":{"@id":"https:\/\/xenonkungen.com\/#website"},"primaryImageOfPage":{"@id":"https:\/\/xenonkungen.com\/produkt\/lilla-tvattpaketet-meguiars\/#primaryimage"},"image":{"@id":"https:\/\/xenonkungen.com\/produkt\/lilla-tvattpaketet-meguiars\/#primaryimage"},"thumbnailUrl":"https:\/\/xenonkungen.com\/wp-content\/uploads\/2026\/02\/eyJrZXkiOiJzdG9yZV8yMzljN2Q0Yy01ODY4LTQ5NmEtYjM0NS1iN2I4OWIyODVhMTJcL2ltYWdlc1wvZksyVDBncmp1Mmx3dXVQVU1MTGtockFNQjVET2txNHI4OVVkd1NJNi5wbmciLCJ.webp","datePublished":"2026-02-17T13:47:32+00:00","dateModified":"2026-04-01T07:02:22+00:00","breadcrumb":{"@id":"https:\/\/xenonkungen.com\/produkt\/lilla-tvattpaketet-meguiars\/#breadcrumb"},"inLanguage":"fi","potentialAction":[{"@type":"ReadAction","target":["https:\/\/xenonkungen.com\/produkt\/lilla-tvattpaketet-meguiars\/"]}]},{"@type":"ImageObject","inLanguage":"fi","@id":"https:\/\/xenonkungen.com\/produkt\/lilla-tvattpaketet-meguiars\/#primaryimage","url":"https:\/\/xenonkungen.com\/wp-content\/uploads\/2026\/02\/eyJrZXkiOiJzdG9yZV8yMzljN2Q0Yy01ODY4LTQ5NmEtYjM0NS1iN2I4OWIyODVhMTJcL2ltYWdlc1wvZksyVDBncmp1Mmx3dXVQVU1MTGtockFNQjVET2txNHI4OVVkd1NJNi5wbmciLCJ.webp","contentUrl":"https:\/\/xenonkungen.com\/wp-content\/uploads\/2026\/02\/eyJrZXkiOiJzdG9yZV8yMzljN2Q0Yy01ODY4LTQ5NmEtYjM0NS1iN2I4OWIyODVhMTJcL2ltYWdlc1wvZksyVDBncmp1Mmx3dXVQVU1MTGtockFNQjVET2txNHI4OVVkd1NJNi5wbmciLCJ.webp","width":1024,"height":1024},{"@type":"BreadcrumbList","@id":"https:\/\/xenonkungen.com\/produkt\/lilla-tvattpaketet-meguiars\/#breadcrumb","itemListElement":[{"@type":"ListItem","position":1,"name":"Hem","item":"https:\/\/xenonkungen.com\/"},{"@type":"ListItem","position":2,"name":"Shop","item":"https:\/\/xenonkungen.com\/shop\/"},{"@type":"ListItem","position":3,"name":"Lilla tv\u00e4ttpaketet | Meguiar&#8217;s"}]},{"@type":"WebSite","@id":"https:\/\/xenonkungen.com\/#website","url":"https:\/\/xenonkungen.com\/","name":"Xenonkungen","description":"","potentialAction":[{"@type":"SearchAction","target":{"@type":"EntryPoint","urlTemplate":"https:\/\/xenonkungen.com\/?s={search_term_string}"},"query-input":{"@type":"PropertyValueSpecification","valueRequired":true,"valueName":"search_term_string"}}],"inLanguage":"fi"}]}},"taxonomy_info":{"product_brand":[{"value":1383,"label":"Meguiar's"}],"product_cat":[{"value":2188,"label":"Bilv\u00e5rdpaket"}]},"featured_image_src_large":["https:\/\/xenonkungen.com\/wp-content\/uploads\/2026\/02\/eyJrZXkiOiJzdG9yZV8yMzljN2Q0Yy01ODY4LTQ5NmEtYjM0NS1iN2I4OWIyODVhMTJcL2ltYWdlc1wvZksyVDBncmp1Mmx3dXVQVU1MTGtockFNQjVET2txNHI4OVVkd1NJNi5wbmciLCJ.webp",1024,1024,false],"author_info":[],"comment_info":1,"_links":{"self":[{"href":"https:\/\/xenonkungen.com\/fi\/wp-json\/wp\/v2\/product\/26306","targetHints":{"allow":["GET"]}}],"collection":[{"href":"https:\/\/xenonkungen.com\/fi\/wp-json\/wp\/v2\/product"}],"about":[{"href":"https:\/\/xenonkungen.com\/fi\/wp-json\/wp\/v2\/types\/product"}],"replies":[{"embeddable":true,"href":"https:\/\/xenonkungen.com\/fi\/wp-json\/wp\/v2\/comments?post=26306"}],"wp:featuredmedia":[{"embeddable":true,"href":"https:\/\/xenonkungen.com\/fi\/wp-json\/wp\/v2\/media\/26307"}],"wp:attachment":[{"href":"https:\/\/xenonkungen.com\/fi\/wp-json\/wp\/v2\/media?parent=26306"}],"wp:term":[{"taxonomy":"anvandningsomrade","embeddable":true,"href":"https:\/\/xenonkungen.com\/fi\/wp-json\/wp\/v2\/anvandningsomrade?post=26306"},{"taxonomy":"bilmarken","embeddable":true,"href":"https:\/\/xenonkungen.com\/fi\/wp-json\/wp\/v2\/bilmarken?post=26306"},{"taxonomy":"product_brand","embeddable":true,"href":"https:\/\/xenonkungen.com\/fi\/wp-json\/wp\/v2\/product_brand?post=26306"},{"taxonomy":"product_cat","embeddable":true,"href":"https:\/\/xenonkungen.com\/fi\/wp-json\/wp\/v2\/product_cat?post=26306"},{"taxonomy":"product_tag","embeddable":true,"href":"https:\/\/xenonkungen.com\/fi\/wp-json\/wp\/v2\/product_tag?post=26306"}],"curies":[{"name":"wp","href":"https:\/\/api.w.org\/{rel}","templated":true}]}}