{"id":26724,"date":"2026-02-27T10:03:11","date_gmt":"2026-02-27T09:03:11","guid":{"rendered":"https:\/\/xenonkungen.com\/?post_type=product&#038;p=26724"},"modified":"2026-04-10T23:51:58","modified_gmt":"2026-04-10T22:51:58","slug":"luxtar-deutsch-4-napainen-kasikayttoinen-puristustyokalu-saksalaisille-liittimille","status":"publish","type":"product","link":"https:\/\/xenonkungen.com\/fi\/tuote\/luxtar-deutsch-4-napainen-kasikayttoinen-puristustyokalu-saksalaisille-liittimille\/","title":{"rendered":"Luxtar Deutsch 4-osainen k\u00e4sik\u00e4ytt\u00f6inen puristuspihti Deutsch-liittimille"},"content":{"rendered":"<p><strong>Tarkat ja luotettavat puristuspihdit Deutsch DT- ja DTM-j\u00e4rjestelmille<\/strong><\/p>\n<p>Luxtar Deutschin 4-osainen k\u00e4sik\u00e4ytt\u00f6inen puristusty\u00f6kalu on suunniteltu Deutsch DT- ja DTM-liittimien (koko 16, suljettu runko) ammattimaiseen asennukseen. Ty\u00f6kalu tarjoaa tasaisen ja tasaisen puristuksen OEM-laatuisella laadulla \u2013 joka kerta.<\/p>\n<p>Kiinte\u00e4 puristussyvyys on optimoitu kokoa 16 oleville liittimille ja varmistaa oikean puristuksen oikeaa kaapelikokoa k\u00e4ytett\u00e4ess\u00e4. T\u00e4ydellinen ajoneuvoihin, LED-tankoihin, lis\u00e4valoihin ja muihin 12\/24 V j\u00e4rjestelmiin, joissa k\u00e4ytt\u00f6varmuus on kriittist\u00e4.<\/p>\n<p><strong>4-suuntainen puristusprofiili tasaiseen puristukseen<\/strong><\/p>\n<p>4-suuntainen sisennysprofiili tarjoaa symmetrisen puristuksen kontaktin ymp\u00e4rille, mik\u00e4 luo vahvan mekaanisen liitoksen ja pienen kosketusvastuksen. Tuloksena on tiivis ja kest\u00e4v\u00e4 puristusholkki, joka minimoi seuraavien riskien:<\/p>\n<ul>\n<li>L\u00f6ys\u00e4 kosketus<\/li>\n<li>L\u00e4mm\u00f6ntuotanto<\/li>\n<li>Korkea kosketusvastus<\/li>\n<li>Kosteuden tunkeutuminen<\/li>\n<\/ul>\n<p>Ty\u00f6kalu on pysyv\u00e4sti kalibroitu eik\u00e4 vaadi s\u00e4\u00e4t\u00f6\u00e4.<\/p>\n<p><strong>Soveltuu ammattimaisiin asennuksiin<\/strong><\/p>\n<p>Puristusty\u00f6kalu on erityisesti suunniteltu seuraaviin k\u00e4ytt\u00f6tarkoituksiin:<\/p>\n<ul>\n<li>Lis\u00e4valojen ja LED-ramppien asennus<\/li>\n<li>Kaapelisarjat Deutsch-liittimill\u00e4<\/li>\n<li>Ajoneuvot ja moottoriurheilu<\/li>\n<li>Maasto-, rakennus- ja ty\u00f6ajoneuvot<\/li>\n<li>Oma kaapelirakenne DT\/DTM-j\u00e4rjestelm\u00e4ll\u00e4<\/li>\n<\/ul>\n<p>Huom:<\/p>\n<p>\ud83d\udd39 Ei toimi DTP-nastojen kanssa (vaatii erillisen ty\u00f6kalun).<br \/>\n\ud83d\udd39 Tarkoitettu suljetun holkin liittimille \u2013 ei avoimelle holkille. (Katso kuva nro 4)<\/p>\n<p><strong>Kest\u00e4v\u00e4 hiiliter\u00e4srakenne<\/strong><\/p>\n<p>Ty\u00f6kalu on valmistettu kest\u00e4v\u00e4st\u00e4 hiiliter\u00e4ksest\u00e4, ja sen musta oksidipinnoite parantaa kest\u00e4vyytt\u00e4 ja korroosiosuojaa. Kompaktin rakenteensa (165 mm) ansiosta se on helppo sovittaa ty\u00f6kalupakkiin, ja se sopii sek\u00e4 ty\u00f6paja- ett\u00e4 kentt\u00e4ty\u00f6h\u00f6n.<\/p>\n<p>Edullinen ja kest\u00e4v\u00e4 vaihtoehto asentajille, jotka haluavat ty\u00f6skennell\u00e4 oikealla ty\u00f6kalulla oikeaan kontaktiin.<\/p>","protected":false},"excerpt":{"rendered":"<p>Ammattimainen puristusty\u00f6kalu Deutsch DT- ja DTM-liittimille (koko 16). Tarjoaa OEM-tasoisia puristuksia 0,50\u20132,50 mm\u00b2:n poikkipinnoille (AWG 14\u201320). T\u00e4ydellinen ajoneuvoihin, lis\u00e4valoihin ja 12\/24 V:n asennuksiin.<\/p>","protected":false},"featured_media":26725,"comment_status":"open","ping_status":"closed","template":"","meta":{"_acf_changed":false,"_smort_price_nok":"849","_smort_price_dkk":"","_smort_price_eur":"","_smort_sale_price_nok":"","_smort_sale_price_dkk":"","_smort_sale_price_eur":"","smort_restorder":"","shipmondo_restorder":"","_kad_blocks_custom_css":"","_kad_blocks_head_custom_js":"","_kad_blocks_body_custom_js":"","_kad_blocks_footer_custom_js":"","smort_custom_pricelist_1":"445.2","smort_custom_pricelist_2":"381.6","smort_custom_pricelist_3":"349.8","smort_custom_pricelist_4":"636","smort_custom_pricelist_5":"381.6"},"anvandningsomrade":[],"bilmarken":[],"product_brand":[103],"product_cat":[2612,2545,2795,2613,2546,2555,2446,2536,727],"product_tag":[],"class_list":{"0":"post-26724","1":"product","2":"type-product","3":"status-publish","4":"has-post-thumbnail","6":"product_brand-luxtar","7":"product_cat-tillbehor-installation-ledramper","8":"product_cat-tillbehor-installation","9":"product_cat-kablar-rela","10":"product_cat-ovriga-tillbehor-tillbehor-installation-ledramper","11":"product_cat-ovriga-tillbehor-tillbehor-installation","12":"product_cat-tillbehor-varningsljus","13":"product_cat-tillbehor-slap","14":"product_cat-tillbehor-tillbehor-ledramper","15":"product_cat-tillbehor","17":"first","18":"instock","19":"taxable","20":"shipping-taxable","21":"purchasable","22":"product-type-simple"},"bundled_by":[],"bundle_stock_status":"instock","bundle_stock_quantity":47,"bundle_virtual":false,"bundle_layout":"","bundle_add_to_cart_form_location":"","bundle_editable_in_cart":false,"bundle_sold_individually_context":"","bundle_item_grouping":"","bundle_min_size":"","bundle_max_size":"","bundle_price":[],"bundled_items":[],"bundle_sell_ids":[],"acf":[],"yoast_head":"<!-- This site is optimized with the Yoast SEO plugin v27.0 - https:\/\/yoast.com\/product\/yoast-seo-wordpress\/ -->\n<title>Luxtar Deutsch 4-way Hand Crimping Tool for Deutsch Terminals - Xenonkungen Deutsch 4-Way Crimpverktyg DT\/DTM Size 16 AWG 14\u201320, Luxtar - Xenonkungen<\/title>\n<meta name=\"description\" content=\"K\u00f6p Deutsch 4-Way Crimpverktyg DT\/DTM Size 16 AWG 14\u201320, Luxtar. Professionellt pressverktyg f\u00f6r closed barrel-kontakter 0,50\u20132,50 mm\u00b2. Snabb leverans. \u00d6ppet k\u00f6p 30 dagar.\" \/>\n<meta name=\"robots\" content=\"index, follow, max-snippet:-1, max-image-preview:large, max-video-preview:-1\" \/>\n<link rel=\"canonical\" href=\"https:\/\/xenonkungen.com\/fi\/tuote\/luxtar-deutsch-4-napainen-kasikayttoinen-puristustyokalu-saksalaisille-liittimille\/\" \/>\n<meta property=\"og:locale\" content=\"fi_FI\" \/>\n<meta property=\"og:type\" content=\"article\" \/>\n<meta property=\"og:title\" content=\"Luxtar Deutsch 4-way Hand Crimping Tool for Deutsch Terminals - Xenonkungen Deutsch 4-Way Crimpverktyg DT\/DTM Size 16 AWG 14\u201320, Luxtar - Xenonkungen\" \/>\n<meta property=\"og:description\" content=\"K\u00f6p Deutsch 4-Way Crimpverktyg DT\/DTM Size 16 AWG 14\u201320, Luxtar. Professionellt pressverktyg f\u00f6r closed barrel-kontakter 0,50\u20132,50 mm\u00b2. Snabb leverans. \u00d6ppet k\u00f6p 30 dagar.\" \/>\n<meta property=\"og:url\" content=\"https:\/\/xenonkungen.com\/fi\/tuote\/luxtar-deutsch-4-napainen-kasikayttoinen-puristustyokalu-saksalaisille-liittimille\/\" \/>\n<meta property=\"og:site_name\" content=\"Xenonkungen\" \/>\n<meta property=\"article:modified_time\" content=\"2026-04-10T22:51:58+00:00\" \/>\n<meta property=\"og:image\" content=\"https:\/\/xenonkungen.com\/wp-content\/uploads\/2026\/02\/WIRE-CRIMPER-1-ArtNr.159050-DSCF9258-2000px-PNNG.png\" \/>\n\t<meta property=\"og:image:width\" content=\"2200\" \/>\n\t<meta property=\"og:image:height\" content=\"1060\" \/>\n\t<meta property=\"og:image:type\" content=\"image\/png\" \/>\n<meta name=\"twitter:card\" content=\"summary_large_image\" \/>\n<meta name=\"twitter:label1\" content=\"Arvioitu lukuaika\" \/>\n\t<meta name=\"twitter:data1\" content=\"2 minuuttia\" \/>\n<script type=\"application\/ld+json\" class=\"yoast-schema-graph\">{\"@context\":\"https:\/\/schema.org\",\"@graph\":[{\"@type\":\"WebPage\",\"@id\":\"https:\/\/xenonkungen.com\/produkt\/luxtar-deutsch-4-way-hand-crimping-tool-for-deutsch-terminals\/\",\"url\":\"https:\/\/xenonkungen.com\/produkt\/luxtar-deutsch-4-way-hand-crimping-tool-for-deutsch-terminals\/\",\"name\":\"Luxtar Deutsch 4-way Hand Crimping Tool for Deutsch Terminals - Xenonkungen Deutsch 4-Way Crimpverktyg DT\/DTM Size 16 AWG 14\u201320, Luxtar - Xenonkungen\",\"isPartOf\":{\"@id\":\"https:\/\/xenonkungen.com\/#website\"},\"primaryImageOfPage\":{\"@id\":\"https:\/\/xenonkungen.com\/produkt\/luxtar-deutsch-4-way-hand-crimping-tool-for-deutsch-terminals\/#primaryimage\"},\"image\":{\"@id\":\"https:\/\/xenonkungen.com\/produkt\/luxtar-deutsch-4-way-hand-crimping-tool-for-deutsch-terminals\/#primaryimage\"},\"thumbnailUrl\":\"https:\/\/xenonkungen.com\/wp-content\/uploads\/2026\/02\/WIRE-CRIMPER-1-ArtNr.159050-DSCF9258-2000px-PNNG.png\",\"datePublished\":\"2026-02-27T09:03:11+00:00\",\"dateModified\":\"2026-04-10T22:51:58+00:00\",\"description\":\"K\u00f6p Deutsch 4-Way Crimpverktyg DT\/DTM Size 16 AWG 14\u201320, Luxtar. Professionellt pressverktyg f\u00f6r closed barrel-kontakter 0,50\u20132,50 mm\u00b2. Snabb leverans. \u00d6ppet k\u00f6p 30 dagar.\",\"breadcrumb\":{\"@id\":\"https:\/\/xenonkungen.com\/produkt\/luxtar-deutsch-4-way-hand-crimping-tool-for-deutsch-terminals\/#breadcrumb\"},\"inLanguage\":\"fi\",\"potentialAction\":[{\"@type\":\"ReadAction\",\"target\":[\"https:\/\/xenonkungen.com\/produkt\/luxtar-deutsch-4-way-hand-crimping-tool-for-deutsch-terminals\/\"]}]},{\"@type\":\"ImageObject\",\"inLanguage\":\"fi\",\"@id\":\"https:\/\/xenonkungen.com\/produkt\/luxtar-deutsch-4-way-hand-crimping-tool-for-deutsch-terminals\/#primaryimage\",\"url\":\"https:\/\/xenonkungen.com\/wp-content\/uploads\/2026\/02\/WIRE-CRIMPER-1-ArtNr.159050-DSCF9258-2000px-PNNG.png\",\"contentUrl\":\"https:\/\/xenonkungen.com\/wp-content\/uploads\/2026\/02\/WIRE-CRIMPER-1-ArtNr.159050-DSCF9258-2000px-PNNG.png\",\"width\":2200,\"height\":1060},{\"@type\":\"BreadcrumbList\",\"@id\":\"https:\/\/xenonkungen.com\/produkt\/luxtar-deutsch-4-way-hand-crimping-tool-for-deutsch-terminals\/#breadcrumb\",\"itemListElement\":[{\"@type\":\"ListItem\",\"position\":1,\"name\":\"Hem\",\"item\":\"https:\/\/xenonkungen.com\/\"},{\"@type\":\"ListItem\",\"position\":2,\"name\":\"Shop\",\"item\":\"https:\/\/xenonkungen.com\/shop\/\"},{\"@type\":\"ListItem\",\"position\":3,\"name\":\"Luxtar Deutsch 4-way Hand Crimping Tool for Deutsch Terminals\"}]},{\"@type\":\"WebSite\",\"@id\":\"https:\/\/xenonkungen.com\/#website\",\"url\":\"https:\/\/xenonkungen.com\/\",\"name\":\"Xenonkungen\",\"description\":\"\",\"potentialAction\":[{\"@type\":\"SearchAction\",\"target\":{\"@type\":\"EntryPoint\",\"urlTemplate\":\"https:\/\/xenonkungen.com\/?s={search_term_string}\"},\"query-input\":{\"@type\":\"PropertyValueSpecification\",\"valueRequired\":true,\"valueName\":\"search_term_string\"}}],\"inLanguage\":\"fi\"}]}<\/script>\n<!-- \/ Yoast SEO plugin. -->","yoast_head_json":{"title":"Luxtar Deutsch 4-napainen k\u00e4sik\u00e4ytt\u00f6inen puristuspihti Deutsch-liittimille - Xenonkungen Deutsch 4-napainen puristuspihti DT\/DTM koko 16 AWG 14\u201320, Luxtar - Xenonkungen","description":"Osta Deutschin 4-napainen puristusty\u00f6kalu DT\/DTM, koko 16 AWG 14\u201320, Luxtar. Ammattimainen puristusty\u00f6kalu suljetuille koskettimille 0,50\u20132,50 mm\u00b2. Nopea toimitus. Avaa ostos 30 p\u00e4iv\u00e4n kuluessa.","robots":{"index":"index","follow":"follow","max-snippet":"max-snippet:-1","max-image-preview":"max-image-preview:large","max-video-preview":"max-video-preview:-1"},"canonical":"https:\/\/xenonkungen.com\/fi\/tuote\/luxtar-deutsch-4-napainen-kasikayttoinen-puristustyokalu-saksalaisille-liittimille\/","og_locale":"fi_FI","og_type":"article","og_title":"Luxtar Deutsch 4-way Hand Crimping Tool for Deutsch Terminals - Xenonkungen Deutsch 4-Way Crimpverktyg DT\/DTM Size 16 AWG 14\u201320, Luxtar - Xenonkungen","og_description":"K\u00f6p Deutsch 4-Way Crimpverktyg DT\/DTM Size 16 AWG 14\u201320, Luxtar. Professionellt pressverktyg f\u00f6r closed barrel-kontakter 0,50\u20132,50 mm\u00b2. Snabb leverans. \u00d6ppet k\u00f6p 30 dagar.","og_url":"https:\/\/xenonkungen.com\/fi\/tuote\/luxtar-deutsch-4-napainen-kasikayttoinen-puristustyokalu-saksalaisille-liittimille\/","og_site_name":"Xenonkungen","article_modified_time":"2026-04-10T22:51:58+00:00","og_image":[{"width":2200,"height":1060,"url":"https:\/\/xenonkungen.com\/wp-content\/uploads\/2026\/02\/WIRE-CRIMPER-1-ArtNr.159050-DSCF9258-2000px-PNNG.png","type":"image\/png"}],"twitter_card":"summary_large_image","twitter_misc":{"Arvioitu lukuaika":"2 minuuttia"},"schema":{"@context":"https:\/\/schema.org","@graph":[{"@type":"WebPage","@id":"https:\/\/xenonkungen.com\/produkt\/luxtar-deutsch-4-way-hand-crimping-tool-for-deutsch-terminals\/","url":"https:\/\/xenonkungen.com\/produkt\/luxtar-deutsch-4-way-hand-crimping-tool-for-deutsch-terminals\/","name":"Luxtar Deutsch 4-napainen k\u00e4sik\u00e4ytt\u00f6inen puristuspihti Deutsch-liittimille - Xenonkungen Deutsch 4-napainen puristuspihti DT\/DTM koko 16 AWG 14\u201320, Luxtar - Xenonkungen","isPartOf":{"@id":"https:\/\/xenonkungen.com\/#website"},"primaryImageOfPage":{"@id":"https:\/\/xenonkungen.com\/produkt\/luxtar-deutsch-4-way-hand-crimping-tool-for-deutsch-terminals\/#primaryimage"},"image":{"@id":"https:\/\/xenonkungen.com\/produkt\/luxtar-deutsch-4-way-hand-crimping-tool-for-deutsch-terminals\/#primaryimage"},"thumbnailUrl":"https:\/\/xenonkungen.com\/wp-content\/uploads\/2026\/02\/WIRE-CRIMPER-1-ArtNr.159050-DSCF9258-2000px-PNNG.png","datePublished":"2026-02-27T09:03:11+00:00","dateModified":"2026-04-10T22:51:58+00:00","description":"Osta Deutschin 4-napainen puristusty\u00f6kalu DT\/DTM, koko 16 AWG 14\u201320, Luxtar. Ammattimainen puristusty\u00f6kalu suljetuille koskettimille 0,50\u20132,50 mm\u00b2. Nopea toimitus. Avaa ostos 30 p\u00e4iv\u00e4n kuluessa.","breadcrumb":{"@id":"https:\/\/xenonkungen.com\/produkt\/luxtar-deutsch-4-way-hand-crimping-tool-for-deutsch-terminals\/#breadcrumb"},"inLanguage":"fi","potentialAction":[{"@type":"ReadAction","target":["https:\/\/xenonkungen.com\/produkt\/luxtar-deutsch-4-way-hand-crimping-tool-for-deutsch-terminals\/"]}]},{"@type":"ImageObject","inLanguage":"fi","@id":"https:\/\/xenonkungen.com\/produkt\/luxtar-deutsch-4-way-hand-crimping-tool-for-deutsch-terminals\/#primaryimage","url":"https:\/\/xenonkungen.com\/wp-content\/uploads\/2026\/02\/WIRE-CRIMPER-1-ArtNr.159050-DSCF9258-2000px-PNNG.png","contentUrl":"https:\/\/xenonkungen.com\/wp-content\/uploads\/2026\/02\/WIRE-CRIMPER-1-ArtNr.159050-DSCF9258-2000px-PNNG.png","width":2200,"height":1060},{"@type":"BreadcrumbList","@id":"https:\/\/xenonkungen.com\/produkt\/luxtar-deutsch-4-way-hand-crimping-tool-for-deutsch-terminals\/#breadcrumb","itemListElement":[{"@type":"ListItem","position":1,"name":"Hem","item":"https:\/\/xenonkungen.com\/"},{"@type":"ListItem","position":2,"name":"Shop","item":"https:\/\/xenonkungen.com\/shop\/"},{"@type":"ListItem","position":3,"name":"Luxtar Deutsch 4-way Hand Crimping Tool for Deutsch Terminals"}]},{"@type":"WebSite","@id":"https:\/\/xenonkungen.com\/#website","url":"https:\/\/xenonkungen.com\/","name":"Xenonkungen","description":"","potentialAction":[{"@type":"SearchAction","target":{"@type":"EntryPoint","urlTemplate":"https:\/\/xenonkungen.com\/?s={search_term_string}"},"query-input":{"@type":"PropertyValueSpecification","valueRequired":true,"valueName":"search_term_string"}}],"inLanguage":"fi"}]}},"taxonomy_info":{"product_brand":[{"value":103,"label":"LUXTAR"}],"product_cat":[{"value":2612,"label":"INSTALLATION"},{"value":2545,"label":"INSTALLATION"},{"value":2795,"label":"Kablar och Rel\u00e4"},{"value":2613,"label":"\u00d6vriga Tillbeh\u00f6r"},{"value":2546,"label":"\u00d6vriga Tillbeh\u00f6r"},{"value":2555,"label":"Tillbeh\u00f6r"},{"value":2446,"label":"Tillbeh\u00f6r"},{"value":2536,"label":"Tillbeh\u00f6r"},{"value":727,"label":"Tillbeh\u00f6r"}]},"featured_image_src_large":["https:\/\/xenonkungen.com\/wp-content\/uploads\/2026\/02\/WIRE-CRIMPER-1-ArtNr.159050-DSCF9258-2000px-PNNG-1024x493.png",1024,493,true],"author_info":[],"comment_info":0,"_links":{"self":[{"href":"https:\/\/xenonkungen.com\/fi\/wp-json\/wp\/v2\/product\/26724","targetHints":{"allow":["GET"]}}],"collection":[{"href":"https:\/\/xenonkungen.com\/fi\/wp-json\/wp\/v2\/product"}],"about":[{"href":"https:\/\/xenonkungen.com\/fi\/wp-json\/wp\/v2\/types\/product"}],"replies":[{"embeddable":true,"href":"https:\/\/xenonkungen.com\/fi\/wp-json\/wp\/v2\/comments?post=26724"}],"wp:featuredmedia":[{"embeddable":true,"href":"https:\/\/xenonkungen.com\/fi\/wp-json\/wp\/v2\/media\/26725"}],"wp:attachment":[{"href":"https:\/\/xenonkungen.com\/fi\/wp-json\/wp\/v2\/media?parent=26724"}],"wp:term":[{"taxonomy":"anvandningsomrade","embeddable":true,"href":"https:\/\/xenonkungen.com\/fi\/wp-json\/wp\/v2\/anvandningsomrade?post=26724"},{"taxonomy":"bilmarken","embeddable":true,"href":"https:\/\/xenonkungen.com\/fi\/wp-json\/wp\/v2\/bilmarken?post=26724"},{"taxonomy":"product_brand","embeddable":true,"href":"https:\/\/xenonkungen.com\/fi\/wp-json\/wp\/v2\/product_brand?post=26724"},{"taxonomy":"product_cat","embeddable":true,"href":"https:\/\/xenonkungen.com\/fi\/wp-json\/wp\/v2\/product_cat?post=26724"},{"taxonomy":"product_tag","embeddable":true,"href":"https:\/\/xenonkungen.com\/fi\/wp-json\/wp\/v2\/product_tag?post=26724"}],"curies":[{"name":"wp","href":"https:\/\/api.w.org\/{rel}","templated":true}]}}