{"id":26747,"date":"2026-02-25T12:59:51","date_gmt":"2026-02-25T11:59:51","guid":{"rendered":"https:\/\/xenonkungen.com\/?post_type=product&#038;p=26747"},"modified":"2026-04-11T00:34:59","modified_gmt":"2026-04-10T23:34:59","slug":"varsivalo-lyhyet-etu-ja-takavilkut-12-24v-ip67-led-automaattivalot","status":"publish","type":"product","link":"https:\/\/xenonkungen.com\/fi\/tuote\/varsivalo-lyhyet-etu-ja-takavilkut-12-24v-ip67-led-automaattivalot\/","title":{"rendered":"Varsivalo Lyhyt etu\/taka\/vilkut 12\/24V IP67, LED-automaattivalot"},"content":{"rendered":"<h2 data-start=\"733\" data-end=\"808\">Tehokas ja selke\u00e4 kohdennus- ja merkint\u00e4valaistus kompaktissa muodossa<\/h2>\n<p data-start=\"810\" data-end=\"1027\">T\u00e4m\u00e4 lyhytvartinen valo yhdist\u00e4\u00e4 etuvalon, takavalon, vilkun ja sivuvalon samaan yksikk\u00f6\u00f6n. T\u00e4ydellinen per\u00e4vaunuihin, kuorma-autoihin, rakennuskoneisiin ja muihin ajoneuvoihin, joissa selke\u00e4 n\u00e4kyvyys ja k\u00e4ytt\u00f6varmuus ovat olennaisia.<\/p>\n<p data-start=\"1029\" data-end=\"1153\">Alhaisen virrankulutuksen ja vakaan LED-tekniikan ansiosta saat energiatehokkaan ratkaisun, joka toimii yht\u00e4 hyvin sek\u00e4 12 V ett\u00e4 24 V j\u00e4rjestelmiss\u00e4.<\/p>\n<h2 data-start=\"1155\" data-end=\"1197\">Joustava ja eritt\u00e4in kest\u00e4v\u00e4 rakenne<\/h2>\n<p data-start=\"1199\" data-end=\"1371\">Valaisimessa on joustava kumipohja, joka vaimentaa tehokkaasti t\u00e4rin\u00e4\u00e4 ja iskuja. Rakenne tekee siit\u00e4 eritt\u00e4in iskunkest\u00e4v\u00e4n ja ihanteellisen vaativiin pohjoismaisiin olosuhteisiin.<\/p>\n<p data-start=\"1373\" data-end=\"1494\">Se on t\u00e4ysin vedenpit\u00e4v\u00e4 IP67-luokituksen mukaisesti, mik\u00e4 tarkoittaa, ett\u00e4 se on suojattu p\u00f6lylt\u00e4 ja kest\u00e4\u00e4 tilap\u00e4isen upotuksen veteen.<\/p>\n<h2 data-start=\"1496\" data-end=\"1530\">Monij\u00e4nnite ja t\u00e4ysin ECE-hyv\u00e4ksytty<\/h2>\n<p data-start=\"1532\" data-end=\"1607\">K\u00e4sivalaisin sopii sek\u00e4 12 V:n ett\u00e4 24 V:n j\u00e4nnitteelle ja on t\u00e4ysin ECE-hyv\u00e4ksytty seuraavien standardien mukaisesti:<\/p>\n<ul data-start=\"1609\" data-end=\"1643\">\n<li data-start=\"1609\" data-end=\"1620\">\n<p data-start=\"1611\" data-end=\"1620\">ECE R10<\/p>\n<\/li>\n<li data-start=\"1621\" data-end=\"1631\">\n<p data-start=\"1623\" data-end=\"1631\">ECE-s\u00e4\u00e4nt\u00f6 7<\/p>\n<\/li>\n<li data-start=\"1632\" data-end=\"1643\">\n<p data-start=\"1634\" data-end=\"1643\">ECE-s\u00e4\u00e4nt\u00f6 91<\/p>\n<\/li>\n<\/ul>\n<p data-start=\"1645\" data-end=\"1759\">T\u00e4m\u00e4 tekee siit\u00e4 hyv\u00e4ksytyn k\u00e4ytett\u00e4v\u00e4ksi liikenteess\u00e4 ja varmistaa asianmukaisen toiminnan ja s\u00e4hk\u00f6magneettisen yhteensopivuuden.<\/p>\n<h2 data-start=\"1761\" data-end=\"1782\">K\u00e4ytt\u00f6alueet<\/h2>\n<ul data-start=\"1784\" data-end=\"1874\">\n<li data-start=\"1784\" data-end=\"1798\">\n<p data-start=\"1786\" data-end=\"1798\">Per\u00e4vaunut<\/p>\n<\/li>\n<li data-start=\"1799\" data-end=\"1812\">\n<p data-start=\"1801\" data-end=\"1812\">Kuorma-autot<\/p>\n<\/li>\n<li data-start=\"1813\" data-end=\"1834\">\n<p data-start=\"1815\" data-end=\"1834\">Rakennusajoneuvot<\/p>\n<\/li>\n<li data-start=\"1835\" data-end=\"1856\">\n<p data-start=\"1837\" data-end=\"1856\">Maatalouskoneet<\/p>\n<\/li>\n<li data-start=\"1857\" data-end=\"1874\">\n<p data-start=\"1859\" data-end=\"1874\">Erikoisajoneuvot<\/p>\n<\/li>\n<\/ul>\n<p data-start=\"1876\" data-end=\"1976\">T\u00e4ydellinen ratkaisu, kun haluat yhdist\u00e4\u00e4 useita toimintoja kompaktissa ja kest\u00e4v\u00e4ss\u00e4 varsivalaisimessa.<\/p>","protected":false},"excerpt":{"rendered":"<p>Kompakti ja monipuolinen varsivalaisin, jossa etu-, taka- ja vilkkutoiminnot samassa yksik\u00f6ss\u00e4. IP67-luokiteltu, t\u00e4ysin ECE-hyv\u00e4ksytty ja mukautettu 12\/24 V j\u00e4rjestelmiin vaativissa ymp\u00e4rist\u00f6iss\u00e4.<\/p>","protected":false},"featured_media":26751,"comment_status":"open","ping_status":"closed","template":"","meta":{"_acf_changed":false,"_smort_price_nok":"390","_smort_price_dkk":"","_smort_price_eur":"","_smort_sale_price_nok":"","_smort_sale_price_dkk":"","_smort_sale_price_eur":"","smort_restorder":"","shipmondo_restorder":"","_kad_blocks_custom_css":"","_kad_blocks_head_custom_js":"","_kad_blocks_body_custom_js":"","_kad_blocks_footer_custom_js":"","smort_custom_pricelist_1":"233.6","smort_custom_pricelist_2":"204.4","smort_custom_pricelist_3":"189.8","smort_custom_pricelist_4":"292","smort_custom_pricelist_5":"204.4"},"anvandningsomrade":[],"bilmarken":[],"product_brand":[1252,99],"product_cat":[2815,2478],"product_tag":[],"class_list":{"0":"post-26747","1":"product","2":"type-product","3":"status-publish","4":"has-post-thumbnail","6":"product_brand-lea","7":"product_brand-led-autolamps","8":"product_cat-armlampa","9":"product_cat-positionsljus-slap","10":"pa_fuktskydd-varde-ipxx-ip67","11":"pa_godkannande-ece","12":"pa_godkannande-r10","13":"pa_godkannande-r7","14":"pa_godkannande-r91","15":"pa_storlek-mm-102x70x52","16":"pa_stromforbrukning-005a-138v","17":"pa_stromforbrukning-005a-28v","18":"pa_volt-v-159","19":"pa_volt-v-160","21":"first","22":"instock","23":"taxable","24":"shipping-taxable","25":"purchasable","26":"product-type-simple"},"bundled_by":[],"bundle_stock_status":"instock","bundle_stock_quantity":4,"bundle_virtual":false,"bundle_layout":"","bundle_add_to_cart_form_location":"","bundle_editable_in_cart":false,"bundle_sold_individually_context":"","bundle_item_grouping":"","bundle_min_size":"","bundle_max_size":"","bundle_price":[],"bundled_items":[],"bundle_sell_ids":[],"acf":[],"yoast_head":"<!-- This site is optimized with the Yoast SEO plugin v27.0 - https:\/\/yoast.com\/product\/yoast-seo-wordpress\/ -->\n<title>Armlampa Kort Front\/Bak\/Blinkers 12\/24V IP67, LED Autolamps - Xenonkungen Armlampa Kort Front Bak Blinkers 12\/24V IP67, LED Autolamps - Xenonkungen<\/title>\n<meta name=\"description\" content=\"K\u00f6p Armlampa Kort Front Bak Blinkers 12\/24V IP67, LED Autolamps. Flexibel och slagt\u00e5lig multivolt-arm med ECE-godk\u00e4nnande. Snabb leverans. \u00d6ppet k\u00f6p 30 dagar. Handla enkelt p\u00e5 xenonkungen.com!\" \/>\n<meta name=\"robots\" content=\"index, follow, max-snippet:-1, max-image-preview:large, max-video-preview:-1\" \/>\n<link rel=\"canonical\" href=\"https:\/\/xenonkungen.com\/fi\/tuote\/varsivalo-lyhyet-etu-ja-takavilkut-12-24v-ip67-led-automaattivalot\/\" \/>\n<meta property=\"og:locale\" content=\"fi_FI\" \/>\n<meta property=\"og:type\" content=\"article\" \/>\n<meta property=\"og:title\" content=\"Armlampa Kort Front\/Bak\/Blinkers 12\/24V IP67, LED Autolamps - Xenonkungen Armlampa Kort Front Bak Blinkers 12\/24V IP67, LED Autolamps - Xenonkungen\" \/>\n<meta property=\"og:description\" content=\"K\u00f6p Armlampa Kort Front Bak Blinkers 12\/24V IP67, LED Autolamps. Flexibel och slagt\u00e5lig multivolt-arm med ECE-godk\u00e4nnande. Snabb leverans. \u00d6ppet k\u00f6p 30 dagar. Handla enkelt p\u00e5 xenonkungen.com!\" \/>\n<meta property=\"og:url\" content=\"https:\/\/xenonkungen.com\/fi\/tuote\/varsivalo-lyhyet-etu-ja-takavilkut-12-24v-ip67-led-automaattivalot\/\" \/>\n<meta property=\"og:site_name\" content=\"Xenonkungen\" \/>\n<meta property=\"article:modified_time\" content=\"2026-04-10T23:34:59+00:00\" \/>\n<meta property=\"og:image\" content=\"https:\/\/xenonkungen.com\/wp-content\/uploads\/2026\/02\/1008LR2-800x800-1.jpg\" \/>\n\t<meta property=\"og:image:width\" content=\"800\" \/>\n\t<meta property=\"og:image:height\" content=\"800\" \/>\n\t<meta property=\"og:image:type\" content=\"image\/jpeg\" \/>\n<meta name=\"twitter:card\" content=\"summary_large_image\" \/>\n<meta name=\"twitter:label1\" content=\"Arvioitu lukuaika\" \/>\n\t<meta name=\"twitter:data1\" content=\"2 minuuttia\" \/>\n<script type=\"application\/ld+json\" class=\"yoast-schema-graph\">{\"@context\":\"https:\/\/schema.org\",\"@graph\":[{\"@type\":\"WebPage\",\"@id\":\"https:\/\/xenonkungen.com\/produkt\/armlampa-kort-front-bak-blinkers-12-24v-ip67-led-autolamps\/\",\"url\":\"https:\/\/xenonkungen.com\/produkt\/armlampa-kort-front-bak-blinkers-12-24v-ip67-led-autolamps\/\",\"name\":\"Armlampa Kort Front\/Bak\/Blinkers 12\/24V IP67, LED Autolamps - Xenonkungen Armlampa Kort Front Bak Blinkers 12\/24V IP67, LED Autolamps - Xenonkungen\",\"isPartOf\":{\"@id\":\"https:\/\/xenonkungen.com\/#website\"},\"primaryImageOfPage\":{\"@id\":\"https:\/\/xenonkungen.com\/produkt\/armlampa-kort-front-bak-blinkers-12-24v-ip67-led-autolamps\/#primaryimage\"},\"image\":{\"@id\":\"https:\/\/xenonkungen.com\/produkt\/armlampa-kort-front-bak-blinkers-12-24v-ip67-led-autolamps\/#primaryimage\"},\"thumbnailUrl\":\"https:\/\/xenonkungen.com\/wp-content\/uploads\/2026\/02\/1008LR2-800x800-1.jpg\",\"datePublished\":\"2026-02-25T11:59:51+00:00\",\"dateModified\":\"2026-04-10T23:34:59+00:00\",\"description\":\"K\u00f6p Armlampa Kort Front Bak Blinkers 12\/24V IP67, LED Autolamps. Flexibel och slagt\u00e5lig multivolt-arm med ECE-godk\u00e4nnande. Snabb leverans. \u00d6ppet k\u00f6p 30 dagar. Handla enkelt p\u00e5 xenonkungen.com!\",\"breadcrumb\":{\"@id\":\"https:\/\/xenonkungen.com\/produkt\/armlampa-kort-front-bak-blinkers-12-24v-ip67-led-autolamps\/#breadcrumb\"},\"inLanguage\":\"fi\",\"potentialAction\":[{\"@type\":\"ReadAction\",\"target\":[\"https:\/\/xenonkungen.com\/produkt\/armlampa-kort-front-bak-blinkers-12-24v-ip67-led-autolamps\/\"]}]},{\"@type\":\"ImageObject\",\"inLanguage\":\"fi\",\"@id\":\"https:\/\/xenonkungen.com\/produkt\/armlampa-kort-front-bak-blinkers-12-24v-ip67-led-autolamps\/#primaryimage\",\"url\":\"https:\/\/xenonkungen.com\/wp-content\/uploads\/2026\/02\/1008LR2-800x800-1.jpg\",\"contentUrl\":\"https:\/\/xenonkungen.com\/wp-content\/uploads\/2026\/02\/1008LR2-800x800-1.jpg\",\"width\":800,\"height\":800},{\"@type\":\"BreadcrumbList\",\"@id\":\"https:\/\/xenonkungen.com\/produkt\/armlampa-kort-front-bak-blinkers-12-24v-ip67-led-autolamps\/#breadcrumb\",\"itemListElement\":[{\"@type\":\"ListItem\",\"position\":1,\"name\":\"Hem\",\"item\":\"https:\/\/xenonkungen.com\/\"},{\"@type\":\"ListItem\",\"position\":2,\"name\":\"Shop\",\"item\":\"https:\/\/xenonkungen.com\/shop\/\"},{\"@type\":\"ListItem\",\"position\":3,\"name\":\"Armlampa Kort Front\/Bak\/Blinkers 12\/24V IP67, LED Autolamps\"}]},{\"@type\":\"WebSite\",\"@id\":\"https:\/\/xenonkungen.com\/#website\",\"url\":\"https:\/\/xenonkungen.com\/\",\"name\":\"Xenonkungen\",\"description\":\"\",\"potentialAction\":[{\"@type\":\"SearchAction\",\"target\":{\"@type\":\"EntryPoint\",\"urlTemplate\":\"https:\/\/xenonkungen.com\/?s={search_term_string}\"},\"query-input\":{\"@type\":\"PropertyValueSpecification\",\"valueRequired\":true,\"valueName\":\"search_term_string\"}}],\"inLanguage\":\"fi\"}]}<\/script>\n<!-- \/ Yoast SEO plugin. -->","yoast_head_json":{"title":"Lyhyt k\u00e4sivarsivalo etu\/taka\/vilkut 12\/24V IP67, LED-automaattivalot - Xenonkungen Lyhyt k\u00e4sivarsivalo etu\/taka vilkut 12\/24V IP67, LED-automaattivalot - Xenonkungen","description":"Osta varsivalo lyhyt etu- ja takavilkuille 12\/24V IP67, LED-automaattivalot. Joustava ja iskunkest\u00e4v\u00e4 monij\u00e4nnitevarsi ECE-hyv\u00e4ksynn\u00e4ll\u00e4. Nopea toimitus. Avoin ostoaika 30 p\u00e4iv\u00e4\u00e4. Osta helposti osoitteessa xenonkungen.com!","robots":{"index":"index","follow":"follow","max-snippet":"max-snippet:-1","max-image-preview":"max-image-preview:large","max-video-preview":"max-video-preview:-1"},"canonical":"https:\/\/xenonkungen.com\/fi\/tuote\/varsivalo-lyhyet-etu-ja-takavilkut-12-24v-ip67-led-automaattivalot\/","og_locale":"fi_FI","og_type":"article","og_title":"Armlampa Kort Front\/Bak\/Blinkers 12\/24V IP67, LED Autolamps - Xenonkungen Armlampa Kort Front Bak Blinkers 12\/24V IP67, LED Autolamps - Xenonkungen","og_description":"K\u00f6p Armlampa Kort Front Bak Blinkers 12\/24V IP67, LED Autolamps. Flexibel och slagt\u00e5lig multivolt-arm med ECE-godk\u00e4nnande. Snabb leverans. \u00d6ppet k\u00f6p 30 dagar. Handla enkelt p\u00e5 xenonkungen.com!","og_url":"https:\/\/xenonkungen.com\/fi\/tuote\/varsivalo-lyhyet-etu-ja-takavilkut-12-24v-ip67-led-automaattivalot\/","og_site_name":"Xenonkungen","article_modified_time":"2026-04-10T23:34:59+00:00","og_image":[{"width":800,"height":800,"url":"https:\/\/xenonkungen.com\/wp-content\/uploads\/2026\/02\/1008LR2-800x800-1.jpg","type":"image\/jpeg"}],"twitter_card":"summary_large_image","twitter_misc":{"Arvioitu lukuaika":"2 minuuttia"},"schema":{"@context":"https:\/\/schema.org","@graph":[{"@type":"WebPage","@id":"https:\/\/xenonkungen.com\/produkt\/armlampa-kort-front-bak-blinkers-12-24v-ip67-led-autolamps\/","url":"https:\/\/xenonkungen.com\/produkt\/armlampa-kort-front-bak-blinkers-12-24v-ip67-led-autolamps\/","name":"Lyhyt k\u00e4sivarsivalo etu\/taka\/vilkut 12\/24V IP67, LED-automaattivalot - Xenonkungen Lyhyt k\u00e4sivarsivalo etu\/taka vilkut 12\/24V IP67, LED-automaattivalot - Xenonkungen","isPartOf":{"@id":"https:\/\/xenonkungen.com\/#website"},"primaryImageOfPage":{"@id":"https:\/\/xenonkungen.com\/produkt\/armlampa-kort-front-bak-blinkers-12-24v-ip67-led-autolamps\/#primaryimage"},"image":{"@id":"https:\/\/xenonkungen.com\/produkt\/armlampa-kort-front-bak-blinkers-12-24v-ip67-led-autolamps\/#primaryimage"},"thumbnailUrl":"https:\/\/xenonkungen.com\/wp-content\/uploads\/2026\/02\/1008LR2-800x800-1.jpg","datePublished":"2026-02-25T11:59:51+00:00","dateModified":"2026-04-10T23:34:59+00:00","description":"Osta varsivalo lyhyt etu- ja takavilkuille 12\/24V IP67, LED-automaattivalot. Joustava ja iskunkest\u00e4v\u00e4 monij\u00e4nnitevarsi ECE-hyv\u00e4ksynn\u00e4ll\u00e4. Nopea toimitus. Avoin ostoaika 30 p\u00e4iv\u00e4\u00e4. Osta helposti osoitteessa xenonkungen.com!","breadcrumb":{"@id":"https:\/\/xenonkungen.com\/produkt\/armlampa-kort-front-bak-blinkers-12-24v-ip67-led-autolamps\/#breadcrumb"},"inLanguage":"fi","potentialAction":[{"@type":"ReadAction","target":["https:\/\/xenonkungen.com\/produkt\/armlampa-kort-front-bak-blinkers-12-24v-ip67-led-autolamps\/"]}]},{"@type":"ImageObject","inLanguage":"fi","@id":"https:\/\/xenonkungen.com\/produkt\/armlampa-kort-front-bak-blinkers-12-24v-ip67-led-autolamps\/#primaryimage","url":"https:\/\/xenonkungen.com\/wp-content\/uploads\/2026\/02\/1008LR2-800x800-1.jpg","contentUrl":"https:\/\/xenonkungen.com\/wp-content\/uploads\/2026\/02\/1008LR2-800x800-1.jpg","width":800,"height":800},{"@type":"BreadcrumbList","@id":"https:\/\/xenonkungen.com\/produkt\/armlampa-kort-front-bak-blinkers-12-24v-ip67-led-autolamps\/#breadcrumb","itemListElement":[{"@type":"ListItem","position":1,"name":"Hem","item":"https:\/\/xenonkungen.com\/"},{"@type":"ListItem","position":2,"name":"Shop","item":"https:\/\/xenonkungen.com\/shop\/"},{"@type":"ListItem","position":3,"name":"Armlampa Kort Front\/Bak\/Blinkers 12\/24V IP67, LED Autolamps"}]},{"@type":"WebSite","@id":"https:\/\/xenonkungen.com\/#website","url":"https:\/\/xenonkungen.com\/","name":"Xenonkungen","description":"","potentialAction":[{"@type":"SearchAction","target":{"@type":"EntryPoint","urlTemplate":"https:\/\/xenonkungen.com\/?s={search_term_string}"},"query-input":{"@type":"PropertyValueSpecification","valueRequired":true,"valueName":"search_term_string"}}],"inLanguage":"fi"}]}},"taxonomy_info":{"product_brand":[{"value":1252,"label":"LEA"},{"value":99,"label":"LED Autolamps"}],"product_cat":[{"value":2815,"label":"Armlampa"},{"value":2478,"label":"Positionsljus"}],"pa_fuktskydd-varde-ipxx":[{"value":333,"label":"IP67"}],"pa_godkannande":[{"value":192,"label":"ECE"},{"value":184,"label":"R10"},{"value":2863,"label":"R7"},{"value":2888,"label":"R91"}],"pa_storlek-mm":[{"value":2887,"label":"102x70x52"}],"pa_stromforbrukning":[{"value":1877,"label":"0,05A @13,8V"},{"value":1881,"label":"0,05A @28V"}],"pa_volt-v":[{"value":159,"label":"12"},{"value":160,"label":"24"}]},"featured_image_src_large":["https:\/\/xenonkungen.com\/wp-content\/uploads\/2026\/02\/1008LR2-800x800-1.jpg",800,800,false],"author_info":[],"comment_info":0,"_links":{"self":[{"href":"https:\/\/xenonkungen.com\/fi\/wp-json\/wp\/v2\/product\/26747","targetHints":{"allow":["GET"]}}],"collection":[{"href":"https:\/\/xenonkungen.com\/fi\/wp-json\/wp\/v2\/product"}],"about":[{"href":"https:\/\/xenonkungen.com\/fi\/wp-json\/wp\/v2\/types\/product"}],"replies":[{"embeddable":true,"href":"https:\/\/xenonkungen.com\/fi\/wp-json\/wp\/v2\/comments?post=26747"}],"wp:featuredmedia":[{"embeddable":true,"href":"https:\/\/xenonkungen.com\/fi\/wp-json\/wp\/v2\/media\/26751"}],"wp:attachment":[{"href":"https:\/\/xenonkungen.com\/fi\/wp-json\/wp\/v2\/media?parent=26747"}],"wp:term":[{"taxonomy":"anvandningsomrade","embeddable":true,"href":"https:\/\/xenonkungen.com\/fi\/wp-json\/wp\/v2\/anvandningsomrade?post=26747"},{"taxonomy":"bilmarken","embeddable":true,"href":"https:\/\/xenonkungen.com\/fi\/wp-json\/wp\/v2\/bilmarken?post=26747"},{"taxonomy":"product_brand","embeddable":true,"href":"https:\/\/xenonkungen.com\/fi\/wp-json\/wp\/v2\/product_brand?post=26747"},{"taxonomy":"product_cat","embeddable":true,"href":"https:\/\/xenonkungen.com\/fi\/wp-json\/wp\/v2\/product_cat?post=26747"},{"taxonomy":"product_tag","embeddable":true,"href":"https:\/\/xenonkungen.com\/fi\/wp-json\/wp\/v2\/product_tag?post=26747"}],"curies":[{"name":"wp","href":"https:\/\/api.w.org\/{rel}","templated":true}]}}