{"id":2690,"date":"2025-04-15T08:40:58","date_gmt":"2025-04-15T08:40:58","guid":{"rendered":"https:\/\/xenonkungen.com\/product\/offroad-halogen-h8\/"},"modified":"2026-04-10T23:54:43","modified_gmt":"2026-04-10T22:54:43","slug":"maastohalogeeni-h8","status":"publish","type":"product","link":"https:\/\/xenonkungen.com\/fi\/tuote\/maastohalogeeni-h8\/","title":{"rendered":"Offroad halogeeni | H8"},"content":{"rendered":"<p>Uusi sarjamme, jossa on halogeeni offroad (yellowlook).<br \/>T\u00e4ydellinen, kun haluat antaa autollesi yksil\u00f6llisemm\u00e4n ilmeen. Jos haluat j\u00e4ljitell\u00e4 LeMans-ajossa ajavien autojen ulkon\u00e4k\u00f6\u00e4 tai haluat keltaiset valot, kun sataa lunta, n\u00e4m\u00e4 valot ovat juuri sinulle. <\/p>\n<p>Offroad H8 on suunniteltu korvaamaan alkuper\u00e4inen halogeenilamppu samalla teholla. Ainoa asia, joka muuttuu, on ulkon\u00e4k\u00f6. <\/p>\n<p>Jos etsit viile\u00e4mp\u00e4\u00e4 valkoista valoa j\u00e4ljittelem\u00e4\u00e4n Xenon-autojen ulkon\u00e4k\u00f6\u00e4, saatavilla on \"Xenonlook\"-valikoima.<\/p>\n<p><strong>Hyv\u00e4 tiet\u00e4\u00e4<\/strong><br \/>T\u00e4m\u00e4 valaisin ei ole E-hyv\u00e4ksytty, joten sit\u00e4 ei saa m\u00e4\u00e4r\u00e4ysten mukaan k\u00e4ytt\u00e4\u00e4 yleisill\u00e4 teill\u00e4.<\/p>","protected":false},"excerpt":{"rendered":"<p>Offroad halogeenilamppu, jossa on hyv\u00e4 suorituskyky ja keltainen valo! Niille, jotka haluavat vaihtaa ulkoasun johonkin klassisempaan tai haluavat keltaista valoa lumisateen aikana.<\/p>\n<p>Sama teho kuin alkuper\u00e4isess\u00e4 halogeenivalaisimessa<\/p>\n<p>Hyv\u00e4 k\u00e4ytt\u00f6ik\u00e4 4-500 tuntia<\/p>\n<p>Keltainen valo<\/p>\n<p>Korkea laatu<\/p>","protected":false},"featured_media":2691,"comment_status":"closed","ping_status":"closed","template":"","meta":{"_acf_changed":false,"_smort_price_nok":"80","_smort_price_dkk":"132","_smort_price_eur":"17.73","_smort_sale_price_nok":"80","_smort_sale_price_dkk":"","_smort_sale_price_eur":"6.82","smort_restorder":"","shipmondo_restorder":"","_kad_blocks_custom_css":"","_kad_blocks_head_custom_js":"","_kad_blocks_body_custom_js":"","_kad_blocks_footer_custom_js":"","smort_custom_pricelist_1":"124.8","smort_custom_pricelist_2":"109.2","smort_custom_pricelist_3":"103.74","smort_custom_pricelist_4":"156","smort_custom_pricelist_5":"109.2"},"anvandningsomrade":[],"bilmarken":[],"product_brand":[2793],"product_cat":[2543,733],"product_tag":[],"class_list":{"0":"post-2690","1":"product","2":"type-product","3":"status-publish","4":"has-post-thumbnail","6":"product_brand-ovrigt","7":"product_cat-halogen-halvljus-helljus","8":"product_cat-halvljus-helljus","9":"pa_faktisk-effekts-forbrukning-847","10":"pa_fargtemperatur-3000k","11":"pa_lampsockel-kontakt-h8","12":"pa_volt-v-12v","14":"first","15":"instock","16":"sale","17":"taxable","18":"shipping-taxable","19":"purchasable","20":"product-type-simple"},"bundled_by":[],"bundle_stock_status":"instock","bundle_stock_quantity":58,"bundle_virtual":false,"bundle_layout":"","bundle_add_to_cart_form_location":"","bundle_editable_in_cart":false,"bundle_sold_individually_context":"","bundle_item_grouping":"","bundle_min_size":"","bundle_max_size":"","bundle_price":[],"bundled_items":[],"bundle_sell_ids":[],"acf":[],"yoast_head":"<!-- This site is optimized with the Yoast SEO plugin v27.0 - https:\/\/yoast.com\/product\/yoast-seo-wordpress\/ -->\n<title>Offroad Halogen | H8 - Xenonkungen<\/title>\n<meta name=\"robots\" content=\"index, follow, max-snippet:-1, max-image-preview:large, max-video-preview:-1\" \/>\n<link rel=\"canonical\" href=\"https:\/\/xenonkungen.com\/fi\/tuote\/maastohalogeeni-h8\/\" \/>\n<meta property=\"og:locale\" content=\"fi_FI\" \/>\n<meta property=\"og:type\" content=\"article\" \/>\n<meta property=\"og:title\" content=\"Offroad Halogen | H8 - Xenonkungen\" \/>\n<meta property=\"og:description\" content=\"Offroad Halogenlampa med god prestanda och Gult ljus! F\u00f6r dig som vill \u00e4ndra utseendet till n\u00e5got mer klassiskt, eller f\u00f6redrar gult ljus vid sn\u00f6fall. Samma effekt som original halogen God livsl\u00e4ngd 4-500 timmar Gult ljus H\u00f6g kvalitet\" \/>\n<meta property=\"og:url\" content=\"https:\/\/xenonkungen.com\/fi\/tuote\/maastohalogeeni-h8\/\" \/>\n<meta property=\"og:site_name\" content=\"Xenonkungen\" \/>\n<meta property=\"article:modified_time\" content=\"2026-04-10T22:54:43+00:00\" \/>\n<meta property=\"og:image\" content=\"https:\/\/xenonkungen.com\/wp-content\/uploads\/2025\/04\/167049063-origpic-20ccc9.png\" \/>\n\t<meta property=\"og:image:width\" content=\"1000\" \/>\n\t<meta property=\"og:image:height\" content=\"1000\" \/>\n\t<meta property=\"og:image:type\" content=\"image\/png\" \/>\n<meta name=\"twitter:card\" content=\"summary_large_image\" \/>\n<meta name=\"twitter:label1\" content=\"Arvioitu lukuaika\" \/>\n\t<meta name=\"twitter:data1\" content=\"1 minuutti\" \/>\n<script type=\"application\/ld+json\" class=\"yoast-schema-graph\">{\"@context\":\"https:\/\/schema.org\",\"@graph\":[{\"@type\":\"WebPage\",\"@id\":\"https:\/\/xenonkungen.com\/produkt\/offroad-halogen-h8\/\",\"url\":\"https:\/\/xenonkungen.com\/produkt\/offroad-halogen-h8\/\",\"name\":\"Offroad Halogen | H8 - Xenonkungen\",\"isPartOf\":{\"@id\":\"https:\/\/xenonkungen.com\/#website\"},\"primaryImageOfPage\":{\"@id\":\"https:\/\/xenonkungen.com\/produkt\/offroad-halogen-h8\/#primaryimage\"},\"image\":{\"@id\":\"https:\/\/xenonkungen.com\/produkt\/offroad-halogen-h8\/#primaryimage\"},\"thumbnailUrl\":\"https:\/\/xenonkungen.com\/wp-content\/uploads\/2025\/04\/167049063-origpic-20ccc9.png\",\"datePublished\":\"2025-04-15T08:40:58+00:00\",\"dateModified\":\"2026-04-10T22:54:43+00:00\",\"breadcrumb\":{\"@id\":\"https:\/\/xenonkungen.com\/produkt\/offroad-halogen-h8\/#breadcrumb\"},\"inLanguage\":\"fi\",\"potentialAction\":[{\"@type\":\"ReadAction\",\"target\":[\"https:\/\/xenonkungen.com\/produkt\/offroad-halogen-h8\/\"]}]},{\"@type\":\"ImageObject\",\"inLanguage\":\"fi\",\"@id\":\"https:\/\/xenonkungen.com\/produkt\/offroad-halogen-h8\/#primaryimage\",\"url\":\"https:\/\/xenonkungen.com\/wp-content\/uploads\/2025\/04\/167049063-origpic-20ccc9.png\",\"contentUrl\":\"https:\/\/xenonkungen.com\/wp-content\/uploads\/2025\/04\/167049063-origpic-20ccc9.png\",\"width\":1000,\"height\":1000},{\"@type\":\"BreadcrumbList\",\"@id\":\"https:\/\/xenonkungen.com\/produkt\/offroad-halogen-h8\/#breadcrumb\",\"itemListElement\":[{\"@type\":\"ListItem\",\"position\":1,\"name\":\"Hem\",\"item\":\"https:\/\/xenonkungen.com\/\"},{\"@type\":\"ListItem\",\"position\":2,\"name\":\"Shop\",\"item\":\"https:\/\/xenonkungen.com\/shop\/\"},{\"@type\":\"ListItem\",\"position\":3,\"name\":\"Offroad Halogen | H8\"}]},{\"@type\":\"WebSite\",\"@id\":\"https:\/\/xenonkungen.com\/#website\",\"url\":\"https:\/\/xenonkungen.com\/\",\"name\":\"Xenonkungen\",\"description\":\"\",\"potentialAction\":[{\"@type\":\"SearchAction\",\"target\":{\"@type\":\"EntryPoint\",\"urlTemplate\":\"https:\/\/xenonkungen.com\/?s={search_term_string}\"},\"query-input\":{\"@type\":\"PropertyValueSpecification\",\"valueRequired\":true,\"valueName\":\"search_term_string\"}}],\"inLanguage\":\"fi\"}]}<\/script>\n<!-- \/ Yoast SEO plugin. -->","yoast_head_json":{"title":"Maastohalogeeni | H8 - Ksenonkuningas","robots":{"index":"index","follow":"follow","max-snippet":"max-snippet:-1","max-image-preview":"max-image-preview:large","max-video-preview":"max-video-preview:-1"},"canonical":"https:\/\/xenonkungen.com\/fi\/tuote\/maastohalogeeni-h8\/","og_locale":"fi_FI","og_type":"article","og_title":"Offroad Halogen | H8 - Xenonkungen","og_description":"Offroad Halogenlampa med god prestanda och Gult ljus! F\u00f6r dig som vill \u00e4ndra utseendet till n\u00e5got mer klassiskt, eller f\u00f6redrar gult ljus vid sn\u00f6fall. Samma effekt som original halogen God livsl\u00e4ngd 4-500 timmar Gult ljus H\u00f6g kvalitet","og_url":"https:\/\/xenonkungen.com\/fi\/tuote\/maastohalogeeni-h8\/","og_site_name":"Xenonkungen","article_modified_time":"2026-04-10T22:54:43+00:00","og_image":[{"width":1000,"height":1000,"url":"https:\/\/xenonkungen.com\/wp-content\/uploads\/2025\/04\/167049063-origpic-20ccc9.png","type":"image\/png"}],"twitter_card":"summary_large_image","twitter_misc":{"Arvioitu lukuaika":"1 minuutti"},"schema":{"@context":"https:\/\/schema.org","@graph":[{"@type":"WebPage","@id":"https:\/\/xenonkungen.com\/produkt\/offroad-halogen-h8\/","url":"https:\/\/xenonkungen.com\/produkt\/offroad-halogen-h8\/","name":"Maastohalogeeni | H8 - Ksenonkuningas","isPartOf":{"@id":"https:\/\/xenonkungen.com\/#website"},"primaryImageOfPage":{"@id":"https:\/\/xenonkungen.com\/produkt\/offroad-halogen-h8\/#primaryimage"},"image":{"@id":"https:\/\/xenonkungen.com\/produkt\/offroad-halogen-h8\/#primaryimage"},"thumbnailUrl":"https:\/\/xenonkungen.com\/wp-content\/uploads\/2025\/04\/167049063-origpic-20ccc9.png","datePublished":"2025-04-15T08:40:58+00:00","dateModified":"2026-04-10T22:54:43+00:00","breadcrumb":{"@id":"https:\/\/xenonkungen.com\/produkt\/offroad-halogen-h8\/#breadcrumb"},"inLanguage":"fi","potentialAction":[{"@type":"ReadAction","target":["https:\/\/xenonkungen.com\/produkt\/offroad-halogen-h8\/"]}]},{"@type":"ImageObject","inLanguage":"fi","@id":"https:\/\/xenonkungen.com\/produkt\/offroad-halogen-h8\/#primaryimage","url":"https:\/\/xenonkungen.com\/wp-content\/uploads\/2025\/04\/167049063-origpic-20ccc9.png","contentUrl":"https:\/\/xenonkungen.com\/wp-content\/uploads\/2025\/04\/167049063-origpic-20ccc9.png","width":1000,"height":1000},{"@type":"BreadcrumbList","@id":"https:\/\/xenonkungen.com\/produkt\/offroad-halogen-h8\/#breadcrumb","itemListElement":[{"@type":"ListItem","position":1,"name":"Hem","item":"https:\/\/xenonkungen.com\/"},{"@type":"ListItem","position":2,"name":"Shop","item":"https:\/\/xenonkungen.com\/shop\/"},{"@type":"ListItem","position":3,"name":"Offroad Halogen | H8"}]},{"@type":"WebSite","@id":"https:\/\/xenonkungen.com\/#website","url":"https:\/\/xenonkungen.com\/","name":"Xenonkungen","description":"","potentialAction":[{"@type":"SearchAction","target":{"@type":"EntryPoint","urlTemplate":"https:\/\/xenonkungen.com\/?s={search_term_string}"},"query-input":{"@type":"PropertyValueSpecification","valueRequired":true,"valueName":"search_term_string"}}],"inLanguage":"fi"}]}},"taxonomy_info":{"product_brand":[{"value":2793,"label":"\u00d6VRIGT"}],"product_cat":[{"value":2543,"label":"Halogen"},{"value":733,"label":"Halvljus \/ Helljus"}],"pa_faktisk-effekts-forbrukning":[{"value":847,"label":"35"}],"pa_fargtemperatur":[{"value":852,"label":"3000K"}],"pa_lampsockel-kontakt":[{"value":848,"label":"H8"}],"pa_volt-v":[{"value":843,"label":"12V"}]},"featured_image_src_large":["https:\/\/xenonkungen.com\/wp-content\/uploads\/2025\/04\/167049063-origpic-20ccc9.png",1000,1000,false],"author_info":[],"comment_info":0,"_links":{"self":[{"href":"https:\/\/xenonkungen.com\/fi\/wp-json\/wp\/v2\/product\/2690","targetHints":{"allow":["GET"]}}],"collection":[{"href":"https:\/\/xenonkungen.com\/fi\/wp-json\/wp\/v2\/product"}],"about":[{"href":"https:\/\/xenonkungen.com\/fi\/wp-json\/wp\/v2\/types\/product"}],"replies":[{"embeddable":true,"href":"https:\/\/xenonkungen.com\/fi\/wp-json\/wp\/v2\/comments?post=2690"}],"wp:featuredmedia":[{"embeddable":true,"href":"https:\/\/xenonkungen.com\/fi\/wp-json\/wp\/v2\/media\/2691"}],"wp:attachment":[{"href":"https:\/\/xenonkungen.com\/fi\/wp-json\/wp\/v2\/media?parent=2690"}],"wp:term":[{"taxonomy":"anvandningsomrade","embeddable":true,"href":"https:\/\/xenonkungen.com\/fi\/wp-json\/wp\/v2\/anvandningsomrade?post=2690"},{"taxonomy":"bilmarken","embeddable":true,"href":"https:\/\/xenonkungen.com\/fi\/wp-json\/wp\/v2\/bilmarken?post=2690"},{"taxonomy":"product_brand","embeddable":true,"href":"https:\/\/xenonkungen.com\/fi\/wp-json\/wp\/v2\/product_brand?post=2690"},{"taxonomy":"product_cat","embeddable":true,"href":"https:\/\/xenonkungen.com\/fi\/wp-json\/wp\/v2\/product_cat?post=2690"},{"taxonomy":"product_tag","embeddable":true,"href":"https:\/\/xenonkungen.com\/fi\/wp-json\/wp\/v2\/product_tag?post=2690"}],"curies":[{"name":"wp","href":"https:\/\/api.w.org\/{rel}","templated":true}]}}