{"id":26901,"date":"2026-02-27T13:35:15","date_gmt":"2026-02-27T12:35:15","guid":{"rendered":"https:\/\/xenonkungen.com\/?post_type=product&#038;p=26901"},"modified":"2026-04-26T12:07:28","modified_gmt":"2026-04-26T11:07:28","slug":"malli-mukautettu-faste-ram-1500-limited-laramien-kayttoon","status":"publish","type":"product","link":"https:\/\/xenonkungen.com\/fi\/tuote\/malli-mukautettu-faste-ram-1500-limited-laramien-kayttoon\/","title":{"rendered":"Mallikohtainen kiinnike Ram 1500 Limited \/ Laramie -malliin"},"content":{"rendered":"<h2 data-start=\"144\" data-end=\"181\">T\u00e4ydellinen integrointi yl\u00e4ritil\u00e4\u00e4n<\/h2>\n<p data-start=\"183\" data-end=\"444\">T\u00e4m\u00e4 Ramer 2.0 -kiinnike on suunniteltu erityisesti Ram 1500 Limited- ja Laramie 2025+ -malleille, ja se mahdollistaa 30-tuumaisen LED-rampin tyylikk\u00e4\u00e4n asennuksen ylemp\u00e4\u00e4n maskiin. Tuloksena on huomaamaton ja ammattimainen asennus, joka sopii yhteen ajoneuvon alkuper\u00e4isen muotoilun kanssa.<\/p>\n<p data-start=\"446\" data-end=\"596\">Kiinnike on mallikohtainen tarkan istuvuuden takaamiseksi ja toimitetaan tarvittavien ruuvien ja kokoamisohjeiden kanssa turvallisen ja vakaan asennuksen takaamiseksi.<\/p>\n<p data-start=\"598\" data-end=\"799\">Kiinnike voidaan asentaa yhdess\u00e4 <strong data-start=\"642\" data-end=\"684\">OPTIBEAM Super Captain Dual 800 kaareva OPTIBEAM Super Captain Dual 800 kaareva<\/strong>, mik\u00e4 tekee siit\u00e4 erinomaisen valinnan niille, jotka haluavat yhdist\u00e4\u00e4 tehokkaan suorituskyvyn saumattomaan OEM-integraatioon.<\/p>\n<h2 data-start=\"801\" data-end=\"842\">Mukautettu asennus CAN-ohjauksella<\/h2>\n<p data-start=\"844\" data-end=\"1079\">Liit\u00e4nt\u00e4\u00e4n k\u00e4ytet\u00e4\u00e4n CANbeam-kaapelia (tuotenro: CANbeam_06). Johdotus kytket\u00e4\u00e4n matkustamon vasemman potkupaneelin takana olevaan keskusyksikk\u00f6\u00f6n. CAN-kaapeli vedet\u00e4\u00e4n kojelaudan l\u00e4pi sopivan l\u00e4piviennin kautta ja kytket\u00e4\u00e4n vihre\u00e4n vieress\u00e4 olevaan mustaan liittimeen.<\/p>\n<p data-start=\"1081\" data-end=\"1104\">Yhteystiedot:<\/p>\n<ul data-start=\"1105\" data-end=\"1144\">\n<li data-start=\"1105\" data-end=\"1127\">\n<p data-start=\"1107\" data-end=\"1127\">CAN-korkea: Ruskea\/Keltainen<\/p>\n<\/li>\n<li data-start=\"1128\" data-end=\"1144\">\n<p data-start=\"1130\" data-end=\"1144\">CAN matala: Keltainen<\/p>\n<\/li>\n<\/ul>\n<p data-start=\"1146\" data-end=\"1195\">Huomioithan, ett\u00e4 valopalkki ja johdotus myyd\u00e4\u00e4n erikseen.<\/p>\n<h2 data-start=\"1197\" data-end=\"1224\">Kokoaminen ja tarvittava aika<\/h2>\n<p data-start=\"1226\" data-end=\"1427\">T\u00e4m\u00e4n kiinnikkeen kanssa k\u00e4ytett\u00e4vien lis\u00e4valojen arvioitu asennusaika on noin 2 tuntia. Asennus on suunniteltu tehokkaaksi ja kest\u00e4v\u00e4ksi ilman tarpeettomia muutoksia.<\/p>\n<p data-start=\"1429\" data-end=\"1597\">T\u00e4m\u00e4 on optimaalinen ratkaisu niille, jotka haluavat p\u00e4ivitt\u00e4\u00e4 Ram 1500 -kameransa tehokkaalla lis\u00e4valaistuksella s\u00e4ilytt\u00e4en samalla tehdasmaisen ja ammattimaisen ulkon\u00e4\u00f6n.<\/p>","protected":false},"excerpt":{"rendered":"<p>Mallikohtainen kiinnike 30 tuuman LED-rampin asentamiseen Ram 1500 Limited- ja Laramie 2025+ -mallien ylemp\u00e4\u00e4n ritil\u00e4osaan. Tukeva kiinnitys, mukana ruuvit ja ohjeet helppoa asennusta varten.<\/p>","protected":false},"featured_media":26904,"comment_status":"open","ping_status":"closed","template":"","meta":{"_acf_changed":false,"_smort_price_nok":"2387","_smort_price_dkk":"","_smort_price_eur":"","_smort_sale_price_nok":"","_smort_sale_price_dkk":"","_smort_sale_price_eur":"","smort_restorder":"","shipmondo_restorder":"","_kad_blocks_custom_css":"","_kad_blocks_head_custom_js":"","_kad_blocks_body_custom_js":"","_kad_blocks_footer_custom_js":"","smort_custom_pricelist_1":"1430.4","smort_custom_pricelist_2":"1430.4","smort_custom_pricelist_3":"1430.4","smort_custom_pricelist_4":"1788","smort_custom_pricelist_5":"1430.4"},"anvandningsomrade":[],"bilmarken":[],"product_brand":[],"product_cat":[3073,2971,2461,390],"product_tag":[],"class_list":{"0":"post-26901","1":"product","2":"type-product","3":"status-publish","4":"has-post-thumbnail","6":"product_cat-takfaste","7":"product_cat-ledramp-fasten","8":"product_cat-fasten-installation","9":"product_cat-installation","11":"first","12":"onbackorder","13":"taxable","14":"shipping-taxable","15":"purchasable","16":"product-type-simple"},"bundled_by":[],"bundle_stock_status":"onbackorder","bundle_stock_quantity":0,"bundle_virtual":false,"bundle_layout":"","bundle_add_to_cart_form_location":"","bundle_editable_in_cart":false,"bundle_sold_individually_context":"","bundle_item_grouping":"","bundle_min_size":"","bundle_max_size":"","bundle_price":[],"bundled_items":[],"bundle_sell_ids":[],"acf":[],"yoast_head":"<!-- This site is optimized with the Yoast SEO plugin v27.0 - https:\/\/yoast.com\/product\/yoast-seo-wordpress\/ -->\n<title>Modellanpassat f\u00e4ste f\u00f6r Ram 1500 Limited \/ Laramie - Xenonkungen F\u00e4ste LED-Ramp 30\u201d Ram 1500 Limited\/Laramie 2025+ - Xenonkungen<\/title>\n<meta name=\"description\" content=\"K\u00f6p modellanpassat f\u00e4ste f\u00f6r 30\u201d LED-ramp till Ram 1500 Limited &amp; Laramie 2025+. OE-passform i \u00f6vre grill. Snabb leverans. \u00d6ppet k\u00f6p 30 dagar. Handla enkelt p\u00e5 xenonkungen.com!\" \/>\n<meta name=\"robots\" content=\"index, follow, max-snippet:-1, max-image-preview:large, max-video-preview:-1\" \/>\n<link rel=\"canonical\" href=\"https:\/\/xenonkungen.com\/fi\/tuote\/malli-mukautettu-faste-ram-1500-limited-laramien-kayttoon\/\" \/>\n<meta property=\"og:locale\" content=\"fi_FI\" \/>\n<meta property=\"og:type\" content=\"article\" \/>\n<meta property=\"og:title\" content=\"Modellanpassat f\u00e4ste f\u00f6r Ram 1500 Limited \/ Laramie - Xenonkungen F\u00e4ste LED-Ramp 30\u201d Ram 1500 Limited\/Laramie 2025+ - Xenonkungen\" \/>\n<meta property=\"og:description\" content=\"K\u00f6p modellanpassat f\u00e4ste f\u00f6r 30\u201d LED-ramp till Ram 1500 Limited &amp; Laramie 2025+. OE-passform i \u00f6vre grill. Snabb leverans. \u00d6ppet k\u00f6p 30 dagar. Handla enkelt p\u00e5 xenonkungen.com!\" \/>\n<meta property=\"og:url\" content=\"https:\/\/xenonkungen.com\/fi\/tuote\/malli-mukautettu-faste-ram-1500-limited-laramien-kayttoon\/\" \/>\n<meta property=\"og:site_name\" content=\"Xenonkungen\" \/>\n<meta property=\"article:modified_time\" content=\"2026-04-26T11:07:28+00:00\" \/>\n<meta property=\"og:image\" content=\"https:\/\/xenonkungen.com\/wp-content\/uploads\/2026\/02\/DSC05893__11513.jpg\" \/>\n\t<meta property=\"og:image:width\" content=\"1280\" \/>\n\t<meta property=\"og:image:height\" content=\"853\" \/>\n\t<meta property=\"og:image:type\" content=\"image\/jpeg\" \/>\n<meta name=\"twitter:card\" content=\"summary_large_image\" \/>\n<meta name=\"twitter:label1\" content=\"Arvioitu lukuaika\" \/>\n\t<meta name=\"twitter:data1\" content=\"2 minuuttia\" \/>\n<script type=\"application\/ld+json\" class=\"yoast-schema-graph\">{\"@context\":\"https:\/\/schema.org\",\"@graph\":[{\"@type\":\"WebPage\",\"@id\":\"https:\/\/xenonkungen.com\/produkt\/modellanpassat-faste-for-ram-1500-limited-laramie\/\",\"url\":\"https:\/\/xenonkungen.com\/produkt\/modellanpassat-faste-for-ram-1500-limited-laramie\/\",\"name\":\"Modellanpassat f\u00e4ste f\u00f6r Ram 1500 Limited \/ Laramie - Xenonkungen F\u00e4ste LED-Ramp 30\u201d Ram 1500 Limited\/Laramie 2025+ - Xenonkungen\",\"isPartOf\":{\"@id\":\"https:\/\/xenonkungen.com\/#website\"},\"primaryImageOfPage\":{\"@id\":\"https:\/\/xenonkungen.com\/produkt\/modellanpassat-faste-for-ram-1500-limited-laramie\/#primaryimage\"},\"image\":{\"@id\":\"https:\/\/xenonkungen.com\/produkt\/modellanpassat-faste-for-ram-1500-limited-laramie\/#primaryimage\"},\"thumbnailUrl\":\"https:\/\/xenonkungen.com\/wp-content\/uploads\/2026\/02\/DSC05893__11513.jpg\",\"datePublished\":\"2026-02-27T12:35:15+00:00\",\"dateModified\":\"2026-04-26T11:07:28+00:00\",\"description\":\"K\u00f6p modellanpassat f\u00e4ste f\u00f6r 30\u201d LED-ramp till Ram 1500 Limited & Laramie 2025+. OE-passform i \u00f6vre grill. Snabb leverans. \u00d6ppet k\u00f6p 30 dagar. Handla enkelt p\u00e5 xenonkungen.com!\",\"breadcrumb\":{\"@id\":\"https:\/\/xenonkungen.com\/produkt\/modellanpassat-faste-for-ram-1500-limited-laramie\/#breadcrumb\"},\"inLanguage\":\"fi\",\"potentialAction\":[{\"@type\":\"ReadAction\",\"target\":[\"https:\/\/xenonkungen.com\/produkt\/modellanpassat-faste-for-ram-1500-limited-laramie\/\"]}]},{\"@type\":\"ImageObject\",\"inLanguage\":\"fi\",\"@id\":\"https:\/\/xenonkungen.com\/produkt\/modellanpassat-faste-for-ram-1500-limited-laramie\/#primaryimage\",\"url\":\"https:\/\/xenonkungen.com\/wp-content\/uploads\/2026\/02\/DSC05893__11513.jpg\",\"contentUrl\":\"https:\/\/xenonkungen.com\/wp-content\/uploads\/2026\/02\/DSC05893__11513.jpg\",\"width\":1280,\"height\":853},{\"@type\":\"BreadcrumbList\",\"@id\":\"https:\/\/xenonkungen.com\/produkt\/modellanpassat-faste-for-ram-1500-limited-laramie\/#breadcrumb\",\"itemListElement\":[{\"@type\":\"ListItem\",\"position\":1,\"name\":\"Hem\",\"item\":\"https:\/\/xenonkungen.com\/\"},{\"@type\":\"ListItem\",\"position\":2,\"name\":\"Shop\",\"item\":\"https:\/\/xenonkungen.com\/shop\/\"},{\"@type\":\"ListItem\",\"position\":3,\"name\":\"Modellanpassat f\u00e4ste f\u00f6r Ram 1500 Limited \/ Laramie\"}]},{\"@type\":\"WebSite\",\"@id\":\"https:\/\/xenonkungen.com\/#website\",\"url\":\"https:\/\/xenonkungen.com\/\",\"name\":\"Xenonkungen\",\"description\":\"\",\"potentialAction\":[{\"@type\":\"SearchAction\",\"target\":{\"@type\":\"EntryPoint\",\"urlTemplate\":\"https:\/\/xenonkungen.com\/?s={search_term_string}\"},\"query-input\":{\"@type\":\"PropertyValueSpecification\",\"valueRequired\":true,\"valueName\":\"search_term_string\"}}],\"inLanguage\":\"fi\"}]}<\/script>\n<!-- \/ Yoast SEO plugin. -->","yoast_head_json":{"title":"Mallikohtainen kiinnike Ram 1500 Limited \/ Laramie - Xenonkungen Kannake LED-Ramp 30\u201d Ram 1500 Limited\/Laramie 2025+ - Xenonkungen","description":"Osta mallikohtainen kiinnike 30 tuuman LED-rampille Ram 1500 Limited- ja Laramie 2025+ -malleihin. Alkuper\u00e4inen sovitus yl\u00e4maskiin. Nopea toimitus. Ostoaika 30 p\u00e4iv\u00e4\u00e4. Osta helposti osoitteessa xenonkungen.com!","robots":{"index":"index","follow":"follow","max-snippet":"max-snippet:-1","max-image-preview":"max-image-preview:large","max-video-preview":"max-video-preview:-1"},"canonical":"https:\/\/xenonkungen.com\/fi\/tuote\/malli-mukautettu-faste-ram-1500-limited-laramien-kayttoon\/","og_locale":"fi_FI","og_type":"article","og_title":"Modellanpassat f\u00e4ste f\u00f6r Ram 1500 Limited \/ Laramie - Xenonkungen F\u00e4ste LED-Ramp 30\u201d Ram 1500 Limited\/Laramie 2025+ - Xenonkungen","og_description":"K\u00f6p modellanpassat f\u00e4ste f\u00f6r 30\u201d LED-ramp till Ram 1500 Limited & Laramie 2025+. OE-passform i \u00f6vre grill. Snabb leverans. \u00d6ppet k\u00f6p 30 dagar. Handla enkelt p\u00e5 xenonkungen.com!","og_url":"https:\/\/xenonkungen.com\/fi\/tuote\/malli-mukautettu-faste-ram-1500-limited-laramien-kayttoon\/","og_site_name":"Xenonkungen","article_modified_time":"2026-04-26T11:07:28+00:00","og_image":[{"width":1280,"height":853,"url":"https:\/\/xenonkungen.com\/wp-content\/uploads\/2026\/02\/DSC05893__11513.jpg","type":"image\/jpeg"}],"twitter_card":"summary_large_image","twitter_misc":{"Arvioitu lukuaika":"2 minuuttia"},"schema":{"@context":"https:\/\/schema.org","@graph":[{"@type":"WebPage","@id":"https:\/\/xenonkungen.com\/produkt\/modellanpassat-faste-for-ram-1500-limited-laramie\/","url":"https:\/\/xenonkungen.com\/produkt\/modellanpassat-faste-for-ram-1500-limited-laramie\/","name":"Mallikohtainen kiinnike Ram 1500 Limited \/ Laramie - Xenonkungen Kannake LED-Ramp 30\u201d Ram 1500 Limited\/Laramie 2025+ - Xenonkungen","isPartOf":{"@id":"https:\/\/xenonkungen.com\/#website"},"primaryImageOfPage":{"@id":"https:\/\/xenonkungen.com\/produkt\/modellanpassat-faste-for-ram-1500-limited-laramie\/#primaryimage"},"image":{"@id":"https:\/\/xenonkungen.com\/produkt\/modellanpassat-faste-for-ram-1500-limited-laramie\/#primaryimage"},"thumbnailUrl":"https:\/\/xenonkungen.com\/wp-content\/uploads\/2026\/02\/DSC05893__11513.jpg","datePublished":"2026-02-27T12:35:15+00:00","dateModified":"2026-04-26T11:07:28+00:00","description":"Osta mallikohtainen kiinnike 30 tuuman LED-rampille Ram 1500 Limited- ja Laramie 2025+ -malleihin. Alkuper\u00e4inen sovitus yl\u00e4maskiin. Nopea toimitus. Ostoaika 30 p\u00e4iv\u00e4\u00e4. Osta helposti osoitteessa xenonkungen.com!","breadcrumb":{"@id":"https:\/\/xenonkungen.com\/produkt\/modellanpassat-faste-for-ram-1500-limited-laramie\/#breadcrumb"},"inLanguage":"fi","potentialAction":[{"@type":"ReadAction","target":["https:\/\/xenonkungen.com\/produkt\/modellanpassat-faste-for-ram-1500-limited-laramie\/"]}]},{"@type":"ImageObject","inLanguage":"fi","@id":"https:\/\/xenonkungen.com\/produkt\/modellanpassat-faste-for-ram-1500-limited-laramie\/#primaryimage","url":"https:\/\/xenonkungen.com\/wp-content\/uploads\/2026\/02\/DSC05893__11513.jpg","contentUrl":"https:\/\/xenonkungen.com\/wp-content\/uploads\/2026\/02\/DSC05893__11513.jpg","width":1280,"height":853},{"@type":"BreadcrumbList","@id":"https:\/\/xenonkungen.com\/produkt\/modellanpassat-faste-for-ram-1500-limited-laramie\/#breadcrumb","itemListElement":[{"@type":"ListItem","position":1,"name":"Hem","item":"https:\/\/xenonkungen.com\/"},{"@type":"ListItem","position":2,"name":"Shop","item":"https:\/\/xenonkungen.com\/shop\/"},{"@type":"ListItem","position":3,"name":"Modellanpassat f\u00e4ste f\u00f6r Ram 1500 Limited \/ Laramie"}]},{"@type":"WebSite","@id":"https:\/\/xenonkungen.com\/#website","url":"https:\/\/xenonkungen.com\/","name":"Xenonkungen","description":"","potentialAction":[{"@type":"SearchAction","target":{"@type":"EntryPoint","urlTemplate":"https:\/\/xenonkungen.com\/?s={search_term_string}"},"query-input":{"@type":"PropertyValueSpecification","valueRequired":true,"valueName":"search_term_string"}}],"inLanguage":"fi"}]}},"taxonomy_info":{"product_cat":[{"value":3073,"label":"Takf\u00e4ste"},{"value":2971,"label":"F\u00e4ste till ledramp"},{"value":2461,"label":"F\u00e4sten"},{"value":390,"label":"Installation"}]},"featured_image_src_large":["https:\/\/xenonkungen.com\/wp-content\/uploads\/2026\/02\/DSC05893__11513-1024x682.jpg",1024,682,true],"author_info":[],"comment_info":0,"_links":{"self":[{"href":"https:\/\/xenonkungen.com\/fi\/wp-json\/wp\/v2\/product\/26901","targetHints":{"allow":["GET"]}}],"collection":[{"href":"https:\/\/xenonkungen.com\/fi\/wp-json\/wp\/v2\/product"}],"about":[{"href":"https:\/\/xenonkungen.com\/fi\/wp-json\/wp\/v2\/types\/product"}],"replies":[{"embeddable":true,"href":"https:\/\/xenonkungen.com\/fi\/wp-json\/wp\/v2\/comments?post=26901"}],"wp:featuredmedia":[{"embeddable":true,"href":"https:\/\/xenonkungen.com\/fi\/wp-json\/wp\/v2\/media\/26904"}],"wp:attachment":[{"href":"https:\/\/xenonkungen.com\/fi\/wp-json\/wp\/v2\/media?parent=26901"}],"wp:term":[{"taxonomy":"anvandningsomrade","embeddable":true,"href":"https:\/\/xenonkungen.com\/fi\/wp-json\/wp\/v2\/anvandningsomrade?post=26901"},{"taxonomy":"bilmarken","embeddable":true,"href":"https:\/\/xenonkungen.com\/fi\/wp-json\/wp\/v2\/bilmarken?post=26901"},{"taxonomy":"product_brand","embeddable":true,"href":"https:\/\/xenonkungen.com\/fi\/wp-json\/wp\/v2\/product_brand?post=26901"},{"taxonomy":"product_cat","embeddable":true,"href":"https:\/\/xenonkungen.com\/fi\/wp-json\/wp\/v2\/product_cat?post=26901"},{"taxonomy":"product_tag","embeddable":true,"href":"https:\/\/xenonkungen.com\/fi\/wp-json\/wp\/v2\/product_tag?post=26901"}],"curies":[{"name":"wp","href":"https:\/\/api.w.org\/{rel}","templated":true}]}}