{"id":2699,"date":"2025-04-15T08:40:58","date_gmt":"2025-04-15T08:40:58","guid":{"rendered":"https:\/\/xenonkungen.com\/product\/nbb-orginal-xenon-12v-225-hid-35w-driving-beam-e-20\/"},"modified":"2026-04-10T23:54:57","modified_gmt":"2026-04-10T22:54:57","slug":"nbb-alkuperaiset-xenon-polttimot-12v-225-hid-35w-kaukovalot-e20","status":"publish","type":"product","link":"https:\/\/xenonkungen.com\/fi\/tuote\/nbb-alkuperaiset-xenon-polttimot-12v-225-hid-35w-kaukovalot-e20\/","title":{"rendered":"NBB Original Xenon 12V 225 HID 35W Kaukovalo E-20, alkuper\u00e4inen Xenon 12V 225 HID 35W"},"content":{"rendered":"<p><span>Tutustu autovalaistuksen ajattomaan klassikkoon - suosittuihin NBB 225 Xenon-lis\u00e4valoihin. N\u00e4m\u00e4 valot ovat jo pitk\u00e4\u00e4n olleet markkinoiden suosikkeja tyylikk\u00e4\u00e4n muotoilunsa ja luotettavan suorituskykyns\u00e4 ansiosta. Niiden esteettisesti miellytt\u00e4v\u00e4\u00e4 ulkon\u00e4k\u00f6\u00e4 t\u00e4ydent\u00e4v\u00e4t vankka rakenne ja korkea toiminnallisuus, mik\u00e4 tekee niist\u00e4 autoharrastajien kestosuosikkeja. Vuosi toisensa j\u00e4lkeen n\u00e4m\u00e4 valot tuottavat edelleen poikkeuksellista kirkkautta ja kest\u00e4vyytt\u00e4, mik\u00e4 tekee niist\u00e4 v\u00e4ltt\u00e4m\u00e4tt\u00f6m\u00e4n osan y\u00f6autoilua. NBB 225 Xenon -valaisimilla saat luotettavan valaistuskumppanin, joka ei koskaan mene pois muodista.<\/span><\/p>\n<p>Ominaisuudet:<br \/>- 35W Osram Xenon -lamppu tehokkaaseen valaistukseen<br \/>- D1S-lamppu takaa optimaalisen valotehon<br \/>- Heijastimen teho 20, maksimaalisen tehokkuuden saavuttamiseksi.<br \/>- Suuri halkaisija 225 mm, joka takaa laajan valonjakautumisen.<br \/>- S\u00e4hk\u00f6inen hyv\u00e4ksynt\u00e4 laadunvarmistusta varten<br \/>- Kirkas ja sile\u00e4 lasi takaa puhtaan ja kirkkaan valons\u00e4teen.<br \/>- Myyty kappaletta kohti (hinta yksikk\u00f6\u00e4 kohti)<\/p>\n<p>Tutustu siihen, miten NBB 225 Xenon voi muuttaa ajokokemuksesi pime\u00e4ss\u00e4. Saat parhaan mahdollisen suorituskyvyn ja kest\u00e4vyyden t\u00e4m\u00e4n huippuluokan lis\u00e4valon avulla.<\/p>","protected":false},"excerpt":{"rendered":"<p>Nauti paremmasta ajokokemuksesta NBB Original Xenon 12V 225 HID 35W -kaukovalon avulla. Laadukkaalla Xenon-lampullamme voit tehd\u00e4 ajoneuvostasi loistavan jalokiven tiell\u00e4. Vaikuttavan 225 HID 35W:n kirkkauden ansiosta saat erinomaisen n\u00e4kyvyyden ja selkeyden, mik\u00e4 auttaa sinua navigoimaan pime\u00e4ss\u00e4 ja huonoissa s\u00e4\u00e4olosuhteissa vaivattomasti.<\/p>","protected":false},"featured_media":2700,"comment_status":"closed","ping_status":"open","template":"","meta":{"_acf_changed":false,"_smort_price_nok":"2879","_smort_price_dkk":"1829","_smort_price_eur":"244.99","_smort_sale_price_nok":"","_smort_sale_price_dkk":"","_smort_sale_price_eur":"","smort_restorder":"","shipmondo_restorder":"","_kad_blocks_custom_css":"","_kad_blocks_head_custom_js":"","_kad_blocks_body_custom_js":"","_kad_blocks_footer_custom_js":"","smort_custom_pricelist_1":"1724.8","smort_custom_pricelist_2":"1509.2","smort_custom_pricelist_3":"1401.4","smort_custom_pricelist_4":"2156","smort_custom_pricelist_5":"1509.2"},"anvandningsomrade":[],"bilmarken":[],"product_brand":[104],"product_cat":[2544,142],"product_tag":[],"class_list":{"0":"post-2699","1":"product","2":"type-product","3":"status-publish","4":"has-post-thumbnail","6":"product_brand-nbb","7":"product_cat-nbb-xenon-led","8":"product_cat-extraljus","9":"pa_faktisk-effekts-forbrukning-847","10":"pa_lampsockel-kontakt-open-wire","11":"pa_ljusbild-flood","12":"pa_volt-v-12v","14":"first","15":"instock","16":"taxable","17":"shipping-taxable","18":"purchasable","19":"product-type-simple"},"bundled_by":["9321","9327","9333","9336"],"bundle_stock_status":"instock","bundle_stock_quantity":5,"bundle_virtual":false,"bundle_layout":"","bundle_add_to_cart_form_location":"","bundle_editable_in_cart":false,"bundle_sold_individually_context":"","bundle_item_grouping":"","bundle_min_size":"","bundle_max_size":"","bundle_price":[],"bundled_items":[],"bundle_sell_ids":[],"acf":[],"yoast_head":"<!-- This site is optimized with the Yoast SEO plugin v27.0 - https:\/\/yoast.com\/product\/yoast-seo-wordpress\/ -->\n<title>NBB Orginal Xenon 12V 225 HID 35W Driving Beam E-20 - Xenonkungen<\/title>\n<meta name=\"robots\" content=\"index, follow, max-snippet:-1, max-image-preview:large, max-video-preview:-1\" \/>\n<link rel=\"canonical\" href=\"https:\/\/xenonkungen.com\/fi\/tuote\/nbb-alkuperaiset-xenon-polttimot-12v-225-hid-35w-kaukovalot-e20\/\" \/>\n<meta property=\"og:locale\" content=\"fi_FI\" \/>\n<meta property=\"og:type\" content=\"article\" \/>\n<meta property=\"og:title\" content=\"NBB Orginal Xenon 12V 225 HID 35W Driving Beam E-20 - Xenonkungen\" \/>\n<meta property=\"og:description\" content=\"Njut av en b\u00e4ttre k\u00f6rupplevelse med NBB Original Xenon 12V 225 HID 35W Driving Beam. Med v\u00e5r h\u00f6gkvalitativa Xenon-lampa kan du f\u00f6rvandla ditt fordon till en str\u00e5lande p\u00e4rla p\u00e5 v\u00e4gen. Med imponerande 225 HID 35W ljusstyrka f\u00e5r du enast\u00e5ende synlighet och klarhet, vilket hj\u00e4lper dig att navigera genom m\u00f6rker och d\u00e5liga v\u00e4derf\u00f6rh\u00e5llanden utan anstr\u00e4ngning.\" \/>\n<meta property=\"og:url\" content=\"https:\/\/xenonkungen.com\/fi\/tuote\/nbb-alkuperaiset-xenon-polttimot-12v-225-hid-35w-kaukovalot-e20\/\" \/>\n<meta property=\"og:site_name\" content=\"Xenonkungen\" \/>\n<meta property=\"article:modified_time\" content=\"2026-04-10T22:54:57+00:00\" \/>\n<meta property=\"og:image\" content=\"https:\/\/xenonkungen.com\/wp-content\/uploads\/2025\/04\/208492583-origpic-8772f8.png\" \/>\n\t<meta property=\"og:image:width\" content=\"1134\" \/>\n\t<meta property=\"og:image:height\" content=\"1300\" \/>\n\t<meta property=\"og:image:type\" content=\"image\/png\" \/>\n<meta name=\"twitter:card\" content=\"summary_large_image\" \/>\n<meta name=\"twitter:label1\" content=\"Arvioitu lukuaika\" \/>\n\t<meta name=\"twitter:data1\" content=\"1 minuutti\" \/>\n<script type=\"application\/ld+json\" class=\"yoast-schema-graph\">{\"@context\":\"https:\/\/schema.org\",\"@graph\":[{\"@type\":\"WebPage\",\"@id\":\"https:\/\/xenonkungen.com\/produkt\/nbb-orginal-xenon-12v-225-hid-35w-driving-beam-e-20\/\",\"url\":\"https:\/\/xenonkungen.com\/produkt\/nbb-orginal-xenon-12v-225-hid-35w-driving-beam-e-20\/\",\"name\":\"NBB Orginal Xenon 12V 225 HID 35W Driving Beam E-20 - Xenonkungen\",\"isPartOf\":{\"@id\":\"https:\/\/xenonkungen.com\/#website\"},\"primaryImageOfPage\":{\"@id\":\"https:\/\/xenonkungen.com\/produkt\/nbb-orginal-xenon-12v-225-hid-35w-driving-beam-e-20\/#primaryimage\"},\"image\":{\"@id\":\"https:\/\/xenonkungen.com\/produkt\/nbb-orginal-xenon-12v-225-hid-35w-driving-beam-e-20\/#primaryimage\"},\"thumbnailUrl\":\"https:\/\/xenonkungen.com\/wp-content\/uploads\/2025\/04\/208492583-origpic-8772f8.png\",\"datePublished\":\"2025-04-15T08:40:58+00:00\",\"dateModified\":\"2026-04-10T22:54:57+00:00\",\"breadcrumb\":{\"@id\":\"https:\/\/xenonkungen.com\/produkt\/nbb-orginal-xenon-12v-225-hid-35w-driving-beam-e-20\/#breadcrumb\"},\"inLanguage\":\"fi\",\"potentialAction\":[{\"@type\":\"ReadAction\",\"target\":[\"https:\/\/xenonkungen.com\/produkt\/nbb-orginal-xenon-12v-225-hid-35w-driving-beam-e-20\/\"]}]},{\"@type\":\"ImageObject\",\"inLanguage\":\"fi\",\"@id\":\"https:\/\/xenonkungen.com\/produkt\/nbb-orginal-xenon-12v-225-hid-35w-driving-beam-e-20\/#primaryimage\",\"url\":\"https:\/\/xenonkungen.com\/wp-content\/uploads\/2025\/04\/208492583-origpic-8772f8.png\",\"contentUrl\":\"https:\/\/xenonkungen.com\/wp-content\/uploads\/2025\/04\/208492583-origpic-8772f8.png\",\"width\":1134,\"height\":1300},{\"@type\":\"BreadcrumbList\",\"@id\":\"https:\/\/xenonkungen.com\/produkt\/nbb-orginal-xenon-12v-225-hid-35w-driving-beam-e-20\/#breadcrumb\",\"itemListElement\":[{\"@type\":\"ListItem\",\"position\":1,\"name\":\"Hem\",\"item\":\"https:\/\/xenonkungen.com\/\"},{\"@type\":\"ListItem\",\"position\":2,\"name\":\"Shop\",\"item\":\"https:\/\/xenonkungen.com\/shop\/\"},{\"@type\":\"ListItem\",\"position\":3,\"name\":\"NBB Orginal Xenon 12V 225 HID 35W Driving Beam E-20\"}]},{\"@type\":\"WebSite\",\"@id\":\"https:\/\/xenonkungen.com\/#website\",\"url\":\"https:\/\/xenonkungen.com\/\",\"name\":\"Xenonkungen\",\"description\":\"\",\"potentialAction\":[{\"@type\":\"SearchAction\",\"target\":{\"@type\":\"EntryPoint\",\"urlTemplate\":\"https:\/\/xenonkungen.com\/?s={search_term_string}\"},\"query-input\":{\"@type\":\"PropertyValueSpecification\",\"valueRequired\":true,\"valueName\":\"search_term_string\"}}],\"inLanguage\":\"fi\"}]}<\/script>\n<!-- \/ Yoast SEO plugin. -->","yoast_head_json":{"title":"NBB alkuper\u00e4iset ksenonpolttimot 12V 225 HID 35W kaukovalot E-20 - Xenon-kuningas","robots":{"index":"index","follow":"follow","max-snippet":"max-snippet:-1","max-image-preview":"max-image-preview:large","max-video-preview":"max-video-preview:-1"},"canonical":"https:\/\/xenonkungen.com\/fi\/tuote\/nbb-alkuperaiset-xenon-polttimot-12v-225-hid-35w-kaukovalot-e20\/","og_locale":"fi_FI","og_type":"article","og_title":"NBB Orginal Xenon 12V 225 HID 35W Driving Beam E-20 - Xenonkungen","og_description":"Njut av en b\u00e4ttre k\u00f6rupplevelse med NBB Original Xenon 12V 225 HID 35W Driving Beam. Med v\u00e5r h\u00f6gkvalitativa Xenon-lampa kan du f\u00f6rvandla ditt fordon till en str\u00e5lande p\u00e4rla p\u00e5 v\u00e4gen. Med imponerande 225 HID 35W ljusstyrka f\u00e5r du enast\u00e5ende synlighet och klarhet, vilket hj\u00e4lper dig att navigera genom m\u00f6rker och d\u00e5liga v\u00e4derf\u00f6rh\u00e5llanden utan anstr\u00e4ngning.","og_url":"https:\/\/xenonkungen.com\/fi\/tuote\/nbb-alkuperaiset-xenon-polttimot-12v-225-hid-35w-kaukovalot-e20\/","og_site_name":"Xenonkungen","article_modified_time":"2026-04-10T22:54:57+00:00","og_image":[{"width":1134,"height":1300,"url":"https:\/\/xenonkungen.com\/wp-content\/uploads\/2025\/04\/208492583-origpic-8772f8.png","type":"image\/png"}],"twitter_card":"summary_large_image","twitter_misc":{"Arvioitu lukuaika":"1 minuutti"},"schema":{"@context":"https:\/\/schema.org","@graph":[{"@type":"WebPage","@id":"https:\/\/xenonkungen.com\/produkt\/nbb-orginal-xenon-12v-225-hid-35w-driving-beam-e-20\/","url":"https:\/\/xenonkungen.com\/produkt\/nbb-orginal-xenon-12v-225-hid-35w-driving-beam-e-20\/","name":"NBB alkuper\u00e4iset ksenonpolttimot 12V 225 HID 35W kaukovalot E-20 - Xenon-kuningas","isPartOf":{"@id":"https:\/\/xenonkungen.com\/#website"},"primaryImageOfPage":{"@id":"https:\/\/xenonkungen.com\/produkt\/nbb-orginal-xenon-12v-225-hid-35w-driving-beam-e-20\/#primaryimage"},"image":{"@id":"https:\/\/xenonkungen.com\/produkt\/nbb-orginal-xenon-12v-225-hid-35w-driving-beam-e-20\/#primaryimage"},"thumbnailUrl":"https:\/\/xenonkungen.com\/wp-content\/uploads\/2025\/04\/208492583-origpic-8772f8.png","datePublished":"2025-04-15T08:40:58+00:00","dateModified":"2026-04-10T22:54:57+00:00","breadcrumb":{"@id":"https:\/\/xenonkungen.com\/produkt\/nbb-orginal-xenon-12v-225-hid-35w-driving-beam-e-20\/#breadcrumb"},"inLanguage":"fi","potentialAction":[{"@type":"ReadAction","target":["https:\/\/xenonkungen.com\/produkt\/nbb-orginal-xenon-12v-225-hid-35w-driving-beam-e-20\/"]}]},{"@type":"ImageObject","inLanguage":"fi","@id":"https:\/\/xenonkungen.com\/produkt\/nbb-orginal-xenon-12v-225-hid-35w-driving-beam-e-20\/#primaryimage","url":"https:\/\/xenonkungen.com\/wp-content\/uploads\/2025\/04\/208492583-origpic-8772f8.png","contentUrl":"https:\/\/xenonkungen.com\/wp-content\/uploads\/2025\/04\/208492583-origpic-8772f8.png","width":1134,"height":1300},{"@type":"BreadcrumbList","@id":"https:\/\/xenonkungen.com\/produkt\/nbb-orginal-xenon-12v-225-hid-35w-driving-beam-e-20\/#breadcrumb","itemListElement":[{"@type":"ListItem","position":1,"name":"Hem","item":"https:\/\/xenonkungen.com\/"},{"@type":"ListItem","position":2,"name":"Shop","item":"https:\/\/xenonkungen.com\/shop\/"},{"@type":"ListItem","position":3,"name":"NBB Orginal Xenon 12V 225 HID 35W Driving Beam E-20"}]},{"@type":"WebSite","@id":"https:\/\/xenonkungen.com\/#website","url":"https:\/\/xenonkungen.com\/","name":"Xenonkungen","description":"","potentialAction":[{"@type":"SearchAction","target":{"@type":"EntryPoint","urlTemplate":"https:\/\/xenonkungen.com\/?s={search_term_string}"},"query-input":{"@type":"PropertyValueSpecification","valueRequired":true,"valueName":"search_term_string"}}],"inLanguage":"fi"}]}},"taxonomy_info":{"product_brand":[{"value":104,"label":"NBB"}],"product_cat":[{"value":2544,"label":"NBB Xenon\/LED"},{"value":142,"label":"Extraljus"}],"pa_faktisk-effekts-forbrukning":[{"value":847,"label":"35"}],"pa_lampsockel-kontakt":[{"value":324,"label":"Open Wire"}],"pa_ljusbild":[{"value":503,"label":"FLOOD"}],"pa_volt-v":[{"value":843,"label":"12V"}]},"featured_image_src_large":["https:\/\/xenonkungen.com\/wp-content\/uploads\/2025\/04\/208492583-origpic-8772f8-893x1024.png",893,1024,true],"author_info":[],"comment_info":0,"_links":{"self":[{"href":"https:\/\/xenonkungen.com\/fi\/wp-json\/wp\/v2\/product\/2699","targetHints":{"allow":["GET"]}}],"collection":[{"href":"https:\/\/xenonkungen.com\/fi\/wp-json\/wp\/v2\/product"}],"about":[{"href":"https:\/\/xenonkungen.com\/fi\/wp-json\/wp\/v2\/types\/product"}],"replies":[{"embeddable":true,"href":"https:\/\/xenonkungen.com\/fi\/wp-json\/wp\/v2\/comments?post=2699"}],"wp:featuredmedia":[{"embeddable":true,"href":"https:\/\/xenonkungen.com\/fi\/wp-json\/wp\/v2\/media\/2700"}],"wp:attachment":[{"href":"https:\/\/xenonkungen.com\/fi\/wp-json\/wp\/v2\/media?parent=2699"}],"wp:term":[{"taxonomy":"anvandningsomrade","embeddable":true,"href":"https:\/\/xenonkungen.com\/fi\/wp-json\/wp\/v2\/anvandningsomrade?post=2699"},{"taxonomy":"bilmarken","embeddable":true,"href":"https:\/\/xenonkungen.com\/fi\/wp-json\/wp\/v2\/bilmarken?post=2699"},{"taxonomy":"product_brand","embeddable":true,"href":"https:\/\/xenonkungen.com\/fi\/wp-json\/wp\/v2\/product_brand?post=2699"},{"taxonomy":"product_cat","embeddable":true,"href":"https:\/\/xenonkungen.com\/fi\/wp-json\/wp\/v2\/product_cat?post=2699"},{"taxonomy":"product_tag","embeddable":true,"href":"https:\/\/xenonkungen.com\/fi\/wp-json\/wp\/v2\/product_tag?post=2699"}],"curies":[{"name":"wp","href":"https:\/\/api.w.org\/{rel}","templated":true}]}}