{"id":2702,"date":"2025-04-15T08:41:15","date_gmt":"2025-04-15T08:41:15","guid":{"rendered":"https:\/\/xenonkungen.com\/product\/nbb-extraljus-alpha-led-225-h1-fjarr\/"},"modified":"2026-03-27T09:52:59","modified_gmt":"2026-03-27T08:52:59","slug":"nbb-lisavalo-alfa-led-225-h1-kaukovalo","status":"publish","type":"product","link":"https:\/\/xenonkungen.com\/fi\/tuote\/nbb-lisavalo-alfa-led-225-h1-kaukovalo\/","title":{"rendered":"NBB Lis\u00e4valo Alpha LED 225 | H1 Kaukos\u00e4\u00e4din kaukos\u00e4\u00e4din"},"content":{"rendered":"<p>T\u00e4m\u00e4 lis\u00e4valo toimii ajo-\/kaukovalona. <br \/>Kun ksenon muunnetaan 60W:n ksenon-lis\u00e4valosarjoillamme, 2 NBB Alpha -valoa valaisee yli 1000 metrin matkan 1 luxilla! <\/p>\n<p>Olemme muuntaneet yli 10 000 NBB Alpha 225 -vaunua suosituilla sarjoillamme. Suosituimpia ovat 60W Extra-valosarjat ennen 75W ksenon- ja LED Premium -valosarjoja.<\/p>\n<p>Tai miksi et k\u00e4ytt\u00e4isi niit\u00e4 klassisena halogeenivalona yhdess\u00e4 Osram NightBreaker Laser -lamppujen kanssa?<\/p>\n<p>Lampun kanta: H1\/D2<\/p>","protected":false},"excerpt":{"rendered":"<p>Ovatko NBB:n vanhat lyhdyt kuluneet loppuun? Osta uudet talot t\u00e4\u00e4lt\u00e4 ja siirr\u00e4 Xenon\/konversiosi t\u00e4nne!<\/p>","protected":false},"featured_media":2703,"comment_status":"closed","ping_status":"open","template":"","meta":{"_acf_changed":false,"_smort_price_nok":"1063","_smort_price_dkk":"675","_smort_price_eur":"90.45","_smort_sale_price_nok":"","_smort_sale_price_dkk":"","_smort_sale_price_eur":"67.84","smort_restorder":"","shipmondo_restorder":"","_kad_blocks_custom_css":"","_kad_blocks_head_custom_js":"","_kad_blocks_body_custom_js":"","_kad_blocks_footer_custom_js":"","smort_custom_pricelist_1":"716.8","smort_custom_pricelist_2":"627.2","smort_custom_pricelist_3":"595.84","smort_custom_pricelist_4":"796","smort_custom_pricelist_5":"627.2"},"anvandningsomrade":[],"bilmarken":[],"product_brand":[104],"product_cat":[2840,2544,142],"product_tag":[],"class_list":{"0":"post-2702","1":"product","2":"type-product","3":"status-publish","4":"has-post-thumbnail","6":"product_brand-nbb","7":"product_cat-extraljus-ovriga-storlekar","8":"product_cat-nbb-xenon-led","9":"product_cat-extraljus","11":"first","12":"instock","13":"taxable","14":"shipping-taxable","15":"purchasable","16":"product-type-simple"},"bundled_by":[],"bundle_stock_status":"instock","bundle_stock_quantity":24,"bundle_virtual":false,"bundle_layout":"","bundle_add_to_cart_form_location":"","bundle_editable_in_cart":false,"bundle_sold_individually_context":"","bundle_item_grouping":"","bundle_min_size":"","bundle_max_size":"","bundle_price":[],"bundled_items":[],"bundle_sell_ids":[],"acf":[],"yoast_head":"<!-- This site is optimized with the Yoast SEO plugin v27.0 - https:\/\/yoast.com\/product\/yoast-seo-wordpress\/ -->\n<title>NBB Extraljus Alpha LED 225 | H1 Fj\u00e4rr - Xenonkungen<\/title>\n<meta name=\"robots\" content=\"index, follow, max-snippet:-1, max-image-preview:large, max-video-preview:-1\" \/>\n<link rel=\"canonical\" href=\"https:\/\/xenonkungen.com\/fi\/tuote\/nbb-lisavalo-alfa-led-225-h1-kaukovalo\/\" \/>\n<meta property=\"og:locale\" content=\"fi_FI\" \/>\n<meta property=\"og:type\" content=\"article\" \/>\n<meta property=\"og:title\" content=\"NBB Extraljus Alpha LED 225 | H1 Fj\u00e4rr - Xenonkungen\" \/>\n<meta property=\"og:description\" content=\"Har de gamla NBB lyktor blivit slitna? K\u00f6p nya hus h\u00e4r och flytta \u00f6ver er Xenon\/konvertering!\" \/>\n<meta property=\"og:url\" content=\"https:\/\/xenonkungen.com\/fi\/tuote\/nbb-lisavalo-alfa-led-225-h1-kaukovalo\/\" \/>\n<meta property=\"og:site_name\" content=\"Xenonkungen\" \/>\n<meta property=\"article:modified_time\" content=\"2026-03-27T08:52:59+00:00\" \/>\n<meta property=\"og:image\" content=\"https:\/\/xenonkungen.com\/wp-content\/uploads\/2025\/04\/179522985-origpic-ef1bed.png\" \/>\n\t<meta property=\"og:image:width\" content=\"1000\" \/>\n\t<meta property=\"og:image:height\" content=\"1000\" \/>\n\t<meta property=\"og:image:type\" content=\"image\/png\" \/>\n<meta name=\"twitter:card\" content=\"summary_large_image\" \/>\n<script type=\"application\/ld+json\" class=\"yoast-schema-graph\">{\"@context\":\"https:\/\/schema.org\",\"@graph\":[{\"@type\":\"WebPage\",\"@id\":\"https:\/\/xenonkungen.com\/produkt\/nbb-extraljus-alpha-led-225-h1-fjarr\/\",\"url\":\"https:\/\/xenonkungen.com\/produkt\/nbb-extraljus-alpha-led-225-h1-fjarr\/\",\"name\":\"NBB Extraljus Alpha LED 225 | H1 Fj\u00e4rr - Xenonkungen\",\"isPartOf\":{\"@id\":\"https:\/\/xenonkungen.com\/#website\"},\"primaryImageOfPage\":{\"@id\":\"https:\/\/xenonkungen.com\/produkt\/nbb-extraljus-alpha-led-225-h1-fjarr\/#primaryimage\"},\"image\":{\"@id\":\"https:\/\/xenonkungen.com\/produkt\/nbb-extraljus-alpha-led-225-h1-fjarr\/#primaryimage\"},\"thumbnailUrl\":\"https:\/\/xenonkungen.com\/wp-content\/uploads\/2025\/04\/179522985-origpic-ef1bed.png\",\"datePublished\":\"2025-04-15T08:41:15+00:00\",\"dateModified\":\"2026-03-27T08:52:59+00:00\",\"breadcrumb\":{\"@id\":\"https:\/\/xenonkungen.com\/produkt\/nbb-extraljus-alpha-led-225-h1-fjarr\/#breadcrumb\"},\"inLanguage\":\"fi\",\"potentialAction\":[{\"@type\":\"ReadAction\",\"target\":[\"https:\/\/xenonkungen.com\/produkt\/nbb-extraljus-alpha-led-225-h1-fjarr\/\"]}]},{\"@type\":\"ImageObject\",\"inLanguage\":\"fi\",\"@id\":\"https:\/\/xenonkungen.com\/produkt\/nbb-extraljus-alpha-led-225-h1-fjarr\/#primaryimage\",\"url\":\"https:\/\/xenonkungen.com\/wp-content\/uploads\/2025\/04\/179522985-origpic-ef1bed.png\",\"contentUrl\":\"https:\/\/xenonkungen.com\/wp-content\/uploads\/2025\/04\/179522985-origpic-ef1bed.png\",\"width\":1000,\"height\":1000},{\"@type\":\"BreadcrumbList\",\"@id\":\"https:\/\/xenonkungen.com\/produkt\/nbb-extraljus-alpha-led-225-h1-fjarr\/#breadcrumb\",\"itemListElement\":[{\"@type\":\"ListItem\",\"position\":1,\"name\":\"Hem\",\"item\":\"https:\/\/xenonkungen.com\/\"},{\"@type\":\"ListItem\",\"position\":2,\"name\":\"Shop\",\"item\":\"https:\/\/xenonkungen.com\/shop\/\"},{\"@type\":\"ListItem\",\"position\":3,\"name\":\"NBB Extraljus Alpha LED 225 | H1 Fj\u00e4rr\"}]},{\"@type\":\"WebSite\",\"@id\":\"https:\/\/xenonkungen.com\/#website\",\"url\":\"https:\/\/xenonkungen.com\/\",\"name\":\"Xenonkungen\",\"description\":\"\",\"potentialAction\":[{\"@type\":\"SearchAction\",\"target\":{\"@type\":\"EntryPoint\",\"urlTemplate\":\"https:\/\/xenonkungen.com\/?s={search_term_string}\"},\"query-input\":{\"@type\":\"PropertyValueSpecification\",\"valueRequired\":true,\"valueName\":\"search_term_string\"}}],\"inLanguage\":\"fi\"}]}<\/script>\n<!-- \/ Yoast SEO plugin. -->","yoast_head_json":{"title":"NBB Lis\u00e4valo Alpha LED 225 | H1 Kauko-ohjaus - Xenonkungen","robots":{"index":"index","follow":"follow","max-snippet":"max-snippet:-1","max-image-preview":"max-image-preview:large","max-video-preview":"max-video-preview:-1"},"canonical":"https:\/\/xenonkungen.com\/fi\/tuote\/nbb-lisavalo-alfa-led-225-h1-kaukovalo\/","og_locale":"fi_FI","og_type":"article","og_title":"NBB Extraljus Alpha LED 225 | H1 Fj\u00e4rr - Xenonkungen","og_description":"Har de gamla NBB lyktor blivit slitna? K\u00f6p nya hus h\u00e4r och flytta \u00f6ver er Xenon\/konvertering!","og_url":"https:\/\/xenonkungen.com\/fi\/tuote\/nbb-lisavalo-alfa-led-225-h1-kaukovalo\/","og_site_name":"Xenonkungen","article_modified_time":"2026-03-27T08:52:59+00:00","og_image":[{"width":1000,"height":1000,"url":"https:\/\/xenonkungen.com\/wp-content\/uploads\/2025\/04\/179522985-origpic-ef1bed.png","type":"image\/png"}],"twitter_card":"summary_large_image","schema":{"@context":"https:\/\/schema.org","@graph":[{"@type":"WebPage","@id":"https:\/\/xenonkungen.com\/produkt\/nbb-extraljus-alpha-led-225-h1-fjarr\/","url":"https:\/\/xenonkungen.com\/produkt\/nbb-extraljus-alpha-led-225-h1-fjarr\/","name":"NBB Lis\u00e4valo Alpha LED 225 | H1 Kauko-ohjaus - Xenonkungen","isPartOf":{"@id":"https:\/\/xenonkungen.com\/#website"},"primaryImageOfPage":{"@id":"https:\/\/xenonkungen.com\/produkt\/nbb-extraljus-alpha-led-225-h1-fjarr\/#primaryimage"},"image":{"@id":"https:\/\/xenonkungen.com\/produkt\/nbb-extraljus-alpha-led-225-h1-fjarr\/#primaryimage"},"thumbnailUrl":"https:\/\/xenonkungen.com\/wp-content\/uploads\/2025\/04\/179522985-origpic-ef1bed.png","datePublished":"2025-04-15T08:41:15+00:00","dateModified":"2026-03-27T08:52:59+00:00","breadcrumb":{"@id":"https:\/\/xenonkungen.com\/produkt\/nbb-extraljus-alpha-led-225-h1-fjarr\/#breadcrumb"},"inLanguage":"fi","potentialAction":[{"@type":"ReadAction","target":["https:\/\/xenonkungen.com\/produkt\/nbb-extraljus-alpha-led-225-h1-fjarr\/"]}]},{"@type":"ImageObject","inLanguage":"fi","@id":"https:\/\/xenonkungen.com\/produkt\/nbb-extraljus-alpha-led-225-h1-fjarr\/#primaryimage","url":"https:\/\/xenonkungen.com\/wp-content\/uploads\/2025\/04\/179522985-origpic-ef1bed.png","contentUrl":"https:\/\/xenonkungen.com\/wp-content\/uploads\/2025\/04\/179522985-origpic-ef1bed.png","width":1000,"height":1000},{"@type":"BreadcrumbList","@id":"https:\/\/xenonkungen.com\/produkt\/nbb-extraljus-alpha-led-225-h1-fjarr\/#breadcrumb","itemListElement":[{"@type":"ListItem","position":1,"name":"Hem","item":"https:\/\/xenonkungen.com\/"},{"@type":"ListItem","position":2,"name":"Shop","item":"https:\/\/xenonkungen.com\/shop\/"},{"@type":"ListItem","position":3,"name":"NBB Extraljus Alpha LED 225 | H1 Fj\u00e4rr"}]},{"@type":"WebSite","@id":"https:\/\/xenonkungen.com\/#website","url":"https:\/\/xenonkungen.com\/","name":"Xenonkungen","description":"","potentialAction":[{"@type":"SearchAction","target":{"@type":"EntryPoint","urlTemplate":"https:\/\/xenonkungen.com\/?s={search_term_string}"},"query-input":{"@type":"PropertyValueSpecification","valueRequired":true,"valueName":"search_term_string"}}],"inLanguage":"fi"}]}},"taxonomy_info":{"product_brand":[{"value":104,"label":"NBB"}],"product_cat":[{"value":2840,"label":"Extraljus \u00d6vriga storlekar"},{"value":2544,"label":"NBB Xenon\/LED"},{"value":142,"label":"Extraljus"}]},"featured_image_src_large":["https:\/\/xenonkungen.com\/wp-content\/uploads\/2025\/04\/179522985-origpic-ef1bed.png",1000,1000,false],"author_info":[],"comment_info":0,"_links":{"self":[{"href":"https:\/\/xenonkungen.com\/fi\/wp-json\/wp\/v2\/product\/2702","targetHints":{"allow":["GET"]}}],"collection":[{"href":"https:\/\/xenonkungen.com\/fi\/wp-json\/wp\/v2\/product"}],"about":[{"href":"https:\/\/xenonkungen.com\/fi\/wp-json\/wp\/v2\/types\/product"}],"replies":[{"embeddable":true,"href":"https:\/\/xenonkungen.com\/fi\/wp-json\/wp\/v2\/comments?post=2702"}],"wp:featuredmedia":[{"embeddable":true,"href":"https:\/\/xenonkungen.com\/fi\/wp-json\/wp\/v2\/media\/2703"}],"wp:attachment":[{"href":"https:\/\/xenonkungen.com\/fi\/wp-json\/wp\/v2\/media?parent=2702"}],"wp:term":[{"taxonomy":"anvandningsomrade","embeddable":true,"href":"https:\/\/xenonkungen.com\/fi\/wp-json\/wp\/v2\/anvandningsomrade?post=2702"},{"taxonomy":"bilmarken","embeddable":true,"href":"https:\/\/xenonkungen.com\/fi\/wp-json\/wp\/v2\/bilmarken?post=2702"},{"taxonomy":"product_brand","embeddable":true,"href":"https:\/\/xenonkungen.com\/fi\/wp-json\/wp\/v2\/product_brand?post=2702"},{"taxonomy":"product_cat","embeddable":true,"href":"https:\/\/xenonkungen.com\/fi\/wp-json\/wp\/v2\/product_cat?post=2702"},{"taxonomy":"product_tag","embeddable":true,"href":"https:\/\/xenonkungen.com\/fi\/wp-json\/wp\/v2\/product_tag?post=2702"}],"curies":[{"name":"wp","href":"https:\/\/api.w.org\/{rel}","templated":true}]}}