{"id":27029,"date":"2026-03-02T11:16:58","date_gmt":"2026-03-02T10:16:58","guid":{"rendered":"https:\/\/xenonkungen.com\/?post_type=product&#038;p=27029"},"modified":"2026-04-24T17:34:05","modified_gmt":"2026-04-24T16:34:05","slug":"merkkivalo-2721mf-12v-1w-b8-5d-osram-alkuperainen","status":"publish","type":"product","link":"https:\/\/xenonkungen.com\/fi\/tuote\/merkkivalo-2721mf-12v-1w-b8-5d-osram-alkuperainen\/","title":{"rendered":"Merkkivalo 2721MF 12V 1W B8.5d, OSRAM ORIGINAL"},"content":{"rendered":"<h2 data-start=\"641\" data-end=\"693\">OEM-laatua mittari- ja ohjausvalaistukseen<\/h2>\n<p data-start=\"695\" data-end=\"947\">OSRAM ORIGINAL 2721MF on luotettava merkkivalo piirilevylle (PCB) asennettavaksi, ja sit\u00e4 k\u00e4ytet\u00e4\u00e4n p\u00e4\u00e4asiassa ajoneuvojen mittariston ja hallintalaitteiden valaistukseen. Todistetun OEM-laadun ja vakaan suorituskyvyn ansiosta se on kustannustehokas valinta huoltoon ja korjaukseen.<\/p>\n<p data-start=\"949\" data-end=\"1183\">Lampun valovirta on 6,4 lumenia ja se sopii 12 V:n j\u00e4rjestelmiin, joiden nimellisteho on 1 W. Kompaktin rakenteensa ansiosta se sopii erinomaisesti kojelaudoille ja ohjausyksik\u00f6ille, joissa tarkka istuvuus on olennaista.<\/p>\n<h2 data-start=\"1185\" data-end=\"1214\">Soveltuu piirilevyasennukseen<\/h2>\n<p data-start=\"1216\" data-end=\"1417\">B8.5d-kannalla ja 5 mm:n halkaisijalla varustettu lamppu on suunniteltu asennettavaksi 1,6 mm:n paksuisille piirilevyille. Musta kanta varmistaa oikean istuvuuden ja turvallisen asennuksen yhteensopiviin pidikkeisiin.<\/p>\n<p data-start=\"1419\" data-end=\"1523\">Lampun nimellisj\u00e4nnite on 12 V ja testij\u00e4nnite 13,5 V, ja virrankulutuksen toleranssi on \u00b110 %.<\/p>\n<h2 data-start=\"1525\" data-end=\"1547\">Elinik\u00e4 ja toiminta<\/h2>\n<p data-start=\"1549\" data-end=\"1785\">OSRAM 2721MF tarjoaa jopa 2000 tunnin (Tc) ja 500 tunnin (B3) k\u00e4ytt\u00f6i\u00e4n, mik\u00e4 varmistaa turvallisen ja vakaan toiminnan ajoneuvon s\u00e4hk\u00f6j\u00e4rjestelm\u00e4ss\u00e4. Se on kehitetty AUX-tekniikalla ja t\u00e4ytt\u00e4\u00e4 korkeat laatu- ja luotettavuusvaatimukset.<\/p>\n<p data-start=\"1787\" data-end=\"1879\">Ilmeinen valinta, kun etsit alkuper\u00e4isi\u00e4 varaosia, jotka toimivat turvallisesti ja joilla on oikea valokuvio.<\/p>","protected":false},"excerpt":{"rendered":"<p>OSRAMin kustannustehokas OEM-merkkivalo mittaristo- ja ohjausvalaistukseen. 12 V, 1 W, B8.5d-kanta ja luotettava k\u00e4ytt\u00f6ik\u00e4 piirilevylle asennettavaksi.<\/p>","protected":false},"featured_media":27030,"comment_status":"open","ping_status":"closed","template":"","meta":{"_acf_changed":false,"_smort_price_nok":"12","_smort_price_dkk":"","_smort_price_eur":"","_smort_sale_price_nok":"","_smort_sale_price_dkk":"","_smort_sale_price_eur":"","smort_restorder":"","shipmondo_restorder":"","_kad_blocks_custom_css":"","_kad_blocks_head_custom_js":"","_kad_blocks_body_custom_js":"","_kad_blocks_footer_custom_js":"","smort_custom_pricelist_1":"7.04","smort_custom_pricelist_2":"6.16","smort_custom_pricelist_3":"5.72","smort_custom_pricelist_4":"8.8","smort_custom_pricelist_5":"6.16"},"anvandningsomrade":[],"bilmarken":[],"product_brand":[],"product_cat":[338],"product_tag":[],"class_list":{"0":"post-27029","1":"product","2":"type-product","3":"status-publish","4":"has-post-thumbnail","6":"product_cat-diodlampor","7":"pa_faktisk-effekts-forbrukning-1674","8":"pa_lampsockel-kontakt-b8-5d","9":"pa_volt-v-159","11":"first","12":"instock","13":"taxable","14":"shipping-taxable","15":"purchasable","16":"product-type-simple"},"bundled_by":[],"bundle_stock_status":"instock","bundle_stock_quantity":95,"bundle_virtual":false,"bundle_layout":"","bundle_add_to_cart_form_location":"","bundle_editable_in_cart":false,"bundle_sold_individually_context":"","bundle_item_grouping":"","bundle_min_size":"","bundle_max_size":"","bundle_price":[],"bundled_items":[],"bundle_sell_ids":[],"acf":[],"yoast_head":"<!-- This site is optimized with the Yoast SEO plugin v27.0 - https:\/\/yoast.com\/product\/yoast-seo-wordpress\/ -->\n<title>Signallampa 2721MF 12V 1W B8.5d, OSRAM ORIGINAL - Xenonkungen OSRAM ORIGINAL 2721MF 12V 1W B8.5d - Xenonkungen<\/title>\n<meta name=\"description\" content=\"K\u00f6p OSRAM ORIGINAL 2721MF 12V 1W med B8.5d-sockel f\u00f6r instrumentbelysning. OEM-kvalitet och p\u00e5litlig prestanda. Snabb leverans. \u00d6ppet k\u00f6p 30 dagar. Handla enkelt p\u00e5 xenonkungen.com!\" \/>\n<meta name=\"robots\" content=\"index, follow, max-snippet:-1, max-image-preview:large, max-video-preview:-1\" \/>\n<link rel=\"canonical\" href=\"https:\/\/xenonkungen.com\/fi\/tuote\/merkkivalo-2721mf-12v-1w-b8-5d-osram-alkuperainen\/\" \/>\n<meta property=\"og:locale\" content=\"fi_FI\" \/>\n<meta property=\"og:type\" content=\"article\" \/>\n<meta property=\"og:title\" content=\"Signallampa 2721MF 12V 1W B8.5d, OSRAM ORIGINAL - Xenonkungen OSRAM ORIGINAL 2721MF 12V 1W B8.5d - Xenonkungen\" \/>\n<meta property=\"og:description\" content=\"K\u00f6p OSRAM ORIGINAL 2721MF 12V 1W med B8.5d-sockel f\u00f6r instrumentbelysning. OEM-kvalitet och p\u00e5litlig prestanda. Snabb leverans. \u00d6ppet k\u00f6p 30 dagar. Handla enkelt p\u00e5 xenonkungen.com!\" \/>\n<meta property=\"og:url\" content=\"https:\/\/xenonkungen.com\/fi\/tuote\/merkkivalo-2721mf-12v-1w-b8-5d-osram-alkuperainen\/\" \/>\n<meta property=\"og:site_name\" content=\"Xenonkungen\" \/>\n<meta property=\"article:modified_time\" content=\"2026-04-24T16:34:05+00:00\" \/>\n<meta property=\"og:image\" content=\"https:\/\/xenonkungen.com\/wp-content\/uploads\/2026\/03\/Small-for-web-and-ppt-344909_ORIGINAL-2721MF_90.jpg\" \/>\n\t<meta property=\"og:image:width\" content=\"1024\" \/>\n\t<meta property=\"og:image:height\" content=\"1243\" \/>\n\t<meta property=\"og:image:type\" content=\"image\/jpeg\" \/>\n<meta name=\"twitter:card\" content=\"summary_large_image\" \/>\n<meta name=\"twitter:label1\" content=\"Arvioitu lukuaika\" \/>\n\t<meta name=\"twitter:data1\" content=\"2 minuuttia\" \/>\n<script type=\"application\/ld+json\" class=\"yoast-schema-graph\">{\"@context\":\"https:\/\/schema.org\",\"@graph\":[{\"@type\":\"WebPage\",\"@id\":\"https:\/\/xenonkungen.com\/produkt\/signallampa-2721mf-12v-1w-b8-5d-osram-original\/\",\"url\":\"https:\/\/xenonkungen.com\/produkt\/signallampa-2721mf-12v-1w-b8-5d-osram-original\/\",\"name\":\"Signallampa 2721MF 12V 1W B8.5d, OSRAM ORIGINAL - Xenonkungen OSRAM ORIGINAL 2721MF 12V 1W B8.5d - Xenonkungen\",\"isPartOf\":{\"@id\":\"https:\/\/xenonkungen.com\/#website\"},\"primaryImageOfPage\":{\"@id\":\"https:\/\/xenonkungen.com\/produkt\/signallampa-2721mf-12v-1w-b8-5d-osram-original\/#primaryimage\"},\"image\":{\"@id\":\"https:\/\/xenonkungen.com\/produkt\/signallampa-2721mf-12v-1w-b8-5d-osram-original\/#primaryimage\"},\"thumbnailUrl\":\"https:\/\/xenonkungen.com\/wp-content\/uploads\/2026\/03\/Small-for-web-and-ppt-344909_ORIGINAL-2721MF_90.jpg\",\"datePublished\":\"2026-03-02T10:16:58+00:00\",\"dateModified\":\"2026-04-24T16:34:05+00:00\",\"description\":\"K\u00f6p OSRAM ORIGINAL 2721MF 12V 1W med B8.5d-sockel f\u00f6r instrumentbelysning. OEM-kvalitet och p\u00e5litlig prestanda. Snabb leverans. \u00d6ppet k\u00f6p 30 dagar. Handla enkelt p\u00e5 xenonkungen.com!\",\"breadcrumb\":{\"@id\":\"https:\/\/xenonkungen.com\/produkt\/signallampa-2721mf-12v-1w-b8-5d-osram-original\/#breadcrumb\"},\"inLanguage\":\"fi\",\"potentialAction\":[{\"@type\":\"ReadAction\",\"target\":[\"https:\/\/xenonkungen.com\/produkt\/signallampa-2721mf-12v-1w-b8-5d-osram-original\/\"]}]},{\"@type\":\"ImageObject\",\"inLanguage\":\"fi\",\"@id\":\"https:\/\/xenonkungen.com\/produkt\/signallampa-2721mf-12v-1w-b8-5d-osram-original\/#primaryimage\",\"url\":\"https:\/\/xenonkungen.com\/wp-content\/uploads\/2026\/03\/Small-for-web-and-ppt-344909_ORIGINAL-2721MF_90.jpg\",\"contentUrl\":\"https:\/\/xenonkungen.com\/wp-content\/uploads\/2026\/03\/Small-for-web-and-ppt-344909_ORIGINAL-2721MF_90.jpg\",\"width\":1024,\"height\":1243},{\"@type\":\"BreadcrumbList\",\"@id\":\"https:\/\/xenonkungen.com\/produkt\/signallampa-2721mf-12v-1w-b8-5d-osram-original\/#breadcrumb\",\"itemListElement\":[{\"@type\":\"ListItem\",\"position\":1,\"name\":\"Hem\",\"item\":\"https:\/\/xenonkungen.com\/\"},{\"@type\":\"ListItem\",\"position\":2,\"name\":\"Shop\",\"item\":\"https:\/\/xenonkungen.com\/shop\/\"},{\"@type\":\"ListItem\",\"position\":3,\"name\":\"Signallampa 2721MF 12V 1W B8.5d, OSRAM ORIGINAL\"}]},{\"@type\":\"WebSite\",\"@id\":\"https:\/\/xenonkungen.com\/#website\",\"url\":\"https:\/\/xenonkungen.com\/\",\"name\":\"Xenonkungen\",\"description\":\"\",\"potentialAction\":[{\"@type\":\"SearchAction\",\"target\":{\"@type\":\"EntryPoint\",\"urlTemplate\":\"https:\/\/xenonkungen.com\/?s={search_term_string}\"},\"query-input\":{\"@type\":\"PropertyValueSpecification\",\"valueRequired\":true,\"valueName\":\"search_term_string\"}}],\"inLanguage\":\"fi\"}]}<\/script>\n<!-- \/ Yoast SEO plugin. -->","yoast_head_json":{"title":"Merkkivalo 2721MF 12V 1W B8.5d, OSRAM ORIGINAL - Ksenonkuningas OSRAM ORIGINAL 2721MF 12V 1W B8.5d - Ksenonkuningas","description":"Osta OSRAM ORIGINAL 2721MF 12V 1W B8.5d-kannalla mittariston valaistukseen. Alkuper\u00e4islaatua ja luotettavaa suorituskyky\u00e4. Nopea toimitus. Avoin ostoaika 30 p\u00e4iv\u00e4\u00e4. Osta helposti osoitteessa xenonkungen.com!","robots":{"index":"index","follow":"follow","max-snippet":"max-snippet:-1","max-image-preview":"max-image-preview:large","max-video-preview":"max-video-preview:-1"},"canonical":"https:\/\/xenonkungen.com\/fi\/tuote\/merkkivalo-2721mf-12v-1w-b8-5d-osram-alkuperainen\/","og_locale":"fi_FI","og_type":"article","og_title":"Signallampa 2721MF 12V 1W B8.5d, OSRAM ORIGINAL - Xenonkungen OSRAM ORIGINAL 2721MF 12V 1W B8.5d - Xenonkungen","og_description":"K\u00f6p OSRAM ORIGINAL 2721MF 12V 1W med B8.5d-sockel f\u00f6r instrumentbelysning. OEM-kvalitet och p\u00e5litlig prestanda. Snabb leverans. \u00d6ppet k\u00f6p 30 dagar. Handla enkelt p\u00e5 xenonkungen.com!","og_url":"https:\/\/xenonkungen.com\/fi\/tuote\/merkkivalo-2721mf-12v-1w-b8-5d-osram-alkuperainen\/","og_site_name":"Xenonkungen","article_modified_time":"2026-04-24T16:34:05+00:00","og_image":[{"width":1024,"height":1243,"url":"https:\/\/xenonkungen.com\/wp-content\/uploads\/2026\/03\/Small-for-web-and-ppt-344909_ORIGINAL-2721MF_90.jpg","type":"image\/jpeg"}],"twitter_card":"summary_large_image","twitter_misc":{"Arvioitu lukuaika":"2 minuuttia"},"schema":{"@context":"https:\/\/schema.org","@graph":[{"@type":"WebPage","@id":"https:\/\/xenonkungen.com\/produkt\/signallampa-2721mf-12v-1w-b8-5d-osram-original\/","url":"https:\/\/xenonkungen.com\/produkt\/signallampa-2721mf-12v-1w-b8-5d-osram-original\/","name":"Merkkivalo 2721MF 12V 1W B8.5d, OSRAM ORIGINAL - Ksenonkuningas OSRAM ORIGINAL 2721MF 12V 1W B8.5d - Ksenonkuningas","isPartOf":{"@id":"https:\/\/xenonkungen.com\/#website"},"primaryImageOfPage":{"@id":"https:\/\/xenonkungen.com\/produkt\/signallampa-2721mf-12v-1w-b8-5d-osram-original\/#primaryimage"},"image":{"@id":"https:\/\/xenonkungen.com\/produkt\/signallampa-2721mf-12v-1w-b8-5d-osram-original\/#primaryimage"},"thumbnailUrl":"https:\/\/xenonkungen.com\/wp-content\/uploads\/2026\/03\/Small-for-web-and-ppt-344909_ORIGINAL-2721MF_90.jpg","datePublished":"2026-03-02T10:16:58+00:00","dateModified":"2026-04-24T16:34:05+00:00","description":"Osta OSRAM ORIGINAL 2721MF 12V 1W B8.5d-kannalla mittariston valaistukseen. Alkuper\u00e4islaatua ja luotettavaa suorituskyky\u00e4. Nopea toimitus. Avoin ostoaika 30 p\u00e4iv\u00e4\u00e4. Osta helposti osoitteessa xenonkungen.com!","breadcrumb":{"@id":"https:\/\/xenonkungen.com\/produkt\/signallampa-2721mf-12v-1w-b8-5d-osram-original\/#breadcrumb"},"inLanguage":"fi","potentialAction":[{"@type":"ReadAction","target":["https:\/\/xenonkungen.com\/produkt\/signallampa-2721mf-12v-1w-b8-5d-osram-original\/"]}]},{"@type":"ImageObject","inLanguage":"fi","@id":"https:\/\/xenonkungen.com\/produkt\/signallampa-2721mf-12v-1w-b8-5d-osram-original\/#primaryimage","url":"https:\/\/xenonkungen.com\/wp-content\/uploads\/2026\/03\/Small-for-web-and-ppt-344909_ORIGINAL-2721MF_90.jpg","contentUrl":"https:\/\/xenonkungen.com\/wp-content\/uploads\/2026\/03\/Small-for-web-and-ppt-344909_ORIGINAL-2721MF_90.jpg","width":1024,"height":1243},{"@type":"BreadcrumbList","@id":"https:\/\/xenonkungen.com\/produkt\/signallampa-2721mf-12v-1w-b8-5d-osram-original\/#breadcrumb","itemListElement":[{"@type":"ListItem","position":1,"name":"Hem","item":"https:\/\/xenonkungen.com\/"},{"@type":"ListItem","position":2,"name":"Shop","item":"https:\/\/xenonkungen.com\/shop\/"},{"@type":"ListItem","position":3,"name":"Signallampa 2721MF 12V 1W B8.5d, OSRAM ORIGINAL"}]},{"@type":"WebSite","@id":"https:\/\/xenonkungen.com\/#website","url":"https:\/\/xenonkungen.com\/","name":"Xenonkungen","description":"","potentialAction":[{"@type":"SearchAction","target":{"@type":"EntryPoint","urlTemplate":"https:\/\/xenonkungen.com\/?s={search_term_string}"},"query-input":{"@type":"PropertyValueSpecification","valueRequired":true,"valueName":"search_term_string"}}],"inLanguage":"fi"}]}},"taxonomy_info":{"product_cat":[{"value":338,"label":"Diodlampor"}],"pa_faktisk-effekts-forbrukning":[{"value":1674,"label":"1"}],"pa_lampsockel-kontakt":[{"value":2890,"label":"B8.5d"}],"pa_volt-v":[{"value":159,"label":"12"}]},"featured_image_src_large":["https:\/\/xenonkungen.com\/wp-content\/uploads\/2026\/03\/Small-for-web-and-ppt-344909_ORIGINAL-2721MF_90-844x1024.jpg",844,1024,true],"author_info":[],"comment_info":0,"_links":{"self":[{"href":"https:\/\/xenonkungen.com\/fi\/wp-json\/wp\/v2\/product\/27029","targetHints":{"allow":["GET"]}}],"collection":[{"href":"https:\/\/xenonkungen.com\/fi\/wp-json\/wp\/v2\/product"}],"about":[{"href":"https:\/\/xenonkungen.com\/fi\/wp-json\/wp\/v2\/types\/product"}],"replies":[{"embeddable":true,"href":"https:\/\/xenonkungen.com\/fi\/wp-json\/wp\/v2\/comments?post=27029"}],"wp:featuredmedia":[{"embeddable":true,"href":"https:\/\/xenonkungen.com\/fi\/wp-json\/wp\/v2\/media\/27030"}],"wp:attachment":[{"href":"https:\/\/xenonkungen.com\/fi\/wp-json\/wp\/v2\/media?parent=27029"}],"wp:term":[{"taxonomy":"anvandningsomrade","embeddable":true,"href":"https:\/\/xenonkungen.com\/fi\/wp-json\/wp\/v2\/anvandningsomrade?post=27029"},{"taxonomy":"bilmarken","embeddable":true,"href":"https:\/\/xenonkungen.com\/fi\/wp-json\/wp\/v2\/bilmarken?post=27029"},{"taxonomy":"product_brand","embeddable":true,"href":"https:\/\/xenonkungen.com\/fi\/wp-json\/wp\/v2\/product_brand?post=27029"},{"taxonomy":"product_cat","embeddable":true,"href":"https:\/\/xenonkungen.com\/fi\/wp-json\/wp\/v2\/product_cat?post=27029"},{"taxonomy":"product_tag","embeddable":true,"href":"https:\/\/xenonkungen.com\/fi\/wp-json\/wp\/v2\/product_tag?post=27029"}],"curies":[{"name":"wp","href":"https:\/\/api.w.org\/{rel}","templated":true}]}}