{"id":27036,"date":"2026-03-02T11:32:32","date_gmt":"2026-03-02T10:32:32","guid":{"rendered":"https:\/\/xenonkungen.com\/?post_type=product&#038;p=27036"},"modified":"2026-04-24T17:49:57","modified_gmt":"2026-04-24T16:49:57","slug":"kuorma-kelkka-400kg-ford-ranger-double-cab-2010-2023-vool","status":"publish","type":"product","link":"https:\/\/xenonkungen.com\/fi\/tuote\/kuorma-kelkka-400kg-ford-ranger-double-cab-2010-2023-vool\/","title":{"rendered":"Tavaratila 400kg Ford Ranger Double Cab 2010-2023, Vool"},"content":{"rendered":"<h2 data-start=\"639\" data-end=\"690\">Tehokas ja k\u00e4yt\u00e4nn\u00f6llinen tavaratilan ratkaisu Ford Rangeriin<\/h2>\n<p data-start=\"692\" data-end=\"934\">T\u00e4m\u00e4 Voolin kest\u00e4v\u00e4 tavararekka on suunniteltu erityisesti Ford Ranger Double Cab -mallivuosille 2010\u20132023. Eritt\u00e4in luja ter\u00e4srakenne yhdistettyn\u00e4 kest\u00e4v\u00e4\u00e4n pulverimaalaukseen tekee rekasta valmiin vaativiin ty\u00f6olosuhteisiin ja p\u00e4ivitt\u00e4iseen k\u00e4ytt\u00f6\u00f6n.<\/p>\n<p data-start=\"936\" data-end=\"1061\">Suurin 400 kg:n kantavuus tarjoaa vakaan ja turvallisen ratkaisun ty\u00f6kaluille, koneille ja muille laitteille.<\/p>\n<h2 data-start=\"1063\" data-end=\"1101\">Helppo p\u00e4\u00e4sy ja turvallisempi lastaus<\/h2>\n<p data-start=\"1103\" data-end=\"1346\">Kelkkaa voi pident\u00e4\u00e4 jopa 730 mm, mink\u00e4 ansiosta kuormaan p\u00e4\u00e4see helposti k\u00e4siksi ilman, ett\u00e4 tarvitsee kiivet\u00e4 lavalle. Lattiassa on tummat WISA-hexa-kahvat, joissa on kuusikulmainen kuviointi, joka tarjoaa hyv\u00e4n pidon ja v\u00e4hent\u00e4\u00e4 kuorman liukastumisriski\u00e4.<\/p>\n<p data-start=\"1348\" data-end=\"1459\">Sivuilla on rei\u00e4t lastin kiinnitt\u00e4mist\u00e4 varten, mik\u00e4 helpottaa hihnojen kiinnitt\u00e4mist\u00e4 ja kuorman asianmukaista kiinnitt\u00e4mist\u00e4.<\/p>\n<h2 data-start=\"1461\" data-end=\"1487\">Mukautettu kaksoisohjaamolle<\/h2>\n<p data-start=\"1489\" data-end=\"1639\">Tuote on suunniteltu yksinomaan Ford Ranger Double Cab -malliin, eik\u00e4 se sovi muihin korityyleihin. Sill\u00e4 on kahden vuoden takuu, joka antaa lis\u00e4mielenrauhaa.<\/p>\n<p data-start=\"1641\" data-end=\"1694\">Huomioithan, ett\u00e4 kuvassa n\u00e4kyv\u00e4 tavaraverkko ei sis\u00e4lly toimitukseen.<\/p>","protected":false},"excerpt":{"rendered":"<p>Kest\u00e4v\u00e4 ja jatkettava tavarakelkka erikoislujuuster\u00e4ksest\u00e4 Ford Ranger Double Cab -malliin vuosimalleissa 2010\u20132023. Kest\u00e4\u00e4 400 kg ja tarjoaa helpon p\u00e4\u00e4syn lavan kuormiin.<\/p>","protected":false},"featured_media":27037,"comment_status":"open","ping_status":"closed","template":"","meta":{"_acf_changed":false,"_smort_price_nok":"9234","_smort_price_dkk":"","_smort_price_eur":"","_smort_sale_price_nok":"","_smort_sale_price_dkk":"","_smort_sale_price_eur":"","smort_restorder":"","shipmondo_restorder":"","_kad_blocks_custom_css":"","_kad_blocks_head_custom_js":"","_kad_blocks_body_custom_js":"","_kad_blocks_footer_custom_js":"","smort_custom_pricelist_1":"6224.4","smort_custom_pricelist_2":"6224.4","smort_custom_pricelist_3":"6224.4","smort_custom_pricelist_4":"6796","smort_custom_pricelist_5":"6224.4"},"anvandningsomrade":[],"bilmarken":[],"product_brand":[113],"product_cat":[377],"product_tag":[],"class_list":{"0":"post-27036","1":"product","2":"type-product","3":"status-publish","4":"has-post-thumbnail","6":"product_brand-vool","7":"product_cat-biltillbehor","8":"pa_storlek-mm-1250x1000x200","10":"first","11":"onbackorder","12":"taxable","13":"shipping-taxable","14":"purchasable","15":"product-type-simple"},"bundled_by":[],"bundle_stock_status":"onbackorder","bundle_stock_quantity":0,"bundle_virtual":false,"bundle_layout":"","bundle_add_to_cart_form_location":"","bundle_editable_in_cart":false,"bundle_sold_individually_context":"","bundle_item_grouping":"","bundle_min_size":"","bundle_max_size":"","bundle_price":[],"bundled_items":[],"bundle_sell_ids":[],"acf":[],"yoast_head":"<!-- This site is optimized with the Yoast SEO plugin v27.0 - https:\/\/yoast.com\/product\/yoast-seo-wordpress\/ -->\n<title>Lastsl\u00e4de 400kg Ford Ranger Dubbelhytt 2010-2023, Vool - Xenonkungen Lastsl\u00e4de Ford Ranger Dubbelhytt 2010-2023 400kg - Xenonkungen<\/title>\n<meta name=\"description\" content=\"K\u00f6p Vool lastsl\u00e4de till Ford Ranger Dubbelhytt 2010\u20132023. Klarar 400 kg och har utdrag 730 mm. Snabb leverans. \u00d6ppet k\u00f6p 30 dagar. Handla enkelt p\u00e5 xenonkungen.com!\" \/>\n<meta name=\"robots\" content=\"index, follow, max-snippet:-1, max-image-preview:large, max-video-preview:-1\" \/>\n<link rel=\"canonical\" href=\"https:\/\/xenonkungen.com\/fi\/tuote\/kuorma-kelkka-400kg-ford-ranger-double-cab-2010-2023-vool\/\" \/>\n<meta property=\"og:locale\" content=\"fi_FI\" \/>\n<meta property=\"og:type\" content=\"article\" \/>\n<meta property=\"og:title\" content=\"Lastsl\u00e4de 400kg Ford Ranger Dubbelhytt 2010-2023, Vool - Xenonkungen Lastsl\u00e4de Ford Ranger Dubbelhytt 2010-2023 400kg - Xenonkungen\" \/>\n<meta property=\"og:description\" content=\"K\u00f6p Vool lastsl\u00e4de till Ford Ranger Dubbelhytt 2010\u20132023. Klarar 400 kg och har utdrag 730 mm. Snabb leverans. \u00d6ppet k\u00f6p 30 dagar. Handla enkelt p\u00e5 xenonkungen.com!\" \/>\n<meta property=\"og:url\" content=\"https:\/\/xenonkungen.com\/fi\/tuote\/kuorma-kelkka-400kg-ford-ranger-double-cab-2010-2023-vool\/\" \/>\n<meta property=\"og:site_name\" content=\"Xenonkungen\" \/>\n<meta property=\"article:modified_time\" content=\"2026-04-24T16:49:57+00:00\" \/>\n<meta property=\"og:image\" content=\"https:\/\/xenonkungen.com\/wp-content\/uploads\/2026\/03\/199132939-origpic-16ffe6.jpg\" \/>\n\t<meta property=\"og:image:width\" content=\"1000\" \/>\n\t<meta property=\"og:image:height\" content=\"800\" \/>\n\t<meta property=\"og:image:type\" content=\"image\/jpeg\" \/>\n<meta name=\"twitter:card\" content=\"summary_large_image\" \/>\n<meta name=\"twitter:label1\" content=\"Arvioitu lukuaika\" \/>\n\t<meta name=\"twitter:data1\" content=\"1 minuutti\" \/>\n<script type=\"application\/ld+json\" class=\"yoast-schema-graph\">{\"@context\":\"https:\/\/schema.org\",\"@graph\":[{\"@type\":\"WebPage\",\"@id\":\"https:\/\/xenonkungen.com\/produkt\/lastslade-400kg-ford-ranger-dubbelhytt-2010-2023-vool\/\",\"url\":\"https:\/\/xenonkungen.com\/produkt\/lastslade-400kg-ford-ranger-dubbelhytt-2010-2023-vool\/\",\"name\":\"Lastsl\u00e4de 400kg Ford Ranger Dubbelhytt 2010-2023, Vool - Xenonkungen Lastsl\u00e4de Ford Ranger Dubbelhytt 2010-2023 400kg - Xenonkungen\",\"isPartOf\":{\"@id\":\"https:\/\/xenonkungen.com\/#website\"},\"primaryImageOfPage\":{\"@id\":\"https:\/\/xenonkungen.com\/produkt\/lastslade-400kg-ford-ranger-dubbelhytt-2010-2023-vool\/#primaryimage\"},\"image\":{\"@id\":\"https:\/\/xenonkungen.com\/produkt\/lastslade-400kg-ford-ranger-dubbelhytt-2010-2023-vool\/#primaryimage\"},\"thumbnailUrl\":\"https:\/\/xenonkungen.com\/wp-content\/uploads\/2026\/03\/199132939-origpic-16ffe6.jpg\",\"datePublished\":\"2026-03-02T10:32:32+00:00\",\"dateModified\":\"2026-04-24T16:49:57+00:00\",\"description\":\"K\u00f6p Vool lastsl\u00e4de till Ford Ranger Dubbelhytt 2010\u20132023. Klarar 400 kg och har utdrag 730 mm. Snabb leverans. \u00d6ppet k\u00f6p 30 dagar. Handla enkelt p\u00e5 xenonkungen.com!\",\"breadcrumb\":{\"@id\":\"https:\/\/xenonkungen.com\/produkt\/lastslade-400kg-ford-ranger-dubbelhytt-2010-2023-vool\/#breadcrumb\"},\"inLanguage\":\"fi\",\"potentialAction\":[{\"@type\":\"ReadAction\",\"target\":[\"https:\/\/xenonkungen.com\/produkt\/lastslade-400kg-ford-ranger-dubbelhytt-2010-2023-vool\/\"]}]},{\"@type\":\"ImageObject\",\"inLanguage\":\"fi\",\"@id\":\"https:\/\/xenonkungen.com\/produkt\/lastslade-400kg-ford-ranger-dubbelhytt-2010-2023-vool\/#primaryimage\",\"url\":\"https:\/\/xenonkungen.com\/wp-content\/uploads\/2026\/03\/199132939-origpic-16ffe6.jpg\",\"contentUrl\":\"https:\/\/xenonkungen.com\/wp-content\/uploads\/2026\/03\/199132939-origpic-16ffe6.jpg\",\"width\":1000,\"height\":800},{\"@type\":\"BreadcrumbList\",\"@id\":\"https:\/\/xenonkungen.com\/produkt\/lastslade-400kg-ford-ranger-dubbelhytt-2010-2023-vool\/#breadcrumb\",\"itemListElement\":[{\"@type\":\"ListItem\",\"position\":1,\"name\":\"Hem\",\"item\":\"https:\/\/xenonkungen.com\/\"},{\"@type\":\"ListItem\",\"position\":2,\"name\":\"Shop\",\"item\":\"https:\/\/xenonkungen.com\/shop\/\"},{\"@type\":\"ListItem\",\"position\":3,\"name\":\"Lastsl\u00e4de 400kg Ford Ranger Dubbelhytt 2010-2023, Vool\"}]},{\"@type\":\"WebSite\",\"@id\":\"https:\/\/xenonkungen.com\/#website\",\"url\":\"https:\/\/xenonkungen.com\/\",\"name\":\"Xenonkungen\",\"description\":\"\",\"potentialAction\":[{\"@type\":\"SearchAction\",\"target\":{\"@type\":\"EntryPoint\",\"urlTemplate\":\"https:\/\/xenonkungen.com\/?s={search_term_string}\"},\"query-input\":{\"@type\":\"PropertyValueSpecification\",\"valueRequired\":true,\"valueName\":\"search_term_string\"}}],\"inLanguage\":\"fi\"}]}<\/script>\n<!-- \/ Yoast SEO plugin. -->","yoast_head_json":{"title":"Tavaratila 400kg Ford Ranger Double Cab 2010-2023, Vool - Xenonkungen Tavaratila Ford Ranger Double Cab 2010-2023 400kg - Xenonkungen","description":"Osta Vool-tavarakelkka Ford Ranger Double Cab -malliin vuosimalleissa 2010\u20132023. Kantavuus on 400 kg ja jatke 730 mm. Nopea toimitus. Ostoaika 30 p\u00e4iv\u00e4\u00e4. Osta helposti osoitteessa xenonkungen.com!","robots":{"index":"index","follow":"follow","max-snippet":"max-snippet:-1","max-image-preview":"max-image-preview:large","max-video-preview":"max-video-preview:-1"},"canonical":"https:\/\/xenonkungen.com\/fi\/tuote\/kuorma-kelkka-400kg-ford-ranger-double-cab-2010-2023-vool\/","og_locale":"fi_FI","og_type":"article","og_title":"Lastsl\u00e4de 400kg Ford Ranger Dubbelhytt 2010-2023, Vool - Xenonkungen Lastsl\u00e4de Ford Ranger Dubbelhytt 2010-2023 400kg - Xenonkungen","og_description":"K\u00f6p Vool lastsl\u00e4de till Ford Ranger Dubbelhytt 2010\u20132023. Klarar 400 kg och har utdrag 730 mm. Snabb leverans. \u00d6ppet k\u00f6p 30 dagar. Handla enkelt p\u00e5 xenonkungen.com!","og_url":"https:\/\/xenonkungen.com\/fi\/tuote\/kuorma-kelkka-400kg-ford-ranger-double-cab-2010-2023-vool\/","og_site_name":"Xenonkungen","article_modified_time":"2026-04-24T16:49:57+00:00","og_image":[{"width":1000,"height":800,"url":"https:\/\/xenonkungen.com\/wp-content\/uploads\/2026\/03\/199132939-origpic-16ffe6.jpg","type":"image\/jpeg"}],"twitter_card":"summary_large_image","twitter_misc":{"Arvioitu lukuaika":"1 minuutti"},"schema":{"@context":"https:\/\/schema.org","@graph":[{"@type":"WebPage","@id":"https:\/\/xenonkungen.com\/produkt\/lastslade-400kg-ford-ranger-dubbelhytt-2010-2023-vool\/","url":"https:\/\/xenonkungen.com\/produkt\/lastslade-400kg-ford-ranger-dubbelhytt-2010-2023-vool\/","name":"Tavaratila 400kg Ford Ranger Double Cab 2010-2023, Vool - Xenonkungen Tavaratila Ford Ranger Double Cab 2010-2023 400kg - Xenonkungen","isPartOf":{"@id":"https:\/\/xenonkungen.com\/#website"},"primaryImageOfPage":{"@id":"https:\/\/xenonkungen.com\/produkt\/lastslade-400kg-ford-ranger-dubbelhytt-2010-2023-vool\/#primaryimage"},"image":{"@id":"https:\/\/xenonkungen.com\/produkt\/lastslade-400kg-ford-ranger-dubbelhytt-2010-2023-vool\/#primaryimage"},"thumbnailUrl":"https:\/\/xenonkungen.com\/wp-content\/uploads\/2026\/03\/199132939-origpic-16ffe6.jpg","datePublished":"2026-03-02T10:32:32+00:00","dateModified":"2026-04-24T16:49:57+00:00","description":"Osta Vool-tavarakelkka Ford Ranger Double Cab -malliin vuosimalleissa 2010\u20132023. Kantavuus on 400 kg ja jatke 730 mm. Nopea toimitus. Ostoaika 30 p\u00e4iv\u00e4\u00e4. Osta helposti osoitteessa xenonkungen.com!","breadcrumb":{"@id":"https:\/\/xenonkungen.com\/produkt\/lastslade-400kg-ford-ranger-dubbelhytt-2010-2023-vool\/#breadcrumb"},"inLanguage":"fi","potentialAction":[{"@type":"ReadAction","target":["https:\/\/xenonkungen.com\/produkt\/lastslade-400kg-ford-ranger-dubbelhytt-2010-2023-vool\/"]}]},{"@type":"ImageObject","inLanguage":"fi","@id":"https:\/\/xenonkungen.com\/produkt\/lastslade-400kg-ford-ranger-dubbelhytt-2010-2023-vool\/#primaryimage","url":"https:\/\/xenonkungen.com\/wp-content\/uploads\/2026\/03\/199132939-origpic-16ffe6.jpg","contentUrl":"https:\/\/xenonkungen.com\/wp-content\/uploads\/2026\/03\/199132939-origpic-16ffe6.jpg","width":1000,"height":800},{"@type":"BreadcrumbList","@id":"https:\/\/xenonkungen.com\/produkt\/lastslade-400kg-ford-ranger-dubbelhytt-2010-2023-vool\/#breadcrumb","itemListElement":[{"@type":"ListItem","position":1,"name":"Hem","item":"https:\/\/xenonkungen.com\/"},{"@type":"ListItem","position":2,"name":"Shop","item":"https:\/\/xenonkungen.com\/shop\/"},{"@type":"ListItem","position":3,"name":"Lastsl\u00e4de 400kg Ford Ranger Dubbelhytt 2010-2023, Vool"}]},{"@type":"WebSite","@id":"https:\/\/xenonkungen.com\/#website","url":"https:\/\/xenonkungen.com\/","name":"Xenonkungen","description":"","potentialAction":[{"@type":"SearchAction","target":{"@type":"EntryPoint","urlTemplate":"https:\/\/xenonkungen.com\/?s={search_term_string}"},"query-input":{"@type":"PropertyValueSpecification","valueRequired":true,"valueName":"search_term_string"}}],"inLanguage":"fi"}]}},"taxonomy_info":{"product_brand":[{"value":113,"label":"Vool"}],"product_cat":[{"value":377,"label":"Biltillbeh\u00f6r"}],"pa_storlek-mm":[{"value":2891,"label":"1250x1000x200"}]},"featured_image_src_large":["https:\/\/xenonkungen.com\/wp-content\/uploads\/2026\/03\/199132939-origpic-16ffe6.jpg",1000,800,false],"author_info":[],"comment_info":0,"_links":{"self":[{"href":"https:\/\/xenonkungen.com\/fi\/wp-json\/wp\/v2\/product\/27036","targetHints":{"allow":["GET"]}}],"collection":[{"href":"https:\/\/xenonkungen.com\/fi\/wp-json\/wp\/v2\/product"}],"about":[{"href":"https:\/\/xenonkungen.com\/fi\/wp-json\/wp\/v2\/types\/product"}],"replies":[{"embeddable":true,"href":"https:\/\/xenonkungen.com\/fi\/wp-json\/wp\/v2\/comments?post=27036"}],"wp:featuredmedia":[{"embeddable":true,"href":"https:\/\/xenonkungen.com\/fi\/wp-json\/wp\/v2\/media\/27037"}],"wp:attachment":[{"href":"https:\/\/xenonkungen.com\/fi\/wp-json\/wp\/v2\/media?parent=27036"}],"wp:term":[{"taxonomy":"anvandningsomrade","embeddable":true,"href":"https:\/\/xenonkungen.com\/fi\/wp-json\/wp\/v2\/anvandningsomrade?post=27036"},{"taxonomy":"bilmarken","embeddable":true,"href":"https:\/\/xenonkungen.com\/fi\/wp-json\/wp\/v2\/bilmarken?post=27036"},{"taxonomy":"product_brand","embeddable":true,"href":"https:\/\/xenonkungen.com\/fi\/wp-json\/wp\/v2\/product_brand?post=27036"},{"taxonomy":"product_cat","embeddable":true,"href":"https:\/\/xenonkungen.com\/fi\/wp-json\/wp\/v2\/product_cat?post=27036"},{"taxonomy":"product_tag","embeddable":true,"href":"https:\/\/xenonkungen.com\/fi\/wp-json\/wp\/v2\/product_tag?post=27036"}],"curies":[{"name":"wp","href":"https:\/\/api.w.org\/{rel}","templated":true}]}}