{"id":27189,"date":"2026-03-05T13:58:17","date_gmt":"2026-03-05T12:58:17","guid":{"rendered":"https:\/\/xenonkungen.com\/?post_type=product&#038;p=27189"},"modified":"2026-04-02T12:23:56","modified_gmt":"2026-04-02T11:23:56","slug":"luxtar-master-slave-x4-xbb-virtayksikon-sovittimen-kopio","status":"publish","type":"product","link":"https:\/\/xenonkungen.com\/fi\/tuote\/luxtar-master-slave-x4-xbb-virtayksikon-sovittimen-kopio\/","title":{"rendered":"Luxtar Master &amp; Slave x4 + XBB-virtal\u00e4hde ja sovitin"},"content":{"rendered":"<h2 data-start=\"586\" data-end=\"618\">\u00c4lyk\u00e4s valaistuksen ohjaus OBD-II:n kautta<\/h2>\n<p data-start=\"620\" data-end=\"866\">T\u00e4m\u00e4 paketti yhdist\u00e4\u00e4 XBB OBD-II -sovittimen ja XBB PowerUnitin Luxtarin edistyneeseen relekaapelisarjaan Master &amp; Slave. Ratkaisun avulla voit ohjata lis\u00e4valoja, LED-ramppeja, ty\u00f6valoja ja peruutusvaloja langattomasti auton OBD-liit\u00e4nn\u00e4n ja XBB-sovelluksen kautta.<\/p>\n<p data-start=\"868\" data-end=\"1119\">Asennus tapahtuu ilman auton kaukovalosignaalin kytkemist\u00e4, joten j\u00e4rjestelm\u00e4 sopii erinomaisesti nykyaikaisiin CAN-v\u00e4yl\u00e4ll\u00e4 varustettuihin ajoneuvoihin. Dongle lukee auton signaalit suoraan OBD-liit\u00e4nn\u00e4n kautta ja l\u00e4hett\u00e4\u00e4 ne langattomasti PowerUnit-releelle, joka ohjaa valaistusta.<\/p>\n<p data-start=\"1121\" data-end=\"1216\">J\u00e4rjestelm\u00e4 toimii sek\u00e4 12 V:n ett\u00e4 24 V:n j\u00e4nnitteell\u00e4 ja voi ohjata jopa nelj\u00e4\u00e4 PowerUnitia samalla donglella.<\/p>\n<h2 data-start=\"1218\" data-end=\"1252\">Master &amp; Slave x4 \u2013 suurta tehoa varten<\/h2>\n<p data-start=\"1254\" data-end=\"1432\">Tehokkaille lis\u00e4valoille tavallinen rele ei usein riit\u00e4. Siksi Luxtar Relay Cable Kit Master &amp; Slave on varustettu tehokkaalla 80 A:n orjareleell\u00e4, jota ohjataan XBB PowerUnitin kautta.<\/p>\n<p data-start=\"1434\" data-end=\"1535\">T\u00e4m\u00e4 mahdollistaa huomattavasti voimakkaamman valaistuksen asentamisen kuin mit\u00e4 tavallinen XBB-rele pystyy k\u00e4sittelem\u00e4\u00e4n.<\/p>\n<p data-start=\"1537\" data-end=\"1583\">J\u00e4rjestelm\u00e4 mahdollistaa esimerkiksi seuraavien asennusten:<\/p>\n<ul data-start=\"1585\" data-end=\"1664\">\n<li data-start=\"1585\" data-end=\"1623\">\n<p data-start=\"1587\" data-end=\"1623\">jopa <strong data-start=\"1596\" data-end=\"1621\">40A \/ 500W (1 l\u00e4ht\u00f6)<\/strong><\/p>\n<\/li>\n<li data-start=\"1624\" data-end=\"1664\">\n<p data-start=\"1626\" data-end=\"1664\">jopa <strong data-start=\"1635\" data-end=\"1662\">60A \/ 750W (4 l\u00e4ht\u00f6\u00e4)<\/strong><\/p>\n<\/li>\n<\/ul>\n<p data-start=\"1666\" data-end=\"1780\">Tuloksena on vakaa, turvallinen ja tulevaisuuden vaatimukset t\u00e4ytt\u00e4v\u00e4 asennus jopa eritt\u00e4in tehokkaille LED-ramppeille ja lis\u00e4valoille.<\/p>\n<h2 data-start=\"1782\" data-end=\"1825\">Helppo asennus ja joustava ohjaus<\/h2>\n<p data-start=\"1827\" data-end=\"2017\">Asennus on plug-and-play-periaatteella toimiva ja vaatii vain donglen kytkemisen auton OBD-liit\u00e4nt\u00e4\u00e4n. PowerUnit yhdistet\u00e4\u00e4n sitten XBB-sovelluksessa, jossa voit valita, mitk\u00e4 toiminnot aktivoivat valaistuksen.<\/p>\n<p data-start=\"2019\" data-end=\"2054\">Voit esimerkiksi ohjata valoa seuraavilla tavoilla:<\/p>\n<ul data-start=\"2056\" data-end=\"2161\">\n<li data-start=\"2056\" data-end=\"2067\">\n<p data-start=\"2058\" data-end=\"2067\">kaukovalo<\/p>\n<\/li>\n<li data-start=\"2068\" data-end=\"2081\">\n<p data-start=\"2070\" data-end=\"2081\">peruutusvaihde<\/p>\n<\/li>\n<li data-start=\"2082\" data-end=\"2099\">\n<p data-start=\"2084\" data-end=\"2099\">asennon merkkivalo<\/p>\n<\/li>\n<li data-start=\"2100\" data-end=\"2107\">\n<p data-start=\"2102\" data-end=\"2107\">P\u00e4iv\u00e4ajovalot<\/p>\n<\/li>\n<li data-start=\"2108\" data-end=\"2161\">\n<p data-start=\"2110\" data-end=\"2161\">manuaalinen aktivointi sovelluksen tai XBB Smart Buttonin kautta<\/p>\n<\/li>\n<\/ul>\n<p data-start=\"2163\" data-end=\"2311\">Relekaapelisarja on mitoitettu suurille kuormille ja siin\u00e4 on vedenpit\u00e4v\u00e4t Deutsch-liittimet ammattimaista ja luotettavaa asennusta varten.<\/p>\n<h2 data-start=\"2313\" data-end=\"2337\">T\u00e4m\u00e4 sis\u00e4ltyy pakettiin<\/h2>\n<ul data-start=\"2339\" data-end=\"2764\">\n<li data-start=\"2339\" data-end=\"2364\">\n<p data-start=\"2341\" data-end=\"2364\">1 \u00d7 XBB OBD-II -sovitin<\/p>\n<\/li>\n<li data-start=\"2365\" data-end=\"2402\">\n<p data-start=\"2367\" data-end=\"2402\">1 \u00d7 XBB PowerUnit (langaton rele)<\/p>\n<\/li>\n<li data-start=\"2403\" data-end=\"2448\">\n<p data-start=\"2405\" data-end=\"2448\">1 \u00d7 Luxtar-relekaapelisarja, p\u00e4\u00e4- ja orjaliit\u00e4nt\u00e4 x4<\/p>\n<\/li>\n<li data-start=\"2449\" data-end=\"2481\">\n<p data-start=\"2451\" data-end=\"2481\">1 \u00d7 80A rele relepitimell\u00e4<\/p>\n<\/li>\n<li data-start=\"2482\" data-end=\"2538\">\n<p data-start=\"2484\" data-end=\"2538\">1 \u00d7 ylim\u00e4\u00e4r\u00e4inen releenpidin XBB PowerUnitin kautta tapahtuvaa ohjausta varten<\/p>\n<\/li>\n<li data-start=\"2539\" data-end=\"2578\">\n<p data-start=\"2541\" data-end=\"2578\">1 \u00d7 40A sulake sulakepidikkeell\u00e4<\/p>\n<\/li>\n<li data-start=\"2579\" data-end=\"2603\">\n<p data-start=\"2581\" data-end=\"2603\">2 metrin liit\u00e4nt\u00e4kaapeli<\/p>\n<\/li>\n<li data-start=\"2604\" data-end=\"2636\">\n<p data-start=\"2606\" data-end=\"2636\">Virtakaapelit ja signaalikaapelit<\/p>\n<\/li>\n<li data-start=\"2637\" data-end=\"2708\">\n<p data-start=\"2639\" data-end=\"2708\">Kiinnitysmateriaalit (kutistesukka, nippusiteet, rengasliittimet ja liitosholkit)<\/p>\n<\/li>\n<li data-start=\"2709\" data-end=\"2764\">\n<p data-start=\"2711\" data-end=\"2764\">Valittavissa olevat Deutsch-liittimet: 4x DT-3 | DT-4 | DTP-2 | DTP-4<\/p>\n<\/li>\n<\/ul>\n<h2 data-start=\"2766\" data-end=\"2783\">Yhteensopivuus<\/h2>\n<p data-start=\"2785\" data-end=\"2933\">J\u00e4rjestelm\u00e4 on kehitetty nykyaikaisille ajoneuvoille, joissa on OBD-liit\u00e4nt\u00e4, ja sit\u00e4 tukee XBB:n ajoneuvotietokanta. Uusia ajoneuvoprofiileja lis\u00e4t\u00e4\u00e4n jatkuvasti sovellusp\u00e4ivitysten kautta.<\/p>","protected":false},"excerpt":{"rendered":"<p>T\u00e4ydellinen lis\u00e4valopaketti, jossa on XBB OBD-II -dongeli, PowerUnit ja Luxtar-relekaapelisarja Master &amp; Slave x4. \u00c4lyk\u00e4s plug-and-play-ratkaisu CAN-v\u00e4yl\u00e4ohjattuihin ajoneuvoihin, joka tarjoaa langattoman valojen ohjauksen ja mahdollisuuden tehokkaille LED-valoille ja lis\u00e4valoille.<\/p>","protected":false},"featured_media":27188,"comment_status":"open","ping_status":"closed","template":"","meta":{"_acf_changed":false,"_smort_price_nok":"3514","_smort_price_dkk":"","_smort_price_eur":"","_smort_sale_price_nok":"","_smort_sale_price_dkk":"","_smort_sale_price_eur":"","smort_restorder":"","shipmondo_restorder":"","_kad_blocks_custom_css":"","_kad_blocks_head_custom_js":"","_kad_blocks_body_custom_js":"","_kad_blocks_footer_custom_js":"","smort_custom_pricelist_1":"2105.6","smort_custom_pricelist_2":"1842.4","smort_custom_pricelist_3":"1710.8","smort_custom_pricelist_4":"2632","smort_custom_pricelist_5":"1842.4"},"anvandningsomrade":[],"bilmarken":[],"product_brand":[115],"product_cat":[2487,2795,2821,2490,2497,390],"product_tag":[],"class_list":{"0":"post-27189","1":"product","2":"type-product","3":"status-publish","4":"has-post-thumbnail","6":"product_brand-xbb","7":"product_cat-canbus-installation","8":"product_cat-kablar-rela","9":"product_cat-luxtar-relakabelsatser","10":"product_cat-relasats-2","11":"product_cat-xbb","12":"product_cat-installation","14":"first","15":"onbackorder","16":"taxable","17":"shipping-taxable","18":"purchasable","19":"product-type-bundle"},"bundled_by":[],"bundle_stock_status":"instock","bundle_stock_quantity":"","bundle_virtual":false,"bundle_layout":"default","bundle_add_to_cart_form_location":"default","bundle_editable_in_cart":false,"bundle_sold_individually_context":"product","bundle_item_grouping":"parent","bundle_min_size":"","bundle_max_size":"","bundle_price":{"price":{"min":{"incl_tax":"299.06","excl_tax":"239.25098456"},"max":{"incl_tax":"299.06","excl_tax":"239.25098456"}},"regular_price":{"min":{"incl_tax":"299.06","excl_tax":"239.25098456"},"max":{"incl_tax":"299.06","excl_tax":"239.25098456"}}},"bundled_items":[{"bundled_item_id":603,"product_id":26250,"menu_order":0,"quantity_min":1,"quantity_max":1,"quantity_default":1,"priced_individually":false,"shipped_individually":false,"override_title":false,"title":"Luxtar-relekaapelisarja Master &amp; Slave X 4 | 12V | 80A Rele","override_description":false,"description":"","optional":false,"hide_thumbnail":false,"discount":"","override_variations":false,"allowed_variations":[],"override_default_variation_attributes":false,"default_variation_attributes":[],"single_product_visibility":"visible","cart_visibility":"visible","order_visibility":"visible","single_product_price_visibility":"visible","cart_price_visibility":"visible","order_price_visibility":"visible","stock_status":"in_stock"},{"bundled_item_id":604,"product_id":1538,"menu_order":1,"quantity_min":1,"quantity_max":1,"quantity_default":1,"priced_individually":false,"shipped_individually":false,"override_title":false,"title":"XBB OBD-II-dongle + PowerUnit","override_description":false,"description":"","optional":false,"hide_thumbnail":false,"discount":"","override_variations":false,"allowed_variations":[],"override_default_variation_attributes":false,"default_variation_attributes":[],"single_product_visibility":"visible","cart_visibility":"visible","order_visibility":"visible","single_product_price_visibility":"visible","cart_price_visibility":"visible","order_price_visibility":"visible","stock_status":"on_backorder"}],"bundle_sell_ids":[],"acf":[],"yoast_head":"<!-- This site is optimized with the Yoast SEO plugin v27.0 - https:\/\/yoast.com\/product\/yoast-seo-wordpress\/ -->\n<title>Luxtar Master &amp; Slave x4 + XBB PowerUnit &amp; Dongel - Xenonkungen Extraljuspaket XBB OBD-II Dongel, PowerUnit &amp; Relay Cable Kit Master &amp; Slave, Luxtar - Xenonkungen<\/title>\n<meta name=\"description\" content=\"K\u00f6p extraljuspaket med XBB OBD-II Dongel, PowerUnit och Luxtar Relay Cable Kit Master &amp; Slave. Smart CAN-busstyrning och h\u00f6g effekt f\u00f6r LED-ramper. Snabb leverans. \u00d6ppet k\u00f6p 30 dagar.\" \/>\n<meta name=\"robots\" content=\"index, follow, max-snippet:-1, max-image-preview:large, max-video-preview:-1\" \/>\n<link rel=\"canonical\" href=\"https:\/\/xenonkungen.com\/fi\/tuote\/luxtar-master-slave-x4-xbb-virtayksikon-sovittimen-kopio\/\" \/>\n<meta property=\"og:locale\" content=\"fi_FI\" \/>\n<meta property=\"og:type\" content=\"article\" \/>\n<meta property=\"og:title\" content=\"Luxtar Master &amp; Slave x4 + XBB PowerUnit &amp; Dongel - Xenonkungen Extraljuspaket XBB OBD-II Dongel, PowerUnit &amp; Relay Cable Kit Master &amp; Slave, Luxtar - Xenonkungen\" \/>\n<meta property=\"og:description\" content=\"K\u00f6p extraljuspaket med XBB OBD-II Dongel, PowerUnit och Luxtar Relay Cable Kit Master &amp; Slave. Smart CAN-busstyrning och h\u00f6g effekt f\u00f6r LED-ramper. Snabb leverans. \u00d6ppet k\u00f6p 30 dagar.\" \/>\n<meta property=\"og:url\" content=\"https:\/\/xenonkungen.com\/fi\/tuote\/luxtar-master-slave-x4-xbb-virtayksikon-sovittimen-kopio\/\" \/>\n<meta property=\"og:site_name\" content=\"Xenonkungen\" \/>\n<meta property=\"article:modified_time\" content=\"2026-04-02T11:23:56+00:00\" \/>\n<meta property=\"og:image\" content=\"https:\/\/xenonkungen.com\/wp-content\/uploads\/2026\/03\/103220-XBB.png\" \/>\n\t<meta property=\"og:image:width\" content=\"2048\" \/>\n\t<meta property=\"og:image:height\" content=\"1293\" \/>\n\t<meta property=\"og:image:type\" content=\"image\/png\" \/>\n<meta name=\"twitter:card\" content=\"summary_large_image\" \/>\n<meta name=\"twitter:label1\" content=\"Arvioitu lukuaika\" \/>\n\t<meta name=\"twitter:data1\" content=\"2 minuuttia\" \/>\n<script type=\"application\/ld+json\" class=\"yoast-schema-graph\">{\"@context\":\"https:\/\/schema.org\",\"@graph\":[{\"@type\":\"WebPage\",\"@id\":\"https:\/\/xenonkungen.com\/produkt\/luxtar-master-slave-x4-xbb-powerunit-dongel-kopia\/\",\"url\":\"https:\/\/xenonkungen.com\/produkt\/luxtar-master-slave-x4-xbb-powerunit-dongel-kopia\/\",\"name\":\"Luxtar Master & Slave x4 + XBB PowerUnit & Dongel - Xenonkungen Extraljuspaket XBB OBD-II Dongel, PowerUnit & Relay Cable Kit Master & Slave, Luxtar - Xenonkungen\",\"isPartOf\":{\"@id\":\"https:\/\/xenonkungen.com\/#website\"},\"primaryImageOfPage\":{\"@id\":\"https:\/\/xenonkungen.com\/produkt\/luxtar-master-slave-x4-xbb-powerunit-dongel-kopia\/#primaryimage\"},\"image\":{\"@id\":\"https:\/\/xenonkungen.com\/produkt\/luxtar-master-slave-x4-xbb-powerunit-dongel-kopia\/#primaryimage\"},\"thumbnailUrl\":\"https:\/\/xenonkungen.com\/wp-content\/uploads\/2026\/03\/103220-XBB.png\",\"datePublished\":\"2026-03-05T12:58:17+00:00\",\"dateModified\":\"2026-04-02T11:23:56+00:00\",\"description\":\"K\u00f6p extraljuspaket med XBB OBD-II Dongel, PowerUnit och Luxtar Relay Cable Kit Master & Slave. Smart CAN-busstyrning och h\u00f6g effekt f\u00f6r LED-ramper. Snabb leverans. \u00d6ppet k\u00f6p 30 dagar.\",\"breadcrumb\":{\"@id\":\"https:\/\/xenonkungen.com\/produkt\/luxtar-master-slave-x4-xbb-powerunit-dongel-kopia\/#breadcrumb\"},\"inLanguage\":\"fi\",\"potentialAction\":[{\"@type\":\"ReadAction\",\"target\":[\"https:\/\/xenonkungen.com\/produkt\/luxtar-master-slave-x4-xbb-powerunit-dongel-kopia\/\"]}]},{\"@type\":\"ImageObject\",\"inLanguage\":\"fi\",\"@id\":\"https:\/\/xenonkungen.com\/produkt\/luxtar-master-slave-x4-xbb-powerunit-dongel-kopia\/#primaryimage\",\"url\":\"https:\/\/xenonkungen.com\/wp-content\/uploads\/2026\/03\/103220-XBB.png\",\"contentUrl\":\"https:\/\/xenonkungen.com\/wp-content\/uploads\/2026\/03\/103220-XBB.png\",\"width\":2048,\"height\":1293},{\"@type\":\"BreadcrumbList\",\"@id\":\"https:\/\/xenonkungen.com\/produkt\/luxtar-master-slave-x4-xbb-powerunit-dongel-kopia\/#breadcrumb\",\"itemListElement\":[{\"@type\":\"ListItem\",\"position\":1,\"name\":\"Hem\",\"item\":\"https:\/\/xenonkungen.com\/\"},{\"@type\":\"ListItem\",\"position\":2,\"name\":\"Shop\",\"item\":\"https:\/\/xenonkungen.com\/shop\/\"},{\"@type\":\"ListItem\",\"position\":3,\"name\":\"Luxtar Master &#038; Slave x4 + XBB PowerUnit &#038; Dongel\"}]},{\"@type\":\"WebSite\",\"@id\":\"https:\/\/xenonkungen.com\/#website\",\"url\":\"https:\/\/xenonkungen.com\/\",\"name\":\"Xenonkungen\",\"description\":\"\",\"potentialAction\":[{\"@type\":\"SearchAction\",\"target\":{\"@type\":\"EntryPoint\",\"urlTemplate\":\"https:\/\/xenonkungen.com\/?s={search_term_string}\"},\"query-input\":{\"@type\":\"PropertyValueSpecification\",\"valueRequired\":true,\"valueName\":\"search_term_string\"}}],\"inLanguage\":\"fi\"}]}<\/script>\n<!-- \/ Yoast SEO plugin. -->","yoast_head_json":{"title":"Luxtar Master &amp; Slave x4 + XBB PowerUnit ja Dongle - The Xenon King Lis\u00e4valopaketti XBB OBD-II Dongle, PowerUnit ja Relekaapelisarja Master &amp; Slave, Luxtar - The Xenon King","description":"Osta lis\u00e4valopaketti, joka sis\u00e4lt\u00e4\u00e4 XBB OBD-II -dongelin, PowerUnitin ja Luxtar-relekaapelisarjan Master &amp; Slave -laitteelle. \u00c4lyk\u00e4s CAN-v\u00e4yl\u00e4ohjaus ja tehokas LED-ramppien ohjaus. Nopea toimitus. Avoinna 30 p\u00e4iv\u00e4\u00e4.","robots":{"index":"index","follow":"follow","max-snippet":"max-snippet:-1","max-image-preview":"max-image-preview:large","max-video-preview":"max-video-preview:-1"},"canonical":"https:\/\/xenonkungen.com\/fi\/tuote\/luxtar-master-slave-x4-xbb-virtayksikon-sovittimen-kopio\/","og_locale":"fi_FI","og_type":"article","og_title":"Luxtar Master & Slave x4 + XBB PowerUnit & Dongel - Xenonkungen Extraljuspaket XBB OBD-II Dongel, PowerUnit & Relay Cable Kit Master & Slave, Luxtar - Xenonkungen","og_description":"K\u00f6p extraljuspaket med XBB OBD-II Dongel, PowerUnit och Luxtar Relay Cable Kit Master & Slave. Smart CAN-busstyrning och h\u00f6g effekt f\u00f6r LED-ramper. Snabb leverans. \u00d6ppet k\u00f6p 30 dagar.","og_url":"https:\/\/xenonkungen.com\/fi\/tuote\/luxtar-master-slave-x4-xbb-virtayksikon-sovittimen-kopio\/","og_site_name":"Xenonkungen","article_modified_time":"2026-04-02T11:23:56+00:00","og_image":[{"width":2048,"height":1293,"url":"https:\/\/xenonkungen.com\/wp-content\/uploads\/2026\/03\/103220-XBB.png","type":"image\/png"}],"twitter_card":"summary_large_image","twitter_misc":{"Arvioitu lukuaika":"2 minuuttia"},"schema":{"@context":"https:\/\/schema.org","@graph":[{"@type":"WebPage","@id":"https:\/\/xenonkungen.com\/produkt\/luxtar-master-slave-x4-xbb-powerunit-dongel-kopia\/","url":"https:\/\/xenonkungen.com\/produkt\/luxtar-master-slave-x4-xbb-powerunit-dongel-kopia\/","name":"Luxtar Master &amp; Slave x4 + XBB PowerUnit ja Dongle - The Xenon King Lis\u00e4valopaketti XBB OBD-II Dongle, PowerUnit ja Relekaapelisarja Master &amp; Slave, Luxtar - The Xenon King","isPartOf":{"@id":"https:\/\/xenonkungen.com\/#website"},"primaryImageOfPage":{"@id":"https:\/\/xenonkungen.com\/produkt\/luxtar-master-slave-x4-xbb-powerunit-dongel-kopia\/#primaryimage"},"image":{"@id":"https:\/\/xenonkungen.com\/produkt\/luxtar-master-slave-x4-xbb-powerunit-dongel-kopia\/#primaryimage"},"thumbnailUrl":"https:\/\/xenonkungen.com\/wp-content\/uploads\/2026\/03\/103220-XBB.png","datePublished":"2026-03-05T12:58:17+00:00","dateModified":"2026-04-02T11:23:56+00:00","description":"Osta lis\u00e4valopaketti, joka sis\u00e4lt\u00e4\u00e4 XBB OBD-II -dongelin, PowerUnitin ja Luxtar-relekaapelisarjan Master &amp; Slave -laitteelle. \u00c4lyk\u00e4s CAN-v\u00e4yl\u00e4ohjaus ja tehokas LED-ramppien ohjaus. Nopea toimitus. Avoinna 30 p\u00e4iv\u00e4\u00e4.","breadcrumb":{"@id":"https:\/\/xenonkungen.com\/produkt\/luxtar-master-slave-x4-xbb-powerunit-dongel-kopia\/#breadcrumb"},"inLanguage":"fi","potentialAction":[{"@type":"ReadAction","target":["https:\/\/xenonkungen.com\/produkt\/luxtar-master-slave-x4-xbb-powerunit-dongel-kopia\/"]}]},{"@type":"ImageObject","inLanguage":"fi","@id":"https:\/\/xenonkungen.com\/produkt\/luxtar-master-slave-x4-xbb-powerunit-dongel-kopia\/#primaryimage","url":"https:\/\/xenonkungen.com\/wp-content\/uploads\/2026\/03\/103220-XBB.png","contentUrl":"https:\/\/xenonkungen.com\/wp-content\/uploads\/2026\/03\/103220-XBB.png","width":2048,"height":1293},{"@type":"BreadcrumbList","@id":"https:\/\/xenonkungen.com\/produkt\/luxtar-master-slave-x4-xbb-powerunit-dongel-kopia\/#breadcrumb","itemListElement":[{"@type":"ListItem","position":1,"name":"Hem","item":"https:\/\/xenonkungen.com\/"},{"@type":"ListItem","position":2,"name":"Shop","item":"https:\/\/xenonkungen.com\/shop\/"},{"@type":"ListItem","position":3,"name":"Luxtar Master &#038; Slave x4 + XBB PowerUnit &#038; Dongel"}]},{"@type":"WebSite","@id":"https:\/\/xenonkungen.com\/#website","url":"https:\/\/xenonkungen.com\/","name":"Xenonkungen","description":"","potentialAction":[{"@type":"SearchAction","target":{"@type":"EntryPoint","urlTemplate":"https:\/\/xenonkungen.com\/?s={search_term_string}"},"query-input":{"@type":"PropertyValueSpecification","valueRequired":true,"valueName":"search_term_string"}}],"inLanguage":"fi"}]}},"taxonomy_info":{"product_brand":[{"value":115,"label":"XBB"}],"product_cat":[{"value":2487,"label":"Canbus"},{"value":2795,"label":"Kablar och Rel\u00e4"},{"value":2821,"label":"Luxtar - Rel\u00e4kabelsatser"},{"value":2490,"label":"Rel\u00e4satser"},{"value":2497,"label":"XBB"},{"value":390,"label":"Installation"}]},"featured_image_src_large":["https:\/\/xenonkungen.com\/wp-content\/uploads\/2026\/03\/103220-XBB-1024x647.png",1024,647,true],"author_info":[],"comment_info":0,"_links":{"self":[{"href":"https:\/\/xenonkungen.com\/fi\/wp-json\/wp\/v2\/product\/27189","targetHints":{"allow":["GET"]}}],"collection":[{"href":"https:\/\/xenonkungen.com\/fi\/wp-json\/wp\/v2\/product"}],"about":[{"href":"https:\/\/xenonkungen.com\/fi\/wp-json\/wp\/v2\/types\/product"}],"replies":[{"embeddable":true,"href":"https:\/\/xenonkungen.com\/fi\/wp-json\/wp\/v2\/comments?post=27189"}],"wp:featuredmedia":[{"embeddable":true,"href":"https:\/\/xenonkungen.com\/fi\/wp-json\/wp\/v2\/media\/27188"}],"wp:attachment":[{"href":"https:\/\/xenonkungen.com\/fi\/wp-json\/wp\/v2\/media?parent=27189"}],"wp:term":[{"taxonomy":"anvandningsomrade","embeddable":true,"href":"https:\/\/xenonkungen.com\/fi\/wp-json\/wp\/v2\/anvandningsomrade?post=27189"},{"taxonomy":"bilmarken","embeddable":true,"href":"https:\/\/xenonkungen.com\/fi\/wp-json\/wp\/v2\/bilmarken?post=27189"},{"taxonomy":"product_brand","embeddable":true,"href":"https:\/\/xenonkungen.com\/fi\/wp-json\/wp\/v2\/product_brand?post=27189"},{"taxonomy":"product_cat","embeddable":true,"href":"https:\/\/xenonkungen.com\/fi\/wp-json\/wp\/v2\/product_cat?post=27189"},{"taxonomy":"product_tag","embeddable":true,"href":"https:\/\/xenonkungen.com\/fi\/wp-json\/wp\/v2\/product_tag?post=27189"}],"curies":[{"name":"wp","href":"https:\/\/api.w.org\/{rel}","templated":true}]}}