{"id":2750,"date":"2025-04-15T08:41:49","date_gmt":"2025-04-15T08:41:49","guid":{"rendered":"https:\/\/xenonkungen.com\/product\/extraljusfaste-till-tesla-ledramp-infallnadsfaste-vit\/"},"modified":"2026-04-26T13:32:26","modified_gmt":"2026-04-26T12:32:26","slug":"lisavalaisin-tesla-led-ramppiin-upotettava-valaisin-valkoinen","status":"publish","type":"product","link":"https:\/\/xenonkungen.com\/fi\/tuote\/lisavalaisin-tesla-led-ramppiin-upotettava-valaisin-valkoinen\/","title":{"rendered":"Lis\u00e4valokannatin Tesla LEDrampille | Upotuskannatin valkoinen"},"content":{"rendered":"<h1>Tesla Flush Mount \u2013 tyylikkyys kohtaa toiminnallisuuden<\/h1>\n<p>Esittelyss\u00e4 oma sis\u00e4\u00e4nvedett\u00e4v\u00e4 kiinnikkeemme, joka on suunniteltu yksinomaan TESLA Model 3:lle ja Model Y:lle. T\u00e4m\u00e4 auton kaarevia linjoja saumattomasti t\u00e4ydent\u00e4v\u00e4 kiinnike tarjoaa ainutlaatuisen mahdollisuuden asentaa jopa 94 cm:n pituinen kaide suoraan auton tuuletusaukkoihin. Tarkasti suunnitellussa kiinnikkeess\u00e4 yhdistyv\u00e4t esteettisyys ja kest\u00e4vyys.<\/p>\n<ul>\n<li>Mitat: 570x160x105mm<\/li>\n<li>Materiaali: Sinkitty metallilevy<\/li>\n<li>Paksuus: 3mm<\/li>\n<li>V\u00e4rivaihtoehdot: Musta tai valkoinen jauhemaalaus<\/li>\n<\/ul>\n<p>Upotettava kiinnike ei ole vain esteettinen lis\u00e4 Teslaasi, vaan se on my\u00f6s rakennettu vankaksi ja kest\u00e4v\u00e4ksi. 3 mm paksu sinkitty metallilevy takaa pitk\u00e4n k\u00e4ytt\u00f6i\u00e4n, ja jauhemaalaus joko mustana tai valkoisena tarjoaa n\u00e4ytt\u00e4v\u00e4n viimeistelyn, joka sopii autosi estetiikkaan. Harkittu muotoilu varmistaa, ett\u00e4 kaide istuu tukevasti ja antaa autollesi p\u00e4ivitetyn ja hienostuneen ilmeen.<\/p>\n<p>Asennus on yksinkertainen ja intuitiivinen, joten voit nopeasti muuttaa autosi etuosaa ja parantaa sen valaistusominaisuuksia. Ajoitpa sitten kaupungin kaduilla tai maantieajossa, t\u00e4m\u00e4 uppoasennettava kiinnike yhdess\u00e4 Ledrampin kanssa nostaa autosi ulkon\u00e4\u00f6n ja toiminnallisuuden seuraavalle tasolle.<\/p>","protected":false},"excerpt":{"rendered":"<p>Tesla Model 3 ja Model Y<\/p>","protected":false},"featured_media":2751,"comment_status":"closed","ping_status":"open","template":"","meta":{"_acf_changed":false,"_smort_price_nok":"960","_smort_price_dkk":"610","_smort_price_eur":"81.72","_smort_sale_price_nok":"","_smort_sale_price_dkk":"","_smort_sale_price_eur":"","smort_restorder":"","shipmondo_restorder":"","_kad_blocks_custom_css":"","_kad_blocks_head_custom_js":"","_kad_blocks_body_custom_js":"","_kad_blocks_footer_custom_js":"","smort_custom_pricelist_1":"647.28","smort_custom_pricelist_2":"539.4","smort_custom_pricelist_3":"503.44","smort_custom_pricelist_4":"719.2","smort_custom_pricelist_5":"539.4"},"anvandningsomrade":[],"bilmarken":[],"product_brand":[],"product_cat":[2534,2971,2461,2828,2535,2536,390],"product_tag":[],"class_list":{"0":"post-2750","1":"product","2":"type-product","3":"status-publish","4":"has-post-thumbnail","6":"product_cat-extraljusfaste-extraljus","7":"product_cat-ledramp-fasten","8":"product_cat-fasten-installation","9":"product_cat-installation-led-ramper","10":"product_cat-tillbehor-ledramper","11":"product_cat-tillbehor-tillbehor-ledramper","12":"product_cat-installation","13":"pa_storlek-mm-570x160x105","15":"first","16":"instock","17":"taxable","18":"shipping-taxable","19":"purchasable","20":"product-type-simple"},"bundled_by":["9534"],"bundle_stock_status":"instock","bundle_stock_quantity":64,"bundle_virtual":false,"bundle_layout":"","bundle_add_to_cart_form_location":"","bundle_editable_in_cart":false,"bundle_sold_individually_context":"","bundle_item_grouping":"","bundle_min_size":"","bundle_max_size":"","bundle_price":[],"bundled_items":[],"bundle_sell_ids":[],"acf":[],"yoast_head":"<!-- This site is optimized with the Yoast SEO plugin v27.0 - https:\/\/yoast.com\/product\/yoast-seo-wordpress\/ -->\n<title>Extraljusf\u00e4ste till Tesla LEDramp | Inf\u00e4llnadsf\u00e4ste vit - Xenonkungen<\/title>\n<meta name=\"robots\" content=\"index, follow, max-snippet:-1, max-image-preview:large, max-video-preview:-1\" \/>\n<link rel=\"canonical\" href=\"https:\/\/xenonkungen.com\/fi\/tuote\/lisavalaisin-tesla-led-ramppiin-upotettava-valaisin-valkoinen\/\" \/>\n<meta property=\"og:locale\" content=\"fi_FI\" \/>\n<meta property=\"og:type\" content=\"article\" \/>\n<meta property=\"og:title\" content=\"Extraljusf\u00e4ste till Tesla LEDramp | Inf\u00e4llnadsf\u00e4ste vit - Xenonkungen\" \/>\n<meta property=\"og:description\" content=\"Tesla Model 3 &amp; Model Y\" \/>\n<meta property=\"og:url\" content=\"https:\/\/xenonkungen.com\/fi\/tuote\/lisavalaisin-tesla-led-ramppiin-upotettava-valaisin-valkoinen\/\" \/>\n<meta property=\"og:site_name\" content=\"Xenonkungen\" \/>\n<meta property=\"article:modified_time\" content=\"2026-04-26T12:32:26+00:00\" \/>\n<meta property=\"og:image\" content=\"https:\/\/xenonkungen.com\/wp-content\/uploads\/2025\/04\/206111919-origpic-a70dd7.png\" \/>\n\t<meta property=\"og:image:width\" content=\"1257\" \/>\n\t<meta property=\"og:image:height\" content=\"800\" \/>\n\t<meta property=\"og:image:type\" content=\"image\/png\" \/>\n<meta name=\"twitter:card\" content=\"summary_large_image\" \/>\n<meta name=\"twitter:label1\" content=\"Arvioitu lukuaika\" \/>\n\t<meta name=\"twitter:data1\" content=\"1 minuutti\" \/>\n<script type=\"application\/ld+json\" class=\"yoast-schema-graph\">{\"@context\":\"https:\/\/schema.org\",\"@graph\":[{\"@type\":\"WebPage\",\"@id\":\"https:\/\/xenonkungen.com\/produkt\/extraljusfaste-till-tesla-ledramp-infallnadsfaste-vit\/\",\"url\":\"https:\/\/xenonkungen.com\/produkt\/extraljusfaste-till-tesla-ledramp-infallnadsfaste-vit\/\",\"name\":\"Extraljusf\u00e4ste till Tesla LEDramp | Inf\u00e4llnadsf\u00e4ste vit - Xenonkungen\",\"isPartOf\":{\"@id\":\"https:\/\/xenonkungen.com\/#website\"},\"primaryImageOfPage\":{\"@id\":\"https:\/\/xenonkungen.com\/produkt\/extraljusfaste-till-tesla-ledramp-infallnadsfaste-vit\/#primaryimage\"},\"image\":{\"@id\":\"https:\/\/xenonkungen.com\/produkt\/extraljusfaste-till-tesla-ledramp-infallnadsfaste-vit\/#primaryimage\"},\"thumbnailUrl\":\"https:\/\/xenonkungen.com\/wp-content\/uploads\/2025\/04\/206111919-origpic-a70dd7.png\",\"datePublished\":\"2025-04-15T08:41:49+00:00\",\"dateModified\":\"2026-04-26T12:32:26+00:00\",\"breadcrumb\":{\"@id\":\"https:\/\/xenonkungen.com\/produkt\/extraljusfaste-till-tesla-ledramp-infallnadsfaste-vit\/#breadcrumb\"},\"inLanguage\":\"fi\",\"potentialAction\":[{\"@type\":\"ReadAction\",\"target\":[\"https:\/\/xenonkungen.com\/produkt\/extraljusfaste-till-tesla-ledramp-infallnadsfaste-vit\/\"]}]},{\"@type\":\"ImageObject\",\"inLanguage\":\"fi\",\"@id\":\"https:\/\/xenonkungen.com\/produkt\/extraljusfaste-till-tesla-ledramp-infallnadsfaste-vit\/#primaryimage\",\"url\":\"https:\/\/xenonkungen.com\/wp-content\/uploads\/2025\/04\/206111919-origpic-a70dd7.png\",\"contentUrl\":\"https:\/\/xenonkungen.com\/wp-content\/uploads\/2025\/04\/206111919-origpic-a70dd7.png\",\"width\":1257,\"height\":800},{\"@type\":\"BreadcrumbList\",\"@id\":\"https:\/\/xenonkungen.com\/produkt\/extraljusfaste-till-tesla-ledramp-infallnadsfaste-vit\/#breadcrumb\",\"itemListElement\":[{\"@type\":\"ListItem\",\"position\":1,\"name\":\"Hem\",\"item\":\"https:\/\/xenonkungen.com\/\"},{\"@type\":\"ListItem\",\"position\":2,\"name\":\"Shop\",\"item\":\"https:\/\/xenonkungen.com\/shop\/\"},{\"@type\":\"ListItem\",\"position\":3,\"name\":\"Extraljusf\u00e4ste till Tesla LEDramp | Inf\u00e4llnadsf\u00e4ste vit\"}]},{\"@type\":\"WebSite\",\"@id\":\"https:\/\/xenonkungen.com\/#website\",\"url\":\"https:\/\/xenonkungen.com\/\",\"name\":\"Xenonkungen\",\"description\":\"\",\"potentialAction\":[{\"@type\":\"SearchAction\",\"target\":{\"@type\":\"EntryPoint\",\"urlTemplate\":\"https:\/\/xenonkungen.com\/?s={search_term_string}\"},\"query-input\":{\"@type\":\"PropertyValueSpecification\",\"valueRequired\":true,\"valueName\":\"search_term_string\"}}],\"inLanguage\":\"fi\"}]}<\/script>\n<!-- \/ Yoast SEO plugin. -->","yoast_head_json":{"title":"Lis\u00e4valon kiinnike Tesla LED-ramppiin | Upotettava kiinnike valkoinen - Xenonkungen","robots":{"index":"index","follow":"follow","max-snippet":"max-snippet:-1","max-image-preview":"max-image-preview:large","max-video-preview":"max-video-preview:-1"},"canonical":"https:\/\/xenonkungen.com\/fi\/tuote\/lisavalaisin-tesla-led-ramppiin-upotettava-valaisin-valkoinen\/","og_locale":"fi_FI","og_type":"article","og_title":"Extraljusf\u00e4ste till Tesla LEDramp | Inf\u00e4llnadsf\u00e4ste vit - Xenonkungen","og_description":"Tesla Model 3 & Model Y","og_url":"https:\/\/xenonkungen.com\/fi\/tuote\/lisavalaisin-tesla-led-ramppiin-upotettava-valaisin-valkoinen\/","og_site_name":"Xenonkungen","article_modified_time":"2026-04-26T12:32:26+00:00","og_image":[{"width":1257,"height":800,"url":"https:\/\/xenonkungen.com\/wp-content\/uploads\/2025\/04\/206111919-origpic-a70dd7.png","type":"image\/png"}],"twitter_card":"summary_large_image","twitter_misc":{"Arvioitu lukuaika":"1 minuutti"},"schema":{"@context":"https:\/\/schema.org","@graph":[{"@type":"WebPage","@id":"https:\/\/xenonkungen.com\/produkt\/extraljusfaste-till-tesla-ledramp-infallnadsfaste-vit\/","url":"https:\/\/xenonkungen.com\/produkt\/extraljusfaste-till-tesla-ledramp-infallnadsfaste-vit\/","name":"Lis\u00e4valon kiinnike Tesla LED-ramppiin | Upotettava kiinnike valkoinen - Xenonkungen","isPartOf":{"@id":"https:\/\/xenonkungen.com\/#website"},"primaryImageOfPage":{"@id":"https:\/\/xenonkungen.com\/produkt\/extraljusfaste-till-tesla-ledramp-infallnadsfaste-vit\/#primaryimage"},"image":{"@id":"https:\/\/xenonkungen.com\/produkt\/extraljusfaste-till-tesla-ledramp-infallnadsfaste-vit\/#primaryimage"},"thumbnailUrl":"https:\/\/xenonkungen.com\/wp-content\/uploads\/2025\/04\/206111919-origpic-a70dd7.png","datePublished":"2025-04-15T08:41:49+00:00","dateModified":"2026-04-26T12:32:26+00:00","breadcrumb":{"@id":"https:\/\/xenonkungen.com\/produkt\/extraljusfaste-till-tesla-ledramp-infallnadsfaste-vit\/#breadcrumb"},"inLanguage":"fi","potentialAction":[{"@type":"ReadAction","target":["https:\/\/xenonkungen.com\/produkt\/extraljusfaste-till-tesla-ledramp-infallnadsfaste-vit\/"]}]},{"@type":"ImageObject","inLanguage":"fi","@id":"https:\/\/xenonkungen.com\/produkt\/extraljusfaste-till-tesla-ledramp-infallnadsfaste-vit\/#primaryimage","url":"https:\/\/xenonkungen.com\/wp-content\/uploads\/2025\/04\/206111919-origpic-a70dd7.png","contentUrl":"https:\/\/xenonkungen.com\/wp-content\/uploads\/2025\/04\/206111919-origpic-a70dd7.png","width":1257,"height":800},{"@type":"BreadcrumbList","@id":"https:\/\/xenonkungen.com\/produkt\/extraljusfaste-till-tesla-ledramp-infallnadsfaste-vit\/#breadcrumb","itemListElement":[{"@type":"ListItem","position":1,"name":"Hem","item":"https:\/\/xenonkungen.com\/"},{"@type":"ListItem","position":2,"name":"Shop","item":"https:\/\/xenonkungen.com\/shop\/"},{"@type":"ListItem","position":3,"name":"Extraljusf\u00e4ste till Tesla LEDramp | Inf\u00e4llnadsf\u00e4ste vit"}]},{"@type":"WebSite","@id":"https:\/\/xenonkungen.com\/#website","url":"https:\/\/xenonkungen.com\/","name":"Xenonkungen","description":"","potentialAction":[{"@type":"SearchAction","target":{"@type":"EntryPoint","urlTemplate":"https:\/\/xenonkungen.com\/?s={search_term_string}"},"query-input":{"@type":"PropertyValueSpecification","valueRequired":true,"valueName":"search_term_string"}}],"inLanguage":"fi"}]}},"taxonomy_info":{"product_cat":[{"value":2534,"label":"F\u00e4ste till extraljus"},{"value":2971,"label":"F\u00e4ste till ledramp"},{"value":2461,"label":"F\u00e4sten"},{"value":2828,"label":"Installation LED-ramper"},{"value":2535,"label":"LEDRAMPER"},{"value":2536,"label":"Tillbeh\u00f6r"},{"value":390,"label":"Installation"}],"pa_storlek-mm":[{"value":855,"label":"570x160x105"}]},"featured_image_src_large":["https:\/\/xenonkungen.com\/wp-content\/uploads\/2025\/04\/206111919-origpic-a70dd7-1024x652.png",1024,652,true],"author_info":[],"comment_info":0,"_links":{"self":[{"href":"https:\/\/xenonkungen.com\/fi\/wp-json\/wp\/v2\/product\/2750","targetHints":{"allow":["GET"]}}],"collection":[{"href":"https:\/\/xenonkungen.com\/fi\/wp-json\/wp\/v2\/product"}],"about":[{"href":"https:\/\/xenonkungen.com\/fi\/wp-json\/wp\/v2\/types\/product"}],"replies":[{"embeddable":true,"href":"https:\/\/xenonkungen.com\/fi\/wp-json\/wp\/v2\/comments?post=2750"}],"wp:featuredmedia":[{"embeddable":true,"href":"https:\/\/xenonkungen.com\/fi\/wp-json\/wp\/v2\/media\/2751"}],"wp:attachment":[{"href":"https:\/\/xenonkungen.com\/fi\/wp-json\/wp\/v2\/media?parent=2750"}],"wp:term":[{"taxonomy":"anvandningsomrade","embeddable":true,"href":"https:\/\/xenonkungen.com\/fi\/wp-json\/wp\/v2\/anvandningsomrade?post=2750"},{"taxonomy":"bilmarken","embeddable":true,"href":"https:\/\/xenonkungen.com\/fi\/wp-json\/wp\/v2\/bilmarken?post=2750"},{"taxonomy":"product_brand","embeddable":true,"href":"https:\/\/xenonkungen.com\/fi\/wp-json\/wp\/v2\/product_brand?post=2750"},{"taxonomy":"product_cat","embeddable":true,"href":"https:\/\/xenonkungen.com\/fi\/wp-json\/wp\/v2\/product_cat?post=2750"},{"taxonomy":"product_tag","embeddable":true,"href":"https:\/\/xenonkungen.com\/fi\/wp-json\/wp\/v2\/product_tag?post=2750"}],"curies":[{"name":"wp","href":"https:\/\/api.w.org\/{rel}","templated":true}]}}