{"id":27690,"date":"2026-03-13T14:59:23","date_gmt":"2026-03-13T13:59:23","guid":{"rendered":"https:\/\/xenonkungen.com\/?post_type=product&#038;p=27690"},"modified":"2026-04-24T17:46:48","modified_gmt":"2026-04-24T16:46:48","slug":"tuoksuva-kuusi-tershine","status":"publish","type":"product","link":"https:\/\/xenonkungen.com\/fi\/tuote\/tuoksuva-kuusi-tershine\/","title":{"rendered":"Tershine-tuoksuinen kuusi"},"content":{"rendered":"<p><span data-sheets-root=\"1\">Tyylik\u00e4s ja klassinen auton tuoksu tai tuoksukuusi, jota on saatavilla monissa ihanissa tuoksuissa autoosi.<\/span><\/p>\n<p>Saatavilla useissa ihanissa tuoksuissa, kuten:<\/p>\n<p>Vihre\u00e4 omena<br \/>\nMeloni<br \/>\nMansikka<br \/>\nLime<br \/>\nVanilja<br \/>\nPurukumi<\/p>\n<p>Tuoksupuidemme k\u00e4ytt\u00f6 on helppoa: avaa muovipakkaus ja ripusta se mukana tulevalla narulla, aivan kuten Wunderbaum tai muu tuoksupuu. Parhaan tuloksen saavuttamiseksi varmista, ett\u00e4 tuoksupuun pinta ei kosketa mihink\u00e4\u00e4n. Voit halutessasi pit\u00e4\u00e4 pussin ja avata sen v\u00e4hitellen, jotta tuoksu levi\u00e4\u00e4 hallitusti.<\/p>\n<p>Tuoksupihusellamme on miellytt\u00e4v\u00e4 ja pitk\u00e4kestoinen tuoksu, joka ei j\u00e4\u00e4 auton materiaaliin pysyv\u00e4sti. Lis\u00e4ksi se on t\u00e4ysin vapaa ftalaateista ja hormonitoimintaa h\u00e4iritsevist\u00e4 aineista, joten se on turvallinen sek\u00e4 ihmisille ett\u00e4 ymp\u00e4rist\u00f6lle. Tuoksupihuset ovat my\u00f6s merkitsem\u00e4tt\u00f6mi\u00e4 ja niiss\u00e4 ei ole vaarasymboleja, joten ne ovat tietoinen valinta sinulle auton omistajana.<\/p>\n<p>Anna autollesi sen ansaitsema tuoksu klassisella tuoksupuullamme \u2013 pieni yksityiskohta, jolla on suuri merkitys!<\/p>","protected":false},"excerpt":{"rendered":"<p>Tuoksupuut autoon monissa ihanissa tuoksuissa. Antaa ihanan tuoksun koko autoon tunkeutumatta verhoiluun jne.<\/p>","protected":false},"featured_media":27694,"comment_status":"open","ping_status":"closed","template":"","meta":{"_acf_changed":false,"_smort_price_nok":"","_smort_price_dkk":"","_smort_price_eur":"","_smort_sale_price_nok":"","_smort_sale_price_dkk":"","_smort_sale_price_eur":"","smort_restorder":"","shipmondo_restorder":"","_kad_blocks_custom_css":"","_kad_blocks_head_custom_js":"","_kad_blocks_body_custom_js":"","_kad_blocks_footer_custom_js":"","smort_custom_pricelist_1":"","smort_custom_pricelist_2":"","smort_custom_pricelist_3":"","smort_custom_pricelist_4":"","smort_custom_pricelist_5":""},"anvandningsomrade":[],"bilmarken":[],"product_brand":[2893],"product_cat":[2617,2447,378],"product_tag":[],"class_list":{"0":"post-27690","1":"product","2":"type-product","3":"status-publish","4":"has-post-thumbnail","6":"product_brand-tershine","7":"product_cat-polering","8":"product_cat-doft","9":"product_cat-bilvard","11":"first","12":"instock","13":"taxable","14":"shipping-taxable","15":"purchasable","16":"product-type-variable"},"bundled_by":[],"bundle_stock_status":"instock","bundle_stock_quantity":1,"bundle_virtual":false,"bundle_layout":"","bundle_add_to_cart_form_location":"","bundle_editable_in_cart":false,"bundle_sold_individually_context":"","bundle_item_grouping":"","bundle_min_size":"","bundle_max_size":"","bundle_price":[],"bundled_items":[],"bundle_sell_ids":[],"acf":[],"yoast_head":"<!-- This site is optimized with the Yoast SEO plugin v27.0 - https:\/\/yoast.com\/product\/yoast-seo-wordpress\/ -->\n<title>Tershine Doftgran - Xenonkungen<\/title>\n<meta name=\"robots\" content=\"index, follow, max-snippet:-1, max-image-preview:large, max-video-preview:-1\" \/>\n<link rel=\"canonical\" href=\"https:\/\/xenonkungen.com\/fi\/tuote\/tuoksuva-kuusi-tershine\/\" \/>\n<meta property=\"og:locale\" content=\"fi_FI\" \/>\n<meta property=\"og:type\" content=\"article\" \/>\n<meta property=\"og:title\" content=\"Tershine Doftgran - Xenonkungen\" \/>\n<meta property=\"og:description\" content=\"Doftgranar till bilen i massa h\u00e4rliga dofter. Ger en h\u00e4rlig doft i hela bilen utan att tr\u00e4nga in i kl\u00e4dsel osv.\" \/>\n<meta property=\"og:url\" content=\"https:\/\/xenonkungen.com\/fi\/tuote\/tuoksuva-kuusi-tershine\/\" \/>\n<meta property=\"og:site_name\" content=\"Xenonkungen\" \/>\n<meta property=\"article:modified_time\" content=\"2026-04-24T16:46:48+00:00\" \/>\n<meta property=\"og:image\" content=\"https:\/\/xenonkungen.com\/wp-content\/uploads\/2026\/03\/rSe8We2sPDWjz6Eb7PRLNj2DLFiiXv9uEzvmUKET.webp\" \/>\n\t<meta property=\"og:image:width\" content=\"1024\" \/>\n\t<meta property=\"og:image:height\" content=\"1024\" \/>\n\t<meta property=\"og:image:type\" content=\"image\/webp\" \/>\n<meta name=\"twitter:card\" content=\"summary_large_image\" \/>\n<meta name=\"twitter:label1\" content=\"Arvioitu lukuaika\" \/>\n\t<meta name=\"twitter:data1\" content=\"1 minuutti\" \/>\n<script type=\"application\/ld+json\" class=\"yoast-schema-graph\">{\"@context\":\"https:\/\/schema.org\",\"@graph\":[{\"@type\":\"WebPage\",\"@id\":\"https:\/\/xenonkungen.com\/produkt\/tershine-doftgran\/\",\"url\":\"https:\/\/xenonkungen.com\/produkt\/tershine-doftgran\/\",\"name\":\"Tershine Doftgran - Xenonkungen\",\"isPartOf\":{\"@id\":\"https:\/\/xenonkungen.com\/#website\"},\"primaryImageOfPage\":{\"@id\":\"https:\/\/xenonkungen.com\/produkt\/tershine-doftgran\/#primaryimage\"},\"image\":{\"@id\":\"https:\/\/xenonkungen.com\/produkt\/tershine-doftgran\/#primaryimage\"},\"thumbnailUrl\":\"https:\/\/xenonkungen.com\/wp-content\/uploads\/2026\/03\/rSe8We2sPDWjz6Eb7PRLNj2DLFiiXv9uEzvmUKET.webp\",\"datePublished\":\"2026-03-13T13:59:23+00:00\",\"dateModified\":\"2026-04-24T16:46:48+00:00\",\"breadcrumb\":{\"@id\":\"https:\/\/xenonkungen.com\/produkt\/tershine-doftgran\/#breadcrumb\"},\"inLanguage\":\"fi\",\"potentialAction\":[{\"@type\":\"ReadAction\",\"target\":[\"https:\/\/xenonkungen.com\/produkt\/tershine-doftgran\/\"]}]},{\"@type\":\"ImageObject\",\"inLanguage\":\"fi\",\"@id\":\"https:\/\/xenonkungen.com\/produkt\/tershine-doftgran\/#primaryimage\",\"url\":\"https:\/\/xenonkungen.com\/wp-content\/uploads\/2026\/03\/rSe8We2sPDWjz6Eb7PRLNj2DLFiiXv9uEzvmUKET.webp\",\"contentUrl\":\"https:\/\/xenonkungen.com\/wp-content\/uploads\/2026\/03\/rSe8We2sPDWjz6Eb7PRLNj2DLFiiXv9uEzvmUKET.webp\",\"width\":1024,\"height\":1024},{\"@type\":\"BreadcrumbList\",\"@id\":\"https:\/\/xenonkungen.com\/produkt\/tershine-doftgran\/#breadcrumb\",\"itemListElement\":[{\"@type\":\"ListItem\",\"position\":1,\"name\":\"Hem\",\"item\":\"https:\/\/xenonkungen.com\/\"},{\"@type\":\"ListItem\",\"position\":2,\"name\":\"Shop\",\"item\":\"https:\/\/xenonkungen.com\/shop\/\"},{\"@type\":\"ListItem\",\"position\":3,\"name\":\"Tershine Doftgran\"}]},{\"@type\":\"WebSite\",\"@id\":\"https:\/\/xenonkungen.com\/#website\",\"url\":\"https:\/\/xenonkungen.com\/\",\"name\":\"Xenonkungen\",\"description\":\"\",\"potentialAction\":[{\"@type\":\"SearchAction\",\"target\":{\"@type\":\"EntryPoint\",\"urlTemplate\":\"https:\/\/xenonkungen.com\/?s={search_term_string}\"},\"query-input\":{\"@type\":\"PropertyValueSpecification\",\"valueRequired\":true,\"valueName\":\"search_term_string\"}}],\"inLanguage\":\"fi\"}]}<\/script>\n<!-- \/ Yoast SEO plugin. -->","yoast_head_json":{"title":"Tershine-tuoksuinen kuusi - Xenon King","robots":{"index":"index","follow":"follow","max-snippet":"max-snippet:-1","max-image-preview":"max-image-preview:large","max-video-preview":"max-video-preview:-1"},"canonical":"https:\/\/xenonkungen.com\/fi\/tuote\/tuoksuva-kuusi-tershine\/","og_locale":"fi_FI","og_type":"article","og_title":"Tershine Doftgran - Xenonkungen","og_description":"Doftgranar till bilen i massa h\u00e4rliga dofter. Ger en h\u00e4rlig doft i hela bilen utan att tr\u00e4nga in i kl\u00e4dsel osv.","og_url":"https:\/\/xenonkungen.com\/fi\/tuote\/tuoksuva-kuusi-tershine\/","og_site_name":"Xenonkungen","article_modified_time":"2026-04-24T16:46:48+00:00","og_image":[{"width":1024,"height":1024,"url":"https:\/\/xenonkungen.com\/wp-content\/uploads\/2026\/03\/rSe8We2sPDWjz6Eb7PRLNj2DLFiiXv9uEzvmUKET.webp","type":"image\/webp"}],"twitter_card":"summary_large_image","twitter_misc":{"Arvioitu lukuaika":"1 minuutti"},"schema":{"@context":"https:\/\/schema.org","@graph":[{"@type":"WebPage","@id":"https:\/\/xenonkungen.com\/produkt\/tershine-doftgran\/","url":"https:\/\/xenonkungen.com\/produkt\/tershine-doftgran\/","name":"Tershine-tuoksuinen kuusi - Xenon King","isPartOf":{"@id":"https:\/\/xenonkungen.com\/#website"},"primaryImageOfPage":{"@id":"https:\/\/xenonkungen.com\/produkt\/tershine-doftgran\/#primaryimage"},"image":{"@id":"https:\/\/xenonkungen.com\/produkt\/tershine-doftgran\/#primaryimage"},"thumbnailUrl":"https:\/\/xenonkungen.com\/wp-content\/uploads\/2026\/03\/rSe8We2sPDWjz6Eb7PRLNj2DLFiiXv9uEzvmUKET.webp","datePublished":"2026-03-13T13:59:23+00:00","dateModified":"2026-04-24T16:46:48+00:00","breadcrumb":{"@id":"https:\/\/xenonkungen.com\/produkt\/tershine-doftgran\/#breadcrumb"},"inLanguage":"fi","potentialAction":[{"@type":"ReadAction","target":["https:\/\/xenonkungen.com\/produkt\/tershine-doftgran\/"]}]},{"@type":"ImageObject","inLanguage":"fi","@id":"https:\/\/xenonkungen.com\/produkt\/tershine-doftgran\/#primaryimage","url":"https:\/\/xenonkungen.com\/wp-content\/uploads\/2026\/03\/rSe8We2sPDWjz6Eb7PRLNj2DLFiiXv9uEzvmUKET.webp","contentUrl":"https:\/\/xenonkungen.com\/wp-content\/uploads\/2026\/03\/rSe8We2sPDWjz6Eb7PRLNj2DLFiiXv9uEzvmUKET.webp","width":1024,"height":1024},{"@type":"BreadcrumbList","@id":"https:\/\/xenonkungen.com\/produkt\/tershine-doftgran\/#breadcrumb","itemListElement":[{"@type":"ListItem","position":1,"name":"Hem","item":"https:\/\/xenonkungen.com\/"},{"@type":"ListItem","position":2,"name":"Shop","item":"https:\/\/xenonkungen.com\/shop\/"},{"@type":"ListItem","position":3,"name":"Tershine Doftgran"}]},{"@type":"WebSite","@id":"https:\/\/xenonkungen.com\/#website","url":"https:\/\/xenonkungen.com\/","name":"Xenonkungen","description":"","potentialAction":[{"@type":"SearchAction","target":{"@type":"EntryPoint","urlTemplate":"https:\/\/xenonkungen.com\/?s={search_term_string}"},"query-input":{"@type":"PropertyValueSpecification","valueRequired":true,"valueName":"search_term_string"}}],"inLanguage":"fi"}]}},"taxonomy_info":{"product_brand":[{"value":2893,"label":"Tershine"}],"product_cat":[{"value":2617,"label":"3 | Polering"},{"value":2447,"label":"Doft"},{"value":378,"label":"Bilv\u00e5rd"}]},"featured_image_src_large":["https:\/\/xenonkungen.com\/wp-content\/uploads\/2026\/03\/rSe8We2sPDWjz6Eb7PRLNj2DLFiiXv9uEzvmUKET.webp",1024,1024,false],"author_info":[],"comment_info":0,"_links":{"self":[{"href":"https:\/\/xenonkungen.com\/fi\/wp-json\/wp\/v2\/product\/27690","targetHints":{"allow":["GET"]}}],"collection":[{"href":"https:\/\/xenonkungen.com\/fi\/wp-json\/wp\/v2\/product"}],"about":[{"href":"https:\/\/xenonkungen.com\/fi\/wp-json\/wp\/v2\/types\/product"}],"replies":[{"embeddable":true,"href":"https:\/\/xenonkungen.com\/fi\/wp-json\/wp\/v2\/comments?post=27690"}],"wp:featuredmedia":[{"embeddable":true,"href":"https:\/\/xenonkungen.com\/fi\/wp-json\/wp\/v2\/media\/27694"}],"wp:attachment":[{"href":"https:\/\/xenonkungen.com\/fi\/wp-json\/wp\/v2\/media?parent=27690"}],"wp:term":[{"taxonomy":"anvandningsomrade","embeddable":true,"href":"https:\/\/xenonkungen.com\/fi\/wp-json\/wp\/v2\/anvandningsomrade?post=27690"},{"taxonomy":"bilmarken","embeddable":true,"href":"https:\/\/xenonkungen.com\/fi\/wp-json\/wp\/v2\/bilmarken?post=27690"},{"taxonomy":"product_brand","embeddable":true,"href":"https:\/\/xenonkungen.com\/fi\/wp-json\/wp\/v2\/product_brand?post=27690"},{"taxonomy":"product_cat","embeddable":true,"href":"https:\/\/xenonkungen.com\/fi\/wp-json\/wp\/v2\/product_cat?post=27690"},{"taxonomy":"product_tag","embeddable":true,"href":"https:\/\/xenonkungen.com\/fi\/wp-json\/wp\/v2\/product_tag?post=27690"}],"curies":[{"name":"wp","href":"https:\/\/api.w.org\/{rel}","templated":true}]}}