{"id":27712,"date":"2026-03-13T15:14:31","date_gmt":"2026-03-13T14:14:31","guid":{"rendered":"https:\/\/xenonkungen.com\/?post_type=product&#038;p=27712"},"modified":"2026-05-12T14:58:21","modified_gmt":"2026-05-12T13:58:21","slug":"tershine-amplificate-markalakka-5-l","status":"publish","type":"product","link":"https:\/\/xenonkungen.com\/fi\/tuote\/tershine-amplificate-markalakka-5-l\/","title":{"rendered":"Tershine Amplify \u2013 M\u00e4rk\u00e4kerros 5 L"},"content":{"rendered":"<p>Suojaa ajoneuvosi maalilla hetkess\u00e4, suihkuta m\u00e4r\u00e4lle pinnalle ja huuhtele pois!<\/p>\n<p><strong>Luo runsaasti valuvaa pintaa ja paljon kiiltoa<br \/>\nLaimennettavissa<br \/>\nEritt\u00e4in helppo levitt\u00e4\u00e4<br \/>\nToimii kaikilla pinnoilla ja ajoneuvoissa<br \/>\nPitk\u00e4 s\u00e4ilyvyysaika<br \/>\nTuote on valmistettu ilman per- ja polyfluorattuja aineita (PFAS)<br \/>\nTuotetta ei ole luokiteltu merkitt\u00e4v\u00e4ksi CLP-asetuksen (EY) 1272\/2008 mukaisesti.<br \/>\n<\/strong><\/p>\n<p><strong>Amplifyn k\u00e4ytt\u00f6ohjeet \u2013 Wet Coat\u00a0<\/strong><\/p>\n<p><strong>1.\u00a0<\/strong>Pese ajoneuvo huolellisesti. V\u00e4lt\u00e4 valuvia shampoita, kuten Purify S+, jotka voivat olla hieman liikaa. Tietenkin voit, mutta laimenna Amplify vedell\u00e4 varmuuden vuoksi.\u00a0<strong><br \/>\n2.\u00a0<\/strong>Suihkuta m\u00e4r\u00e4lle pinnalle<strong><br \/>\n3.\u00a0<\/strong>Huuhtele huolellisesti.<strong><br \/>\n4.\u00a0<\/strong>Pyyhi valitsemallasi mikrokuituliinalla<strong><br \/>\n5.\u00a0<\/strong>Kyll\u00e4, tied\u00e4mme, se on t\u00e4ysin hullua!<\/p>\n<p>Eritt\u00e4in helppok\u00e4ytt\u00f6inen ja antaa loistavan vedenpoiston, kiillon ja suojan ilman mit\u00e4\u00e4n hienouksia. Toimii yht\u00e4 hyvin teipeiss\u00e4, PPF-muoveissa, mattamaaleissa, muovissa, lasissa ja vanteissa. Et tunne mit\u00e4\u00e4n silmiss\u00e4si, keuhkoissasi jne., kuten voisit helposti tehd\u00e4 vahvemmilla kemikaaleilla! Toimii erinomaisesti laimennettuna jopa suhteessa 1:10 (edullinen!).<\/p>\n<p>Tuoksuu fantastisesti eksoottisilta hedelmilt\u00e4, ajattele Fanta Exoticia (tai jotain). Toimii l\u00e4hes kaikilla materiaaleilla, kuten maalilla, lasilla, muovilla, gelcoatilla, alumiinilla, kumilla jne. Muista, ett\u00e4 tuotetta on eritt\u00e4in runsas m\u00e4\u00e4r\u00e4, joten pieni m\u00e4\u00e4r\u00e4 riitt\u00e4\u00e4 pitk\u00e4lle, kuten aina suosittelen. Kokeile ja selvit\u00e4, mist\u00e4 pid\u00e4t, ja testaa vapaasti yksi paneeli kerrallaan ennen kuin tutustut tuotteeseen. Kuten tuotteidemme kanssa tapana, v\u00e4hemm\u00e4n on enemm\u00e4n!<\/p>\n<p>Ps. Tietenkin sit\u00e4 voi k\u00e4ytt\u00e4\u00e4 my\u00f6s kuivassa autossa pikapesuna.<br \/>\nyksityiskohdat ja voit my\u00f6s laimentaa sit\u00e4 suhteessa 1:10, mutta voit vapaasti kokeilla, mik\u00e4 itse pid\u00e4t eniten. Kaikki riippuu siit\u00e4, kuinka hyv\u00e4 pohja on. Jos sinulla on kaikki suojauksemme alla, kuten Magnify \u2013 Coating, Refract jne., niin laimentaminen toimii hyvin. Mutta se on tarkoitettu k\u00e4ytett\u00e4v\u00e4ksi sellaisenaan, joten voit vapaasti kokeilla, mik\u00e4 itse pid\u00e4t eniten. V\u00e4lt\u00e4 suoraa auringonvaloa k\u00e4yt\u00f6n aikana, t\u00e4m\u00e4 p\u00e4tee tietenkin kaikkiin autonhoitotuotteisiin.<\/p>\n<p><strong>K\u00e4rki<\/strong>Varmista, ett\u00e4 pinta on viile\u00e4 ja puhdistettu huolellisesti (huuhtele huolellisesti). Aloita aina yhdell\u00e4 tai kahdella paneelilla ja huuhtele sitten pois, jotta tied\u00e4t, miten se toimii omassa ymp\u00e4rist\u00f6ss\u00e4si. Muista, ett\u00e4 se on supertehokas, v\u00e4hemm\u00e4n on enemm\u00e4n, ja v\u00e4lt\u00e4 aurinkoa\/tuulta.<\/p>\n<p>Jos kaikesta huolimatta liekki syttyy, kiillota se pois kuivaamalla auton mikrokuituliinalla. Jos liekki on jo kovettunut, helpoin tapa on k\u00e4ytt\u00e4\u00e4 kosteaa liinaa ja Apex+ -puhdistusainetta! Jos se ei auta, levit\u00e4 sienell\u00e4 Dissolve- tai mieluiten Prime \u2013 Panel Wipe -puhdistusainetta, niin liekki katoaa.<\/p>\n<p>Muista, ett\u00e4 ulkona ollessasi tuuli ja kuumuus nopeuttavat haihtumisaikaa. Jos et ole viel\u00e4 tutustunut tuotteeseen, voit k\u00e4ytt\u00e4\u00e4 yht\u00e4 tai kahta paneelia kerrallaan ja k\u00e4yd\u00e4 sen j\u00e4lkeen suihkussa.<\/p>\n<p>V\u00e4lt\u00e4 Purify S+ -shampoita tai muita pinnoitteita sis\u00e4lt\u00e4vi\u00e4 shampoita ennen k\u00e4ytt\u00f6\u00e4. Ne yleens\u00e4 toimivat, mutta voivat olla hieman liikaa! Ensimm\u00e4isill\u00e4 kokeilukerroilla kannattaa aloittaa yhdell\u00e4 paneelilla kerrallaan tai laimentaa ainetta hieman, kunnes olet tyytyv\u00e4inen.<\/p>","protected":false},"excerpt":{"rendered":"<p>Suojaa ajoneuvosi maalipinta hetkess\u00e4, suihkuta m\u00e4r\u00e4lle pinnalle ja huuhtele pois! Raaka valuma ja upea kiilto kaikenlaisille pinnoille.<\/p>","protected":false},"featured_media":27713,"comment_status":"open","ping_status":"closed","template":"","meta":{"_acf_changed":false,"_smort_price_nok":"","_smort_price_dkk":"","_smort_price_eur":"","_smort_sale_price_nok":"","_smort_sale_price_dkk":"","_smort_sale_price_eur":"","smort_restorder":"","shipmondo_restorder":"","_kad_blocks_custom_css":"","_kad_blocks_head_custom_js":"","_kad_blocks_body_custom_js":"","_kad_blocks_footer_custom_js":"","smort_custom_pricelist_1":"639.36","smort_custom_pricelist_2":"639.36","smort_custom_pricelist_3":"639.36","smort_custom_pricelist_4":"799.2","smort_custom_pricelist_5":"639.36"},"anvandningsomrade":[],"bilmarken":[],"product_brand":[2893],"product_cat":[2989,2614,378],"product_tag":[],"class_list":{"0":"post-27712","1":"product","2":"type-product","3":"status-publish","4":"has-post-thumbnail","6":"product_brand-tershine","7":"product_cat-avfettning","8":"product_cat-lackskydd","9":"product_cat-bilvard","11":"first","12":"onbackorder","13":"taxable","14":"shipping-taxable","15":"purchasable","16":"product-type-simple"},"bundled_by":[],"bundle_stock_status":"onbackorder","bundle_stock_quantity":0,"bundle_virtual":false,"bundle_layout":"","bundle_add_to_cart_form_location":"","bundle_editable_in_cart":false,"bundle_sold_individually_context":"","bundle_item_grouping":"","bundle_min_size":"","bundle_max_size":"","bundle_price":[],"bundled_items":[],"bundle_sell_ids":[],"acf":[],"yoast_head":"<!-- This site is optimized with the Yoast SEO plugin v27.0 - https:\/\/yoast.com\/product\/yoast-seo-wordpress\/ -->\n<title>Tershine Amplify - Wet Coat 5 L - Xenonkungen<\/title>\n<meta name=\"robots\" content=\"index, follow, max-snippet:-1, max-image-preview:large, max-video-preview:-1\" \/>\n<link rel=\"canonical\" href=\"https:\/\/xenonkungen.com\/fi\/tuote\/tershine-amplificate-markalakka-5-l\/\" \/>\n<meta property=\"og:locale\" content=\"fi_FI\" \/>\n<meta property=\"og:type\" content=\"article\" \/>\n<meta property=\"og:title\" content=\"Tershine Amplify - Wet Coat 5 L - Xenonkungen\" \/>\n<meta property=\"og:description\" content=\"Lackskydda ditt fordon p\u00e5 nolltid, spraya p\u00e5 bl\u00f6t yta och spola av! Brutal avrinning och massvis av glans p\u00e5 alla typer av ytor.\" \/>\n<meta property=\"og:url\" content=\"https:\/\/xenonkungen.com\/fi\/tuote\/tershine-amplificate-markalakka-5-l\/\" \/>\n<meta property=\"og:site_name\" content=\"Xenonkungen\" \/>\n<meta property=\"article:modified_time\" content=\"2026-05-12T13:58:21+00:00\" \/>\n<meta property=\"og:image\" content=\"https:\/\/xenonkungen.com\/wp-content\/uploads\/2026\/03\/id6ZmCr6GTGaIngayiVJhlpDmApaqSchdvCRtVn1.webp\" \/>\n\t<meta property=\"og:image:width\" content=\"1024\" \/>\n\t<meta property=\"og:image:height\" content=\"1024\" \/>\n\t<meta property=\"og:image:type\" content=\"image\/webp\" \/>\n<meta name=\"twitter:card\" content=\"summary_large_image\" \/>\n<meta name=\"twitter:label1\" content=\"Arvioitu lukuaika\" \/>\n\t<meta name=\"twitter:data1\" content=\"3 minuuttia\" \/>\n<script type=\"application\/ld+json\" class=\"yoast-schema-graph\">{\"@context\":\"https:\/\/schema.org\",\"@graph\":[{\"@type\":\"WebPage\",\"@id\":\"https:\/\/xenonkungen.com\/produkt\/tershine-amplify-wet-coat-5-l\/\",\"url\":\"https:\/\/xenonkungen.com\/produkt\/tershine-amplify-wet-coat-5-l\/\",\"name\":\"Tershine Amplify - Wet Coat 5 L - Xenonkungen\",\"isPartOf\":{\"@id\":\"https:\/\/xenonkungen.com\/#website\"},\"primaryImageOfPage\":{\"@id\":\"https:\/\/xenonkungen.com\/produkt\/tershine-amplify-wet-coat-5-l\/#primaryimage\"},\"image\":{\"@id\":\"https:\/\/xenonkungen.com\/produkt\/tershine-amplify-wet-coat-5-l\/#primaryimage\"},\"thumbnailUrl\":\"https:\/\/xenonkungen.com\/wp-content\/uploads\/2026\/03\/id6ZmCr6GTGaIngayiVJhlpDmApaqSchdvCRtVn1.webp\",\"datePublished\":\"2026-03-13T14:14:31+00:00\",\"dateModified\":\"2026-05-12T13:58:21+00:00\",\"breadcrumb\":{\"@id\":\"https:\/\/xenonkungen.com\/produkt\/tershine-amplify-wet-coat-5-l\/#breadcrumb\"},\"inLanguage\":\"fi\",\"potentialAction\":[{\"@type\":\"ReadAction\",\"target\":[\"https:\/\/xenonkungen.com\/produkt\/tershine-amplify-wet-coat-5-l\/\"]}]},{\"@type\":\"ImageObject\",\"inLanguage\":\"fi\",\"@id\":\"https:\/\/xenonkungen.com\/produkt\/tershine-amplify-wet-coat-5-l\/#primaryimage\",\"url\":\"https:\/\/xenonkungen.com\/wp-content\/uploads\/2026\/03\/id6ZmCr6GTGaIngayiVJhlpDmApaqSchdvCRtVn1.webp\",\"contentUrl\":\"https:\/\/xenonkungen.com\/wp-content\/uploads\/2026\/03\/id6ZmCr6GTGaIngayiVJhlpDmApaqSchdvCRtVn1.webp\",\"width\":1024,\"height\":1024},{\"@type\":\"BreadcrumbList\",\"@id\":\"https:\/\/xenonkungen.com\/produkt\/tershine-amplify-wet-coat-5-l\/#breadcrumb\",\"itemListElement\":[{\"@type\":\"ListItem\",\"position\":1,\"name\":\"Hem\",\"item\":\"https:\/\/xenonkungen.com\/\"},{\"@type\":\"ListItem\",\"position\":2,\"name\":\"Shop\",\"item\":\"https:\/\/xenonkungen.com\/shop\/\"},{\"@type\":\"ListItem\",\"position\":3,\"name\":\"Tershine Amplify &#8211; Wet Coat 5 L\"}]},{\"@type\":\"WebSite\",\"@id\":\"https:\/\/xenonkungen.com\/#website\",\"url\":\"https:\/\/xenonkungen.com\/\",\"name\":\"Xenonkungen\",\"description\":\"\",\"potentialAction\":[{\"@type\":\"SearchAction\",\"target\":{\"@type\":\"EntryPoint\",\"urlTemplate\":\"https:\/\/xenonkungen.com\/?s={search_term_string}\"},\"query-input\":{\"@type\":\"PropertyValueSpecification\",\"valueRequired\":true,\"valueName\":\"search_term_string\"}}],\"inLanguage\":\"fi\"}]}<\/script>\n<!-- \/ Yoast SEO plugin. -->","yoast_head_json":{"title":"Tershine Amplify - Wet Coat 5 L - Xenon King","robots":{"index":"index","follow":"follow","max-snippet":"max-snippet:-1","max-image-preview":"max-image-preview:large","max-video-preview":"max-video-preview:-1"},"canonical":"https:\/\/xenonkungen.com\/fi\/tuote\/tershine-amplificate-markalakka-5-l\/","og_locale":"fi_FI","og_type":"article","og_title":"Tershine Amplify - Wet Coat 5 L - Xenonkungen","og_description":"Lackskydda ditt fordon p\u00e5 nolltid, spraya p\u00e5 bl\u00f6t yta och spola av! Brutal avrinning och massvis av glans p\u00e5 alla typer av ytor.","og_url":"https:\/\/xenonkungen.com\/fi\/tuote\/tershine-amplificate-markalakka-5-l\/","og_site_name":"Xenonkungen","article_modified_time":"2026-05-12T13:58:21+00:00","og_image":[{"width":1024,"height":1024,"url":"https:\/\/xenonkungen.com\/wp-content\/uploads\/2026\/03\/id6ZmCr6GTGaIngayiVJhlpDmApaqSchdvCRtVn1.webp","type":"image\/webp"}],"twitter_card":"summary_large_image","twitter_misc":{"Arvioitu lukuaika":"3 minuuttia"},"schema":{"@context":"https:\/\/schema.org","@graph":[{"@type":"WebPage","@id":"https:\/\/xenonkungen.com\/produkt\/tershine-amplify-wet-coat-5-l\/","url":"https:\/\/xenonkungen.com\/produkt\/tershine-amplify-wet-coat-5-l\/","name":"Tershine Amplify - Wet Coat 5 L - Xenon King","isPartOf":{"@id":"https:\/\/xenonkungen.com\/#website"},"primaryImageOfPage":{"@id":"https:\/\/xenonkungen.com\/produkt\/tershine-amplify-wet-coat-5-l\/#primaryimage"},"image":{"@id":"https:\/\/xenonkungen.com\/produkt\/tershine-amplify-wet-coat-5-l\/#primaryimage"},"thumbnailUrl":"https:\/\/xenonkungen.com\/wp-content\/uploads\/2026\/03\/id6ZmCr6GTGaIngayiVJhlpDmApaqSchdvCRtVn1.webp","datePublished":"2026-03-13T14:14:31+00:00","dateModified":"2026-05-12T13:58:21+00:00","breadcrumb":{"@id":"https:\/\/xenonkungen.com\/produkt\/tershine-amplify-wet-coat-5-l\/#breadcrumb"},"inLanguage":"fi","potentialAction":[{"@type":"ReadAction","target":["https:\/\/xenonkungen.com\/produkt\/tershine-amplify-wet-coat-5-l\/"]}]},{"@type":"ImageObject","inLanguage":"fi","@id":"https:\/\/xenonkungen.com\/produkt\/tershine-amplify-wet-coat-5-l\/#primaryimage","url":"https:\/\/xenonkungen.com\/wp-content\/uploads\/2026\/03\/id6ZmCr6GTGaIngayiVJhlpDmApaqSchdvCRtVn1.webp","contentUrl":"https:\/\/xenonkungen.com\/wp-content\/uploads\/2026\/03\/id6ZmCr6GTGaIngayiVJhlpDmApaqSchdvCRtVn1.webp","width":1024,"height":1024},{"@type":"BreadcrumbList","@id":"https:\/\/xenonkungen.com\/produkt\/tershine-amplify-wet-coat-5-l\/#breadcrumb","itemListElement":[{"@type":"ListItem","position":1,"name":"Hem","item":"https:\/\/xenonkungen.com\/"},{"@type":"ListItem","position":2,"name":"Shop","item":"https:\/\/xenonkungen.com\/shop\/"},{"@type":"ListItem","position":3,"name":"Tershine Amplify &#8211; Wet Coat 5 L"}]},{"@type":"WebSite","@id":"https:\/\/xenonkungen.com\/#website","url":"https:\/\/xenonkungen.com\/","name":"Xenonkungen","description":"","potentialAction":[{"@type":"SearchAction","target":{"@type":"EntryPoint","urlTemplate":"https:\/\/xenonkungen.com\/?s={search_term_string}"},"query-input":{"@type":"PropertyValueSpecification","valueRequired":true,"valueName":"search_term_string"}}],"inLanguage":"fi"}]}},"taxonomy_info":{"product_brand":[{"value":2893,"label":"Tershine"}],"product_cat":[{"value":2989,"label":"2 | Avfettning"},{"value":2614,"label":"4 | Bilvax &amp; Lackskydd"},{"value":378,"label":"Bilv\u00e5rd"}]},"featured_image_src_large":["https:\/\/xenonkungen.com\/wp-content\/uploads\/2026\/03\/id6ZmCr6GTGaIngayiVJhlpDmApaqSchdvCRtVn1.webp",1024,1024,false],"author_info":[],"comment_info":0,"_links":{"self":[{"href":"https:\/\/xenonkungen.com\/fi\/wp-json\/wp\/v2\/product\/27712","targetHints":{"allow":["GET"]}}],"collection":[{"href":"https:\/\/xenonkungen.com\/fi\/wp-json\/wp\/v2\/product"}],"about":[{"href":"https:\/\/xenonkungen.com\/fi\/wp-json\/wp\/v2\/types\/product"}],"replies":[{"embeddable":true,"href":"https:\/\/xenonkungen.com\/fi\/wp-json\/wp\/v2\/comments?post=27712"}],"wp:featuredmedia":[{"embeddable":true,"href":"https:\/\/xenonkungen.com\/fi\/wp-json\/wp\/v2\/media\/27713"}],"wp:attachment":[{"href":"https:\/\/xenonkungen.com\/fi\/wp-json\/wp\/v2\/media?parent=27712"}],"wp:term":[{"taxonomy":"anvandningsomrade","embeddable":true,"href":"https:\/\/xenonkungen.com\/fi\/wp-json\/wp\/v2\/anvandningsomrade?post=27712"},{"taxonomy":"bilmarken","embeddable":true,"href":"https:\/\/xenonkungen.com\/fi\/wp-json\/wp\/v2\/bilmarken?post=27712"},{"taxonomy":"product_brand","embeddable":true,"href":"https:\/\/xenonkungen.com\/fi\/wp-json\/wp\/v2\/product_brand?post=27712"},{"taxonomy":"product_cat","embeddable":true,"href":"https:\/\/xenonkungen.com\/fi\/wp-json\/wp\/v2\/product_cat?post=27712"},{"taxonomy":"product_tag","embeddable":true,"href":"https:\/\/xenonkungen.com\/fi\/wp-json\/wp\/v2\/product_tag?post=27712"}],"curies":[{"name":"wp","href":"https:\/\/api.w.org\/{rel}","templated":true}]}}