{"id":27727,"date":"2026-03-13T15:43:24","date_gmt":"2026-03-13T14:43:24","guid":{"rendered":"https:\/\/xenonkungen.com\/?post_type=product&#038;p=27727"},"modified":"2026-04-24T17:47:04","modified_gmt":"2026-04-24T16:47:04","slug":"tershine-apc-yleispuhdistusaine-5-l","status":"publish","type":"product","link":"https:\/\/xenonkungen.com\/fi\/tuote\/tershine-apc-yleispuhdistusaine-5-l\/","title":{"rendered":"Tershine APC \u2013 Yleispuhdistusaine 5 l"},"content":{"rendered":"<p>APC on eritt\u00e4in tehokas kasvipohjainen yleispuhdistusaine, jota on saatavilla useissa eri tuoksuissa.<strong><\/p>\n<p>Monipuolinen puhdistus useimpia likatyyppej\u00e4 vastaan<br \/>\nT\u00e4ydellinen ajoneuvojen sis\u00e4tiloihin, keitti\u00f6ihin, kylpyhuoneisiin, nahka- ja tekstiilimateriaaleihin<br \/>\nToimii useimpiin asioihin<br \/>\nVoidaan laimentaa<br \/>\nEi j\u00e4t\u00e4 \u00e4rsytt\u00e4vi\u00e4 j\u00e4\u00e4mi\u00e4 j\u00e4lkeens\u00e4<br \/>\nHajunestotoiminto poistaa ei-toivotut hajut<br \/>\nKasviper\u00e4iset raaka-aineet<br \/>\nTuotetta ei ole luokiteltu merkitt\u00e4v\u00e4ksi CLP-asetuksen (EY) 1272\/2008 mukaisesti.<\/strong><\/p>\n<p><strong>1.\u00a0<\/strong>Suihkuta mill\u00e4 tahansa pinnalla (tai liinassa)<br \/>\n<strong>2.\u00a0<\/strong>K\u00e4yt\u00e4 harjaa karhentaaksesi pintaa, jos se on eritt\u00e4in likainen.<br \/>\n<strong>3.\u00a0<\/strong>Pyyhi valitsemallasi mikrokuituliinalla<br \/>\n<strong>4.\u00a0<\/strong>Kyll\u00e4, tied\u00e4mme, superhelppo k\u00e4ytt\u00e4\u00e4!<\/p>\n<p>APC \u2013 Sis\u00e4puhdistusaine 5000 ml melonin tuoksulla on eritt\u00e4in tehokas yleispuhdistusaine, joka on tarkoitettu ensisijaisesti ajoneuvon sis\u00e4tilojen puhdistukseen. Sopii eritt\u00e4in hyvin esimerkiksi tekstiileille, nahalle, alcantaraan, muoville, kumille jne. Puhdistaa kerralla eik\u00e4 j\u00e4t\u00e4 \u00e4rsytt\u00e4v\u00e4\u00e4 kalvoa.<\/p>\n<p>Nyt p\u00e4ivitetyss\u00e4 koostumuksessa, joka sis\u00e4lt\u00e4\u00e4 aivan fantastisen hajuja poistavan toiminnon, joka est\u00e4\u00e4 ja &quot;tappaa&quot; pahat hajut pit\u00e4en ne raikkaina (kyll\u00e4, se kuulostaa p\u00f6rr\u00f6iselt\u00e4, mutta et tule pettym\u00e4\u00e4n). Saatavilla limen, vihre\u00e4n omenan tai melonin tuoksuna (5000 ml), se ei ole vesimeloni, vaan hieman makea ja raikas tuoksu, jotta se ei olisi liikaa.<\/p>\n<p>Sit\u00e4 voi laimentaa, jos silt\u00e4 tuntuu. Voit yritt\u00e4\u00e4 selvitt\u00e4\u00e4, mist\u00e4 pid\u00e4t eniten, mutta muista, ett\u00e4 mit\u00e4 enemm\u00e4n laimennat sit\u00e4, sit\u00e4 huonompi hajunestovaikutus on! Voit kuitenkin k\u00e4ytt\u00e4\u00e4 laimennussuhdetta 1:1\u20131:25 likaisuusasteesta riippuen. Saatavilla 500 ml:n, 5 litran ja 25 litran pakkauksissa.<\/p>\n<p>Jos haluat tehostaa hajunestotoimintoa hieman lis\u00e4\u00e4, kokeile suihkuttaa auton matot ja k\u00e4ytt\u00e4\u00e4 tuulettimen kiertoilmatoimintoa (jotta ilma kiert\u00e4\u00e4 kanavien, suodattimien jne. l\u00e4pi). Pyyhi sitten matot ja nauti raikkaasta tuoksusta.<\/p>\n<p>Muista olla painamatta liinaa liikaa, jos puhdistat kulunutta sis\u00e4pintaa. Ole varovainen ja k\u00e4yt\u00e4 harjoja tms. lian poistamiseen! \u00c4l\u00e4k\u00e4 tietenk\u00e4\u00e4n altista suoralle auringonvalolle tms.<\/p>\n<p>Totta kai se toimii loistavasti my\u00f6s kotona!<\/p>\n<p><strong>Tuoksut: <\/strong>Omena, meloni, orvokki<\/p>\n<p><em>S\u00e4ilyt\u00e4 pakkaselta suojattuna.<\/em><\/p>","protected":false},"excerpt":{"rendered":"<p>APC:n yleispuhdistusaine ajoneuvon sis\u00e4tiloihin, kotiin ja kyll\u00e4, melkein kaikkialle!<\/p>","protected":false},"featured_media":27730,"comment_status":"open","ping_status":"closed","template":"","meta":{"_acf_changed":false,"_smort_price_nok":"","_smort_price_dkk":"","_smort_price_eur":"","_smort_sale_price_nok":"","_smort_sale_price_dkk":"","_smort_sale_price_eur":"","smort_restorder":"","shipmondo_restorder":"","_kad_blocks_custom_css":"","_kad_blocks_head_custom_js":"","_kad_blocks_body_custom_js":"","_kad_blocks_footer_custom_js":"","smort_custom_pricelist_1":null,"smort_custom_pricelist_2":null,"smort_custom_pricelist_3":null,"smort_custom_pricelist_4":null,"smort_custom_pricelist_5":null},"anvandningsomrade":[],"bilmarken":[],"product_brand":[2893],"product_cat":[2988,378],"product_tag":[],"class_list":{"0":"post-27727","1":"product","2":"type-product","3":"status-publish","4":"has-post-thumbnail","6":"product_brand-tershine","7":"product_cat-biltvatt","8":"product_cat-bilvard","10":"first","11":"instock","12":"taxable","13":"shipping-taxable","14":"purchasable","15":"product-type-variable"},"bundled_by":[],"bundle_stock_status":"instock","bundle_stock_quantity":1,"bundle_virtual":false,"bundle_layout":"","bundle_add_to_cart_form_location":"","bundle_editable_in_cart":false,"bundle_sold_individually_context":"","bundle_item_grouping":"","bundle_min_size":"","bundle_max_size":"","bundle_price":[],"bundled_items":[],"bundle_sell_ids":[],"acf":[],"yoast_head":"<!-- This site is optimized with the Yoast SEO plugin v27.0 - https:\/\/yoast.com\/product\/yoast-seo-wordpress\/ -->\n<title>Tershine APC - Allreng\u00f6ring 5 L - Xenonkungen<\/title>\n<meta name=\"robots\" content=\"index, follow, max-snippet:-1, max-image-preview:large, max-video-preview:-1\" \/>\n<link rel=\"canonical\" href=\"https:\/\/xenonkungen.com\/fi\/tuote\/tershine-apc-yleispuhdistusaine-5-l\/\" \/>\n<meta property=\"og:locale\" content=\"fi_FI\" \/>\n<meta property=\"og:type\" content=\"article\" \/>\n<meta property=\"og:title\" content=\"Tershine APC - Allreng\u00f6ring 5 L - Xenonkungen\" \/>\n<meta property=\"og:description\" content=\"APC allreng\u00f6ringsmedel f\u00f6r insidan av fordonet, i hemmet och ja, i stort sett \u00f6verallt!\" \/>\n<meta property=\"og:url\" content=\"https:\/\/xenonkungen.com\/fi\/tuote\/tershine-apc-yleispuhdistusaine-5-l\/\" \/>\n<meta property=\"og:site_name\" content=\"Xenonkungen\" \/>\n<meta property=\"article:modified_time\" content=\"2026-04-24T16:47:04+00:00\" \/>\n<meta property=\"og:image\" content=\"https:\/\/xenonkungen.com\/wp-content\/uploads\/2026\/03\/bR0AfsZnqDaTL1UXku5fEvuPWvI92XyEGY1LPuxz.webp\" \/>\n\t<meta property=\"og:image:width\" content=\"1024\" \/>\n\t<meta property=\"og:image:height\" content=\"1024\" \/>\n\t<meta property=\"og:image:type\" content=\"image\/webp\" \/>\n<meta name=\"twitter:card\" content=\"summary_large_image\" \/>\n<meta name=\"twitter:label1\" content=\"Arvioitu lukuaika\" \/>\n\t<meta name=\"twitter:data1\" content=\"2 minuuttia\" \/>\n<script type=\"application\/ld+json\" class=\"yoast-schema-graph\">{\"@context\":\"https:\/\/schema.org\",\"@graph\":[{\"@type\":\"WebPage\",\"@id\":\"https:\/\/xenonkungen.com\/produkt\/tershine-apc-allrengoring-5-l\/\",\"url\":\"https:\/\/xenonkungen.com\/produkt\/tershine-apc-allrengoring-5-l\/\",\"name\":\"Tershine APC - Allreng\u00f6ring 5 L - Xenonkungen\",\"isPartOf\":{\"@id\":\"https:\/\/xenonkungen.com\/#website\"},\"primaryImageOfPage\":{\"@id\":\"https:\/\/xenonkungen.com\/produkt\/tershine-apc-allrengoring-5-l\/#primaryimage\"},\"image\":{\"@id\":\"https:\/\/xenonkungen.com\/produkt\/tershine-apc-allrengoring-5-l\/#primaryimage\"},\"thumbnailUrl\":\"https:\/\/xenonkungen.com\/wp-content\/uploads\/2026\/03\/bR0AfsZnqDaTL1UXku5fEvuPWvI92XyEGY1LPuxz.webp\",\"datePublished\":\"2026-03-13T14:43:24+00:00\",\"dateModified\":\"2026-04-24T16:47:04+00:00\",\"breadcrumb\":{\"@id\":\"https:\/\/xenonkungen.com\/produkt\/tershine-apc-allrengoring-5-l\/#breadcrumb\"},\"inLanguage\":\"fi\",\"potentialAction\":[{\"@type\":\"ReadAction\",\"target\":[\"https:\/\/xenonkungen.com\/produkt\/tershine-apc-allrengoring-5-l\/\"]}]},{\"@type\":\"ImageObject\",\"inLanguage\":\"fi\",\"@id\":\"https:\/\/xenonkungen.com\/produkt\/tershine-apc-allrengoring-5-l\/#primaryimage\",\"url\":\"https:\/\/xenonkungen.com\/wp-content\/uploads\/2026\/03\/bR0AfsZnqDaTL1UXku5fEvuPWvI92XyEGY1LPuxz.webp\",\"contentUrl\":\"https:\/\/xenonkungen.com\/wp-content\/uploads\/2026\/03\/bR0AfsZnqDaTL1UXku5fEvuPWvI92XyEGY1LPuxz.webp\",\"width\":1024,\"height\":1024},{\"@type\":\"BreadcrumbList\",\"@id\":\"https:\/\/xenonkungen.com\/produkt\/tershine-apc-allrengoring-5-l\/#breadcrumb\",\"itemListElement\":[{\"@type\":\"ListItem\",\"position\":1,\"name\":\"Hem\",\"item\":\"https:\/\/xenonkungen.com\/\"},{\"@type\":\"ListItem\",\"position\":2,\"name\":\"Shop\",\"item\":\"https:\/\/xenonkungen.com\/shop\/\"},{\"@type\":\"ListItem\",\"position\":3,\"name\":\"Tershine APC &#8211; Allreng\u00f6ring 5 L\"}]},{\"@type\":\"WebSite\",\"@id\":\"https:\/\/xenonkungen.com\/#website\",\"url\":\"https:\/\/xenonkungen.com\/\",\"name\":\"Xenonkungen\",\"description\":\"\",\"potentialAction\":[{\"@type\":\"SearchAction\",\"target\":{\"@type\":\"EntryPoint\",\"urlTemplate\":\"https:\/\/xenonkungen.com\/?s={search_term_string}\"},\"query-input\":{\"@type\":\"PropertyValueSpecification\",\"valueRequired\":true,\"valueName\":\"search_term_string\"}}],\"inLanguage\":\"fi\"}]}<\/script>\n<!-- \/ Yoast SEO plugin. -->","yoast_head_json":{"title":"Tershine APC - Yleispuhdistusaine 5 L - Ksenonkuningas","robots":{"index":"index","follow":"follow","max-snippet":"max-snippet:-1","max-image-preview":"max-image-preview:large","max-video-preview":"max-video-preview:-1"},"canonical":"https:\/\/xenonkungen.com\/fi\/tuote\/tershine-apc-yleispuhdistusaine-5-l\/","og_locale":"fi_FI","og_type":"article","og_title":"Tershine APC - Allreng\u00f6ring 5 L - Xenonkungen","og_description":"APC allreng\u00f6ringsmedel f\u00f6r insidan av fordonet, i hemmet och ja, i stort sett \u00f6verallt!","og_url":"https:\/\/xenonkungen.com\/fi\/tuote\/tershine-apc-yleispuhdistusaine-5-l\/","og_site_name":"Xenonkungen","article_modified_time":"2026-04-24T16:47:04+00:00","og_image":[{"width":1024,"height":1024,"url":"https:\/\/xenonkungen.com\/wp-content\/uploads\/2026\/03\/bR0AfsZnqDaTL1UXku5fEvuPWvI92XyEGY1LPuxz.webp","type":"image\/webp"}],"twitter_card":"summary_large_image","twitter_misc":{"Arvioitu lukuaika":"2 minuuttia"},"schema":{"@context":"https:\/\/schema.org","@graph":[{"@type":"WebPage","@id":"https:\/\/xenonkungen.com\/produkt\/tershine-apc-allrengoring-5-l\/","url":"https:\/\/xenonkungen.com\/produkt\/tershine-apc-allrengoring-5-l\/","name":"Tershine APC - Yleispuhdistusaine 5 L - Ksenonkuningas","isPartOf":{"@id":"https:\/\/xenonkungen.com\/#website"},"primaryImageOfPage":{"@id":"https:\/\/xenonkungen.com\/produkt\/tershine-apc-allrengoring-5-l\/#primaryimage"},"image":{"@id":"https:\/\/xenonkungen.com\/produkt\/tershine-apc-allrengoring-5-l\/#primaryimage"},"thumbnailUrl":"https:\/\/xenonkungen.com\/wp-content\/uploads\/2026\/03\/bR0AfsZnqDaTL1UXku5fEvuPWvI92XyEGY1LPuxz.webp","datePublished":"2026-03-13T14:43:24+00:00","dateModified":"2026-04-24T16:47:04+00:00","breadcrumb":{"@id":"https:\/\/xenonkungen.com\/produkt\/tershine-apc-allrengoring-5-l\/#breadcrumb"},"inLanguage":"fi","potentialAction":[{"@type":"ReadAction","target":["https:\/\/xenonkungen.com\/produkt\/tershine-apc-allrengoring-5-l\/"]}]},{"@type":"ImageObject","inLanguage":"fi","@id":"https:\/\/xenonkungen.com\/produkt\/tershine-apc-allrengoring-5-l\/#primaryimage","url":"https:\/\/xenonkungen.com\/wp-content\/uploads\/2026\/03\/bR0AfsZnqDaTL1UXku5fEvuPWvI92XyEGY1LPuxz.webp","contentUrl":"https:\/\/xenonkungen.com\/wp-content\/uploads\/2026\/03\/bR0AfsZnqDaTL1UXku5fEvuPWvI92XyEGY1LPuxz.webp","width":1024,"height":1024},{"@type":"BreadcrumbList","@id":"https:\/\/xenonkungen.com\/produkt\/tershine-apc-allrengoring-5-l\/#breadcrumb","itemListElement":[{"@type":"ListItem","position":1,"name":"Hem","item":"https:\/\/xenonkungen.com\/"},{"@type":"ListItem","position":2,"name":"Shop","item":"https:\/\/xenonkungen.com\/shop\/"},{"@type":"ListItem","position":3,"name":"Tershine APC &#8211; Allreng\u00f6ring 5 L"}]},{"@type":"WebSite","@id":"https:\/\/xenonkungen.com\/#website","url":"https:\/\/xenonkungen.com\/","name":"Xenonkungen","description":"","potentialAction":[{"@type":"SearchAction","target":{"@type":"EntryPoint","urlTemplate":"https:\/\/xenonkungen.com\/?s={search_term_string}"},"query-input":{"@type":"PropertyValueSpecification","valueRequired":true,"valueName":"search_term_string"}}],"inLanguage":"fi"}]}},"taxonomy_info":{"product_brand":[{"value":2893,"label":"Tershine"}],"product_cat":[{"value":2988,"label":"1 | Biltv\u00e4tt"},{"value":378,"label":"Bilv\u00e5rd"}]},"featured_image_src_large":["https:\/\/xenonkungen.com\/wp-content\/uploads\/2026\/03\/bR0AfsZnqDaTL1UXku5fEvuPWvI92XyEGY1LPuxz.webp",1024,1024,false],"author_info":[],"comment_info":0,"_links":{"self":[{"href":"https:\/\/xenonkungen.com\/fi\/wp-json\/wp\/v2\/product\/27727","targetHints":{"allow":["GET"]}}],"collection":[{"href":"https:\/\/xenonkungen.com\/fi\/wp-json\/wp\/v2\/product"}],"about":[{"href":"https:\/\/xenonkungen.com\/fi\/wp-json\/wp\/v2\/types\/product"}],"replies":[{"embeddable":true,"href":"https:\/\/xenonkungen.com\/fi\/wp-json\/wp\/v2\/comments?post=27727"}],"wp:featuredmedia":[{"embeddable":true,"href":"https:\/\/xenonkungen.com\/fi\/wp-json\/wp\/v2\/media\/27730"}],"wp:attachment":[{"href":"https:\/\/xenonkungen.com\/fi\/wp-json\/wp\/v2\/media?parent=27727"}],"wp:term":[{"taxonomy":"anvandningsomrade","embeddable":true,"href":"https:\/\/xenonkungen.com\/fi\/wp-json\/wp\/v2\/anvandningsomrade?post=27727"},{"taxonomy":"bilmarken","embeddable":true,"href":"https:\/\/xenonkungen.com\/fi\/wp-json\/wp\/v2\/bilmarken?post=27727"},{"taxonomy":"product_brand","embeddable":true,"href":"https:\/\/xenonkungen.com\/fi\/wp-json\/wp\/v2\/product_brand?post=27727"},{"taxonomy":"product_cat","embeddable":true,"href":"https:\/\/xenonkungen.com\/fi\/wp-json\/wp\/v2\/product_cat?post=27727"},{"taxonomy":"product_tag","embeddable":true,"href":"https:\/\/xenonkungen.com\/fi\/wp-json\/wp\/v2\/product_tag?post=27727"}],"curies":[{"name":"wp","href":"https:\/\/api.w.org\/{rel}","templated":true}]}}