{"id":27741,"date":"2026-03-13T15:56:04","date_gmt":"2026-03-13T14:56:04","guid":{"rendered":"https:\/\/xenonkungen.com\/?post_type=product&#038;p=27741"},"modified":"2026-05-12T14:57:37","modified_gmt":"2026-05-12T13:57:37","slug":"tershine-apex-kiillonvahvistin-500-ml","status":"publish","type":"product","link":"https:\/\/xenonkungen.com\/fi\/tuote\/tershine-apex-kiillonvahvistin-500-ml\/","title":{"rendered":"Tershine Apex+ \u2013 Kiiltotehoste 500 ml"},"content":{"rendered":"<p>Pikapuhdistusaine, joka antaa maalipinnalle upean kiillon ja yll\u00e4pit\u00e4\u00e4 pintaa. T\u00e4ydellinen kuivumisen apuna jokaisessa pesussa! Puhdistaa pinnan ja antaa samalla uskomattoman hyv\u00e4n kiillon! Sis\u00e4lt\u00e4\u00e4 etikkahappoa, joka auttaa liuottamaan kylm\u00e4pisteit\u00e4 ja muita ep\u00e4puhtauksia, jotka voivat tarttua maaliin.<\/p>\n<p><strong>Julma kuin kuivausteline<br \/>\nAntaa valtavan kiillon<br \/>\nLaimennettavissa tarpeen mukaan<br \/>\nPuhdista maalipinta<br \/>\nArmoton kalkkikertymi\u00e4 vastaan<br \/>\nEritt\u00e4in karkea<br \/>\nToimii yht\u00e4 hyvin sek\u00e4 kuivalla ett\u00e4 m\u00e4r\u00e4ll\u00e4 maalilla<br \/>\nSopii useimmille materiaaleille, kuten maalille, muoville ja lasille<br \/>\nVoidaan k\u00e4ytt\u00e4\u00e4 kaikentyyppisille maalipinnoille<br \/>\nAntistaattinen<br \/>\nTuotetta ei ole luokiteltu merkitt\u00e4v\u00e4ksi CLP-asetuksen (EY) 1272\/2008 mukaisesti.<\/strong><\/p>\n<p>&nbsp;<\/p>\n<p class=\"p1\"><b>K\u00e4ytt\u00f6ohjeet:<\/b><\/p>\n<div data-pm-slice=\"2 2 []\">\n<p><strong>1.<\/strong><span class=\"Apple-converted-space\">\u00a0<\/span>Pese autosi Purify\/S \u2013 autoshampoolla<span class=\"Apple-converted-space\"><br \/>\n<\/span><strong>2.<\/strong><span class=\"Apple-converted-space\">\u00a0<\/span>Levit\u00e4 kuivalle tai m\u00e4r\u00e4lle pinnalle, joko suoraan maalipinnalle tai mikrokuituliinan p\u00e4\u00e4lle.<br \/>\n<strong>3.<\/strong><span class=\"Apple-converted-space\">\u00a0<\/span>Kiillota kuivalla, puhtaalla liinalla.<span class=\"Apple-converted-space\"><br \/>\n<\/span><strong>4.<\/strong><span class=\"Apple-converted-space\">\u00a0<\/span>Astu taaksep\u00e4in ja koe Apex+:n tuottama uskomaton l\u00e4mp\u00f6 ja &quot;3D-tunne&quot;!<span class=\"Apple-converted-space\"><br \/>\n<\/span><strong>5.<\/strong><span class=\"Apple-converted-space\">\u00a0<\/span>Olkoon kiilto kanssasi!<\/p>\n<p><strong>Jos k\u00e4yt\u00e4t sit\u00e4 kuivalle kiillotusaineelle, voit laimentaa sit\u00e4 vedell\u00e4 tai k\u00e4ytt\u00e4\u00e4 sit\u00e4 suoraan liinalle. Se on eritt\u00e4in paksua ja v\u00e4hemm\u00e4n on enemm\u00e4n! Joten yksi tai kaksi suihkausta liinalle, levit\u00e4 ja kiillota.<\/strong><\/p>\n<p><strong>Apex+ on nopea yksityiskohtien havaitseja<\/strong><span style=\"color: #000000;\">\u00a0...joka antaa todella hyv\u00e4n kiillon! Kehitetty kuivumisen apuaineeksi, suihkuta m\u00e4r\u00e4lle maalille ja pyyhi helposti pois. Se luo uskomattoman l\u00e4mm\u00f6n ja syvyyden kaikentyyppisille maaleille, mutta erityisesti Refract \u2013 Ceramic Spray Paint Protectionin tai Magnify \u2013 Coatingin p\u00e4\u00e4lle levitettyn\u00e4 se her\u00e4\u00e4 eloon! Toimii kaikenlaisten olemassa olevien suojausten kanssa ja tietenkin my\u00f6s itsen\u00e4isen\u00e4 tuotteena. Mutta voit vapaasti yhdist\u00e4\u00e4 t\u00e4m\u00e4n mihin tahansa yll\u00e4 mainituista tuotteista, ja kiilt\u00e4v\u00e4 pintasi nousee uudelle tasolle.<\/span><\/p>\n<p><strong>Sinun t\u00e4ytyy kokeilla sit\u00e4 kuivausapuna!<\/strong><\/p>\n<p><strong>Mit\u00e4 on kuivuustuki?<\/strong><\/p>\n<p><span style=\"color: #000000; font-family: BlinkMacSystemFont, -apple-system, Segoe UI, Roboto, Oxygen, Ubuntu, Cantarell, Fira Sans, Droid Sans, Helvetica Neue, Helvetica, Arial, sans-serif;\">Kuivausapu tarkoittaa, ett\u00e4 kun olet pessyt auton shampoolla ja se alkaa juuri kuivua, levit\u00e4t Apex+ \u2013 Gloss Boosteria joko suoraan maalipinnalle tai kuivausliinaan ja levit\u00e4t sen pinnalle. Auttaa tehostamaan maalipintaa, voitelee pintaa minimoimalla naarmuuntumisriskin ja luo uskomattoman kauniin kiillon.<\/span><\/p>\n<p><strong>Ammattilaisen vinkki:<\/strong>\u00a0Kaada tilkka shampoota autosi shampoo\u00e4mp\u00e4riin saadaksesi lis\u00e4tehoa puhdistukseen ja kiillon!<\/p>\n<p>Eritt\u00e4in monipuolinen ja sopii useimmille materiaaleille.<\/p>\n<p><span style=\"color: #363636;\"><b>Tuoksu: Mango\/Sitruuna<\/b><\/span><\/p>\n<\/div>","protected":false},"excerpt":{"rendered":"<p>Apex+ \u2013 Gloss Booster on pikapuhdistusaine, joka on suunniteltu maksimoimaan ajoneuvosi maalipinnan kiilto. Se lis\u00e4\u00e4 uskomatonta syvyytt\u00e4 ja l\u00e4mp\u00f6\u00e4 kaikentyyppisiin maaleihin ja toimii erinomaisesti kuivumisen apuna jokaisen pesun j\u00e4lkeen.<\/p>","protected":false},"featured_media":27742,"comment_status":"open","ping_status":"closed","template":"","meta":{"_acf_changed":false,"_smort_price_nok":"","_smort_price_dkk":"","_smort_price_eur":"","_smort_sale_price_nok":"","_smort_sale_price_dkk":"","_smort_sale_price_eur":"","smort_restorder":"","shipmondo_restorder":"","_kad_blocks_custom_css":"","_kad_blocks_head_custom_js":"","_kad_blocks_body_custom_js":"","_kad_blocks_footer_custom_js":"","smort_custom_pricelist_1":"159.36","smort_custom_pricelist_2":"159.36","smort_custom_pricelist_3":"159.36","smort_custom_pricelist_4":"199.2","smort_custom_pricelist_5":"159.36"},"anvandningsomrade":[],"bilmarken":[],"product_brand":[2893],"product_cat":[2988,378],"product_tag":[],"class_list":{"0":"post-27741","1":"product","2":"type-product","3":"status-publish","4":"has-post-thumbnail","6":"product_brand-tershine","7":"product_cat-biltvatt","8":"product_cat-bilvard","10":"first","11":"onbackorder","12":"taxable","13":"shipping-taxable","14":"purchasable","15":"product-type-simple"},"bundled_by":[],"bundle_stock_status":"onbackorder","bundle_stock_quantity":0,"bundle_virtual":false,"bundle_layout":"","bundle_add_to_cart_form_location":"","bundle_editable_in_cart":false,"bundle_sold_individually_context":"","bundle_item_grouping":"","bundle_min_size":"","bundle_max_size":"","bundle_price":[],"bundled_items":[],"bundle_sell_ids":[],"acf":[],"yoast_head":"<!-- This site is optimized with the Yoast SEO plugin v27.0 - https:\/\/yoast.com\/product\/yoast-seo-wordpress\/ -->\n<title>Tershine Apex+ - Gloss Booster 500 ml - Xenonkungen<\/title>\n<meta name=\"robots\" content=\"index, follow, max-snippet:-1, max-image-preview:large, max-video-preview:-1\" \/>\n<link rel=\"canonical\" href=\"https:\/\/xenonkungen.com\/fi\/tuote\/tershine-apex-kiillonvahvistin-500-ml\/\" \/>\n<meta property=\"og:locale\" content=\"fi_FI\" \/>\n<meta property=\"og:type\" content=\"article\" \/>\n<meta property=\"og:title\" content=\"Tershine Apex+ - Gloss Booster 500 ml - Xenonkungen\" \/>\n<meta property=\"og:description\" content=\"Apex+ - Gloss Booster \u00e4r en Quick Detailer, utformad f\u00f6r att maximera glansen p\u00e5 ditt fordons lack. Den ger ett otroligt djup och v\u00e4rme till alla typer av lacker och fungerar utm\u00e4rkt som torkst\u00f6d efter varje tv\u00e4tt.\" \/>\n<meta property=\"og:url\" content=\"https:\/\/xenonkungen.com\/fi\/tuote\/tershine-apex-kiillonvahvistin-500-ml\/\" \/>\n<meta property=\"og:site_name\" content=\"Xenonkungen\" \/>\n<meta property=\"article:modified_time\" content=\"2026-05-12T13:57:37+00:00\" \/>\n<meta property=\"og:image\" content=\"https:\/\/xenonkungen.com\/wp-content\/uploads\/2026\/03\/vPjhgWqVMxEyl2TfhBkfQuNRVQZCkloNYCaesW6a.webp\" \/>\n\t<meta property=\"og:image:width\" content=\"1024\" \/>\n\t<meta property=\"og:image:height\" content=\"1024\" \/>\n\t<meta property=\"og:image:type\" content=\"image\/webp\" \/>\n<meta name=\"twitter:card\" content=\"summary_large_image\" \/>\n<meta name=\"twitter:label1\" content=\"Arvioitu lukuaika\" \/>\n\t<meta name=\"twitter:data1\" content=\"3 minuuttia\" \/>\n<script type=\"application\/ld+json\" class=\"yoast-schema-graph\">{\"@context\":\"https:\/\/schema.org\",\"@graph\":[{\"@type\":\"WebPage\",\"@id\":\"https:\/\/xenonkungen.com\/produkt\/tershine-apex-gloss-booster-500-ml\/\",\"url\":\"https:\/\/xenonkungen.com\/produkt\/tershine-apex-gloss-booster-500-ml\/\",\"name\":\"Tershine Apex+ - Gloss Booster 500 ml - Xenonkungen\",\"isPartOf\":{\"@id\":\"https:\/\/xenonkungen.com\/#website\"},\"primaryImageOfPage\":{\"@id\":\"https:\/\/xenonkungen.com\/produkt\/tershine-apex-gloss-booster-500-ml\/#primaryimage\"},\"image\":{\"@id\":\"https:\/\/xenonkungen.com\/produkt\/tershine-apex-gloss-booster-500-ml\/#primaryimage\"},\"thumbnailUrl\":\"https:\/\/xenonkungen.com\/wp-content\/uploads\/2026\/03\/vPjhgWqVMxEyl2TfhBkfQuNRVQZCkloNYCaesW6a.webp\",\"datePublished\":\"2026-03-13T14:56:04+00:00\",\"dateModified\":\"2026-05-12T13:57:37+00:00\",\"breadcrumb\":{\"@id\":\"https:\/\/xenonkungen.com\/produkt\/tershine-apex-gloss-booster-500-ml\/#breadcrumb\"},\"inLanguage\":\"fi\",\"potentialAction\":[{\"@type\":\"ReadAction\",\"target\":[\"https:\/\/xenonkungen.com\/produkt\/tershine-apex-gloss-booster-500-ml\/\"]}]},{\"@type\":\"ImageObject\",\"inLanguage\":\"fi\",\"@id\":\"https:\/\/xenonkungen.com\/produkt\/tershine-apex-gloss-booster-500-ml\/#primaryimage\",\"url\":\"https:\/\/xenonkungen.com\/wp-content\/uploads\/2026\/03\/vPjhgWqVMxEyl2TfhBkfQuNRVQZCkloNYCaesW6a.webp\",\"contentUrl\":\"https:\/\/xenonkungen.com\/wp-content\/uploads\/2026\/03\/vPjhgWqVMxEyl2TfhBkfQuNRVQZCkloNYCaesW6a.webp\",\"width\":1024,\"height\":1024},{\"@type\":\"BreadcrumbList\",\"@id\":\"https:\/\/xenonkungen.com\/produkt\/tershine-apex-gloss-booster-500-ml\/#breadcrumb\",\"itemListElement\":[{\"@type\":\"ListItem\",\"position\":1,\"name\":\"Hem\",\"item\":\"https:\/\/xenonkungen.com\/\"},{\"@type\":\"ListItem\",\"position\":2,\"name\":\"Shop\",\"item\":\"https:\/\/xenonkungen.com\/shop\/\"},{\"@type\":\"ListItem\",\"position\":3,\"name\":\"Tershine Apex+ &#8211; Gloss Booster 500 ml\"}]},{\"@type\":\"WebSite\",\"@id\":\"https:\/\/xenonkungen.com\/#website\",\"url\":\"https:\/\/xenonkungen.com\/\",\"name\":\"Xenonkungen\",\"description\":\"\",\"potentialAction\":[{\"@type\":\"SearchAction\",\"target\":{\"@type\":\"EntryPoint\",\"urlTemplate\":\"https:\/\/xenonkungen.com\/?s={search_term_string}\"},\"query-input\":{\"@type\":\"PropertyValueSpecification\",\"valueRequired\":true,\"valueName\":\"search_term_string\"}}],\"inLanguage\":\"fi\"}]}<\/script>\n<!-- \/ Yoast SEO plugin. -->","yoast_head_json":{"title":"Tershine Apex+ - Kiiltotehoste 500 ml - The Xenon King","robots":{"index":"index","follow":"follow","max-snippet":"max-snippet:-1","max-image-preview":"max-image-preview:large","max-video-preview":"max-video-preview:-1"},"canonical":"https:\/\/xenonkungen.com\/fi\/tuote\/tershine-apex-kiillonvahvistin-500-ml\/","og_locale":"fi_FI","og_type":"article","og_title":"Tershine Apex+ - Gloss Booster 500 ml - Xenonkungen","og_description":"Apex+ - Gloss Booster \u00e4r en Quick Detailer, utformad f\u00f6r att maximera glansen p\u00e5 ditt fordons lack. Den ger ett otroligt djup och v\u00e4rme till alla typer av lacker och fungerar utm\u00e4rkt som torkst\u00f6d efter varje tv\u00e4tt.","og_url":"https:\/\/xenonkungen.com\/fi\/tuote\/tershine-apex-kiillonvahvistin-500-ml\/","og_site_name":"Xenonkungen","article_modified_time":"2026-05-12T13:57:37+00:00","og_image":[{"width":1024,"height":1024,"url":"https:\/\/xenonkungen.com\/wp-content\/uploads\/2026\/03\/vPjhgWqVMxEyl2TfhBkfQuNRVQZCkloNYCaesW6a.webp","type":"image\/webp"}],"twitter_card":"summary_large_image","twitter_misc":{"Arvioitu lukuaika":"3 minuuttia"},"schema":{"@context":"https:\/\/schema.org","@graph":[{"@type":"WebPage","@id":"https:\/\/xenonkungen.com\/produkt\/tershine-apex-gloss-booster-500-ml\/","url":"https:\/\/xenonkungen.com\/produkt\/tershine-apex-gloss-booster-500-ml\/","name":"Tershine Apex+ - Kiiltotehoste 500 ml - The Xenon King","isPartOf":{"@id":"https:\/\/xenonkungen.com\/#website"},"primaryImageOfPage":{"@id":"https:\/\/xenonkungen.com\/produkt\/tershine-apex-gloss-booster-500-ml\/#primaryimage"},"image":{"@id":"https:\/\/xenonkungen.com\/produkt\/tershine-apex-gloss-booster-500-ml\/#primaryimage"},"thumbnailUrl":"https:\/\/xenonkungen.com\/wp-content\/uploads\/2026\/03\/vPjhgWqVMxEyl2TfhBkfQuNRVQZCkloNYCaesW6a.webp","datePublished":"2026-03-13T14:56:04+00:00","dateModified":"2026-05-12T13:57:37+00:00","breadcrumb":{"@id":"https:\/\/xenonkungen.com\/produkt\/tershine-apex-gloss-booster-500-ml\/#breadcrumb"},"inLanguage":"fi","potentialAction":[{"@type":"ReadAction","target":["https:\/\/xenonkungen.com\/produkt\/tershine-apex-gloss-booster-500-ml\/"]}]},{"@type":"ImageObject","inLanguage":"fi","@id":"https:\/\/xenonkungen.com\/produkt\/tershine-apex-gloss-booster-500-ml\/#primaryimage","url":"https:\/\/xenonkungen.com\/wp-content\/uploads\/2026\/03\/vPjhgWqVMxEyl2TfhBkfQuNRVQZCkloNYCaesW6a.webp","contentUrl":"https:\/\/xenonkungen.com\/wp-content\/uploads\/2026\/03\/vPjhgWqVMxEyl2TfhBkfQuNRVQZCkloNYCaesW6a.webp","width":1024,"height":1024},{"@type":"BreadcrumbList","@id":"https:\/\/xenonkungen.com\/produkt\/tershine-apex-gloss-booster-500-ml\/#breadcrumb","itemListElement":[{"@type":"ListItem","position":1,"name":"Hem","item":"https:\/\/xenonkungen.com\/"},{"@type":"ListItem","position":2,"name":"Shop","item":"https:\/\/xenonkungen.com\/shop\/"},{"@type":"ListItem","position":3,"name":"Tershine Apex+ &#8211; Gloss Booster 500 ml"}]},{"@type":"WebSite","@id":"https:\/\/xenonkungen.com\/#website","url":"https:\/\/xenonkungen.com\/","name":"Xenonkungen","description":"","potentialAction":[{"@type":"SearchAction","target":{"@type":"EntryPoint","urlTemplate":"https:\/\/xenonkungen.com\/?s={search_term_string}"},"query-input":{"@type":"PropertyValueSpecification","valueRequired":true,"valueName":"search_term_string"}}],"inLanguage":"fi"}]}},"taxonomy_info":{"product_brand":[{"value":2893,"label":"Tershine"}],"product_cat":[{"value":2988,"label":"1 | Biltv\u00e4tt"},{"value":378,"label":"Bilv\u00e5rd"}]},"featured_image_src_large":["https:\/\/xenonkungen.com\/wp-content\/uploads\/2026\/03\/vPjhgWqVMxEyl2TfhBkfQuNRVQZCkloNYCaesW6a.webp",1024,1024,false],"author_info":[],"comment_info":0,"_links":{"self":[{"href":"https:\/\/xenonkungen.com\/fi\/wp-json\/wp\/v2\/product\/27741","targetHints":{"allow":["GET"]}}],"collection":[{"href":"https:\/\/xenonkungen.com\/fi\/wp-json\/wp\/v2\/product"}],"about":[{"href":"https:\/\/xenonkungen.com\/fi\/wp-json\/wp\/v2\/types\/product"}],"replies":[{"embeddable":true,"href":"https:\/\/xenonkungen.com\/fi\/wp-json\/wp\/v2\/comments?post=27741"}],"wp:featuredmedia":[{"embeddable":true,"href":"https:\/\/xenonkungen.com\/fi\/wp-json\/wp\/v2\/media\/27742"}],"wp:attachment":[{"href":"https:\/\/xenonkungen.com\/fi\/wp-json\/wp\/v2\/media?parent=27741"}],"wp:term":[{"taxonomy":"anvandningsomrade","embeddable":true,"href":"https:\/\/xenonkungen.com\/fi\/wp-json\/wp\/v2\/anvandningsomrade?post=27741"},{"taxonomy":"bilmarken","embeddable":true,"href":"https:\/\/xenonkungen.com\/fi\/wp-json\/wp\/v2\/bilmarken?post=27741"},{"taxonomy":"product_brand","embeddable":true,"href":"https:\/\/xenonkungen.com\/fi\/wp-json\/wp\/v2\/product_brand?post=27741"},{"taxonomy":"product_cat","embeddable":true,"href":"https:\/\/xenonkungen.com\/fi\/wp-json\/wp\/v2\/product_cat?post=27741"},{"taxonomy":"product_tag","embeddable":true,"href":"https:\/\/xenonkungen.com\/fi\/wp-json\/wp\/v2\/product_tag?post=27741"}],"curies":[{"name":"wp","href":"https:\/\/api.w.org\/{rel}","templated":true}]}}