{"id":27748,"date":"2026-03-13T16:04:24","date_gmt":"2026-03-13T15:04:24","guid":{"rendered":"https:\/\/xenonkungen.com\/?post_type=product&#038;p=27748"},"modified":"2026-05-12T14:29:18","modified_gmt":"2026-05-12T13:29:18","slug":"tershine-applikaattori","status":"publish","type":"product","link":"https:\/\/xenonkungen.com\/fi\/tuote\/tershine-applikaattori\/","title":{"rendered":"Tershine-levitin"},"content":{"rendered":"<p>Todella pehme\u00e4t renkaat ja laadukas muovinen applikaattori. Hieman paksumpi, joten k\u00e4si\u00e4 ei tarvitse liata, ja se peitt\u00e4\u00e4 hyvin my\u00f6s suuremmissa ajoneuvoissa, kuten kuorma-autoissa, py\u00f6r\u00e4kuormaajissa jne. Pakollinen yhdess\u00e4 Refined - Rubber &amp; Trim -lakan kanssa. Voidaan leikata saksilla, jos haluat pienemm\u00e4n.<\/p>","protected":false},"excerpt":{"rendered":"<p>Todella pehme\u00e4t renkaat ja laadukas muovinen applikaattori. Hieman paksumpi, joten k\u00e4si\u00e4 ei tarvitse liata, ja se peitt\u00e4\u00e4 hyvin my\u00f6s suuremmissa ajoneuvoissa, kuten kuorma-autoissa, py\u00f6r\u00e4kuormaajissa jne. Pakollinen yhdess\u00e4 Refined - Rubber &amp; Trim -lakan kanssa. Voidaan leikata saksilla, jos haluat pienemm\u00e4n.<\/p>","protected":false},"featured_media":27751,"comment_status":"open","ping_status":"closed","template":"","meta":{"_acf_changed":false,"_smort_price_nok":"","_smort_price_dkk":"","_smort_price_eur":"","_smort_sale_price_nok":"","_smort_sale_price_dkk":"","_smort_sale_price_eur":"","smort_restorder":"","shipmondo_restorder":"","_kad_blocks_custom_css":"","_kad_blocks_head_custom_js":"","_kad_blocks_body_custom_js":"","_kad_blocks_footer_custom_js":"","smort_custom_pricelist_1":"31.36","smort_custom_pricelist_2":"31.36","smort_custom_pricelist_3":"31.36","smort_custom_pricelist_4":"39.2","smort_custom_pricelist_5":"31.36"},"anvandningsomrade":[],"bilmarken":[],"product_brand":[2893],"product_cat":[2988,2450,378],"product_tag":[],"class_list":{"0":"post-27748","1":"product","2":"type-product","3":"status-publish","4":"has-post-thumbnail","6":"product_brand-tershine","7":"product_cat-biltvatt","8":"product_cat-tillbehor-bilvard","9":"product_cat-bilvard","11":"first","12":"onbackorder","13":"taxable","14":"shipping-taxable","15":"purchasable","16":"product-type-simple"},"bundled_by":[],"bundle_stock_status":"onbackorder","bundle_stock_quantity":0,"bundle_virtual":false,"bundle_layout":"","bundle_add_to_cart_form_location":"","bundle_editable_in_cart":false,"bundle_sold_individually_context":"","bundle_item_grouping":"","bundle_min_size":"","bundle_max_size":"","bundle_price":[],"bundled_items":[],"bundle_sell_ids":[],"acf":[],"yoast_head":"<!-- This site is optimized with the Yoast SEO plugin v27.0 - https:\/\/yoast.com\/product\/yoast-seo-wordpress\/ -->\n<title>Tershine Applikator - Xenonkungen<\/title>\n<meta name=\"robots\" content=\"index, follow, max-snippet:-1, max-image-preview:large, max-video-preview:-1\" \/>\n<link rel=\"canonical\" href=\"https:\/\/xenonkungen.com\/fi\/tuote\/tershine-applikaattori\/\" \/>\n<meta property=\"og:locale\" content=\"fi_FI\" \/>\n<meta property=\"og:type\" content=\"article\" \/>\n<meta property=\"og:title\" content=\"Tershine Applikator - Xenonkungen\" \/>\n<meta property=\"og:description\" content=\"Riktigt smutt d\u00e4ck och plast-applikator av bra kvalitet. Lite tjockare s\u00e5 man slipper gegga ned h\u00e4nderna samt att den t\u00e4cker bra \u00e4ven p\u00e5 st\u00f6rre fordon s\u00e5 som lastbilar, hjullastare mm. Ett m\u00e5ste tillsammans med Refined &#8211; Rubber &amp; Trim. G\u00e5r galant att klippa med en sax om man vill ha den mindre.\" \/>\n<meta property=\"og:url\" content=\"https:\/\/xenonkungen.com\/fi\/tuote\/tershine-applikaattori\/\" \/>\n<meta property=\"og:site_name\" content=\"Xenonkungen\" \/>\n<meta property=\"article:modified_time\" content=\"2026-05-12T13:29:18+00:00\" \/>\n<meta property=\"og:image\" content=\"https:\/\/xenonkungen.com\/wp-content\/uploads\/2026\/03\/4FqOXgRV4l34BPe4tTw2gjLpLEIJ7BPfvr6a5Ssz.webp\" \/>\n\t<meta property=\"og:image:width\" content=\"1024\" \/>\n\t<meta property=\"og:image:height\" content=\"1024\" \/>\n\t<meta property=\"og:image:type\" content=\"image\/webp\" \/>\n<meta name=\"twitter:card\" content=\"summary_large_image\" \/>\n<meta name=\"twitter:label1\" content=\"Arvioitu lukuaika\" \/>\n\t<meta name=\"twitter:data1\" content=\"1 minuutti\" \/>\n<script type=\"application\/ld+json\" class=\"yoast-schema-graph\">{\"@context\":\"https:\/\/schema.org\",\"@graph\":[{\"@type\":\"WebPage\",\"@id\":\"https:\/\/xenonkungen.com\/produkt\/tershine-applikator\/\",\"url\":\"https:\/\/xenonkungen.com\/produkt\/tershine-applikator\/\",\"name\":\"Tershine Applikator - Xenonkungen\",\"isPartOf\":{\"@id\":\"https:\/\/xenonkungen.com\/#website\"},\"primaryImageOfPage\":{\"@id\":\"https:\/\/xenonkungen.com\/produkt\/tershine-applikator\/#primaryimage\"},\"image\":{\"@id\":\"https:\/\/xenonkungen.com\/produkt\/tershine-applikator\/#primaryimage\"},\"thumbnailUrl\":\"https:\/\/xenonkungen.com\/wp-content\/uploads\/2026\/03\/4FqOXgRV4l34BPe4tTw2gjLpLEIJ7BPfvr6a5Ssz.webp\",\"datePublished\":\"2026-03-13T15:04:24+00:00\",\"dateModified\":\"2026-05-12T13:29:18+00:00\",\"breadcrumb\":{\"@id\":\"https:\/\/xenonkungen.com\/produkt\/tershine-applikator\/#breadcrumb\"},\"inLanguage\":\"fi\",\"potentialAction\":[{\"@type\":\"ReadAction\",\"target\":[\"https:\/\/xenonkungen.com\/produkt\/tershine-applikator\/\"]}]},{\"@type\":\"ImageObject\",\"inLanguage\":\"fi\",\"@id\":\"https:\/\/xenonkungen.com\/produkt\/tershine-applikator\/#primaryimage\",\"url\":\"https:\/\/xenonkungen.com\/wp-content\/uploads\/2026\/03\/4FqOXgRV4l34BPe4tTw2gjLpLEIJ7BPfvr6a5Ssz.webp\",\"contentUrl\":\"https:\/\/xenonkungen.com\/wp-content\/uploads\/2026\/03\/4FqOXgRV4l34BPe4tTw2gjLpLEIJ7BPfvr6a5Ssz.webp\",\"width\":1024,\"height\":1024},{\"@type\":\"BreadcrumbList\",\"@id\":\"https:\/\/xenonkungen.com\/produkt\/tershine-applikator\/#breadcrumb\",\"itemListElement\":[{\"@type\":\"ListItem\",\"position\":1,\"name\":\"Hem\",\"item\":\"https:\/\/xenonkungen.com\/\"},{\"@type\":\"ListItem\",\"position\":2,\"name\":\"Shop\",\"item\":\"https:\/\/xenonkungen.com\/shop\/\"},{\"@type\":\"ListItem\",\"position\":3,\"name\":\"Tershine Applikator\"}]},{\"@type\":\"WebSite\",\"@id\":\"https:\/\/xenonkungen.com\/#website\",\"url\":\"https:\/\/xenonkungen.com\/\",\"name\":\"Xenonkungen\",\"description\":\"\",\"potentialAction\":[{\"@type\":\"SearchAction\",\"target\":{\"@type\":\"EntryPoint\",\"urlTemplate\":\"https:\/\/xenonkungen.com\/?s={search_term_string}\"},\"query-input\":{\"@type\":\"PropertyValueSpecification\",\"valueRequired\":true,\"valueName\":\"search_term_string\"}}],\"inLanguage\":\"fi\"}]}<\/script>\n<!-- \/ Yoast SEO plugin. -->","yoast_head_json":{"title":"Tershine-levitin - Xenon King","robots":{"index":"index","follow":"follow","max-snippet":"max-snippet:-1","max-image-preview":"max-image-preview:large","max-video-preview":"max-video-preview:-1"},"canonical":"https:\/\/xenonkungen.com\/fi\/tuote\/tershine-applikaattori\/","og_locale":"fi_FI","og_type":"article","og_title":"Tershine Applikator - Xenonkungen","og_description":"Riktigt smutt d\u00e4ck och plast-applikator av bra kvalitet. Lite tjockare s\u00e5 man slipper gegga ned h\u00e4nderna samt att den t\u00e4cker bra \u00e4ven p\u00e5 st\u00f6rre fordon s\u00e5 som lastbilar, hjullastare mm. Ett m\u00e5ste tillsammans med Refined &#8211; Rubber &amp; Trim. G\u00e5r galant att klippa med en sax om man vill ha den mindre.","og_url":"https:\/\/xenonkungen.com\/fi\/tuote\/tershine-applikaattori\/","og_site_name":"Xenonkungen","article_modified_time":"2026-05-12T13:29:18+00:00","og_image":[{"width":1024,"height":1024,"url":"https:\/\/xenonkungen.com\/wp-content\/uploads\/2026\/03\/4FqOXgRV4l34BPe4tTw2gjLpLEIJ7BPfvr6a5Ssz.webp","type":"image\/webp"}],"twitter_card":"summary_large_image","twitter_misc":{"Arvioitu lukuaika":"1 minuutti"},"schema":{"@context":"https:\/\/schema.org","@graph":[{"@type":"WebPage","@id":"https:\/\/xenonkungen.com\/produkt\/tershine-applikator\/","url":"https:\/\/xenonkungen.com\/produkt\/tershine-applikator\/","name":"Tershine-levitin - Xenon King","isPartOf":{"@id":"https:\/\/xenonkungen.com\/#website"},"primaryImageOfPage":{"@id":"https:\/\/xenonkungen.com\/produkt\/tershine-applikator\/#primaryimage"},"image":{"@id":"https:\/\/xenonkungen.com\/produkt\/tershine-applikator\/#primaryimage"},"thumbnailUrl":"https:\/\/xenonkungen.com\/wp-content\/uploads\/2026\/03\/4FqOXgRV4l34BPe4tTw2gjLpLEIJ7BPfvr6a5Ssz.webp","datePublished":"2026-03-13T15:04:24+00:00","dateModified":"2026-05-12T13:29:18+00:00","breadcrumb":{"@id":"https:\/\/xenonkungen.com\/produkt\/tershine-applikator\/#breadcrumb"},"inLanguage":"fi","potentialAction":[{"@type":"ReadAction","target":["https:\/\/xenonkungen.com\/produkt\/tershine-applikator\/"]}]},{"@type":"ImageObject","inLanguage":"fi","@id":"https:\/\/xenonkungen.com\/produkt\/tershine-applikator\/#primaryimage","url":"https:\/\/xenonkungen.com\/wp-content\/uploads\/2026\/03\/4FqOXgRV4l34BPe4tTw2gjLpLEIJ7BPfvr6a5Ssz.webp","contentUrl":"https:\/\/xenonkungen.com\/wp-content\/uploads\/2026\/03\/4FqOXgRV4l34BPe4tTw2gjLpLEIJ7BPfvr6a5Ssz.webp","width":1024,"height":1024},{"@type":"BreadcrumbList","@id":"https:\/\/xenonkungen.com\/produkt\/tershine-applikator\/#breadcrumb","itemListElement":[{"@type":"ListItem","position":1,"name":"Hem","item":"https:\/\/xenonkungen.com\/"},{"@type":"ListItem","position":2,"name":"Shop","item":"https:\/\/xenonkungen.com\/shop\/"},{"@type":"ListItem","position":3,"name":"Tershine Applikator"}]},{"@type":"WebSite","@id":"https:\/\/xenonkungen.com\/#website","url":"https:\/\/xenonkungen.com\/","name":"Xenonkungen","description":"","potentialAction":[{"@type":"SearchAction","target":{"@type":"EntryPoint","urlTemplate":"https:\/\/xenonkungen.com\/?s={search_term_string}"},"query-input":{"@type":"PropertyValueSpecification","valueRequired":true,"valueName":"search_term_string"}}],"inLanguage":"fi"}]}},"taxonomy_info":{"product_brand":[{"value":2893,"label":"Tershine"}],"product_cat":[{"value":2988,"label":"1 | Biltv\u00e4tt"},{"value":2450,"label":"6 | Tillbeh\u00f6r"},{"value":378,"label":"Bilv\u00e5rd"}]},"featured_image_src_large":["https:\/\/xenonkungen.com\/wp-content\/uploads\/2026\/03\/4FqOXgRV4l34BPe4tTw2gjLpLEIJ7BPfvr6a5Ssz.webp",1024,1024,false],"author_info":[],"comment_info":0,"_links":{"self":[{"href":"https:\/\/xenonkungen.com\/fi\/wp-json\/wp\/v2\/product\/27748","targetHints":{"allow":["GET"]}}],"collection":[{"href":"https:\/\/xenonkungen.com\/fi\/wp-json\/wp\/v2\/product"}],"about":[{"href":"https:\/\/xenonkungen.com\/fi\/wp-json\/wp\/v2\/types\/product"}],"replies":[{"embeddable":true,"href":"https:\/\/xenonkungen.com\/fi\/wp-json\/wp\/v2\/comments?post=27748"}],"wp:featuredmedia":[{"embeddable":true,"href":"https:\/\/xenonkungen.com\/fi\/wp-json\/wp\/v2\/media\/27751"}],"wp:attachment":[{"href":"https:\/\/xenonkungen.com\/fi\/wp-json\/wp\/v2\/media?parent=27748"}],"wp:term":[{"taxonomy":"anvandningsomrade","embeddable":true,"href":"https:\/\/xenonkungen.com\/fi\/wp-json\/wp\/v2\/anvandningsomrade?post=27748"},{"taxonomy":"bilmarken","embeddable":true,"href":"https:\/\/xenonkungen.com\/fi\/wp-json\/wp\/v2\/bilmarken?post=27748"},{"taxonomy":"product_brand","embeddable":true,"href":"https:\/\/xenonkungen.com\/fi\/wp-json\/wp\/v2\/product_brand?post=27748"},{"taxonomy":"product_cat","embeddable":true,"href":"https:\/\/xenonkungen.com\/fi\/wp-json\/wp\/v2\/product_cat?post=27748"},{"taxonomy":"product_tag","embeddable":true,"href":"https:\/\/xenonkungen.com\/fi\/wp-json\/wp\/v2\/product_tag?post=27748"}],"curies":[{"name":"wp","href":"https:\/\/api.w.org\/{rel}","templated":true}]}}