{"id":27824,"date":"2026-03-16T09:09:23","date_gmt":"2026-03-16T08:09:23","guid":{"rendered":"https:\/\/xenonkungen.com\/?post_type=product&#038;p=27824"},"modified":"2026-05-12T14:38:00","modified_gmt":"2026-05-12T13:38:00","slug":"tershine-dissolve-kylma-rasvanpoistoaine-5-l","status":"publish","type":"product","link":"https:\/\/xenonkungen.com\/fi\/tuote\/tershine-dissolve-kylma-rasvanpoistoaine-5-l\/","title":{"rendered":"Tershine Dissolve \u2013 Kylm\u00e4 rasvanpoistoaine 5 l"},"content":{"rendered":"<p>Kylm\u00e4 rasvanpoisto asfaltin halkeamien ja muun \u00f6ljypohjaisen lian, kuten dieselin, noen, bensiinin, rasvan, \u00f6ljyn ja liimaj\u00e4\u00e4mien, poistamiseen.<\/p>\n<p><strong>Eritt\u00e4in tehokas<br \/>\nMatala-aromaattinen, l\u00e4hes hajuton<br \/>\nHell\u00e4varainen muoville, lampuille ja kumille<br \/>\nTehokas tiesuolaa vastaan<br \/>\nPoistaa tehokkaasti talvisen lian<br \/>\nK\u00e4ytt\u00f6valmis<br \/>\nVoidaan levitt\u00e4\u00e4 m\u00e4r\u00e4lle pinnalle<br \/>\nEi sis\u00e4ll\u00e4 PFAS-yhdisteit\u00e4<\/strong><\/p>\n<p>Dissolve 5000 ml on matala-aromaattinen kylm\u00e4rasvanpoistoaine (l\u00e4hes tuoksuton), joka liuottaa tehokkaasti asfalttia, \u00f6ljy\u00e4 ja muuta \u00f6ljypohjaista likaa. Voidaan levitt\u00e4\u00e4 sek\u00e4 m\u00e4rille ett\u00e4 kuiville pinnoille. Olen valinnut miedomman (ei-syttyv\u00e4n) seoksen, joka minimoi vaurioiden tai ongelmien riskin. T\u00e4m\u00e4 tarkoittaa, ett\u00e4 se voi ja sen pit\u00e4isi pysy\u00e4 paikoillaan hieman pidemp\u00e4\u00e4n kuin monet muut. Tietenkin se on siin\u00e4 yht\u00e4 tehokas.<\/p>\n<p><strong>1.\u00a0<\/strong>Levit\u00e4 tasaisesti pinnalle (yleens\u00e4 kahvoista alasp\u00e4in)<br \/>\n<strong>2.<\/strong>\u00a0Anna sen seist\u00e4 muutama minuutti, muista, ett\u00e4 kylmemm\u00e4ll\u00e4 s\u00e4\u00e4ll\u00e4 sen tulisi seist\u00e4 huomattavasti pidemp\u00e4\u00e4n.<br \/>\n<strong>3.<\/strong>\u00a0Huuhtele alhaalta yl\u00f6s<br \/>\n<strong>4.<\/strong>\u00a0Jatka pesuprosessin seuraavaan vaiheeseen.<\/p>\n<p>Ps. Sit\u00e4 voidaan tietenkin k\u00e4ytt\u00e4\u00e4 esimerkiksi moottorinpesuun jne. Muista my\u00f6s, ett\u00e4 tuotteen tulisi antaa vaikuttaa pinnalla pidemp\u00e4\u00e4n kylmiss\u00e4 l\u00e4mp\u00f6tiloissa (jopa 15 minuuttia). Parhaan tehon saavuttamiseksi Extractia tulisi k\u00e4ytt\u00e4\u00e4 my\u00f6s Dissolve \u2013 Cold -rasvanpoistoaineen p\u00e4\u00e4ll\u00e4 vaiheen 2 j\u00e4lkeen. Extract \u2013 Alkaline -rasvanpoisto on my\u00f6s tarpeen, eli rasvanpoisto kerran vuodessa ei riit\u00e4. Jos asfalttitahroja on todella pinttyneit\u00e4, jotka eiv\u00e4t katoa, Prime \u2013 Panel Wipe on ehdoton taika niiden poistamiseen, joten kokeile sit\u00e4 valituissa paikoissa.<\/p>\n<h6>K\u00e4ytt\u00f6turvallisuustiedotteet ovat saatavilla pyynn\u00f6st\u00e4.<\/h6>\n<p><img decoding=\"async\" src=\"https:\/\/d3dnwnveix5428.cloudfront.net\/store_72f4e2a4-e492-4ff0-8f8a-c603645bdb5c\/media\/OZlcs529hYIqb5zYGL3Ariy4cKiV85SbGfjVRwnD.png\" \/><\/p>\n<h6>VAARA: Voi olla tappavaa nieltyn\u00e4 ja joutuessaan hengitysteihin.<br \/>\nToistuva kosketus voi aiheuttaa ihon kuivumista tai halkeilua.<br \/>\nJOS NIELTY: Ota v\u00e4litt\u00f6m\u00e4sti yhteytt\u00e4 MYRKYTYSTIETOKESKUKSEEN tai l\u00e4\u00e4k\u00e4riin.<br \/>\nEi saa oksennuttaa. Pid\u00e4 loitolla l\u00e4mm\u00f6st\u00e4\/kipin\u00f6ist\u00e4\/avotulesta.<br \/>\nTupakointi kielletty. S\u00e4ilyt\u00e4 lukittuna. S\u00e4ili\u00f6n sis\u00e4lt\u00f6 tulee j\u00e4tt\u00e4\u00e4<br \/>\nhyv\u00e4ksytty j\u00e4telaitos. Sis\u00e4lt\u00e4\u00e4 aromaattisia hiilivetyj\u00e4 &gt;30%.<\/h6>","protected":false},"excerpt":{"rendered":"<p>Tehokas ja k\u00e4yt\u00e4nn\u00f6ss\u00e4 hajuton kylm\u00e4rasvanpoistoaine, joka liuottaa asfaltin, tervan ja \u00f6ljyn ilman haitallisia aineita.<\/p>","protected":false},"featured_media":27825,"comment_status":"open","ping_status":"closed","template":"","meta":{"_acf_changed":false,"_smort_price_nok":"","_smort_price_dkk":"","_smort_price_eur":"","_smort_sale_price_nok":"","_smort_sale_price_dkk":"","_smort_sale_price_eur":"","smort_restorder":"","shipmondo_restorder":"","_kad_blocks_custom_css":"","_kad_blocks_head_custom_js":"","_kad_blocks_body_custom_js":"","_kad_blocks_footer_custom_js":"","smort_custom_pricelist_1":"319.36","smort_custom_pricelist_2":"319.36","smort_custom_pricelist_3":"319.36","smort_custom_pricelist_4":"399.2","smort_custom_pricelist_5":"319.36"},"anvandningsomrade":[],"bilmarken":[],"product_brand":[2893],"product_cat":[2989,378],"product_tag":[],"class_list":{"0":"post-27824","1":"product","2":"type-product","3":"status-publish","4":"has-post-thumbnail","6":"product_brand-tershine","7":"product_cat-avfettning","8":"product_cat-bilvard","10":"first","11":"onbackorder","12":"taxable","13":"shipping-taxable","14":"purchasable","15":"product-type-simple"},"bundled_by":[],"bundle_stock_status":"onbackorder","bundle_stock_quantity":0,"bundle_virtual":false,"bundle_layout":"","bundle_add_to_cart_form_location":"","bundle_editable_in_cart":false,"bundle_sold_individually_context":"","bundle_item_grouping":"","bundle_min_size":"","bundle_max_size":"","bundle_price":[],"bundled_items":[],"bundle_sell_ids":[],"acf":[],"yoast_head":"<!-- This site is optimized with the Yoast SEO plugin v27.0 - https:\/\/yoast.com\/product\/yoast-seo-wordpress\/ -->\n<title>Tershine Dissolve - Kallavfettning 5 L - Xenonkungen<\/title>\n<meta name=\"robots\" content=\"index, follow, max-snippet:-1, max-image-preview:large, max-video-preview:-1\" \/>\n<link rel=\"canonical\" href=\"https:\/\/xenonkungen.com\/fi\/tuote\/tershine-dissolve-kylma-rasvanpoistoaine-5-l\/\" \/>\n<meta property=\"og:locale\" content=\"fi_FI\" \/>\n<meta property=\"og:type\" content=\"article\" \/>\n<meta property=\"og:title\" content=\"Tershine Dissolve - Kallavfettning 5 L - Xenonkungen\" \/>\n<meta property=\"og:description\" content=\"Effektiv och n\u00e4stintill doftfri kallavfettning som l\u00f6ser asfalt, tj\u00e4ra och olja utan skadliga \u00e4mnen.\" \/>\n<meta property=\"og:url\" content=\"https:\/\/xenonkungen.com\/fi\/tuote\/tershine-dissolve-kylma-rasvanpoistoaine-5-l\/\" \/>\n<meta property=\"og:site_name\" content=\"Xenonkungen\" \/>\n<meta property=\"article:modified_time\" content=\"2026-05-12T13:38:00+00:00\" \/>\n<meta property=\"og:image\" content=\"https:\/\/xenonkungen.com\/wp-content\/uploads\/2026\/03\/FZ7sDLZry6uKKhaFVZWaKycEqnwPDuBdfx0KNOqX.webp\" \/>\n\t<meta property=\"og:image:width\" content=\"1024\" \/>\n\t<meta property=\"og:image:height\" content=\"1024\" \/>\n\t<meta property=\"og:image:type\" content=\"image\/webp\" \/>\n<meta name=\"twitter:card\" content=\"summary_large_image\" \/>\n<meta name=\"twitter:label1\" content=\"Arvioitu lukuaika\" \/>\n\t<meta name=\"twitter:data1\" content=\"2 minuuttia\" \/>\n<script type=\"application\/ld+json\" class=\"yoast-schema-graph\">{\"@context\":\"https:\/\/schema.org\",\"@graph\":[{\"@type\":\"WebPage\",\"@id\":\"https:\/\/xenonkungen.com\/produkt\/tershine-dissolve-kallavfettning-5-l\/\",\"url\":\"https:\/\/xenonkungen.com\/produkt\/tershine-dissolve-kallavfettning-5-l\/\",\"name\":\"Tershine Dissolve - Kallavfettning 5 L - Xenonkungen\",\"isPartOf\":{\"@id\":\"https:\/\/xenonkungen.com\/#website\"},\"primaryImageOfPage\":{\"@id\":\"https:\/\/xenonkungen.com\/produkt\/tershine-dissolve-kallavfettning-5-l\/#primaryimage\"},\"image\":{\"@id\":\"https:\/\/xenonkungen.com\/produkt\/tershine-dissolve-kallavfettning-5-l\/#primaryimage\"},\"thumbnailUrl\":\"https:\/\/xenonkungen.com\/wp-content\/uploads\/2026\/03\/FZ7sDLZry6uKKhaFVZWaKycEqnwPDuBdfx0KNOqX.webp\",\"datePublished\":\"2026-03-16T08:09:23+00:00\",\"dateModified\":\"2026-05-12T13:38:00+00:00\",\"breadcrumb\":{\"@id\":\"https:\/\/xenonkungen.com\/produkt\/tershine-dissolve-kallavfettning-5-l\/#breadcrumb\"},\"inLanguage\":\"fi\",\"potentialAction\":[{\"@type\":\"ReadAction\",\"target\":[\"https:\/\/xenonkungen.com\/produkt\/tershine-dissolve-kallavfettning-5-l\/\"]}]},{\"@type\":\"ImageObject\",\"inLanguage\":\"fi\",\"@id\":\"https:\/\/xenonkungen.com\/produkt\/tershine-dissolve-kallavfettning-5-l\/#primaryimage\",\"url\":\"https:\/\/xenonkungen.com\/wp-content\/uploads\/2026\/03\/FZ7sDLZry6uKKhaFVZWaKycEqnwPDuBdfx0KNOqX.webp\",\"contentUrl\":\"https:\/\/xenonkungen.com\/wp-content\/uploads\/2026\/03\/FZ7sDLZry6uKKhaFVZWaKycEqnwPDuBdfx0KNOqX.webp\",\"width\":1024,\"height\":1024},{\"@type\":\"BreadcrumbList\",\"@id\":\"https:\/\/xenonkungen.com\/produkt\/tershine-dissolve-kallavfettning-5-l\/#breadcrumb\",\"itemListElement\":[{\"@type\":\"ListItem\",\"position\":1,\"name\":\"Hem\",\"item\":\"https:\/\/xenonkungen.com\/\"},{\"@type\":\"ListItem\",\"position\":2,\"name\":\"Shop\",\"item\":\"https:\/\/xenonkungen.com\/shop\/\"},{\"@type\":\"ListItem\",\"position\":3,\"name\":\"Tershine Dissolve &#8211; Kallavfettning 5 L\"}]},{\"@type\":\"WebSite\",\"@id\":\"https:\/\/xenonkungen.com\/#website\",\"url\":\"https:\/\/xenonkungen.com\/\",\"name\":\"Xenonkungen\",\"description\":\"\",\"potentialAction\":[{\"@type\":\"SearchAction\",\"target\":{\"@type\":\"EntryPoint\",\"urlTemplate\":\"https:\/\/xenonkungen.com\/?s={search_term_string}\"},\"query-input\":{\"@type\":\"PropertyValueSpecification\",\"valueRequired\":true,\"valueName\":\"search_term_string\"}}],\"inLanguage\":\"fi\"}]}<\/script>\n<!-- \/ Yoast SEO plugin. -->","yoast_head_json":{"title":"Tershine Dissolve - Kylm\u00e4 rasvanpoistoaine 5 L - Xenonkungen","robots":{"index":"index","follow":"follow","max-snippet":"max-snippet:-1","max-image-preview":"max-image-preview:large","max-video-preview":"max-video-preview:-1"},"canonical":"https:\/\/xenonkungen.com\/fi\/tuote\/tershine-dissolve-kylma-rasvanpoistoaine-5-l\/","og_locale":"fi_FI","og_type":"article","og_title":"Tershine Dissolve - Kallavfettning 5 L - Xenonkungen","og_description":"Effektiv och n\u00e4stintill doftfri kallavfettning som l\u00f6ser asfalt, tj\u00e4ra och olja utan skadliga \u00e4mnen.","og_url":"https:\/\/xenonkungen.com\/fi\/tuote\/tershine-dissolve-kylma-rasvanpoistoaine-5-l\/","og_site_name":"Xenonkungen","article_modified_time":"2026-05-12T13:38:00+00:00","og_image":[{"width":1024,"height":1024,"url":"https:\/\/xenonkungen.com\/wp-content\/uploads\/2026\/03\/FZ7sDLZry6uKKhaFVZWaKycEqnwPDuBdfx0KNOqX.webp","type":"image\/webp"}],"twitter_card":"summary_large_image","twitter_misc":{"Arvioitu lukuaika":"2 minuuttia"},"schema":{"@context":"https:\/\/schema.org","@graph":[{"@type":"WebPage","@id":"https:\/\/xenonkungen.com\/produkt\/tershine-dissolve-kallavfettning-5-l\/","url":"https:\/\/xenonkungen.com\/produkt\/tershine-dissolve-kallavfettning-5-l\/","name":"Tershine Dissolve - Kylm\u00e4 rasvanpoistoaine 5 L - Xenonkungen","isPartOf":{"@id":"https:\/\/xenonkungen.com\/#website"},"primaryImageOfPage":{"@id":"https:\/\/xenonkungen.com\/produkt\/tershine-dissolve-kallavfettning-5-l\/#primaryimage"},"image":{"@id":"https:\/\/xenonkungen.com\/produkt\/tershine-dissolve-kallavfettning-5-l\/#primaryimage"},"thumbnailUrl":"https:\/\/xenonkungen.com\/wp-content\/uploads\/2026\/03\/FZ7sDLZry6uKKhaFVZWaKycEqnwPDuBdfx0KNOqX.webp","datePublished":"2026-03-16T08:09:23+00:00","dateModified":"2026-05-12T13:38:00+00:00","breadcrumb":{"@id":"https:\/\/xenonkungen.com\/produkt\/tershine-dissolve-kallavfettning-5-l\/#breadcrumb"},"inLanguage":"fi","potentialAction":[{"@type":"ReadAction","target":["https:\/\/xenonkungen.com\/produkt\/tershine-dissolve-kallavfettning-5-l\/"]}]},{"@type":"ImageObject","inLanguage":"fi","@id":"https:\/\/xenonkungen.com\/produkt\/tershine-dissolve-kallavfettning-5-l\/#primaryimage","url":"https:\/\/xenonkungen.com\/wp-content\/uploads\/2026\/03\/FZ7sDLZry6uKKhaFVZWaKycEqnwPDuBdfx0KNOqX.webp","contentUrl":"https:\/\/xenonkungen.com\/wp-content\/uploads\/2026\/03\/FZ7sDLZry6uKKhaFVZWaKycEqnwPDuBdfx0KNOqX.webp","width":1024,"height":1024},{"@type":"BreadcrumbList","@id":"https:\/\/xenonkungen.com\/produkt\/tershine-dissolve-kallavfettning-5-l\/#breadcrumb","itemListElement":[{"@type":"ListItem","position":1,"name":"Hem","item":"https:\/\/xenonkungen.com\/"},{"@type":"ListItem","position":2,"name":"Shop","item":"https:\/\/xenonkungen.com\/shop\/"},{"@type":"ListItem","position":3,"name":"Tershine Dissolve &#8211; Kallavfettning 5 L"}]},{"@type":"WebSite","@id":"https:\/\/xenonkungen.com\/#website","url":"https:\/\/xenonkungen.com\/","name":"Xenonkungen","description":"","potentialAction":[{"@type":"SearchAction","target":{"@type":"EntryPoint","urlTemplate":"https:\/\/xenonkungen.com\/?s={search_term_string}"},"query-input":{"@type":"PropertyValueSpecification","valueRequired":true,"valueName":"search_term_string"}}],"inLanguage":"fi"}]}},"taxonomy_info":{"product_brand":[{"value":2893,"label":"Tershine"}],"product_cat":[{"value":2989,"label":"2 | Avfettning"},{"value":378,"label":"Bilv\u00e5rd"}]},"featured_image_src_large":["https:\/\/xenonkungen.com\/wp-content\/uploads\/2026\/03\/FZ7sDLZry6uKKhaFVZWaKycEqnwPDuBdfx0KNOqX.webp",1024,1024,false],"author_info":[],"comment_info":0,"_links":{"self":[{"href":"https:\/\/xenonkungen.com\/fi\/wp-json\/wp\/v2\/product\/27824","targetHints":{"allow":["GET"]}}],"collection":[{"href":"https:\/\/xenonkungen.com\/fi\/wp-json\/wp\/v2\/product"}],"about":[{"href":"https:\/\/xenonkungen.com\/fi\/wp-json\/wp\/v2\/types\/product"}],"replies":[{"embeddable":true,"href":"https:\/\/xenonkungen.com\/fi\/wp-json\/wp\/v2\/comments?post=27824"}],"wp:featuredmedia":[{"embeddable":true,"href":"https:\/\/xenonkungen.com\/fi\/wp-json\/wp\/v2\/media\/27825"}],"wp:attachment":[{"href":"https:\/\/xenonkungen.com\/fi\/wp-json\/wp\/v2\/media?parent=27824"}],"wp:term":[{"taxonomy":"anvandningsomrade","embeddable":true,"href":"https:\/\/xenonkungen.com\/fi\/wp-json\/wp\/v2\/anvandningsomrade?post=27824"},{"taxonomy":"bilmarken","embeddable":true,"href":"https:\/\/xenonkungen.com\/fi\/wp-json\/wp\/v2\/bilmarken?post=27824"},{"taxonomy":"product_brand","embeddable":true,"href":"https:\/\/xenonkungen.com\/fi\/wp-json\/wp\/v2\/product_brand?post=27824"},{"taxonomy":"product_cat","embeddable":true,"href":"https:\/\/xenonkungen.com\/fi\/wp-json\/wp\/v2\/product_cat?post=27824"},{"taxonomy":"product_tag","embeddable":true,"href":"https:\/\/xenonkungen.com\/fi\/wp-json\/wp\/v2\/product_tag?post=27824"}],"curies":[{"name":"wp","href":"https:\/\/api.w.org\/{rel}","templated":true}]}}