{"id":27832,"date":"2026-03-16T09:22:30","date_gmt":"2026-03-16T08:22:30","guid":{"rendered":"https:\/\/xenonkungen.com\/?post_type=product&#038;p=27832"},"modified":"2026-05-12T14:31:35","modified_gmt":"2026-05-12T13:31:35","slug":"tershine-elevate-snow-foam-5-l","status":"publish","type":"product","link":"https:\/\/xenonkungen.com\/fi\/tuote\/tershine-elevate-snow-foam-5-l\/","title":{"rendered":"Tershine Elevate \u2013 Lumivaahto 5 L"},"content":{"rendered":"<p>Esipuhdistin \/ vaahtosuutin - vaahto soveltuu k\u00e4ytett\u00e4v\u00e4ksi vaahtosuuttimen \/ vaahtopistoolin kanssa.<\/p>\n<p><strong>Hell\u00e4varainen olemassa olevalle maalipinnalle<br \/>\nKorkea vaahto<br \/>\nT\u00e4ydellinen nopeisiin huoltopesuihin<br \/>\nMonet k\u00e4ytt\u00f6alueet<br \/>\nUpea tuoksu<br \/>\n<\/strong><strong>Tuotetta ei ole luokiteltu merkitt\u00e4v\u00e4ksi CLP-asetuksen (EY) 1272\/2008 mukaisesti.<br \/>\nT\u00e4ss\u00e4 valmisteessa oleva(t) pinta-aktiivinen(t) aine(et) t\u00e4ytt\u00e4\u00e4(v\u00e4t) pesuaineista annetun EU:n asetuksen (EY) N:o 648\/2004 biohajoavuuskriteerit.<\/strong><\/p>\n<p>&nbsp;<\/p>\n<p><strong>Elevate \u2013 Snow Foamin k\u00e4ytt\u00f6ohjeet<\/strong><\/p>\n<p><strong>1.\u00a0<\/strong>Sekoita vaahtopistoolissa maun mukaan, noin 1:5\u20131:20<strong><br \/>\n2.\u00a0<\/strong>K\u00e4y suihkussa ja anna vaikuttaa, \u00e4l\u00e4 anna kuivua.<strong><br \/>\n3.\u00a0<\/strong>Huuhtele<strong><br \/>\n4.\u00a0<\/strong>Jatka pesuprosessin seuraavaan vaiheeseen.<\/p>\n<p>Elevate 5000ml on esipesu-\/vaahto, joka on suunniteltu poistamaan kaikenlaista orgaanista likaa. Se tuottaa ihanan paksua vaahtoa ja sill\u00e4 on erinomaiset puhdistusominaisuudet.<\/p>\n<p>Elevate on biohajoava 100% ja t\u00e4ysin vapaa vaaramerkinn\u00f6ist\u00e4. Eritt\u00e4in helppok\u00e4ytt\u00f6inen ja hell\u00e4varainen sek\u00e4 sinulle ett\u00e4 ymp\u00e4rist\u00f6lle.<\/p>\n<p>Ps. Katso videomme vaahtopistoolin sekoittamisesta. Tulokseen vaikuttaa moni tekij\u00e4. Olipa tilanne mik\u00e4 tahansa, autonhoidon tulevaisuus on nyt t\u00e4\u00e4ll\u00e4!<\/p>\n<p><strong>Tuoksu:\u00a0<\/strong>Kes\u00e4hedelm\u00e4t<\/p>\n<p><strong><em><br \/>\n<\/em><\/strong><em>S\u00e4ilyt\u00e4 pakkaselta suojattuna.<\/em><\/p>","protected":false},"excerpt":{"rendered":"<p>Vaahtosuutin tai esipesulaite kaikenlaisen orgaanisen lian poistamiseen. Se tuottaa ihanan paksua vaahtoa ja sill\u00e4 on hyv\u00e4 puhdistusteho.<\/p>","protected":false},"featured_media":27830,"comment_status":"open","ping_status":"closed","template":"","meta":{"_acf_changed":false,"_smort_price_nok":"","_smort_price_dkk":"","_smort_price_eur":"","_smort_sale_price_nok":"","_smort_sale_price_dkk":"","_smort_sale_price_eur":"","smort_restorder":"","shipmondo_restorder":"","_kad_blocks_custom_css":"","_kad_blocks_head_custom_js":"","_kad_blocks_body_custom_js":"","_kad_blocks_footer_custom_js":"","smort_custom_pricelist_1":"383.36","smort_custom_pricelist_2":"383.36","smort_custom_pricelist_3":"383.36","smort_custom_pricelist_4":"479.2","smort_custom_pricelist_5":"383.36"},"anvandningsomrade":[],"bilmarken":[],"product_brand":[2893],"product_cat":[2988,378],"product_tag":[],"class_list":{"0":"post-27832","1":"product","2":"type-product","3":"status-publish","4":"has-post-thumbnail","6":"product_brand-tershine","7":"product_cat-biltvatt","8":"product_cat-bilvard","10":"first","11":"onbackorder","12":"taxable","13":"shipping-taxable","14":"purchasable","15":"product-type-simple"},"bundled_by":[],"bundle_stock_status":"onbackorder","bundle_stock_quantity":0,"bundle_virtual":false,"bundle_layout":"","bundle_add_to_cart_form_location":"","bundle_editable_in_cart":false,"bundle_sold_individually_context":"","bundle_item_grouping":"","bundle_min_size":"","bundle_max_size":"","bundle_price":[],"bundled_items":[],"bundle_sell_ids":[],"acf":[],"yoast_head":"<!-- This site is optimized with the Yoast SEO plugin v27.0 - https:\/\/yoast.com\/product\/yoast-seo-wordpress\/ -->\n<title>Tershine Elevate - Snow Foam 5 L - Xenonkungen<\/title>\n<meta name=\"robots\" content=\"index, follow, max-snippet:-1, max-image-preview:large, max-video-preview:-1\" \/>\n<link rel=\"canonical\" href=\"https:\/\/xenonkungen.com\/fi\/tuote\/tershine-elevate-snow-foam-5-l\/\" \/>\n<meta property=\"og:locale\" content=\"fi_FI\" \/>\n<meta property=\"og:type\" content=\"article\" \/>\n<meta property=\"og:title\" content=\"Tershine Elevate - Snow Foam 5 L - Xenonkungen\" \/>\n<meta property=\"og:description\" content=\"Foam lance skum eller f\u00f6rtv\u00e4ttsmedel gjort f\u00f6r att lyfta alla typer av organisk smuts. Den ger ett h\u00e4rligt tjockt skum och har god reng\u00f6ringsf\u00f6rm\u00e5ga.\" \/>\n<meta property=\"og:url\" content=\"https:\/\/xenonkungen.com\/fi\/tuote\/tershine-elevate-snow-foam-5-l\/\" \/>\n<meta property=\"og:site_name\" content=\"Xenonkungen\" \/>\n<meta property=\"article:modified_time\" content=\"2026-05-12T13:31:35+00:00\" \/>\n<meta property=\"og:image\" content=\"https:\/\/xenonkungen.com\/wp-content\/uploads\/2026\/03\/YjUrK2NuWfwcMuh2VJgVChlTHFH4qmanjo66kk1d.webp\" \/>\n\t<meta property=\"og:image:width\" content=\"1024\" \/>\n\t<meta property=\"og:image:height\" content=\"1024\" \/>\n\t<meta property=\"og:image:type\" content=\"image\/webp\" \/>\n<meta name=\"twitter:card\" content=\"summary_large_image\" \/>\n<meta name=\"twitter:label1\" content=\"Arvioitu lukuaika\" \/>\n\t<meta name=\"twitter:data1\" content=\"2 minuuttia\" \/>\n<script type=\"application\/ld+json\" class=\"yoast-schema-graph\">{\"@context\":\"https:\/\/schema.org\",\"@graph\":[{\"@type\":\"WebPage\",\"@id\":\"https:\/\/xenonkungen.com\/produkt\/tershine-elevate-snow-foam-5-l\/\",\"url\":\"https:\/\/xenonkungen.com\/produkt\/tershine-elevate-snow-foam-5-l\/\",\"name\":\"Tershine Elevate - Snow Foam 5 L - Xenonkungen\",\"isPartOf\":{\"@id\":\"https:\/\/xenonkungen.com\/#website\"},\"primaryImageOfPage\":{\"@id\":\"https:\/\/xenonkungen.com\/produkt\/tershine-elevate-snow-foam-5-l\/#primaryimage\"},\"image\":{\"@id\":\"https:\/\/xenonkungen.com\/produkt\/tershine-elevate-snow-foam-5-l\/#primaryimage\"},\"thumbnailUrl\":\"https:\/\/xenonkungen.com\/wp-content\/uploads\/2026\/03\/YjUrK2NuWfwcMuh2VJgVChlTHFH4qmanjo66kk1d.webp\",\"datePublished\":\"2026-03-16T08:22:30+00:00\",\"dateModified\":\"2026-05-12T13:31:35+00:00\",\"breadcrumb\":{\"@id\":\"https:\/\/xenonkungen.com\/produkt\/tershine-elevate-snow-foam-5-l\/#breadcrumb\"},\"inLanguage\":\"fi\",\"potentialAction\":[{\"@type\":\"ReadAction\",\"target\":[\"https:\/\/xenonkungen.com\/produkt\/tershine-elevate-snow-foam-5-l\/\"]}]},{\"@type\":\"ImageObject\",\"inLanguage\":\"fi\",\"@id\":\"https:\/\/xenonkungen.com\/produkt\/tershine-elevate-snow-foam-5-l\/#primaryimage\",\"url\":\"https:\/\/xenonkungen.com\/wp-content\/uploads\/2026\/03\/YjUrK2NuWfwcMuh2VJgVChlTHFH4qmanjo66kk1d.webp\",\"contentUrl\":\"https:\/\/xenonkungen.com\/wp-content\/uploads\/2026\/03\/YjUrK2NuWfwcMuh2VJgVChlTHFH4qmanjo66kk1d.webp\",\"width\":1024,\"height\":1024},{\"@type\":\"BreadcrumbList\",\"@id\":\"https:\/\/xenonkungen.com\/produkt\/tershine-elevate-snow-foam-5-l\/#breadcrumb\",\"itemListElement\":[{\"@type\":\"ListItem\",\"position\":1,\"name\":\"Hem\",\"item\":\"https:\/\/xenonkungen.com\/\"},{\"@type\":\"ListItem\",\"position\":2,\"name\":\"Shop\",\"item\":\"https:\/\/xenonkungen.com\/shop\/\"},{\"@type\":\"ListItem\",\"position\":3,\"name\":\"Tershine Elevate &#8211; Snow Foam 5 L\"}]},{\"@type\":\"WebSite\",\"@id\":\"https:\/\/xenonkungen.com\/#website\",\"url\":\"https:\/\/xenonkungen.com\/\",\"name\":\"Xenonkungen\",\"description\":\"\",\"potentialAction\":[{\"@type\":\"SearchAction\",\"target\":{\"@type\":\"EntryPoint\",\"urlTemplate\":\"https:\/\/xenonkungen.com\/?s={search_term_string}\"},\"query-input\":{\"@type\":\"PropertyValueSpecification\",\"valueRequired\":true,\"valueName\":\"search_term_string\"}}],\"inLanguage\":\"fi\"}]}<\/script>\n<!-- \/ Yoast SEO plugin. -->","yoast_head_json":{"title":"Tershine Elevate - Snow Foam 5 L - Xenonkungen","robots":{"index":"index","follow":"follow","max-snippet":"max-snippet:-1","max-image-preview":"max-image-preview:large","max-video-preview":"max-video-preview:-1"},"canonical":"https:\/\/xenonkungen.com\/fi\/tuote\/tershine-elevate-snow-foam-5-l\/","og_locale":"fi_FI","og_type":"article","og_title":"Tershine Elevate - Snow Foam 5 L - Xenonkungen","og_description":"Foam lance skum eller f\u00f6rtv\u00e4ttsmedel gjort f\u00f6r att lyfta alla typer av organisk smuts. Den ger ett h\u00e4rligt tjockt skum och har god reng\u00f6ringsf\u00f6rm\u00e5ga.","og_url":"https:\/\/xenonkungen.com\/fi\/tuote\/tershine-elevate-snow-foam-5-l\/","og_site_name":"Xenonkungen","article_modified_time":"2026-05-12T13:31:35+00:00","og_image":[{"width":1024,"height":1024,"url":"https:\/\/xenonkungen.com\/wp-content\/uploads\/2026\/03\/YjUrK2NuWfwcMuh2VJgVChlTHFH4qmanjo66kk1d.webp","type":"image\/webp"}],"twitter_card":"summary_large_image","twitter_misc":{"Arvioitu lukuaika":"2 minuuttia"},"schema":{"@context":"https:\/\/schema.org","@graph":[{"@type":"WebPage","@id":"https:\/\/xenonkungen.com\/produkt\/tershine-elevate-snow-foam-5-l\/","url":"https:\/\/xenonkungen.com\/produkt\/tershine-elevate-snow-foam-5-l\/","name":"Tershine Elevate - Snow Foam 5 L - Xenonkungen","isPartOf":{"@id":"https:\/\/xenonkungen.com\/#website"},"primaryImageOfPage":{"@id":"https:\/\/xenonkungen.com\/produkt\/tershine-elevate-snow-foam-5-l\/#primaryimage"},"image":{"@id":"https:\/\/xenonkungen.com\/produkt\/tershine-elevate-snow-foam-5-l\/#primaryimage"},"thumbnailUrl":"https:\/\/xenonkungen.com\/wp-content\/uploads\/2026\/03\/YjUrK2NuWfwcMuh2VJgVChlTHFH4qmanjo66kk1d.webp","datePublished":"2026-03-16T08:22:30+00:00","dateModified":"2026-05-12T13:31:35+00:00","breadcrumb":{"@id":"https:\/\/xenonkungen.com\/produkt\/tershine-elevate-snow-foam-5-l\/#breadcrumb"},"inLanguage":"fi","potentialAction":[{"@type":"ReadAction","target":["https:\/\/xenonkungen.com\/produkt\/tershine-elevate-snow-foam-5-l\/"]}]},{"@type":"ImageObject","inLanguage":"fi","@id":"https:\/\/xenonkungen.com\/produkt\/tershine-elevate-snow-foam-5-l\/#primaryimage","url":"https:\/\/xenonkungen.com\/wp-content\/uploads\/2026\/03\/YjUrK2NuWfwcMuh2VJgVChlTHFH4qmanjo66kk1d.webp","contentUrl":"https:\/\/xenonkungen.com\/wp-content\/uploads\/2026\/03\/YjUrK2NuWfwcMuh2VJgVChlTHFH4qmanjo66kk1d.webp","width":1024,"height":1024},{"@type":"BreadcrumbList","@id":"https:\/\/xenonkungen.com\/produkt\/tershine-elevate-snow-foam-5-l\/#breadcrumb","itemListElement":[{"@type":"ListItem","position":1,"name":"Hem","item":"https:\/\/xenonkungen.com\/"},{"@type":"ListItem","position":2,"name":"Shop","item":"https:\/\/xenonkungen.com\/shop\/"},{"@type":"ListItem","position":3,"name":"Tershine Elevate &#8211; Snow Foam 5 L"}]},{"@type":"WebSite","@id":"https:\/\/xenonkungen.com\/#website","url":"https:\/\/xenonkungen.com\/","name":"Xenonkungen","description":"","potentialAction":[{"@type":"SearchAction","target":{"@type":"EntryPoint","urlTemplate":"https:\/\/xenonkungen.com\/?s={search_term_string}"},"query-input":{"@type":"PropertyValueSpecification","valueRequired":true,"valueName":"search_term_string"}}],"inLanguage":"fi"}]}},"taxonomy_info":{"product_brand":[{"value":2893,"label":"Tershine"}],"product_cat":[{"value":2988,"label":"1 | Biltv\u00e4tt"},{"value":378,"label":"Bilv\u00e5rd"}]},"featured_image_src_large":["https:\/\/xenonkungen.com\/wp-content\/uploads\/2026\/03\/YjUrK2NuWfwcMuh2VJgVChlTHFH4qmanjo66kk1d.webp",1024,1024,false],"author_info":[],"comment_info":0,"_links":{"self":[{"href":"https:\/\/xenonkungen.com\/fi\/wp-json\/wp\/v2\/product\/27832","targetHints":{"allow":["GET"]}}],"collection":[{"href":"https:\/\/xenonkungen.com\/fi\/wp-json\/wp\/v2\/product"}],"about":[{"href":"https:\/\/xenonkungen.com\/fi\/wp-json\/wp\/v2\/types\/product"}],"replies":[{"embeddable":true,"href":"https:\/\/xenonkungen.com\/fi\/wp-json\/wp\/v2\/comments?post=27832"}],"wp:featuredmedia":[{"embeddable":true,"href":"https:\/\/xenonkungen.com\/fi\/wp-json\/wp\/v2\/media\/27830"}],"wp:attachment":[{"href":"https:\/\/xenonkungen.com\/fi\/wp-json\/wp\/v2\/media?parent=27832"}],"wp:term":[{"taxonomy":"anvandningsomrade","embeddable":true,"href":"https:\/\/xenonkungen.com\/fi\/wp-json\/wp\/v2\/anvandningsomrade?post=27832"},{"taxonomy":"bilmarken","embeddable":true,"href":"https:\/\/xenonkungen.com\/fi\/wp-json\/wp\/v2\/bilmarken?post=27832"},{"taxonomy":"product_brand","embeddable":true,"href":"https:\/\/xenonkungen.com\/fi\/wp-json\/wp\/v2\/product_brand?post=27832"},{"taxonomy":"product_cat","embeddable":true,"href":"https:\/\/xenonkungen.com\/fi\/wp-json\/wp\/v2\/product_cat?post=27832"},{"taxonomy":"product_tag","embeddable":true,"href":"https:\/\/xenonkungen.com\/fi\/wp-json\/wp\/v2\/product_tag?post=27832"}],"curies":[{"name":"wp","href":"https:\/\/api.w.org\/{rel}","templated":true}]}}