{"id":27835,"date":"2026-03-16T09:42:31","date_gmt":"2026-03-16T08:42:31","guid":{"rendered":"https:\/\/xenonkungen.com\/?post_type=product&#038;p=27835"},"modified":"2026-05-04T10:49:13","modified_gmt":"2026-05-04T09:49:13","slug":"tershine-uute-emaksinen-rasvanpoistoaine-1-l","status":"publish","type":"product","link":"https:\/\/xenonkungen.com\/fi\/tuote\/tershine-uute-emaksinen-rasvanpoistoaine-1-l\/","title":{"rendered":"Tershine-uute \u2013 Em\u00e4ksinen rasvanpoistoaine 1 l"},"content":{"rendered":"<p>Em\u00e4ksinen rasvanpoistoaine supertiivisteess\u00e4, joka poistaa tehokkaasti kaikenlaisen orgaanisen lian, kuten k\u00e4rp\u00e4set, hy\u00f6nteiset, liikenteen aiheuttaman p\u00f6lyn, lev\u00e4t, siitep\u00f6lyn, homeen ja muun kasvuston. Pakollinen jokaisessa pesussa!<\/p>\n<p><strong>Eritt\u00e4in runsas annos, yhdest\u00e4 litrasta saa yli 20 litraa valmista tuotetta<br \/>\nEdullinen<br \/>\nJulma hy\u00f6nteisten poistoaine<br \/>\nEritt\u00e4in tehokas useimmille materiaaleille<br \/>\nToimii autossa, asuntovaunussa, asuntovaunussa, veneess\u00e4, terassilla, julkisivussa, kylpyhuoneessa jne.<br \/>\nToimiiko tykki Foam Lancessa?<br \/>\nHell\u00e4varainen alumiinille<br \/>\nSaatavilla useissa eri kokoisina<br \/>\nTuoksuu hyv\u00e4lt\u00e4 persikalta<br \/>\nT\u00e4ss\u00e4 valmisteessa oleva(t) pinta-aktiivinen(t) aine(et) t\u00e4ytt\u00e4\u00e4(v\u00e4t) pesuaineista annetun EU:n asetuksen (EY) N:o 648\/2004 biohajoavuuskriteerit.<br \/>\nTuotetta ei ole luokiteltu merkitt\u00e4v\u00e4ksi CLP-asetuksen (EY) 1272\/2008 mukaisesti.<\/p>\n<p>Mihin em\u00e4ksist\u00e4 rasvanpoistoa k\u00e4ytet\u00e4\u00e4n?<\/p>\n<p><\/strong>Liuottaa kaikenlaista orgaanista likaa<strong><br \/>\n<\/strong>K\u00e4rp\u00e4set, hyttyset ja hy\u00f6nteiset<strong><br \/>\n<\/strong>Liikennefilmi<strong><br \/>\n<\/strong>Lev\u00e4t ja likaantuminen<strong><br \/>\n<\/strong>Hometta<strong><br \/>\n<\/strong>T\u00e4ydellinen autoon, asuntovaunuun, matkailuautoon, moottoripy\u00f6r\u00e4\u00e4n, terassille ja veneeseen<strong><br \/>\n<\/strong>Kylpyhuone, julkisivu ja useimmat pinnat<br \/>\nVakaa<br \/>\nPuinen julkisivu<\/p>\n<p><strong>Uutteen laimentaminen \u2013 em\u00e4ksinen rasvanpoisto:<\/strong><\/p>\n<p><strong>Heikko seos:<\/strong>\u00a0\u00a02-4% tiivisteen loput vesi<br \/>\n<strong>Normaali seos:\u00a0<\/strong>\u00a05-7% tiivisteen loput vesi<br \/>\n<strong>Vahva sekoitus:\u00a0<\/strong>10-15% tiiviste lev\u00e4vesi<br \/>\n<strong>Eritt\u00e4in vahva seos:<\/strong>\u00a015-25% tiiviste lev\u00e4vesi<br \/>\n<strong>Eritt\u00e4in vahva seos:<\/strong>\u00a050-100% (ei saa antaa kuivua)<\/p>\n<p>Uute on eritt\u00e4in tehokas ja eritt\u00e4in tiivistetty em\u00e4ksinen rasvanpoistoaine, joka sopii t\u00e4ydellisesti kaikentyyppisille ajoneuvoille, lattioille, julkisivuille, puuterasseille jne. Poistaa kaikenlaisen orgaanisen lian ja tuoksuu ihanalta persikalta. Sekoita 3-15% veteen ja yhteen litraan, jolloin saat yli 20 litraa valmista tuotetta k\u00e4ytett\u00e4v\u00e4ksi. Sopii erinomaisesti my\u00f6s karkeampaan likaan ty\u00f6pajojen lattioilla, matoilla, gelcoat-pinnoilla jne.<\/p>\n<p><strong>K\u00e4yt\u00e4 n\u00e4in:<\/strong><\/p>\n<p><strong>1.\u00a0<\/strong>Sekoita 3-15% veteen (likaantumisasteesta riippuen)<br \/>\n<strong>2.\u00a0<\/strong>Suihkuta valitulle alueelle ja anna vaikuttaa 5\u201315 minuuttia (\u00e4l\u00e4 anna kuivua)<br \/>\n<strong>3.\u00a0<\/strong>Huuhtele pois korkealla paineella<br \/>\n<strong>4.\u00a0<\/strong>Aloita pesuprosessin seuraava vaihe<\/p>\n<p>Toimii erinomaisesti vaahtopistoolissa, annostele m\u00e4\u00e4r\u00e4 suuttimella. Muista my\u00f6s, ett\u00e4 kaikenlaiset kemikaalit, mutta erityisesti rasvanpoistoaineet (kylm\u00e4t\/em\u00e4ksiset), tarvitsevat pidemm\u00e4n vaikutusajan kylm\u00e4ll\u00e4 pinnalla. Kokeile siis itsellesi sopivaa aikaa, 5\u201315 minuuttia, mutta \u00e4l\u00e4 anna kuivua. Ole hell\u00e4varainen alumiinille ja muille metalleille, mutta kuten tavallista, \u00e4l\u00e4 anna kuivua!<\/p>\n<p>Maaginen kuin\u00a0<strong>k\u00e4rp\u00e4s-\/hy\u00f6nteiskarkotin\u00a0<\/strong>edess\u00e4 ja sekoita sitten tuotetta huomattavasti vahvemmaksi koko matkan puhdistaaksesi!<\/p>\n<p>T\u00e4m\u00e4 ei liuota terva-\/asfalttitahroja, silloin tarvitset kylm\u00e4rasvanpoistoaineemme Dissolve! Saatavilla my\u00f6s k\u00e4ytt\u00f6valmiina liuoksena laimennettuna suhteeseen 10%!<\/p>\n<p><strong>Usein kysytyt kysymykset ja yleiset kysymykset em\u00e4ksisest\u00e4 rasvanpoistosta:<\/strong><\/p>\n<p><strong>Mit\u00e4 eroa on em\u00e4ksisell\u00e4 rasvanpoistolla ja kylm\u00e4ll\u00e4 rasvanpoistolla?<\/strong><br \/>\nEm\u00e4ksinen rasvanpoisto liuottaa orgaanista likaa, kuten maaper\u00e4\u00e4, hiekkaa, lintujen ulosteita, k\u00e4rp\u00e4si\u00e4 ja hyttysi\u00e4, ja kylm\u00e4 rasvanpoisto liuottaa kaikenlaisia \u00f6ljypohjaisia likaa, kuten asfalttia, tervaa, bensiini\u00e4, dieseli\u00e4 ja muuta.<\/p>\n<p><strong>Milloin kannattaa k\u00e4ytt\u00e4\u00e4 em\u00e4ksist\u00e4 rasvanpoistoa?<\/strong><br \/>\nLiuota k\u00e4rp\u00e4set, hyttyset, hiekka, multa ja liikenteen aiheuttama lika jokaisen pesun yhteydess\u00e4, jotta pinta on mahdollisimman puhdas ennen shampoopesun aloittamista.<\/p>\n<p><strong>Voiko em\u00e4ksist\u00e4 rasvanpoistoainetta k\u00e4ytt\u00e4\u00e4 koko autoon?\u00a0<\/strong><br \/>\nJoo, ihan ok, mutta \u00e4l\u00e4 anna mink\u00e4\u00e4n kuivua.<\/p>\n<p><strong>Mit\u00e4 em\u00e4ksinen rasvanpoisto tarkoittaa?<\/strong><br \/>\nRasvanpoistoaineet, joilla on korkeampi pH-arvo.<\/p>\n<p><strong>Miten sekoitat em\u00e4ksisen rasvanpoistoaineen?<\/strong><\/p>\n<p><em>5%-seokselle ota tilavuus, esimerkiksi 500 ml x 0,05 = 25 ml, 10%:lle ota 500 ml x 0,1 jne.!<br \/>\n<\/em><\/p>\n<p><strong>Tuoksu:\u00a0<\/strong>Persikka<strong><br \/>\n<em><br \/>\n<\/em><\/strong><em>S\u00e4ilyt\u00e4 pakkaselta suojattuna.<\/em><\/p>","protected":false},"excerpt":{"rendered":"<p>Superv\u00e4kev\u00e4 em\u00e4ksinen rasvanpoistoaine \u2013 tehokas puhdistusaine, joka poistaa tehokkaasti liikenteen aiheuttaman p\u00f6lyn, hy\u00f6nteiset, lev\u00e4t ja lian autoista, veneist\u00e4 ja taloista. Liuottaa kaikenlaisen orgaanisen lian!<\/p>","protected":false},"featured_media":27837,"comment_status":"open","ping_status":"closed","template":"","meta":{"_acf_changed":false,"_smort_price_nok":"","_smort_price_dkk":"","_smort_price_eur":"","_smort_sale_price_nok":"","_smort_sale_price_dkk":"","_smort_sale_price_eur":"","smort_restorder":"","shipmondo_restorder":"","_kad_blocks_custom_css":"","_kad_blocks_head_custom_js":"","_kad_blocks_body_custom_js":"","_kad_blocks_footer_custom_js":"","smort_custom_pricelist_1":"101.76","smort_custom_pricelist_2":"101.76","smort_custom_pricelist_3":"101.76","smort_custom_pricelist_4":"127.2","smort_custom_pricelist_5":"101.76"},"anvandningsomrade":[],"bilmarken":[],"product_brand":[2893],"product_cat":[2988,2989,378],"product_tag":[],"class_list":{"0":"post-27835","1":"product","2":"type-product","3":"status-publish","4":"has-post-thumbnail","6":"product_brand-tershine","7":"product_cat-biltvatt","8":"product_cat-avfettning","9":"product_cat-bilvard","11":"first","12":"instock","13":"taxable","14":"shipping-taxable","15":"purchasable","16":"product-type-simple"},"bundled_by":[],"bundle_stock_status":"instock","bundle_stock_quantity":1,"bundle_virtual":false,"bundle_layout":"","bundle_add_to_cart_form_location":"","bundle_editable_in_cart":false,"bundle_sold_individually_context":"","bundle_item_grouping":"","bundle_min_size":"","bundle_max_size":"","bundle_price":[],"bundled_items":[],"bundle_sell_ids":[],"acf":[],"yoast_head":"<!-- This site is optimized with the Yoast SEO plugin v27.0 - https:\/\/yoast.com\/product\/yoast-seo-wordpress\/ -->\n<title>Tershine Extract - Alkalisk avfettning 1 L - Xenonkungen<\/title>\n<meta name=\"robots\" content=\"index, follow, max-snippet:-1, max-image-preview:large, max-video-preview:-1\" \/>\n<link rel=\"canonical\" href=\"https:\/\/xenonkungen.com\/fi\/tuote\/tershine-uute-emaksinen-rasvanpoistoaine-1-l\/\" \/>\n<meta property=\"og:locale\" content=\"fi_FI\" \/>\n<meta property=\"og:type\" content=\"article\" \/>\n<meta property=\"og:title\" content=\"Tershine Extract - Alkalisk avfettning 1 L - Xenonkungen\" \/>\n<meta property=\"og:description\" content=\"Superkoncentrad alkalisk avfettning - en kraftfull reng\u00f6ringsprodukt som effektivt tar bort trafikfilm, insekter, alger och smuts fr\u00e5n bil, b\u00e5t och hus. L\u00f6ser all form av organisk smuts!\" \/>\n<meta property=\"og:url\" content=\"https:\/\/xenonkungen.com\/fi\/tuote\/tershine-uute-emaksinen-rasvanpoistoaine-1-l\/\" \/>\n<meta property=\"og:site_name\" content=\"Xenonkungen\" \/>\n<meta property=\"article:modified_time\" content=\"2026-05-04T09:49:13+00:00\" \/>\n<meta property=\"og:image\" content=\"https:\/\/xenonkungen.com\/wp-content\/uploads\/2026\/03\/kHHctWa1bDWTnQr5Ml2jzudRqKSLMjR8RQlVbrqE.webp\" \/>\n\t<meta property=\"og:image:width\" content=\"1024\" \/>\n\t<meta property=\"og:image:height\" content=\"1024\" \/>\n\t<meta property=\"og:image:type\" content=\"image\/webp\" \/>\n<meta name=\"twitter:card\" content=\"summary_large_image\" \/>\n<meta name=\"twitter:label1\" content=\"Arvioitu lukuaika\" \/>\n\t<meta name=\"twitter:data1\" content=\"3 minuuttia\" \/>\n<script type=\"application\/ld+json\" class=\"yoast-schema-graph\">{\"@context\":\"https:\/\/schema.org\",\"@graph\":[{\"@type\":\"WebPage\",\"@id\":\"https:\/\/xenonkungen.com\/produkt\/tershine-extract-alkalisk-avfettning-1-l\/\",\"url\":\"https:\/\/xenonkungen.com\/produkt\/tershine-extract-alkalisk-avfettning-1-l\/\",\"name\":\"Tershine Extract - Alkalisk avfettning 1 L - Xenonkungen\",\"isPartOf\":{\"@id\":\"https:\/\/xenonkungen.com\/#website\"},\"primaryImageOfPage\":{\"@id\":\"https:\/\/xenonkungen.com\/produkt\/tershine-extract-alkalisk-avfettning-1-l\/#primaryimage\"},\"image\":{\"@id\":\"https:\/\/xenonkungen.com\/produkt\/tershine-extract-alkalisk-avfettning-1-l\/#primaryimage\"},\"thumbnailUrl\":\"https:\/\/xenonkungen.com\/wp-content\/uploads\/2026\/03\/kHHctWa1bDWTnQr5Ml2jzudRqKSLMjR8RQlVbrqE.webp\",\"datePublished\":\"2026-03-16T08:42:31+00:00\",\"dateModified\":\"2026-05-04T09:49:13+00:00\",\"breadcrumb\":{\"@id\":\"https:\/\/xenonkungen.com\/produkt\/tershine-extract-alkalisk-avfettning-1-l\/#breadcrumb\"},\"inLanguage\":\"fi\",\"potentialAction\":[{\"@type\":\"ReadAction\",\"target\":[\"https:\/\/xenonkungen.com\/produkt\/tershine-extract-alkalisk-avfettning-1-l\/\"]}]},{\"@type\":\"ImageObject\",\"inLanguage\":\"fi\",\"@id\":\"https:\/\/xenonkungen.com\/produkt\/tershine-extract-alkalisk-avfettning-1-l\/#primaryimage\",\"url\":\"https:\/\/xenonkungen.com\/wp-content\/uploads\/2026\/03\/kHHctWa1bDWTnQr5Ml2jzudRqKSLMjR8RQlVbrqE.webp\",\"contentUrl\":\"https:\/\/xenonkungen.com\/wp-content\/uploads\/2026\/03\/kHHctWa1bDWTnQr5Ml2jzudRqKSLMjR8RQlVbrqE.webp\",\"width\":1024,\"height\":1024},{\"@type\":\"BreadcrumbList\",\"@id\":\"https:\/\/xenonkungen.com\/produkt\/tershine-extract-alkalisk-avfettning-1-l\/#breadcrumb\",\"itemListElement\":[{\"@type\":\"ListItem\",\"position\":1,\"name\":\"Hem\",\"item\":\"https:\/\/xenonkungen.com\/\"},{\"@type\":\"ListItem\",\"position\":2,\"name\":\"Shop\",\"item\":\"https:\/\/xenonkungen.com\/shop\/\"},{\"@type\":\"ListItem\",\"position\":3,\"name\":\"Tershine Extract &#8211; Alkalisk avfettning 1 L\"}]},{\"@type\":\"WebSite\",\"@id\":\"https:\/\/xenonkungen.com\/#website\",\"url\":\"https:\/\/xenonkungen.com\/\",\"name\":\"Xenonkungen\",\"description\":\"\",\"potentialAction\":[{\"@type\":\"SearchAction\",\"target\":{\"@type\":\"EntryPoint\",\"urlTemplate\":\"https:\/\/xenonkungen.com\/?s={search_term_string}\"},\"query-input\":{\"@type\":\"PropertyValueSpecification\",\"valueRequired\":true,\"valueName\":\"search_term_string\"}}],\"inLanguage\":\"fi\"}]}<\/script>\n<!-- \/ Yoast SEO plugin. -->","yoast_head_json":{"title":"Tershine-uute - Em\u00e4ksinen rasvanpoistoaine 1 l - Xenonkungen","robots":{"index":"index","follow":"follow","max-snippet":"max-snippet:-1","max-image-preview":"max-image-preview:large","max-video-preview":"max-video-preview:-1"},"canonical":"https:\/\/xenonkungen.com\/fi\/tuote\/tershine-uute-emaksinen-rasvanpoistoaine-1-l\/","og_locale":"fi_FI","og_type":"article","og_title":"Tershine Extract - Alkalisk avfettning 1 L - Xenonkungen","og_description":"Superkoncentrad alkalisk avfettning - en kraftfull reng\u00f6ringsprodukt som effektivt tar bort trafikfilm, insekter, alger och smuts fr\u00e5n bil, b\u00e5t och hus. L\u00f6ser all form av organisk smuts!","og_url":"https:\/\/xenonkungen.com\/fi\/tuote\/tershine-uute-emaksinen-rasvanpoistoaine-1-l\/","og_site_name":"Xenonkungen","article_modified_time":"2026-05-04T09:49:13+00:00","og_image":[{"width":1024,"height":1024,"url":"https:\/\/xenonkungen.com\/wp-content\/uploads\/2026\/03\/kHHctWa1bDWTnQr5Ml2jzudRqKSLMjR8RQlVbrqE.webp","type":"image\/webp"}],"twitter_card":"summary_large_image","twitter_misc":{"Arvioitu lukuaika":"3 minuuttia"},"schema":{"@context":"https:\/\/schema.org","@graph":[{"@type":"WebPage","@id":"https:\/\/xenonkungen.com\/produkt\/tershine-extract-alkalisk-avfettning-1-l\/","url":"https:\/\/xenonkungen.com\/produkt\/tershine-extract-alkalisk-avfettning-1-l\/","name":"Tershine-uute - Em\u00e4ksinen rasvanpoistoaine 1 l - Xenonkungen","isPartOf":{"@id":"https:\/\/xenonkungen.com\/#website"},"primaryImageOfPage":{"@id":"https:\/\/xenonkungen.com\/produkt\/tershine-extract-alkalisk-avfettning-1-l\/#primaryimage"},"image":{"@id":"https:\/\/xenonkungen.com\/produkt\/tershine-extract-alkalisk-avfettning-1-l\/#primaryimage"},"thumbnailUrl":"https:\/\/xenonkungen.com\/wp-content\/uploads\/2026\/03\/kHHctWa1bDWTnQr5Ml2jzudRqKSLMjR8RQlVbrqE.webp","datePublished":"2026-03-16T08:42:31+00:00","dateModified":"2026-05-04T09:49:13+00:00","breadcrumb":{"@id":"https:\/\/xenonkungen.com\/produkt\/tershine-extract-alkalisk-avfettning-1-l\/#breadcrumb"},"inLanguage":"fi","potentialAction":[{"@type":"ReadAction","target":["https:\/\/xenonkungen.com\/produkt\/tershine-extract-alkalisk-avfettning-1-l\/"]}]},{"@type":"ImageObject","inLanguage":"fi","@id":"https:\/\/xenonkungen.com\/produkt\/tershine-extract-alkalisk-avfettning-1-l\/#primaryimage","url":"https:\/\/xenonkungen.com\/wp-content\/uploads\/2026\/03\/kHHctWa1bDWTnQr5Ml2jzudRqKSLMjR8RQlVbrqE.webp","contentUrl":"https:\/\/xenonkungen.com\/wp-content\/uploads\/2026\/03\/kHHctWa1bDWTnQr5Ml2jzudRqKSLMjR8RQlVbrqE.webp","width":1024,"height":1024},{"@type":"BreadcrumbList","@id":"https:\/\/xenonkungen.com\/produkt\/tershine-extract-alkalisk-avfettning-1-l\/#breadcrumb","itemListElement":[{"@type":"ListItem","position":1,"name":"Hem","item":"https:\/\/xenonkungen.com\/"},{"@type":"ListItem","position":2,"name":"Shop","item":"https:\/\/xenonkungen.com\/shop\/"},{"@type":"ListItem","position":3,"name":"Tershine Extract &#8211; Alkalisk avfettning 1 L"}]},{"@type":"WebSite","@id":"https:\/\/xenonkungen.com\/#website","url":"https:\/\/xenonkungen.com\/","name":"Xenonkungen","description":"","potentialAction":[{"@type":"SearchAction","target":{"@type":"EntryPoint","urlTemplate":"https:\/\/xenonkungen.com\/?s={search_term_string}"},"query-input":{"@type":"PropertyValueSpecification","valueRequired":true,"valueName":"search_term_string"}}],"inLanguage":"fi"}]}},"taxonomy_info":{"product_brand":[{"value":2893,"label":"Tershine"}],"product_cat":[{"value":2988,"label":"1 | Biltv\u00e4tt"},{"value":2989,"label":"2 | Avfettning"},{"value":378,"label":"Bilv\u00e5rd"}]},"featured_image_src_large":["https:\/\/xenonkungen.com\/wp-content\/uploads\/2026\/03\/kHHctWa1bDWTnQr5Ml2jzudRqKSLMjR8RQlVbrqE.webp",1024,1024,false],"author_info":[],"comment_info":0,"_links":{"self":[{"href":"https:\/\/xenonkungen.com\/fi\/wp-json\/wp\/v2\/product\/27835","targetHints":{"allow":["GET"]}}],"collection":[{"href":"https:\/\/xenonkungen.com\/fi\/wp-json\/wp\/v2\/product"}],"about":[{"href":"https:\/\/xenonkungen.com\/fi\/wp-json\/wp\/v2\/types\/product"}],"replies":[{"embeddable":true,"href":"https:\/\/xenonkungen.com\/fi\/wp-json\/wp\/v2\/comments?post=27835"}],"wp:featuredmedia":[{"embeddable":true,"href":"https:\/\/xenonkungen.com\/fi\/wp-json\/wp\/v2\/media\/27837"}],"wp:attachment":[{"href":"https:\/\/xenonkungen.com\/fi\/wp-json\/wp\/v2\/media?parent=27835"}],"wp:term":[{"taxonomy":"anvandningsomrade","embeddable":true,"href":"https:\/\/xenonkungen.com\/fi\/wp-json\/wp\/v2\/anvandningsomrade?post=27835"},{"taxonomy":"bilmarken","embeddable":true,"href":"https:\/\/xenonkungen.com\/fi\/wp-json\/wp\/v2\/bilmarken?post=27835"},{"taxonomy":"product_brand","embeddable":true,"href":"https:\/\/xenonkungen.com\/fi\/wp-json\/wp\/v2\/product_brand?post=27835"},{"taxonomy":"product_cat","embeddable":true,"href":"https:\/\/xenonkungen.com\/fi\/wp-json\/wp\/v2\/product_cat?post=27835"},{"taxonomy":"product_tag","embeddable":true,"href":"https:\/\/xenonkungen.com\/fi\/wp-json\/wp\/v2\/product_tag?post=27835"}],"curies":[{"name":"wp","href":"https:\/\/api.w.org\/{rel}","templated":true}]}}