{"id":27843,"date":"2026-03-16T10:13:26","date_gmt":"2026-03-16T09:13:26","guid":{"rendered":"https:\/\/xenonkungen.com\/?post_type=product&#038;p=27843"},"modified":"2026-05-12T14:36:37","modified_gmt":"2026-05-12T13:36:37","slug":"tershine-uutetta-sisaltava-emaksinen-rasvanpoistoaine-kayttovalmis-1-l","status":"publish","type":"product","link":"https:\/\/xenonkungen.com\/fi\/tuote\/tershine-uutetta-sisaltava-emaksinen-rasvanpoistoaine-kayttovalmis-1-l\/","title":{"rendered":"Tershine-uute \u2013 Em\u00e4ksinen rasvanpoistoaine, laimennettuna 1 l"},"content":{"rendered":"<p>Valmis em\u00e4ksinen rasvanpoistoaine, joka poistaa tehokkaasti kaikenlaisen orgaanisen lian, kuten k\u00e4rp\u00e4set, hy\u00f6nteiset, liikenteen aiheuttaman p\u00f6lyn, lev\u00e4t, siitep\u00f6lyn, homeen ja muun kasvuston.<\/p>\n<p><strong>K\u00e4ytt\u00f6ratkaisu<br \/>\nJulma kaikenlaista orgaanista likaa vastaan<br \/>\nEritt\u00e4in tehokas useimmille materiaaleille<br \/>\nJulma hy\u00f6nteisten poistoaine<br \/>\nToimii autossa, asuntovaunussa, asuntovaunussa, veneess\u00e4, terassilla, julkisivussa, kylpyhuoneessa jne.<br \/>\nHell\u00e4varainen alumiinille<br \/>\nSaatavilla useissa eri kokoisina<br \/>\nTuotetta ei ole luokiteltu merkitt\u00e4v\u00e4ksi CLP-asetuksen (EY) 1272\/2008 mukaisesti.<br \/>\nT\u00e4ss\u00e4 valmisteessa oleva(t) pinta-aktiivinen(t) aine(et) t\u00e4ytt\u00e4\u00e4(v\u00e4t) pesuaineista annetun EU:n asetuksen (EY) N:o 648\/2004 biohajoavuuskriteerit.<\/strong><\/p>\n<p>Extract \u2013 Ready To Use on eritt\u00e4in tehokas em\u00e4ksinen rasvanpoistoaine, joka sopii kaikentyyppisille ajoneuvoille, lattioille, julkisivuille jne. Poistaa orgaanisen lian ja tuoksuu ihanalta sitruunalta. Valmiiksi sekoitettua 10%:t\u00e4 vedess\u00e4 ja yhdess\u00e4 litrassa voi siis saada kaksi liuosta, jos sekoitat sen 5%:ksi. Toimii erinomaisesti my\u00f6s karkeampaan likaan lattiamatoilla jne.<\/p>\n<p><strong>K\u00e4ytt\u00f6ohjeet Uute \u2013 em\u00e4ksinen rasvanpoistoaine, valmiiksi laimennettuna<\/strong><\/p>\n<p><strong>1.\u00a0<\/strong>Suihkuta valitulle pinnalle ja anna vaikuttaa noin minuutin ajan. Kylm\u00e4ll\u00e4 s\u00e4\u00e4ll\u00e4 (&lt;10 \u00b0C) kaikkien kemikaalien tulisi pysy\u00e4 pinnalla huomattavasti pidemp\u00e4\u00e4n, jotta ne olisivat t\u00e4ysin tehokkaita.<br \/>\n<strong>2.\u00a0<\/strong>Huuhtele pois korkealla paineella<br \/>\n<strong>3.\u00a0<\/strong>Aloita pesuprosessin seuraava vaihe<\/p>\n<p>Muista my\u00f6s, ett\u00e4 kaikenlaiset kemikaalit, erityisesti rasvanpoistoaineet (kylm\u00e4t\/em\u00e4ksiset), tarvitsevat pidemm\u00e4n vaikutusajan kylm\u00e4ll\u00e4 pinnalla. Kyll\u00e4, lupaan, ett\u00e4 ero on valtava. Kokeile siis itsellesi sopivaa aikaa, 5\u201315 minuuttia, mutta \u00e4l\u00e4 anna kuivua. Saatavilla my\u00f6s tiivisteen\u00e4, jossa 1 litrasta saa 20 litraa valmista tuotetta!<\/p>\n<p>T\u00e4m\u00e4 ei ratkaise terva-\/asfalttitahroja, silloin tarvitset kylm\u00e4rasvanpoistoaineemme Dissolve!<\/p>\n<p><strong>Tuoksu:<\/strong>\u00a0 Sitruuna<\/p>\n<p><em>S\u00e4ilyt\u00e4 pakkaselta suojattuna.<\/em><\/p>","protected":false},"excerpt":{"rendered":"<p>Uute \u2013 Em\u00e4ksinen rasvanpoistoaine, valmiiksi sekoitettuna, on erinomainen puhdistusliuos, joka poistaa orgaanisen lian, liikenteen aiheuttaman likaantumisen, hy\u00f6nteiset ja lev\u00e4t suoraan sekoittamatta.<\/p>","protected":false},"featured_media":27844,"comment_status":"open","ping_status":"closed","template":"","meta":{"_acf_changed":false,"_smort_price_nok":"","_smort_price_dkk":"","_smort_price_eur":"","_smort_sale_price_nok":"","_smort_sale_price_dkk":"","_smort_sale_price_eur":"","smort_restorder":"","shipmondo_restorder":"","_kad_blocks_custom_css":"","_kad_blocks_head_custom_js":"","_kad_blocks_body_custom_js":"","_kad_blocks_footer_custom_js":"","smort_custom_pricelist_1":"63.36","smort_custom_pricelist_2":"63.36","smort_custom_pricelist_3":"63.36","smort_custom_pricelist_4":"79.2","smort_custom_pricelist_5":"63.36"},"anvandningsomrade":[],"bilmarken":[],"product_brand":[2893],"product_cat":[2989,378],"product_tag":[],"class_list":{"0":"post-27843","1":"product","2":"type-product","3":"status-publish","4":"has-post-thumbnail","6":"product_brand-tershine","7":"product_cat-avfettning","8":"product_cat-bilvard","10":"first","11":"onbackorder","12":"taxable","13":"shipping-taxable","14":"purchasable","15":"product-type-simple"},"bundled_by":[],"bundle_stock_status":"onbackorder","bundle_stock_quantity":0,"bundle_virtual":false,"bundle_layout":"","bundle_add_to_cart_form_location":"","bundle_editable_in_cart":false,"bundle_sold_individually_context":"","bundle_item_grouping":"","bundle_min_size":"","bundle_max_size":"","bundle_price":[],"bundled_items":[],"bundle_sell_ids":[],"acf":[],"yoast_head":"<!-- This site is optimized with the Yoast SEO plugin v27.0 - https:\/\/yoast.com\/product\/yoast-seo-wordpress\/ -->\n<title>Tershine Extract - Alkalisk avfettning f\u00e4rdigutsp\u00e4dd 1 L - Xenonkungen<\/title>\n<meta name=\"robots\" content=\"index, follow, max-snippet:-1, max-image-preview:large, max-video-preview:-1\" \/>\n<link rel=\"canonical\" href=\"https:\/\/xenonkungen.com\/fi\/tuote\/tershine-uutetta-sisaltava-emaksinen-rasvanpoistoaine-kayttovalmis-1-l\/\" \/>\n<meta property=\"og:locale\" content=\"fi_FI\" \/>\n<meta property=\"og:type\" content=\"article\" \/>\n<meta property=\"og:title\" content=\"Tershine Extract - Alkalisk avfettning f\u00e4rdigutsp\u00e4dd 1 L - Xenonkungen\" \/>\n<meta property=\"og:description\" content=\"Extract \u2013 Alkalisk avfettning, f\u00e4rdigblandad \u00e4r en grym reng\u00f6ringsl\u00f6sning som tar bort organisk smuts, trafikfilm, insekter och alger direkt utan blandning.\" \/>\n<meta property=\"og:url\" content=\"https:\/\/xenonkungen.com\/fi\/tuote\/tershine-uutetta-sisaltava-emaksinen-rasvanpoistoaine-kayttovalmis-1-l\/\" \/>\n<meta property=\"og:site_name\" content=\"Xenonkungen\" \/>\n<meta property=\"article:modified_time\" content=\"2026-05-12T13:36:37+00:00\" \/>\n<meta property=\"og:image\" content=\"https:\/\/xenonkungen.com\/wp-content\/uploads\/2026\/03\/y2PqxojzwqiRVB1uM2NinNXYsWJgHErZPCDmxxhq.webp\" \/>\n\t<meta property=\"og:image:width\" content=\"1023\" \/>\n\t<meta property=\"og:image:height\" content=\"1023\" \/>\n\t<meta property=\"og:image:type\" content=\"image\/webp\" \/>\n<meta name=\"twitter:card\" content=\"summary_large_image\" \/>\n<meta name=\"twitter:label1\" content=\"Arvioitu lukuaika\" \/>\n\t<meta name=\"twitter:data1\" content=\"2 minuuttia\" \/>\n<script type=\"application\/ld+json\" class=\"yoast-schema-graph\">{\"@context\":\"https:\/\/schema.org\",\"@graph\":[{\"@type\":\"WebPage\",\"@id\":\"https:\/\/xenonkungen.com\/produkt\/tershine-extract-alkalisk-avfettning-fardigutspadd-1-l\/\",\"url\":\"https:\/\/xenonkungen.com\/produkt\/tershine-extract-alkalisk-avfettning-fardigutspadd-1-l\/\",\"name\":\"Tershine Extract - Alkalisk avfettning f\u00e4rdigutsp\u00e4dd 1 L - Xenonkungen\",\"isPartOf\":{\"@id\":\"https:\/\/xenonkungen.com\/#website\"},\"primaryImageOfPage\":{\"@id\":\"https:\/\/xenonkungen.com\/produkt\/tershine-extract-alkalisk-avfettning-fardigutspadd-1-l\/#primaryimage\"},\"image\":{\"@id\":\"https:\/\/xenonkungen.com\/produkt\/tershine-extract-alkalisk-avfettning-fardigutspadd-1-l\/#primaryimage\"},\"thumbnailUrl\":\"https:\/\/xenonkungen.com\/wp-content\/uploads\/2026\/03\/y2PqxojzwqiRVB1uM2NinNXYsWJgHErZPCDmxxhq.webp\",\"datePublished\":\"2026-03-16T09:13:26+00:00\",\"dateModified\":\"2026-05-12T13:36:37+00:00\",\"breadcrumb\":{\"@id\":\"https:\/\/xenonkungen.com\/produkt\/tershine-extract-alkalisk-avfettning-fardigutspadd-1-l\/#breadcrumb\"},\"inLanguage\":\"fi\",\"potentialAction\":[{\"@type\":\"ReadAction\",\"target\":[\"https:\/\/xenonkungen.com\/produkt\/tershine-extract-alkalisk-avfettning-fardigutspadd-1-l\/\"]}]},{\"@type\":\"ImageObject\",\"inLanguage\":\"fi\",\"@id\":\"https:\/\/xenonkungen.com\/produkt\/tershine-extract-alkalisk-avfettning-fardigutspadd-1-l\/#primaryimage\",\"url\":\"https:\/\/xenonkungen.com\/wp-content\/uploads\/2026\/03\/y2PqxojzwqiRVB1uM2NinNXYsWJgHErZPCDmxxhq.webp\",\"contentUrl\":\"https:\/\/xenonkungen.com\/wp-content\/uploads\/2026\/03\/y2PqxojzwqiRVB1uM2NinNXYsWJgHErZPCDmxxhq.webp\",\"width\":1023,\"height\":1023},{\"@type\":\"BreadcrumbList\",\"@id\":\"https:\/\/xenonkungen.com\/produkt\/tershine-extract-alkalisk-avfettning-fardigutspadd-1-l\/#breadcrumb\",\"itemListElement\":[{\"@type\":\"ListItem\",\"position\":1,\"name\":\"Hem\",\"item\":\"https:\/\/xenonkungen.com\/\"},{\"@type\":\"ListItem\",\"position\":2,\"name\":\"Shop\",\"item\":\"https:\/\/xenonkungen.com\/shop\/\"},{\"@type\":\"ListItem\",\"position\":3,\"name\":\"Tershine Extract &#8211; Alkalisk avfettning f\u00e4rdigutsp\u00e4dd 1 L\"}]},{\"@type\":\"WebSite\",\"@id\":\"https:\/\/xenonkungen.com\/#website\",\"url\":\"https:\/\/xenonkungen.com\/\",\"name\":\"Xenonkungen\",\"description\":\"\",\"potentialAction\":[{\"@type\":\"SearchAction\",\"target\":{\"@type\":\"EntryPoint\",\"urlTemplate\":\"https:\/\/xenonkungen.com\/?s={search_term_string}\"},\"query-input\":{\"@type\":\"PropertyValueSpecification\",\"valueRequired\":true,\"valueName\":\"search_term_string\"}}],\"inLanguage\":\"fi\"}]}<\/script>\n<!-- \/ Yoast SEO plugin. -->","yoast_head_json":{"title":"Tershine-uute - Em\u00e4ksinen rasvanpoistoaine, laimennettu 1 l - Xenonkungen","robots":{"index":"index","follow":"follow","max-snippet":"max-snippet:-1","max-image-preview":"max-image-preview:large","max-video-preview":"max-video-preview:-1"},"canonical":"https:\/\/xenonkungen.com\/fi\/tuote\/tershine-uutetta-sisaltava-emaksinen-rasvanpoistoaine-kayttovalmis-1-l\/","og_locale":"fi_FI","og_type":"article","og_title":"Tershine Extract - Alkalisk avfettning f\u00e4rdigutsp\u00e4dd 1 L - Xenonkungen","og_description":"Extract \u2013 Alkalisk avfettning, f\u00e4rdigblandad \u00e4r en grym reng\u00f6ringsl\u00f6sning som tar bort organisk smuts, trafikfilm, insekter och alger direkt utan blandning.","og_url":"https:\/\/xenonkungen.com\/fi\/tuote\/tershine-uutetta-sisaltava-emaksinen-rasvanpoistoaine-kayttovalmis-1-l\/","og_site_name":"Xenonkungen","article_modified_time":"2026-05-12T13:36:37+00:00","og_image":[{"width":1023,"height":1023,"url":"https:\/\/xenonkungen.com\/wp-content\/uploads\/2026\/03\/y2PqxojzwqiRVB1uM2NinNXYsWJgHErZPCDmxxhq.webp","type":"image\/webp"}],"twitter_card":"summary_large_image","twitter_misc":{"Arvioitu lukuaika":"2 minuuttia"},"schema":{"@context":"https:\/\/schema.org","@graph":[{"@type":"WebPage","@id":"https:\/\/xenonkungen.com\/produkt\/tershine-extract-alkalisk-avfettning-fardigutspadd-1-l\/","url":"https:\/\/xenonkungen.com\/produkt\/tershine-extract-alkalisk-avfettning-fardigutspadd-1-l\/","name":"Tershine-uute - Em\u00e4ksinen rasvanpoistoaine, laimennettu 1 l - Xenonkungen","isPartOf":{"@id":"https:\/\/xenonkungen.com\/#website"},"primaryImageOfPage":{"@id":"https:\/\/xenonkungen.com\/produkt\/tershine-extract-alkalisk-avfettning-fardigutspadd-1-l\/#primaryimage"},"image":{"@id":"https:\/\/xenonkungen.com\/produkt\/tershine-extract-alkalisk-avfettning-fardigutspadd-1-l\/#primaryimage"},"thumbnailUrl":"https:\/\/xenonkungen.com\/wp-content\/uploads\/2026\/03\/y2PqxojzwqiRVB1uM2NinNXYsWJgHErZPCDmxxhq.webp","datePublished":"2026-03-16T09:13:26+00:00","dateModified":"2026-05-12T13:36:37+00:00","breadcrumb":{"@id":"https:\/\/xenonkungen.com\/produkt\/tershine-extract-alkalisk-avfettning-fardigutspadd-1-l\/#breadcrumb"},"inLanguage":"fi","potentialAction":[{"@type":"ReadAction","target":["https:\/\/xenonkungen.com\/produkt\/tershine-extract-alkalisk-avfettning-fardigutspadd-1-l\/"]}]},{"@type":"ImageObject","inLanguage":"fi","@id":"https:\/\/xenonkungen.com\/produkt\/tershine-extract-alkalisk-avfettning-fardigutspadd-1-l\/#primaryimage","url":"https:\/\/xenonkungen.com\/wp-content\/uploads\/2026\/03\/y2PqxojzwqiRVB1uM2NinNXYsWJgHErZPCDmxxhq.webp","contentUrl":"https:\/\/xenonkungen.com\/wp-content\/uploads\/2026\/03\/y2PqxojzwqiRVB1uM2NinNXYsWJgHErZPCDmxxhq.webp","width":1023,"height":1023},{"@type":"BreadcrumbList","@id":"https:\/\/xenonkungen.com\/produkt\/tershine-extract-alkalisk-avfettning-fardigutspadd-1-l\/#breadcrumb","itemListElement":[{"@type":"ListItem","position":1,"name":"Hem","item":"https:\/\/xenonkungen.com\/"},{"@type":"ListItem","position":2,"name":"Shop","item":"https:\/\/xenonkungen.com\/shop\/"},{"@type":"ListItem","position":3,"name":"Tershine Extract &#8211; Alkalisk avfettning f\u00e4rdigutsp\u00e4dd 1 L"}]},{"@type":"WebSite","@id":"https:\/\/xenonkungen.com\/#website","url":"https:\/\/xenonkungen.com\/","name":"Xenonkungen","description":"","potentialAction":[{"@type":"SearchAction","target":{"@type":"EntryPoint","urlTemplate":"https:\/\/xenonkungen.com\/?s={search_term_string}"},"query-input":{"@type":"PropertyValueSpecification","valueRequired":true,"valueName":"search_term_string"}}],"inLanguage":"fi"}]}},"taxonomy_info":{"product_brand":[{"value":2893,"label":"Tershine"}],"product_cat":[{"value":2989,"label":"2 | Avfettning"},{"value":378,"label":"Bilv\u00e5rd"}]},"featured_image_src_large":["https:\/\/xenonkungen.com\/wp-content\/uploads\/2026\/03\/y2PqxojzwqiRVB1uM2NinNXYsWJgHErZPCDmxxhq.webp",1023,1023,false],"author_info":[],"comment_info":0,"_links":{"self":[{"href":"https:\/\/xenonkungen.com\/fi\/wp-json\/wp\/v2\/product\/27843","targetHints":{"allow":["GET"]}}],"collection":[{"href":"https:\/\/xenonkungen.com\/fi\/wp-json\/wp\/v2\/product"}],"about":[{"href":"https:\/\/xenonkungen.com\/fi\/wp-json\/wp\/v2\/types\/product"}],"replies":[{"embeddable":true,"href":"https:\/\/xenonkungen.com\/fi\/wp-json\/wp\/v2\/comments?post=27843"}],"wp:featuredmedia":[{"embeddable":true,"href":"https:\/\/xenonkungen.com\/fi\/wp-json\/wp\/v2\/media\/27844"}],"wp:attachment":[{"href":"https:\/\/xenonkungen.com\/fi\/wp-json\/wp\/v2\/media?parent=27843"}],"wp:term":[{"taxonomy":"anvandningsomrade","embeddable":true,"href":"https:\/\/xenonkungen.com\/fi\/wp-json\/wp\/v2\/anvandningsomrade?post=27843"},{"taxonomy":"bilmarken","embeddable":true,"href":"https:\/\/xenonkungen.com\/fi\/wp-json\/wp\/v2\/bilmarken?post=27843"},{"taxonomy":"product_brand","embeddable":true,"href":"https:\/\/xenonkungen.com\/fi\/wp-json\/wp\/v2\/product_brand?post=27843"},{"taxonomy":"product_cat","embeddable":true,"href":"https:\/\/xenonkungen.com\/fi\/wp-json\/wp\/v2\/product_cat?post=27843"},{"taxonomy":"product_tag","embeddable":true,"href":"https:\/\/xenonkungen.com\/fi\/wp-json\/wp\/v2\/product_tag?post=27843"}],"curies":[{"name":"wp","href":"https:\/\/api.w.org\/{rel}","templated":true}]}}