{"id":27871,"date":"2026-03-16T11:13:11","date_gmt":"2026-03-16T10:13:11","guid":{"rendered":"https:\/\/xenonkungen.com\/?post_type=product&#038;p=27871"},"modified":"2026-05-12T14:54:37","modified_gmt":"2026-05-12T13:54:37","slug":"tershine-magnify-coating-v2-maalinsuoja","status":"publish","type":"product","link":"https:\/\/xenonkungen.com\/fi\/tuote\/tershine-magnify-coating-v2-maalinsuoja\/","title":{"rendered":"Tershine Magnify \u2013 Coating v2 -maalisuoja"},"content":{"rendered":"<p>Pitk\u00e4kestoinen keraaminen maalipintasuoja, joka tarjoaa upean kiillon, suojan ja vedenpoiston.<\/p>\n<p><strong>Eritt\u00e4in helppo asentaa<br \/>\nKest\u00e4\u00e4 luonnonvoimia ja muita saasteita<br \/>\nTuote on valmistettu ilman per- ja polyfluorattuja aineita (PFAS).<br \/>\nToimii k\u00e4yt\u00e4nn\u00f6ss\u00e4 kaikilla pinnoilla<br \/>\nHelpottaa ajoneuvon huoltoa<br \/>\nKest\u00e4\u00e4 18\u201336 kuukautta<br \/>\nMuodostaa eritt\u00e4in vett\u00e4hylkiv\u00e4n pinnan<\/strong><\/p>\n<p>Magnify \u2013 Coating on keraaminen maalinsuoja-aine, joka on luotu kenen tahansa k\u00e4ytett\u00e4v\u00e4ksi aiemmasta tiedosta riippumatta! Tuotetta on todella superhelppo levitt\u00e4\u00e4, mutta kuten kaikessa autonhoidossa, mit\u00e4 perusteellisempi pohjaty\u00f6 on, sit\u00e4 parempi lopputulos.<\/p>\n<p>Antaa aivan fantastisen kiillon ja saa maalipinnan todella erottumaan, sek\u00e4 eritt\u00e4in pitk\u00e4kestoisen suojan (yli 18 kuukautta) sek\u00e4 kemikaaleja ett\u00e4 luonnonvoimia vastaan.<\/p>\n<p><strong>Magnifyn k\u00e4ytt\u00f6ohjeet \u2013 Coating V2<\/strong><\/p>\n<ol>\n<li>Pese ajoneuvosi eritt\u00e4in huolellisesti. K\u00e4yt\u00e4 kylm\u00e4rasvanpoistoainetta, em\u00e4ksist\u00e4 rasvanpoistoainetta, paineilmaruosteenpoistoainetta ja shampoota.<\/li>\n<li>Parhaan kest\u00e4vyyden saavuttamiseksi suosittelemme kiillotettua pintaa, mutta ymm\u00e4rr\u00e4mme, etteiv\u00e4t kaikki voi tai halua tehd\u00e4 niin. Pinta on kuitenkin esik\u00e4sitelt\u00e4v\u00e4 paneelien puhdistusliinalla (kuten omalla Primellamme), jotta maalisuoja tarttuu kunnolla pintaan.<\/li>\n<li>Levit\u00e4 pieni m\u00e4\u00e4r\u00e4 ainetta lohkon ymp\u00e4rille kehr\u00e4ttyyn mokkanahkaan ja levit\u00e4 suorin vedoin sek\u00e4 poikittain ett\u00e4 vinottain. On suositeltavaa vaihtaa kangas puhtaaseen ja uuteen muutaman paneelin j\u00e4lkeen.<\/li>\n<li><strong>Anna sen kuivua 4\u20138 minuuttia.<\/strong>\u00a0(riippuen hieman l\u00e4mm\u00f6st\u00e4, kosteudesta jne.) Aloita aina paneelilla ja testaa, miten mielest\u00e4si lopputulos on, eli 5 minuuttia voi yht\u00e4 hyvin olla 10 minuuttia sinun tapauksessasi.<\/li>\n<li>Pyyhi puhtaalla (ja mieluiten uudella) mikrokuituliinalla.<\/li>\n<li>Anna sen kuivua 12 tuntia ennen kuin pinta joutuu kosketuksiin veden kanssa parhaan kest\u00e4vyyden saavuttamiseksi. Kaikilla ei tietenk\u00e4\u00e4n ole t\u00e4t\u00e4 mahdollisuutta, mutta parhaan k\u00e4ytt\u00f6i\u00e4n takaamiseksi ajoneuvo tulisi mieluiten j\u00e4tt\u00e4\u00e4 esimerkiksi autotalliin y\u00f6n yli.<\/li>\n<\/ol>\n<p>Pakkaus sis\u00e4lt\u00e4\u00e4 30 ml:n pinnoitetta, yhden applikaattorilohkon ja 5 mokkanahkapyyhett\u00e4.<\/p>","protected":false},"excerpt":{"rendered":"<p>Keraaminen maalisuoja, joka tarjoaa upean kiillon, suojan ja pitk\u00e4kestoisen vedenpoiston.<\/p>","protected":false},"featured_media":27872,"comment_status":"open","ping_status":"closed","template":"","meta":{"_acf_changed":false,"_smort_price_nok":"","_smort_price_dkk":"","_smort_price_eur":"","_smort_sale_price_nok":"","_smort_sale_price_dkk":"","_smort_sale_price_eur":"","smort_restorder":"","shipmondo_restorder":"","_kad_blocks_custom_css":"","_kad_blocks_head_custom_js":"","_kad_blocks_body_custom_js":"","_kad_blocks_footer_custom_js":"","smort_custom_pricelist_1":"639.36","smort_custom_pricelist_2":"639.36","smort_custom_pricelist_3":"639.36","smort_custom_pricelist_4":"799.2","smort_custom_pricelist_5":"639.36"},"anvandningsomrade":[],"bilmarken":[],"product_brand":[2893],"product_cat":[2989,2614,378],"product_tag":[],"class_list":{"0":"post-27871","1":"product","2":"type-product","3":"status-publish","4":"has-post-thumbnail","6":"product_brand-tershine","7":"product_cat-avfettning","8":"product_cat-lackskydd","9":"product_cat-bilvard","11":"first","12":"onbackorder","13":"taxable","14":"shipping-taxable","15":"purchasable","16":"product-type-simple"},"bundled_by":[],"bundle_stock_status":"onbackorder","bundle_stock_quantity":0,"bundle_virtual":false,"bundle_layout":"","bundle_add_to_cart_form_location":"","bundle_editable_in_cart":false,"bundle_sold_individually_context":"","bundle_item_grouping":"","bundle_min_size":"","bundle_max_size":"","bundle_price":[],"bundled_items":[],"bundle_sell_ids":[],"acf":[],"yoast_head":"<!-- This site is optimized with the Yoast SEO plugin v27.0 - https:\/\/yoast.com\/product\/yoast-seo-wordpress\/ -->\n<title>Tershine Magnify - Coating v2 lackskydd - Xenonkungen<\/title>\n<meta name=\"robots\" content=\"index, follow, max-snippet:-1, max-image-preview:large, max-video-preview:-1\" \/>\n<link rel=\"canonical\" href=\"https:\/\/xenonkungen.com\/fi\/tuote\/tershine-magnify-coating-v2-maalinsuoja\/\" \/>\n<meta property=\"og:locale\" content=\"fi_FI\" \/>\n<meta property=\"og:type\" content=\"article\" \/>\n<meta property=\"og:title\" content=\"Tershine Magnify - Coating v2 lackskydd - Xenonkungen\" \/>\n<meta property=\"og:description\" content=\"Keramiskt lackskydd som ger fantastisk glans, skydd och avrinning under l\u00e5ng tid.\" \/>\n<meta property=\"og:url\" content=\"https:\/\/xenonkungen.com\/fi\/tuote\/tershine-magnify-coating-v2-maalinsuoja\/\" \/>\n<meta property=\"og:site_name\" content=\"Xenonkungen\" \/>\n<meta property=\"article:modified_time\" content=\"2026-05-12T13:54:37+00:00\" \/>\n<meta property=\"og:image\" content=\"https:\/\/xenonkungen.com\/wp-content\/uploads\/2026\/03\/MSysughrcmOzPCzZLLumjTYA0fRfSpOLTpVa3ETg.webp\" \/>\n\t<meta property=\"og:image:width\" content=\"1024\" \/>\n\t<meta property=\"og:image:height\" content=\"1024\" \/>\n\t<meta property=\"og:image:type\" content=\"image\/webp\" \/>\n<meta name=\"twitter:card\" content=\"summary_large_image\" \/>\n<meta name=\"twitter:label1\" content=\"Arvioitu lukuaika\" \/>\n\t<meta name=\"twitter:data1\" content=\"2 minuuttia\" \/>\n<script type=\"application\/ld+json\" class=\"yoast-schema-graph\">{\"@context\":\"https:\/\/schema.org\",\"@graph\":[{\"@type\":\"WebPage\",\"@id\":\"https:\/\/xenonkungen.com\/produkt\/tershine-magnify-coating-v2-lackskydd\/\",\"url\":\"https:\/\/xenonkungen.com\/produkt\/tershine-magnify-coating-v2-lackskydd\/\",\"name\":\"Tershine Magnify - Coating v2 lackskydd - Xenonkungen\",\"isPartOf\":{\"@id\":\"https:\/\/xenonkungen.com\/#website\"},\"primaryImageOfPage\":{\"@id\":\"https:\/\/xenonkungen.com\/produkt\/tershine-magnify-coating-v2-lackskydd\/#primaryimage\"},\"image\":{\"@id\":\"https:\/\/xenonkungen.com\/produkt\/tershine-magnify-coating-v2-lackskydd\/#primaryimage\"},\"thumbnailUrl\":\"https:\/\/xenonkungen.com\/wp-content\/uploads\/2026\/03\/MSysughrcmOzPCzZLLumjTYA0fRfSpOLTpVa3ETg.webp\",\"datePublished\":\"2026-03-16T10:13:11+00:00\",\"dateModified\":\"2026-05-12T13:54:37+00:00\",\"breadcrumb\":{\"@id\":\"https:\/\/xenonkungen.com\/produkt\/tershine-magnify-coating-v2-lackskydd\/#breadcrumb\"},\"inLanguage\":\"fi\",\"potentialAction\":[{\"@type\":\"ReadAction\",\"target\":[\"https:\/\/xenonkungen.com\/produkt\/tershine-magnify-coating-v2-lackskydd\/\"]}]},{\"@type\":\"ImageObject\",\"inLanguage\":\"fi\",\"@id\":\"https:\/\/xenonkungen.com\/produkt\/tershine-magnify-coating-v2-lackskydd\/#primaryimage\",\"url\":\"https:\/\/xenonkungen.com\/wp-content\/uploads\/2026\/03\/MSysughrcmOzPCzZLLumjTYA0fRfSpOLTpVa3ETg.webp\",\"contentUrl\":\"https:\/\/xenonkungen.com\/wp-content\/uploads\/2026\/03\/MSysughrcmOzPCzZLLumjTYA0fRfSpOLTpVa3ETg.webp\",\"width\":1024,\"height\":1024},{\"@type\":\"BreadcrumbList\",\"@id\":\"https:\/\/xenonkungen.com\/produkt\/tershine-magnify-coating-v2-lackskydd\/#breadcrumb\",\"itemListElement\":[{\"@type\":\"ListItem\",\"position\":1,\"name\":\"Hem\",\"item\":\"https:\/\/xenonkungen.com\/\"},{\"@type\":\"ListItem\",\"position\":2,\"name\":\"Shop\",\"item\":\"https:\/\/xenonkungen.com\/shop\/\"},{\"@type\":\"ListItem\",\"position\":3,\"name\":\"Tershine Magnify &#8211; Coating v2 lackskydd\"}]},{\"@type\":\"WebSite\",\"@id\":\"https:\/\/xenonkungen.com\/#website\",\"url\":\"https:\/\/xenonkungen.com\/\",\"name\":\"Xenonkungen\",\"description\":\"\",\"potentialAction\":[{\"@type\":\"SearchAction\",\"target\":{\"@type\":\"EntryPoint\",\"urlTemplate\":\"https:\/\/xenonkungen.com\/?s={search_term_string}\"},\"query-input\":{\"@type\":\"PropertyValueSpecification\",\"valueRequired\":true,\"valueName\":\"search_term_string\"}}],\"inLanguage\":\"fi\"}]}<\/script>\n<!-- \/ Yoast SEO plugin. -->","yoast_head_json":{"title":"Tershine Magnify - Coating v2 -maalisuojaus - Ksenonkuningas","robots":{"index":"index","follow":"follow","max-snippet":"max-snippet:-1","max-image-preview":"max-image-preview:large","max-video-preview":"max-video-preview:-1"},"canonical":"https:\/\/xenonkungen.com\/fi\/tuote\/tershine-magnify-coating-v2-maalinsuoja\/","og_locale":"fi_FI","og_type":"article","og_title":"Tershine Magnify - Coating v2 lackskydd - Xenonkungen","og_description":"Keramiskt lackskydd som ger fantastisk glans, skydd och avrinning under l\u00e5ng tid.","og_url":"https:\/\/xenonkungen.com\/fi\/tuote\/tershine-magnify-coating-v2-maalinsuoja\/","og_site_name":"Xenonkungen","article_modified_time":"2026-05-12T13:54:37+00:00","og_image":[{"width":1024,"height":1024,"url":"https:\/\/xenonkungen.com\/wp-content\/uploads\/2026\/03\/MSysughrcmOzPCzZLLumjTYA0fRfSpOLTpVa3ETg.webp","type":"image\/webp"}],"twitter_card":"summary_large_image","twitter_misc":{"Arvioitu lukuaika":"2 minuuttia"},"schema":{"@context":"https:\/\/schema.org","@graph":[{"@type":"WebPage","@id":"https:\/\/xenonkungen.com\/produkt\/tershine-magnify-coating-v2-lackskydd\/","url":"https:\/\/xenonkungen.com\/produkt\/tershine-magnify-coating-v2-lackskydd\/","name":"Tershine Magnify - Coating v2 -maalisuojaus - Ksenonkuningas","isPartOf":{"@id":"https:\/\/xenonkungen.com\/#website"},"primaryImageOfPage":{"@id":"https:\/\/xenonkungen.com\/produkt\/tershine-magnify-coating-v2-lackskydd\/#primaryimage"},"image":{"@id":"https:\/\/xenonkungen.com\/produkt\/tershine-magnify-coating-v2-lackskydd\/#primaryimage"},"thumbnailUrl":"https:\/\/xenonkungen.com\/wp-content\/uploads\/2026\/03\/MSysughrcmOzPCzZLLumjTYA0fRfSpOLTpVa3ETg.webp","datePublished":"2026-03-16T10:13:11+00:00","dateModified":"2026-05-12T13:54:37+00:00","breadcrumb":{"@id":"https:\/\/xenonkungen.com\/produkt\/tershine-magnify-coating-v2-lackskydd\/#breadcrumb"},"inLanguage":"fi","potentialAction":[{"@type":"ReadAction","target":["https:\/\/xenonkungen.com\/produkt\/tershine-magnify-coating-v2-lackskydd\/"]}]},{"@type":"ImageObject","inLanguage":"fi","@id":"https:\/\/xenonkungen.com\/produkt\/tershine-magnify-coating-v2-lackskydd\/#primaryimage","url":"https:\/\/xenonkungen.com\/wp-content\/uploads\/2026\/03\/MSysughrcmOzPCzZLLumjTYA0fRfSpOLTpVa3ETg.webp","contentUrl":"https:\/\/xenonkungen.com\/wp-content\/uploads\/2026\/03\/MSysughrcmOzPCzZLLumjTYA0fRfSpOLTpVa3ETg.webp","width":1024,"height":1024},{"@type":"BreadcrumbList","@id":"https:\/\/xenonkungen.com\/produkt\/tershine-magnify-coating-v2-lackskydd\/#breadcrumb","itemListElement":[{"@type":"ListItem","position":1,"name":"Hem","item":"https:\/\/xenonkungen.com\/"},{"@type":"ListItem","position":2,"name":"Shop","item":"https:\/\/xenonkungen.com\/shop\/"},{"@type":"ListItem","position":3,"name":"Tershine Magnify &#8211; Coating v2 lackskydd"}]},{"@type":"WebSite","@id":"https:\/\/xenonkungen.com\/#website","url":"https:\/\/xenonkungen.com\/","name":"Xenonkungen","description":"","potentialAction":[{"@type":"SearchAction","target":{"@type":"EntryPoint","urlTemplate":"https:\/\/xenonkungen.com\/?s={search_term_string}"},"query-input":{"@type":"PropertyValueSpecification","valueRequired":true,"valueName":"search_term_string"}}],"inLanguage":"fi"}]}},"taxonomy_info":{"product_brand":[{"value":2893,"label":"Tershine"}],"product_cat":[{"value":2989,"label":"2 | Avfettning"},{"value":2614,"label":"4 | Bilvax &amp; Lackskydd"},{"value":378,"label":"Bilv\u00e5rd"}]},"featured_image_src_large":["https:\/\/xenonkungen.com\/wp-content\/uploads\/2026\/03\/MSysughrcmOzPCzZLLumjTYA0fRfSpOLTpVa3ETg.webp",1024,1024,false],"author_info":[],"comment_info":0,"_links":{"self":[{"href":"https:\/\/xenonkungen.com\/fi\/wp-json\/wp\/v2\/product\/27871","targetHints":{"allow":["GET"]}}],"collection":[{"href":"https:\/\/xenonkungen.com\/fi\/wp-json\/wp\/v2\/product"}],"about":[{"href":"https:\/\/xenonkungen.com\/fi\/wp-json\/wp\/v2\/types\/product"}],"replies":[{"embeddable":true,"href":"https:\/\/xenonkungen.com\/fi\/wp-json\/wp\/v2\/comments?post=27871"}],"wp:featuredmedia":[{"embeddable":true,"href":"https:\/\/xenonkungen.com\/fi\/wp-json\/wp\/v2\/media\/27872"}],"wp:attachment":[{"href":"https:\/\/xenonkungen.com\/fi\/wp-json\/wp\/v2\/media?parent=27871"}],"wp:term":[{"taxonomy":"anvandningsomrade","embeddable":true,"href":"https:\/\/xenonkungen.com\/fi\/wp-json\/wp\/v2\/anvandningsomrade?post=27871"},{"taxonomy":"bilmarken","embeddable":true,"href":"https:\/\/xenonkungen.com\/fi\/wp-json\/wp\/v2\/bilmarken?post=27871"},{"taxonomy":"product_brand","embeddable":true,"href":"https:\/\/xenonkungen.com\/fi\/wp-json\/wp\/v2\/product_brand?post=27871"},{"taxonomy":"product_cat","embeddable":true,"href":"https:\/\/xenonkungen.com\/fi\/wp-json\/wp\/v2\/product_cat?post=27871"},{"taxonomy":"product_tag","embeddable":true,"href":"https:\/\/xenonkungen.com\/fi\/wp-json\/wp\/v2\/product_tag?post=27871"}],"curies":[{"name":"wp","href":"https:\/\/api.w.org\/{rel}","templated":true}]}}