{"id":27874,"date":"2026-03-16T11:20:40","date_gmt":"2026-03-16T10:20:40","guid":{"rendered":"https:\/\/xenonkungen.com\/?post_type=product&#038;p=27874"},"modified":"2026-04-24T17:47:58","modified_gmt":"2026-04-24T16:47:58","slug":"tershine-suurentava-lasitiiviste","status":"publish","type":"product","link":"https:\/\/xenonkungen.com\/fi\/tuote\/tershine-suurentava-lasitiiviste\/","title":{"rendered":"Tershine Magnify \u2013 Lasitiiviste"},"content":{"rendered":"<p>Eritt\u00e4in tehokas lasintiiviste (lasin k\u00e4sittely\/pinnoite), joka on superhelppo levitt\u00e4\u00e4. Tarjoaa vett\u00e4hylkiv\u00e4n pinnan ikkunoille, mik\u00e4 parantaa n\u00e4kyvyytt\u00e4 ja lis\u00e4\u00e4 turvallisuutta. Tuotteen s\u00e4ilyvyysaika on jopa 2 vuotta (yli 3200 km) ja se riitt\u00e4\u00e4 3\u20135 ikkunaan koosta riippuen.<\/p>\n<p><strong>Parempi n\u00e4kyvyys<br \/>\nEritt\u00e4in vett\u00e4hylkiv\u00e4 pinta<br \/>\nPitk\u00e4 s\u00e4ilyvyysaika<br \/>\nEritt\u00e4in helppo levitt\u00e4\u00e4<br \/>\nToimii kaikentyyppisiss\u00e4 lasi- ja muovi-ikkunoissa<br \/>\nTuote on valmistettu ilman per- ja polyfluorattuja aineita (PFAS).<br \/>\nJulmaa suihkuseinille<br \/>\nT\u00e4ydellinen kyp\u00e4r\u00e4n visiireille<br \/>\n<\/strong><\/p>\n<p>K\u00e4ytt\u00f6ohjeet\u00a0<strong>Suurenna \u2013 Lasin tiivistys<\/strong>:<\/p>\n<p><strong>1.<\/strong>\u00a0Puhdista ikkuna esimerkiksi Vison \u2013 Glass Cleanerilla tai Prime \u2013 Panel Wipe -puhdistusaineella.<br \/>\n<strong>2.<\/strong>\u00a0Taita kangas osiin ja levit\u00e4 poikittain<br \/>\n<strong>3.<\/strong>\u00a0Anna kuivua noin 10 minuuttia.<br \/>\n<strong>4.\u00a0<\/strong>Pyyhi puhtaalla, nukkaamattomalla mikrokuituliinalla.<br \/>\n<strong>5.<\/strong>\u00a0Se oli tosi kivaa, eik\u00f6 totta?<\/p>\n<p>Jos seisot ulkona, sen sis\u00e4lt\u00e4m\u00e4 alkoholi haihtuu nopeammin. Ole siis varovainen, jos levit\u00e4t sit\u00e4 ulkona tuulessa ja kuumassa paikassa. Lis\u00e4ksi sinun ei tarvitse rullata koko kangasta kerralla auki!<\/p>\n<p>Kangas tuntuu my\u00f6s &quot;kuivemmalta&quot;, mutta se riitt\u00e4\u00e4 silti useiden ikkunoiden puhdistamiseen.<\/p>\n<p>Se ei ole vain loistava auton ikkunoissa, vaan toimii my\u00f6s loistavasti lasink\u00e4sittelyn\u00e4 suihkusein\u00e4ss\u00e4, veneess\u00e4, moottoripy\u00f6r\u00e4n lippaassa, huvimajassa ja kyll\u00e4, lista on loputon. Uskomattoman yksinkertainen muotoilu, kuten &quot;savett-pussi&quot;, mutta revi yl\u00e4osa pois, ota liina ulos ja levit\u00e4 mihin tahansa lasi-\/muovi-ikkunaan, anna kuivua noin 10 minuuttia ja pyyhi sitten pois. Tietenkin t\u00e4ysin vapaa PFAS-yhdisteist\u00e4 ja muista ep\u00e4ilytt\u00e4vist\u00e4 aineista (kyll\u00e4, se on yleisemp\u00e4\u00e4 kuin luuletkaan fluorin ja muiden ep\u00e4ilytt\u00e4vien aineiden kanssa lasipinnoitteissa).<\/p>\n<p>Muista, ett\u00e4 mit\u00e4 perusteellisemmin puhdistat ikkunan etuk\u00e4teen, sit\u00e4 paremman tuloksen ja kest\u00e4vyyden saat. Voit siis puhdistaa sen Prime \u2013 Panel Wipe -puhdistusaineellamme tai vastaavalla IPA-puhdistusaineella. Muista my\u00f6s, ett\u00e4 liina &quot;haihtuu&quot; tuulessa jne. \u00c4l\u00e4 siis avaa koko kangasta kerralla, kun ajat ulkona. Avaa se vaiheittain!<\/p>\n<p><img decoding=\"async\" src=\"https:\/\/d3dnwnveix5428.cloudfront.net\/store_72f4e2a4-e492-4ff0-8f8a-c603645bdb5c\/media\/UYnhdK4LzDYprMcXM8iGNUX6kuwUi5FGkcFdcaqL.png\" \/><\/p>\n<p><span>Sis\u00e4lt\u00e4\u00e4: Propan-2-olia. VAARA: Helposti syttyv\u00e4 neste ja h\u00f6yry. \u00c4rsytt\u00e4\u00e4 voimakkaasti silmi\u00e4. Saattaa aiheuttaa uneliaisuutta tai huimausta. Jos tarvitaan l\u00e4\u00e4kinn\u00e4llist\u00e4 apua, n\u00e4yt\u00e4 pakkaus tai varoitusetiketti. S\u00e4ilyt\u00e4 lasten ulottumattomissa. Pid\u00e4 loitolla l\u00e4mm\u00f6st\u00e4, kuumista pinnoista, kipin\u00f6ist\u00e4, avotulesta tai muista sytytysl\u00e4hteist\u00e4. Tupakointi kielletty. V\u00e4lt\u00e4 p\u00f6lyn, h\u00f6yryjen, sumun, kaasun, h\u00f6yryjen ja suihkeen hengitt\u00e4mist\u00e4. Pese k\u00e4det huolellisesti k\u00e4yt\u00f6n j\u00e4lkeen. H\u00e4vit\u00e4 sis\u00e4lt\u00f6 ja pakkaus valtuutetussa j\u00e4tteenk\u00e4sittelylaitoksessa.<\/span><\/p>","protected":false},"excerpt":{"rendered":"<p>Lasipinnoite (lasin k\u00e4sittely\/pinnoite), joka on eritt\u00e4in helppo levitt\u00e4\u00e4 ja toimitetaan sile\u00e4n\u00e4 levyn\u00e4. Pitk\u00e4kestoinen ja parempi n\u00e4kyvyys!<\/p>","protected":false},"featured_media":27876,"comment_status":"open","ping_status":"closed","template":"","meta":{"_acf_changed":false,"_smort_price_nok":"","_smort_price_dkk":"","_smort_price_eur":"","_smort_sale_price_nok":"","_smort_sale_price_dkk":"","_smort_sale_price_eur":"","smort_restorder":"","shipmondo_restorder":"","_kad_blocks_custom_css":"","_kad_blocks_head_custom_js":"","_kad_blocks_body_custom_js":"","_kad_blocks_footer_custom_js":"","smort_custom_pricelist_1":"82.56","smort_custom_pricelist_2":"82.56","smort_custom_pricelist_3":"82.56","smort_custom_pricelist_4":"103.2","smort_custom_pricelist_5":"82.56"},"anvandningsomrade":[],"bilmarken":[],"product_brand":[2893],"product_cat":[2989,2614,378],"product_tag":[],"class_list":{"0":"post-27874","1":"product","2":"type-product","3":"status-publish","4":"has-post-thumbnail","6":"product_brand-tershine","7":"product_cat-avfettning","8":"product_cat-lackskydd","9":"product_cat-bilvard","11":"first","12":"instock","13":"taxable","14":"shipping-taxable","15":"purchasable","16":"product-type-simple"},"bundled_by":[],"bundle_stock_status":"instock","bundle_stock_quantity":18,"bundle_virtual":false,"bundle_layout":"","bundle_add_to_cart_form_location":"","bundle_editable_in_cart":false,"bundle_sold_individually_context":"","bundle_item_grouping":"","bundle_min_size":"","bundle_max_size":"","bundle_price":[],"bundled_items":[],"bundle_sell_ids":[],"acf":[],"yoast_head":"<!-- This site is optimized with the Yoast SEO plugin v27.0 - https:\/\/yoast.com\/product\/yoast-seo-wordpress\/ -->\n<title>Tershine Magnify - Glasf\u00f6rsegling - Xenonkungen<\/title>\n<meta name=\"robots\" content=\"index, follow, max-snippet:-1, max-image-preview:large, max-video-preview:-1\" \/>\n<link rel=\"canonical\" href=\"https:\/\/xenonkungen.com\/fi\/tuote\/tershine-suurentava-lasitiiviste\/\" \/>\n<meta property=\"og:locale\" content=\"fi_FI\" \/>\n<meta property=\"og:type\" content=\"article\" \/>\n<meta property=\"og:title\" content=\"Tershine Magnify - Glasf\u00f6rsegling - Xenonkungen\" \/>\n<meta property=\"og:description\" content=\"Glasf\u00f6rsegling (glasbehandling\/coating)\u00a0som \u00e4r superenkel att applicera och kommer som en smidig duk. L\u00e5ng h\u00e5llbarhet och b\u00e4ttre sikt!\" \/>\n<meta property=\"og:url\" content=\"https:\/\/xenonkungen.com\/fi\/tuote\/tershine-suurentava-lasitiiviste\/\" \/>\n<meta property=\"og:site_name\" content=\"Xenonkungen\" \/>\n<meta property=\"article:modified_time\" content=\"2026-04-24T16:47:58+00:00\" \/>\n<meta property=\"og:image\" content=\"https:\/\/xenonkungen.com\/wp-content\/uploads\/2026\/03\/kntdOxQJ0mybYVN1jDQH4tObDK0ulQ8K590sG6Er.webp\" \/>\n\t<meta property=\"og:image:width\" content=\"1024\" \/>\n\t<meta property=\"og:image:height\" content=\"1024\" \/>\n\t<meta property=\"og:image:type\" content=\"image\/webp\" \/>\n<meta name=\"twitter:card\" content=\"summary_large_image\" \/>\n<meta name=\"twitter:label1\" content=\"Arvioitu lukuaika\" \/>\n\t<meta name=\"twitter:data1\" content=\"3 minuuttia\" \/>\n<script type=\"application\/ld+json\" class=\"yoast-schema-graph\">{\"@context\":\"https:\/\/schema.org\",\"@graph\":[{\"@type\":\"WebPage\",\"@id\":\"https:\/\/xenonkungen.com\/produkt\/tershine-magnify-glasforsegling\/\",\"url\":\"https:\/\/xenonkungen.com\/produkt\/tershine-magnify-glasforsegling\/\",\"name\":\"Tershine Magnify - Glasf\u00f6rsegling - Xenonkungen\",\"isPartOf\":{\"@id\":\"https:\/\/xenonkungen.com\/#website\"},\"primaryImageOfPage\":{\"@id\":\"https:\/\/xenonkungen.com\/produkt\/tershine-magnify-glasforsegling\/#primaryimage\"},\"image\":{\"@id\":\"https:\/\/xenonkungen.com\/produkt\/tershine-magnify-glasforsegling\/#primaryimage\"},\"thumbnailUrl\":\"https:\/\/xenonkungen.com\/wp-content\/uploads\/2026\/03\/kntdOxQJ0mybYVN1jDQH4tObDK0ulQ8K590sG6Er.webp\",\"datePublished\":\"2026-03-16T10:20:40+00:00\",\"dateModified\":\"2026-04-24T16:47:58+00:00\",\"breadcrumb\":{\"@id\":\"https:\/\/xenonkungen.com\/produkt\/tershine-magnify-glasforsegling\/#breadcrumb\"},\"inLanguage\":\"fi\",\"potentialAction\":[{\"@type\":\"ReadAction\",\"target\":[\"https:\/\/xenonkungen.com\/produkt\/tershine-magnify-glasforsegling\/\"]}]},{\"@type\":\"ImageObject\",\"inLanguage\":\"fi\",\"@id\":\"https:\/\/xenonkungen.com\/produkt\/tershine-magnify-glasforsegling\/#primaryimage\",\"url\":\"https:\/\/xenonkungen.com\/wp-content\/uploads\/2026\/03\/kntdOxQJ0mybYVN1jDQH4tObDK0ulQ8K590sG6Er.webp\",\"contentUrl\":\"https:\/\/xenonkungen.com\/wp-content\/uploads\/2026\/03\/kntdOxQJ0mybYVN1jDQH4tObDK0ulQ8K590sG6Er.webp\",\"width\":1024,\"height\":1024},{\"@type\":\"BreadcrumbList\",\"@id\":\"https:\/\/xenonkungen.com\/produkt\/tershine-magnify-glasforsegling\/#breadcrumb\",\"itemListElement\":[{\"@type\":\"ListItem\",\"position\":1,\"name\":\"Hem\",\"item\":\"https:\/\/xenonkungen.com\/\"},{\"@type\":\"ListItem\",\"position\":2,\"name\":\"Shop\",\"item\":\"https:\/\/xenonkungen.com\/shop\/\"},{\"@type\":\"ListItem\",\"position\":3,\"name\":\"Tershine Magnify &#8211; Glasf\u00f6rsegling\"}]},{\"@type\":\"WebSite\",\"@id\":\"https:\/\/xenonkungen.com\/#website\",\"url\":\"https:\/\/xenonkungen.com\/\",\"name\":\"Xenonkungen\",\"description\":\"\",\"potentialAction\":[{\"@type\":\"SearchAction\",\"target\":{\"@type\":\"EntryPoint\",\"urlTemplate\":\"https:\/\/xenonkungen.com\/?s={search_term_string}\"},\"query-input\":{\"@type\":\"PropertyValueSpecification\",\"valueRequired\":true,\"valueName\":\"search_term_string\"}}],\"inLanguage\":\"fi\"}]}<\/script>\n<!-- \/ Yoast SEO plugin. -->","yoast_head_json":{"title":"Tershine Magnify - Lasitiiviste - Xenonkungen","robots":{"index":"index","follow":"follow","max-snippet":"max-snippet:-1","max-image-preview":"max-image-preview:large","max-video-preview":"max-video-preview:-1"},"canonical":"https:\/\/xenonkungen.com\/fi\/tuote\/tershine-suurentava-lasitiiviste\/","og_locale":"fi_FI","og_type":"article","og_title":"Tershine Magnify - Glasf\u00f6rsegling - Xenonkungen","og_description":"Glasf\u00f6rsegling (glasbehandling\/coating)\u00a0som \u00e4r superenkel att applicera och kommer som en smidig duk. L\u00e5ng h\u00e5llbarhet och b\u00e4ttre sikt!","og_url":"https:\/\/xenonkungen.com\/fi\/tuote\/tershine-suurentava-lasitiiviste\/","og_site_name":"Xenonkungen","article_modified_time":"2026-04-24T16:47:58+00:00","og_image":[{"width":1024,"height":1024,"url":"https:\/\/xenonkungen.com\/wp-content\/uploads\/2026\/03\/kntdOxQJ0mybYVN1jDQH4tObDK0ulQ8K590sG6Er.webp","type":"image\/webp"}],"twitter_card":"summary_large_image","twitter_misc":{"Arvioitu lukuaika":"3 minuuttia"},"schema":{"@context":"https:\/\/schema.org","@graph":[{"@type":"WebPage","@id":"https:\/\/xenonkungen.com\/produkt\/tershine-magnify-glasforsegling\/","url":"https:\/\/xenonkungen.com\/produkt\/tershine-magnify-glasforsegling\/","name":"Tershine Magnify - Lasitiiviste - Xenonkungen","isPartOf":{"@id":"https:\/\/xenonkungen.com\/#website"},"primaryImageOfPage":{"@id":"https:\/\/xenonkungen.com\/produkt\/tershine-magnify-glasforsegling\/#primaryimage"},"image":{"@id":"https:\/\/xenonkungen.com\/produkt\/tershine-magnify-glasforsegling\/#primaryimage"},"thumbnailUrl":"https:\/\/xenonkungen.com\/wp-content\/uploads\/2026\/03\/kntdOxQJ0mybYVN1jDQH4tObDK0ulQ8K590sG6Er.webp","datePublished":"2026-03-16T10:20:40+00:00","dateModified":"2026-04-24T16:47:58+00:00","breadcrumb":{"@id":"https:\/\/xenonkungen.com\/produkt\/tershine-magnify-glasforsegling\/#breadcrumb"},"inLanguage":"fi","potentialAction":[{"@type":"ReadAction","target":["https:\/\/xenonkungen.com\/produkt\/tershine-magnify-glasforsegling\/"]}]},{"@type":"ImageObject","inLanguage":"fi","@id":"https:\/\/xenonkungen.com\/produkt\/tershine-magnify-glasforsegling\/#primaryimage","url":"https:\/\/xenonkungen.com\/wp-content\/uploads\/2026\/03\/kntdOxQJ0mybYVN1jDQH4tObDK0ulQ8K590sG6Er.webp","contentUrl":"https:\/\/xenonkungen.com\/wp-content\/uploads\/2026\/03\/kntdOxQJ0mybYVN1jDQH4tObDK0ulQ8K590sG6Er.webp","width":1024,"height":1024},{"@type":"BreadcrumbList","@id":"https:\/\/xenonkungen.com\/produkt\/tershine-magnify-glasforsegling\/#breadcrumb","itemListElement":[{"@type":"ListItem","position":1,"name":"Hem","item":"https:\/\/xenonkungen.com\/"},{"@type":"ListItem","position":2,"name":"Shop","item":"https:\/\/xenonkungen.com\/shop\/"},{"@type":"ListItem","position":3,"name":"Tershine Magnify &#8211; Glasf\u00f6rsegling"}]},{"@type":"WebSite","@id":"https:\/\/xenonkungen.com\/#website","url":"https:\/\/xenonkungen.com\/","name":"Xenonkungen","description":"","potentialAction":[{"@type":"SearchAction","target":{"@type":"EntryPoint","urlTemplate":"https:\/\/xenonkungen.com\/?s={search_term_string}"},"query-input":{"@type":"PropertyValueSpecification","valueRequired":true,"valueName":"search_term_string"}}],"inLanguage":"fi"}]}},"taxonomy_info":{"product_brand":[{"value":2893,"label":"Tershine"}],"product_cat":[{"value":2989,"label":"2 | Avfettning"},{"value":2614,"label":"4 | Bilvax &amp; Lackskydd"},{"value":378,"label":"Bilv\u00e5rd"}]},"featured_image_src_large":["https:\/\/xenonkungen.com\/wp-content\/uploads\/2026\/03\/kntdOxQJ0mybYVN1jDQH4tObDK0ulQ8K590sG6Er.webp",1024,1024,false],"author_info":[],"comment_info":0,"_links":{"self":[{"href":"https:\/\/xenonkungen.com\/fi\/wp-json\/wp\/v2\/product\/27874","targetHints":{"allow":["GET"]}}],"collection":[{"href":"https:\/\/xenonkungen.com\/fi\/wp-json\/wp\/v2\/product"}],"about":[{"href":"https:\/\/xenonkungen.com\/fi\/wp-json\/wp\/v2\/types\/product"}],"replies":[{"embeddable":true,"href":"https:\/\/xenonkungen.com\/fi\/wp-json\/wp\/v2\/comments?post=27874"}],"wp:featuredmedia":[{"embeddable":true,"href":"https:\/\/xenonkungen.com\/fi\/wp-json\/wp\/v2\/media\/27876"}],"wp:attachment":[{"href":"https:\/\/xenonkungen.com\/fi\/wp-json\/wp\/v2\/media?parent=27874"}],"wp:term":[{"taxonomy":"anvandningsomrade","embeddable":true,"href":"https:\/\/xenonkungen.com\/fi\/wp-json\/wp\/v2\/anvandningsomrade?post=27874"},{"taxonomy":"bilmarken","embeddable":true,"href":"https:\/\/xenonkungen.com\/fi\/wp-json\/wp\/v2\/bilmarken?post=27874"},{"taxonomy":"product_brand","embeddable":true,"href":"https:\/\/xenonkungen.com\/fi\/wp-json\/wp\/v2\/product_brand?post=27874"},{"taxonomy":"product_cat","embeddable":true,"href":"https:\/\/xenonkungen.com\/fi\/wp-json\/wp\/v2\/product_cat?post=27874"},{"taxonomy":"product_tag","embeddable":true,"href":"https:\/\/xenonkungen.com\/fi\/wp-json\/wp\/v2\/product_tag?post=27874"}],"curies":[{"name":"wp","href":"https:\/\/api.w.org\/{rel}","templated":true}]}}