{"id":27883,"date":"2026-03-16T11:44:40","date_gmt":"2026-03-16T10:44:40","guid":{"rendered":"https:\/\/xenonkungen.com\/?post_type=product&#038;p=27883"},"modified":"2026-05-12T14:53:00","modified_gmt":"2026-05-12T13:53:00","slug":"tershine-mikrokuituinen-nukka","status":"publish","type":"product","link":"https:\/\/xenonkungen.com\/fi\/tuote\/tershine-mikrokuituinen-nukka\/","title":{"rendered":"Tershine-mikrokuitu \u2013 P\u00f6rr\u00f6inen"},"content":{"rendered":"<p>Korkealaatuinen pehme\u00e4 mikrokuituliinaliina.<\/p>\n<p><strong>Eritt\u00e4in hell\u00e4varainen pinnalle<br \/>\nT\u00e4ydellinen vahan pyyhkimiseen<br \/>\nSopii hyvin kodin siivoukseen<br \/>\nEritt\u00e4in korkea laatu<br \/>\nVoidaan pest\u00e4 yh\u00e4 uudelleen ja uudelleen<br \/>\nKaksipuolinen, toinen pehme\u00e4 ja toinen sile\u00e4mpi<\/strong><\/p>\n<p>T\u00e4m\u00e4 on ehdottomasti pehmein ja kuohkein mikrokuituliinamme, jossa on suhteellisen pitk\u00e4t kuidut. T\u00e4ydellinen vahan pyyhkimiseen, pikapuhdistukseen jne. Toinen puoli on v\u00e4h\u00e4n kuin yleisliina ja toinen puoli on superpehme\u00e4, reunaton ja siin\u00e4 on painettu tershine-logo.<\/p>\n<p><strong>GSM-koodi:<\/strong>\u00a0500<br \/>\n<strong>Koko:<\/strong>\u00a040x40 cm<br \/>\n<strong>Materiaali:<\/strong>\u00a080% polyesteri, 20% polyamidi<\/p>\n<p><strong>Hoito-ohjeet:<\/strong>\u00a0Pese 40 asteessa ilman huuhteluainetta. J\u00e4t\u00e4 tavallinen pesuaine pois, koska se yleens\u00e4 &quot;sulkee&quot; kuidut ja heikent\u00e4\u00e4 pyykin pesua. K\u00e4yt\u00e4 Refresh - Fiber Wash -pesuainetta (mikrokuitupesuaine) tai APC\/Alkaline-pesuainetta (koneen korkki voi j\u00e4\u00e4d\u00e4 hieman korkiksi), ja ne yleens\u00e4 toimivat hyvin.<\/p>","protected":false},"excerpt":{"rendered":"<p>Korkealaatuinen p\u00f6rr\u00f6inen mikrokuituliinan ansiosta t\u00e4ydellinen vahan pyyhkimiseen, pikapuhdistukseen jne.<\/p>","protected":false},"featured_media":27884,"comment_status":"open","ping_status":"closed","template":"","meta":{"_acf_changed":false,"_smort_price_nok":"","_smort_price_dkk":"","_smort_price_eur":"","_smort_sale_price_nok":"","_smort_sale_price_dkk":"","_smort_sale_price_eur":"","smort_restorder":"","shipmondo_restorder":"","_kad_blocks_custom_css":"","_kad_blocks_head_custom_js":"","_kad_blocks_body_custom_js":"","_kad_blocks_footer_custom_js":"","smort_custom_pricelist_1":"31.36","smort_custom_pricelist_2":"31.36","smort_custom_pricelist_3":"31.36","smort_custom_pricelist_4":"39.2","smort_custom_pricelist_5":"31.36"},"anvandningsomrade":[],"bilmarken":[],"product_brand":[2893],"product_cat":[2450,378],"product_tag":[],"class_list":{"0":"post-27883","1":"product","2":"type-product","3":"status-publish","4":"has-post-thumbnail","6":"product_brand-tershine","7":"product_cat-tillbehor-bilvard","8":"product_cat-bilvard","10":"first","11":"onbackorder","12":"taxable","13":"shipping-taxable","14":"purchasable","15":"product-type-simple"},"bundled_by":[],"bundle_stock_status":"onbackorder","bundle_stock_quantity":0,"bundle_virtual":false,"bundle_layout":"","bundle_add_to_cart_form_location":"","bundle_editable_in_cart":false,"bundle_sold_individually_context":"","bundle_item_grouping":"","bundle_min_size":"","bundle_max_size":"","bundle_price":[],"bundled_items":[],"bundle_sell_ids":[],"acf":[],"yoast_head":"<!-- This site is optimized with the Yoast SEO plugin v27.0 - https:\/\/yoast.com\/product\/yoast-seo-wordpress\/ -->\n<title>Tershine Mikrofiber - Fluff - Xenonkungen<\/title>\n<meta name=\"robots\" content=\"index, follow, max-snippet:-1, max-image-preview:large, max-video-preview:-1\" \/>\n<link rel=\"canonical\" href=\"https:\/\/xenonkungen.com\/fi\/tuote\/tershine-mikrokuituinen-nukka\/\" \/>\n<meta property=\"og:locale\" content=\"fi_FI\" \/>\n<meta property=\"og:type\" content=\"article\" \/>\n<meta property=\"og:title\" content=\"Tershine Mikrofiber - Fluff - Xenonkungen\" \/>\n<meta property=\"og:description\" content=\"Fluffig mikrofiberduk av h\u00f6g kvalitet. Perfekt f\u00f6r att torka av vax, quick detailers mm.\" \/>\n<meta property=\"og:url\" content=\"https:\/\/xenonkungen.com\/fi\/tuote\/tershine-mikrokuituinen-nukka\/\" \/>\n<meta property=\"og:site_name\" content=\"Xenonkungen\" \/>\n<meta property=\"article:modified_time\" content=\"2026-05-12T13:53:00+00:00\" \/>\n<meta property=\"og:image\" content=\"https:\/\/xenonkungen.com\/wp-content\/uploads\/2026\/03\/vOxZCDglHmwpriF8g1M2ZvNpxLDPfhhWC5vcDSqp.webp\" \/>\n\t<meta property=\"og:image:width\" content=\"1024\" \/>\n\t<meta property=\"og:image:height\" content=\"1024\" \/>\n\t<meta property=\"og:image:type\" content=\"image\/webp\" \/>\n<meta name=\"twitter:card\" content=\"summary_large_image\" \/>\n<meta name=\"twitter:label1\" content=\"Arvioitu lukuaika\" \/>\n\t<meta name=\"twitter:data1\" content=\"1 minuutti\" \/>\n<script type=\"application\/ld+json\" class=\"yoast-schema-graph\">{\"@context\":\"https:\/\/schema.org\",\"@graph\":[{\"@type\":\"WebPage\",\"@id\":\"https:\/\/xenonkungen.com\/produkt\/tershine-mikrofiber-fluff\/\",\"url\":\"https:\/\/xenonkungen.com\/produkt\/tershine-mikrofiber-fluff\/\",\"name\":\"Tershine Mikrofiber - Fluff - Xenonkungen\",\"isPartOf\":{\"@id\":\"https:\/\/xenonkungen.com\/#website\"},\"primaryImageOfPage\":{\"@id\":\"https:\/\/xenonkungen.com\/produkt\/tershine-mikrofiber-fluff\/#primaryimage\"},\"image\":{\"@id\":\"https:\/\/xenonkungen.com\/produkt\/tershine-mikrofiber-fluff\/#primaryimage\"},\"thumbnailUrl\":\"https:\/\/xenonkungen.com\/wp-content\/uploads\/2026\/03\/vOxZCDglHmwpriF8g1M2ZvNpxLDPfhhWC5vcDSqp.webp\",\"datePublished\":\"2026-03-16T10:44:40+00:00\",\"dateModified\":\"2026-05-12T13:53:00+00:00\",\"breadcrumb\":{\"@id\":\"https:\/\/xenonkungen.com\/produkt\/tershine-mikrofiber-fluff\/#breadcrumb\"},\"inLanguage\":\"fi\",\"potentialAction\":[{\"@type\":\"ReadAction\",\"target\":[\"https:\/\/xenonkungen.com\/produkt\/tershine-mikrofiber-fluff\/\"]}]},{\"@type\":\"ImageObject\",\"inLanguage\":\"fi\",\"@id\":\"https:\/\/xenonkungen.com\/produkt\/tershine-mikrofiber-fluff\/#primaryimage\",\"url\":\"https:\/\/xenonkungen.com\/wp-content\/uploads\/2026\/03\/vOxZCDglHmwpriF8g1M2ZvNpxLDPfhhWC5vcDSqp.webp\",\"contentUrl\":\"https:\/\/xenonkungen.com\/wp-content\/uploads\/2026\/03\/vOxZCDglHmwpriF8g1M2ZvNpxLDPfhhWC5vcDSqp.webp\",\"width\":1024,\"height\":1024},{\"@type\":\"BreadcrumbList\",\"@id\":\"https:\/\/xenonkungen.com\/produkt\/tershine-mikrofiber-fluff\/#breadcrumb\",\"itemListElement\":[{\"@type\":\"ListItem\",\"position\":1,\"name\":\"Hem\",\"item\":\"https:\/\/xenonkungen.com\/\"},{\"@type\":\"ListItem\",\"position\":2,\"name\":\"Shop\",\"item\":\"https:\/\/xenonkungen.com\/shop\/\"},{\"@type\":\"ListItem\",\"position\":3,\"name\":\"Tershine Mikrofiber &#8211; Fluff\"}]},{\"@type\":\"WebSite\",\"@id\":\"https:\/\/xenonkungen.com\/#website\",\"url\":\"https:\/\/xenonkungen.com\/\",\"name\":\"Xenonkungen\",\"description\":\"\",\"potentialAction\":[{\"@type\":\"SearchAction\",\"target\":{\"@type\":\"EntryPoint\",\"urlTemplate\":\"https:\/\/xenonkungen.com\/?s={search_term_string}\"},\"query-input\":{\"@type\":\"PropertyValueSpecification\",\"valueRequired\":true,\"valueName\":\"search_term_string\"}}],\"inLanguage\":\"fi\"}]}<\/script>\n<!-- \/ Yoast SEO plugin. -->","yoast_head_json":{"title":"Tershine-mikrokuitu - P\u00f6yhi - Xenon-kuningas","robots":{"index":"index","follow":"follow","max-snippet":"max-snippet:-1","max-image-preview":"max-image-preview:large","max-video-preview":"max-video-preview:-1"},"canonical":"https:\/\/xenonkungen.com\/fi\/tuote\/tershine-mikrokuituinen-nukka\/","og_locale":"fi_FI","og_type":"article","og_title":"Tershine Mikrofiber - Fluff - Xenonkungen","og_description":"Fluffig mikrofiberduk av h\u00f6g kvalitet. Perfekt f\u00f6r att torka av vax, quick detailers mm.","og_url":"https:\/\/xenonkungen.com\/fi\/tuote\/tershine-mikrokuituinen-nukka\/","og_site_name":"Xenonkungen","article_modified_time":"2026-05-12T13:53:00+00:00","og_image":[{"width":1024,"height":1024,"url":"https:\/\/xenonkungen.com\/wp-content\/uploads\/2026\/03\/vOxZCDglHmwpriF8g1M2ZvNpxLDPfhhWC5vcDSqp.webp","type":"image\/webp"}],"twitter_card":"summary_large_image","twitter_misc":{"Arvioitu lukuaika":"1 minuutti"},"schema":{"@context":"https:\/\/schema.org","@graph":[{"@type":"WebPage","@id":"https:\/\/xenonkungen.com\/produkt\/tershine-mikrofiber-fluff\/","url":"https:\/\/xenonkungen.com\/produkt\/tershine-mikrofiber-fluff\/","name":"Tershine-mikrokuitu - P\u00f6yhi - Xenon-kuningas","isPartOf":{"@id":"https:\/\/xenonkungen.com\/#website"},"primaryImageOfPage":{"@id":"https:\/\/xenonkungen.com\/produkt\/tershine-mikrofiber-fluff\/#primaryimage"},"image":{"@id":"https:\/\/xenonkungen.com\/produkt\/tershine-mikrofiber-fluff\/#primaryimage"},"thumbnailUrl":"https:\/\/xenonkungen.com\/wp-content\/uploads\/2026\/03\/vOxZCDglHmwpriF8g1M2ZvNpxLDPfhhWC5vcDSqp.webp","datePublished":"2026-03-16T10:44:40+00:00","dateModified":"2026-05-12T13:53:00+00:00","breadcrumb":{"@id":"https:\/\/xenonkungen.com\/produkt\/tershine-mikrofiber-fluff\/#breadcrumb"},"inLanguage":"fi","potentialAction":[{"@type":"ReadAction","target":["https:\/\/xenonkungen.com\/produkt\/tershine-mikrofiber-fluff\/"]}]},{"@type":"ImageObject","inLanguage":"fi","@id":"https:\/\/xenonkungen.com\/produkt\/tershine-mikrofiber-fluff\/#primaryimage","url":"https:\/\/xenonkungen.com\/wp-content\/uploads\/2026\/03\/vOxZCDglHmwpriF8g1M2ZvNpxLDPfhhWC5vcDSqp.webp","contentUrl":"https:\/\/xenonkungen.com\/wp-content\/uploads\/2026\/03\/vOxZCDglHmwpriF8g1M2ZvNpxLDPfhhWC5vcDSqp.webp","width":1024,"height":1024},{"@type":"BreadcrumbList","@id":"https:\/\/xenonkungen.com\/produkt\/tershine-mikrofiber-fluff\/#breadcrumb","itemListElement":[{"@type":"ListItem","position":1,"name":"Hem","item":"https:\/\/xenonkungen.com\/"},{"@type":"ListItem","position":2,"name":"Shop","item":"https:\/\/xenonkungen.com\/shop\/"},{"@type":"ListItem","position":3,"name":"Tershine Mikrofiber &#8211; Fluff"}]},{"@type":"WebSite","@id":"https:\/\/xenonkungen.com\/#website","url":"https:\/\/xenonkungen.com\/","name":"Xenonkungen","description":"","potentialAction":[{"@type":"SearchAction","target":{"@type":"EntryPoint","urlTemplate":"https:\/\/xenonkungen.com\/?s={search_term_string}"},"query-input":{"@type":"PropertyValueSpecification","valueRequired":true,"valueName":"search_term_string"}}],"inLanguage":"fi"}]}},"taxonomy_info":{"product_brand":[{"value":2893,"label":"Tershine"}],"product_cat":[{"value":2450,"label":"6 | Tillbeh\u00f6r"},{"value":378,"label":"Bilv\u00e5rd"}]},"featured_image_src_large":["https:\/\/xenonkungen.com\/wp-content\/uploads\/2026\/03\/vOxZCDglHmwpriF8g1M2ZvNpxLDPfhhWC5vcDSqp.webp",1024,1024,false],"author_info":[],"comment_info":0,"_links":{"self":[{"href":"https:\/\/xenonkungen.com\/fi\/wp-json\/wp\/v2\/product\/27883","targetHints":{"allow":["GET"]}}],"collection":[{"href":"https:\/\/xenonkungen.com\/fi\/wp-json\/wp\/v2\/product"}],"about":[{"href":"https:\/\/xenonkungen.com\/fi\/wp-json\/wp\/v2\/types\/product"}],"replies":[{"embeddable":true,"href":"https:\/\/xenonkungen.com\/fi\/wp-json\/wp\/v2\/comments?post=27883"}],"wp:featuredmedia":[{"embeddable":true,"href":"https:\/\/xenonkungen.com\/fi\/wp-json\/wp\/v2\/media\/27884"}],"wp:attachment":[{"href":"https:\/\/xenonkungen.com\/fi\/wp-json\/wp\/v2\/media?parent=27883"}],"wp:term":[{"taxonomy":"anvandningsomrade","embeddable":true,"href":"https:\/\/xenonkungen.com\/fi\/wp-json\/wp\/v2\/anvandningsomrade?post=27883"},{"taxonomy":"bilmarken","embeddable":true,"href":"https:\/\/xenonkungen.com\/fi\/wp-json\/wp\/v2\/bilmarken?post=27883"},{"taxonomy":"product_brand","embeddable":true,"href":"https:\/\/xenonkungen.com\/fi\/wp-json\/wp\/v2\/product_brand?post=27883"},{"taxonomy":"product_cat","embeddable":true,"href":"https:\/\/xenonkungen.com\/fi\/wp-json\/wp\/v2\/product_cat?post=27883"},{"taxonomy":"product_tag","embeddable":true,"href":"https:\/\/xenonkungen.com\/fi\/wp-json\/wp\/v2\/product_tag?post=27883"}],"curies":[{"name":"wp","href":"https:\/\/api.w.org\/{rel}","templated":true}]}}