{"id":27892,"date":"2026-03-16T11:58:14","date_gmt":"2026-03-16T10:58:14","guid":{"rendered":"https:\/\/xenonkungen.com\/?post_type=product&#038;p=27892"},"modified":"2026-04-24T17:48:08","modified_gmt":"2026-04-24T16:48:08","slug":"tershine-mikrokuitupyyhkeet-vakiokoko-5-kpl","status":"publish","type":"product","link":"https:\/\/xenonkungen.com\/fi\/tuote\/tershine-mikrokuitupyyhkeet-vakiokoko-5-kpl\/","title":{"rendered":"Tershine-mikrokuituliinat - vakiopakkaus 5 kpl"},"content":{"rendered":"<p>Viiden kappaleen pakkaus korkealaatuisia mikrokuituliinoja. Ei verrattavissa yksinkertaisempiin malleihin.<\/p>\n<p><strong>Eritt\u00e4in monipuolinen<br \/>\nTodella korkealaatuinen<br \/>\nSopii sek\u00e4 sis\u00e4- ett\u00e4 ulkok\u00e4ytt\u00f6\u00f6n<br \/>\nEritt\u00e4in sopiva kotiin<br \/>\nVoidaan pest\u00e4 yh\u00e4 uudelleen ja uudelleen<br \/>\nT\u00e4ydellinen APC:n, vahan ja maalipinnan suojaamiseen<\/strong><\/p>\n<p>Todella hieno mikrokuituliinan, joka sopii useimpiin k\u00e4ytt\u00f6tarkoituksiin. Eritt\u00e4in laadukas ja tuntuu enemm\u00e4n tai v\u00e4hemm\u00e4n samalta pesun j\u00e4lkeen. T\u00e4m\u00e4 on oma suosikkiliinamme. Toimii loistavasti kaiken pyyhkimiseen APC:st\u00e4 \u2013 yleispuhdistusaineisiin, kiillotus-\/maalisuoja-aineisiin, vahoihin, pikapuhdistusaineisiin jne. Myyd\u00e4\u00e4n viiden kappaleen pakkauksissa ja saatavilla harmaana tai vaaleansinisen\u00e4.<\/p>\n<p><strong>GSM-koodi:<\/strong>\u00a0320<br \/>\n<strong>Koko:<\/strong>\u00a040x40 cm<br \/>\n<strong>Materiaali:<\/strong>\u00a080% polyesteri, 20% polyamidi<\/p>\n<p>Valmistettu Koreassa<\/p>\n<p><strong>Hoito-ohjeet:<\/strong>\u00a0Pese 40 asteessa ilman huuhteluainetta. J\u00e4t\u00e4 tavallinen pesuaine pois, sill\u00e4 se usein &quot;sulkee&quot; kuidut ja heikent\u00e4\u00e4 vaatteiden pesua. K\u00e4yt\u00e4 Refresh - Fiber Wash -mikrokuitupesuainetta tai se toimii my\u00f6s APC\/Alkaline-pesuaineiden kanssa (koneessa voi olla korkkia).<\/p>\n<p>Saatavilla sinisen\u00e4 tai harmaana<\/p>","protected":false},"excerpt":{"rendered":"<p>Viisi eritt\u00e4in laadukasta mikrokuituliinoja. Eritt\u00e4in monipuolinen, t\u00e4ydellinen sek\u00e4 sis\u00e4- ett\u00e4 ulkok\u00e4ytt\u00f6\u00f6n.<\/p>","protected":false},"featured_media":27895,"comment_status":"open","ping_status":"closed","template":"","meta":{"_acf_changed":false,"_smort_price_nok":"","_smort_price_dkk":"","_smort_price_eur":"","_smort_sale_price_nok":"","_smort_sale_price_dkk":"","_smort_sale_price_eur":"","smort_restorder":"","shipmondo_restorder":"","_kad_blocks_custom_css":"","_kad_blocks_head_custom_js":"","_kad_blocks_body_custom_js":"","_kad_blocks_footer_custom_js":"","smort_custom_pricelist_1":"","smort_custom_pricelist_2":"","smort_custom_pricelist_3":"","smort_custom_pricelist_4":"","smort_custom_pricelist_5":""},"anvandningsomrade":[],"bilmarken":[],"product_brand":[2893],"product_cat":[2450,378],"product_tag":[],"class_list":{"0":"post-27892","1":"product","2":"type-product","3":"status-publish","4":"has-post-thumbnail","6":"product_brand-tershine","7":"product_cat-tillbehor-bilvard","8":"product_cat-bilvard","9":"pa_farg-bla","10":"pa_farg-gra","12":"first","13":"onbackorder","14":"taxable","15":"shipping-taxable","16":"purchasable","17":"product-type-variable"},"bundled_by":[],"bundle_stock_status":"onbackorder","bundle_stock_quantity":null,"bundle_virtual":false,"bundle_layout":"","bundle_add_to_cart_form_location":"","bundle_editable_in_cart":false,"bundle_sold_individually_context":"","bundle_item_grouping":"","bundle_min_size":"","bundle_max_size":"","bundle_price":[],"bundled_items":[],"bundle_sell_ids":[],"acf":[],"yoast_head":"<!-- This site is optimized with the Yoast SEO plugin v27.0 - https:\/\/yoast.com\/product\/yoast-seo-wordpress\/ -->\n<title>Tershine Mikrofiber - Standard 5-pack - Xenonkungen<\/title>\n<meta name=\"robots\" content=\"index, follow, max-snippet:-1, max-image-preview:large, max-video-preview:-1\" \/>\n<link rel=\"canonical\" href=\"https:\/\/xenonkungen.com\/fi\/tuote\/tershine-mikrokuitupyyhkeet-vakiokoko-5-kpl\/\" \/>\n<meta property=\"og:locale\" content=\"fi_FI\" \/>\n<meta property=\"og:type\" content=\"article\" \/>\n<meta property=\"og:title\" content=\"Tershine Mikrofiber - Standard 5-pack - Xenonkungen\" \/>\n<meta property=\"og:description\" content=\"Fem stycken mikrofiberdukar i grymt fin kvalitet. V\u00e4ldigt m\u00e5ngsidiga, perfekt b\u00e5da f\u00f6r in och utsida.\" \/>\n<meta property=\"og:url\" content=\"https:\/\/xenonkungen.com\/fi\/tuote\/tershine-mikrokuitupyyhkeet-vakiokoko-5-kpl\/\" \/>\n<meta property=\"og:site_name\" content=\"Xenonkungen\" \/>\n<meta property=\"article:modified_time\" content=\"2026-04-24T16:48:08+00:00\" \/>\n<meta property=\"og:image\" content=\"https:\/\/xenonkungen.com\/wp-content\/uploads\/2026\/03\/ONFUsFRDtXQBCu2VYGQv0SGCtubOlfCzJHOROw8O.webp\" \/>\n\t<meta property=\"og:image:width\" content=\"1024\" \/>\n\t<meta property=\"og:image:height\" content=\"1024\" \/>\n\t<meta property=\"og:image:type\" content=\"image\/webp\" \/>\n<meta name=\"twitter:card\" content=\"summary_large_image\" \/>\n<meta name=\"twitter:label1\" content=\"Arvioitu lukuaika\" \/>\n\t<meta name=\"twitter:data1\" content=\"1 minuutti\" \/>\n<script type=\"application\/ld+json\" class=\"yoast-schema-graph\">{\"@context\":\"https:\/\/schema.org\",\"@graph\":[{\"@type\":\"WebPage\",\"@id\":\"https:\/\/xenonkungen.com\/produkt\/tershine-mikrofiber-standard-5-pack\/\",\"url\":\"https:\/\/xenonkungen.com\/produkt\/tershine-mikrofiber-standard-5-pack\/\",\"name\":\"Tershine Mikrofiber - Standard 5-pack - Xenonkungen\",\"isPartOf\":{\"@id\":\"https:\/\/xenonkungen.com\/#website\"},\"primaryImageOfPage\":{\"@id\":\"https:\/\/xenonkungen.com\/produkt\/tershine-mikrofiber-standard-5-pack\/#primaryimage\"},\"image\":{\"@id\":\"https:\/\/xenonkungen.com\/produkt\/tershine-mikrofiber-standard-5-pack\/#primaryimage\"},\"thumbnailUrl\":\"https:\/\/xenonkungen.com\/wp-content\/uploads\/2026\/03\/ONFUsFRDtXQBCu2VYGQv0SGCtubOlfCzJHOROw8O.webp\",\"datePublished\":\"2026-03-16T10:58:14+00:00\",\"dateModified\":\"2026-04-24T16:48:08+00:00\",\"breadcrumb\":{\"@id\":\"https:\/\/xenonkungen.com\/produkt\/tershine-mikrofiber-standard-5-pack\/#breadcrumb\"},\"inLanguage\":\"fi\",\"potentialAction\":[{\"@type\":\"ReadAction\",\"target\":[\"https:\/\/xenonkungen.com\/produkt\/tershine-mikrofiber-standard-5-pack\/\"]}]},{\"@type\":\"ImageObject\",\"inLanguage\":\"fi\",\"@id\":\"https:\/\/xenonkungen.com\/produkt\/tershine-mikrofiber-standard-5-pack\/#primaryimage\",\"url\":\"https:\/\/xenonkungen.com\/wp-content\/uploads\/2026\/03\/ONFUsFRDtXQBCu2VYGQv0SGCtubOlfCzJHOROw8O.webp\",\"contentUrl\":\"https:\/\/xenonkungen.com\/wp-content\/uploads\/2026\/03\/ONFUsFRDtXQBCu2VYGQv0SGCtubOlfCzJHOROw8O.webp\",\"width\":1024,\"height\":1024},{\"@type\":\"BreadcrumbList\",\"@id\":\"https:\/\/xenonkungen.com\/produkt\/tershine-mikrofiber-standard-5-pack\/#breadcrumb\",\"itemListElement\":[{\"@type\":\"ListItem\",\"position\":1,\"name\":\"Hem\",\"item\":\"https:\/\/xenonkungen.com\/\"},{\"@type\":\"ListItem\",\"position\":2,\"name\":\"Shop\",\"item\":\"https:\/\/xenonkungen.com\/shop\/\"},{\"@type\":\"ListItem\",\"position\":3,\"name\":\"Tershine Mikrofiber &#8211; Standard 5-pack\"}]},{\"@type\":\"WebSite\",\"@id\":\"https:\/\/xenonkungen.com\/#website\",\"url\":\"https:\/\/xenonkungen.com\/\",\"name\":\"Xenonkungen\",\"description\":\"\",\"potentialAction\":[{\"@type\":\"SearchAction\",\"target\":{\"@type\":\"EntryPoint\",\"urlTemplate\":\"https:\/\/xenonkungen.com\/?s={search_term_string}\"},\"query-input\":{\"@type\":\"PropertyValueSpecification\",\"valueRequired\":true,\"valueName\":\"search_term_string\"}}],\"inLanguage\":\"fi\"}]}<\/script>\n<!-- \/ Yoast SEO plugin. -->","yoast_head_json":{"title":"Tershine-mikrokuituliinat - vakio 5 kpl - The Xenon King","robots":{"index":"index","follow":"follow","max-snippet":"max-snippet:-1","max-image-preview":"max-image-preview:large","max-video-preview":"max-video-preview:-1"},"canonical":"https:\/\/xenonkungen.com\/fi\/tuote\/tershine-mikrokuitupyyhkeet-vakiokoko-5-kpl\/","og_locale":"fi_FI","og_type":"article","og_title":"Tershine Mikrofiber - Standard 5-pack - Xenonkungen","og_description":"Fem stycken mikrofiberdukar i grymt fin kvalitet. V\u00e4ldigt m\u00e5ngsidiga, perfekt b\u00e5da f\u00f6r in och utsida.","og_url":"https:\/\/xenonkungen.com\/fi\/tuote\/tershine-mikrokuitupyyhkeet-vakiokoko-5-kpl\/","og_site_name":"Xenonkungen","article_modified_time":"2026-04-24T16:48:08+00:00","og_image":[{"width":1024,"height":1024,"url":"https:\/\/xenonkungen.com\/wp-content\/uploads\/2026\/03\/ONFUsFRDtXQBCu2VYGQv0SGCtubOlfCzJHOROw8O.webp","type":"image\/webp"}],"twitter_card":"summary_large_image","twitter_misc":{"Arvioitu lukuaika":"1 minuutti"},"schema":{"@context":"https:\/\/schema.org","@graph":[{"@type":"WebPage","@id":"https:\/\/xenonkungen.com\/produkt\/tershine-mikrofiber-standard-5-pack\/","url":"https:\/\/xenonkungen.com\/produkt\/tershine-mikrofiber-standard-5-pack\/","name":"Tershine-mikrokuituliinat - vakio 5 kpl - The Xenon King","isPartOf":{"@id":"https:\/\/xenonkungen.com\/#website"},"primaryImageOfPage":{"@id":"https:\/\/xenonkungen.com\/produkt\/tershine-mikrofiber-standard-5-pack\/#primaryimage"},"image":{"@id":"https:\/\/xenonkungen.com\/produkt\/tershine-mikrofiber-standard-5-pack\/#primaryimage"},"thumbnailUrl":"https:\/\/xenonkungen.com\/wp-content\/uploads\/2026\/03\/ONFUsFRDtXQBCu2VYGQv0SGCtubOlfCzJHOROw8O.webp","datePublished":"2026-03-16T10:58:14+00:00","dateModified":"2026-04-24T16:48:08+00:00","breadcrumb":{"@id":"https:\/\/xenonkungen.com\/produkt\/tershine-mikrofiber-standard-5-pack\/#breadcrumb"},"inLanguage":"fi","potentialAction":[{"@type":"ReadAction","target":["https:\/\/xenonkungen.com\/produkt\/tershine-mikrofiber-standard-5-pack\/"]}]},{"@type":"ImageObject","inLanguage":"fi","@id":"https:\/\/xenonkungen.com\/produkt\/tershine-mikrofiber-standard-5-pack\/#primaryimage","url":"https:\/\/xenonkungen.com\/wp-content\/uploads\/2026\/03\/ONFUsFRDtXQBCu2VYGQv0SGCtubOlfCzJHOROw8O.webp","contentUrl":"https:\/\/xenonkungen.com\/wp-content\/uploads\/2026\/03\/ONFUsFRDtXQBCu2VYGQv0SGCtubOlfCzJHOROw8O.webp","width":1024,"height":1024},{"@type":"BreadcrumbList","@id":"https:\/\/xenonkungen.com\/produkt\/tershine-mikrofiber-standard-5-pack\/#breadcrumb","itemListElement":[{"@type":"ListItem","position":1,"name":"Hem","item":"https:\/\/xenonkungen.com\/"},{"@type":"ListItem","position":2,"name":"Shop","item":"https:\/\/xenonkungen.com\/shop\/"},{"@type":"ListItem","position":3,"name":"Tershine Mikrofiber &#8211; Standard 5-pack"}]},{"@type":"WebSite","@id":"https:\/\/xenonkungen.com\/#website","url":"https:\/\/xenonkungen.com\/","name":"Xenonkungen","description":"","potentialAction":[{"@type":"SearchAction","target":{"@type":"EntryPoint","urlTemplate":"https:\/\/xenonkungen.com\/?s={search_term_string}"},"query-input":{"@type":"PropertyValueSpecification","valueRequired":true,"valueName":"search_term_string"}}],"inLanguage":"fi"}]}},"taxonomy_info":{"product_brand":[{"value":2893,"label":"Tershine"}],"product_cat":[{"value":2450,"label":"6 | Tillbeh\u00f6r"},{"value":378,"label":"Bilv\u00e5rd"}],"pa_farg":[{"value":2292,"label":"Bl\u00e5"},{"value":2904,"label":"Gr\u00e5"}]},"featured_image_src_large":["https:\/\/xenonkungen.com\/wp-content\/uploads\/2026\/03\/ONFUsFRDtXQBCu2VYGQv0SGCtubOlfCzJHOROw8O.webp",1024,1024,false],"author_info":[],"comment_info":0,"_links":{"self":[{"href":"https:\/\/xenonkungen.com\/fi\/wp-json\/wp\/v2\/product\/27892","targetHints":{"allow":["GET"]}}],"collection":[{"href":"https:\/\/xenonkungen.com\/fi\/wp-json\/wp\/v2\/product"}],"about":[{"href":"https:\/\/xenonkungen.com\/fi\/wp-json\/wp\/v2\/types\/product"}],"replies":[{"embeddable":true,"href":"https:\/\/xenonkungen.com\/fi\/wp-json\/wp\/v2\/comments?post=27892"}],"wp:featuredmedia":[{"embeddable":true,"href":"https:\/\/xenonkungen.com\/fi\/wp-json\/wp\/v2\/media\/27895"}],"wp:attachment":[{"href":"https:\/\/xenonkungen.com\/fi\/wp-json\/wp\/v2\/media?parent=27892"}],"wp:term":[{"taxonomy":"anvandningsomrade","embeddable":true,"href":"https:\/\/xenonkungen.com\/fi\/wp-json\/wp\/v2\/anvandningsomrade?post=27892"},{"taxonomy":"bilmarken","embeddable":true,"href":"https:\/\/xenonkungen.com\/fi\/wp-json\/wp\/v2\/bilmarken?post=27892"},{"taxonomy":"product_brand","embeddable":true,"href":"https:\/\/xenonkungen.com\/fi\/wp-json\/wp\/v2\/product_brand?post=27892"},{"taxonomy":"product_cat","embeddable":true,"href":"https:\/\/xenonkungen.com\/fi\/wp-json\/wp\/v2\/product_cat?post=27892"},{"taxonomy":"product_tag","embeddable":true,"href":"https:\/\/xenonkungen.com\/fi\/wp-json\/wp\/v2\/product_tag?post=27892"}],"curies":[{"name":"wp","href":"https:\/\/api.w.org\/{rel}","templated":true}]}}