{"id":2791,"date":"2025-04-15T08:42:58","date_gmt":"2025-04-15T08:42:58","guid":{"rendered":"https:\/\/xenonkungen.com\/product\/briodlights-arbetslampa-bred-900lm-50cm\/"},"modified":"2026-04-11T00:00:37","modified_gmt":"2026-04-10T23:00:37","slug":"briodlights-tyovalo-levea-900lm-50cm","status":"publish","type":"product","link":"https:\/\/xenonkungen.com\/fi\/tuote\/briodlights-tyovalo-levea-900lm-50cm\/","title":{"rendered":"BriodLights Ty\u00f6valaisin leve\u00e4 900lm 50cm"},"content":{"rendered":"<h1>BriodLights Minsting ty\u00f6valo 900 Lumenilla<\/h1>\n<p>Pienest\u00e4 koostaan huolimatta BriodLightin pienin ty\u00f6valo tuottaa vaikuttavan 900 lumenin tehon. T\u00e4m\u00e4 tehokas pieni ty\u00f6valo soveltuu erinomaisesti k\u00e4ytett\u00e4v\u00e4ksi erilaisissa ty\u00f6ymp\u00e4rist\u00f6iss\u00e4, kuten rakennusty\u00f6mailla ja ty\u00f6pajoissa.<\/p>\n<h2>Kompakti ja helppo sijoittaa<\/h2>\n<p>Vain 53 mm leve\u00e4, pieni mutta tehokas ty\u00f6valaisin on helppo sijoittaa erilaisiin tiloihin. Kompaktin kokonsa ansiosta se sopii erinomaisesti k\u00e4ytett\u00e4v\u00e4ksi ahtaissa tiloissa, joihin perinteinen ty\u00f6valaistus ei v\u00e4ltt\u00e4m\u00e4tt\u00e4 sovellu.<\/p>\n<h2>Tehokas valaistus<\/h2>\n<p>Pienemm\u00e4st\u00e4 koostaan huolimatta BriodLightin pienin ty\u00f6valo tarjoaa tehokkaan valon 900 lumenilla. T\u00e4m\u00e4 tekee siit\u00e4 tehokkaan ratkaisun ty\u00f6teht\u00e4vien valaistukseen ty\u00f6alueesta riippumatta.<\/p>\n<h2>Helppo liit\u00e4nt\u00e4 ja joustava asennus<\/h2>\n<p>T\u00e4ss\u00e4 ty\u00f6valaisimessa on 50 cm:n DT-kaapeli, joka on helppo liitt\u00e4\u00e4, ja ruostumattomasta ter\u00e4ksest\u00e4 valmistettu kiinnike, jota voidaan k\u00e4\u00e4nt\u00e4\u00e4 180 astetta, joten se on paitsi tehokas my\u00f6s joustava.<\/p>\n<h2>Takuu<\/h2>\n<p>BriodLightin pienimm\u00e4ll\u00e4 ty\u00f6valaisimella on 3 vuoden toimintatakuu, joka antaa sinulle lis\u00e4\u00e4 mielenrauhaa. Voit luottaa siihen, ett\u00e4 t\u00e4m\u00e4 pieni voimanpes\u00e4 tuottaa tarvitsemasi valaistuksen silloin, kun sit\u00e4 tarvitset.<\/p>","protected":false},"excerpt":{"rendered":"<p>BriodLights Minsting Arbetslampa med 900 Lumen Trots sin lilla storlek, levererar BriodLights minsting arbetslampa en imponerande 900 lumen. Denna kraftfulla lilla arbetslampa \u00e4r idealisk f\u00f6r anv\u00e4ndning i en m\u00e4ngd olika arbetsmilj\u00f6er, fr\u00e5n byggarbetsplatser till verkst\u00e4der och mer. Kompakt och L\u00e4ttplacerad Med en bredd p\u00e5 endast 53 mm, \u00e4r denna lilla men kraftfulla arbetslampa l\u00e4tt att [&hellip;]<\/p>","protected":false},"featured_media":2792,"comment_status":"closed","ping_status":"open","template":"","meta":{"_acf_changed":false,"_smort_price_nok":"358","_smort_price_dkk":"227","_smort_price_eur":"30.45","_smort_sale_price_nok":"","_smort_sale_price_dkk":"","_smort_sale_price_eur":"","smort_restorder":"","shipmondo_restorder":"","_kad_blocks_custom_css":"","_kad_blocks_head_custom_js":"","_kad_blocks_body_custom_js":"","_kad_blocks_footer_custom_js":"","smort_custom_pricelist_1":"214.4","smort_custom_pricelist_2":"187.6","smort_custom_pricelist_3":"178.22","smort_custom_pricelist_4":"268","smort_custom_pricelist_5":"187.6"},"anvandningsomrade":[],"bilmarken":[],"product_brand":[92],"product_cat":[2479,508],"product_tag":[2788],"class_list":{"0":"post-2791","1":"product","2":"type-product","3":"status-publish","4":"has-post-thumbnail","6":"product_brand-briodlights","7":"product_cat-backljus-backljus","8":"product_cat-arbetsbelysning","9":"product_tag-black-week-exclude","10":"pa_faktisk-effekts-forbrukning-879","11":"pa_fargtemperatur-6000k","12":"pa_fuktskydd-varde-ipxx-ip68","13":"pa_godkannande-e-godkand","14":"pa_lampsockel-kontakt-dt","15":"pa_ljusbild-flood","16":"pa_storlek-mm-527x754x322","17":"pa_stromforbrukning-043a24v","18":"pa_stromforbrukning-075a12v","19":"pa_volt-v-multivolt-10-12-16-18-24-28-30","21":"first","22":"instock","23":"taxable","24":"shipping-taxable","25":"purchasable","26":"product-type-simple"},"bundled_by":[],"bundle_stock_status":"instock","bundle_stock_quantity":3,"bundle_virtual":false,"bundle_layout":"","bundle_add_to_cart_form_location":"","bundle_editable_in_cart":false,"bundle_sold_individually_context":"","bundle_item_grouping":"","bundle_min_size":"","bundle_max_size":"","bundle_price":[],"bundled_items":[],"bundle_sell_ids":[],"acf":[],"yoast_head":"<!-- This site is optimized with the Yoast SEO plugin v27.0 - https:\/\/yoast.com\/product\/yoast-seo-wordpress\/ -->\n<title>BriodLights Arbetslampa bred 900lm 50cm - Xenonkungen<\/title>\n<meta name=\"robots\" content=\"index, follow, max-snippet:-1, max-image-preview:large, max-video-preview:-1\" \/>\n<link rel=\"canonical\" href=\"https:\/\/xenonkungen.com\/fi\/tuote\/briodlights-tyovalo-levea-900lm-50cm\/\" \/>\n<meta property=\"og:locale\" content=\"fi_FI\" \/>\n<meta property=\"og:type\" content=\"article\" \/>\n<meta property=\"og:title\" content=\"BriodLights Arbetslampa bred 900lm 50cm - Xenonkungen\" \/>\n<meta property=\"og:description\" content=\"BriodLights Minsting Arbetslampa med 900 Lumen Trots sin lilla storlek, levererar BriodLights minsting arbetslampa en imponerande 900 lumen. Denna kraftfulla lilla arbetslampa \u00e4r idealisk f\u00f6r anv\u00e4ndning i en m\u00e4ngd olika arbetsmilj\u00f6er, fr\u00e5n byggarbetsplatser till verkst\u00e4der och mer. Kompakt och L\u00e4ttplacerad Med en bredd p\u00e5 endast 53 mm, \u00e4r denna lilla men kraftfulla arbetslampa l\u00e4tt att [&hellip;]\" \/>\n<meta property=\"og:url\" content=\"https:\/\/xenonkungen.com\/fi\/tuote\/briodlights-tyovalo-levea-900lm-50cm\/\" \/>\n<meta property=\"og:site_name\" content=\"Xenonkungen\" \/>\n<meta property=\"article:modified_time\" content=\"2026-04-10T23:00:37+00:00\" \/>\n<meta property=\"og:image\" content=\"https:\/\/xenonkungen.com\/wp-content\/uploads\/2025\/04\/11116_itemimage_mainfront.jpg\" \/>\n\t<meta property=\"og:image:width\" content=\"2048\" \/>\n\t<meta property=\"og:image:height\" content=\"1536\" \/>\n\t<meta property=\"og:image:type\" content=\"image\/jpeg\" \/>\n<meta name=\"twitter:card\" content=\"summary_large_image\" \/>\n<meta name=\"twitter:label1\" content=\"Arvioitu lukuaika\" \/>\n\t<meta name=\"twitter:data1\" content=\"1 minuutti\" \/>\n<script type=\"application\/ld+json\" class=\"yoast-schema-graph\">{\"@context\":\"https:\/\/schema.org\",\"@graph\":[{\"@type\":\"WebPage\",\"@id\":\"https:\/\/xenonkungen.com\/produkt\/briodlights-arbetslampa-bred-900lm-50cm\/\",\"url\":\"https:\/\/xenonkungen.com\/produkt\/briodlights-arbetslampa-bred-900lm-50cm\/\",\"name\":\"BriodLights Arbetslampa bred 900lm 50cm - Xenonkungen\",\"isPartOf\":{\"@id\":\"https:\/\/xenonkungen.com\/#website\"},\"primaryImageOfPage\":{\"@id\":\"https:\/\/xenonkungen.com\/produkt\/briodlights-arbetslampa-bred-900lm-50cm\/#primaryimage\"},\"image\":{\"@id\":\"https:\/\/xenonkungen.com\/produkt\/briodlights-arbetslampa-bred-900lm-50cm\/#primaryimage\"},\"thumbnailUrl\":\"https:\/\/xenonkungen.com\/wp-content\/uploads\/2025\/04\/11116_itemimage_mainfront.jpg\",\"datePublished\":\"2025-04-15T08:42:58+00:00\",\"dateModified\":\"2026-04-10T23:00:37+00:00\",\"breadcrumb\":{\"@id\":\"https:\/\/xenonkungen.com\/produkt\/briodlights-arbetslampa-bred-900lm-50cm\/#breadcrumb\"},\"inLanguage\":\"fi\",\"potentialAction\":[{\"@type\":\"ReadAction\",\"target\":[\"https:\/\/xenonkungen.com\/produkt\/briodlights-arbetslampa-bred-900lm-50cm\/\"]}]},{\"@type\":\"ImageObject\",\"inLanguage\":\"fi\",\"@id\":\"https:\/\/xenonkungen.com\/produkt\/briodlights-arbetslampa-bred-900lm-50cm\/#primaryimage\",\"url\":\"https:\/\/xenonkungen.com\/wp-content\/uploads\/2025\/04\/11116_itemimage_mainfront.jpg\",\"contentUrl\":\"https:\/\/xenonkungen.com\/wp-content\/uploads\/2025\/04\/11116_itemimage_mainfront.jpg\",\"width\":2048,\"height\":1536},{\"@type\":\"BreadcrumbList\",\"@id\":\"https:\/\/xenonkungen.com\/produkt\/briodlights-arbetslampa-bred-900lm-50cm\/#breadcrumb\",\"itemListElement\":[{\"@type\":\"ListItem\",\"position\":1,\"name\":\"Hem\",\"item\":\"https:\/\/xenonkungen.com\/\"},{\"@type\":\"ListItem\",\"position\":2,\"name\":\"Shop\",\"item\":\"https:\/\/xenonkungen.com\/shop\/\"},{\"@type\":\"ListItem\",\"position\":3,\"name\":\"BriodLights Arbetslampa bred 900lm 50cm\"}]},{\"@type\":\"WebSite\",\"@id\":\"https:\/\/xenonkungen.com\/#website\",\"url\":\"https:\/\/xenonkungen.com\/\",\"name\":\"Xenonkungen\",\"description\":\"\",\"potentialAction\":[{\"@type\":\"SearchAction\",\"target\":{\"@type\":\"EntryPoint\",\"urlTemplate\":\"https:\/\/xenonkungen.com\/?s={search_term_string}\"},\"query-input\":{\"@type\":\"PropertyValueSpecification\",\"valueRequired\":true,\"valueName\":\"search_term_string\"}}],\"inLanguage\":\"fi\"}]}<\/script>\n<!-- \/ Yoast SEO plugin. -->","yoast_head_json":{"title":"BriodLights ty\u00f6valo leve\u00e4 900lm 50cm - Xenonkungen","robots":{"index":"index","follow":"follow","max-snippet":"max-snippet:-1","max-image-preview":"max-image-preview:large","max-video-preview":"max-video-preview:-1"},"canonical":"https:\/\/xenonkungen.com\/fi\/tuote\/briodlights-tyovalo-levea-900lm-50cm\/","og_locale":"fi_FI","og_type":"article","og_title":"BriodLights Arbetslampa bred 900lm 50cm - Xenonkungen","og_description":"BriodLights Minsting Arbetslampa med 900 Lumen Trots sin lilla storlek, levererar BriodLights minsting arbetslampa en imponerande 900 lumen. Denna kraftfulla lilla arbetslampa \u00e4r idealisk f\u00f6r anv\u00e4ndning i en m\u00e4ngd olika arbetsmilj\u00f6er, fr\u00e5n byggarbetsplatser till verkst\u00e4der och mer. Kompakt och L\u00e4ttplacerad Med en bredd p\u00e5 endast 53 mm, \u00e4r denna lilla men kraftfulla arbetslampa l\u00e4tt att [&hellip;]","og_url":"https:\/\/xenonkungen.com\/fi\/tuote\/briodlights-tyovalo-levea-900lm-50cm\/","og_site_name":"Xenonkungen","article_modified_time":"2026-04-10T23:00:37+00:00","og_image":[{"width":2048,"height":1536,"url":"https:\/\/xenonkungen.com\/wp-content\/uploads\/2025\/04\/11116_itemimage_mainfront.jpg","type":"image\/jpeg"}],"twitter_card":"summary_large_image","twitter_misc":{"Arvioitu lukuaika":"1 minuutti"},"schema":{"@context":"https:\/\/schema.org","@graph":[{"@type":"WebPage","@id":"https:\/\/xenonkungen.com\/produkt\/briodlights-arbetslampa-bred-900lm-50cm\/","url":"https:\/\/xenonkungen.com\/produkt\/briodlights-arbetslampa-bred-900lm-50cm\/","name":"BriodLights ty\u00f6valo leve\u00e4 900lm 50cm - Xenonkungen","isPartOf":{"@id":"https:\/\/xenonkungen.com\/#website"},"primaryImageOfPage":{"@id":"https:\/\/xenonkungen.com\/produkt\/briodlights-arbetslampa-bred-900lm-50cm\/#primaryimage"},"image":{"@id":"https:\/\/xenonkungen.com\/produkt\/briodlights-arbetslampa-bred-900lm-50cm\/#primaryimage"},"thumbnailUrl":"https:\/\/xenonkungen.com\/wp-content\/uploads\/2025\/04\/11116_itemimage_mainfront.jpg","datePublished":"2025-04-15T08:42:58+00:00","dateModified":"2026-04-10T23:00:37+00:00","breadcrumb":{"@id":"https:\/\/xenonkungen.com\/produkt\/briodlights-arbetslampa-bred-900lm-50cm\/#breadcrumb"},"inLanguage":"fi","potentialAction":[{"@type":"ReadAction","target":["https:\/\/xenonkungen.com\/produkt\/briodlights-arbetslampa-bred-900lm-50cm\/"]}]},{"@type":"ImageObject","inLanguage":"fi","@id":"https:\/\/xenonkungen.com\/produkt\/briodlights-arbetslampa-bred-900lm-50cm\/#primaryimage","url":"https:\/\/xenonkungen.com\/wp-content\/uploads\/2025\/04\/11116_itemimage_mainfront.jpg","contentUrl":"https:\/\/xenonkungen.com\/wp-content\/uploads\/2025\/04\/11116_itemimage_mainfront.jpg","width":2048,"height":1536},{"@type":"BreadcrumbList","@id":"https:\/\/xenonkungen.com\/produkt\/briodlights-arbetslampa-bred-900lm-50cm\/#breadcrumb","itemListElement":[{"@type":"ListItem","position":1,"name":"Hem","item":"https:\/\/xenonkungen.com\/"},{"@type":"ListItem","position":2,"name":"Shop","item":"https:\/\/xenonkungen.com\/shop\/"},{"@type":"ListItem","position":3,"name":"BriodLights Arbetslampa bred 900lm 50cm"}]},{"@type":"WebSite","@id":"https:\/\/xenonkungen.com\/#website","url":"https:\/\/xenonkungen.com\/","name":"Xenonkungen","description":"","potentialAction":[{"@type":"SearchAction","target":{"@type":"EntryPoint","urlTemplate":"https:\/\/xenonkungen.com\/?s={search_term_string}"},"query-input":{"@type":"PropertyValueSpecification","valueRequired":true,"valueName":"search_term_string"}}],"inLanguage":"fi"}]}},"taxonomy_info":{"product_brand":[{"value":92,"label":"Briodlights"}],"product_cat":[{"value":2479,"label":"Backljus"},{"value":508,"label":"Arbetsbelysning"}],"product_tag":[{"value":2788,"label":"black-week-exclude"}],"pa_faktisk-effekts-forbrukning":[{"value":879,"label":"11,2"}],"pa_fargtemperatur":[{"value":188,"label":"6000K"}],"pa_fuktskydd-varde-ipxx":[{"value":177,"label":"IP68"}],"pa_godkannande":[{"value":182,"label":"E-godk\u00e4nd"}],"pa_lampsockel-kontakt":[{"value":329,"label":"DT"}],"pa_ljusbild":[{"value":503,"label":"FLOOD"}],"pa_storlek-mm":[{"value":878,"label":"52,7x75,4x32,2"}],"pa_stromforbrukning":[{"value":881,"label":"0,43A@24V"},{"value":880,"label":"0,75A@12V"}],"pa_volt-v":[{"value":773,"label":"Multivolt, 10, 12, 16, 18, 24, 28, 30"}]},"featured_image_src_large":["https:\/\/xenonkungen.com\/wp-content\/uploads\/2025\/04\/11116_itemimage_mainfront-1024x768.jpg",1024,768,true],"author_info":[],"comment_info":0,"_links":{"self":[{"href":"https:\/\/xenonkungen.com\/fi\/wp-json\/wp\/v2\/product\/2791","targetHints":{"allow":["GET"]}}],"collection":[{"href":"https:\/\/xenonkungen.com\/fi\/wp-json\/wp\/v2\/product"}],"about":[{"href":"https:\/\/xenonkungen.com\/fi\/wp-json\/wp\/v2\/types\/product"}],"replies":[{"embeddable":true,"href":"https:\/\/xenonkungen.com\/fi\/wp-json\/wp\/v2\/comments?post=2791"}],"wp:featuredmedia":[{"embeddable":true,"href":"https:\/\/xenonkungen.com\/fi\/wp-json\/wp\/v2\/media\/2792"}],"wp:attachment":[{"href":"https:\/\/xenonkungen.com\/fi\/wp-json\/wp\/v2\/media?parent=2791"}],"wp:term":[{"taxonomy":"anvandningsomrade","embeddable":true,"href":"https:\/\/xenonkungen.com\/fi\/wp-json\/wp\/v2\/anvandningsomrade?post=2791"},{"taxonomy":"bilmarken","embeddable":true,"href":"https:\/\/xenonkungen.com\/fi\/wp-json\/wp\/v2\/bilmarken?post=2791"},{"taxonomy":"product_brand","embeddable":true,"href":"https:\/\/xenonkungen.com\/fi\/wp-json\/wp\/v2\/product_brand?post=2791"},{"taxonomy":"product_cat","embeddable":true,"href":"https:\/\/xenonkungen.com\/fi\/wp-json\/wp\/v2\/product_cat?post=2791"},{"taxonomy":"product_tag","embeddable":true,"href":"https:\/\/xenonkungen.com\/fi\/wp-json\/wp\/v2\/product_tag?post=2791"}],"curies":[{"name":"wp","href":"https:\/\/api.w.org\/{rel}","templated":true}]}}