{"id":27911,"date":"2026-03-16T13:15:40","date_gmt":"2026-03-16T12:15:40","guid":{"rendered":"https:\/\/xenonkungen.com\/?post_type=product&#038;p=27911"},"modified":"2026-05-12T14:51:59","modified_gmt":"2026-05-12T13:51:59","slug":"tershine-purify-bilschampo-neutral-500-ml","status":"publish","type":"product","link":"https:\/\/xenonkungen.com\/fi\/tuote\/tershine-purify-bilschampo-neutral-500-ml\/","title":{"rendered":"Tershine Purify \u2013 Autoshampoo Neutraali 500 ml"},"content":{"rendered":"<p>Superpuhdas ja eritt\u00e4in tehokas autonpesuaine. Sopii erinomaisesti kaikenlaisille ajoneuvoille, kuten matkailuautoille, asuntovaunuille, veneille, moottoripy\u00f6rille ja kuorma-autoille.<\/p>\n<p><strong>Eritt\u00e4in korkea sekoitussuhde 1:2000 (noin 100 pesukertaa)<br \/>\nEritt\u00e4in tehokas<br \/>\nToimii kaikenlaisilla pinnoilla<br \/>\nMuodostaa paksun vaahdon<br \/>\nToimii vaahtomuovilansseissa<br \/>\nToimii sek\u00e4 kirkkaalla ett\u00e4 mattamaalilla<\/strong><\/p>\n<p>Purify \u2013 Auton shampoo Neutral -k\u00e4ytt\u00f6ohjeet<\/p>\n<p>1.\u00a0H\u00e4ll i en skv\u00e4tt i hinken med vatten<strong><br \/>\n2.\u00a0<\/strong>Huuhtele korkeapainesuuttimella \u00e4mp\u00e4riin vaahdon aktivoimiseksi<strong><br \/>\n3.\u00a0<\/strong>Ved\u00e4 pesukinnasta suorin vedoin auton maalipinnan yli<strong><br \/>\n4.\u00a0<\/strong>Huuhtele ja pyyhi korkealaatuisella liinalla<strong><br \/>\n5.\u00a0<\/strong>Tied\u00e4mme tunteen: \u201dVoi kuinka ihanaa onkaan omistaa juuri pesty auto\u201d<\/p>\n<p>Purify on eritt\u00e4in tehokas shampoo, joka on erityisesti kehitetty irrottamaan likaa ja hiukkasia maalipinnasta kerralla. Se minimoi pesun aiheuttamien naarmujen tai olemassa olevan maalipinnan vaurioiden n\u00e4kyvyyden ja j\u00e4tt\u00e4\u00e4 j\u00e4lkeens\u00e4 korkeakiiltoisen pinnan.<\/p>\n<p>Eritt\u00e4in runsas shampoo, jonka sekoitussuhde on 1:1900 (noin 1:1900, sit\u00e4 on todella vaikea mitata), eli yksi korkillinen on yleens\u00e4 enemm\u00e4n kuin tarpeeksi. Purify tuottaa paksun ja ihanan vaahdon, joka luo kalvon maalin ja pesukintaan v\u00e4liin, ja toimii tietenkin loistavasti vaahtopistoolissa!<\/p>\n<p>Emme ole k\u00e4ytt\u00e4neet t\u00e4ss\u00e4 shampoossa lainkaan vahaa. Purify tehostaa sen sijaan olemassa olevaa suojaa ja j\u00e4tt\u00e4\u00e4 j\u00e4lkeens\u00e4 uskomattoman kauniin kiillon ja puhdistaa maalipinnan syv\u00e4lt\u00e4. Jos haluat viel\u00e4 enemm\u00e4n kiiltoa ja tehostusta, Purify S on oikea valinta. Riitt\u00e4\u00e4 noin 90\u2013100 pesuun.<\/p>\n<p>Eritt\u00e4in helppok\u00e4ytt\u00f6inen: sekoita \u00e4mp\u00e4ri 20 litraan vett\u00e4, kaada tilkka vett\u00e4 ja aktivoi vaahto korkeapainesuuttimella. Toimii tietenkin hyvin my\u00f6s tavallisella hanalla.<\/p>\n<p><strong>Tuoksu:<\/strong>\u00a0Mango<a title=\"Testivoittaja shampoo Purify Car care tershine\" href=\"https:\/\/www.google.se\/amp\/s\/glossgaragese.wordpress.com\/2017\/12\/11\/premium-schampo-test-infor-2018\/amp\/\"><br \/>\n<\/a><em>S\u00e4ilyt\u00e4 pakkaselta suojattuna.<\/em><\/p>","protected":false},"excerpt":{"rendered":"<p>Ett extremt drygt bilschampo som skummar mycket och har fantastiska reng\u00f6ringsegenskaper. Blandningsf\u00f6rh\u00e5llande p\u00e5 hela 1:2000.<\/p>","protected":false},"featured_media":27912,"comment_status":"open","ping_status":"closed","template":"","meta":{"_acf_changed":false,"_smort_price_nok":"","_smort_price_dkk":"","_smort_price_eur":"","_smort_sale_price_nok":"","_smort_sale_price_dkk":"","_smort_sale_price_eur":"","smort_restorder":"","shipmondo_restorder":"","_kad_blocks_custom_css":"","_kad_blocks_head_custom_js":"","_kad_blocks_body_custom_js":"","_kad_blocks_footer_custom_js":"","smort_custom_pricelist_1":"127.36","smort_custom_pricelist_2":"127.36","smort_custom_pricelist_3":"127.36","smort_custom_pricelist_4":"159.2","smort_custom_pricelist_5":"127.36"},"anvandningsomrade":[],"bilmarken":[],"product_brand":[2893],"product_cat":[2988,2892,2621,378],"product_tag":[],"class_list":{"0":"post-27911","1":"product","2":"type-product","3":"status-publish","4":"has-post-thumbnail","6":"product_brand-tershine","7":"product_cat-biltvatt","8":"product_cat-retail-produkter","9":"product_cat-bilschampo","10":"product_cat-bilvard","12":"first","13":"onbackorder","14":"taxable","15":"shipping-taxable","16":"purchasable","17":"product-type-simple"},"bundled_by":[],"bundle_stock_status":"onbackorder","bundle_stock_quantity":0,"bundle_virtual":false,"bundle_layout":"","bundle_add_to_cart_form_location":"","bundle_editable_in_cart":false,"bundle_sold_individually_context":"","bundle_item_grouping":"","bundle_min_size":"","bundle_max_size":"","bundle_price":[],"bundled_items":[],"bundle_sell_ids":[],"acf":[],"yoast_head":"<!-- This site is optimized with the Yoast SEO plugin v27.0 - https:\/\/yoast.com\/product\/yoast-seo-wordpress\/ -->\n<title>Tershine Purify - Bilschampo Neutral 500 ml - Xenonkungen<\/title>\n<meta name=\"robots\" content=\"index, follow, max-snippet:-1, max-image-preview:large, max-video-preview:-1\" \/>\n<link rel=\"canonical\" href=\"https:\/\/xenonkungen.com\/fi\/tuote\/tershine-purify-bilschampo-neutral-500-ml\/\" \/>\n<meta property=\"og:locale\" content=\"fi_FI\" \/>\n<meta property=\"og:type\" content=\"article\" \/>\n<meta property=\"og:title\" content=\"Tershine Purify - Bilschampo Neutral 500 ml - Xenonkungen\" \/>\n<meta property=\"og:description\" content=\"Ett extremt drygt bilschampo som skummar mycket och har fantastiska reng\u00f6ringsegenskaper. Blandningsf\u00f6rh\u00e5llande p\u00e5 hela 1:2000.\" \/>\n<meta property=\"og:url\" content=\"https:\/\/xenonkungen.com\/fi\/tuote\/tershine-purify-bilschampo-neutral-500-ml\/\" \/>\n<meta property=\"og:site_name\" content=\"Xenonkungen\" \/>\n<meta property=\"article:modified_time\" content=\"2026-05-12T13:51:59+00:00\" \/>\n<meta property=\"og:image\" content=\"https:\/\/xenonkungen.com\/wp-content\/uploads\/2026\/03\/GWMKM1Two9ihnFelQ86NWtiRbECBZYzp47cmsaBj.webp\" \/>\n\t<meta property=\"og:image:width\" content=\"1024\" \/>\n\t<meta property=\"og:image:height\" content=\"1024\" \/>\n\t<meta property=\"og:image:type\" content=\"image\/webp\" \/>\n<meta name=\"twitter:card\" content=\"summary_large_image\" \/>\n<meta name=\"twitter:label1\" content=\"Arvioitu lukuaika\" \/>\n\t<meta name=\"twitter:data1\" content=\"2 minuuttia\" \/>\n<script type=\"application\/ld+json\" class=\"yoast-schema-graph\">{\"@context\":\"https:\/\/schema.org\",\"@graph\":[{\"@type\":\"WebPage\",\"@id\":\"https:\/\/xenonkungen.com\/produkt\/tershine-purify-bilschampo-neutral-500-ml\/\",\"url\":\"https:\/\/xenonkungen.com\/produkt\/tershine-purify-bilschampo-neutral-500-ml\/\",\"name\":\"Tershine Purify - Bilschampo Neutral 500 ml - Xenonkungen\",\"isPartOf\":{\"@id\":\"https:\/\/xenonkungen.com\/#website\"},\"primaryImageOfPage\":{\"@id\":\"https:\/\/xenonkungen.com\/produkt\/tershine-purify-bilschampo-neutral-500-ml\/#primaryimage\"},\"image\":{\"@id\":\"https:\/\/xenonkungen.com\/produkt\/tershine-purify-bilschampo-neutral-500-ml\/#primaryimage\"},\"thumbnailUrl\":\"https:\/\/xenonkungen.com\/wp-content\/uploads\/2026\/03\/GWMKM1Two9ihnFelQ86NWtiRbECBZYzp47cmsaBj.webp\",\"datePublished\":\"2026-03-16T12:15:40+00:00\",\"dateModified\":\"2026-05-12T13:51:59+00:00\",\"breadcrumb\":{\"@id\":\"https:\/\/xenonkungen.com\/produkt\/tershine-purify-bilschampo-neutral-500-ml\/#breadcrumb\"},\"inLanguage\":\"fi\",\"potentialAction\":[{\"@type\":\"ReadAction\",\"target\":[\"https:\/\/xenonkungen.com\/produkt\/tershine-purify-bilschampo-neutral-500-ml\/\"]}]},{\"@type\":\"ImageObject\",\"inLanguage\":\"fi\",\"@id\":\"https:\/\/xenonkungen.com\/produkt\/tershine-purify-bilschampo-neutral-500-ml\/#primaryimage\",\"url\":\"https:\/\/xenonkungen.com\/wp-content\/uploads\/2026\/03\/GWMKM1Two9ihnFelQ86NWtiRbECBZYzp47cmsaBj.webp\",\"contentUrl\":\"https:\/\/xenonkungen.com\/wp-content\/uploads\/2026\/03\/GWMKM1Two9ihnFelQ86NWtiRbECBZYzp47cmsaBj.webp\",\"width\":1024,\"height\":1024},{\"@type\":\"BreadcrumbList\",\"@id\":\"https:\/\/xenonkungen.com\/produkt\/tershine-purify-bilschampo-neutral-500-ml\/#breadcrumb\",\"itemListElement\":[{\"@type\":\"ListItem\",\"position\":1,\"name\":\"Hem\",\"item\":\"https:\/\/xenonkungen.com\/\"},{\"@type\":\"ListItem\",\"position\":2,\"name\":\"Shop\",\"item\":\"https:\/\/xenonkungen.com\/shop\/\"},{\"@type\":\"ListItem\",\"position\":3,\"name\":\"Tershine Purify &#8211; Bilschampo Neutral 500 ml\"}]},{\"@type\":\"WebSite\",\"@id\":\"https:\/\/xenonkungen.com\/#website\",\"url\":\"https:\/\/xenonkungen.com\/\",\"name\":\"Xenonkungen\",\"description\":\"\",\"potentialAction\":[{\"@type\":\"SearchAction\",\"target\":{\"@type\":\"EntryPoint\",\"urlTemplate\":\"https:\/\/xenonkungen.com\/?s={search_term_string}\"},\"query-input\":{\"@type\":\"PropertyValueSpecification\",\"valueRequired\":true,\"valueName\":\"search_term_string\"}}],\"inLanguage\":\"fi\"}]}<\/script>\n<!-- \/ Yoast SEO plugin. -->","yoast_head_json":{"title":"Tershine Purify - Bilschampo Neutral 500 ml - Xenonkungen","robots":{"index":"index","follow":"follow","max-snippet":"max-snippet:-1","max-image-preview":"max-image-preview:large","max-video-preview":"max-video-preview:-1"},"canonical":"https:\/\/xenonkungen.com\/fi\/tuote\/tershine-purify-bilschampo-neutral-500-ml\/","og_locale":"fi_FI","og_type":"article","og_title":"Tershine Purify - Bilschampo Neutral 500 ml - Xenonkungen","og_description":"Ett extremt drygt bilschampo som skummar mycket och har fantastiska reng\u00f6ringsegenskaper. Blandningsf\u00f6rh\u00e5llande p\u00e5 hela 1:2000.","og_url":"https:\/\/xenonkungen.com\/fi\/tuote\/tershine-purify-bilschampo-neutral-500-ml\/","og_site_name":"Xenonkungen","article_modified_time":"2026-05-12T13:51:59+00:00","og_image":[{"width":1024,"height":1024,"url":"https:\/\/xenonkungen.com\/wp-content\/uploads\/2026\/03\/GWMKM1Two9ihnFelQ86NWtiRbECBZYzp47cmsaBj.webp","type":"image\/webp"}],"twitter_card":"summary_large_image","twitter_misc":{"Arvioitu lukuaika":"2 minuuttia"},"schema":{"@context":"https:\/\/schema.org","@graph":[{"@type":"WebPage","@id":"https:\/\/xenonkungen.com\/produkt\/tershine-purify-bilschampo-neutral-500-ml\/","url":"https:\/\/xenonkungen.com\/produkt\/tershine-purify-bilschampo-neutral-500-ml\/","name":"Tershine Purify - Bilschampo Neutral 500 ml - Xenonkungen","isPartOf":{"@id":"https:\/\/xenonkungen.com\/#website"},"primaryImageOfPage":{"@id":"https:\/\/xenonkungen.com\/produkt\/tershine-purify-bilschampo-neutral-500-ml\/#primaryimage"},"image":{"@id":"https:\/\/xenonkungen.com\/produkt\/tershine-purify-bilschampo-neutral-500-ml\/#primaryimage"},"thumbnailUrl":"https:\/\/xenonkungen.com\/wp-content\/uploads\/2026\/03\/GWMKM1Two9ihnFelQ86NWtiRbECBZYzp47cmsaBj.webp","datePublished":"2026-03-16T12:15:40+00:00","dateModified":"2026-05-12T13:51:59+00:00","breadcrumb":{"@id":"https:\/\/xenonkungen.com\/produkt\/tershine-purify-bilschampo-neutral-500-ml\/#breadcrumb"},"inLanguage":"fi","potentialAction":[{"@type":"ReadAction","target":["https:\/\/xenonkungen.com\/produkt\/tershine-purify-bilschampo-neutral-500-ml\/"]}]},{"@type":"ImageObject","inLanguage":"fi","@id":"https:\/\/xenonkungen.com\/produkt\/tershine-purify-bilschampo-neutral-500-ml\/#primaryimage","url":"https:\/\/xenonkungen.com\/wp-content\/uploads\/2026\/03\/GWMKM1Two9ihnFelQ86NWtiRbECBZYzp47cmsaBj.webp","contentUrl":"https:\/\/xenonkungen.com\/wp-content\/uploads\/2026\/03\/GWMKM1Two9ihnFelQ86NWtiRbECBZYzp47cmsaBj.webp","width":1024,"height":1024},{"@type":"BreadcrumbList","@id":"https:\/\/xenonkungen.com\/produkt\/tershine-purify-bilschampo-neutral-500-ml\/#breadcrumb","itemListElement":[{"@type":"ListItem","position":1,"name":"Hem","item":"https:\/\/xenonkungen.com\/"},{"@type":"ListItem","position":2,"name":"Shop","item":"https:\/\/xenonkungen.com\/shop\/"},{"@type":"ListItem","position":3,"name":"Tershine Purify &#8211; Bilschampo Neutral 500 ml"}]},{"@type":"WebSite","@id":"https:\/\/xenonkungen.com\/#website","url":"https:\/\/xenonkungen.com\/","name":"Xenonkungen","description":"","potentialAction":[{"@type":"SearchAction","target":{"@type":"EntryPoint","urlTemplate":"https:\/\/xenonkungen.com\/?s={search_term_string}"},"query-input":{"@type":"PropertyValueSpecification","valueRequired":true,"valueName":"search_term_string"}}],"inLanguage":"fi"}]}},"taxonomy_info":{"product_brand":[{"value":2893,"label":"Tershine"}],"product_cat":[{"value":2988,"label":"1 | Biltv\u00e4tt"},{"value":2892,"label":"\u00c5terf\u00f6rs\u00e4ljarprodukter"},{"value":2621,"label":"Bilschampo"},{"value":378,"label":"Bilv\u00e5rd"}]},"featured_image_src_large":["https:\/\/xenonkungen.com\/wp-content\/uploads\/2026\/03\/GWMKM1Two9ihnFelQ86NWtiRbECBZYzp47cmsaBj.webp",1024,1024,false],"author_info":[],"comment_info":0,"_links":{"self":[{"href":"https:\/\/xenonkungen.com\/fi\/wp-json\/wp\/v2\/product\/27911","targetHints":{"allow":["GET"]}}],"collection":[{"href":"https:\/\/xenonkungen.com\/fi\/wp-json\/wp\/v2\/product"}],"about":[{"href":"https:\/\/xenonkungen.com\/fi\/wp-json\/wp\/v2\/types\/product"}],"replies":[{"embeddable":true,"href":"https:\/\/xenonkungen.com\/fi\/wp-json\/wp\/v2\/comments?post=27911"}],"wp:featuredmedia":[{"embeddable":true,"href":"https:\/\/xenonkungen.com\/fi\/wp-json\/wp\/v2\/media\/27912"}],"wp:attachment":[{"href":"https:\/\/xenonkungen.com\/fi\/wp-json\/wp\/v2\/media?parent=27911"}],"wp:term":[{"taxonomy":"anvandningsomrade","embeddable":true,"href":"https:\/\/xenonkungen.com\/fi\/wp-json\/wp\/v2\/anvandningsomrade?post=27911"},{"taxonomy":"bilmarken","embeddable":true,"href":"https:\/\/xenonkungen.com\/fi\/wp-json\/wp\/v2\/bilmarken?post=27911"},{"taxonomy":"product_brand","embeddable":true,"href":"https:\/\/xenonkungen.com\/fi\/wp-json\/wp\/v2\/product_brand?post=27911"},{"taxonomy":"product_cat","embeddable":true,"href":"https:\/\/xenonkungen.com\/fi\/wp-json\/wp\/v2\/product_cat?post=27911"},{"taxonomy":"product_tag","embeddable":true,"href":"https:\/\/xenonkungen.com\/fi\/wp-json\/wp\/v2\/product_tag?post=27911"}],"curies":[{"name":"wp","href":"https:\/\/api.w.org\/{rel}","templated":true}]}}