{"id":27919,"date":"2026-03-16T13:37:39","date_gmt":"2026-03-16T12:37:39","guid":{"rendered":"https:\/\/xenonkungen.com\/?post_type=product&#038;p=27919"},"modified":"2026-04-24T17:48:27","modified_gmt":"2026-04-24T16:48:27","slug":"tershine-purify-s-keraaminen-autonshampoo-500-ml","status":"publish","type":"product","link":"https:\/\/xenonkungen.com\/fi\/tuote\/tershine-purify-s-keraaminen-autonshampoo-500-ml\/","title":{"rendered":"Tershine Purify S \u2013 Keraaminen autonpesuaine 500 ml"},"content":{"rendered":"<p>Purify S \u2013 Autoshampoo on seuraavan sukupolven eritt\u00e4in kiilt\u00e4v\u00e4 ja voimakkaasti vaahtoava autoshampoo, joka puhdistaa syv\u00e4lt\u00e4 ja j\u00e4tt\u00e4\u00e4 j\u00e4lkeens\u00e4 upean pinnan. T\u00e4ysin vaaramerkinn\u00e4t\u00f6n, biohajoava 100% ja toimii k\u00e4yt\u00e4nn\u00f6ss\u00e4 kaikissa ajoneuvoissa, kuten autoissa, asuntovaunuissa, asuntovaunuissa, kuorma-autoissa, veneiss\u00e4 ja moottoripy\u00f6riss\u00e4. Eritt\u00e4in korkea sekoitussuhde (1:1000) tekee siit\u00e4 eritt\u00e4in edullisen. Toimii erinomaisesti vaahtosuuttimissa.<\/p>\n<p><strong>Eritt\u00e4in korkea kiilto<br \/>\nPaksu vaahto<br \/>\nSaatavilla kahdessa eri ihanassa tuoksussa<br \/>\nToimii vaahtomuovilansseissa<br \/>\nSyv\u00e4puhdistus<br \/>\nEi sis\u00e4ll\u00e4 PFAS-yhdisteit\u00e4 eik\u00e4 VOC-yhdisteit\u00e4<br \/>\nTuotetta ei ole luokiteltu merkitt\u00e4v\u00e4ksi CLP-asetuksen (EY) 1272\/2008 mukaisesti.<\/p>\n<p><\/strong><\/p>\n<p><strong>Purify S \u2013 autoshampoon k\u00e4ytt\u00f6ohjeet:<br \/>\n<\/strong><br \/>\n<strong>1.<\/strong>\u00a0Kaada joukkoon tilkka haaleaa vett\u00e4<br \/>\n<strong>2.\u00a0<\/strong>P\u00f6yhi vaahto painepesurilla<br \/>\n<strong>3.<\/strong>\u00a0K\u00e4yt\u00e4 pesukintasta tai mikrokuituliinalla suoria vetoja maalipinnan yli.<br \/>\n<strong>4.<\/strong>\u00a0Huuhtele<br \/>\n<strong>5.<\/strong>\u00a0Tervetuloa kiilt\u00e4v\u00e4n tulevaisuuden maailmaan<\/p>\n<p>Purify S auttaa tehostamaan olemassa olevan maalipinnan suojaa, joten se kest\u00e4\u00e4 pidemp\u00e4\u00e4n, mutta toimii luonnollisesti yht\u00e4 hyvin my\u00f6s pinnoilla, joilla ei ole mink\u00e4\u00e4nlaista suojausta. Kiilto lis\u00e4\u00e4ntyy v\u00e4hitellen ensimm\u00e4isen tunnin aikana pesun j\u00e4lkeen. T\u00e4ysin turvallinen kaikenlaisille vahoille ja keraamisille ruiskumaalipinnoille. Toimii erinomaisesti kiilt\u00e4v\u00e4lle maalille, mattamaalille, kiilt\u00e4v\u00e4lle foliolle\/k\u00e4\u00e4reelle, mattafoliolle\/k\u00e4\u00e4reelle ja kaikenlaisille PPF\/kivifilmeille. Sit\u00e4 on saatavana kahtena ihanana tuoksuna: alkuper\u00e4inen, jossa on mukava appelsiinin (tai jonkin verran) ja vadelman tuoksu.<\/p>","protected":false},"excerpt":{"rendered":"<p>Testivoittajaksi noussut autoshampoo, joka vaahtoaa paljon ja antaa aivan uskomattoman kiillon! Sekoitussuhde 1:1000 tekee siit\u00e4 uskomattoman edullisen.<\/p>","protected":false},"featured_media":27920,"comment_status":"open","ping_status":"closed","template":"","meta":{"_acf_changed":false,"_smort_price_nok":"","_smort_price_dkk":"","_smort_price_eur":"","_smort_sale_price_nok":"","_smort_sale_price_dkk":"","_smort_sale_price_eur":"","smort_restorder":"","shipmondo_restorder":"","_kad_blocks_custom_css":"","_kad_blocks_head_custom_js":"","_kad_blocks_body_custom_js":"","_kad_blocks_footer_custom_js":"","smort_custom_pricelist_1":null,"smort_custom_pricelist_2":null,"smort_custom_pricelist_3":null,"smort_custom_pricelist_4":null,"smort_custom_pricelist_5":null},"anvandningsomrade":[],"bilmarken":[],"product_brand":[2893],"product_cat":[2988,2892,2621,378],"product_tag":[],"class_list":{"0":"post-27919","1":"product","2":"type-product","3":"status-publish","4":"has-post-thumbnail","6":"product_brand-tershine","7":"product_cat-biltvatt","8":"product_cat-retail-produkter","9":"product_cat-bilschampo","10":"product_cat-bilvard","12":"first","13":"onbackorder","14":"taxable","15":"shipping-taxable","16":"purchasable","17":"product-type-variable"},"bundled_by":[],"bundle_stock_status":"onbackorder","bundle_stock_quantity":null,"bundle_virtual":false,"bundle_layout":"","bundle_add_to_cart_form_location":"","bundle_editable_in_cart":false,"bundle_sold_individually_context":"","bundle_item_grouping":"","bundle_min_size":"","bundle_max_size":"","bundle_price":[],"bundled_items":[],"bundle_sell_ids":[],"acf":[],"yoast_head":"<!-- This site is optimized with the Yoast SEO plugin v27.0 - https:\/\/yoast.com\/product\/yoast-seo-wordpress\/ -->\n<title>Tershine Purify S - Keramiskt bilschampo 500 ml - Xenonkungen<\/title>\n<meta name=\"robots\" content=\"index, follow, max-snippet:-1, max-image-preview:large, max-video-preview:-1\" \/>\n<link rel=\"canonical\" href=\"https:\/\/xenonkungen.com\/fi\/tuote\/tershine-purify-s-keraaminen-autonshampoo-500-ml\/\" \/>\n<meta property=\"og:locale\" content=\"fi_FI\" \/>\n<meta property=\"og:type\" content=\"article\" \/>\n<meta property=\"og:title\" content=\"Tershine Purify S - Keramiskt bilschampo 500 ml - Xenonkungen\" \/>\n<meta property=\"og:description\" content=\"Testvinnande bilschampo som skummar massvis och ger en helt vansinnig glans! Blandningsf\u00f6rh\u00e5llande 1:1000 vilket g\u00f6r den grymt prisv\u00e4rd.\" \/>\n<meta property=\"og:url\" content=\"https:\/\/xenonkungen.com\/fi\/tuote\/tershine-purify-s-keraaminen-autonshampoo-500-ml\/\" \/>\n<meta property=\"og:site_name\" content=\"Xenonkungen\" \/>\n<meta property=\"article:modified_time\" content=\"2026-04-24T16:48:27+00:00\" \/>\n<meta property=\"og:image\" content=\"https:\/\/xenonkungen.com\/wp-content\/uploads\/2026\/03\/njyfSSPk3UT4rC4yOMozdpvwp6L4pge9nTuKfpBt.webp\" \/>\n\t<meta property=\"og:image:width\" content=\"1024\" \/>\n\t<meta property=\"og:image:height\" content=\"1024\" \/>\n\t<meta property=\"og:image:type\" content=\"image\/webp\" \/>\n<meta name=\"twitter:card\" content=\"summary_large_image\" \/>\n<meta name=\"twitter:label1\" content=\"Arvioitu lukuaika\" \/>\n\t<meta name=\"twitter:data1\" content=\"2 minuuttia\" \/>\n<script type=\"application\/ld+json\" class=\"yoast-schema-graph\">{\"@context\":\"https:\/\/schema.org\",\"@graph\":[{\"@type\":\"WebPage\",\"@id\":\"https:\/\/xenonkungen.com\/produkt\/tershine-purify-s-keramiskt-bilschampo-500-ml\/\",\"url\":\"https:\/\/xenonkungen.com\/produkt\/tershine-purify-s-keramiskt-bilschampo-500-ml\/\",\"name\":\"Tershine Purify S - Keramiskt bilschampo 500 ml - Xenonkungen\",\"isPartOf\":{\"@id\":\"https:\/\/xenonkungen.com\/#website\"},\"primaryImageOfPage\":{\"@id\":\"https:\/\/xenonkungen.com\/produkt\/tershine-purify-s-keramiskt-bilschampo-500-ml\/#primaryimage\"},\"image\":{\"@id\":\"https:\/\/xenonkungen.com\/produkt\/tershine-purify-s-keramiskt-bilschampo-500-ml\/#primaryimage\"},\"thumbnailUrl\":\"https:\/\/xenonkungen.com\/wp-content\/uploads\/2026\/03\/njyfSSPk3UT4rC4yOMozdpvwp6L4pge9nTuKfpBt.webp\",\"datePublished\":\"2026-03-16T12:37:39+00:00\",\"dateModified\":\"2026-04-24T16:48:27+00:00\",\"breadcrumb\":{\"@id\":\"https:\/\/xenonkungen.com\/produkt\/tershine-purify-s-keramiskt-bilschampo-500-ml\/#breadcrumb\"},\"inLanguage\":\"fi\",\"potentialAction\":[{\"@type\":\"ReadAction\",\"target\":[\"https:\/\/xenonkungen.com\/produkt\/tershine-purify-s-keramiskt-bilschampo-500-ml\/\"]}]},{\"@type\":\"ImageObject\",\"inLanguage\":\"fi\",\"@id\":\"https:\/\/xenonkungen.com\/produkt\/tershine-purify-s-keramiskt-bilschampo-500-ml\/#primaryimage\",\"url\":\"https:\/\/xenonkungen.com\/wp-content\/uploads\/2026\/03\/njyfSSPk3UT4rC4yOMozdpvwp6L4pge9nTuKfpBt.webp\",\"contentUrl\":\"https:\/\/xenonkungen.com\/wp-content\/uploads\/2026\/03\/njyfSSPk3UT4rC4yOMozdpvwp6L4pge9nTuKfpBt.webp\",\"width\":1024,\"height\":1024},{\"@type\":\"BreadcrumbList\",\"@id\":\"https:\/\/xenonkungen.com\/produkt\/tershine-purify-s-keramiskt-bilschampo-500-ml\/#breadcrumb\",\"itemListElement\":[{\"@type\":\"ListItem\",\"position\":1,\"name\":\"Hem\",\"item\":\"https:\/\/xenonkungen.com\/\"},{\"@type\":\"ListItem\",\"position\":2,\"name\":\"Shop\",\"item\":\"https:\/\/xenonkungen.com\/shop\/\"},{\"@type\":\"ListItem\",\"position\":3,\"name\":\"Tershine Purify S &#8211; Keramiskt bilschampo 500 ml\"}]},{\"@type\":\"WebSite\",\"@id\":\"https:\/\/xenonkungen.com\/#website\",\"url\":\"https:\/\/xenonkungen.com\/\",\"name\":\"Xenonkungen\",\"description\":\"\",\"potentialAction\":[{\"@type\":\"SearchAction\",\"target\":{\"@type\":\"EntryPoint\",\"urlTemplate\":\"https:\/\/xenonkungen.com\/?s={search_term_string}\"},\"query-input\":{\"@type\":\"PropertyValueSpecification\",\"valueRequired\":true,\"valueName\":\"search_term_string\"}}],\"inLanguage\":\"fi\"}]}<\/script>\n<!-- \/ Yoast SEO plugin. -->","yoast_head_json":{"title":"Tershine Purify S - Keraaminen autonpesuaine 500 ml - Xenonkungen","robots":{"index":"index","follow":"follow","max-snippet":"max-snippet:-1","max-image-preview":"max-image-preview:large","max-video-preview":"max-video-preview:-1"},"canonical":"https:\/\/xenonkungen.com\/fi\/tuote\/tershine-purify-s-keraaminen-autonshampoo-500-ml\/","og_locale":"fi_FI","og_type":"article","og_title":"Tershine Purify S - Keramiskt bilschampo 500 ml - Xenonkungen","og_description":"Testvinnande bilschampo som skummar massvis och ger en helt vansinnig glans! Blandningsf\u00f6rh\u00e5llande 1:1000 vilket g\u00f6r den grymt prisv\u00e4rd.","og_url":"https:\/\/xenonkungen.com\/fi\/tuote\/tershine-purify-s-keraaminen-autonshampoo-500-ml\/","og_site_name":"Xenonkungen","article_modified_time":"2026-04-24T16:48:27+00:00","og_image":[{"width":1024,"height":1024,"url":"https:\/\/xenonkungen.com\/wp-content\/uploads\/2026\/03\/njyfSSPk3UT4rC4yOMozdpvwp6L4pge9nTuKfpBt.webp","type":"image\/webp"}],"twitter_card":"summary_large_image","twitter_misc":{"Arvioitu lukuaika":"2 minuuttia"},"schema":{"@context":"https:\/\/schema.org","@graph":[{"@type":"WebPage","@id":"https:\/\/xenonkungen.com\/produkt\/tershine-purify-s-keramiskt-bilschampo-500-ml\/","url":"https:\/\/xenonkungen.com\/produkt\/tershine-purify-s-keramiskt-bilschampo-500-ml\/","name":"Tershine Purify S - Keraaminen autonpesuaine 500 ml - Xenonkungen","isPartOf":{"@id":"https:\/\/xenonkungen.com\/#website"},"primaryImageOfPage":{"@id":"https:\/\/xenonkungen.com\/produkt\/tershine-purify-s-keramiskt-bilschampo-500-ml\/#primaryimage"},"image":{"@id":"https:\/\/xenonkungen.com\/produkt\/tershine-purify-s-keramiskt-bilschampo-500-ml\/#primaryimage"},"thumbnailUrl":"https:\/\/xenonkungen.com\/wp-content\/uploads\/2026\/03\/njyfSSPk3UT4rC4yOMozdpvwp6L4pge9nTuKfpBt.webp","datePublished":"2026-03-16T12:37:39+00:00","dateModified":"2026-04-24T16:48:27+00:00","breadcrumb":{"@id":"https:\/\/xenonkungen.com\/produkt\/tershine-purify-s-keramiskt-bilschampo-500-ml\/#breadcrumb"},"inLanguage":"fi","potentialAction":[{"@type":"ReadAction","target":["https:\/\/xenonkungen.com\/produkt\/tershine-purify-s-keramiskt-bilschampo-500-ml\/"]}]},{"@type":"ImageObject","inLanguage":"fi","@id":"https:\/\/xenonkungen.com\/produkt\/tershine-purify-s-keramiskt-bilschampo-500-ml\/#primaryimage","url":"https:\/\/xenonkungen.com\/wp-content\/uploads\/2026\/03\/njyfSSPk3UT4rC4yOMozdpvwp6L4pge9nTuKfpBt.webp","contentUrl":"https:\/\/xenonkungen.com\/wp-content\/uploads\/2026\/03\/njyfSSPk3UT4rC4yOMozdpvwp6L4pge9nTuKfpBt.webp","width":1024,"height":1024},{"@type":"BreadcrumbList","@id":"https:\/\/xenonkungen.com\/produkt\/tershine-purify-s-keramiskt-bilschampo-500-ml\/#breadcrumb","itemListElement":[{"@type":"ListItem","position":1,"name":"Hem","item":"https:\/\/xenonkungen.com\/"},{"@type":"ListItem","position":2,"name":"Shop","item":"https:\/\/xenonkungen.com\/shop\/"},{"@type":"ListItem","position":3,"name":"Tershine Purify S &#8211; Keramiskt bilschampo 500 ml"}]},{"@type":"WebSite","@id":"https:\/\/xenonkungen.com\/#website","url":"https:\/\/xenonkungen.com\/","name":"Xenonkungen","description":"","potentialAction":[{"@type":"SearchAction","target":{"@type":"EntryPoint","urlTemplate":"https:\/\/xenonkungen.com\/?s={search_term_string}"},"query-input":{"@type":"PropertyValueSpecification","valueRequired":true,"valueName":"search_term_string"}}],"inLanguage":"fi"}]}},"taxonomy_info":{"product_brand":[{"value":2893,"label":"Tershine"}],"product_cat":[{"value":2988,"label":"1 | Biltv\u00e4tt"},{"value":2892,"label":"\u00c5terf\u00f6rs\u00e4ljarprodukter"},{"value":2621,"label":"Bilschampo"},{"value":378,"label":"Bilv\u00e5rd"}]},"featured_image_src_large":["https:\/\/xenonkungen.com\/wp-content\/uploads\/2026\/03\/njyfSSPk3UT4rC4yOMozdpvwp6L4pge9nTuKfpBt.webp",1024,1024,false],"author_info":[],"comment_info":0,"_links":{"self":[{"href":"https:\/\/xenonkungen.com\/fi\/wp-json\/wp\/v2\/product\/27919","targetHints":{"allow":["GET"]}}],"collection":[{"href":"https:\/\/xenonkungen.com\/fi\/wp-json\/wp\/v2\/product"}],"about":[{"href":"https:\/\/xenonkungen.com\/fi\/wp-json\/wp\/v2\/types\/product"}],"replies":[{"embeddable":true,"href":"https:\/\/xenonkungen.com\/fi\/wp-json\/wp\/v2\/comments?post=27919"}],"wp:featuredmedia":[{"embeddable":true,"href":"https:\/\/xenonkungen.com\/fi\/wp-json\/wp\/v2\/media\/27920"}],"wp:attachment":[{"href":"https:\/\/xenonkungen.com\/fi\/wp-json\/wp\/v2\/media?parent=27919"}],"wp:term":[{"taxonomy":"anvandningsomrade","embeddable":true,"href":"https:\/\/xenonkungen.com\/fi\/wp-json\/wp\/v2\/anvandningsomrade?post=27919"},{"taxonomy":"bilmarken","embeddable":true,"href":"https:\/\/xenonkungen.com\/fi\/wp-json\/wp\/v2\/bilmarken?post=27919"},{"taxonomy":"product_brand","embeddable":true,"href":"https:\/\/xenonkungen.com\/fi\/wp-json\/wp\/v2\/product_brand?post=27919"},{"taxonomy":"product_cat","embeddable":true,"href":"https:\/\/xenonkungen.com\/fi\/wp-json\/wp\/v2\/product_cat?post=27919"},{"taxonomy":"product_tag","embeddable":true,"href":"https:\/\/xenonkungen.com\/fi\/wp-json\/wp\/v2\/product_tag?post=27919"}],"curies":[{"name":"wp","href":"https:\/\/api.w.org\/{rel}","templated":true}]}}