{"id":27929,"date":"2026-03-16T13:49:15","date_gmt":"2026-03-16T12:49:15","guid":{"rendered":"https:\/\/xenonkungen.com\/?post_type=product&#038;p=27929"},"modified":"2026-04-24T17:48:23","modified_gmt":"2026-04-24T16:48:23","slug":"tershine-purify-s-auton-shampoo-5-l-2","status":"publish","type":"product","link":"https:\/\/xenonkungen.com\/fi\/tuote\/tershine-purify-s-auton-shampoo-5-l-2\/","title":{"rendered":"Tershine Purify S+ \u2013 Autoshampoo 500 ml"},"content":{"rendered":"<p>Autoshampoo ja maalipinnan suojaus samassa. Puhdistaa ja luo vett\u00e4hylkiv\u00e4n kalvon samalla vedolla. Ei voisi olla helpompaa! Toimii kaikenlaisissa ajoneuvoissa, kuten autoissa, veneiss\u00e4, asuntovaunuissa, matkailuautoissa, kuorma-autoissa ja moottoripy\u00f6riss\u00e4.<\/p>\n<p><strong>Eritt\u00e4in helppok\u00e4ytt\u00f6inen<br \/>\nJulma valumavesi<br \/>\nPuhdistaa ja suojaa maalipinnan yhdell\u00e4 vedolla<br \/>\nEritt\u00e4in kiilt\u00e4v\u00e4<br \/>\nIhana omenan tuoksu<br \/>\nToimii vaahtomuovilansseissa<br \/>\nTuote on valmistettu ilman per- ja polyfluorattuja aineita (PFAS).<\/strong><\/p>\n<p>Purfiy S+ \u2013 Autoshampoo poistoaineella k\u00e4ytt\u00f6ohjeet:<\/p>\n<p><strong>1.\u00a0<\/strong>Kaada tilkka \u00e4mp\u00e4riin ja kokeile vapaasti tarvitsemaasi m\u00e4\u00e4r\u00e4\u00e4. M\u00e4\u00e4r\u00e4 vaihtelee autosta toiseen, ja tuotteen sekoitussuhteet ovat alhaisemmat kuin muissa shampoissamme. Se melkein paranee mit\u00e4 enemm\u00e4n k\u00e4yt\u00e4t. Voidaan my\u00f6s levitt\u00e4\u00e4 suoraan hanskaan\/liinaan ja &quot;hieroa&quot; ihoon, mink\u00e4 j\u00e4lkeen se huuhdellaan pois.\u00a0<strong><br \/>\n2.\u00a0<\/strong>P\u00f6yhi vaahtoa korkealla paineella (toista tarvittaessa)<strong><br \/>\n3.\u00a0<\/strong>Ved\u00e4 pesukintasta\/mikrokuituliinaa suorin vedoin auton maalipinnan yli.<strong><br \/>\n4.\u00a0<\/strong>Huuhtele ja kuivaa korkealaatuisella liinalla.<strong><br \/>\n5.\u00a0<\/strong>Nauti eeppisest\u00e4 loistosta ja huikeasta sateesta!<\/p>\n<p>Purify S+ on niin sanottu keraaminen shampoo, jossa on vihre\u00e4n omenan tuoksu. Se puhdistuksen lis\u00e4ksi antaa paljon ihanaa kiiltoa ja j\u00e4tt\u00e4\u00e4 suojaavan kalvon, joka on eritt\u00e4in vett\u00e4hylkiv\u00e4! T\u00e4ydellinen niille, jotka haluavat suojata ajoneuvon maalipinnan helposti ilman suurempia koristeita tai parantaa olemassa olevaa suojaa.<\/p>\n<p dir=\"auto\">Sekoitussuhde 1:250\u20131:500 ja toimii aivan loistavasti vaahtopistoolissa. Toisin sanoen, eeppist\u00e4 niille teist\u00e4, joilla on suuria ajoneuvoja, kuten kuorma-autoja, kaivinkoneita tai kyll\u00e4, tietenkin KAIKILLE ajoneuvoille!<\/p>\n<p dir=\"auto\">Vaahto on itse asiassa ihan ok, mutta valitettavasti se on &quot;kemikaalien&quot; laki: valuminen v\u00e4hent\u00e4\u00e4 vaahtoa! Mutta sit\u00e4 on ihan ok p\u00f6yhi\u00e4 \u00e4mp\u00e4riss\u00e4 aika ajoin.<\/p>\n<p dir=\"auto\">T\u00e4m\u00e4 on loistava tuote niihin tilanteisiin, kun et voi ajaa maaliruiskutussuojan ja kaikkien vaiheiden kanssa, tai jos haluat vain yll\u00e4pit\u00e4\u00e4 olemassa olevaa suojaustasi, kuten Magnify - Coating tai Refract - maaliruiskutussuoja. Se antaa todella hyv\u00e4n vedenpoiston jopa t\u00e4ysin kuolleelle maalille, ja jos sinulla on jo alla oleva suojaus, se tehostaa sit\u00e4 huomattavasti. T\u00e4m\u00e4 on t\u00e4ydellinen tuote sek\u00e4 aloittelijoille ett\u00e4 meille koville pesij\u00f6ille, joilla ei joskus oikein tunnu olevan aikaa kunnon pesuun kaikkien vaiheiden kanssa. On pieni kompromissi saada kaikki samassa pullossa, mutta t\u00e4m\u00e4 on todellakin oma uusi suosikkini, koska sit\u00e4 on niin pirun helppo k\u00e4ytt\u00e4\u00e4 ja se antaa superhyv\u00e4n tuloksen. Toimii loistavasti teippi-\/ppf-maalin ja my\u00f6s mattamaalin kanssa. Loistava my\u00f6s veneess\u00e4, asuntovaunussa\/vaunussa, vesiskootterissa, kyll\u00e4, se toimii melkein kaikkeen.<\/p>\n<p dir=\"auto\">Hienoa on, ett\u00e4 sinun ei todellakaan tarvitse &quot;panikoida&quot;, jos tuote ei huuhtoudu pois v\u00e4litt\u00f6m\u00e4sti. Toisin sanoen voit pest\u00e4 koko ajoneuvon rauhassa ennen sen huuhtelua, aivan kuten muutkin shampoomme. Aloitat tietenkin kaikilla edellisill\u00e4 vaiheilla, kuten rasvanpoistolla, vanteiden puhdistuksella jne. Toisin sanoen, t\u00e4ysin normaalilla pesulla.<\/p>\n<p dir=\"auto\">Voidaan k\u00e4ytt\u00e4\u00e4 edullisesti vaahtopistoolissa. Kuten tavallista, moni eri tekij\u00e4 vaikuttaa, joten kokeile rohkeasti, kunnes l\u00f6yd\u00e4t oikean sekoitussuhteen. Puhdista huolellisesti ennen rasvanpoistoaineiden k\u00e4ytt\u00f6\u00e4, k\u00e4y suihkussa ja anna aineen imeyty\u00e4 hetken ennen huuhtelua.<\/p>\n<p dir=\"auto\">Viimeisen\u00e4 asiana voit laimentaa sit\u00e4 vedell\u00e4 ja k\u00e4ytt\u00e4\u00e4 sit\u00e4 m\u00e4rk\u00e4lakkana, sekoittaa sen sitten tyhj\u00e4\u00e4n pulloon ja suihkuttaa puhtaalle pinnalle ja huuhdella pois kuten Refractia.<\/p>\n<p dir=\"auto\">Jos haluttua vaikutusta ei saavuteta, kokeile k\u00e4ytt\u00e4\u00e4 hieman enemm\u00e4n tuotetta. Se kuulostaa ep\u00e4m\u00e4\u00e4r\u00e4iselt\u00e4, mutta kuten yll\u00e4 kuvailin, suosittelemme kokeilemaan, kunnes l\u00f6yd\u00e4t itsellesi parhaiten sopivan suhteen. V\u00e4lt\u00e4 suoraa auringonvaloa ja s\u00e4ilyt\u00e4 tuotetta pime\u00e4ss\u00e4 ja pakkaselta suojatussa paikassa.<\/p>\n<p dir=\"auto\"><strong>Tuoksu:<\/strong>\u00a0Vihre\u00e4 omena<\/p>\n<p dir=\"auto\">S\u00e4ilyt\u00e4 pakkaselta suojattuna.<\/p>","protected":false},"excerpt":{"rendered":"<p>Autoshampoo ja maalipinnan suojaus yhdess\u00e4 tuotteessa. Puhdistaa pinnan ja luo suojaavan, vett\u00e4hylkiv\u00e4n kalvon ja antaa ihanan kiillon.<\/p>","protected":false},"featured_media":27930,"comment_status":"open","ping_status":"closed","template":"","meta":{"_acf_changed":false,"_smort_price_nok":"","_smort_price_dkk":"","_smort_price_eur":"","_smort_sale_price_nok":"","_smort_sale_price_dkk":"","_smort_sale_price_eur":"","smort_restorder":"","shipmondo_restorder":"","_kad_blocks_custom_css":"","_kad_blocks_head_custom_js":"","_kad_blocks_body_custom_js":"","_kad_blocks_footer_custom_js":"","smort_custom_pricelist_1":"159.36","smort_custom_pricelist_2":"159.36","smort_custom_pricelist_3":"159.36","smort_custom_pricelist_4":"199.2","smort_custom_pricelist_5":"159.36"},"anvandningsomrade":[],"bilmarken":[],"product_brand":[2893],"product_cat":[2988,2614,2892,2621,378],"product_tag":[],"class_list":{"0":"post-27929","1":"product","2":"type-product","3":"status-publish","4":"has-post-thumbnail","6":"product_brand-tershine","7":"product_cat-biltvatt","8":"product_cat-lackskydd","9":"product_cat-retail-produkter","10":"product_cat-bilschampo","11":"product_cat-bilvard","13":"first","14":"instock","15":"taxable","16":"shipping-taxable","17":"purchasable","18":"product-type-simple"},"bundled_by":[],"bundle_stock_status":"instock","bundle_stock_quantity":7,"bundle_virtual":false,"bundle_layout":"","bundle_add_to_cart_form_location":"","bundle_editable_in_cart":false,"bundle_sold_individually_context":"","bundle_item_grouping":"","bundle_min_size":"","bundle_max_size":"","bundle_price":[],"bundled_items":[],"bundle_sell_ids":[],"acf":[],"yoast_head":"<!-- This site is optimized with the Yoast SEO plugin v27.0 - https:\/\/yoast.com\/product\/yoast-seo-wordpress\/ -->\n<title>Tershine Purify S+ - Bilschampo 500 ml - Xenonkungen<\/title>\n<meta name=\"robots\" content=\"index, follow, max-snippet:-1, max-image-preview:large, max-video-preview:-1\" \/>\n<link rel=\"canonical\" href=\"https:\/\/xenonkungen.com\/fi\/tuote\/tershine-purify-s-auton-shampoo-5-l-2\/\" \/>\n<meta property=\"og:locale\" content=\"fi_FI\" \/>\n<meta property=\"og:type\" content=\"article\" \/>\n<meta property=\"og:title\" content=\"Tershine Purify S+ - Bilschampo 500 ml - Xenonkungen\" \/>\n<meta property=\"og:description\" content=\"Bilschampo och lackskydd i samma produkt. Reng\u00f6r ytan samt skapar en skyddande, vattenavst\u00f6tande hinna och massvis av h\u00e4rlig glans.\" \/>\n<meta property=\"og:url\" content=\"https:\/\/xenonkungen.com\/fi\/tuote\/tershine-purify-s-auton-shampoo-5-l-2\/\" \/>\n<meta property=\"og:site_name\" content=\"Xenonkungen\" \/>\n<meta property=\"article:modified_time\" content=\"2026-04-24T16:48:23+00:00\" \/>\n<meta property=\"og:image\" content=\"https:\/\/xenonkungen.com\/wp-content\/uploads\/2026\/03\/Kr0fcQTujet4bLXa2lz0DEF0N19taHKZLT7zhzd8.webp\" \/>\n\t<meta property=\"og:image:width\" content=\"1024\" \/>\n\t<meta property=\"og:image:height\" content=\"1024\" \/>\n\t<meta property=\"og:image:type\" content=\"image\/webp\" \/>\n<meta name=\"twitter:card\" content=\"summary_large_image\" \/>\n<meta name=\"twitter:label1\" content=\"Arvioitu lukuaika\" \/>\n\t<meta name=\"twitter:data1\" content=\"4 minuuttia\" \/>\n<script type=\"application\/ld+json\" class=\"yoast-schema-graph\">{\"@context\":\"https:\/\/schema.org\",\"@graph\":[{\"@type\":\"WebPage\",\"@id\":\"https:\/\/xenonkungen.com\/produkt\/tershine-purify-s-bilschampo-5-l-2\/\",\"url\":\"https:\/\/xenonkungen.com\/produkt\/tershine-purify-s-bilschampo-5-l-2\/\",\"name\":\"Tershine Purify S+ - Bilschampo 500 ml - Xenonkungen\",\"isPartOf\":{\"@id\":\"https:\/\/xenonkungen.com\/#website\"},\"primaryImageOfPage\":{\"@id\":\"https:\/\/xenonkungen.com\/produkt\/tershine-purify-s-bilschampo-5-l-2\/#primaryimage\"},\"image\":{\"@id\":\"https:\/\/xenonkungen.com\/produkt\/tershine-purify-s-bilschampo-5-l-2\/#primaryimage\"},\"thumbnailUrl\":\"https:\/\/xenonkungen.com\/wp-content\/uploads\/2026\/03\/Kr0fcQTujet4bLXa2lz0DEF0N19taHKZLT7zhzd8.webp\",\"datePublished\":\"2026-03-16T12:49:15+00:00\",\"dateModified\":\"2026-04-24T16:48:23+00:00\",\"breadcrumb\":{\"@id\":\"https:\/\/xenonkungen.com\/produkt\/tershine-purify-s-bilschampo-5-l-2\/#breadcrumb\"},\"inLanguage\":\"fi\",\"potentialAction\":[{\"@type\":\"ReadAction\",\"target\":[\"https:\/\/xenonkungen.com\/produkt\/tershine-purify-s-bilschampo-5-l-2\/\"]}]},{\"@type\":\"ImageObject\",\"inLanguage\":\"fi\",\"@id\":\"https:\/\/xenonkungen.com\/produkt\/tershine-purify-s-bilschampo-5-l-2\/#primaryimage\",\"url\":\"https:\/\/xenonkungen.com\/wp-content\/uploads\/2026\/03\/Kr0fcQTujet4bLXa2lz0DEF0N19taHKZLT7zhzd8.webp\",\"contentUrl\":\"https:\/\/xenonkungen.com\/wp-content\/uploads\/2026\/03\/Kr0fcQTujet4bLXa2lz0DEF0N19taHKZLT7zhzd8.webp\",\"width\":1024,\"height\":1024},{\"@type\":\"BreadcrumbList\",\"@id\":\"https:\/\/xenonkungen.com\/produkt\/tershine-purify-s-bilschampo-5-l-2\/#breadcrumb\",\"itemListElement\":[{\"@type\":\"ListItem\",\"position\":1,\"name\":\"Hem\",\"item\":\"https:\/\/xenonkungen.com\/\"},{\"@type\":\"ListItem\",\"position\":2,\"name\":\"Shop\",\"item\":\"https:\/\/xenonkungen.com\/shop\/\"},{\"@type\":\"ListItem\",\"position\":3,\"name\":\"Tershine Purify S+ &#8211; Bilschampo 500 ml\"}]},{\"@type\":\"WebSite\",\"@id\":\"https:\/\/xenonkungen.com\/#website\",\"url\":\"https:\/\/xenonkungen.com\/\",\"name\":\"Xenonkungen\",\"description\":\"\",\"potentialAction\":[{\"@type\":\"SearchAction\",\"target\":{\"@type\":\"EntryPoint\",\"urlTemplate\":\"https:\/\/xenonkungen.com\/?s={search_term_string}\"},\"query-input\":{\"@type\":\"PropertyValueSpecification\",\"valueRequired\":true,\"valueName\":\"search_term_string\"}}],\"inLanguage\":\"fi\"}]}<\/script>\n<!-- \/ Yoast SEO plugin. -->","yoast_head_json":{"title":"Tershine Purify S+ - Autoshampoo 500 ml - Ksenonkuningas","robots":{"index":"index","follow":"follow","max-snippet":"max-snippet:-1","max-image-preview":"max-image-preview:large","max-video-preview":"max-video-preview:-1"},"canonical":"https:\/\/xenonkungen.com\/fi\/tuote\/tershine-purify-s-auton-shampoo-5-l-2\/","og_locale":"fi_FI","og_type":"article","og_title":"Tershine Purify S+ - Bilschampo 500 ml - Xenonkungen","og_description":"Bilschampo och lackskydd i samma produkt. Reng\u00f6r ytan samt skapar en skyddande, vattenavst\u00f6tande hinna och massvis av h\u00e4rlig glans.","og_url":"https:\/\/xenonkungen.com\/fi\/tuote\/tershine-purify-s-auton-shampoo-5-l-2\/","og_site_name":"Xenonkungen","article_modified_time":"2026-04-24T16:48:23+00:00","og_image":[{"width":1024,"height":1024,"url":"https:\/\/xenonkungen.com\/wp-content\/uploads\/2026\/03\/Kr0fcQTujet4bLXa2lz0DEF0N19taHKZLT7zhzd8.webp","type":"image\/webp"}],"twitter_card":"summary_large_image","twitter_misc":{"Arvioitu lukuaika":"4 minuuttia"},"schema":{"@context":"https:\/\/schema.org","@graph":[{"@type":"WebPage","@id":"https:\/\/xenonkungen.com\/produkt\/tershine-purify-s-bilschampo-5-l-2\/","url":"https:\/\/xenonkungen.com\/produkt\/tershine-purify-s-bilschampo-5-l-2\/","name":"Tershine Purify S+ - Autoshampoo 500 ml - Ksenonkuningas","isPartOf":{"@id":"https:\/\/xenonkungen.com\/#website"},"primaryImageOfPage":{"@id":"https:\/\/xenonkungen.com\/produkt\/tershine-purify-s-bilschampo-5-l-2\/#primaryimage"},"image":{"@id":"https:\/\/xenonkungen.com\/produkt\/tershine-purify-s-bilschampo-5-l-2\/#primaryimage"},"thumbnailUrl":"https:\/\/xenonkungen.com\/wp-content\/uploads\/2026\/03\/Kr0fcQTujet4bLXa2lz0DEF0N19taHKZLT7zhzd8.webp","datePublished":"2026-03-16T12:49:15+00:00","dateModified":"2026-04-24T16:48:23+00:00","breadcrumb":{"@id":"https:\/\/xenonkungen.com\/produkt\/tershine-purify-s-bilschampo-5-l-2\/#breadcrumb"},"inLanguage":"fi","potentialAction":[{"@type":"ReadAction","target":["https:\/\/xenonkungen.com\/produkt\/tershine-purify-s-bilschampo-5-l-2\/"]}]},{"@type":"ImageObject","inLanguage":"fi","@id":"https:\/\/xenonkungen.com\/produkt\/tershine-purify-s-bilschampo-5-l-2\/#primaryimage","url":"https:\/\/xenonkungen.com\/wp-content\/uploads\/2026\/03\/Kr0fcQTujet4bLXa2lz0DEF0N19taHKZLT7zhzd8.webp","contentUrl":"https:\/\/xenonkungen.com\/wp-content\/uploads\/2026\/03\/Kr0fcQTujet4bLXa2lz0DEF0N19taHKZLT7zhzd8.webp","width":1024,"height":1024},{"@type":"BreadcrumbList","@id":"https:\/\/xenonkungen.com\/produkt\/tershine-purify-s-bilschampo-5-l-2\/#breadcrumb","itemListElement":[{"@type":"ListItem","position":1,"name":"Hem","item":"https:\/\/xenonkungen.com\/"},{"@type":"ListItem","position":2,"name":"Shop","item":"https:\/\/xenonkungen.com\/shop\/"},{"@type":"ListItem","position":3,"name":"Tershine Purify S+ &#8211; Bilschampo 500 ml"}]},{"@type":"WebSite","@id":"https:\/\/xenonkungen.com\/#website","url":"https:\/\/xenonkungen.com\/","name":"Xenonkungen","description":"","potentialAction":[{"@type":"SearchAction","target":{"@type":"EntryPoint","urlTemplate":"https:\/\/xenonkungen.com\/?s={search_term_string}"},"query-input":{"@type":"PropertyValueSpecification","valueRequired":true,"valueName":"search_term_string"}}],"inLanguage":"fi"}]}},"taxonomy_info":{"product_brand":[{"value":2893,"label":"Tershine"}],"product_cat":[{"value":2988,"label":"1 | Biltv\u00e4tt"},{"value":2614,"label":"4 | Bilvax &amp; Lackskydd"},{"value":2892,"label":"\u00c5terf\u00f6rs\u00e4ljarprodukter"},{"value":2621,"label":"Bilschampo"},{"value":378,"label":"Bilv\u00e5rd"}]},"featured_image_src_large":["https:\/\/xenonkungen.com\/wp-content\/uploads\/2026\/03\/Kr0fcQTujet4bLXa2lz0DEF0N19taHKZLT7zhzd8.webp",1024,1024,false],"author_info":[],"comment_info":0,"_links":{"self":[{"href":"https:\/\/xenonkungen.com\/fi\/wp-json\/wp\/v2\/product\/27929","targetHints":{"allow":["GET"]}}],"collection":[{"href":"https:\/\/xenonkungen.com\/fi\/wp-json\/wp\/v2\/product"}],"about":[{"href":"https:\/\/xenonkungen.com\/fi\/wp-json\/wp\/v2\/types\/product"}],"replies":[{"embeddable":true,"href":"https:\/\/xenonkungen.com\/fi\/wp-json\/wp\/v2\/comments?post=27929"}],"wp:featuredmedia":[{"embeddable":true,"href":"https:\/\/xenonkungen.com\/fi\/wp-json\/wp\/v2\/media\/27930"}],"wp:attachment":[{"href":"https:\/\/xenonkungen.com\/fi\/wp-json\/wp\/v2\/media?parent=27929"}],"wp:term":[{"taxonomy":"anvandningsomrade","embeddable":true,"href":"https:\/\/xenonkungen.com\/fi\/wp-json\/wp\/v2\/anvandningsomrade?post=27929"},{"taxonomy":"bilmarken","embeddable":true,"href":"https:\/\/xenonkungen.com\/fi\/wp-json\/wp\/v2\/bilmarken?post=27929"},{"taxonomy":"product_brand","embeddable":true,"href":"https:\/\/xenonkungen.com\/fi\/wp-json\/wp\/v2\/product_brand?post=27929"},{"taxonomy":"product_cat","embeddable":true,"href":"https:\/\/xenonkungen.com\/fi\/wp-json\/wp\/v2\/product_cat?post=27929"},{"taxonomy":"product_tag","embeddable":true,"href":"https:\/\/xenonkungen.com\/fi\/wp-json\/wp\/v2\/product_tag?post=27929"}],"curies":[{"name":"wp","href":"https:\/\/api.w.org\/{rel}","templated":true}]}}