{"id":27931,"date":"2026-03-16T13:52:52","date_gmt":"2026-03-16T12:52:52","guid":{"rendered":"https:\/\/xenonkungen.com\/?post_type=product&#038;p=27931"},"modified":"2026-05-12T14:36:17","modified_gmt":"2026-05-12T13:36:17","slug":"tershine-hienostunut-kattokiiltosuihke-satiini-500-ml","status":"publish","type":"product","link":"https:\/\/xenonkungen.com\/fi\/tuote\/tershine-hienostunut-kattokiiltosuihke-satiini-500-ml\/","title":{"rendered":"Tershine Refined \u2013 Rengaskiiltosuihke Satiini 500 ml"},"content":{"rendered":"<p>Rengas- ja muovikiiltosuihke pitk\u00e4kestoisella suoristusaineella, joka palauttaa renkaan kyljet uudenveroiseen kuntoon. J\u00e4tt\u00e4\u00e4 satiinipinnan, joka suojaa s\u00e4\u00e4lt\u00e4 ja tuulelta ja pit\u00e4\u00e4 renkaan puhtaampana pidemp\u00e4\u00e4n. Erinomainen my\u00f6s ajoneuvosi muovi- ja kumiosille. Voidaan levitt\u00e4\u00e4 haluttaessa useissa kerroksissa.<\/p>\n<p>Toimii renkaissa, muovissa ja kumissa<br \/>\nLuo suojaavan ja likaa hylkiv\u00e4n pinnan<br \/>\nMonet k\u00e4ytt\u00f6alueet<br \/>\nMahtava suoja pinnalle<br \/>\nPitk\u00e4 s\u00e4ilyvyysaika<br \/>\nHelppo levitt\u00e4\u00e4<br \/>\nJ\u00e4tt\u00e4\u00e4 satiinimaisen pinnan<br \/>\nTuotetta ei ole luokiteltu merkitt\u00e4v\u00e4ksi CLP-asetuksen (EY) 1272\/2008 mukaisesti.<\/p>\n<p>&nbsp;<\/p>\n<p><strong>K\u00e4ytt\u00f6ohjeet<\/strong><strong>\u00a0Refined \u2013 Rengaskiiltosuihke Satin<\/strong><\/p>\n<p>1.\u00a0Reng\u00f6r ytan med Extract &#8211; Alkalisk avfettning eller APC &#8211; Allreng\u00f6ring samt en borste<br \/>\n<strong>2.\u00a0<\/strong>Suihkuta pinnan yli<br \/>\n<strong>3.\u00a0<\/strong>Anna kuivua.<br \/>\n<strong>4.\u00a0<\/strong>Pyyhi ylim\u00e4\u00e4r\u00e4inen pois puhtaalla mikrokuituliinalla.<br \/>\n<strong>5.\u00a0<\/strong>Varmasti on hyv\u00e4?<\/p>\n<p>Antaa puolikiilt\u00e4v\u00e4n pinnan, joka n\u00e4ytt\u00e4\u00e4 hyv\u00e4lt\u00e4 ja raikkaalta ilman hienouksia!<\/p>\n<p>Tuote on ensisijaisesti suunniteltu renkaiden kylkien entis\u00f6intiin, mutta se toimii yht\u00e4 hyvin my\u00f6s muoviosissa, moottoritiloissa, kuminauhoissa jne. Se toimii my\u00f6s kosteille tai m\u00e4rille pinnoille levitettyn\u00e4!<\/p>\n<p>PS. Jos haluat kosteamman lopputuloksen, voit levitt\u00e4\u00e4 useamman kerroksen! Ei sis\u00e4ll\u00e4 runsaasti fluorattuja aineita!<\/p>\n<p>Muovi- ja rengaskiillon teho (merkist\u00e4 riippumatta) riippuu usein ty\u00f6st\u00e4. Muista puhdistaa rengas ensin hankaamalla sit\u00e4 harjalla tai siveltimell\u00e4 ja k\u00e4ytt\u00e4m\u00e4ll\u00e4 Extract \u2013 Alkaline -rasvanpoistoainetta. Huuhtele huolellisesti ja pyyhi puhtaaksi, niin olet tyytyv\u00e4isempi tekem\u00e4\u00e4n niin.<\/p>\n<p><em>S\u00e4ilyt\u00e4 pakkaselta suojattuna. Pid\u00e4 poissa lasten ulottuvilta.<\/em><\/p>","protected":false},"excerpt":{"rendered":"<p>Rengask\u00e4sittelysuihke, joka antaa todella kauniin satiinipinnan ja pitk\u00e4n kest\u00e4vyyden. T\u00e4ydellinen renkaille ja muille muoviosille.<\/p>","protected":false},"featured_media":27932,"comment_status":"open","ping_status":"closed","template":"","meta":{"_acf_changed":false,"_smort_price_nok":"","_smort_price_dkk":"","_smort_price_eur":"","_smort_sale_price_nok":"","_smort_sale_price_dkk":"","_smort_sale_price_eur":"","smort_restorder":"","shipmondo_restorder":"","_kad_blocks_custom_css":"","_kad_blocks_head_custom_js":"","_kad_blocks_body_custom_js":"","_kad_blocks_footer_custom_js":"","smort_custom_pricelist_1":"127.36","smort_custom_pricelist_2":"127.36","smort_custom_pricelist_3":"127.36","smort_custom_pricelist_4":"159.2","smort_custom_pricelist_5":"127.36"},"anvandningsomrade":[],"bilmarken":[],"product_brand":[2893],"product_cat":[2988,2892,378],"product_tag":[],"class_list":{"0":"post-27931","1":"product","2":"type-product","3":"status-publish","4":"has-post-thumbnail","6":"product_brand-tershine","7":"product_cat-biltvatt","8":"product_cat-retail-produkter","9":"product_cat-bilvard","11":"first","12":"onbackorder","13":"taxable","14":"shipping-taxable","15":"purchasable","16":"product-type-simple"},"bundled_by":[],"bundle_stock_status":"onbackorder","bundle_stock_quantity":0,"bundle_virtual":false,"bundle_layout":"","bundle_add_to_cart_form_location":"","bundle_editable_in_cart":false,"bundle_sold_individually_context":"","bundle_item_grouping":"","bundle_min_size":"","bundle_max_size":"","bundle_price":[],"bundled_items":[],"bundle_sell_ids":[],"acf":[],"yoast_head":"<!-- This site is optimized with the Yoast SEO plugin v27.0 - https:\/\/yoast.com\/product\/yoast-seo-wordpress\/ -->\n<title>Tershine Refined - D\u00e4ckglansspray Satin 500 ml - Xenonkungen<\/title>\n<meta name=\"robots\" content=\"index, follow, max-snippet:-1, max-image-preview:large, max-video-preview:-1\" \/>\n<link rel=\"canonical\" href=\"https:\/\/xenonkungen.com\/fi\/tuote\/tershine-hienostunut-kattokiiltosuihke-satiini-500-ml\/\" \/>\n<meta property=\"og:locale\" content=\"fi_FI\" \/>\n<meta property=\"og:type\" content=\"article\" \/>\n<meta property=\"og:title\" content=\"Tershine Refined - D\u00e4ckglansspray Satin 500 ml - Xenonkungen\" \/>\n<meta property=\"og:description\" content=\"D\u00e4ckbehandling i sprayformat som ger en riktigt fin satin finish och l\u00e5ng h\u00e5llbarhet. Perfekt f\u00f6r d\u00e4ck och andra plastdetaljer.\" \/>\n<meta property=\"og:url\" content=\"https:\/\/xenonkungen.com\/fi\/tuote\/tershine-hienostunut-kattokiiltosuihke-satiini-500-ml\/\" \/>\n<meta property=\"og:site_name\" content=\"Xenonkungen\" \/>\n<meta property=\"article:modified_time\" content=\"2026-05-12T13:36:17+00:00\" \/>\n<meta property=\"og:image\" content=\"https:\/\/xenonkungen.com\/wp-content\/uploads\/2026\/03\/gSjGG6U5GN4bDNhsjNVeMkfSIrmQTWEgI6zIobNS.webp\" \/>\n\t<meta property=\"og:image:width\" content=\"1024\" \/>\n\t<meta property=\"og:image:height\" content=\"1024\" \/>\n\t<meta property=\"og:image:type\" content=\"image\/webp\" \/>\n<meta name=\"twitter:card\" content=\"summary_large_image\" \/>\n<meta name=\"twitter:label1\" content=\"Arvioitu lukuaika\" \/>\n\t<meta name=\"twitter:data1\" content=\"2 minuuttia\" \/>\n<script type=\"application\/ld+json\" class=\"yoast-schema-graph\">{\"@context\":\"https:\/\/schema.org\",\"@graph\":[{\"@type\":\"WebPage\",\"@id\":\"https:\/\/xenonkungen.com\/produkt\/tershine-refined-dackglansspray-satin-500-ml\/\",\"url\":\"https:\/\/xenonkungen.com\/produkt\/tershine-refined-dackglansspray-satin-500-ml\/\",\"name\":\"Tershine Refined - D\u00e4ckglansspray Satin 500 ml - Xenonkungen\",\"isPartOf\":{\"@id\":\"https:\/\/xenonkungen.com\/#website\"},\"primaryImageOfPage\":{\"@id\":\"https:\/\/xenonkungen.com\/produkt\/tershine-refined-dackglansspray-satin-500-ml\/#primaryimage\"},\"image\":{\"@id\":\"https:\/\/xenonkungen.com\/produkt\/tershine-refined-dackglansspray-satin-500-ml\/#primaryimage\"},\"thumbnailUrl\":\"https:\/\/xenonkungen.com\/wp-content\/uploads\/2026\/03\/gSjGG6U5GN4bDNhsjNVeMkfSIrmQTWEgI6zIobNS.webp\",\"datePublished\":\"2026-03-16T12:52:52+00:00\",\"dateModified\":\"2026-05-12T13:36:17+00:00\",\"breadcrumb\":{\"@id\":\"https:\/\/xenonkungen.com\/produkt\/tershine-refined-dackglansspray-satin-500-ml\/#breadcrumb\"},\"inLanguage\":\"fi\",\"potentialAction\":[{\"@type\":\"ReadAction\",\"target\":[\"https:\/\/xenonkungen.com\/produkt\/tershine-refined-dackglansspray-satin-500-ml\/\"]}]},{\"@type\":\"ImageObject\",\"inLanguage\":\"fi\",\"@id\":\"https:\/\/xenonkungen.com\/produkt\/tershine-refined-dackglansspray-satin-500-ml\/#primaryimage\",\"url\":\"https:\/\/xenonkungen.com\/wp-content\/uploads\/2026\/03\/gSjGG6U5GN4bDNhsjNVeMkfSIrmQTWEgI6zIobNS.webp\",\"contentUrl\":\"https:\/\/xenonkungen.com\/wp-content\/uploads\/2026\/03\/gSjGG6U5GN4bDNhsjNVeMkfSIrmQTWEgI6zIobNS.webp\",\"width\":1024,\"height\":1024},{\"@type\":\"BreadcrumbList\",\"@id\":\"https:\/\/xenonkungen.com\/produkt\/tershine-refined-dackglansspray-satin-500-ml\/#breadcrumb\",\"itemListElement\":[{\"@type\":\"ListItem\",\"position\":1,\"name\":\"Hem\",\"item\":\"https:\/\/xenonkungen.com\/\"},{\"@type\":\"ListItem\",\"position\":2,\"name\":\"Shop\",\"item\":\"https:\/\/xenonkungen.com\/shop\/\"},{\"@type\":\"ListItem\",\"position\":3,\"name\":\"Tershine Refined &#8211; D\u00e4ckglansspray Satin 500 ml\"}]},{\"@type\":\"WebSite\",\"@id\":\"https:\/\/xenonkungen.com\/#website\",\"url\":\"https:\/\/xenonkungen.com\/\",\"name\":\"Xenonkungen\",\"description\":\"\",\"potentialAction\":[{\"@type\":\"SearchAction\",\"target\":{\"@type\":\"EntryPoint\",\"urlTemplate\":\"https:\/\/xenonkungen.com\/?s={search_term_string}\"},\"query-input\":{\"@type\":\"PropertyValueSpecification\",\"valueRequired\":true,\"valueName\":\"search_term_string\"}}],\"inLanguage\":\"fi\"}]}<\/script>\n<!-- \/ Yoast SEO plugin. -->","yoast_head_json":{"title":"Tershine Refined - Rengaskiiltosuihke Satin 500 ml - Xenon-kuningas","robots":{"index":"index","follow":"follow","max-snippet":"max-snippet:-1","max-image-preview":"max-image-preview:large","max-video-preview":"max-video-preview:-1"},"canonical":"https:\/\/xenonkungen.com\/fi\/tuote\/tershine-hienostunut-kattokiiltosuihke-satiini-500-ml\/","og_locale":"fi_FI","og_type":"article","og_title":"Tershine Refined - D\u00e4ckglansspray Satin 500 ml - Xenonkungen","og_description":"D\u00e4ckbehandling i sprayformat som ger en riktigt fin satin finish och l\u00e5ng h\u00e5llbarhet. Perfekt f\u00f6r d\u00e4ck och andra plastdetaljer.","og_url":"https:\/\/xenonkungen.com\/fi\/tuote\/tershine-hienostunut-kattokiiltosuihke-satiini-500-ml\/","og_site_name":"Xenonkungen","article_modified_time":"2026-05-12T13:36:17+00:00","og_image":[{"width":1024,"height":1024,"url":"https:\/\/xenonkungen.com\/wp-content\/uploads\/2026\/03\/gSjGG6U5GN4bDNhsjNVeMkfSIrmQTWEgI6zIobNS.webp","type":"image\/webp"}],"twitter_card":"summary_large_image","twitter_misc":{"Arvioitu lukuaika":"2 minuuttia"},"schema":{"@context":"https:\/\/schema.org","@graph":[{"@type":"WebPage","@id":"https:\/\/xenonkungen.com\/produkt\/tershine-refined-dackglansspray-satin-500-ml\/","url":"https:\/\/xenonkungen.com\/produkt\/tershine-refined-dackglansspray-satin-500-ml\/","name":"Tershine Refined - Rengaskiiltosuihke Satin 500 ml - Xenon-kuningas","isPartOf":{"@id":"https:\/\/xenonkungen.com\/#website"},"primaryImageOfPage":{"@id":"https:\/\/xenonkungen.com\/produkt\/tershine-refined-dackglansspray-satin-500-ml\/#primaryimage"},"image":{"@id":"https:\/\/xenonkungen.com\/produkt\/tershine-refined-dackglansspray-satin-500-ml\/#primaryimage"},"thumbnailUrl":"https:\/\/xenonkungen.com\/wp-content\/uploads\/2026\/03\/gSjGG6U5GN4bDNhsjNVeMkfSIrmQTWEgI6zIobNS.webp","datePublished":"2026-03-16T12:52:52+00:00","dateModified":"2026-05-12T13:36:17+00:00","breadcrumb":{"@id":"https:\/\/xenonkungen.com\/produkt\/tershine-refined-dackglansspray-satin-500-ml\/#breadcrumb"},"inLanguage":"fi","potentialAction":[{"@type":"ReadAction","target":["https:\/\/xenonkungen.com\/produkt\/tershine-refined-dackglansspray-satin-500-ml\/"]}]},{"@type":"ImageObject","inLanguage":"fi","@id":"https:\/\/xenonkungen.com\/produkt\/tershine-refined-dackglansspray-satin-500-ml\/#primaryimage","url":"https:\/\/xenonkungen.com\/wp-content\/uploads\/2026\/03\/gSjGG6U5GN4bDNhsjNVeMkfSIrmQTWEgI6zIobNS.webp","contentUrl":"https:\/\/xenonkungen.com\/wp-content\/uploads\/2026\/03\/gSjGG6U5GN4bDNhsjNVeMkfSIrmQTWEgI6zIobNS.webp","width":1024,"height":1024},{"@type":"BreadcrumbList","@id":"https:\/\/xenonkungen.com\/produkt\/tershine-refined-dackglansspray-satin-500-ml\/#breadcrumb","itemListElement":[{"@type":"ListItem","position":1,"name":"Hem","item":"https:\/\/xenonkungen.com\/"},{"@type":"ListItem","position":2,"name":"Shop","item":"https:\/\/xenonkungen.com\/shop\/"},{"@type":"ListItem","position":3,"name":"Tershine Refined &#8211; D\u00e4ckglansspray Satin 500 ml"}]},{"@type":"WebSite","@id":"https:\/\/xenonkungen.com\/#website","url":"https:\/\/xenonkungen.com\/","name":"Xenonkungen","description":"","potentialAction":[{"@type":"SearchAction","target":{"@type":"EntryPoint","urlTemplate":"https:\/\/xenonkungen.com\/?s={search_term_string}"},"query-input":{"@type":"PropertyValueSpecification","valueRequired":true,"valueName":"search_term_string"}}],"inLanguage":"fi"}]}},"taxonomy_info":{"product_brand":[{"value":2893,"label":"Tershine"}],"product_cat":[{"value":2988,"label":"1 | Biltv\u00e4tt"},{"value":2892,"label":"\u00c5terf\u00f6rs\u00e4ljarprodukter"},{"value":378,"label":"Bilv\u00e5rd"}]},"featured_image_src_large":["https:\/\/xenonkungen.com\/wp-content\/uploads\/2026\/03\/gSjGG6U5GN4bDNhsjNVeMkfSIrmQTWEgI6zIobNS.webp",1024,1024,false],"author_info":[],"comment_info":0,"_links":{"self":[{"href":"https:\/\/xenonkungen.com\/fi\/wp-json\/wp\/v2\/product\/27931","targetHints":{"allow":["GET"]}}],"collection":[{"href":"https:\/\/xenonkungen.com\/fi\/wp-json\/wp\/v2\/product"}],"about":[{"href":"https:\/\/xenonkungen.com\/fi\/wp-json\/wp\/v2\/types\/product"}],"replies":[{"embeddable":true,"href":"https:\/\/xenonkungen.com\/fi\/wp-json\/wp\/v2\/comments?post=27931"}],"wp:featuredmedia":[{"embeddable":true,"href":"https:\/\/xenonkungen.com\/fi\/wp-json\/wp\/v2\/media\/27932"}],"wp:attachment":[{"href":"https:\/\/xenonkungen.com\/fi\/wp-json\/wp\/v2\/media?parent=27931"}],"wp:term":[{"taxonomy":"anvandningsomrade","embeddable":true,"href":"https:\/\/xenonkungen.com\/fi\/wp-json\/wp\/v2\/anvandningsomrade?post=27931"},{"taxonomy":"bilmarken","embeddable":true,"href":"https:\/\/xenonkungen.com\/fi\/wp-json\/wp\/v2\/bilmarken?post=27931"},{"taxonomy":"product_brand","embeddable":true,"href":"https:\/\/xenonkungen.com\/fi\/wp-json\/wp\/v2\/product_brand?post=27931"},{"taxonomy":"product_cat","embeddable":true,"href":"https:\/\/xenonkungen.com\/fi\/wp-json\/wp\/v2\/product_cat?post=27931"},{"taxonomy":"product_tag","embeddable":true,"href":"https:\/\/xenonkungen.com\/fi\/wp-json\/wp\/v2\/product_tag?post=27931"}],"curies":[{"name":"wp","href":"https:\/\/api.w.org\/{rel}","templated":true}]}}