{"id":27972,"date":"2026-03-16T14:48:14","date_gmt":"2026-03-16T13:48:14","guid":{"rendered":"https:\/\/xenonkungen.com\/?post_type=product&#038;p=27972"},"modified":"2026-05-12T14:49:37","modified_gmt":"2026-05-12T13:49:37","slug":"tershine-relive-ilmaruosteenpoistaja-5-l","status":"publish","type":"product","link":"https:\/\/xenonkungen.com\/fi\/tuote\/tershine-relive-ilmaruosteenpoistaja-5-l\/","title":{"rendered":"Tershine Relive \u2013 K\u00e4rp\u00e4sruosteenpoistaja 5 l"},"content":{"rendered":"<p>Tehokas ruosteenpoistaja ja vanteenpuhdistusaine. Tehokas tuote, joka liuottaa tehokkaasti ruostetta, jarrup\u00f6ly\u00e4 ja muita metallihiukkasia erilaisilta pinnoilta.<br \/>\n<strong><br \/>\nHell\u00e4varainen mutta eritt\u00e4in tehokas metallihiukkasia vastaan<br \/>\nIlmaisee violetilla, kun on aika huuhdella pois<br \/>\nK\u00e4ytt\u00f6kelpoinen useimmille materiaaleille<br \/>\npH-neutraali ja happovapaa<br \/>\nVoidaan laimentaa tarvittaessa<br \/>\nT\u00e4ydellinen veneiden rungoille ja keltaisten vesilinjojen poistamiseen<br \/>\nVoidaan levitt\u00e4\u00e4 sek\u00e4 kuiville ett\u00e4 m\u00e4rille pinnoille<br \/>\nAlhainen tuoksu miellytt\u00e4v\u00e4\u00e4n k\u00e4ytt\u00f6\u00f6n<\/strong><\/p>\n<p>K\u00e4ytt\u00f6alueet:<\/p>\n<p>K\u00e4rp\u00e4sen ruoste<br \/>\nVanteiden puhdistus<br \/>\nJarrup\u00f6lyn poisto<br \/>\nKeltaisia l\u00e4iski\u00e4 maalipinnassa<br \/>\nVeneiden vesilinjojen puhdistus<br \/>\nMetallit kylpyhuoneen posliinissa ja laatoissa<\/p>\n<p><strong>Relive \u2013 Air Rust Removerin k\u00e4ytt\u00f6ohjeet<\/strong><\/p>\n<p>1.\u00a0Spraya p\u00e5 f\u00e4lg samt valfria ytor<strong><br \/>\n2.\u00a0<\/strong>Anna vaikuttaa noin 5 minuuttia tai kunnes tuote muuttuu violetiksi. Eritt\u00e4in likaisena aineksena voi k\u00e4ytt\u00e4\u00e4 harjaa kiinnipalaneen materiaalin irrottamiseen. Muista, ett\u00e4 kylmemm\u00e4ll\u00e4 s\u00e4\u00e4ll\u00e4 (&lt;10 \u00b0C) tuotteen tulisi olla vaikuttamassa huomattavasti pidemp\u00e4\u00e4n (jopa 10\u201315 minuuttia).<strong><br \/>\n3.\u00a0<\/strong>\u00c4l\u00e4 anna kuivua!<strong><br \/>\n4.\u00a0<\/strong>Huuhtele pois korkealla paineella<strong><br \/>\n5.\u00a0<\/strong>Tied\u00e4mme, se on ihan \u00e4lytt\u00f6m\u00e4n hyv\u00e4\u00e4!<\/p>\n<p>Relive 5-litrainen on l\u00e4hes uskomattoman tehokas vanne- ja ruosteenpoistoaine. Se reagoi jarrup\u00f6lyn ja ruosteen metallien kanssa ja liuottaa ne muutamassa minuutissa. Tuote on pH-neutraali ja hapoton, mik\u00e4 tarkoittaa, ett\u00e4 se toimii useimmilla maali-, muovi-, metalli- (my\u00f6s kiillotettujen), Alcoa-pintojen jne. kanssa.\u00a0<strong>HUOMAUTUS: Ei saa k\u00e4ytt\u00e4\u00e4 ruiskumaalatuilla pinnoilla tai vastaavilla.\u00a0<\/strong><\/p>\n<p>Alhainen viskositeetti maksimoi tuotteen tasaisen levityksen pinnalle ja siten jarrup\u00f6lyn tai k\u00e4rp\u00e4sruosteen tasaisen k\u00e4sittelyn. Sill\u00e4 on my\u00f6s puhdistavia ominaisuuksia, jotka poistavat samalla &quot;normaalia&quot; likaa. Se on todella uskomattoman tehokas tuote, joka tekee vanteiden pesusta puhdasta nautintoa esimerkiksi raskaan radalla vietetyn p\u00e4iv\u00e4n tai mukavan mutkaisen tien j\u00e4lkeen. Tuotteen v\u00e4ri muuttuu violetiksi, kun se on valmis huuhdeltavaksi pois, yleens\u00e4 noin 2-5 minuuttia levityksen j\u00e4lkeen. Muista ravistaa pulloa ennen k\u00e4ytt\u00f6\u00e4. Se toimii tietenkin my\u00f6s loistavasti maalipinnalla k\u00e4rp\u00e4sruosteen poistoaineena! Muista, ett\u00e4 tuotetta (mukaan lukien rasvanpoisto) tulisi antaa vaikuttaa huomattavasti pidemp\u00e4\u00e4n, kun l\u00e4mp\u00f6tila on alle 10 astetta tai maalipinta on todella kylm\u00e4. Ei sis\u00e4ll\u00e4 runsaasti fluorattuja aineita!<\/p>\n<p><em>S\u00e4ilyt\u00e4 pakkaselta suojattuna.<\/em><\/p>","protected":false},"excerpt":{"rendered":"<p>Relive \u2013 Ruosteenpoistaja 5 l on tehokas ja hell\u00e4varainen puhdistusliuos, joka poistaa tehokkaasti ruosteen, jarrup\u00f6lyn ja metallihiukkaset kaikilta pinnoilta. Se reagoi nopeasti ja muuttuu kosketuksessa violetiksi, mik\u00e4 osoittaa, kun on aika huuhdella. Tuote on pH-neutraali, hapoton ja turvallinen k\u00e4ytt\u00e4\u00e4 maalilla, muovilla, metalleilla ja veneen rungoilla.<\/p>","protected":false},"featured_media":27973,"comment_status":"open","ping_status":"closed","template":"","meta":{"_acf_changed":false,"_smort_price_nok":"","_smort_price_dkk":"","_smort_price_eur":"","_smort_sale_price_nok":"","_smort_sale_price_dkk":"","_smort_sale_price_eur":"","smort_restorder":"","shipmondo_restorder":"","_kad_blocks_custom_css":"","_kad_blocks_head_custom_js":"","_kad_blocks_body_custom_js":"","_kad_blocks_footer_custom_js":"","smort_custom_pricelist_1":"575.36","smort_custom_pricelist_2":"575.36","smort_custom_pricelist_3":"575.36","smort_custom_pricelist_4":"719.2","smort_custom_pricelist_5":"575.36"},"anvandningsomrade":[],"bilmarken":[],"product_brand":[2893],"product_cat":[2988,2989,2892,378],"product_tag":[],"class_list":{"0":"post-27972","1":"product","2":"type-product","3":"status-publish","4":"has-post-thumbnail","6":"product_brand-tershine","7":"product_cat-biltvatt","8":"product_cat-avfettning","9":"product_cat-retail-produkter","10":"product_cat-bilvard","12":"first","13":"onbackorder","14":"taxable","15":"shipping-taxable","16":"purchasable","17":"product-type-simple"},"bundled_by":[],"bundle_stock_status":"onbackorder","bundle_stock_quantity":0,"bundle_virtual":false,"bundle_layout":"","bundle_add_to_cart_form_location":"","bundle_editable_in_cart":false,"bundle_sold_individually_context":"","bundle_item_grouping":"","bundle_min_size":"","bundle_max_size":"","bundle_price":[],"bundled_items":[],"bundle_sell_ids":[],"acf":[],"yoast_head":"<!-- This site is optimized with the Yoast SEO plugin v27.0 - https:\/\/yoast.com\/product\/yoast-seo-wordpress\/ -->\n<title>Tershine Relive - Flygrostborttagare 5 L - Xenonkungen<\/title>\n<meta name=\"robots\" content=\"index, follow, max-snippet:-1, max-image-preview:large, max-video-preview:-1\" \/>\n<link rel=\"canonical\" href=\"https:\/\/xenonkungen.com\/fi\/tuote\/tershine-relive-ilmaruosteenpoistaja-5-l\/\" \/>\n<meta property=\"og:locale\" content=\"fi_FI\" \/>\n<meta property=\"og:type\" content=\"article\" \/>\n<meta property=\"og:title\" content=\"Tershine Relive - Flygrostborttagare 5 L - Xenonkungen\" \/>\n<meta property=\"og:description\" content=\"Relive \u2013 Flygrostborttagare 5 L \u00e4r en kraftfull och skonsam reng\u00f6ringsl\u00f6sning som effektivt avl\u00e4gsnar flygrost, bromsdamm och metallpartiklar fr\u00e5n alla typer av ytor. Den reagerar snabbt och f\u00e4rgas lila vid kontakt, vilket indikerar n\u00e4r det \u00e4r dags att spola av. Produkten \u00e4r pH-neutral, syrafri och s\u00e4ker att anv\u00e4nda p\u00e5 lack, plast, metaller och b\u00e5tskrov.\" \/>\n<meta property=\"og:url\" content=\"https:\/\/xenonkungen.com\/fi\/tuote\/tershine-relive-ilmaruosteenpoistaja-5-l\/\" \/>\n<meta property=\"og:site_name\" content=\"Xenonkungen\" \/>\n<meta property=\"article:modified_time\" content=\"2026-05-12T13:49:37+00:00\" \/>\n<meta property=\"og:image\" content=\"https:\/\/xenonkungen.com\/wp-content\/uploads\/2026\/03\/XLdw3ycE84mmNzyaczGkNb4ke2p9uXk9gc7gCI9g.webp\" \/>\n\t<meta property=\"og:image:width\" content=\"1024\" \/>\n\t<meta property=\"og:image:height\" content=\"1024\" \/>\n\t<meta property=\"og:image:type\" content=\"image\/webp\" \/>\n<meta name=\"twitter:card\" content=\"summary_large_image\" \/>\n<meta name=\"twitter:label1\" content=\"Arvioitu lukuaika\" \/>\n\t<meta name=\"twitter:data1\" content=\"2 minuuttia\" \/>\n<script type=\"application\/ld+json\" class=\"yoast-schema-graph\">{\"@context\":\"https:\/\/schema.org\",\"@graph\":[{\"@type\":\"WebPage\",\"@id\":\"https:\/\/xenonkungen.com\/produkt\/tershine-relive-flygrostborttagare-5-l\/\",\"url\":\"https:\/\/xenonkungen.com\/produkt\/tershine-relive-flygrostborttagare-5-l\/\",\"name\":\"Tershine Relive - Flygrostborttagare 5 L - Xenonkungen\",\"isPartOf\":{\"@id\":\"https:\/\/xenonkungen.com\/#website\"},\"primaryImageOfPage\":{\"@id\":\"https:\/\/xenonkungen.com\/produkt\/tershine-relive-flygrostborttagare-5-l\/#primaryimage\"},\"image\":{\"@id\":\"https:\/\/xenonkungen.com\/produkt\/tershine-relive-flygrostborttagare-5-l\/#primaryimage\"},\"thumbnailUrl\":\"https:\/\/xenonkungen.com\/wp-content\/uploads\/2026\/03\/XLdw3ycE84mmNzyaczGkNb4ke2p9uXk9gc7gCI9g.webp\",\"datePublished\":\"2026-03-16T13:48:14+00:00\",\"dateModified\":\"2026-05-12T13:49:37+00:00\",\"breadcrumb\":{\"@id\":\"https:\/\/xenonkungen.com\/produkt\/tershine-relive-flygrostborttagare-5-l\/#breadcrumb\"},\"inLanguage\":\"fi\",\"potentialAction\":[{\"@type\":\"ReadAction\",\"target\":[\"https:\/\/xenonkungen.com\/produkt\/tershine-relive-flygrostborttagare-5-l\/\"]}]},{\"@type\":\"ImageObject\",\"inLanguage\":\"fi\",\"@id\":\"https:\/\/xenonkungen.com\/produkt\/tershine-relive-flygrostborttagare-5-l\/#primaryimage\",\"url\":\"https:\/\/xenonkungen.com\/wp-content\/uploads\/2026\/03\/XLdw3ycE84mmNzyaczGkNb4ke2p9uXk9gc7gCI9g.webp\",\"contentUrl\":\"https:\/\/xenonkungen.com\/wp-content\/uploads\/2026\/03\/XLdw3ycE84mmNzyaczGkNb4ke2p9uXk9gc7gCI9g.webp\",\"width\":1024,\"height\":1024},{\"@type\":\"BreadcrumbList\",\"@id\":\"https:\/\/xenonkungen.com\/produkt\/tershine-relive-flygrostborttagare-5-l\/#breadcrumb\",\"itemListElement\":[{\"@type\":\"ListItem\",\"position\":1,\"name\":\"Hem\",\"item\":\"https:\/\/xenonkungen.com\/\"},{\"@type\":\"ListItem\",\"position\":2,\"name\":\"Shop\",\"item\":\"https:\/\/xenonkungen.com\/shop\/\"},{\"@type\":\"ListItem\",\"position\":3,\"name\":\"Tershine Relive &#8211; Flygrostborttagare 5 L\"}]},{\"@type\":\"WebSite\",\"@id\":\"https:\/\/xenonkungen.com\/#website\",\"url\":\"https:\/\/xenonkungen.com\/\",\"name\":\"Xenonkungen\",\"description\":\"\",\"potentialAction\":[{\"@type\":\"SearchAction\",\"target\":{\"@type\":\"EntryPoint\",\"urlTemplate\":\"https:\/\/xenonkungen.com\/?s={search_term_string}\"},\"query-input\":{\"@type\":\"PropertyValueSpecification\",\"valueRequired\":true,\"valueName\":\"search_term_string\"}}],\"inLanguage\":\"fi\"}]}<\/script>\n<!-- \/ Yoast SEO plugin. -->","yoast_head_json":{"title":"Tershine Relive - K\u00e4rp\u00e4senruosteenpoistaja 5 L - Xenon-kuningas","robots":{"index":"index","follow":"follow","max-snippet":"max-snippet:-1","max-image-preview":"max-image-preview:large","max-video-preview":"max-video-preview:-1"},"canonical":"https:\/\/xenonkungen.com\/fi\/tuote\/tershine-relive-ilmaruosteenpoistaja-5-l\/","og_locale":"fi_FI","og_type":"article","og_title":"Tershine Relive - Flygrostborttagare 5 L - Xenonkungen","og_description":"Relive \u2013 Flygrostborttagare 5 L \u00e4r en kraftfull och skonsam reng\u00f6ringsl\u00f6sning som effektivt avl\u00e4gsnar flygrost, bromsdamm och metallpartiklar fr\u00e5n alla typer av ytor. Den reagerar snabbt och f\u00e4rgas lila vid kontakt, vilket indikerar n\u00e4r det \u00e4r dags att spola av. Produkten \u00e4r pH-neutral, syrafri och s\u00e4ker att anv\u00e4nda p\u00e5 lack, plast, metaller och b\u00e5tskrov.","og_url":"https:\/\/xenonkungen.com\/fi\/tuote\/tershine-relive-ilmaruosteenpoistaja-5-l\/","og_site_name":"Xenonkungen","article_modified_time":"2026-05-12T13:49:37+00:00","og_image":[{"width":1024,"height":1024,"url":"https:\/\/xenonkungen.com\/wp-content\/uploads\/2026\/03\/XLdw3ycE84mmNzyaczGkNb4ke2p9uXk9gc7gCI9g.webp","type":"image\/webp"}],"twitter_card":"summary_large_image","twitter_misc":{"Arvioitu lukuaika":"2 minuuttia"},"schema":{"@context":"https:\/\/schema.org","@graph":[{"@type":"WebPage","@id":"https:\/\/xenonkungen.com\/produkt\/tershine-relive-flygrostborttagare-5-l\/","url":"https:\/\/xenonkungen.com\/produkt\/tershine-relive-flygrostborttagare-5-l\/","name":"Tershine Relive - K\u00e4rp\u00e4senruosteenpoistaja 5 L - Xenon-kuningas","isPartOf":{"@id":"https:\/\/xenonkungen.com\/#website"},"primaryImageOfPage":{"@id":"https:\/\/xenonkungen.com\/produkt\/tershine-relive-flygrostborttagare-5-l\/#primaryimage"},"image":{"@id":"https:\/\/xenonkungen.com\/produkt\/tershine-relive-flygrostborttagare-5-l\/#primaryimage"},"thumbnailUrl":"https:\/\/xenonkungen.com\/wp-content\/uploads\/2026\/03\/XLdw3ycE84mmNzyaczGkNb4ke2p9uXk9gc7gCI9g.webp","datePublished":"2026-03-16T13:48:14+00:00","dateModified":"2026-05-12T13:49:37+00:00","breadcrumb":{"@id":"https:\/\/xenonkungen.com\/produkt\/tershine-relive-flygrostborttagare-5-l\/#breadcrumb"},"inLanguage":"fi","potentialAction":[{"@type":"ReadAction","target":["https:\/\/xenonkungen.com\/produkt\/tershine-relive-flygrostborttagare-5-l\/"]}]},{"@type":"ImageObject","inLanguage":"fi","@id":"https:\/\/xenonkungen.com\/produkt\/tershine-relive-flygrostborttagare-5-l\/#primaryimage","url":"https:\/\/xenonkungen.com\/wp-content\/uploads\/2026\/03\/XLdw3ycE84mmNzyaczGkNb4ke2p9uXk9gc7gCI9g.webp","contentUrl":"https:\/\/xenonkungen.com\/wp-content\/uploads\/2026\/03\/XLdw3ycE84mmNzyaczGkNb4ke2p9uXk9gc7gCI9g.webp","width":1024,"height":1024},{"@type":"BreadcrumbList","@id":"https:\/\/xenonkungen.com\/produkt\/tershine-relive-flygrostborttagare-5-l\/#breadcrumb","itemListElement":[{"@type":"ListItem","position":1,"name":"Hem","item":"https:\/\/xenonkungen.com\/"},{"@type":"ListItem","position":2,"name":"Shop","item":"https:\/\/xenonkungen.com\/shop\/"},{"@type":"ListItem","position":3,"name":"Tershine Relive &#8211; Flygrostborttagare 5 L"}]},{"@type":"WebSite","@id":"https:\/\/xenonkungen.com\/#website","url":"https:\/\/xenonkungen.com\/","name":"Xenonkungen","description":"","potentialAction":[{"@type":"SearchAction","target":{"@type":"EntryPoint","urlTemplate":"https:\/\/xenonkungen.com\/?s={search_term_string}"},"query-input":{"@type":"PropertyValueSpecification","valueRequired":true,"valueName":"search_term_string"}}],"inLanguage":"fi"}]}},"taxonomy_info":{"product_brand":[{"value":2893,"label":"Tershine"}],"product_cat":[{"value":2988,"label":"1 | Biltv\u00e4tt"},{"value":2989,"label":"2 | Avfettning"},{"value":2892,"label":"\u00c5terf\u00f6rs\u00e4ljarprodukter"},{"value":378,"label":"Bilv\u00e5rd"}]},"featured_image_src_large":["https:\/\/xenonkungen.com\/wp-content\/uploads\/2026\/03\/XLdw3ycE84mmNzyaczGkNb4ke2p9uXk9gc7gCI9g.webp",1024,1024,false],"author_info":[],"comment_info":0,"_links":{"self":[{"href":"https:\/\/xenonkungen.com\/fi\/wp-json\/wp\/v2\/product\/27972","targetHints":{"allow":["GET"]}}],"collection":[{"href":"https:\/\/xenonkungen.com\/fi\/wp-json\/wp\/v2\/product"}],"about":[{"href":"https:\/\/xenonkungen.com\/fi\/wp-json\/wp\/v2\/types\/product"}],"replies":[{"embeddable":true,"href":"https:\/\/xenonkungen.com\/fi\/wp-json\/wp\/v2\/comments?post=27972"}],"wp:featuredmedia":[{"embeddable":true,"href":"https:\/\/xenonkungen.com\/fi\/wp-json\/wp\/v2\/media\/27973"}],"wp:attachment":[{"href":"https:\/\/xenonkungen.com\/fi\/wp-json\/wp\/v2\/media?parent=27972"}],"wp:term":[{"taxonomy":"anvandningsomrade","embeddable":true,"href":"https:\/\/xenonkungen.com\/fi\/wp-json\/wp\/v2\/anvandningsomrade?post=27972"},{"taxonomy":"bilmarken","embeddable":true,"href":"https:\/\/xenonkungen.com\/fi\/wp-json\/wp\/v2\/bilmarken?post=27972"},{"taxonomy":"product_brand","embeddable":true,"href":"https:\/\/xenonkungen.com\/fi\/wp-json\/wp\/v2\/product_brand?post=27972"},{"taxonomy":"product_cat","embeddable":true,"href":"https:\/\/xenonkungen.com\/fi\/wp-json\/wp\/v2\/product_cat?post=27972"},{"taxonomy":"product_tag","embeddable":true,"href":"https:\/\/xenonkungen.com\/fi\/wp-json\/wp\/v2\/product_tag?post=27972"}],"curies":[{"name":"wp","href":"https:\/\/api.w.org\/{rel}","templated":true}]}}