{"id":27983,"date":"2026-03-16T15:10:51","date_gmt":"2026-03-16T14:10:51","guid":{"rendered":"https:\/\/xenonkungen.com\/?post_type=product&#038;p=27983"},"modified":"2026-04-24T17:48:49","modified_gmt":"2026-04-24T16:48:49","slug":"tershine-restore-polermedel","status":"publish","type":"product","link":"https:\/\/xenonkungen.com\/fi\/tuote\/tershine-restore-polermedel\/","title":{"rendered":"Tershine Restore \u2013 Kiillotus"},"content":{"rendered":"<p>Eritt\u00e4in tehokas ja monipuolinen kiillotusaine, t\u00e4ysin t\u00e4yteaineeton. Toimii parhaiten mikrokuiturullilla, mutta toki my\u00f6s tavallisilla vaahtomuovirullilla.<\/p>\n<p><strong>Poistaa naarmut karkeudesta 1000 alkaen ja viimeistelee karkeudesta 4000 asti<br \/>\nT\u00e4ydellinen kaikenlaisille maaleille<br \/>\nAntaa valtavan kiillon<br \/>\nEi sis\u00e4ll\u00e4 t\u00e4yteaineita<br \/>\nHelppo pyyhki\u00e4 pois<br \/>\nTykki ajovalojen kiillotukseen<br \/>\nToimii kromipinnoilla<br \/>\nTuotetta ei ole luokiteltu merkitt\u00e4v\u00e4ksi CLP-asetuksen (EY) 1272\/2008 mukaisesti.<br \/>\n<\/strong><\/p>\n<p><strong>Restore-ohjelman k\u00e4ytt\u00f6 \u2013 Polish<\/strong><\/p>\n<p><strong>1.\u00a0<\/strong>Levit\u00e4 pieni m\u00e4\u00e4r\u00e4 tyynylle<strong><br \/>\n2.\u00a0<\/strong>Kiillota alhaisella nopeudella (1\u20132000 rpm) ja anna koneen\/aineen ja laikan tehd\u00e4 ty\u00f6. Mutta kokeile sit\u00e4, se riippuu t\u00e4ysin koneesta jne. Toimii parhaiten mikrokuitu-\/villarullilla useimmiten t\u00e4ss\u00e4 vaiheessa.\u00a0<strong><br \/>\n3.\u00a0<\/strong>Vaihda viimeistelytyynyyn ja viimeistele suuremmalla kierrosluvulla (lis\u00e4\u00e4m\u00e4tt\u00e4 ainetta)<strong><br \/>\n4.\u00a0<\/strong>Sano hei kaikkivoipalle kiillolle<\/p>\n<p>Restore \u2013 Spray Polish on kiillotusaine, jota on eritt\u00e4in helppo k\u00e4ytt\u00e4\u00e4 ja joka antaa loistavan tuloksen aiemmista kiillotustaidoistasi riippumatta. Tuote poistaa vaikeimmat naarmut jopa 1000 karkeuteen asti ja sit\u00e4 voidaan k\u00e4ytt\u00e4\u00e4 my\u00f6s viimeistelyaineena.<\/p>\n<p>&nbsp;<\/p>\n<p>&nbsp;<\/p>\n<p>Ps. T\u00e4ss\u00e4 tuotteessa laikka on se, mik\u00e4 &quot;m\u00e4\u00e4ritt\u00e4\u00e4&quot; tuloksen, joten voit k\u00e4ytt\u00e4\u00e4 kahta eri laikkaa. Yksi karkeammille naarmuille ja viimeistele hienommalla laikalla lis\u00e4\u00e4m\u00e4tt\u00e4 enemp\u00e4\u00e4 tuotetta. Voit tietysti k\u00e4ytt\u00e4\u00e4 my\u00f6s vain yht\u00e4 vaihetta maalipinnan kunnosta riippuen.<\/p>\n<div class=\"text_exposed_show\">\n<div class=\"text_exposed_show\">\n<p><strong>Tuoksu:\u00a0<\/strong>Siemailla<strong>\u00a0<\/strong>pienen mets\u00e4n kanssa<\/p>\n<p>Muista, ett\u00e4 t\u00e4ss\u00e4 on hyv\u00e4 ty\u00f6nt\u00f6voima (1000 grit vastaa voimakasta leikkausta).<\/p>\n<h6>S\u00e4ilyt\u00e4 lasten ulottumattomissa. Pid\u00e4 pakkaus tai etiketti k\u00e4sill\u00e4, jos tarvitset l\u00e4\u00e4k\u00e4rin apua.<\/h6>\n<\/div>\n<\/div>","protected":false},"excerpt":{"rendered":"<p>Ett polermedel som \u00e4r superenkelt att anv\u00e4nda och kommer att ge ett kanonresultat, oavsett tidigare poleringskunskaper.<\/p>","protected":false},"featured_media":27984,"comment_status":"open","ping_status":"closed","template":"","meta":{"_acf_changed":false,"_smort_price_nok":"","_smort_price_dkk":"","_smort_price_eur":"","_smort_sale_price_nok":"","_smort_sale_price_dkk":"","_smort_sale_price_eur":"","smort_restorder":"","shipmondo_restorder":"","_kad_blocks_custom_css":"","_kad_blocks_head_custom_js":"","_kad_blocks_body_custom_js":"","_kad_blocks_footer_custom_js":"","smort_custom_pricelist_1":"","smort_custom_pricelist_2":"","smort_custom_pricelist_3":"","smort_custom_pricelist_4":"","smort_custom_pricelist_5":""},"anvandningsomrade":[],"bilmarken":[],"product_brand":[2893],"product_cat":[2617,2892,378],"product_tag":[],"class_list":{"0":"post-27983","1":"product","2":"type-product","3":"status-publish","4":"has-post-thumbnail","6":"product_brand-tershine","7":"product_cat-polering","8":"product_cat-retail-produkter","9":"product_cat-bilvard","11":"first","12":"onbackorder","13":"taxable","14":"shipping-taxable","15":"purchasable","16":"product-type-variable"},"bundled_by":[],"bundle_stock_status":"onbackorder","bundle_stock_quantity":null,"bundle_virtual":false,"bundle_layout":"","bundle_add_to_cart_form_location":"","bundle_editable_in_cart":false,"bundle_sold_individually_context":"","bundle_item_grouping":"","bundle_min_size":"","bundle_max_size":"","bundle_price":[],"bundled_items":[],"bundle_sell_ids":[],"acf":[],"yoast_head":"<!-- This site is optimized with the Yoast SEO plugin v27.0 - https:\/\/yoast.com\/product\/yoast-seo-wordpress\/ -->\n<title>Tershine Restore - Polermedel - Xenonkungen<\/title>\n<meta name=\"robots\" content=\"index, follow, max-snippet:-1, max-image-preview:large, max-video-preview:-1\" \/>\n<link rel=\"canonical\" href=\"https:\/\/xenonkungen.com\/fi\/tuote\/tershine-restore-polermedel\/\" \/>\n<meta property=\"og:locale\" content=\"fi_FI\" \/>\n<meta property=\"og:type\" content=\"article\" \/>\n<meta property=\"og:title\" content=\"Tershine Restore - Polermedel - Xenonkungen\" \/>\n<meta property=\"og:description\" content=\"Ett polermedel som \u00e4r superenkelt att anv\u00e4nda och kommer att ge ett kanonresultat, oavsett tidigare poleringskunskaper.\" \/>\n<meta property=\"og:url\" content=\"https:\/\/xenonkungen.com\/fi\/tuote\/tershine-restore-polermedel\/\" \/>\n<meta property=\"og:site_name\" content=\"Xenonkungen\" \/>\n<meta property=\"article:modified_time\" content=\"2026-04-24T16:48:49+00:00\" \/>\n<meta property=\"og:image\" content=\"https:\/\/xenonkungen.com\/wp-content\/uploads\/2026\/03\/UWG7Mj94RyaitSuP7136RHUwEyFW550XLR9H7nSL.webp\" \/>\n\t<meta property=\"og:image:width\" content=\"1024\" \/>\n\t<meta property=\"og:image:height\" content=\"1024\" \/>\n\t<meta property=\"og:image:type\" content=\"image\/webp\" \/>\n<meta name=\"twitter:card\" content=\"summary_large_image\" \/>\n<meta name=\"twitter:label1\" content=\"Arvioitu lukuaika\" \/>\n\t<meta name=\"twitter:data1\" content=\"2 minuuttia\" \/>\n<script type=\"application\/ld+json\" class=\"yoast-schema-graph\">{\"@context\":\"https:\/\/schema.org\",\"@graph\":[{\"@type\":\"WebPage\",\"@id\":\"https:\/\/xenonkungen.com\/produkt\/tershine-restore-polermedel\/\",\"url\":\"https:\/\/xenonkungen.com\/produkt\/tershine-restore-polermedel\/\",\"name\":\"Tershine Restore - Polermedel - Xenonkungen\",\"isPartOf\":{\"@id\":\"https:\/\/xenonkungen.com\/#website\"},\"primaryImageOfPage\":{\"@id\":\"https:\/\/xenonkungen.com\/produkt\/tershine-restore-polermedel\/#primaryimage\"},\"image\":{\"@id\":\"https:\/\/xenonkungen.com\/produkt\/tershine-restore-polermedel\/#primaryimage\"},\"thumbnailUrl\":\"https:\/\/xenonkungen.com\/wp-content\/uploads\/2026\/03\/UWG7Mj94RyaitSuP7136RHUwEyFW550XLR9H7nSL.webp\",\"datePublished\":\"2026-03-16T14:10:51+00:00\",\"dateModified\":\"2026-04-24T16:48:49+00:00\",\"breadcrumb\":{\"@id\":\"https:\/\/xenonkungen.com\/produkt\/tershine-restore-polermedel\/#breadcrumb\"},\"inLanguage\":\"fi\",\"potentialAction\":[{\"@type\":\"ReadAction\",\"target\":[\"https:\/\/xenonkungen.com\/produkt\/tershine-restore-polermedel\/\"]}]},{\"@type\":\"ImageObject\",\"inLanguage\":\"fi\",\"@id\":\"https:\/\/xenonkungen.com\/produkt\/tershine-restore-polermedel\/#primaryimage\",\"url\":\"https:\/\/xenonkungen.com\/wp-content\/uploads\/2026\/03\/UWG7Mj94RyaitSuP7136RHUwEyFW550XLR9H7nSL.webp\",\"contentUrl\":\"https:\/\/xenonkungen.com\/wp-content\/uploads\/2026\/03\/UWG7Mj94RyaitSuP7136RHUwEyFW550XLR9H7nSL.webp\",\"width\":1024,\"height\":1024},{\"@type\":\"BreadcrumbList\",\"@id\":\"https:\/\/xenonkungen.com\/produkt\/tershine-restore-polermedel\/#breadcrumb\",\"itemListElement\":[{\"@type\":\"ListItem\",\"position\":1,\"name\":\"Hem\",\"item\":\"https:\/\/xenonkungen.com\/\"},{\"@type\":\"ListItem\",\"position\":2,\"name\":\"Shop\",\"item\":\"https:\/\/xenonkungen.com\/shop\/\"},{\"@type\":\"ListItem\",\"position\":3,\"name\":\"Tershine Restore &#8211; Polermedel\"}]},{\"@type\":\"WebSite\",\"@id\":\"https:\/\/xenonkungen.com\/#website\",\"url\":\"https:\/\/xenonkungen.com\/\",\"name\":\"Xenonkungen\",\"description\":\"\",\"potentialAction\":[{\"@type\":\"SearchAction\",\"target\":{\"@type\":\"EntryPoint\",\"urlTemplate\":\"https:\/\/xenonkungen.com\/?s={search_term_string}\"},\"query-input\":{\"@type\":\"PropertyValueSpecification\",\"valueRequired\":true,\"valueName\":\"search_term_string\"}}],\"inLanguage\":\"fi\"}]}<\/script>\n<!-- \/ Yoast SEO plugin. -->","yoast_head_json":{"title":"Tershine Restore - Polermedel - Xenonkungen","robots":{"index":"index","follow":"follow","max-snippet":"max-snippet:-1","max-image-preview":"max-image-preview:large","max-video-preview":"max-video-preview:-1"},"canonical":"https:\/\/xenonkungen.com\/fi\/tuote\/tershine-restore-polermedel\/","og_locale":"fi_FI","og_type":"article","og_title":"Tershine Restore - Polermedel - Xenonkungen","og_description":"Ett polermedel som \u00e4r superenkelt att anv\u00e4nda och kommer att ge ett kanonresultat, oavsett tidigare poleringskunskaper.","og_url":"https:\/\/xenonkungen.com\/fi\/tuote\/tershine-restore-polermedel\/","og_site_name":"Xenonkungen","article_modified_time":"2026-04-24T16:48:49+00:00","og_image":[{"width":1024,"height":1024,"url":"https:\/\/xenonkungen.com\/wp-content\/uploads\/2026\/03\/UWG7Mj94RyaitSuP7136RHUwEyFW550XLR9H7nSL.webp","type":"image\/webp"}],"twitter_card":"summary_large_image","twitter_misc":{"Arvioitu lukuaika":"2 minuuttia"},"schema":{"@context":"https:\/\/schema.org","@graph":[{"@type":"WebPage","@id":"https:\/\/xenonkungen.com\/produkt\/tershine-restore-polermedel\/","url":"https:\/\/xenonkungen.com\/produkt\/tershine-restore-polermedel\/","name":"Tershine Restore - Polermedel - Xenonkungen","isPartOf":{"@id":"https:\/\/xenonkungen.com\/#website"},"primaryImageOfPage":{"@id":"https:\/\/xenonkungen.com\/produkt\/tershine-restore-polermedel\/#primaryimage"},"image":{"@id":"https:\/\/xenonkungen.com\/produkt\/tershine-restore-polermedel\/#primaryimage"},"thumbnailUrl":"https:\/\/xenonkungen.com\/wp-content\/uploads\/2026\/03\/UWG7Mj94RyaitSuP7136RHUwEyFW550XLR9H7nSL.webp","datePublished":"2026-03-16T14:10:51+00:00","dateModified":"2026-04-24T16:48:49+00:00","breadcrumb":{"@id":"https:\/\/xenonkungen.com\/produkt\/tershine-restore-polermedel\/#breadcrumb"},"inLanguage":"fi","potentialAction":[{"@type":"ReadAction","target":["https:\/\/xenonkungen.com\/produkt\/tershine-restore-polermedel\/"]}]},{"@type":"ImageObject","inLanguage":"fi","@id":"https:\/\/xenonkungen.com\/produkt\/tershine-restore-polermedel\/#primaryimage","url":"https:\/\/xenonkungen.com\/wp-content\/uploads\/2026\/03\/UWG7Mj94RyaitSuP7136RHUwEyFW550XLR9H7nSL.webp","contentUrl":"https:\/\/xenonkungen.com\/wp-content\/uploads\/2026\/03\/UWG7Mj94RyaitSuP7136RHUwEyFW550XLR9H7nSL.webp","width":1024,"height":1024},{"@type":"BreadcrumbList","@id":"https:\/\/xenonkungen.com\/produkt\/tershine-restore-polermedel\/#breadcrumb","itemListElement":[{"@type":"ListItem","position":1,"name":"Hem","item":"https:\/\/xenonkungen.com\/"},{"@type":"ListItem","position":2,"name":"Shop","item":"https:\/\/xenonkungen.com\/shop\/"},{"@type":"ListItem","position":3,"name":"Tershine Restore &#8211; Polermedel"}]},{"@type":"WebSite","@id":"https:\/\/xenonkungen.com\/#website","url":"https:\/\/xenonkungen.com\/","name":"Xenonkungen","description":"","potentialAction":[{"@type":"SearchAction","target":{"@type":"EntryPoint","urlTemplate":"https:\/\/xenonkungen.com\/?s={search_term_string}"},"query-input":{"@type":"PropertyValueSpecification","valueRequired":true,"valueName":"search_term_string"}}],"inLanguage":"fi"}]}},"taxonomy_info":{"product_brand":[{"value":2893,"label":"Tershine"}],"product_cat":[{"value":2617,"label":"3 | Polering"},{"value":2892,"label":"\u00c5terf\u00f6rs\u00e4ljarprodukter"},{"value":378,"label":"Bilv\u00e5rd"}]},"featured_image_src_large":["https:\/\/xenonkungen.com\/wp-content\/uploads\/2026\/03\/UWG7Mj94RyaitSuP7136RHUwEyFW550XLR9H7nSL.webp",1024,1024,false],"author_info":[],"comment_info":0,"_links":{"self":[{"href":"https:\/\/xenonkungen.com\/fi\/wp-json\/wp\/v2\/product\/27983","targetHints":{"allow":["GET"]}}],"collection":[{"href":"https:\/\/xenonkungen.com\/fi\/wp-json\/wp\/v2\/product"}],"about":[{"href":"https:\/\/xenonkungen.com\/fi\/wp-json\/wp\/v2\/types\/product"}],"replies":[{"embeddable":true,"href":"https:\/\/xenonkungen.com\/fi\/wp-json\/wp\/v2\/comments?post=27983"}],"wp:featuredmedia":[{"embeddable":true,"href":"https:\/\/xenonkungen.com\/fi\/wp-json\/wp\/v2\/media\/27984"}],"wp:attachment":[{"href":"https:\/\/xenonkungen.com\/fi\/wp-json\/wp\/v2\/media?parent=27983"}],"wp:term":[{"taxonomy":"anvandningsomrade","embeddable":true,"href":"https:\/\/xenonkungen.com\/fi\/wp-json\/wp\/v2\/anvandningsomrade?post=27983"},{"taxonomy":"bilmarken","embeddable":true,"href":"https:\/\/xenonkungen.com\/fi\/wp-json\/wp\/v2\/bilmarken?post=27983"},{"taxonomy":"product_brand","embeddable":true,"href":"https:\/\/xenonkungen.com\/fi\/wp-json\/wp\/v2\/product_brand?post=27983"},{"taxonomy":"product_cat","embeddable":true,"href":"https:\/\/xenonkungen.com\/fi\/wp-json\/wp\/v2\/product_cat?post=27983"},{"taxonomy":"product_tag","embeddable":true,"href":"https:\/\/xenonkungen.com\/fi\/wp-json\/wp\/v2\/product_tag?post=27983"}],"curies":[{"name":"wp","href":"https:\/\/api.w.org\/{rel}","templated":true}]}}