{"id":28015,"date":"2026-03-16T16:17:30","date_gmt":"2026-03-16T15:17:30","guid":{"rendered":"https:\/\/xenonkungen.com\/?post_type=product&#038;p=28015"},"modified":"2026-05-12T14:48:13","modified_gmt":"2026-05-12T13:48:13","slug":"tershine-supermjuka-penslar","status":"publish","type":"product","link":"https:\/\/xenonkungen.com\/fi\/tuote\/tershine-supermjuka-penslar\/","title":{"rendered":"Tershine Super Soft -siveltimet"},"content":{"rendered":"<p>Kemikaaleja kest\u00e4v\u00e4t ja eritt\u00e4in pehme\u00e4t harjat sopivat t\u00e4ydellisesti ajoneuvosi sis\u00e4tiloihin. T\u00e4ydellinen yhdess\u00e4 jonkin APC-yleispuhdistusaineemme kanssa.<\/p>\n<p><strong>Pakollinen sis\u00e4tilojen asianmukaiseen puhdistukseen<br \/>\nHyvin lempe\u00e4<br \/>\nKemikaalinkest\u00e4v\u00e4<br \/>\nKorkea laatu<br \/>\nMonet k\u00e4ytt\u00f6alueet<\/strong><\/p>\n<p>Superpehme\u00e4t siveltimet, jotka tuntuvat suunnilleen samalta kuin meikkisiveltimet, eli eritt\u00e4in hell\u00e4varaiset! Samat kahvat kuin muissa siveltimiss\u00e4, mutta n\u00e4m\u00e4 ovat viel\u00e4kin hell\u00e4varaisempia kaikille materiaaleille ja niit\u00e4 on saatavilla kahdessa koossa. Voit toki valita, mit\u00e4 haluat niill\u00e4 tehd\u00e4, mutta suurempi 18 mm:n sivellin (sivellin) on mielest\u00e4mme loistava ulkopuolelle tunnusten, valojen, listojen jne. ymp\u00e4rille. Hieman pienempi 16 mm:n sivellin on loistava sis\u00e4puolelle. Mutta totta kai p\u00e4\u00e4t\u00e4t itse, miten ja mihin haluat niit\u00e4 k\u00e4ytt\u00e4\u00e4. Tietenkin kemikaalinkest\u00e4v\u00e4t!<\/p>\n<p>&nbsp;<\/p>\n<p>Myyd\u00e4\u00e4n kahden kappaleen settin\u00e4 ja toimitetaan siistiss\u00e4 pahvilaatikossa!<\/p>\n<p><strong>Koot:<\/strong>\u00a016 mm ja 20 mm<\/p>","protected":false},"excerpt":{"rendered":"<p>Kemresistenta och supermjuka penslar som \u00e4r perfekt f\u00f6r interi\u00f6ren i ditt fordon.<\/p>","protected":false},"featured_media":28016,"comment_status":"open","ping_status":"closed","template":"","meta":{"_acf_changed":false,"_smort_price_nok":"","_smort_price_dkk":"","_smort_price_eur":"","_smort_sale_price_nok":"","_smort_sale_price_dkk":"","_smort_sale_price_eur":"","smort_restorder":"","shipmondo_restorder":"","_kad_blocks_custom_css":"","_kad_blocks_head_custom_js":"","_kad_blocks_body_custom_js":"","_kad_blocks_footer_custom_js":"","smort_custom_pricelist_1":"95.36","smort_custom_pricelist_2":"95.36","smort_custom_pricelist_3":"95.36","smort_custom_pricelist_4":"119.2","smort_custom_pricelist_5":"95.36"},"anvandningsomrade":[],"bilmarken":[],"product_brand":[2893],"product_cat":[2450,2892,378],"product_tag":[],"class_list":{"0":"post-28015","1":"product","2":"type-product","3":"status-publish","4":"has-post-thumbnail","6":"product_brand-tershine","7":"product_cat-tillbehor-bilvard","8":"product_cat-retail-produkter","9":"product_cat-bilvard","11":"first","12":"onbackorder","13":"taxable","14":"shipping-taxable","15":"purchasable","16":"product-type-simple"},"bundled_by":[],"bundle_stock_status":"onbackorder","bundle_stock_quantity":0,"bundle_virtual":false,"bundle_layout":"","bundle_add_to_cart_form_location":"","bundle_editable_in_cart":false,"bundle_sold_individually_context":"","bundle_item_grouping":"","bundle_min_size":"","bundle_max_size":"","bundle_price":[],"bundled_items":[],"bundle_sell_ids":[],"acf":[],"yoast_head":"<!-- This site is optimized with the Yoast SEO plugin v27.0 - https:\/\/yoast.com\/product\/yoast-seo-wordpress\/ -->\n<title>Tershine Supermjuka penslar - Xenonkungen<\/title>\n<meta name=\"robots\" content=\"index, follow, max-snippet:-1, max-image-preview:large, max-video-preview:-1\" \/>\n<link rel=\"canonical\" href=\"https:\/\/xenonkungen.com\/fi\/tuote\/tershine-supermjuka-penslar\/\" \/>\n<meta property=\"og:locale\" content=\"fi_FI\" \/>\n<meta property=\"og:type\" content=\"article\" \/>\n<meta property=\"og:title\" content=\"Tershine Supermjuka penslar - Xenonkungen\" \/>\n<meta property=\"og:description\" content=\"Kemresistenta och supermjuka penslar som \u00e4r perfekt f\u00f6r interi\u00f6ren i ditt fordon.\" \/>\n<meta property=\"og:url\" content=\"https:\/\/xenonkungen.com\/fi\/tuote\/tershine-supermjuka-penslar\/\" \/>\n<meta property=\"og:site_name\" content=\"Xenonkungen\" \/>\n<meta property=\"article:modified_time\" content=\"2026-05-12T13:48:13+00:00\" \/>\n<meta property=\"og:image\" content=\"https:\/\/xenonkungen.com\/wp-content\/uploads\/2026\/03\/EkK3nt1sNL1cZqTYBdfOLHWc3GAUoAvEkmKtPagM.webp\" \/>\n\t<meta property=\"og:image:width\" content=\"1024\" \/>\n\t<meta property=\"og:image:height\" content=\"1024\" \/>\n\t<meta property=\"og:image:type\" content=\"image\/webp\" \/>\n<meta name=\"twitter:card\" content=\"summary_large_image\" \/>\n<meta name=\"twitter:label1\" content=\"Arvioitu lukuaika\" \/>\n\t<meta name=\"twitter:data1\" content=\"1 minuutti\" \/>\n<script type=\"application\/ld+json\" class=\"yoast-schema-graph\">{\"@context\":\"https:\/\/schema.org\",\"@graph\":[{\"@type\":\"WebPage\",\"@id\":\"https:\/\/xenonkungen.com\/produkt\/tershine-supermjuka-penslar\/\",\"url\":\"https:\/\/xenonkungen.com\/produkt\/tershine-supermjuka-penslar\/\",\"name\":\"Tershine Supermjuka penslar - Xenonkungen\",\"isPartOf\":{\"@id\":\"https:\/\/xenonkungen.com\/#website\"},\"primaryImageOfPage\":{\"@id\":\"https:\/\/xenonkungen.com\/produkt\/tershine-supermjuka-penslar\/#primaryimage\"},\"image\":{\"@id\":\"https:\/\/xenonkungen.com\/produkt\/tershine-supermjuka-penslar\/#primaryimage\"},\"thumbnailUrl\":\"https:\/\/xenonkungen.com\/wp-content\/uploads\/2026\/03\/EkK3nt1sNL1cZqTYBdfOLHWc3GAUoAvEkmKtPagM.webp\",\"datePublished\":\"2026-03-16T15:17:30+00:00\",\"dateModified\":\"2026-05-12T13:48:13+00:00\",\"breadcrumb\":{\"@id\":\"https:\/\/xenonkungen.com\/produkt\/tershine-supermjuka-penslar\/#breadcrumb\"},\"inLanguage\":\"fi\",\"potentialAction\":[{\"@type\":\"ReadAction\",\"target\":[\"https:\/\/xenonkungen.com\/produkt\/tershine-supermjuka-penslar\/\"]}]},{\"@type\":\"ImageObject\",\"inLanguage\":\"fi\",\"@id\":\"https:\/\/xenonkungen.com\/produkt\/tershine-supermjuka-penslar\/#primaryimage\",\"url\":\"https:\/\/xenonkungen.com\/wp-content\/uploads\/2026\/03\/EkK3nt1sNL1cZqTYBdfOLHWc3GAUoAvEkmKtPagM.webp\",\"contentUrl\":\"https:\/\/xenonkungen.com\/wp-content\/uploads\/2026\/03\/EkK3nt1sNL1cZqTYBdfOLHWc3GAUoAvEkmKtPagM.webp\",\"width\":1024,\"height\":1024},{\"@type\":\"BreadcrumbList\",\"@id\":\"https:\/\/xenonkungen.com\/produkt\/tershine-supermjuka-penslar\/#breadcrumb\",\"itemListElement\":[{\"@type\":\"ListItem\",\"position\":1,\"name\":\"Hem\",\"item\":\"https:\/\/xenonkungen.com\/\"},{\"@type\":\"ListItem\",\"position\":2,\"name\":\"Shop\",\"item\":\"https:\/\/xenonkungen.com\/shop\/\"},{\"@type\":\"ListItem\",\"position\":3,\"name\":\"Tershine Supermjuka penslar\"}]},{\"@type\":\"WebSite\",\"@id\":\"https:\/\/xenonkungen.com\/#website\",\"url\":\"https:\/\/xenonkungen.com\/\",\"name\":\"Xenonkungen\",\"description\":\"\",\"potentialAction\":[{\"@type\":\"SearchAction\",\"target\":{\"@type\":\"EntryPoint\",\"urlTemplate\":\"https:\/\/xenonkungen.com\/?s={search_term_string}\"},\"query-input\":{\"@type\":\"PropertyValueSpecification\",\"valueRequired\":true,\"valueName\":\"search_term_string\"}}],\"inLanguage\":\"fi\"}]}<\/script>\n<!-- \/ Yoast SEO plugin. -->","yoast_head_json":{"title":"Tershine Supermjuka penslar - Xenonkungen","robots":{"index":"index","follow":"follow","max-snippet":"max-snippet:-1","max-image-preview":"max-image-preview:large","max-video-preview":"max-video-preview:-1"},"canonical":"https:\/\/xenonkungen.com\/fi\/tuote\/tershine-supermjuka-penslar\/","og_locale":"fi_FI","og_type":"article","og_title":"Tershine Supermjuka penslar - Xenonkungen","og_description":"Kemresistenta och supermjuka penslar som \u00e4r perfekt f\u00f6r interi\u00f6ren i ditt fordon.","og_url":"https:\/\/xenonkungen.com\/fi\/tuote\/tershine-supermjuka-penslar\/","og_site_name":"Xenonkungen","article_modified_time":"2026-05-12T13:48:13+00:00","og_image":[{"width":1024,"height":1024,"url":"https:\/\/xenonkungen.com\/wp-content\/uploads\/2026\/03\/EkK3nt1sNL1cZqTYBdfOLHWc3GAUoAvEkmKtPagM.webp","type":"image\/webp"}],"twitter_card":"summary_large_image","twitter_misc":{"Arvioitu lukuaika":"1 minuutti"},"schema":{"@context":"https:\/\/schema.org","@graph":[{"@type":"WebPage","@id":"https:\/\/xenonkungen.com\/produkt\/tershine-supermjuka-penslar\/","url":"https:\/\/xenonkungen.com\/produkt\/tershine-supermjuka-penslar\/","name":"Tershine Supermjuka penslar - Xenonkungen","isPartOf":{"@id":"https:\/\/xenonkungen.com\/#website"},"primaryImageOfPage":{"@id":"https:\/\/xenonkungen.com\/produkt\/tershine-supermjuka-penslar\/#primaryimage"},"image":{"@id":"https:\/\/xenonkungen.com\/produkt\/tershine-supermjuka-penslar\/#primaryimage"},"thumbnailUrl":"https:\/\/xenonkungen.com\/wp-content\/uploads\/2026\/03\/EkK3nt1sNL1cZqTYBdfOLHWc3GAUoAvEkmKtPagM.webp","datePublished":"2026-03-16T15:17:30+00:00","dateModified":"2026-05-12T13:48:13+00:00","breadcrumb":{"@id":"https:\/\/xenonkungen.com\/produkt\/tershine-supermjuka-penslar\/#breadcrumb"},"inLanguage":"fi","potentialAction":[{"@type":"ReadAction","target":["https:\/\/xenonkungen.com\/produkt\/tershine-supermjuka-penslar\/"]}]},{"@type":"ImageObject","inLanguage":"fi","@id":"https:\/\/xenonkungen.com\/produkt\/tershine-supermjuka-penslar\/#primaryimage","url":"https:\/\/xenonkungen.com\/wp-content\/uploads\/2026\/03\/EkK3nt1sNL1cZqTYBdfOLHWc3GAUoAvEkmKtPagM.webp","contentUrl":"https:\/\/xenonkungen.com\/wp-content\/uploads\/2026\/03\/EkK3nt1sNL1cZqTYBdfOLHWc3GAUoAvEkmKtPagM.webp","width":1024,"height":1024},{"@type":"BreadcrumbList","@id":"https:\/\/xenonkungen.com\/produkt\/tershine-supermjuka-penslar\/#breadcrumb","itemListElement":[{"@type":"ListItem","position":1,"name":"Hem","item":"https:\/\/xenonkungen.com\/"},{"@type":"ListItem","position":2,"name":"Shop","item":"https:\/\/xenonkungen.com\/shop\/"},{"@type":"ListItem","position":3,"name":"Tershine Supermjuka penslar"}]},{"@type":"WebSite","@id":"https:\/\/xenonkungen.com\/#website","url":"https:\/\/xenonkungen.com\/","name":"Xenonkungen","description":"","potentialAction":[{"@type":"SearchAction","target":{"@type":"EntryPoint","urlTemplate":"https:\/\/xenonkungen.com\/?s={search_term_string}"},"query-input":{"@type":"PropertyValueSpecification","valueRequired":true,"valueName":"search_term_string"}}],"inLanguage":"fi"}]}},"taxonomy_info":{"product_brand":[{"value":2893,"label":"Tershine"}],"product_cat":[{"value":2450,"label":"6 | Tillbeh\u00f6r"},{"value":2892,"label":"\u00c5terf\u00f6rs\u00e4ljarprodukter"},{"value":378,"label":"Bilv\u00e5rd"}]},"featured_image_src_large":["https:\/\/xenonkungen.com\/wp-content\/uploads\/2026\/03\/EkK3nt1sNL1cZqTYBdfOLHWc3GAUoAvEkmKtPagM.webp",1024,1024,false],"author_info":[],"comment_info":0,"_links":{"self":[{"href":"https:\/\/xenonkungen.com\/fi\/wp-json\/wp\/v2\/product\/28015","targetHints":{"allow":["GET"]}}],"collection":[{"href":"https:\/\/xenonkungen.com\/fi\/wp-json\/wp\/v2\/product"}],"about":[{"href":"https:\/\/xenonkungen.com\/fi\/wp-json\/wp\/v2\/types\/product"}],"replies":[{"embeddable":true,"href":"https:\/\/xenonkungen.com\/fi\/wp-json\/wp\/v2\/comments?post=28015"}],"wp:featuredmedia":[{"embeddable":true,"href":"https:\/\/xenonkungen.com\/fi\/wp-json\/wp\/v2\/media\/28016"}],"wp:attachment":[{"href":"https:\/\/xenonkungen.com\/fi\/wp-json\/wp\/v2\/media?parent=28015"}],"wp:term":[{"taxonomy":"anvandningsomrade","embeddable":true,"href":"https:\/\/xenonkungen.com\/fi\/wp-json\/wp\/v2\/anvandningsomrade?post=28015"},{"taxonomy":"bilmarken","embeddable":true,"href":"https:\/\/xenonkungen.com\/fi\/wp-json\/wp\/v2\/bilmarken?post=28015"},{"taxonomy":"product_brand","embeddable":true,"href":"https:\/\/xenonkungen.com\/fi\/wp-json\/wp\/v2\/product_brand?post=28015"},{"taxonomy":"product_cat","embeddable":true,"href":"https:\/\/xenonkungen.com\/fi\/wp-json\/wp\/v2\/product_cat?post=28015"},{"taxonomy":"product_tag","embeddable":true,"href":"https:\/\/xenonkungen.com\/fi\/wp-json\/wp\/v2\/product_tag?post=28015"}],"curies":[{"name":"wp","href":"https:\/\/api.w.org\/{rel}","templated":true}]}}