{"id":28079,"date":"2026-03-18T08:38:16","date_gmt":"2026-03-18T07:38:16","guid":{"rendered":"https:\/\/xenonkungen.com\/?post_type=product&#038;p=28079"},"modified":"2026-05-08T13:33:46","modified_gmt":"2026-05-08T12:33:46","slug":"tershine-kaksipuolinen-kuivausliina-50x60","status":"publish","type":"product","link":"https:\/\/xenonkungen.com\/fi\/tuote\/tershine-kaksipuolinen-kuivausliina-50x60\/","title":{"rendered":"Tershine-kuivausliina \u2013 Kaksipuolinen 50\u00d760"},"content":{"rendered":"<p>Eritt\u00e4in laadukas kuivausliina, jolla on erinomainen imukyky.<\/p>\n<p><strong>Eritt\u00e4in tehokas<br \/>\nTuplasivut<br \/>\nHell\u00e4varainen pinnalle<br \/>\nVoidaan pest\u00e4 yh\u00e4 uudelleen ja uudelleen<br \/>\nT\u00e4ydellinen autoon, veneeseen, asuntovaunuun, asuntovaunuun, kuorma-autoon ja moottoripy\u00f6r\u00e4\u00e4n<br \/>\nToimii yht\u00e4 hyvin el\u00e4imille ja muille sovelluksille<\/strong><\/p>\n<p>Sama perusmalli kuin tavalliset pyyhkeemme, mutta kaksipuolinen. Eritt\u00e4in imukykyinen ja hell\u00e4varainen kaikenlaisille pinnoille. Toimii loistavasti my\u00f6s kotona, ja yksi suosikeistamme on lemmikkien kuivaaminen m\u00e4r\u00e4n k\u00e4velyn j\u00e4lkeen.<\/p>\n<p><strong>GSM-koodi:<\/strong>\u00a01060<br \/>\n<strong>Koko:<\/strong>\u00a050x60cm<br \/>\n<strong>Materiaali:<\/strong>\u00a080% polyesteri, 20% polyamidi<\/p>\n<p><strong>Hoito-ohjeet:<\/strong>\u00a0Pese 40 asteessa ilman huuhteluainetta. J\u00e4t\u00e4 tavallinen pesuaine pois, koska se yleens\u00e4 &quot;sulkee&quot; kuidut ja heikent\u00e4\u00e4 vaatteiden pesua. K\u00e4yt\u00e4 Refresh-Fiber Wash -pesuainetta (mikrokuitupesuainetta) tai APC\/Alkaline-pesuainetta (koneen korkki voi olla hieman liian voimakas), ja ne yleens\u00e4 toimivat hyvin.<\/p>\n<p>&nbsp;<\/p>\n<p>&nbsp;<\/p>\n<p>&nbsp;<\/p>\n<p>&nbsp;<\/p>","protected":false},"excerpt":{"rendered":"<p>Monipuolinen, eritt\u00e4in korkealaatuinen ja eritt\u00e4in imukykyinen mikrokuituliinan.<\/p>","protected":false},"featured_media":28080,"comment_status":"open","ping_status":"closed","template":"","meta":{"_acf_changed":false,"_smort_price_nok":"","_smort_price_dkk":"","_smort_price_eur":"","_smort_sale_price_nok":"","_smort_sale_price_dkk":"","_smort_sale_price_eur":"","smort_restorder":"","shipmondo_restorder":"","_kad_blocks_custom_css":"","_kad_blocks_head_custom_js":"","_kad_blocks_body_custom_js":"","_kad_blocks_footer_custom_js":"","smort_custom_pricelist_1":"127.36","smort_custom_pricelist_2":"127.36","smort_custom_pricelist_3":"127.36","smort_custom_pricelist_4":"159.2","smort_custom_pricelist_5":"127.36"},"anvandningsomrade":[],"bilmarken":[],"product_brand":[2893],"product_cat":[2450,378],"product_tag":[],"class_list":{"0":"post-28079","1":"product","2":"type-product","3":"status-publish","4":"has-post-thumbnail","6":"product_brand-tershine","7":"product_cat-tillbehor-bilvard","8":"product_cat-bilvard","10":"first","11":"instock","12":"taxable","13":"shipping-taxable","14":"purchasable","15":"product-type-simple"},"bundled_by":[],"bundle_stock_status":"instock","bundle_stock_quantity":4,"bundle_virtual":false,"bundle_layout":"","bundle_add_to_cart_form_location":"","bundle_editable_in_cart":false,"bundle_sold_individually_context":"","bundle_item_grouping":"","bundle_min_size":"","bundle_max_size":"","bundle_price":[],"bundled_items":[],"bundle_sell_ids":[],"acf":[],"yoast_head":"<!-- This site is optimized with the Yoast SEO plugin v27.0 - https:\/\/yoast.com\/product\/yoast-seo-wordpress\/ -->\n<title>Tershine Torkduk - Dubbelsidig 50x60 - Xenonkungen<\/title>\n<meta name=\"robots\" content=\"index, follow, max-snippet:-1, max-image-preview:large, max-video-preview:-1\" \/>\n<link rel=\"canonical\" href=\"https:\/\/xenonkungen.com\/fi\/tuote\/tershine-kaksipuolinen-kuivausliina-50x60\/\" \/>\n<meta property=\"og:locale\" content=\"fi_FI\" \/>\n<meta property=\"og:type\" content=\"article\" \/>\n<meta property=\"og:title\" content=\"Tershine Torkduk - Dubbelsidig 50x60 - Xenonkungen\" \/>\n<meta property=\"og:description\" content=\"M\u00e5ngsidig torkduk i mikrofiber av mycket h\u00f6g kvalitet med enorm uppsugningsf\u00f6rm\u00e5ga.\" \/>\n<meta property=\"og:url\" content=\"https:\/\/xenonkungen.com\/fi\/tuote\/tershine-kaksipuolinen-kuivausliina-50x60\/\" \/>\n<meta property=\"og:site_name\" content=\"Xenonkungen\" \/>\n<meta property=\"article:modified_time\" content=\"2026-05-08T12:33:46+00:00\" \/>\n<meta property=\"og:image\" content=\"https:\/\/xenonkungen.com\/wp-content\/uploads\/2026\/03\/cRH81XXcINHs3xOrq8qIX5gLY85H688c7g0IPScm.webp\" \/>\n\t<meta property=\"og:image:width\" content=\"1024\" \/>\n\t<meta property=\"og:image:height\" content=\"1024\" \/>\n\t<meta property=\"og:image:type\" content=\"image\/webp\" \/>\n<meta name=\"twitter:card\" content=\"summary_large_image\" \/>\n<meta name=\"twitter:label1\" content=\"Arvioitu lukuaika\" \/>\n\t<meta name=\"twitter:data1\" content=\"1 minuutti\" \/>\n<script type=\"application\/ld+json\" class=\"yoast-schema-graph\">{\"@context\":\"https:\/\/schema.org\",\"@graph\":[{\"@type\":\"WebPage\",\"@id\":\"https:\/\/xenonkungen.com\/produkt\/tershine-torkduk-dubbelsidig-50x60\/\",\"url\":\"https:\/\/xenonkungen.com\/produkt\/tershine-torkduk-dubbelsidig-50x60\/\",\"name\":\"Tershine Torkduk - Dubbelsidig 50x60 - Xenonkungen\",\"isPartOf\":{\"@id\":\"https:\/\/xenonkungen.com\/#website\"},\"primaryImageOfPage\":{\"@id\":\"https:\/\/xenonkungen.com\/produkt\/tershine-torkduk-dubbelsidig-50x60\/#primaryimage\"},\"image\":{\"@id\":\"https:\/\/xenonkungen.com\/produkt\/tershine-torkduk-dubbelsidig-50x60\/#primaryimage\"},\"thumbnailUrl\":\"https:\/\/xenonkungen.com\/wp-content\/uploads\/2026\/03\/cRH81XXcINHs3xOrq8qIX5gLY85H688c7g0IPScm.webp\",\"datePublished\":\"2026-03-18T07:38:16+00:00\",\"dateModified\":\"2026-05-08T12:33:46+00:00\",\"breadcrumb\":{\"@id\":\"https:\/\/xenonkungen.com\/produkt\/tershine-torkduk-dubbelsidig-50x60\/#breadcrumb\"},\"inLanguage\":\"fi\",\"potentialAction\":[{\"@type\":\"ReadAction\",\"target\":[\"https:\/\/xenonkungen.com\/produkt\/tershine-torkduk-dubbelsidig-50x60\/\"]}]},{\"@type\":\"ImageObject\",\"inLanguage\":\"fi\",\"@id\":\"https:\/\/xenonkungen.com\/produkt\/tershine-torkduk-dubbelsidig-50x60\/#primaryimage\",\"url\":\"https:\/\/xenonkungen.com\/wp-content\/uploads\/2026\/03\/cRH81XXcINHs3xOrq8qIX5gLY85H688c7g0IPScm.webp\",\"contentUrl\":\"https:\/\/xenonkungen.com\/wp-content\/uploads\/2026\/03\/cRH81XXcINHs3xOrq8qIX5gLY85H688c7g0IPScm.webp\",\"width\":1024,\"height\":1024},{\"@type\":\"BreadcrumbList\",\"@id\":\"https:\/\/xenonkungen.com\/produkt\/tershine-torkduk-dubbelsidig-50x60\/#breadcrumb\",\"itemListElement\":[{\"@type\":\"ListItem\",\"position\":1,\"name\":\"Hem\",\"item\":\"https:\/\/xenonkungen.com\/\"},{\"@type\":\"ListItem\",\"position\":2,\"name\":\"Shop\",\"item\":\"https:\/\/xenonkungen.com\/shop\/\"},{\"@type\":\"ListItem\",\"position\":3,\"name\":\"Tershine Torkduk &#8211; Dubbelsidig 50&#215;60\"}]},{\"@type\":\"WebSite\",\"@id\":\"https:\/\/xenonkungen.com\/#website\",\"url\":\"https:\/\/xenonkungen.com\/\",\"name\":\"Xenonkungen\",\"description\":\"\",\"potentialAction\":[{\"@type\":\"SearchAction\",\"target\":{\"@type\":\"EntryPoint\",\"urlTemplate\":\"https:\/\/xenonkungen.com\/?s={search_term_string}\"},\"query-input\":{\"@type\":\"PropertyValueSpecification\",\"valueRequired\":true,\"valueName\":\"search_term_string\"}}],\"inLanguage\":\"fi\"}]}<\/script>\n<!-- \/ Yoast SEO plugin. -->","yoast_head_json":{"title":"Tershine-kuivausliina - Kaksipuolinen 50x60 - Xenonkungen","robots":{"index":"index","follow":"follow","max-snippet":"max-snippet:-1","max-image-preview":"max-image-preview:large","max-video-preview":"max-video-preview:-1"},"canonical":"https:\/\/xenonkungen.com\/fi\/tuote\/tershine-kaksipuolinen-kuivausliina-50x60\/","og_locale":"fi_FI","og_type":"article","og_title":"Tershine Torkduk - Dubbelsidig 50x60 - Xenonkungen","og_description":"M\u00e5ngsidig torkduk i mikrofiber av mycket h\u00f6g kvalitet med enorm uppsugningsf\u00f6rm\u00e5ga.","og_url":"https:\/\/xenonkungen.com\/fi\/tuote\/tershine-kaksipuolinen-kuivausliina-50x60\/","og_site_name":"Xenonkungen","article_modified_time":"2026-05-08T12:33:46+00:00","og_image":[{"width":1024,"height":1024,"url":"https:\/\/xenonkungen.com\/wp-content\/uploads\/2026\/03\/cRH81XXcINHs3xOrq8qIX5gLY85H688c7g0IPScm.webp","type":"image\/webp"}],"twitter_card":"summary_large_image","twitter_misc":{"Arvioitu lukuaika":"1 minuutti"},"schema":{"@context":"https:\/\/schema.org","@graph":[{"@type":"WebPage","@id":"https:\/\/xenonkungen.com\/produkt\/tershine-torkduk-dubbelsidig-50x60\/","url":"https:\/\/xenonkungen.com\/produkt\/tershine-torkduk-dubbelsidig-50x60\/","name":"Tershine-kuivausliina - Kaksipuolinen 50x60 - Xenonkungen","isPartOf":{"@id":"https:\/\/xenonkungen.com\/#website"},"primaryImageOfPage":{"@id":"https:\/\/xenonkungen.com\/produkt\/tershine-torkduk-dubbelsidig-50x60\/#primaryimage"},"image":{"@id":"https:\/\/xenonkungen.com\/produkt\/tershine-torkduk-dubbelsidig-50x60\/#primaryimage"},"thumbnailUrl":"https:\/\/xenonkungen.com\/wp-content\/uploads\/2026\/03\/cRH81XXcINHs3xOrq8qIX5gLY85H688c7g0IPScm.webp","datePublished":"2026-03-18T07:38:16+00:00","dateModified":"2026-05-08T12:33:46+00:00","breadcrumb":{"@id":"https:\/\/xenonkungen.com\/produkt\/tershine-torkduk-dubbelsidig-50x60\/#breadcrumb"},"inLanguage":"fi","potentialAction":[{"@type":"ReadAction","target":["https:\/\/xenonkungen.com\/produkt\/tershine-torkduk-dubbelsidig-50x60\/"]}]},{"@type":"ImageObject","inLanguage":"fi","@id":"https:\/\/xenonkungen.com\/produkt\/tershine-torkduk-dubbelsidig-50x60\/#primaryimage","url":"https:\/\/xenonkungen.com\/wp-content\/uploads\/2026\/03\/cRH81XXcINHs3xOrq8qIX5gLY85H688c7g0IPScm.webp","contentUrl":"https:\/\/xenonkungen.com\/wp-content\/uploads\/2026\/03\/cRH81XXcINHs3xOrq8qIX5gLY85H688c7g0IPScm.webp","width":1024,"height":1024},{"@type":"BreadcrumbList","@id":"https:\/\/xenonkungen.com\/produkt\/tershine-torkduk-dubbelsidig-50x60\/#breadcrumb","itemListElement":[{"@type":"ListItem","position":1,"name":"Hem","item":"https:\/\/xenonkungen.com\/"},{"@type":"ListItem","position":2,"name":"Shop","item":"https:\/\/xenonkungen.com\/shop\/"},{"@type":"ListItem","position":3,"name":"Tershine Torkduk &#8211; Dubbelsidig 50&#215;60"}]},{"@type":"WebSite","@id":"https:\/\/xenonkungen.com\/#website","url":"https:\/\/xenonkungen.com\/","name":"Xenonkungen","description":"","potentialAction":[{"@type":"SearchAction","target":{"@type":"EntryPoint","urlTemplate":"https:\/\/xenonkungen.com\/?s={search_term_string}"},"query-input":{"@type":"PropertyValueSpecification","valueRequired":true,"valueName":"search_term_string"}}],"inLanguage":"fi"}]}},"taxonomy_info":{"product_brand":[{"value":2893,"label":"Tershine"}],"product_cat":[{"value":2450,"label":"6 | Tillbeh\u00f6r"},{"value":378,"label":"Bilv\u00e5rd"}]},"featured_image_src_large":["https:\/\/xenonkungen.com\/wp-content\/uploads\/2026\/03\/cRH81XXcINHs3xOrq8qIX5gLY85H688c7g0IPScm.webp",1024,1024,false],"author_info":[],"comment_info":0,"_links":{"self":[{"href":"https:\/\/xenonkungen.com\/fi\/wp-json\/wp\/v2\/product\/28079","targetHints":{"allow":["GET"]}}],"collection":[{"href":"https:\/\/xenonkungen.com\/fi\/wp-json\/wp\/v2\/product"}],"about":[{"href":"https:\/\/xenonkungen.com\/fi\/wp-json\/wp\/v2\/types\/product"}],"replies":[{"embeddable":true,"href":"https:\/\/xenonkungen.com\/fi\/wp-json\/wp\/v2\/comments?post=28079"}],"wp:featuredmedia":[{"embeddable":true,"href":"https:\/\/xenonkungen.com\/fi\/wp-json\/wp\/v2\/media\/28080"}],"wp:attachment":[{"href":"https:\/\/xenonkungen.com\/fi\/wp-json\/wp\/v2\/media?parent=28079"}],"wp:term":[{"taxonomy":"anvandningsomrade","embeddable":true,"href":"https:\/\/xenonkungen.com\/fi\/wp-json\/wp\/v2\/anvandningsomrade?post=28079"},{"taxonomy":"bilmarken","embeddable":true,"href":"https:\/\/xenonkungen.com\/fi\/wp-json\/wp\/v2\/bilmarken?post=28079"},{"taxonomy":"product_brand","embeddable":true,"href":"https:\/\/xenonkungen.com\/fi\/wp-json\/wp\/v2\/product_brand?post=28079"},{"taxonomy":"product_cat","embeddable":true,"href":"https:\/\/xenonkungen.com\/fi\/wp-json\/wp\/v2\/product_cat?post=28079"},{"taxonomy":"product_tag","embeddable":true,"href":"https:\/\/xenonkungen.com\/fi\/wp-json\/wp\/v2\/product_tag?post=28079"}],"curies":[{"name":"wp","href":"https:\/\/api.w.org\/{rel}","templated":true}]}}