{"id":28101,"date":"2026-03-18T09:18:00","date_gmt":"2026-03-18T08:18:00","guid":{"rendered":"https:\/\/xenonkungen.com\/?post_type=product&#038;p=28101"},"modified":"2026-05-12T14:43:25","modified_gmt":"2026-05-12T13:43:25","slug":"tershine-vision-lasinpuhdistusaine-500-ml","status":"publish","type":"product","link":"https:\/\/xenonkungen.com\/fi\/tuote\/tershine-vision-lasinpuhdistusaine-500-ml\/","title":{"rendered":"Tershine Vision \u2013 Lasinpuhdistusaine 500 ml"},"content":{"rendered":"<p>Lasinpuhdistusaine, jossa on ihana piparmintun tuoksu. Nyt hieman paksumpana geelim\u00e4isen\u00e4 koostumuksena tehokkaampaan puhdistukseen ja parempaan liukuun pinnalla.<\/p>\n<p><strong>J\u00e4tt\u00e4\u00e4 venym\u00e4tt\u00f6m\u00e4n pinnan<br \/>\nEritt\u00e4in hyv\u00e4<br \/>\nEi sis\u00e4ll\u00e4 ammoniakkia<br \/>\nToimii loistavasti kotona<br \/>\nIhana tuoksu<br \/>\nTuotetta ei ole luokiteltu merkitt\u00e4v\u00e4ksi CLP-asetuksen (EY) 1272\/2008 mukaisesti.<\/strong><\/p>\n<p><strong>Visionin k\u00e4ytt\u00f6ohjeet \u2013 Lasinpuhdistus<\/strong><\/p>\n<p><strong>1.\u00a0<\/strong>Suihkuta lasiliinassa tai suoraan pinnalle<strong><br \/>\n2.\u00a0<\/strong>Pyyhi pois, k\u00e4\u00e4nn\u00e4 liina ja kiillota!<strong><br \/>\n3.\u00a0<\/strong>Nauti loistosta<\/p>\n<p>Vision on lasinpuhdistusaine, jossa on ihana piparmintun tuoksu. K\u00e4ytet\u00e4\u00e4n kaikille lasiruuduille ja se j\u00e4tt\u00e4\u00e4 tahrattoman ja kiilt\u00e4v\u00e4n pinnan. Voidaan k\u00e4ytt\u00e4\u00e4 sek\u00e4 sis\u00e4ll\u00e4 ett\u00e4 ulkona ja sopii eritt\u00e4in hyvin kotiin.<\/p>\n<p>Eritt\u00e4in tehokas lasinpuhdistusaine, joka ei j\u00e4t\u00e4 j\u00e4\u00e4mi\u00e4. Voidaan k\u00e4ytt\u00e4\u00e4 sek\u00e4 sis\u00e4ll\u00e4 ett\u00e4 ulkona ja sopii eritt\u00e4in hyvin kotiin (suihkusein\u00e4t, peilit, ikkunat jne.). Toimii tietenkin my\u00f6s matkailuautojen, asuntovaunujen tai veneiden muovi-ikkunoissa.<\/p>\n<p><strong>Tuoksu:<\/strong>\u00a0Piparminttu<\/p>\n<p><em>S\u00e4ilyt\u00e4 pakkaselta suojattuna.<\/em><\/p>","protected":false},"excerpt":{"rendered":"<p>Lasinpuhdistusaine, joka toimii erinomaisesti kaikentyyppisille lasiruuduille ja peileille. J\u00e4tt\u00e4\u00e4 tahrattoman ja kiilt\u00e4v\u00e4n pinnan.\u00a0<b>Nyt hieman paksumpana geelim\u00e4isen\u00e4 koostumuksena paremman puhdistuksen ja paremman liukumisen saavuttamiseksi pinnalla.<\/b><\/p>","protected":false},"featured_media":28102,"comment_status":"open","ping_status":"closed","template":"","meta":{"_acf_changed":false,"_smort_price_nok":"","_smort_price_dkk":"","_smort_price_eur":"","_smort_sale_price_nok":"","_smort_sale_price_dkk":"","_smort_sale_price_eur":"","smort_restorder":"","shipmondo_restorder":"","_kad_blocks_custom_css":"","_kad_blocks_head_custom_js":"","_kad_blocks_body_custom_js":"","_kad_blocks_footer_custom_js":"","smort_custom_pricelist_1":"95.36","smort_custom_pricelist_2":"95.36","smort_custom_pricelist_3":"95.36","smort_custom_pricelist_4":"119.2","smort_custom_pricelist_5":"95.36"},"anvandningsomrade":[],"bilmarken":[],"product_brand":[2893],"product_cat":[2988,2989,2614,378],"product_tag":[],"class_list":{"0":"post-28101","1":"product","2":"type-product","3":"status-publish","4":"has-post-thumbnail","6":"product_brand-tershine","7":"product_cat-biltvatt","8":"product_cat-avfettning","9":"product_cat-lackskydd","10":"product_cat-bilvard","12":"first","13":"onbackorder","14":"taxable","15":"shipping-taxable","16":"purchasable","17":"product-type-simple"},"bundled_by":[],"bundle_stock_status":"onbackorder","bundle_stock_quantity":0,"bundle_virtual":false,"bundle_layout":"","bundle_add_to_cart_form_location":"","bundle_editable_in_cart":false,"bundle_sold_individually_context":"","bundle_item_grouping":"","bundle_min_size":"","bundle_max_size":"","bundle_price":[],"bundled_items":[],"bundle_sell_ids":[],"acf":[],"yoast_head":"<!-- This site is optimized with the Yoast SEO plugin v27.0 - https:\/\/yoast.com\/product\/yoast-seo-wordpress\/ -->\n<title>Tershine Vision - Glasreng\u00f6ring 500 ml - Xenonkungen<\/title>\n<meta name=\"robots\" content=\"index, follow, max-snippet:-1, max-image-preview:large, max-video-preview:-1\" \/>\n<link rel=\"canonical\" href=\"https:\/\/xenonkungen.com\/fi\/tuote\/tershine-vision-lasinpuhdistusaine-500-ml\/\" \/>\n<meta property=\"og:locale\" content=\"fi_FI\" \/>\n<meta property=\"og:type\" content=\"article\" \/>\n<meta property=\"og:title\" content=\"Tershine Vision - Glasreng\u00f6ring 500 ml - Xenonkungen\" \/>\n<meta property=\"og:description\" content=\"Glasreng\u00f6ring som fungerar utm\u00e4rkt p\u00e5 alla typer av glasrutor och speglar. L\u00e4mnar en kladdfri och gl\u00e4nsande yta.\u00a0Nu i lite tjockare gel-konsistens f\u00f6r b\u00e4ttre reng\u00f6ring och b\u00e4ttre glid \u00f6ver ytan.\" \/>\n<meta property=\"og:url\" content=\"https:\/\/xenonkungen.com\/fi\/tuote\/tershine-vision-lasinpuhdistusaine-500-ml\/\" \/>\n<meta property=\"og:site_name\" content=\"Xenonkungen\" \/>\n<meta property=\"article:modified_time\" content=\"2026-05-12T13:43:25+00:00\" \/>\n<meta property=\"og:image\" content=\"https:\/\/xenonkungen.com\/wp-content\/uploads\/2026\/03\/CGHCrOuMefvHJCGFuzBE3WsXvkFYTAZLFfoxw231.webp\" \/>\n\t<meta property=\"og:image:width\" content=\"1024\" \/>\n\t<meta property=\"og:image:height\" content=\"1024\" \/>\n\t<meta property=\"og:image:type\" content=\"image\/webp\" \/>\n<meta name=\"twitter:card\" content=\"summary_large_image\" \/>\n<meta name=\"twitter:label1\" content=\"Arvioitu lukuaika\" \/>\n\t<meta name=\"twitter:data1\" content=\"1 minuutti\" \/>\n<script type=\"application\/ld+json\" class=\"yoast-schema-graph\">{\"@context\":\"https:\/\/schema.org\",\"@graph\":[{\"@type\":\"WebPage\",\"@id\":\"https:\/\/xenonkungen.com\/produkt\/tershine-vision-glasrengoring-500-ml\/\",\"url\":\"https:\/\/xenonkungen.com\/produkt\/tershine-vision-glasrengoring-500-ml\/\",\"name\":\"Tershine Vision - Glasreng\u00f6ring 500 ml - Xenonkungen\",\"isPartOf\":{\"@id\":\"https:\/\/xenonkungen.com\/#website\"},\"primaryImageOfPage\":{\"@id\":\"https:\/\/xenonkungen.com\/produkt\/tershine-vision-glasrengoring-500-ml\/#primaryimage\"},\"image\":{\"@id\":\"https:\/\/xenonkungen.com\/produkt\/tershine-vision-glasrengoring-500-ml\/#primaryimage\"},\"thumbnailUrl\":\"https:\/\/xenonkungen.com\/wp-content\/uploads\/2026\/03\/CGHCrOuMefvHJCGFuzBE3WsXvkFYTAZLFfoxw231.webp\",\"datePublished\":\"2026-03-18T08:18:00+00:00\",\"dateModified\":\"2026-05-12T13:43:25+00:00\",\"breadcrumb\":{\"@id\":\"https:\/\/xenonkungen.com\/produkt\/tershine-vision-glasrengoring-500-ml\/#breadcrumb\"},\"inLanguage\":\"fi\",\"potentialAction\":[{\"@type\":\"ReadAction\",\"target\":[\"https:\/\/xenonkungen.com\/produkt\/tershine-vision-glasrengoring-500-ml\/\"]}]},{\"@type\":\"ImageObject\",\"inLanguage\":\"fi\",\"@id\":\"https:\/\/xenonkungen.com\/produkt\/tershine-vision-glasrengoring-500-ml\/#primaryimage\",\"url\":\"https:\/\/xenonkungen.com\/wp-content\/uploads\/2026\/03\/CGHCrOuMefvHJCGFuzBE3WsXvkFYTAZLFfoxw231.webp\",\"contentUrl\":\"https:\/\/xenonkungen.com\/wp-content\/uploads\/2026\/03\/CGHCrOuMefvHJCGFuzBE3WsXvkFYTAZLFfoxw231.webp\",\"width\":1024,\"height\":1024},{\"@type\":\"BreadcrumbList\",\"@id\":\"https:\/\/xenonkungen.com\/produkt\/tershine-vision-glasrengoring-500-ml\/#breadcrumb\",\"itemListElement\":[{\"@type\":\"ListItem\",\"position\":1,\"name\":\"Hem\",\"item\":\"https:\/\/xenonkungen.com\/\"},{\"@type\":\"ListItem\",\"position\":2,\"name\":\"Shop\",\"item\":\"https:\/\/xenonkungen.com\/shop\/\"},{\"@type\":\"ListItem\",\"position\":3,\"name\":\"Tershine Vision &#8211; Glasreng\u00f6ring 500 ml\"}]},{\"@type\":\"WebSite\",\"@id\":\"https:\/\/xenonkungen.com\/#website\",\"url\":\"https:\/\/xenonkungen.com\/\",\"name\":\"Xenonkungen\",\"description\":\"\",\"potentialAction\":[{\"@type\":\"SearchAction\",\"target\":{\"@type\":\"EntryPoint\",\"urlTemplate\":\"https:\/\/xenonkungen.com\/?s={search_term_string}\"},\"query-input\":{\"@type\":\"PropertyValueSpecification\",\"valueRequired\":true,\"valueName\":\"search_term_string\"}}],\"inLanguage\":\"fi\"}]}<\/script>\n<!-- \/ Yoast SEO plugin. -->","yoast_head_json":{"title":"Tershine Vision - Lasinpuhdistusaine 500 ml - Xenonkungen","robots":{"index":"index","follow":"follow","max-snippet":"max-snippet:-1","max-image-preview":"max-image-preview:large","max-video-preview":"max-video-preview:-1"},"canonical":"https:\/\/xenonkungen.com\/fi\/tuote\/tershine-vision-lasinpuhdistusaine-500-ml\/","og_locale":"fi_FI","og_type":"article","og_title":"Tershine Vision - Glasreng\u00f6ring 500 ml - Xenonkungen","og_description":"Glasreng\u00f6ring som fungerar utm\u00e4rkt p\u00e5 alla typer av glasrutor och speglar. L\u00e4mnar en kladdfri och gl\u00e4nsande yta.\u00a0Nu i lite tjockare gel-konsistens f\u00f6r b\u00e4ttre reng\u00f6ring och b\u00e4ttre glid \u00f6ver ytan.","og_url":"https:\/\/xenonkungen.com\/fi\/tuote\/tershine-vision-lasinpuhdistusaine-500-ml\/","og_site_name":"Xenonkungen","article_modified_time":"2026-05-12T13:43:25+00:00","og_image":[{"width":1024,"height":1024,"url":"https:\/\/xenonkungen.com\/wp-content\/uploads\/2026\/03\/CGHCrOuMefvHJCGFuzBE3WsXvkFYTAZLFfoxw231.webp","type":"image\/webp"}],"twitter_card":"summary_large_image","twitter_misc":{"Arvioitu lukuaika":"1 minuutti"},"schema":{"@context":"https:\/\/schema.org","@graph":[{"@type":"WebPage","@id":"https:\/\/xenonkungen.com\/produkt\/tershine-vision-glasrengoring-500-ml\/","url":"https:\/\/xenonkungen.com\/produkt\/tershine-vision-glasrengoring-500-ml\/","name":"Tershine Vision - Lasinpuhdistusaine 500 ml - Xenonkungen","isPartOf":{"@id":"https:\/\/xenonkungen.com\/#website"},"primaryImageOfPage":{"@id":"https:\/\/xenonkungen.com\/produkt\/tershine-vision-glasrengoring-500-ml\/#primaryimage"},"image":{"@id":"https:\/\/xenonkungen.com\/produkt\/tershine-vision-glasrengoring-500-ml\/#primaryimage"},"thumbnailUrl":"https:\/\/xenonkungen.com\/wp-content\/uploads\/2026\/03\/CGHCrOuMefvHJCGFuzBE3WsXvkFYTAZLFfoxw231.webp","datePublished":"2026-03-18T08:18:00+00:00","dateModified":"2026-05-12T13:43:25+00:00","breadcrumb":{"@id":"https:\/\/xenonkungen.com\/produkt\/tershine-vision-glasrengoring-500-ml\/#breadcrumb"},"inLanguage":"fi","potentialAction":[{"@type":"ReadAction","target":["https:\/\/xenonkungen.com\/produkt\/tershine-vision-glasrengoring-500-ml\/"]}]},{"@type":"ImageObject","inLanguage":"fi","@id":"https:\/\/xenonkungen.com\/produkt\/tershine-vision-glasrengoring-500-ml\/#primaryimage","url":"https:\/\/xenonkungen.com\/wp-content\/uploads\/2026\/03\/CGHCrOuMefvHJCGFuzBE3WsXvkFYTAZLFfoxw231.webp","contentUrl":"https:\/\/xenonkungen.com\/wp-content\/uploads\/2026\/03\/CGHCrOuMefvHJCGFuzBE3WsXvkFYTAZLFfoxw231.webp","width":1024,"height":1024},{"@type":"BreadcrumbList","@id":"https:\/\/xenonkungen.com\/produkt\/tershine-vision-glasrengoring-500-ml\/#breadcrumb","itemListElement":[{"@type":"ListItem","position":1,"name":"Hem","item":"https:\/\/xenonkungen.com\/"},{"@type":"ListItem","position":2,"name":"Shop","item":"https:\/\/xenonkungen.com\/shop\/"},{"@type":"ListItem","position":3,"name":"Tershine Vision &#8211; Glasreng\u00f6ring 500 ml"}]},{"@type":"WebSite","@id":"https:\/\/xenonkungen.com\/#website","url":"https:\/\/xenonkungen.com\/","name":"Xenonkungen","description":"","potentialAction":[{"@type":"SearchAction","target":{"@type":"EntryPoint","urlTemplate":"https:\/\/xenonkungen.com\/?s={search_term_string}"},"query-input":{"@type":"PropertyValueSpecification","valueRequired":true,"valueName":"search_term_string"}}],"inLanguage":"fi"}]}},"taxonomy_info":{"product_brand":[{"value":2893,"label":"Tershine"}],"product_cat":[{"value":2988,"label":"1 | Biltv\u00e4tt"},{"value":2989,"label":"2 | Avfettning"},{"value":2614,"label":"4 | Bilvax &amp; Lackskydd"},{"value":378,"label":"Bilv\u00e5rd"}]},"featured_image_src_large":["https:\/\/xenonkungen.com\/wp-content\/uploads\/2026\/03\/CGHCrOuMefvHJCGFuzBE3WsXvkFYTAZLFfoxw231.webp",1024,1024,false],"author_info":[],"comment_info":0,"_links":{"self":[{"href":"https:\/\/xenonkungen.com\/fi\/wp-json\/wp\/v2\/product\/28101","targetHints":{"allow":["GET"]}}],"collection":[{"href":"https:\/\/xenonkungen.com\/fi\/wp-json\/wp\/v2\/product"}],"about":[{"href":"https:\/\/xenonkungen.com\/fi\/wp-json\/wp\/v2\/types\/product"}],"replies":[{"embeddable":true,"href":"https:\/\/xenonkungen.com\/fi\/wp-json\/wp\/v2\/comments?post=28101"}],"wp:featuredmedia":[{"embeddable":true,"href":"https:\/\/xenonkungen.com\/fi\/wp-json\/wp\/v2\/media\/28102"}],"wp:attachment":[{"href":"https:\/\/xenonkungen.com\/fi\/wp-json\/wp\/v2\/media?parent=28101"}],"wp:term":[{"taxonomy":"anvandningsomrade","embeddable":true,"href":"https:\/\/xenonkungen.com\/fi\/wp-json\/wp\/v2\/anvandningsomrade?post=28101"},{"taxonomy":"bilmarken","embeddable":true,"href":"https:\/\/xenonkungen.com\/fi\/wp-json\/wp\/v2\/bilmarken?post=28101"},{"taxonomy":"product_brand","embeddable":true,"href":"https:\/\/xenonkungen.com\/fi\/wp-json\/wp\/v2\/product_brand?post=28101"},{"taxonomy":"product_cat","embeddable":true,"href":"https:\/\/xenonkungen.com\/fi\/wp-json\/wp\/v2\/product_cat?post=28101"},{"taxonomy":"product_tag","embeddable":true,"href":"https:\/\/xenonkungen.com\/fi\/wp-json\/wp\/v2\/product_tag?post=28101"}],"curies":[{"name":"wp","href":"https:\/\/api.w.org\/{rel}","templated":true}]}}