{"id":28103,"date":"2026-03-18T09:23:06","date_gmt":"2026-03-18T08:23:06","guid":{"rendered":"https:\/\/xenonkungen.com\/?post_type=product&#038;p=28103"},"modified":"2026-05-08T22:01:59","modified_gmt":"2026-05-08T21:01:59","slug":"tershine-vision-viemarin-lasinpuhdistusaine-500-ml","status":"publish","type":"product","link":"https:\/\/xenonkungen.com\/fi\/tuote\/tershine-vision-viemarin-lasinpuhdistusaine-500-ml\/","title":{"rendered":"Tershine Vision+ \u2013 Viem\u00e4rin lasinpuhdistusaine 500 ml"},"content":{"rendered":"<p>Lasinpuhdistusaine, joka j\u00e4tt\u00e4\u00e4 vett\u00e4 hylkiv\u00e4n kalvon, joka saa veden lent\u00e4m\u00e4\u00e4n ikkunasta pois. Toimii yht\u00e4 hyvin autossa, veneess\u00e4 tai suihkusein\u00e4ss\u00e4. Erinomainen my\u00f6s muovi-ikkunoissa.<\/p>\n<p><strong>Superhelppok\u00e4ytt\u00f6inen<br \/>\nPuhdistaa ja suojaa yhdell\u00e4 vedolla<br \/>\nKristallinkirkas ikkuna<br \/>\nEritt\u00e4in vett\u00e4hylkiv\u00e4 paremman n\u00e4kyvyyden takaamiseksi<br \/>\nIhana mets\u00e4marjojen tuoksu<br \/>\nTuotetta ei ole luokiteltu merkitt\u00e4v\u00e4ksi CLP-asetuksen (EY) 1272\/2008 mukaisesti.<\/strong><\/p>\n<p><strong>Vision+:n k\u00e4ytt\u00f6ohjeet \u2013 Lasinpuhdistusviem\u00e4ri<\/p>\n<p>1.\u00a0<\/strong>Suihkuta lasiliinassa tai suoraan pinnalle<strong><br \/>\n2.\u00a0<\/strong>Pyyhi pois, k\u00e4\u00e4nn\u00e4 liina ja pyyhi puhtaaksi!<strong><br \/>\n3.\u00a0<\/strong>Nauti paistosta ja sateesta<\/p>\n<p>Vision+ on lasinpuhdistusaine, jolla on ihana mets\u00e4marjojen ja hedelmien tuoksu. K\u00e4ytet\u00e4\u00e4n kaikilla lasipinnoilla ja se j\u00e4tt\u00e4\u00e4 tahrattoman ja kiilt\u00e4v\u00e4n pinnan sek\u00e4 vett\u00e4hylkiv\u00e4n kalvon. Voidaan k\u00e4ytt\u00e4\u00e4 sek\u00e4 sis\u00e4ll\u00e4 ett\u00e4 ulkona ja se sopii eritt\u00e4in hyvin kotiin (suihkusein\u00e4t, peilit, ikkunat jne.).<\/p>\n<p>Vision+ j\u00e4tt\u00e4\u00e4 ikkunalle tehokkaan valuman, mik\u00e4 auttaa pit\u00e4m\u00e4\u00e4n ne puhtaina pidemp\u00e4\u00e4n, s\u00e4\u00e4st\u00e4\u00e4 pyyhkij\u00f6it\u00e4 ja parantaa n\u00e4kyvyytt\u00e4.<\/p>\n<p>Eritt\u00e4in helppok\u00e4ytt\u00f6inen: suihkuta liinaan, levit\u00e4 ja pyyhi pois. K\u00e4\u00e4nn\u00e4 liina ja kiillota pinta (pyyhi\u00e4ksesi sen perusteellisesti puhtaaksi). Koska Vision+ j\u00e4tt\u00e4\u00e4 pinnan pinnalle kalvon, joissakin tilanteissa voi olla helpompaa pit\u00e4\u00e4 puhdasta liinaa pyyhkimist\u00e4 varten. Koska se on todella kallista, motto t\u00e4ss\u00e4 on, ett\u00e4 v\u00e4hemm\u00e4n on enemm\u00e4n!<\/p>\n<p>Ole hyv\u00e4 ja osta minulle\u00a0<em><a href=\"https:\/\/tershine.com\/sv\/collections\/microfiber\/products\/glasduk\">lasikangas<\/a><\/em>\u00a0tai\u00a0<em><a href=\"https:\/\/tershine.com\/sv\/collections\/microfiber\/products\/microfiber-cloth-allround\">monipuolinen kangas<\/a><\/em>\u00a0mik\u00e4 tekee valtavan eron siin\u00e4, kuinka helppoa lasin puhdistaminen on! Muista, ett\u00e4 kaksinkertaiset liinat ovat parempia riippumatta siit\u00e4, kumpaa tuotetta k\u00e4yt\u00e4t.<\/p>\n<p>&nbsp;<\/p>\n<p>Suosittelemme aina ravistamaan tuotetta ennen k\u00e4ytt\u00f6\u00e4.<\/p>\n<p><strong>Tuoksu:<\/strong>\u00a0Mets\u00e4marjat<\/p>\n<p><em>S\u00e4ilyt\u00e4 pakkaselta suojattuna.<\/em><\/p>","protected":false},"excerpt":{"rendered":"<p>Lasinpuhdistus valumalla, joka sek\u00e4 puhdistaa ett\u00e4 j\u00e4tt\u00e4\u00e4 tahrattoman ja vett\u00e4hylkiv\u00e4n pinnan.<\/p>","protected":false},"featured_media":28104,"comment_status":"open","ping_status":"closed","template":"","meta":{"_acf_changed":false,"_smort_price_nok":"","_smort_price_dkk":"","_smort_price_eur":"","_smort_sale_price_nok":"","_smort_sale_price_dkk":"","_smort_sale_price_eur":"","smort_restorder":"","shipmondo_restorder":"","_kad_blocks_custom_css":"","_kad_blocks_head_custom_js":"","_kad_blocks_body_custom_js":"","_kad_blocks_footer_custom_js":"","smort_custom_pricelist_1":"114.56","smort_custom_pricelist_2":"114.56","smort_custom_pricelist_3":"114.56","smort_custom_pricelist_4":"143.2","smort_custom_pricelist_5":"114.56"},"anvandningsomrade":[],"bilmarken":[],"product_brand":[2893],"product_cat":[2988,2989,2614,378],"product_tag":[],"class_list":{"0":"post-28103","1":"product","2":"type-product","3":"status-publish","4":"has-post-thumbnail","6":"product_brand-tershine","7":"product_cat-biltvatt","8":"product_cat-avfettning","9":"product_cat-lackskydd","10":"product_cat-bilvard","12":"first","13":"onbackorder","14":"taxable","15":"shipping-taxable","16":"purchasable","17":"product-type-simple"},"bundled_by":[],"bundle_stock_status":"onbackorder","bundle_stock_quantity":0,"bundle_virtual":false,"bundle_layout":"","bundle_add_to_cart_form_location":"","bundle_editable_in_cart":false,"bundle_sold_individually_context":"","bundle_item_grouping":"","bundle_min_size":"","bundle_max_size":"","bundle_price":[],"bundled_items":[],"bundle_sell_ids":[],"acf":[],"yoast_head":"<!-- This site is optimized with the Yoast SEO plugin v27.0 - https:\/\/yoast.com\/product\/yoast-seo-wordpress\/ -->\n<title>Tershine Vision+ - Glasreng\u00f6ring avrinning 500 ml - Xenonkungen<\/title>\n<meta name=\"robots\" content=\"index, follow, max-snippet:-1, max-image-preview:large, max-video-preview:-1\" \/>\n<link rel=\"canonical\" href=\"https:\/\/xenonkungen.com\/fi\/tuote\/tershine-vision-viemarin-lasinpuhdistusaine-500-ml\/\" \/>\n<meta property=\"og:locale\" content=\"fi_FI\" \/>\n<meta property=\"og:type\" content=\"article\" \/>\n<meta property=\"og:title\" content=\"Tershine Vision+ - Glasreng\u00f6ring avrinning 500 ml - Xenonkungen\" \/>\n<meta property=\"og:description\" content=\"Glasreng\u00f6ring med avrinning, som b\u00e5de reng\u00f6r och efterl\u00e4mnar en kladdfri och vattenavvisande yta.\" \/>\n<meta property=\"og:url\" content=\"https:\/\/xenonkungen.com\/fi\/tuote\/tershine-vision-viemarin-lasinpuhdistusaine-500-ml\/\" \/>\n<meta property=\"og:site_name\" content=\"Xenonkungen\" \/>\n<meta property=\"article:modified_time\" content=\"2026-05-08T21:01:59+00:00\" \/>\n<meta property=\"og:image\" content=\"https:\/\/xenonkungen.com\/wp-content\/uploads\/2026\/03\/l2V4KiPvsuws1dazHCtWsZrDh58v0R6QivP52aKt.webp\" \/>\n\t<meta property=\"og:image:width\" content=\"1024\" \/>\n\t<meta property=\"og:image:height\" content=\"1024\" \/>\n\t<meta property=\"og:image:type\" content=\"image\/webp\" \/>\n<meta name=\"twitter:card\" content=\"summary_large_image\" \/>\n<meta name=\"twitter:label1\" content=\"Arvioitu lukuaika\" \/>\n\t<meta name=\"twitter:data1\" content=\"2 minuuttia\" \/>\n<script type=\"application\/ld+json\" class=\"yoast-schema-graph\">{\"@context\":\"https:\/\/schema.org\",\"@graph\":[{\"@type\":\"WebPage\",\"@id\":\"https:\/\/xenonkungen.com\/produkt\/tershine-vision-glasrengoring-avrinning-500-ml\/\",\"url\":\"https:\/\/xenonkungen.com\/produkt\/tershine-vision-glasrengoring-avrinning-500-ml\/\",\"name\":\"Tershine Vision+ - Glasreng\u00f6ring avrinning 500 ml - Xenonkungen\",\"isPartOf\":{\"@id\":\"https:\/\/xenonkungen.com\/#website\"},\"primaryImageOfPage\":{\"@id\":\"https:\/\/xenonkungen.com\/produkt\/tershine-vision-glasrengoring-avrinning-500-ml\/#primaryimage\"},\"image\":{\"@id\":\"https:\/\/xenonkungen.com\/produkt\/tershine-vision-glasrengoring-avrinning-500-ml\/#primaryimage\"},\"thumbnailUrl\":\"https:\/\/xenonkungen.com\/wp-content\/uploads\/2026\/03\/l2V4KiPvsuws1dazHCtWsZrDh58v0R6QivP52aKt.webp\",\"datePublished\":\"2026-03-18T08:23:06+00:00\",\"dateModified\":\"2026-05-08T21:01:59+00:00\",\"breadcrumb\":{\"@id\":\"https:\/\/xenonkungen.com\/produkt\/tershine-vision-glasrengoring-avrinning-500-ml\/#breadcrumb\"},\"inLanguage\":\"fi\",\"potentialAction\":[{\"@type\":\"ReadAction\",\"target\":[\"https:\/\/xenonkungen.com\/produkt\/tershine-vision-glasrengoring-avrinning-500-ml\/\"]}]},{\"@type\":\"ImageObject\",\"inLanguage\":\"fi\",\"@id\":\"https:\/\/xenonkungen.com\/produkt\/tershine-vision-glasrengoring-avrinning-500-ml\/#primaryimage\",\"url\":\"https:\/\/xenonkungen.com\/wp-content\/uploads\/2026\/03\/l2V4KiPvsuws1dazHCtWsZrDh58v0R6QivP52aKt.webp\",\"contentUrl\":\"https:\/\/xenonkungen.com\/wp-content\/uploads\/2026\/03\/l2V4KiPvsuws1dazHCtWsZrDh58v0R6QivP52aKt.webp\",\"width\":1024,\"height\":1024},{\"@type\":\"BreadcrumbList\",\"@id\":\"https:\/\/xenonkungen.com\/produkt\/tershine-vision-glasrengoring-avrinning-500-ml\/#breadcrumb\",\"itemListElement\":[{\"@type\":\"ListItem\",\"position\":1,\"name\":\"Hem\",\"item\":\"https:\/\/xenonkungen.com\/\"},{\"@type\":\"ListItem\",\"position\":2,\"name\":\"Shop\",\"item\":\"https:\/\/xenonkungen.com\/shop\/\"},{\"@type\":\"ListItem\",\"position\":3,\"name\":\"Tershine Vision+ &#8211; Glasreng\u00f6ring avrinning 500 ml\"}]},{\"@type\":\"WebSite\",\"@id\":\"https:\/\/xenonkungen.com\/#website\",\"url\":\"https:\/\/xenonkungen.com\/\",\"name\":\"Xenonkungen\",\"description\":\"\",\"potentialAction\":[{\"@type\":\"SearchAction\",\"target\":{\"@type\":\"EntryPoint\",\"urlTemplate\":\"https:\/\/xenonkungen.com\/?s={search_term_string}\"},\"query-input\":{\"@type\":\"PropertyValueSpecification\",\"valueRequired\":true,\"valueName\":\"search_term_string\"}}],\"inLanguage\":\"fi\"}]}<\/script>\n<!-- \/ Yoast SEO plugin. -->","yoast_head_json":{"title":"Tershine Vision+ - Viem\u00e4rin lasinpuhdistusaine 500 ml - Xenonkungen","robots":{"index":"index","follow":"follow","max-snippet":"max-snippet:-1","max-image-preview":"max-image-preview:large","max-video-preview":"max-video-preview:-1"},"canonical":"https:\/\/xenonkungen.com\/fi\/tuote\/tershine-vision-viemarin-lasinpuhdistusaine-500-ml\/","og_locale":"fi_FI","og_type":"article","og_title":"Tershine Vision+ - Glasreng\u00f6ring avrinning 500 ml - Xenonkungen","og_description":"Glasreng\u00f6ring med avrinning, som b\u00e5de reng\u00f6r och efterl\u00e4mnar en kladdfri och vattenavvisande yta.","og_url":"https:\/\/xenonkungen.com\/fi\/tuote\/tershine-vision-viemarin-lasinpuhdistusaine-500-ml\/","og_site_name":"Xenonkungen","article_modified_time":"2026-05-08T21:01:59+00:00","og_image":[{"width":1024,"height":1024,"url":"https:\/\/xenonkungen.com\/wp-content\/uploads\/2026\/03\/l2V4KiPvsuws1dazHCtWsZrDh58v0R6QivP52aKt.webp","type":"image\/webp"}],"twitter_card":"summary_large_image","twitter_misc":{"Arvioitu lukuaika":"2 minuuttia"},"schema":{"@context":"https:\/\/schema.org","@graph":[{"@type":"WebPage","@id":"https:\/\/xenonkungen.com\/produkt\/tershine-vision-glasrengoring-avrinning-500-ml\/","url":"https:\/\/xenonkungen.com\/produkt\/tershine-vision-glasrengoring-avrinning-500-ml\/","name":"Tershine Vision+ - Viem\u00e4rin lasinpuhdistusaine 500 ml - Xenonkungen","isPartOf":{"@id":"https:\/\/xenonkungen.com\/#website"},"primaryImageOfPage":{"@id":"https:\/\/xenonkungen.com\/produkt\/tershine-vision-glasrengoring-avrinning-500-ml\/#primaryimage"},"image":{"@id":"https:\/\/xenonkungen.com\/produkt\/tershine-vision-glasrengoring-avrinning-500-ml\/#primaryimage"},"thumbnailUrl":"https:\/\/xenonkungen.com\/wp-content\/uploads\/2026\/03\/l2V4KiPvsuws1dazHCtWsZrDh58v0R6QivP52aKt.webp","datePublished":"2026-03-18T08:23:06+00:00","dateModified":"2026-05-08T21:01:59+00:00","breadcrumb":{"@id":"https:\/\/xenonkungen.com\/produkt\/tershine-vision-glasrengoring-avrinning-500-ml\/#breadcrumb"},"inLanguage":"fi","potentialAction":[{"@type":"ReadAction","target":["https:\/\/xenonkungen.com\/produkt\/tershine-vision-glasrengoring-avrinning-500-ml\/"]}]},{"@type":"ImageObject","inLanguage":"fi","@id":"https:\/\/xenonkungen.com\/produkt\/tershine-vision-glasrengoring-avrinning-500-ml\/#primaryimage","url":"https:\/\/xenonkungen.com\/wp-content\/uploads\/2026\/03\/l2V4KiPvsuws1dazHCtWsZrDh58v0R6QivP52aKt.webp","contentUrl":"https:\/\/xenonkungen.com\/wp-content\/uploads\/2026\/03\/l2V4KiPvsuws1dazHCtWsZrDh58v0R6QivP52aKt.webp","width":1024,"height":1024},{"@type":"BreadcrumbList","@id":"https:\/\/xenonkungen.com\/produkt\/tershine-vision-glasrengoring-avrinning-500-ml\/#breadcrumb","itemListElement":[{"@type":"ListItem","position":1,"name":"Hem","item":"https:\/\/xenonkungen.com\/"},{"@type":"ListItem","position":2,"name":"Shop","item":"https:\/\/xenonkungen.com\/shop\/"},{"@type":"ListItem","position":3,"name":"Tershine Vision+ &#8211; Glasreng\u00f6ring avrinning 500 ml"}]},{"@type":"WebSite","@id":"https:\/\/xenonkungen.com\/#website","url":"https:\/\/xenonkungen.com\/","name":"Xenonkungen","description":"","potentialAction":[{"@type":"SearchAction","target":{"@type":"EntryPoint","urlTemplate":"https:\/\/xenonkungen.com\/?s={search_term_string}"},"query-input":{"@type":"PropertyValueSpecification","valueRequired":true,"valueName":"search_term_string"}}],"inLanguage":"fi"}]}},"taxonomy_info":{"product_brand":[{"value":2893,"label":"Tershine"}],"product_cat":[{"value":2988,"label":"1 | Biltv\u00e4tt"},{"value":2989,"label":"2 | Avfettning"},{"value":2614,"label":"4 | Bilvax &amp; Lackskydd"},{"value":378,"label":"Bilv\u00e5rd"}]},"featured_image_src_large":["https:\/\/xenonkungen.com\/wp-content\/uploads\/2026\/03\/l2V4KiPvsuws1dazHCtWsZrDh58v0R6QivP52aKt.webp",1024,1024,false],"author_info":[],"comment_info":0,"_links":{"self":[{"href":"https:\/\/xenonkungen.com\/fi\/wp-json\/wp\/v2\/product\/28103","targetHints":{"allow":["GET"]}}],"collection":[{"href":"https:\/\/xenonkungen.com\/fi\/wp-json\/wp\/v2\/product"}],"about":[{"href":"https:\/\/xenonkungen.com\/fi\/wp-json\/wp\/v2\/types\/product"}],"replies":[{"embeddable":true,"href":"https:\/\/xenonkungen.com\/fi\/wp-json\/wp\/v2\/comments?post=28103"}],"wp:featuredmedia":[{"embeddable":true,"href":"https:\/\/xenonkungen.com\/fi\/wp-json\/wp\/v2\/media\/28104"}],"wp:attachment":[{"href":"https:\/\/xenonkungen.com\/fi\/wp-json\/wp\/v2\/media?parent=28103"}],"wp:term":[{"taxonomy":"anvandningsomrade","embeddable":true,"href":"https:\/\/xenonkungen.com\/fi\/wp-json\/wp\/v2\/anvandningsomrade?post=28103"},{"taxonomy":"bilmarken","embeddable":true,"href":"https:\/\/xenonkungen.com\/fi\/wp-json\/wp\/v2\/bilmarken?post=28103"},{"taxonomy":"product_brand","embeddable":true,"href":"https:\/\/xenonkungen.com\/fi\/wp-json\/wp\/v2\/product_brand?post=28103"},{"taxonomy":"product_cat","embeddable":true,"href":"https:\/\/xenonkungen.com\/fi\/wp-json\/wp\/v2\/product_cat?post=28103"},{"taxonomy":"product_tag","embeddable":true,"href":"https:\/\/xenonkungen.com\/fi\/wp-json\/wp\/v2\/product_tag?post=28103"}],"curies":[{"name":"wp","href":"https:\/\/api.w.org\/{rel}","templated":true}]}}