{"id":28116,"date":"2026-03-18T09:29:14","date_gmt":"2026-03-18T08:29:14","guid":{"rendered":"https:\/\/xenonkungen.com\/?post_type=product&#038;p=28116"},"modified":"2026-05-12T14:35:45","modified_gmt":"2026-05-12T13:35:45","slug":"tershine-harjat-ruuvimeisseleille-kovat","status":"publish","type":"product","link":"https:\/\/xenonkungen.com\/fi\/tuote\/tershine-harjat-ruuvimeisseleille-kovat\/","title":{"rendered":"Tershine-ruuvimeisselien harjat \u2013 Kovat"},"content":{"rendered":"<p>Ruuvimeisselin nailonharjat nopeaan ja helppoon puhdistukseen, t\u00e4ydellinen seuraaviin tarkoituksiin:<\/p>\n<p><strong>Auto, matkailuauto, asuntovaunu<br \/>\nKylpyhuone<br \/>\nVene<br \/>\nKansi<br \/>\nKeitti\u00f6<br \/>\nAutotalli<\/strong><\/p>\n<p>6 kpl nailonharjoja, jotka kiinnitet\u00e4\u00e4n suoraan porakoneeseen tai ruuvimeisseliin. T\u00e4ydellinen istuinten ja mattojen puhdistukseen, tai miksei veneen tai kodin\/terassin puhdistukseen? Mukana 15 cm:n ter\u00e4njatke, jonka avulla p\u00e4\u00e4set k\u00e4siksi muuten vaikeasti tavoitettaviin paikkoihin.<\/p>\n<p>N\u00e4m\u00e4 ovat hieman tukevampia ja tarkoitettu k\u00e4ytett\u00e4v\u00e4ksi &quot;viimeisen\u00e4 pomona&quot;, kun yleisharjat eiv\u00e4t riit\u00e4. Siksi niit\u00e4 ei suositella herkemmille verhoiluille, kuten nahalle jne.<\/p>\n<p>Loistava yhdistelm\u00e4 yhdess\u00e4 APC:n kanssa auton sis\u00e4ll\u00e4 ja kotona, tai yhdess\u00e4 Extractin (em\u00e4ksinen rasvanpoistoaine) kanssa pinttyneeseen likaan terassilla\/julkisivulla\/veneess\u00e4 jne.<\/p>\n<p>Paketti sis\u00e4lt\u00e4\u00e4:<\/p>\n<ul>\n<li>1 suuri &quot;litte\u00e4&quot; sivellin, halkaisijaltaan 12 cm<\/li>\n<li>1 keskikokoinen &quot;litte\u00e4&quot; sivellin, halkaisijaltaan 10 cm<\/li>\n<li>1 pieni &quot;litte\u00e4&quot; harja, jossa on pidemm\u00e4t harjakset, halkaisija 5 cm<\/li>\n<li>1 pieni &quot;litte\u00e4&quot; harja lyhyemmill\u00e4 harjaksilla, halkaisijaltaan 5 cm<\/li>\n<li>1 iso py\u00f6re\u00e4 harja, halkaisijaltaan 8,5 cm<\/li>\n<li>1 pieni py\u00f6re\u00e4 harja, halkaisijaltaan 6,5 cm<\/li>\n<li>1 kpl jatkopala, 15 cm pitk\u00e4<\/li>\n<\/ul>\n<p>Toimitetaan tyylikk\u00e4\u00e4ss\u00e4 pahvilaatikossa<\/p>\n<h3>Milloin ja miss\u00e4 siveltimi\u00e4 k\u00e4ytet\u00e4\u00e4n?<\/h3>\n<p>Ruuvimeisseliharjoja voidaan k\u00e4ytt\u00e4\u00e4 monissa tilanteissa ja monilla eri pinnoilla. Ne sopivat t\u00e4ydellisesti puhdistukseen ja hankaamiseen:<\/p>\n<ul>\n<li>Laatat ja kylpyhuoneen lattiat<\/li>\n<li>Autonistuimet ja matot<\/li>\n<li>Kangas- ja tekstiilimatot<\/li>\n<li>Lattiat ja portaat<\/li>\n<li>Vanteet ja muut metallipinnat<\/li>\n<\/ul>\n<p>N\u00e4m\u00e4 harjat ovat erityisen hy\u00f6dyllisi\u00e4 perinteisill\u00e4 menetelmill\u00e4 vaikeasti saavutettavien pintojen, kuten saumojen ja ahtaiden tilojen, puhdistukseen ja hankaamiseen. Ruuvimeisselin ja oikean harjan avulla voit helposti poistaa pinttyneen lian ja tahrat, mik\u00e4 tekee siivouksesta sek\u00e4 nopeampaa ett\u00e4 tehokkaampaa.<\/p>","protected":false},"excerpt":{"rendered":"<p>Ruuvimeisseliin\/poriin kiinnitett\u00e4v\u00e4t nailonharjat nopeaa ja helppoa puhdistusta varten.<\/p>","protected":false},"featured_media":28117,"comment_status":"open","ping_status":"closed","template":"","meta":{"_acf_changed":false,"_smort_price_nok":"","_smort_price_dkk":"","_smort_price_eur":"","_smort_sale_price_nok":"","_smort_sale_price_dkk":"","_smort_sale_price_eur":"","smort_restorder":"","shipmondo_restorder":"","_kad_blocks_custom_css":"","_kad_blocks_head_custom_js":"","_kad_blocks_body_custom_js":"","_kad_blocks_footer_custom_js":"","smort_custom_pricelist_1":"191.36","smort_custom_pricelist_2":"191.36","smort_custom_pricelist_3":"191.36","smort_custom_pricelist_4":"239.2","smort_custom_pricelist_5":"191.36"},"anvandningsomrade":[],"bilmarken":[],"product_brand":[2893],"product_cat":[2450,378],"product_tag":[],"class_list":{"0":"post-28116","1":"product","2":"type-product","3":"status-publish","4":"has-post-thumbnail","6":"product_brand-tershine","7":"product_cat-tillbehor-bilvard","8":"product_cat-bilvard","10":"first","11":"onbackorder","12":"taxable","13":"shipping-taxable","14":"purchasable","15":"product-type-simple"},"bundled_by":[],"bundle_stock_status":"onbackorder","bundle_stock_quantity":0,"bundle_virtual":false,"bundle_layout":"","bundle_add_to_cart_form_location":"","bundle_editable_in_cart":false,"bundle_sold_individually_context":"","bundle_item_grouping":"","bundle_min_size":"","bundle_max_size":"","bundle_price":[],"bundled_items":[],"bundle_sell_ids":[],"acf":[],"yoast_head":"<!-- This site is optimized with the Yoast SEO plugin v27.0 - https:\/\/yoast.com\/product\/yoast-seo-wordpress\/ -->\n<title>Tershine Borstar till skruvdragare - H\u00e5rd - Xenonkungen<\/title>\n<meta name=\"robots\" content=\"index, follow, max-snippet:-1, max-image-preview:large, max-video-preview:-1\" \/>\n<link rel=\"canonical\" href=\"https:\/\/xenonkungen.com\/fi\/tuote\/tershine-harjat-ruuvimeisseleille-kovat\/\" \/>\n<meta property=\"og:locale\" content=\"fi_FI\" \/>\n<meta property=\"og:type\" content=\"article\" \/>\n<meta property=\"og:title\" content=\"Tershine Borstar till skruvdragare - H\u00e5rd - Xenonkungen\" \/>\n<meta property=\"og:description\" content=\"Nylonborstar som monteras p\u00e5 skruvdragare\/borrmaskin f\u00f6r snabb och enkelt reng\u00f6ring.\" \/>\n<meta property=\"og:url\" content=\"https:\/\/xenonkungen.com\/fi\/tuote\/tershine-harjat-ruuvimeisseleille-kovat\/\" \/>\n<meta property=\"og:site_name\" content=\"Xenonkungen\" \/>\n<meta property=\"article:modified_time\" content=\"2026-05-12T13:35:45+00:00\" \/>\n<meta property=\"og:image\" content=\"https:\/\/xenonkungen.com\/wp-content\/uploads\/2026\/03\/CXHnHLScgDE04bZsMLkvzVe7qo3JuSOR0yUlGnhn.webp\" \/>\n\t<meta property=\"og:image:width\" content=\"1024\" \/>\n\t<meta property=\"og:image:height\" content=\"1024\" \/>\n\t<meta property=\"og:image:type\" content=\"image\/webp\" \/>\n<meta name=\"twitter:card\" content=\"summary_large_image\" \/>\n<meta name=\"twitter:label1\" content=\"Arvioitu lukuaika\" \/>\n\t<meta name=\"twitter:data1\" content=\"2 minuuttia\" \/>\n<script type=\"application\/ld+json\" class=\"yoast-schema-graph\">{\"@context\":\"https:\/\/schema.org\",\"@graph\":[{\"@type\":\"WebPage\",\"@id\":\"https:\/\/xenonkungen.com\/produkt\/tershine-borstar-till-skruvdragare-hard\/\",\"url\":\"https:\/\/xenonkungen.com\/produkt\/tershine-borstar-till-skruvdragare-hard\/\",\"name\":\"Tershine Borstar till skruvdragare - H\u00e5rd - Xenonkungen\",\"isPartOf\":{\"@id\":\"https:\/\/xenonkungen.com\/#website\"},\"primaryImageOfPage\":{\"@id\":\"https:\/\/xenonkungen.com\/produkt\/tershine-borstar-till-skruvdragare-hard\/#primaryimage\"},\"image\":{\"@id\":\"https:\/\/xenonkungen.com\/produkt\/tershine-borstar-till-skruvdragare-hard\/#primaryimage\"},\"thumbnailUrl\":\"https:\/\/xenonkungen.com\/wp-content\/uploads\/2026\/03\/CXHnHLScgDE04bZsMLkvzVe7qo3JuSOR0yUlGnhn.webp\",\"datePublished\":\"2026-03-18T08:29:14+00:00\",\"dateModified\":\"2026-05-12T13:35:45+00:00\",\"breadcrumb\":{\"@id\":\"https:\/\/xenonkungen.com\/produkt\/tershine-borstar-till-skruvdragare-hard\/#breadcrumb\"},\"inLanguage\":\"fi\",\"potentialAction\":[{\"@type\":\"ReadAction\",\"target\":[\"https:\/\/xenonkungen.com\/produkt\/tershine-borstar-till-skruvdragare-hard\/\"]}]},{\"@type\":\"ImageObject\",\"inLanguage\":\"fi\",\"@id\":\"https:\/\/xenonkungen.com\/produkt\/tershine-borstar-till-skruvdragare-hard\/#primaryimage\",\"url\":\"https:\/\/xenonkungen.com\/wp-content\/uploads\/2026\/03\/CXHnHLScgDE04bZsMLkvzVe7qo3JuSOR0yUlGnhn.webp\",\"contentUrl\":\"https:\/\/xenonkungen.com\/wp-content\/uploads\/2026\/03\/CXHnHLScgDE04bZsMLkvzVe7qo3JuSOR0yUlGnhn.webp\",\"width\":1024,\"height\":1024},{\"@type\":\"BreadcrumbList\",\"@id\":\"https:\/\/xenonkungen.com\/produkt\/tershine-borstar-till-skruvdragare-hard\/#breadcrumb\",\"itemListElement\":[{\"@type\":\"ListItem\",\"position\":1,\"name\":\"Hem\",\"item\":\"https:\/\/xenonkungen.com\/\"},{\"@type\":\"ListItem\",\"position\":2,\"name\":\"Shop\",\"item\":\"https:\/\/xenonkungen.com\/shop\/\"},{\"@type\":\"ListItem\",\"position\":3,\"name\":\"Tershine Borstar till skruvdragare &#8211; H\u00e5rd\"}]},{\"@type\":\"WebSite\",\"@id\":\"https:\/\/xenonkungen.com\/#website\",\"url\":\"https:\/\/xenonkungen.com\/\",\"name\":\"Xenonkungen\",\"description\":\"\",\"potentialAction\":[{\"@type\":\"SearchAction\",\"target\":{\"@type\":\"EntryPoint\",\"urlTemplate\":\"https:\/\/xenonkungen.com\/?s={search_term_string}\"},\"query-input\":{\"@type\":\"PropertyValueSpecification\",\"valueRequired\":true,\"valueName\":\"search_term_string\"}}],\"inLanguage\":\"fi\"}]}<\/script>\n<!-- \/ Yoast SEO plugin. -->","yoast_head_json":{"title":"Tershine Ruuvimeisselien harjat - Kovat - Xenonkungen","robots":{"index":"index","follow":"follow","max-snippet":"max-snippet:-1","max-image-preview":"max-image-preview:large","max-video-preview":"max-video-preview:-1"},"canonical":"https:\/\/xenonkungen.com\/fi\/tuote\/tershine-harjat-ruuvimeisseleille-kovat\/","og_locale":"fi_FI","og_type":"article","og_title":"Tershine Borstar till skruvdragare - H\u00e5rd - Xenonkungen","og_description":"Nylonborstar som monteras p\u00e5 skruvdragare\/borrmaskin f\u00f6r snabb och enkelt reng\u00f6ring.","og_url":"https:\/\/xenonkungen.com\/fi\/tuote\/tershine-harjat-ruuvimeisseleille-kovat\/","og_site_name":"Xenonkungen","article_modified_time":"2026-05-12T13:35:45+00:00","og_image":[{"width":1024,"height":1024,"url":"https:\/\/xenonkungen.com\/wp-content\/uploads\/2026\/03\/CXHnHLScgDE04bZsMLkvzVe7qo3JuSOR0yUlGnhn.webp","type":"image\/webp"}],"twitter_card":"summary_large_image","twitter_misc":{"Arvioitu lukuaika":"2 minuuttia"},"schema":{"@context":"https:\/\/schema.org","@graph":[{"@type":"WebPage","@id":"https:\/\/xenonkungen.com\/produkt\/tershine-borstar-till-skruvdragare-hard\/","url":"https:\/\/xenonkungen.com\/produkt\/tershine-borstar-till-skruvdragare-hard\/","name":"Tershine Ruuvimeisselien harjat - Kovat - Xenonkungen","isPartOf":{"@id":"https:\/\/xenonkungen.com\/#website"},"primaryImageOfPage":{"@id":"https:\/\/xenonkungen.com\/produkt\/tershine-borstar-till-skruvdragare-hard\/#primaryimage"},"image":{"@id":"https:\/\/xenonkungen.com\/produkt\/tershine-borstar-till-skruvdragare-hard\/#primaryimage"},"thumbnailUrl":"https:\/\/xenonkungen.com\/wp-content\/uploads\/2026\/03\/CXHnHLScgDE04bZsMLkvzVe7qo3JuSOR0yUlGnhn.webp","datePublished":"2026-03-18T08:29:14+00:00","dateModified":"2026-05-12T13:35:45+00:00","breadcrumb":{"@id":"https:\/\/xenonkungen.com\/produkt\/tershine-borstar-till-skruvdragare-hard\/#breadcrumb"},"inLanguage":"fi","potentialAction":[{"@type":"ReadAction","target":["https:\/\/xenonkungen.com\/produkt\/tershine-borstar-till-skruvdragare-hard\/"]}]},{"@type":"ImageObject","inLanguage":"fi","@id":"https:\/\/xenonkungen.com\/produkt\/tershine-borstar-till-skruvdragare-hard\/#primaryimage","url":"https:\/\/xenonkungen.com\/wp-content\/uploads\/2026\/03\/CXHnHLScgDE04bZsMLkvzVe7qo3JuSOR0yUlGnhn.webp","contentUrl":"https:\/\/xenonkungen.com\/wp-content\/uploads\/2026\/03\/CXHnHLScgDE04bZsMLkvzVe7qo3JuSOR0yUlGnhn.webp","width":1024,"height":1024},{"@type":"BreadcrumbList","@id":"https:\/\/xenonkungen.com\/produkt\/tershine-borstar-till-skruvdragare-hard\/#breadcrumb","itemListElement":[{"@type":"ListItem","position":1,"name":"Hem","item":"https:\/\/xenonkungen.com\/"},{"@type":"ListItem","position":2,"name":"Shop","item":"https:\/\/xenonkungen.com\/shop\/"},{"@type":"ListItem","position":3,"name":"Tershine Borstar till skruvdragare &#8211; H\u00e5rd"}]},{"@type":"WebSite","@id":"https:\/\/xenonkungen.com\/#website","url":"https:\/\/xenonkungen.com\/","name":"Xenonkungen","description":"","potentialAction":[{"@type":"SearchAction","target":{"@type":"EntryPoint","urlTemplate":"https:\/\/xenonkungen.com\/?s={search_term_string}"},"query-input":{"@type":"PropertyValueSpecification","valueRequired":true,"valueName":"search_term_string"}}],"inLanguage":"fi"}]}},"taxonomy_info":{"product_brand":[{"value":2893,"label":"Tershine"}],"product_cat":[{"value":2450,"label":"6 | Tillbeh\u00f6r"},{"value":378,"label":"Bilv\u00e5rd"}]},"featured_image_src_large":["https:\/\/xenonkungen.com\/wp-content\/uploads\/2026\/03\/CXHnHLScgDE04bZsMLkvzVe7qo3JuSOR0yUlGnhn.webp",1024,1024,false],"author_info":[],"comment_info":0,"_links":{"self":[{"href":"https:\/\/xenonkungen.com\/fi\/wp-json\/wp\/v2\/product\/28116","targetHints":{"allow":["GET"]}}],"collection":[{"href":"https:\/\/xenonkungen.com\/fi\/wp-json\/wp\/v2\/product"}],"about":[{"href":"https:\/\/xenonkungen.com\/fi\/wp-json\/wp\/v2\/types\/product"}],"replies":[{"embeddable":true,"href":"https:\/\/xenonkungen.com\/fi\/wp-json\/wp\/v2\/comments?post=28116"}],"wp:featuredmedia":[{"embeddable":true,"href":"https:\/\/xenonkungen.com\/fi\/wp-json\/wp\/v2\/media\/28117"}],"wp:attachment":[{"href":"https:\/\/xenonkungen.com\/fi\/wp-json\/wp\/v2\/media?parent=28116"}],"wp:term":[{"taxonomy":"anvandningsomrade","embeddable":true,"href":"https:\/\/xenonkungen.com\/fi\/wp-json\/wp\/v2\/anvandningsomrade?post=28116"},{"taxonomy":"bilmarken","embeddable":true,"href":"https:\/\/xenonkungen.com\/fi\/wp-json\/wp\/v2\/bilmarken?post=28116"},{"taxonomy":"product_brand","embeddable":true,"href":"https:\/\/xenonkungen.com\/fi\/wp-json\/wp\/v2\/product_brand?post=28116"},{"taxonomy":"product_cat","embeddable":true,"href":"https:\/\/xenonkungen.com\/fi\/wp-json\/wp\/v2\/product_cat?post=28116"},{"taxonomy":"product_tag","embeddable":true,"href":"https:\/\/xenonkungen.com\/fi\/wp-json\/wp\/v2\/product_tag?post=28116"}],"curies":[{"name":"wp","href":"https:\/\/api.w.org\/{rel}","templated":true}]}}