{"id":28142,"date":"2026-03-18T10:08:28","date_gmt":"2026-03-18T09:08:28","guid":{"rendered":"https:\/\/xenonkungen.com\/?post_type=product&#038;p=28142"},"modified":"2026-05-12T14:32:20","modified_gmt":"2026-05-12T13:32:20","slug":"tershine-vaahtosuutin-1000-ml","status":"publish","type":"product","link":"https:\/\/xenonkungen.com\/fi\/tuote\/tershine-vaahtosuutin-1000-ml\/","title":{"rendered":"Tershine-vaahtosuihke 1000 ml"},"content":{"rendered":"<p>Tyylik\u00e4s ja tehokas vaahtosuutin paksun vaahtokerroksen levitt\u00e4miseen kaikkialle ajoneuvoosi helposti, nopeasti ja miellytt\u00e4v\u00e4sti. Tarkoitettu k\u00e4ytett\u00e4v\u00e4ksi yhdess\u00e4 Elevate \u2013 Snow -vaahtomme kanssa, mutta se sopii hyvin my\u00f6s Extract \u2013 Alkaline -rasvanpoistoaineen tai mink\u00e4 tahansa shampoomme levitt\u00e4miseen.<\/p>\n<p><strong>Virtaussuutin:<\/strong>\u00a01,25 mm<\/p>\n<p>Jos haluat ostaa toisen virtaussuuttimen, l\u00f6yd\u00e4t ne t\u00e4\u00e4lt\u00e4.\u00a0<strong><em><a href=\"https:\/\/xenonkungen.com\/produkt\/tershine-flodesmunstycke-till-foam-lance\/\">t\u00e4ss\u00e4.<\/a><\/em><\/strong><\/p>\n<p>S\u00e4ili\u00f6n koko on 1000 ml.<\/p>\n<p><strong><em>HUOMAA: Muista ostaa painepesuriisi sopiva sovitin.<\/em><\/strong><\/p>","protected":false},"excerpt":{"rendered":"<p>Vaahtoputki \/ vaahtotykki helpottaa, aikaa s\u00e4\u00e4st\u00e4v\u00e4\u00e4 ja ennen kaikkea tyydytt\u00e4v\u00e4\u00e4 tapaa levitt\u00e4\u00e4 paksu vaahtokerros koko ajoneuvoosi.<\/p>","protected":false},"featured_media":28143,"comment_status":"open","ping_status":"closed","template":"","meta":{"_acf_changed":false,"_smort_price_nok":"","_smort_price_dkk":"","_smort_price_eur":"","_smort_sale_price_nok":"","_smort_sale_price_dkk":"","_smort_sale_price_eur":"","smort_restorder":"","shipmondo_restorder":"","_kad_blocks_custom_css":"","_kad_blocks_head_custom_js":"","_kad_blocks_body_custom_js":"","_kad_blocks_footer_custom_js":"","smort_custom_pricelist_1":"383.36","smort_custom_pricelist_2":"383.36","smort_custom_pricelist_3":"383.36","smort_custom_pricelist_4":"479.2","smort_custom_pricelist_5":"383.36"},"anvandningsomrade":[],"bilmarken":[],"product_brand":[2893],"product_cat":[2988,2989,378],"product_tag":[],"class_list":{"0":"post-28142","1":"product","2":"type-product","3":"status-publish","4":"has-post-thumbnail","6":"product_brand-tershine","7":"product_cat-biltvatt","8":"product_cat-avfettning","9":"product_cat-bilvard","11":"first","12":"onbackorder","13":"taxable","14":"shipping-taxable","15":"purchasable","16":"product-type-simple"},"bundled_by":[],"bundle_stock_status":"onbackorder","bundle_stock_quantity":0,"bundle_virtual":false,"bundle_layout":"","bundle_add_to_cart_form_location":"","bundle_editable_in_cart":false,"bundle_sold_individually_context":"","bundle_item_grouping":"","bundle_min_size":"","bundle_max_size":"","bundle_price":[],"bundled_items":[],"bundle_sell_ids":[],"acf":[],"yoast_head":"<!-- This site is optimized with the Yoast SEO plugin v27.0 - https:\/\/yoast.com\/product\/yoast-seo-wordpress\/ -->\n<title>Tershine Foam Lance 1000 ml - Xenonkungen<\/title>\n<meta name=\"robots\" content=\"index, follow, max-snippet:-1, max-image-preview:large, max-video-preview:-1\" \/>\n<link rel=\"canonical\" href=\"https:\/\/xenonkungen.com\/fi\/tuote\/tershine-vaahtosuutin-1000-ml\/\" \/>\n<meta property=\"og:locale\" content=\"fi_FI\" \/>\n<meta property=\"og:type\" content=\"article\" \/>\n<meta property=\"og:title\" content=\"Tershine Foam Lance 1000 ml - Xenonkungen\" \/>\n<meta property=\"og:description\" content=\"Foam lance \/ Skumkanon f\u00f6r att enkelt, tidseffektivt och framf\u00f6rallt p\u00e5 ett satisfying s\u00e4tt\u00a0l\u00e4gga ett tjockt\u00a0lager\u00a0skum \u00f6ver hela ditt fordon.\" \/>\n<meta property=\"og:url\" content=\"https:\/\/xenonkungen.com\/fi\/tuote\/tershine-vaahtosuutin-1000-ml\/\" \/>\n<meta property=\"og:site_name\" content=\"Xenonkungen\" \/>\n<meta property=\"article:modified_time\" content=\"2026-05-12T13:32:20+00:00\" \/>\n<meta property=\"og:image\" content=\"https:\/\/xenonkungen.com\/wp-content\/uploads\/2026\/03\/I0AJTIO77ilpcBBAgVfMjlQMHZAWZ5TgYNCddwfp.webp\" \/>\n\t<meta property=\"og:image:width\" content=\"1024\" \/>\n\t<meta property=\"og:image:height\" content=\"1024\" \/>\n\t<meta property=\"og:image:type\" content=\"image\/webp\" \/>\n<meta name=\"twitter:card\" content=\"summary_large_image\" \/>\n<meta name=\"twitter:label1\" content=\"Arvioitu lukuaika\" \/>\n\t<meta name=\"twitter:data1\" content=\"1 minuutti\" \/>\n<script type=\"application\/ld+json\" class=\"yoast-schema-graph\">{\"@context\":\"https:\/\/schema.org\",\"@graph\":[{\"@type\":\"WebPage\",\"@id\":\"https:\/\/xenonkungen.com\/produkt\/tershine-foam-lance-1000-ml\/\",\"url\":\"https:\/\/xenonkungen.com\/produkt\/tershine-foam-lance-1000-ml\/\",\"name\":\"Tershine Foam Lance 1000 ml - Xenonkungen\",\"isPartOf\":{\"@id\":\"https:\/\/xenonkungen.com\/#website\"},\"primaryImageOfPage\":{\"@id\":\"https:\/\/xenonkungen.com\/produkt\/tershine-foam-lance-1000-ml\/#primaryimage\"},\"image\":{\"@id\":\"https:\/\/xenonkungen.com\/produkt\/tershine-foam-lance-1000-ml\/#primaryimage\"},\"thumbnailUrl\":\"https:\/\/xenonkungen.com\/wp-content\/uploads\/2026\/03\/I0AJTIO77ilpcBBAgVfMjlQMHZAWZ5TgYNCddwfp.webp\",\"datePublished\":\"2026-03-18T09:08:28+00:00\",\"dateModified\":\"2026-05-12T13:32:20+00:00\",\"breadcrumb\":{\"@id\":\"https:\/\/xenonkungen.com\/produkt\/tershine-foam-lance-1000-ml\/#breadcrumb\"},\"inLanguage\":\"fi\",\"potentialAction\":[{\"@type\":\"ReadAction\",\"target\":[\"https:\/\/xenonkungen.com\/produkt\/tershine-foam-lance-1000-ml\/\"]}]},{\"@type\":\"ImageObject\",\"inLanguage\":\"fi\",\"@id\":\"https:\/\/xenonkungen.com\/produkt\/tershine-foam-lance-1000-ml\/#primaryimage\",\"url\":\"https:\/\/xenonkungen.com\/wp-content\/uploads\/2026\/03\/I0AJTIO77ilpcBBAgVfMjlQMHZAWZ5TgYNCddwfp.webp\",\"contentUrl\":\"https:\/\/xenonkungen.com\/wp-content\/uploads\/2026\/03\/I0AJTIO77ilpcBBAgVfMjlQMHZAWZ5TgYNCddwfp.webp\",\"width\":1024,\"height\":1024},{\"@type\":\"BreadcrumbList\",\"@id\":\"https:\/\/xenonkungen.com\/produkt\/tershine-foam-lance-1000-ml\/#breadcrumb\",\"itemListElement\":[{\"@type\":\"ListItem\",\"position\":1,\"name\":\"Hem\",\"item\":\"https:\/\/xenonkungen.com\/\"},{\"@type\":\"ListItem\",\"position\":2,\"name\":\"Shop\",\"item\":\"https:\/\/xenonkungen.com\/shop\/\"},{\"@type\":\"ListItem\",\"position\":3,\"name\":\"Tershine Foam Lance 1000 ml\"}]},{\"@type\":\"WebSite\",\"@id\":\"https:\/\/xenonkungen.com\/#website\",\"url\":\"https:\/\/xenonkungen.com\/\",\"name\":\"Xenonkungen\",\"description\":\"\",\"potentialAction\":[{\"@type\":\"SearchAction\",\"target\":{\"@type\":\"EntryPoint\",\"urlTemplate\":\"https:\/\/xenonkungen.com\/?s={search_term_string}\"},\"query-input\":{\"@type\":\"PropertyValueSpecification\",\"valueRequired\":true,\"valueName\":\"search_term_string\"}}],\"inLanguage\":\"fi\"}]}<\/script>\n<!-- \/ Yoast SEO plugin. -->","yoast_head_json":{"title":"Tershine Foam Lance 1000 ml - Xenon-kuningas","robots":{"index":"index","follow":"follow","max-snippet":"max-snippet:-1","max-image-preview":"max-image-preview:large","max-video-preview":"max-video-preview:-1"},"canonical":"https:\/\/xenonkungen.com\/fi\/tuote\/tershine-vaahtosuutin-1000-ml\/","og_locale":"fi_FI","og_type":"article","og_title":"Tershine Foam Lance 1000 ml - Xenonkungen","og_description":"Foam lance \/ Skumkanon f\u00f6r att enkelt, tidseffektivt och framf\u00f6rallt p\u00e5 ett satisfying s\u00e4tt\u00a0l\u00e4gga ett tjockt\u00a0lager\u00a0skum \u00f6ver hela ditt fordon.","og_url":"https:\/\/xenonkungen.com\/fi\/tuote\/tershine-vaahtosuutin-1000-ml\/","og_site_name":"Xenonkungen","article_modified_time":"2026-05-12T13:32:20+00:00","og_image":[{"width":1024,"height":1024,"url":"https:\/\/xenonkungen.com\/wp-content\/uploads\/2026\/03\/I0AJTIO77ilpcBBAgVfMjlQMHZAWZ5TgYNCddwfp.webp","type":"image\/webp"}],"twitter_card":"summary_large_image","twitter_misc":{"Arvioitu lukuaika":"1 minuutti"},"schema":{"@context":"https:\/\/schema.org","@graph":[{"@type":"WebPage","@id":"https:\/\/xenonkungen.com\/produkt\/tershine-foam-lance-1000-ml\/","url":"https:\/\/xenonkungen.com\/produkt\/tershine-foam-lance-1000-ml\/","name":"Tershine Foam Lance 1000 ml - Xenon-kuningas","isPartOf":{"@id":"https:\/\/xenonkungen.com\/#website"},"primaryImageOfPage":{"@id":"https:\/\/xenonkungen.com\/produkt\/tershine-foam-lance-1000-ml\/#primaryimage"},"image":{"@id":"https:\/\/xenonkungen.com\/produkt\/tershine-foam-lance-1000-ml\/#primaryimage"},"thumbnailUrl":"https:\/\/xenonkungen.com\/wp-content\/uploads\/2026\/03\/I0AJTIO77ilpcBBAgVfMjlQMHZAWZ5TgYNCddwfp.webp","datePublished":"2026-03-18T09:08:28+00:00","dateModified":"2026-05-12T13:32:20+00:00","breadcrumb":{"@id":"https:\/\/xenonkungen.com\/produkt\/tershine-foam-lance-1000-ml\/#breadcrumb"},"inLanguage":"fi","potentialAction":[{"@type":"ReadAction","target":["https:\/\/xenonkungen.com\/produkt\/tershine-foam-lance-1000-ml\/"]}]},{"@type":"ImageObject","inLanguage":"fi","@id":"https:\/\/xenonkungen.com\/produkt\/tershine-foam-lance-1000-ml\/#primaryimage","url":"https:\/\/xenonkungen.com\/wp-content\/uploads\/2026\/03\/I0AJTIO77ilpcBBAgVfMjlQMHZAWZ5TgYNCddwfp.webp","contentUrl":"https:\/\/xenonkungen.com\/wp-content\/uploads\/2026\/03\/I0AJTIO77ilpcBBAgVfMjlQMHZAWZ5TgYNCddwfp.webp","width":1024,"height":1024},{"@type":"BreadcrumbList","@id":"https:\/\/xenonkungen.com\/produkt\/tershine-foam-lance-1000-ml\/#breadcrumb","itemListElement":[{"@type":"ListItem","position":1,"name":"Hem","item":"https:\/\/xenonkungen.com\/"},{"@type":"ListItem","position":2,"name":"Shop","item":"https:\/\/xenonkungen.com\/shop\/"},{"@type":"ListItem","position":3,"name":"Tershine Foam Lance 1000 ml"}]},{"@type":"WebSite","@id":"https:\/\/xenonkungen.com\/#website","url":"https:\/\/xenonkungen.com\/","name":"Xenonkungen","description":"","potentialAction":[{"@type":"SearchAction","target":{"@type":"EntryPoint","urlTemplate":"https:\/\/xenonkungen.com\/?s={search_term_string}"},"query-input":{"@type":"PropertyValueSpecification","valueRequired":true,"valueName":"search_term_string"}}],"inLanguage":"fi"}]}},"taxonomy_info":{"product_brand":[{"value":2893,"label":"Tershine"}],"product_cat":[{"value":2988,"label":"1 | Biltv\u00e4tt"},{"value":2989,"label":"2 | Avfettning"},{"value":378,"label":"Bilv\u00e5rd"}]},"featured_image_src_large":["https:\/\/xenonkungen.com\/wp-content\/uploads\/2026\/03\/I0AJTIO77ilpcBBAgVfMjlQMHZAWZ5TgYNCddwfp.webp",1024,1024,false],"author_info":[],"comment_info":0,"_links":{"self":[{"href":"https:\/\/xenonkungen.com\/fi\/wp-json\/wp\/v2\/product\/28142","targetHints":{"allow":["GET"]}}],"collection":[{"href":"https:\/\/xenonkungen.com\/fi\/wp-json\/wp\/v2\/product"}],"about":[{"href":"https:\/\/xenonkungen.com\/fi\/wp-json\/wp\/v2\/types\/product"}],"replies":[{"embeddable":true,"href":"https:\/\/xenonkungen.com\/fi\/wp-json\/wp\/v2\/comments?post=28142"}],"wp:featuredmedia":[{"embeddable":true,"href":"https:\/\/xenonkungen.com\/fi\/wp-json\/wp\/v2\/media\/28143"}],"wp:attachment":[{"href":"https:\/\/xenonkungen.com\/fi\/wp-json\/wp\/v2\/media?parent=28142"}],"wp:term":[{"taxonomy":"anvandningsomrade","embeddable":true,"href":"https:\/\/xenonkungen.com\/fi\/wp-json\/wp\/v2\/anvandningsomrade?post=28142"},{"taxonomy":"bilmarken","embeddable":true,"href":"https:\/\/xenonkungen.com\/fi\/wp-json\/wp\/v2\/bilmarken?post=28142"},{"taxonomy":"product_brand","embeddable":true,"href":"https:\/\/xenonkungen.com\/fi\/wp-json\/wp\/v2\/product_brand?post=28142"},{"taxonomy":"product_cat","embeddable":true,"href":"https:\/\/xenonkungen.com\/fi\/wp-json\/wp\/v2\/product_cat?post=28142"},{"taxonomy":"product_tag","embeddable":true,"href":"https:\/\/xenonkungen.com\/fi\/wp-json\/wp\/v2\/product_tag?post=28142"}],"curies":[{"name":"wp","href":"https:\/\/api.w.org\/{rel}","templated":true}]}}