{"id":28148,"date":"2026-03-18T10:23:19","date_gmt":"2026-03-18T09:23:19","guid":{"rendered":"https:\/\/xenonkungen.com\/?post_type=product&#038;p=28148"},"modified":"2026-05-12T14:41:16","modified_gmt":"2026-05-12T13:41:16","slug":"tershine-kiillotuslaikka-hienoksi-leikattu","status":"publish","type":"product","link":"https:\/\/xenonkungen.com\/fi\/tuote\/tershine-kiillotuslaikka-hienoksi-leikattu\/","title":{"rendered":"Tershine-kiillotuslaikka \u2013 Hienoksi leikattu"},"content":{"rendered":"<p>Etsitk\u00f6\u00a0<strong data-start=\"176\" data-end=\"238\">Kiillotuslaikka, joka tuo esiin syv\u00e4n ja kiilt\u00e4v\u00e4n pinnan<\/strong>T\u00e4m\u00e4 yksi\u00a0<strong data-start=\"248\" data-end=\"276\">yleisk\u00e4ytt\u00f6inen kiillotuslaikka<\/strong>\u00a0on valmistettu\u00a0<strong data-start=\"293\" data-end=\"316\">eritt\u00e4in korkealaatuinen<\/strong>\u00a0ja sopii t\u00e4ydellisesti kaiken kiillottamiseen\u00a0<strong data-start=\"357\" data-end=\"365\">lakka<\/strong>\u00a0ja\u00a0<strong data-start=\"370\" data-end=\"381\">geelilakki<\/strong>\u00a0osoitteeseen\u00a0<strong data-start=\"387\" data-end=\"400\">pleksilasi<\/strong>\u00a0ja muita herkki\u00e4 pintoja.<\/p>\n<p data-start=\"427\" data-end=\"623\">Suunniteltu tarjoamaan<span class=\"Apple-converted-space\">\u00a0<\/span><strong data-start=\"450\" data-end=\"465\">maksimoitu kiilto<\/strong><span class=\"Apple-converted-space\">\u00a0<\/span>ja todella hieno viimeistely. Ilmeinen valinta niille, jotka haluavat saavuttaa<span class=\"Apple-converted-space\">\u00a0<\/span><strong data-start=\"545\" data-end=\"567\">ammattimainen tulos<\/strong>riippumatta siit\u00e4, ty\u00f6skenteletk\u00f6 autojen, veneiden tai muoviosien parissa.<\/p>\n<ul data-start=\"625\" data-end=\"870\">\n<li data-start=\"625\" data-end=\"668\">\n<p data-start=\"627\" data-end=\"668\">Antaa peilim\u00e4isen kiillon ja ammattimaisen lopputuloksen<\/p>\n<\/li>\n<li data-start=\"669\" data-end=\"723\">\n<p data-start=\"671\" data-end=\"723\">Sopii kaikille maali-, gelcoat- ja muovipinnoille<\/p>\n<\/li>\n<li data-start=\"724\" data-end=\"772\">\n<p data-start=\"726\" data-end=\"772\">V\u00e4r\u00e4hteleville ja py\u00f6riville kiillotuskoneille<\/p>\n<\/li>\n<li data-start=\"773\" data-end=\"815\">\n<p data-start=\"775\" data-end=\"815\">K\u00e4ytett\u00e4v\u00e4ksi 125 mm:n (5 tuuman) levypitimen kanssa<\/p>\n<\/li>\n<li data-start=\"816\" data-end=\"870\">\n<p data-start=\"818\" data-end=\"870\">Korkea kest\u00e4vyys \u2013 sopii t\u00e4ydellisesti toistuvaan k\u00e4ytt\u00f6\u00f6n<\/p>\n<\/li>\n<\/ul>\n<p data-start=\"872\" data-end=\"921\"><strong data-start=\"872\" data-end=\"921\">Pakollinen niille, jotka rakastavat kiilt\u00e4vi\u00e4 lopputuloksia<\/strong><\/p>","protected":false},"excerpt":{"rendered":"<p>Eritt\u00e4in laadukas hienoksi leikattu vaahtomuovikiillotuslaikka kaikenlaisten maalipintojen, gelcoat-pintojen, pleksilasin jne. kiillotukseen.<\/p>","protected":false},"featured_media":28149,"comment_status":"open","ping_status":"closed","template":"","meta":{"_acf_changed":false,"_smort_price_nok":"","_smort_price_dkk":"","_smort_price_eur":"","_smort_sale_price_nok":"","_smort_sale_price_dkk":"","_smort_sale_price_eur":"","smort_restorder":"","shipmondo_restorder":"","_kad_blocks_custom_css":"","_kad_blocks_head_custom_js":"","_kad_blocks_body_custom_js":"","_kad_blocks_footer_custom_js":"","smort_custom_pricelist_1":"63.36","smort_custom_pricelist_2":"63.36","smort_custom_pricelist_3":"63.36","smort_custom_pricelist_4":"79.2","smort_custom_pricelist_5":"63.36"},"anvandningsomrade":[],"bilmarken":[],"product_brand":[2893],"product_cat":[2989,2617,2615,378],"product_tag":[],"class_list":{"0":"post-28148","1":"product","2":"type-product","3":"status-publish","4":"has-post-thumbnail","6":"product_brand-tershine","7":"product_cat-avfettning","8":"product_cat-polering","9":"product_cat-polertrissor","10":"product_cat-bilvard","12":"first","13":"onbackorder","14":"taxable","15":"shipping-taxable","16":"purchasable","17":"product-type-simple"},"bundled_by":[],"bundle_stock_status":"onbackorder","bundle_stock_quantity":0,"bundle_virtual":false,"bundle_layout":"","bundle_add_to_cart_form_location":"","bundle_editable_in_cart":false,"bundle_sold_individually_context":"","bundle_item_grouping":"","bundle_min_size":"","bundle_max_size":"","bundle_price":[],"bundled_items":[],"bundle_sell_ids":[],"acf":[],"yoast_head":"<!-- This site is optimized with the Yoast SEO plugin v27.0 - https:\/\/yoast.com\/product\/yoast-seo-wordpress\/ -->\n<title>Tershine Polertrissa - Fine cut - Xenonkungen<\/title>\n<meta name=\"robots\" content=\"index, follow, max-snippet:-1, max-image-preview:large, max-video-preview:-1\" \/>\n<link rel=\"canonical\" href=\"https:\/\/xenonkungen.com\/fi\/tuote\/tershine-kiillotuslaikka-hienoksi-leikattu\/\" \/>\n<meta property=\"og:locale\" content=\"fi_FI\" \/>\n<meta property=\"og:type\" content=\"article\" \/>\n<meta property=\"og:title\" content=\"Tershine Polertrissa - Fine cut - Xenonkungen\" \/>\n<meta property=\"og:description\" content=\"Skumpolerstrissa fine cut av mycket h\u00f6g kvalitet f\u00f6r att polera alla typer av lack, gealcoat, plexiglas osv.\" \/>\n<meta property=\"og:url\" content=\"https:\/\/xenonkungen.com\/fi\/tuote\/tershine-kiillotuslaikka-hienoksi-leikattu\/\" \/>\n<meta property=\"og:site_name\" content=\"Xenonkungen\" \/>\n<meta property=\"article:modified_time\" content=\"2026-05-12T13:41:16+00:00\" \/>\n<meta property=\"og:image\" content=\"https:\/\/xenonkungen.com\/wp-content\/uploads\/2026\/03\/l70S1b4o0RUnybe5mNfhsw6RYRIKLAjd766dR9s5.webp\" \/>\n\t<meta property=\"og:image:width\" content=\"1024\" \/>\n\t<meta property=\"og:image:height\" content=\"1024\" \/>\n\t<meta property=\"og:image:type\" content=\"image\/webp\" \/>\n<meta name=\"twitter:card\" content=\"summary_large_image\" \/>\n<meta name=\"twitter:label1\" content=\"Arvioitu lukuaika\" \/>\n\t<meta name=\"twitter:data1\" content=\"1 minuutti\" \/>\n<script type=\"application\/ld+json\" class=\"yoast-schema-graph\">{\"@context\":\"https:\/\/schema.org\",\"@graph\":[{\"@type\":\"WebPage\",\"@id\":\"https:\/\/xenonkungen.com\/produkt\/tershine-polertrissa-fine-cut\/\",\"url\":\"https:\/\/xenonkungen.com\/produkt\/tershine-polertrissa-fine-cut\/\",\"name\":\"Tershine Polertrissa - Fine cut - Xenonkungen\",\"isPartOf\":{\"@id\":\"https:\/\/xenonkungen.com\/#website\"},\"primaryImageOfPage\":{\"@id\":\"https:\/\/xenonkungen.com\/produkt\/tershine-polertrissa-fine-cut\/#primaryimage\"},\"image\":{\"@id\":\"https:\/\/xenonkungen.com\/produkt\/tershine-polertrissa-fine-cut\/#primaryimage\"},\"thumbnailUrl\":\"https:\/\/xenonkungen.com\/wp-content\/uploads\/2026\/03\/l70S1b4o0RUnybe5mNfhsw6RYRIKLAjd766dR9s5.webp\",\"datePublished\":\"2026-03-18T09:23:19+00:00\",\"dateModified\":\"2026-05-12T13:41:16+00:00\",\"breadcrumb\":{\"@id\":\"https:\/\/xenonkungen.com\/produkt\/tershine-polertrissa-fine-cut\/#breadcrumb\"},\"inLanguage\":\"fi\",\"potentialAction\":[{\"@type\":\"ReadAction\",\"target\":[\"https:\/\/xenonkungen.com\/produkt\/tershine-polertrissa-fine-cut\/\"]}]},{\"@type\":\"ImageObject\",\"inLanguage\":\"fi\",\"@id\":\"https:\/\/xenonkungen.com\/produkt\/tershine-polertrissa-fine-cut\/#primaryimage\",\"url\":\"https:\/\/xenonkungen.com\/wp-content\/uploads\/2026\/03\/l70S1b4o0RUnybe5mNfhsw6RYRIKLAjd766dR9s5.webp\",\"contentUrl\":\"https:\/\/xenonkungen.com\/wp-content\/uploads\/2026\/03\/l70S1b4o0RUnybe5mNfhsw6RYRIKLAjd766dR9s5.webp\",\"width\":1024,\"height\":1024},{\"@type\":\"BreadcrumbList\",\"@id\":\"https:\/\/xenonkungen.com\/produkt\/tershine-polertrissa-fine-cut\/#breadcrumb\",\"itemListElement\":[{\"@type\":\"ListItem\",\"position\":1,\"name\":\"Hem\",\"item\":\"https:\/\/xenonkungen.com\/\"},{\"@type\":\"ListItem\",\"position\":2,\"name\":\"Shop\",\"item\":\"https:\/\/xenonkungen.com\/shop\/\"},{\"@type\":\"ListItem\",\"position\":3,\"name\":\"Tershine Polertrissa &#8211; Fine cut\"}]},{\"@type\":\"WebSite\",\"@id\":\"https:\/\/xenonkungen.com\/#website\",\"url\":\"https:\/\/xenonkungen.com\/\",\"name\":\"Xenonkungen\",\"description\":\"\",\"potentialAction\":[{\"@type\":\"SearchAction\",\"target\":{\"@type\":\"EntryPoint\",\"urlTemplate\":\"https:\/\/xenonkungen.com\/?s={search_term_string}\"},\"query-input\":{\"@type\":\"PropertyValueSpecification\",\"valueRequired\":true,\"valueName\":\"search_term_string\"}}],\"inLanguage\":\"fi\"}]}<\/script>\n<!-- \/ Yoast SEO plugin. -->","yoast_head_json":{"title":"Tershine-kiillotuslaikka - Hienohiontainen - Xenonkungen","robots":{"index":"index","follow":"follow","max-snippet":"max-snippet:-1","max-image-preview":"max-image-preview:large","max-video-preview":"max-video-preview:-1"},"canonical":"https:\/\/xenonkungen.com\/fi\/tuote\/tershine-kiillotuslaikka-hienoksi-leikattu\/","og_locale":"fi_FI","og_type":"article","og_title":"Tershine Polertrissa - Fine cut - Xenonkungen","og_description":"Skumpolerstrissa fine cut av mycket h\u00f6g kvalitet f\u00f6r att polera alla typer av lack, gealcoat, plexiglas osv.","og_url":"https:\/\/xenonkungen.com\/fi\/tuote\/tershine-kiillotuslaikka-hienoksi-leikattu\/","og_site_name":"Xenonkungen","article_modified_time":"2026-05-12T13:41:16+00:00","og_image":[{"width":1024,"height":1024,"url":"https:\/\/xenonkungen.com\/wp-content\/uploads\/2026\/03\/l70S1b4o0RUnybe5mNfhsw6RYRIKLAjd766dR9s5.webp","type":"image\/webp"}],"twitter_card":"summary_large_image","twitter_misc":{"Arvioitu lukuaika":"1 minuutti"},"schema":{"@context":"https:\/\/schema.org","@graph":[{"@type":"WebPage","@id":"https:\/\/xenonkungen.com\/produkt\/tershine-polertrissa-fine-cut\/","url":"https:\/\/xenonkungen.com\/produkt\/tershine-polertrissa-fine-cut\/","name":"Tershine-kiillotuslaikka - Hienohiontainen - Xenonkungen","isPartOf":{"@id":"https:\/\/xenonkungen.com\/#website"},"primaryImageOfPage":{"@id":"https:\/\/xenonkungen.com\/produkt\/tershine-polertrissa-fine-cut\/#primaryimage"},"image":{"@id":"https:\/\/xenonkungen.com\/produkt\/tershine-polertrissa-fine-cut\/#primaryimage"},"thumbnailUrl":"https:\/\/xenonkungen.com\/wp-content\/uploads\/2026\/03\/l70S1b4o0RUnybe5mNfhsw6RYRIKLAjd766dR9s5.webp","datePublished":"2026-03-18T09:23:19+00:00","dateModified":"2026-05-12T13:41:16+00:00","breadcrumb":{"@id":"https:\/\/xenonkungen.com\/produkt\/tershine-polertrissa-fine-cut\/#breadcrumb"},"inLanguage":"fi","potentialAction":[{"@type":"ReadAction","target":["https:\/\/xenonkungen.com\/produkt\/tershine-polertrissa-fine-cut\/"]}]},{"@type":"ImageObject","inLanguage":"fi","@id":"https:\/\/xenonkungen.com\/produkt\/tershine-polertrissa-fine-cut\/#primaryimage","url":"https:\/\/xenonkungen.com\/wp-content\/uploads\/2026\/03\/l70S1b4o0RUnybe5mNfhsw6RYRIKLAjd766dR9s5.webp","contentUrl":"https:\/\/xenonkungen.com\/wp-content\/uploads\/2026\/03\/l70S1b4o0RUnybe5mNfhsw6RYRIKLAjd766dR9s5.webp","width":1024,"height":1024},{"@type":"BreadcrumbList","@id":"https:\/\/xenonkungen.com\/produkt\/tershine-polertrissa-fine-cut\/#breadcrumb","itemListElement":[{"@type":"ListItem","position":1,"name":"Hem","item":"https:\/\/xenonkungen.com\/"},{"@type":"ListItem","position":2,"name":"Shop","item":"https:\/\/xenonkungen.com\/shop\/"},{"@type":"ListItem","position":3,"name":"Tershine Polertrissa &#8211; Fine cut"}]},{"@type":"WebSite","@id":"https:\/\/xenonkungen.com\/#website","url":"https:\/\/xenonkungen.com\/","name":"Xenonkungen","description":"","potentialAction":[{"@type":"SearchAction","target":{"@type":"EntryPoint","urlTemplate":"https:\/\/xenonkungen.com\/?s={search_term_string}"},"query-input":{"@type":"PropertyValueSpecification","valueRequired":true,"valueName":"search_term_string"}}],"inLanguage":"fi"}]}},"taxonomy_info":{"product_brand":[{"value":2893,"label":"Tershine"}],"product_cat":[{"value":2989,"label":"2 | Avfettning"},{"value":2617,"label":"3 | Polering"},{"value":2615,"label":"Polertrissor"},{"value":378,"label":"Bilv\u00e5rd"}]},"featured_image_src_large":["https:\/\/xenonkungen.com\/wp-content\/uploads\/2026\/03\/l70S1b4o0RUnybe5mNfhsw6RYRIKLAjd766dR9s5.webp",1024,1024,false],"author_info":[],"comment_info":0,"_links":{"self":[{"href":"https:\/\/xenonkungen.com\/fi\/wp-json\/wp\/v2\/product\/28148","targetHints":{"allow":["GET"]}}],"collection":[{"href":"https:\/\/xenonkungen.com\/fi\/wp-json\/wp\/v2\/product"}],"about":[{"href":"https:\/\/xenonkungen.com\/fi\/wp-json\/wp\/v2\/types\/product"}],"replies":[{"embeddable":true,"href":"https:\/\/xenonkungen.com\/fi\/wp-json\/wp\/v2\/comments?post=28148"}],"wp:featuredmedia":[{"embeddable":true,"href":"https:\/\/xenonkungen.com\/fi\/wp-json\/wp\/v2\/media\/28149"}],"wp:attachment":[{"href":"https:\/\/xenonkungen.com\/fi\/wp-json\/wp\/v2\/media?parent=28148"}],"wp:term":[{"taxonomy":"anvandningsomrade","embeddable":true,"href":"https:\/\/xenonkungen.com\/fi\/wp-json\/wp\/v2\/anvandningsomrade?post=28148"},{"taxonomy":"bilmarken","embeddable":true,"href":"https:\/\/xenonkungen.com\/fi\/wp-json\/wp\/v2\/bilmarken?post=28148"},{"taxonomy":"product_brand","embeddable":true,"href":"https:\/\/xenonkungen.com\/fi\/wp-json\/wp\/v2\/product_brand?post=28148"},{"taxonomy":"product_cat","embeddable":true,"href":"https:\/\/xenonkungen.com\/fi\/wp-json\/wp\/v2\/product_cat?post=28148"},{"taxonomy":"product_tag","embeddable":true,"href":"https:\/\/xenonkungen.com\/fi\/wp-json\/wp\/v2\/product_tag?post=28148"}],"curies":[{"name":"wp","href":"https:\/\/api.w.org\/{rel}","templated":true}]}}