{"id":28165,"date":"2026-03-18T10:37:04","date_gmt":"2026-03-18T09:37:04","guid":{"rendered":"https:\/\/xenonkungen.com\/?post_type=product&#038;p=28165"},"modified":"2026-05-12T14:40:39","modified_gmt":"2026-05-12T13:40:39","slug":"tershine-kiillotuslaikka-keskikarkea","status":"publish","type":"product","link":"https:\/\/xenonkungen.com\/fi\/tuote\/tershine-kiillotuslaikka-keskikarkea\/","title":{"rendered":"Tershine-kiillotuslaikka \u2013 Keskikarkea"},"content":{"rendered":"<p>T\u00e4m\u00e4\u00a0<strong data-start=\"203\" data-end=\"248\">yleisk\u00e4ytt\u00f6inen kiillotuslaikka keskikovuudella<\/strong>\u00a0on monipuolinen suosikki, joka tarjoaa molemmat\u00a0<strong data-start=\"292\" data-end=\"328\">naarmujen poisto ja korkea viimeistely<\/strong>\u00a0yhdess\u00e4 vaiheessa. Valmistettu\u00a0<strong data-start=\"354\" data-end=\"377\">eritt\u00e4in korkealaatuinen<\/strong>, se toimii loistavasti kaikenlaisissa\u00a0<strong data-start=\"417\" data-end=\"460\">lakka, gelcoat, pleksilasi ja muut pinnat<\/strong>.<\/p>\n<p data-start=\"463\" data-end=\"702\">T\u00e4ydellinen<span class=\"Apple-converted-space\">\u00a0<\/span><strong data-start=\"479\" data-end=\"533\">poistaa pesunaarmut, hologrammit ja kevyen hapettumisen<\/strong>, samalla korostaen a<span class=\"Apple-converted-space\">\u00a0<\/span><strong data-start=\"568\" data-end=\"590\">kiilt\u00e4v\u00e4 ja sile\u00e4 pinta<\/strong>Sopii kiillotuskoneisiin, joissa on 125 mm:n (5 tuuman) laikkapitimet, ja toimii sek\u00e4 v\u00e4r\u00e4htelevien ett\u00e4 py\u00f6rivien koneiden kanssa.<\/p>\n<ul data-start=\"704\" data-end=\"989\">\n<li data-start=\"704\" data-end=\"761\">\n<p data-start=\"706\" data-end=\"761\">Yleisk\u00e4ytt\u00f6inen keskikova tela \u2013 naarmuille ja kiillolle<\/p>\n<\/li>\n<li data-start=\"762\" data-end=\"810\">\n<p data-start=\"764\" data-end=\"810\">Poistaa pesunaarmut, hologrammit ja hapettumat<\/p>\n<\/li>\n<li data-start=\"811\" data-end=\"860\">\n<p data-start=\"813\" data-end=\"860\">Kaikentyyppisille maali-, gelcoat- ja muovipinnoille<\/p>\n<\/li>\n<li data-start=\"861\" data-end=\"920\">\n<p data-start=\"863\" data-end=\"920\">Yhteensopiva sek\u00e4 py\u00f6rivien ett\u00e4 v\u00e4r\u00e4htelevien koneiden kanssa<\/p>\n<\/li>\n<li data-start=\"921\" data-end=\"945\">\n<p data-start=\"923\" data-end=\"945\">Koko: 125 mm (5 tuumaa)<\/p>\n<\/li>\n<li data-start=\"946\" data-end=\"989\">\n<p data-start=\"948\" data-end=\"989\">Korkealaatuinen \u2013 pest\u00e4v\u00e4 ja uudelleenk\u00e4ytett\u00e4v\u00e4<\/p>\n<\/li>\n<\/ul>\n<p data-start=\"991\" data-end=\"1076\"><strong data-start=\"991\" data-end=\"1076\">T\u00e4ydellinen tasapaino leikkaamisen ja viimeistelyn v\u00e4lill\u00e4 \u2013 sek\u00e4 ammattilaisille ett\u00e4 harrastajille.<\/strong><\/p>","protected":false},"excerpt":{"rendered":"<p>Eritt\u00e4in korkealaatuinen keskikarkea vaahtomuovikiillotuslaikka kaikenlaisten maalipintojen, gelcoat-pintojen, pleksilasin jne. kiillotukseen.<\/p>","protected":false},"featured_media":28166,"comment_status":"open","ping_status":"closed","template":"","meta":{"_acf_changed":false,"_smort_price_nok":"","_smort_price_dkk":"","_smort_price_eur":"","_smort_sale_price_nok":"","_smort_sale_price_dkk":"","_smort_sale_price_eur":"","smort_restorder":"","shipmondo_restorder":"","_kad_blocks_custom_css":"","_kad_blocks_head_custom_js":"","_kad_blocks_body_custom_js":"","_kad_blocks_footer_custom_js":"","smort_custom_pricelist_1":"63.36","smort_custom_pricelist_2":"63.36","smort_custom_pricelist_3":"63.36","smort_custom_pricelist_4":"79.2","smort_custom_pricelist_5":"63.36"},"anvandningsomrade":[],"bilmarken":[],"product_brand":[2893],"product_cat":[2989,2617,2615,378],"product_tag":[],"class_list":{"0":"post-28165","1":"product","2":"type-product","3":"status-publish","4":"has-post-thumbnail","6":"product_brand-tershine","7":"product_cat-avfettning","8":"product_cat-polering","9":"product_cat-polertrissor","10":"product_cat-bilvard","12":"first","13":"onbackorder","14":"taxable","15":"shipping-taxable","16":"purchasable","17":"product-type-simple"},"bundled_by":[],"bundle_stock_status":"onbackorder","bundle_stock_quantity":0,"bundle_virtual":false,"bundle_layout":"","bundle_add_to_cart_form_location":"","bundle_editable_in_cart":false,"bundle_sold_individually_context":"","bundle_item_grouping":"","bundle_min_size":"","bundle_max_size":"","bundle_price":[],"bundled_items":[],"bundle_sell_ids":[],"acf":[],"yoast_head":"<!-- This site is optimized with the Yoast SEO plugin v27.0 - https:\/\/yoast.com\/product\/yoast-seo-wordpress\/ -->\n<title>Tershine Polertrissa - Medium cut - Xenonkungen<\/title>\n<meta name=\"robots\" content=\"index, follow, max-snippet:-1, max-image-preview:large, max-video-preview:-1\" \/>\n<link rel=\"canonical\" href=\"https:\/\/xenonkungen.com\/fi\/tuote\/tershine-kiillotuslaikka-keskikarkea\/\" \/>\n<meta property=\"og:locale\" content=\"fi_FI\" \/>\n<meta property=\"og:type\" content=\"article\" \/>\n<meta property=\"og:title\" content=\"Tershine Polertrissa - Medium cut - Xenonkungen\" \/>\n<meta property=\"og:description\" content=\"Skumpolerstrissa medium cut av mycket h\u00f6g kvalitet f\u00f6r att polera alla typer av lack, gealcoat, plexiglas osv.\" \/>\n<meta property=\"og:url\" content=\"https:\/\/xenonkungen.com\/fi\/tuote\/tershine-kiillotuslaikka-keskikarkea\/\" \/>\n<meta property=\"og:site_name\" content=\"Xenonkungen\" \/>\n<meta property=\"article:modified_time\" content=\"2026-05-12T13:40:39+00:00\" \/>\n<meta property=\"og:image\" content=\"https:\/\/xenonkungen.com\/wp-content\/uploads\/2026\/03\/VHJeMy7DumLBVoLvVNJwf2aHaqlW0ikhjT1aJjus.webp\" \/>\n\t<meta property=\"og:image:width\" content=\"1024\" \/>\n\t<meta property=\"og:image:height\" content=\"1024\" \/>\n\t<meta property=\"og:image:type\" content=\"image\/webp\" \/>\n<meta name=\"twitter:card\" content=\"summary_large_image\" \/>\n<meta name=\"twitter:label1\" content=\"Arvioitu lukuaika\" \/>\n\t<meta name=\"twitter:data1\" content=\"1 minuutti\" \/>\n<script type=\"application\/ld+json\" class=\"yoast-schema-graph\">{\"@context\":\"https:\/\/schema.org\",\"@graph\":[{\"@type\":\"WebPage\",\"@id\":\"https:\/\/xenonkungen.com\/produkt\/tershine-polertrissa-medium-cut\/\",\"url\":\"https:\/\/xenonkungen.com\/produkt\/tershine-polertrissa-medium-cut\/\",\"name\":\"Tershine Polertrissa - Medium cut - Xenonkungen\",\"isPartOf\":{\"@id\":\"https:\/\/xenonkungen.com\/#website\"},\"primaryImageOfPage\":{\"@id\":\"https:\/\/xenonkungen.com\/produkt\/tershine-polertrissa-medium-cut\/#primaryimage\"},\"image\":{\"@id\":\"https:\/\/xenonkungen.com\/produkt\/tershine-polertrissa-medium-cut\/#primaryimage\"},\"thumbnailUrl\":\"https:\/\/xenonkungen.com\/wp-content\/uploads\/2026\/03\/VHJeMy7DumLBVoLvVNJwf2aHaqlW0ikhjT1aJjus.webp\",\"datePublished\":\"2026-03-18T09:37:04+00:00\",\"dateModified\":\"2026-05-12T13:40:39+00:00\",\"breadcrumb\":{\"@id\":\"https:\/\/xenonkungen.com\/produkt\/tershine-polertrissa-medium-cut\/#breadcrumb\"},\"inLanguage\":\"fi\",\"potentialAction\":[{\"@type\":\"ReadAction\",\"target\":[\"https:\/\/xenonkungen.com\/produkt\/tershine-polertrissa-medium-cut\/\"]}]},{\"@type\":\"ImageObject\",\"inLanguage\":\"fi\",\"@id\":\"https:\/\/xenonkungen.com\/produkt\/tershine-polertrissa-medium-cut\/#primaryimage\",\"url\":\"https:\/\/xenonkungen.com\/wp-content\/uploads\/2026\/03\/VHJeMy7DumLBVoLvVNJwf2aHaqlW0ikhjT1aJjus.webp\",\"contentUrl\":\"https:\/\/xenonkungen.com\/wp-content\/uploads\/2026\/03\/VHJeMy7DumLBVoLvVNJwf2aHaqlW0ikhjT1aJjus.webp\",\"width\":1024,\"height\":1024},{\"@type\":\"BreadcrumbList\",\"@id\":\"https:\/\/xenonkungen.com\/produkt\/tershine-polertrissa-medium-cut\/#breadcrumb\",\"itemListElement\":[{\"@type\":\"ListItem\",\"position\":1,\"name\":\"Hem\",\"item\":\"https:\/\/xenonkungen.com\/\"},{\"@type\":\"ListItem\",\"position\":2,\"name\":\"Shop\",\"item\":\"https:\/\/xenonkungen.com\/shop\/\"},{\"@type\":\"ListItem\",\"position\":3,\"name\":\"Tershine Polertrissa &#8211; Medium cut\"}]},{\"@type\":\"WebSite\",\"@id\":\"https:\/\/xenonkungen.com\/#website\",\"url\":\"https:\/\/xenonkungen.com\/\",\"name\":\"Xenonkungen\",\"description\":\"\",\"potentialAction\":[{\"@type\":\"SearchAction\",\"target\":{\"@type\":\"EntryPoint\",\"urlTemplate\":\"https:\/\/xenonkungen.com\/?s={search_term_string}\"},\"query-input\":{\"@type\":\"PropertyValueSpecification\",\"valueRequired\":true,\"valueName\":\"search_term_string\"}}],\"inLanguage\":\"fi\"}]}<\/script>\n<!-- \/ Yoast SEO plugin. -->","yoast_head_json":{"title":"Tershine-kiillotuslaikka - keskikarkea leikkaus - Xenonkungen","robots":{"index":"index","follow":"follow","max-snippet":"max-snippet:-1","max-image-preview":"max-image-preview:large","max-video-preview":"max-video-preview:-1"},"canonical":"https:\/\/xenonkungen.com\/fi\/tuote\/tershine-kiillotuslaikka-keskikarkea\/","og_locale":"fi_FI","og_type":"article","og_title":"Tershine Polertrissa - Medium cut - Xenonkungen","og_description":"Skumpolerstrissa medium cut av mycket h\u00f6g kvalitet f\u00f6r att polera alla typer av lack, gealcoat, plexiglas osv.","og_url":"https:\/\/xenonkungen.com\/fi\/tuote\/tershine-kiillotuslaikka-keskikarkea\/","og_site_name":"Xenonkungen","article_modified_time":"2026-05-12T13:40:39+00:00","og_image":[{"width":1024,"height":1024,"url":"https:\/\/xenonkungen.com\/wp-content\/uploads\/2026\/03\/VHJeMy7DumLBVoLvVNJwf2aHaqlW0ikhjT1aJjus.webp","type":"image\/webp"}],"twitter_card":"summary_large_image","twitter_misc":{"Arvioitu lukuaika":"1 minuutti"},"schema":{"@context":"https:\/\/schema.org","@graph":[{"@type":"WebPage","@id":"https:\/\/xenonkungen.com\/produkt\/tershine-polertrissa-medium-cut\/","url":"https:\/\/xenonkungen.com\/produkt\/tershine-polertrissa-medium-cut\/","name":"Tershine-kiillotuslaikka - keskikarkea leikkaus - Xenonkungen","isPartOf":{"@id":"https:\/\/xenonkungen.com\/#website"},"primaryImageOfPage":{"@id":"https:\/\/xenonkungen.com\/produkt\/tershine-polertrissa-medium-cut\/#primaryimage"},"image":{"@id":"https:\/\/xenonkungen.com\/produkt\/tershine-polertrissa-medium-cut\/#primaryimage"},"thumbnailUrl":"https:\/\/xenonkungen.com\/wp-content\/uploads\/2026\/03\/VHJeMy7DumLBVoLvVNJwf2aHaqlW0ikhjT1aJjus.webp","datePublished":"2026-03-18T09:37:04+00:00","dateModified":"2026-05-12T13:40:39+00:00","breadcrumb":{"@id":"https:\/\/xenonkungen.com\/produkt\/tershine-polertrissa-medium-cut\/#breadcrumb"},"inLanguage":"fi","potentialAction":[{"@type":"ReadAction","target":["https:\/\/xenonkungen.com\/produkt\/tershine-polertrissa-medium-cut\/"]}]},{"@type":"ImageObject","inLanguage":"fi","@id":"https:\/\/xenonkungen.com\/produkt\/tershine-polertrissa-medium-cut\/#primaryimage","url":"https:\/\/xenonkungen.com\/wp-content\/uploads\/2026\/03\/VHJeMy7DumLBVoLvVNJwf2aHaqlW0ikhjT1aJjus.webp","contentUrl":"https:\/\/xenonkungen.com\/wp-content\/uploads\/2026\/03\/VHJeMy7DumLBVoLvVNJwf2aHaqlW0ikhjT1aJjus.webp","width":1024,"height":1024},{"@type":"BreadcrumbList","@id":"https:\/\/xenonkungen.com\/produkt\/tershine-polertrissa-medium-cut\/#breadcrumb","itemListElement":[{"@type":"ListItem","position":1,"name":"Hem","item":"https:\/\/xenonkungen.com\/"},{"@type":"ListItem","position":2,"name":"Shop","item":"https:\/\/xenonkungen.com\/shop\/"},{"@type":"ListItem","position":3,"name":"Tershine Polertrissa &#8211; Medium cut"}]},{"@type":"WebSite","@id":"https:\/\/xenonkungen.com\/#website","url":"https:\/\/xenonkungen.com\/","name":"Xenonkungen","description":"","potentialAction":[{"@type":"SearchAction","target":{"@type":"EntryPoint","urlTemplate":"https:\/\/xenonkungen.com\/?s={search_term_string}"},"query-input":{"@type":"PropertyValueSpecification","valueRequired":true,"valueName":"search_term_string"}}],"inLanguage":"fi"}]}},"taxonomy_info":{"product_brand":[{"value":2893,"label":"Tershine"}],"product_cat":[{"value":2989,"label":"2 | Avfettning"},{"value":2617,"label":"3 | Polering"},{"value":2615,"label":"Polertrissor"},{"value":378,"label":"Bilv\u00e5rd"}]},"featured_image_src_large":["https:\/\/xenonkungen.com\/wp-content\/uploads\/2026\/03\/VHJeMy7DumLBVoLvVNJwf2aHaqlW0ikhjT1aJjus.webp",1024,1024,false],"author_info":[],"comment_info":0,"_links":{"self":[{"href":"https:\/\/xenonkungen.com\/fi\/wp-json\/wp\/v2\/product\/28165","targetHints":{"allow":["GET"]}}],"collection":[{"href":"https:\/\/xenonkungen.com\/fi\/wp-json\/wp\/v2\/product"}],"about":[{"href":"https:\/\/xenonkungen.com\/fi\/wp-json\/wp\/v2\/types\/product"}],"replies":[{"embeddable":true,"href":"https:\/\/xenonkungen.com\/fi\/wp-json\/wp\/v2\/comments?post=28165"}],"wp:featuredmedia":[{"embeddable":true,"href":"https:\/\/xenonkungen.com\/fi\/wp-json\/wp\/v2\/media\/28166"}],"wp:attachment":[{"href":"https:\/\/xenonkungen.com\/fi\/wp-json\/wp\/v2\/media?parent=28165"}],"wp:term":[{"taxonomy":"anvandningsomrade","embeddable":true,"href":"https:\/\/xenonkungen.com\/fi\/wp-json\/wp\/v2\/anvandningsomrade?post=28165"},{"taxonomy":"bilmarken","embeddable":true,"href":"https:\/\/xenonkungen.com\/fi\/wp-json\/wp\/v2\/bilmarken?post=28165"},{"taxonomy":"product_brand","embeddable":true,"href":"https:\/\/xenonkungen.com\/fi\/wp-json\/wp\/v2\/product_brand?post=28165"},{"taxonomy":"product_cat","embeddable":true,"href":"https:\/\/xenonkungen.com\/fi\/wp-json\/wp\/v2\/product_cat?post=28165"},{"taxonomy":"product_tag","embeddable":true,"href":"https:\/\/xenonkungen.com\/fi\/wp-json\/wp\/v2\/product_tag?post=28165"}],"curies":[{"name":"wp","href":"https:\/\/api.w.org\/{rel}","templated":true}]}}