{"id":28271,"date":"2026-03-19T12:14:01","date_gmt":"2026-03-19T11:14:01","guid":{"rendered":"https:\/\/xenonkungen.com\/produkt\/glosser-sparkle-keramiskt-bilschampo-500ml\/"},"modified":"2026-05-08T13:30:26","modified_gmt":"2026-05-08T12:30:26","slug":"glosser-sparkle-ceramic-autoshampoo-500-ml","status":"publish","type":"product","link":"https:\/\/xenonkungen.com\/fi\/tuote\/glosser-sparkle-ceramic-autoshampoo-500-ml\/","title":{"rendered":"Glosser Sparkle \u2013 Keraaminen autonpesuaine, 500ml"},"content":{"rendered":"<h3>Keraaminen shampoo \u2013 puhdistaa, suojaa ja kiillottaa kaikki yhdell\u00e4 kertaa!<\/h3>\n<p>Sparkle on eritt\u00e4in tiivistetty keraaminen autonshampoo, jolla on vaikuttavat puhdistusominaisuudet. Se vaahtoaa hell\u00e4varaisesti ja poistaa tehokkaasti lian ja liikenteen aiheuttaman likakalvon. Se luo kiilt\u00e4v\u00e4n, suojaavan ja vett\u00e4hylkiv\u00e4n pinnan, joka est\u00e4\u00e4 lian muodostumisen useiden viikkojen ajan.<\/p>\n<ul>\n<li>Keraaminen shampoo \u2013 puhdistaa, suojaa ja kiillottaa yhdell\u00e4 tuotteella<\/li>\n<li>Syv\u00e4 kiilto, hienojakoinen valuma ja voimakas helmi\u00e4isefekti<\/li>\n<li>Hell\u00e4varainen puhdistus, joka liuottaa likaa ja liikenteen aiheuttamaa likaa<\/li>\n<li>Muodostaa vett\u00e4hylkiv\u00e4n pinnan (SiO2-pohjainen)<\/li>\n<li>Hyv\u00e4 liuku \u2013 v\u00e4hent\u00e4\u00e4 naarmuuntumisen riski\u00e4<\/li>\n<li>Eritt\u00e4in tiivistetty \u2013 1:200<\/li>\n<li>Mansikan tuoksu<\/li>\n<\/ul>\n<h4>K\u00e4ytt\u00e4\u00e4<\/h4>\n<ol>\n<li>Ravista pulloa hyvin.<\/li>\n<li>Sekoita pyykki\u00e4mp\u00e4riss\u00e4 suhteessa 1:200.<\/li>\n<li>Pese auto sienell\u00e4.<\/li>\n<\/ol>\n<p><strong>K\u00e4rki:<\/strong> Ota pieni m\u00e4\u00e4r\u00e4 tiivistett\u00e4 suoraan sienelle ja pyyhi sill\u00e4 auto ennen huuhtelua, jotta vesi valuu pois tehokkaammin.<\/p>","protected":false},"excerpt":{"rendered":"<p>Keraaminen autoshampoo, joka puhdistaa, suojaa ja kiillottaa samalla. SiO2-pohjainen suoja, jossa voimakas helmi\u00e4isvaikutus. 500 ml.<\/p>","protected":false},"featured_media":28270,"comment_status":"open","ping_status":"closed","template":"","meta":{"_acf_changed":false,"_smort_price_nok":"","_smort_price_dkk":"","_smort_price_eur":"","_smort_sale_price_nok":"","_smort_sale_price_dkk":"","_smort_sale_price_eur":"","smort_restorder":"","shipmondo_restorder":"","_kad_blocks_custom_css":"","_kad_blocks_head_custom_js":"","_kad_blocks_body_custom_js":"","_kad_blocks_footer_custom_js":"","smort_custom_pricelist_1":"159.36","smort_custom_pricelist_2":"139.44","smort_custom_pricelist_3":"139.44","smort_custom_pricelist_4":"199.2","smort_custom_pricelist_5":"139.44"},"anvandningsomrade":[],"bilmarken":[],"product_brand":[3070],"product_cat":[2988,2621],"product_tag":[2915,2914,2916,2917,2918],"class_list":{"0":"post-28271","1":"product","2":"type-product","3":"status-publish","4":"has-post-thumbnail","6":"product_brand-glosser","7":"product_cat-biltvatt","8":"product_cat-bilschampo","9":"product_tag-bilschampo","10":"product_tag-glosser","11":"product_tag-keramiskt","12":"product_tag-lackskydd","13":"product_tag-sio2","15":"first","16":"instock","17":"sale","18":"taxable","19":"shipping-taxable","20":"purchasable","21":"product-type-simple"},"bundled_by":[],"bundle_stock_status":"instock","bundle_stock_quantity":5,"bundle_virtual":false,"bundle_layout":"","bundle_add_to_cart_form_location":"","bundle_editable_in_cart":false,"bundle_sold_individually_context":"","bundle_item_grouping":"","bundle_min_size":"","bundle_max_size":"","bundle_price":[],"bundled_items":[],"bundle_sell_ids":[],"acf":[],"yoast_head":"<!-- This site is optimized with the Yoast SEO plugin v27.0 - https:\/\/yoast.com\/product\/yoast-seo-wordpress\/ -->\n<title>Glosser Sparkle - Keramiskt bilschampo, 500ml - Xenonkungen<\/title>\n<meta name=\"robots\" content=\"index, follow, max-snippet:-1, max-image-preview:large, max-video-preview:-1\" \/>\n<link rel=\"canonical\" href=\"https:\/\/xenonkungen.com\/fi\/tuote\/glosser-sparkle-ceramic-autoshampoo-500-ml\/\" \/>\n<meta property=\"og:locale\" content=\"fi_FI\" \/>\n<meta property=\"og:type\" content=\"article\" \/>\n<meta property=\"og:title\" content=\"Glosser Sparkle - Keramiskt bilschampo, 500ml - Xenonkungen\" \/>\n<meta property=\"og:description\" content=\"Keramiskt bilschampo som reng\u00f6r, skyddar och ger glans i ett. SiO2-baserat skydd med h\u00f6g p\u00e4rleffekt. 500ml.\" \/>\n<meta property=\"og:url\" content=\"https:\/\/xenonkungen.com\/fi\/tuote\/glosser-sparkle-ceramic-autoshampoo-500-ml\/\" \/>\n<meta property=\"og:site_name\" content=\"Xenonkungen\" \/>\n<meta property=\"article:modified_time\" content=\"2026-05-08T12:30:26+00:00\" \/>\n<meta property=\"og:image\" content=\"https:\/\/xenonkungen.com\/wp-content\/uploads\/2026\/03\/125400-Sparkle-500ml-FS1000px.jpg\" \/>\n\t<meta property=\"og:image:width\" content=\"1000\" \/>\n\t<meta property=\"og:image:height\" content=\"1000\" \/>\n\t<meta property=\"og:image:type\" content=\"image\/jpeg\" \/>\n<meta name=\"twitter:card\" content=\"summary_large_image\" \/>\n<meta name=\"twitter:label1\" content=\"Arvioitu lukuaika\" \/>\n\t<meta name=\"twitter:data1\" content=\"1 minuutti\" \/>\n<script type=\"application\/ld+json\" class=\"yoast-schema-graph\">{\"@context\":\"https:\/\/schema.org\",\"@graph\":[{\"@type\":\"WebPage\",\"@id\":\"https:\/\/xenonkungen.com\/produkt\/glosser-sparkle-keramiskt-bilschampo-500ml\/\",\"url\":\"https:\/\/xenonkungen.com\/produkt\/glosser-sparkle-keramiskt-bilschampo-500ml\/\",\"name\":\"Glosser Sparkle - Keramiskt bilschampo, 500ml - Xenonkungen\",\"isPartOf\":{\"@id\":\"https:\/\/xenonkungen.com\/#website\"},\"primaryImageOfPage\":{\"@id\":\"https:\/\/xenonkungen.com\/produkt\/glosser-sparkle-keramiskt-bilschampo-500ml\/#primaryimage\"},\"image\":{\"@id\":\"https:\/\/xenonkungen.com\/produkt\/glosser-sparkle-keramiskt-bilschampo-500ml\/#primaryimage\"},\"thumbnailUrl\":\"https:\/\/xenonkungen.com\/wp-content\/uploads\/2026\/03\/125400-Sparkle-500ml-FS1000px.jpg\",\"datePublished\":\"2026-03-19T11:14:01+00:00\",\"dateModified\":\"2026-05-08T12:30:26+00:00\",\"breadcrumb\":{\"@id\":\"https:\/\/xenonkungen.com\/produkt\/glosser-sparkle-keramiskt-bilschampo-500ml\/#breadcrumb\"},\"inLanguage\":\"fi\",\"potentialAction\":[{\"@type\":\"ReadAction\",\"target\":[\"https:\/\/xenonkungen.com\/produkt\/glosser-sparkle-keramiskt-bilschampo-500ml\/\"]}]},{\"@type\":\"ImageObject\",\"inLanguage\":\"fi\",\"@id\":\"https:\/\/xenonkungen.com\/produkt\/glosser-sparkle-keramiskt-bilschampo-500ml\/#primaryimage\",\"url\":\"https:\/\/xenonkungen.com\/wp-content\/uploads\/2026\/03\/125400-Sparkle-500ml-FS1000px.jpg\",\"contentUrl\":\"https:\/\/xenonkungen.com\/wp-content\/uploads\/2026\/03\/125400-Sparkle-500ml-FS1000px.jpg\",\"width\":1000,\"height\":1000},{\"@type\":\"BreadcrumbList\",\"@id\":\"https:\/\/xenonkungen.com\/produkt\/glosser-sparkle-keramiskt-bilschampo-500ml\/#breadcrumb\",\"itemListElement\":[{\"@type\":\"ListItem\",\"position\":1,\"name\":\"Hem\",\"item\":\"https:\/\/xenonkungen.com\/\"},{\"@type\":\"ListItem\",\"position\":2,\"name\":\"Shop\",\"item\":\"https:\/\/xenonkungen.com\/shop\/\"},{\"@type\":\"ListItem\",\"position\":3,\"name\":\"Glosser Sparkle &#8211; Keramiskt bilschampo, 500ml\"}]},{\"@type\":\"WebSite\",\"@id\":\"https:\/\/xenonkungen.com\/#website\",\"url\":\"https:\/\/xenonkungen.com\/\",\"name\":\"Xenonkungen\",\"description\":\"\",\"potentialAction\":[{\"@type\":\"SearchAction\",\"target\":{\"@type\":\"EntryPoint\",\"urlTemplate\":\"https:\/\/xenonkungen.com\/?s={search_term_string}\"},\"query-input\":{\"@type\":\"PropertyValueSpecification\",\"valueRequired\":true,\"valueName\":\"search_term_string\"}}],\"inLanguage\":\"fi\"}]}<\/script>\n<!-- \/ Yoast SEO plugin. -->","yoast_head_json":{"title":"Glosser Sparkle - Keraaminen autonshampoo, 500ml - The Xenon King","robots":{"index":"index","follow":"follow","max-snippet":"max-snippet:-1","max-image-preview":"max-image-preview:large","max-video-preview":"max-video-preview:-1"},"canonical":"https:\/\/xenonkungen.com\/fi\/tuote\/glosser-sparkle-ceramic-autoshampoo-500-ml\/","og_locale":"fi_FI","og_type":"article","og_title":"Glosser Sparkle - Keramiskt bilschampo, 500ml - Xenonkungen","og_description":"Keramiskt bilschampo som reng\u00f6r, skyddar och ger glans i ett. SiO2-baserat skydd med h\u00f6g p\u00e4rleffekt. 500ml.","og_url":"https:\/\/xenonkungen.com\/fi\/tuote\/glosser-sparkle-ceramic-autoshampoo-500-ml\/","og_site_name":"Xenonkungen","article_modified_time":"2026-05-08T12:30:26+00:00","og_image":[{"width":1000,"height":1000,"url":"https:\/\/xenonkungen.com\/wp-content\/uploads\/2026\/03\/125400-Sparkle-500ml-FS1000px.jpg","type":"image\/jpeg"}],"twitter_card":"summary_large_image","twitter_misc":{"Arvioitu lukuaika":"1 minuutti"},"schema":{"@context":"https:\/\/schema.org","@graph":[{"@type":"WebPage","@id":"https:\/\/xenonkungen.com\/produkt\/glosser-sparkle-keramiskt-bilschampo-500ml\/","url":"https:\/\/xenonkungen.com\/produkt\/glosser-sparkle-keramiskt-bilschampo-500ml\/","name":"Glosser Sparkle - Keraaminen autonshampoo, 500ml - The Xenon King","isPartOf":{"@id":"https:\/\/xenonkungen.com\/#website"},"primaryImageOfPage":{"@id":"https:\/\/xenonkungen.com\/produkt\/glosser-sparkle-keramiskt-bilschampo-500ml\/#primaryimage"},"image":{"@id":"https:\/\/xenonkungen.com\/produkt\/glosser-sparkle-keramiskt-bilschampo-500ml\/#primaryimage"},"thumbnailUrl":"https:\/\/xenonkungen.com\/wp-content\/uploads\/2026\/03\/125400-Sparkle-500ml-FS1000px.jpg","datePublished":"2026-03-19T11:14:01+00:00","dateModified":"2026-05-08T12:30:26+00:00","breadcrumb":{"@id":"https:\/\/xenonkungen.com\/produkt\/glosser-sparkle-keramiskt-bilschampo-500ml\/#breadcrumb"},"inLanguage":"fi","potentialAction":[{"@type":"ReadAction","target":["https:\/\/xenonkungen.com\/produkt\/glosser-sparkle-keramiskt-bilschampo-500ml\/"]}]},{"@type":"ImageObject","inLanguage":"fi","@id":"https:\/\/xenonkungen.com\/produkt\/glosser-sparkle-keramiskt-bilschampo-500ml\/#primaryimage","url":"https:\/\/xenonkungen.com\/wp-content\/uploads\/2026\/03\/125400-Sparkle-500ml-FS1000px.jpg","contentUrl":"https:\/\/xenonkungen.com\/wp-content\/uploads\/2026\/03\/125400-Sparkle-500ml-FS1000px.jpg","width":1000,"height":1000},{"@type":"BreadcrumbList","@id":"https:\/\/xenonkungen.com\/produkt\/glosser-sparkle-keramiskt-bilschampo-500ml\/#breadcrumb","itemListElement":[{"@type":"ListItem","position":1,"name":"Hem","item":"https:\/\/xenonkungen.com\/"},{"@type":"ListItem","position":2,"name":"Shop","item":"https:\/\/xenonkungen.com\/shop\/"},{"@type":"ListItem","position":3,"name":"Glosser Sparkle &#8211; Keramiskt bilschampo, 500ml"}]},{"@type":"WebSite","@id":"https:\/\/xenonkungen.com\/#website","url":"https:\/\/xenonkungen.com\/","name":"Xenonkungen","description":"","potentialAction":[{"@type":"SearchAction","target":{"@type":"EntryPoint","urlTemplate":"https:\/\/xenonkungen.com\/?s={search_term_string}"},"query-input":{"@type":"PropertyValueSpecification","valueRequired":true,"valueName":"search_term_string"}}],"inLanguage":"fi"}]}},"taxonomy_info":{"product_brand":[{"value":3070,"label":"Glosser"}],"product_cat":[{"value":2988,"label":"1 | Biltv\u00e4tt"},{"value":2621,"label":"Bilschampo"}],"product_tag":[{"value":2915,"label":"bilschampo"},{"value":2914,"label":"glosser"},{"value":2916,"label":"keramiskt"},{"value":2917,"label":"lackskydd"},{"value":2918,"label":"SiO2"}]},"featured_image_src_large":["https:\/\/xenonkungen.com\/wp-content\/uploads\/2026\/03\/125400-Sparkle-500ml-FS1000px.jpg",1000,1000,false],"author_info":[],"comment_info":0,"_links":{"self":[{"href":"https:\/\/xenonkungen.com\/fi\/wp-json\/wp\/v2\/product\/28271","targetHints":{"allow":["GET"]}}],"collection":[{"href":"https:\/\/xenonkungen.com\/fi\/wp-json\/wp\/v2\/product"}],"about":[{"href":"https:\/\/xenonkungen.com\/fi\/wp-json\/wp\/v2\/types\/product"}],"replies":[{"embeddable":true,"href":"https:\/\/xenonkungen.com\/fi\/wp-json\/wp\/v2\/comments?post=28271"}],"wp:featuredmedia":[{"embeddable":true,"href":"https:\/\/xenonkungen.com\/fi\/wp-json\/wp\/v2\/media\/28270"}],"wp:attachment":[{"href":"https:\/\/xenonkungen.com\/fi\/wp-json\/wp\/v2\/media?parent=28271"}],"wp:term":[{"taxonomy":"anvandningsomrade","embeddable":true,"href":"https:\/\/xenonkungen.com\/fi\/wp-json\/wp\/v2\/anvandningsomrade?post=28271"},{"taxonomy":"bilmarken","embeddable":true,"href":"https:\/\/xenonkungen.com\/fi\/wp-json\/wp\/v2\/bilmarken?post=28271"},{"taxonomy":"product_brand","embeddable":true,"href":"https:\/\/xenonkungen.com\/fi\/wp-json\/wp\/v2\/product_brand?post=28271"},{"taxonomy":"product_cat","embeddable":true,"href":"https:\/\/xenonkungen.com\/fi\/wp-json\/wp\/v2\/product_cat?post=28271"},{"taxonomy":"product_tag","embeddable":true,"href":"https:\/\/xenonkungen.com\/fi\/wp-json\/wp\/v2\/product_tag?post=28271"}],"curies":[{"name":"wp","href":"https:\/\/api.w.org\/{rel}","templated":true}]}}