{"id":28278,"date":"2026-03-19T12:14:23","date_gmt":"2026-03-19T11:14:23","guid":{"rendered":"https:\/\/xenonkungen.com\/produkt\/glosser-mighty-extra-stark-kallavfettning-1l\/"},"modified":"2026-04-27T12:20:38","modified_gmt":"2026-04-27T11:20:38","slug":"glosser-mighty-extravahva-kylmarasvanpoistoaine-1l","status":"publish","type":"product","link":"https:\/\/xenonkungen.com\/fi\/tuote\/glosser-mighty-extravahva-kylmarasvanpoistoaine-1l\/","title":{"rendered":"Glosser Mighty \u2013 Eritt\u00e4in vahva kylm\u00e4rasvanpoistoaine, 1L"},"content":{"rendered":"<h3>Eritt\u00e4in tehokas kylm\u00e4rasvanpoisto<\/h3>\n<p>Liuottaa nopeasti ja tehokkaasti asfaltin, tervan, liimaj\u00e4\u00e4m\u00e4t, \u00f6ljyn ja rasvan. Eritt\u00e4in tiivistetty \u2013 riitt\u00e4\u00e4 v\u00e4hint\u00e4\u00e4n viidelle normaalikokoiselle autolle.<\/p>\n<ul>\n<li>\u00d6ljypohjainen kylm\u00e4 rasvanpoisto<\/li>\n<li>Liuottaa asfalttia, tervaa, liimaj\u00e4\u00e4mi\u00e4, \u00f6ljy\u00e4 ja rasvaa<\/li>\n<li>Eritt\u00e4in tiivistetty \u2013 extravahva<\/li>\n<li>V\u00e4lit\u00f6n vaikutus \u2013 jopa kuivuneeseen karkeaan likaan<\/li>\n<li>Poistaa my\u00f6s liimaj\u00e4\u00e4m\u00e4t tarroista ja tasapainotuspainoista<\/li>\n<\/ul>\n<h4>K\u00e4ytt\u00e4\u00e4<\/h4>\n<ol>\n<li>Suihkuta kuivaan autoon alhaalta kahvan tasolle.<\/li>\n<li>Anna vaikuttaa 3\u20135 minuuttia \u2013 tuote ei saa kuivua.<\/li>\n<li>Huuhtele pois painepesurilla.<\/li>\n<\/ol>","protected":false},"excerpt":{"rendered":"<p>\u00d6ljypohjainen kylm\u00e4rasvanpoistoaine, joka liuottaa asfalttia, tervaa ja \u00f6ljy\u00e4. Eritt\u00e4in tiivistetty. 1 l.<\/p>","protected":false},"featured_media":28277,"comment_status":"open","ping_status":"closed","template":"","meta":{"_acf_changed":false,"_smort_price_nok":"","_smort_price_dkk":"","_smort_price_eur":"","_smort_sale_price_nok":"","_smort_sale_price_dkk":"","_smort_sale_price_eur":"","smort_restorder":"","shipmondo_restorder":"","_kad_blocks_custom_css":"","_kad_blocks_head_custom_js":"","_kad_blocks_body_custom_js":"","_kad_blocks_footer_custom_js":"","smort_custom_pricelist_1":"191.36","smort_custom_pricelist_2":"167.44","smort_custom_pricelist_3":"167.44","smort_custom_pricelist_4":"239.2","smort_custom_pricelist_5":"167.44"},"anvandningsomrade":[],"bilmarken":[],"product_brand":[3070],"product_cat":[2989,2919],"product_tag":[2925,2914,2924,2926],"class_list":{"0":"post-28278","1":"product","2":"type-product","3":"status-publish","4":"has-post-thumbnail","6":"product_brand-glosser","7":"product_cat-avfettning","8":"product_cat-fortvatt-avfettning","9":"product_tag-asfalt","10":"product_tag-glosser","11":"product_tag-kallavfettning","12":"product_tag-tjarborttagning","14":"first","15":"instock","16":"sale","17":"taxable","18":"shipping-taxable","19":"purchasable","20":"product-type-simple"},"bundled_by":[],"bundle_stock_status":"instock","bundle_stock_quantity":6,"bundle_virtual":false,"bundle_layout":"","bundle_add_to_cart_form_location":"","bundle_editable_in_cart":false,"bundle_sold_individually_context":"","bundle_item_grouping":"","bundle_min_size":"","bundle_max_size":"","bundle_price":[],"bundled_items":[],"bundle_sell_ids":[],"acf":[],"yoast_head":"<!-- This site is optimized with the Yoast SEO plugin v27.0 - https:\/\/yoast.com\/product\/yoast-seo-wordpress\/ -->\n<title>Glosser Mighty - Extra stark kallavfettning, 1L - Xenonkungen<\/title>\n<meta name=\"robots\" content=\"index, follow, max-snippet:-1, max-image-preview:large, max-video-preview:-1\" \/>\n<link rel=\"canonical\" href=\"https:\/\/xenonkungen.com\/fi\/tuote\/glosser-mighty-extravahva-kylmarasvanpoistoaine-1l\/\" \/>\n<meta property=\"og:locale\" content=\"fi_FI\" \/>\n<meta property=\"og:type\" content=\"article\" \/>\n<meta property=\"og:title\" content=\"Glosser Mighty - Extra stark kallavfettning, 1L - Xenonkungen\" \/>\n<meta property=\"og:description\" content=\"Petroleumbaserad kallavfettning som l\u00f6ser asfalt, tj\u00e4ra och olja. Extremt koncentrerad. 1L.\" \/>\n<meta property=\"og:url\" content=\"https:\/\/xenonkungen.com\/fi\/tuote\/glosser-mighty-extravahva-kylmarasvanpoistoaine-1l\/\" \/>\n<meta property=\"og:site_name\" content=\"Xenonkungen\" \/>\n<meta property=\"article:modified_time\" content=\"2026-04-27T11:20:38+00:00\" \/>\n<meta property=\"og:image\" content=\"https:\/\/xenonkungen.com\/wp-content\/uploads\/2026\/03\/125801-Glosser-Mighty-1000ml-FS1000px.jpg\" \/>\n\t<meta property=\"og:image:width\" content=\"1000\" \/>\n\t<meta property=\"og:image:height\" content=\"1000\" \/>\n\t<meta property=\"og:image:type\" content=\"image\/jpeg\" \/>\n<meta name=\"twitter:card\" content=\"summary_large_image\" \/>\n<meta name=\"twitter:label1\" content=\"Arvioitu lukuaika\" \/>\n\t<meta name=\"twitter:data1\" content=\"1 minuutti\" \/>\n<script type=\"application\/ld+json\" class=\"yoast-schema-graph\">{\"@context\":\"https:\/\/schema.org\",\"@graph\":[{\"@type\":\"WebPage\",\"@id\":\"https:\/\/xenonkungen.com\/produkt\/glosser-mighty-extra-stark-kallavfettning-1l\/\",\"url\":\"https:\/\/xenonkungen.com\/produkt\/glosser-mighty-extra-stark-kallavfettning-1l\/\",\"name\":\"Glosser Mighty - Extra stark kallavfettning, 1L - Xenonkungen\",\"isPartOf\":{\"@id\":\"https:\/\/xenonkungen.com\/#website\"},\"primaryImageOfPage\":{\"@id\":\"https:\/\/xenonkungen.com\/produkt\/glosser-mighty-extra-stark-kallavfettning-1l\/#primaryimage\"},\"image\":{\"@id\":\"https:\/\/xenonkungen.com\/produkt\/glosser-mighty-extra-stark-kallavfettning-1l\/#primaryimage\"},\"thumbnailUrl\":\"https:\/\/xenonkungen.com\/wp-content\/uploads\/2026\/03\/125801-Glosser-Mighty-1000ml-FS1000px.jpg\",\"datePublished\":\"2026-03-19T11:14:23+00:00\",\"dateModified\":\"2026-04-27T11:20:38+00:00\",\"breadcrumb\":{\"@id\":\"https:\/\/xenonkungen.com\/produkt\/glosser-mighty-extra-stark-kallavfettning-1l\/#breadcrumb\"},\"inLanguage\":\"fi\",\"potentialAction\":[{\"@type\":\"ReadAction\",\"target\":[\"https:\/\/xenonkungen.com\/produkt\/glosser-mighty-extra-stark-kallavfettning-1l\/\"]}]},{\"@type\":\"ImageObject\",\"inLanguage\":\"fi\",\"@id\":\"https:\/\/xenonkungen.com\/produkt\/glosser-mighty-extra-stark-kallavfettning-1l\/#primaryimage\",\"url\":\"https:\/\/xenonkungen.com\/wp-content\/uploads\/2026\/03\/125801-Glosser-Mighty-1000ml-FS1000px.jpg\",\"contentUrl\":\"https:\/\/xenonkungen.com\/wp-content\/uploads\/2026\/03\/125801-Glosser-Mighty-1000ml-FS1000px.jpg\",\"width\":1000,\"height\":1000},{\"@type\":\"BreadcrumbList\",\"@id\":\"https:\/\/xenonkungen.com\/produkt\/glosser-mighty-extra-stark-kallavfettning-1l\/#breadcrumb\",\"itemListElement\":[{\"@type\":\"ListItem\",\"position\":1,\"name\":\"Hem\",\"item\":\"https:\/\/xenonkungen.com\/\"},{\"@type\":\"ListItem\",\"position\":2,\"name\":\"Shop\",\"item\":\"https:\/\/xenonkungen.com\/shop\/\"},{\"@type\":\"ListItem\",\"position\":3,\"name\":\"Glosser Mighty &#8211; Extra stark kallavfettning, 1L\"}]},{\"@type\":\"WebSite\",\"@id\":\"https:\/\/xenonkungen.com\/#website\",\"url\":\"https:\/\/xenonkungen.com\/\",\"name\":\"Xenonkungen\",\"description\":\"\",\"potentialAction\":[{\"@type\":\"SearchAction\",\"target\":{\"@type\":\"EntryPoint\",\"urlTemplate\":\"https:\/\/xenonkungen.com\/?s={search_term_string}\"},\"query-input\":{\"@type\":\"PropertyValueSpecification\",\"valueRequired\":true,\"valueName\":\"search_term_string\"}}],\"inLanguage\":\"fi\"}]}<\/script>\n<!-- \/ Yoast SEO plugin. -->","yoast_head_json":{"title":"Glosser Mighty - Eritt\u00e4in vahva kylm\u00e4rasvanpoistoaine, 1L - Xenonkungen","robots":{"index":"index","follow":"follow","max-snippet":"max-snippet:-1","max-image-preview":"max-image-preview:large","max-video-preview":"max-video-preview:-1"},"canonical":"https:\/\/xenonkungen.com\/fi\/tuote\/glosser-mighty-extravahva-kylmarasvanpoistoaine-1l\/","og_locale":"fi_FI","og_type":"article","og_title":"Glosser Mighty - Extra stark kallavfettning, 1L - Xenonkungen","og_description":"Petroleumbaserad kallavfettning som l\u00f6ser asfalt, tj\u00e4ra och olja. Extremt koncentrerad. 1L.","og_url":"https:\/\/xenonkungen.com\/fi\/tuote\/glosser-mighty-extravahva-kylmarasvanpoistoaine-1l\/","og_site_name":"Xenonkungen","article_modified_time":"2026-04-27T11:20:38+00:00","og_image":[{"width":1000,"height":1000,"url":"https:\/\/xenonkungen.com\/wp-content\/uploads\/2026\/03\/125801-Glosser-Mighty-1000ml-FS1000px.jpg","type":"image\/jpeg"}],"twitter_card":"summary_large_image","twitter_misc":{"Arvioitu lukuaika":"1 minuutti"},"schema":{"@context":"https:\/\/schema.org","@graph":[{"@type":"WebPage","@id":"https:\/\/xenonkungen.com\/produkt\/glosser-mighty-extra-stark-kallavfettning-1l\/","url":"https:\/\/xenonkungen.com\/produkt\/glosser-mighty-extra-stark-kallavfettning-1l\/","name":"Glosser Mighty - Eritt\u00e4in vahva kylm\u00e4rasvanpoistoaine, 1L - Xenonkungen","isPartOf":{"@id":"https:\/\/xenonkungen.com\/#website"},"primaryImageOfPage":{"@id":"https:\/\/xenonkungen.com\/produkt\/glosser-mighty-extra-stark-kallavfettning-1l\/#primaryimage"},"image":{"@id":"https:\/\/xenonkungen.com\/produkt\/glosser-mighty-extra-stark-kallavfettning-1l\/#primaryimage"},"thumbnailUrl":"https:\/\/xenonkungen.com\/wp-content\/uploads\/2026\/03\/125801-Glosser-Mighty-1000ml-FS1000px.jpg","datePublished":"2026-03-19T11:14:23+00:00","dateModified":"2026-04-27T11:20:38+00:00","breadcrumb":{"@id":"https:\/\/xenonkungen.com\/produkt\/glosser-mighty-extra-stark-kallavfettning-1l\/#breadcrumb"},"inLanguage":"fi","potentialAction":[{"@type":"ReadAction","target":["https:\/\/xenonkungen.com\/produkt\/glosser-mighty-extra-stark-kallavfettning-1l\/"]}]},{"@type":"ImageObject","inLanguage":"fi","@id":"https:\/\/xenonkungen.com\/produkt\/glosser-mighty-extra-stark-kallavfettning-1l\/#primaryimage","url":"https:\/\/xenonkungen.com\/wp-content\/uploads\/2026\/03\/125801-Glosser-Mighty-1000ml-FS1000px.jpg","contentUrl":"https:\/\/xenonkungen.com\/wp-content\/uploads\/2026\/03\/125801-Glosser-Mighty-1000ml-FS1000px.jpg","width":1000,"height":1000},{"@type":"BreadcrumbList","@id":"https:\/\/xenonkungen.com\/produkt\/glosser-mighty-extra-stark-kallavfettning-1l\/#breadcrumb","itemListElement":[{"@type":"ListItem","position":1,"name":"Hem","item":"https:\/\/xenonkungen.com\/"},{"@type":"ListItem","position":2,"name":"Shop","item":"https:\/\/xenonkungen.com\/shop\/"},{"@type":"ListItem","position":3,"name":"Glosser Mighty &#8211; Extra stark kallavfettning, 1L"}]},{"@type":"WebSite","@id":"https:\/\/xenonkungen.com\/#website","url":"https:\/\/xenonkungen.com\/","name":"Xenonkungen","description":"","potentialAction":[{"@type":"SearchAction","target":{"@type":"EntryPoint","urlTemplate":"https:\/\/xenonkungen.com\/?s={search_term_string}"},"query-input":{"@type":"PropertyValueSpecification","valueRequired":true,"valueName":"search_term_string"}}],"inLanguage":"fi"}]}},"taxonomy_info":{"product_brand":[{"value":3070,"label":"Glosser"}],"product_cat":[{"value":2989,"label":"2 | Avfettning"},{"value":2919,"label":"F\u00f6rtv\u00e4tt &amp; Avfettning"}],"product_tag":[{"value":2925,"label":"asfalt"},{"value":2914,"label":"glosser"},{"value":2924,"label":"kallavfettning"},{"value":2926,"label":"tj\u00e4rborttagning"}]},"featured_image_src_large":["https:\/\/xenonkungen.com\/wp-content\/uploads\/2026\/03\/125801-Glosser-Mighty-1000ml-FS1000px.jpg",1000,1000,false],"author_info":[],"comment_info":0,"_links":{"self":[{"href":"https:\/\/xenonkungen.com\/fi\/wp-json\/wp\/v2\/product\/28278","targetHints":{"allow":["GET"]}}],"collection":[{"href":"https:\/\/xenonkungen.com\/fi\/wp-json\/wp\/v2\/product"}],"about":[{"href":"https:\/\/xenonkungen.com\/fi\/wp-json\/wp\/v2\/types\/product"}],"replies":[{"embeddable":true,"href":"https:\/\/xenonkungen.com\/fi\/wp-json\/wp\/v2\/comments?post=28278"}],"wp:featuredmedia":[{"embeddable":true,"href":"https:\/\/xenonkungen.com\/fi\/wp-json\/wp\/v2\/media\/28277"}],"wp:attachment":[{"href":"https:\/\/xenonkungen.com\/fi\/wp-json\/wp\/v2\/media?parent=28278"}],"wp:term":[{"taxonomy":"anvandningsomrade","embeddable":true,"href":"https:\/\/xenonkungen.com\/fi\/wp-json\/wp\/v2\/anvandningsomrade?post=28278"},{"taxonomy":"bilmarken","embeddable":true,"href":"https:\/\/xenonkungen.com\/fi\/wp-json\/wp\/v2\/bilmarken?post=28278"},{"taxonomy":"product_brand","embeddable":true,"href":"https:\/\/xenonkungen.com\/fi\/wp-json\/wp\/v2\/product_brand?post=28278"},{"taxonomy":"product_cat","embeddable":true,"href":"https:\/\/xenonkungen.com\/fi\/wp-json\/wp\/v2\/product_cat?post=28278"},{"taxonomy":"product_tag","embeddable":true,"href":"https:\/\/xenonkungen.com\/fi\/wp-json\/wp\/v2\/product_tag?post=28278"}],"curies":[{"name":"wp","href":"https:\/\/api.w.org\/{rel}","templated":true}]}}