{"id":28614,"date":"2026-03-27T11:13:57","date_gmt":"2026-03-27T10:13:57","guid":{"rendered":"https:\/\/xenonkungen.com\/?post_type=product&#038;p=28614"},"modified":"2026-04-24T17:16:19","modified_gmt":"2026-04-24T16:16:19","slug":"vihrea-oikeanpuoleinen-valo-12-24-v-oikeanpuoleinen-navigointivalo-valkoinen","status":"publish","type":"product","link":"https:\/\/xenonkungen.com\/fi\/tuote\/vihrea-oikeanpuoleinen-valo-12-24-v-oikeanpuoleinen-navigointivalo-valkoinen\/","title":{"rendered":"Navigointi oikealle vihre\u00e4 | 12\/24V"},"content":{"rendered":"<p data-start=\"407\" data-end=\"681\">Green Starboard Light on luotettava ja kest\u00e4v\u00e4 oikeanpuoleinen navigointivalo, joka on kehitetty varmistamaan optimaalinen n\u00e4kyvyys ja turvallisuus merell\u00e4. Kompaktin muotoilunsa ja tyylikk\u00e4\u00e4n valkoisen rakenteensa ansiosta valo sopii t\u00e4ydellisesti sek\u00e4 huviveneisiin ett\u00e4 kaupallisiin aluksiin.<\/p>\n<p data-start=\"683\" data-end=\"888\">T\u00e4ysin upotettava ja ankariin meriolosuhteisiin suunniteltu valo t\u00e4ytt\u00e4\u00e4 kansainv\u00e4liset merenkulkustandardit ja -m\u00e4\u00e4r\u00e4ykset, joten se on turvallinen valinta navigointivalaistukseen.<\/p>\n<p data-start=\"890\" data-end=\"1032\">Sek\u00e4 12 V:n ett\u00e4 24 V:n j\u00e4rjestelmien tuen ansiosta asennus on yksinkertaista ja joustavaa, ja alhainen virrankulutus varmistaa tehokkaan toiminnan.<\/p>\n<hr data-start=\"1034\" data-end=\"1037\" \/>\n<h2 data-section-id=\"yi995\" data-start=\"1039\" data-end=\"1052\">Ohjelman edut<\/h2>\n<ul data-start=\"1053\" data-end=\"1213\">\n<li data-section-id=\"xebmkw\" data-start=\"1053\" data-end=\"1097\">T\u00e4ytt\u00e4\u00e4 kansainv\u00e4liset toimitusm\u00e4\u00e4r\u00e4ykset<\/li>\n<li data-section-id=\"10crvsu\" data-start=\"1098\" data-end=\"1131\">T\u00e4ysin upotettava rakenne<\/li>\n<li data-section-id=\"72hzee\" data-start=\"1132\" data-end=\"1153\">Tyylik\u00e4s valkoinen talo<\/li>\n<li data-section-id=\"13cm9l6\" data-start=\"1154\" data-end=\"1178\">Alhainen virrankulutus<\/li>\n<li data-section-id=\"qs96so\" data-start=\"1179\" data-end=\"1213\">Sopii sek\u00e4 12 V ett\u00e4 24 V j\u00e4rjestelmiin<\/li>\n<\/ul>\n<h2 data-section-id=\"1ugufuo\" data-start=\"1521\" data-end=\"1553\">Muuta \/ t\u00e4rke\u00e4\u00e4 tietoa<\/h2>\n<ul data-start=\"1554\" data-end=\"1613\">\n<li data-section-id=\"akkv33\" data-start=\"1554\" data-end=\"1571\">5 vuoden takuu<\/li>\n<li data-section-id=\"1fwovrc\" data-start=\"1572\" data-end=\"1613\">Tarkoitettu oikealle puolelle (vihre\u00e4 valo)<\/li>\n<\/ul>","protected":false},"excerpt":{"rendered":"<p>Oikeanpuoleinen navigointivalo vihre\u00e4ll\u00e4 valolla. T\u00e4ysin upotettava, valkoinen kotelo ja yhteensopiva sek\u00e4 12 V:n ett\u00e4 24 V:n j\u00e4rjestelmien kanssa.<\/p>","protected":false},"featured_media":28615,"comment_status":"open","ping_status":"closed","template":"","meta":{"_acf_changed":false,"_smort_price_nok":"","_smort_price_dkk":"","_smort_price_eur":"","_smort_sale_price_nok":"","_smort_sale_price_dkk":"","_smort_sale_price_eur":"","smort_restorder":"","shipmondo_restorder":"","_kad_blocks_custom_css":"","_kad_blocks_head_custom_js":"","_kad_blocks_body_custom_js":"","_kad_blocks_footer_custom_js":"","smort_custom_pricelist_1":"342.4","smort_custom_pricelist_2":"299.6","smort_custom_pricelist_3":"278.2","smort_custom_pricelist_4":"428","smort_custom_pricelist_5":"299.6"},"anvandningsomrade":[1388],"bilmarken":[],"product_brand":[],"product_cat":[16],"product_tag":[],"class_list":{"0":"post-28614","1":"product","2":"type-product","3":"status-publish","4":"has-post-thumbnail","6":"anvandningsomrade-bat","7":"product_cat-uncategorized","8":"pa_storlek-mm-76x52x24","9":"pa_stromforbrukning-012a-138v","10":"pa_stromforbrukning-02a-28v","11":"pa_volt-v-159","12":"pa_volt-v-160","14":"first","15":"instock","16":"taxable","17":"shipping-taxable","18":"purchasable","19":"product-type-simple"},"bundled_by":[],"bundle_stock_status":"instock","bundle_stock_quantity":2,"bundle_virtual":false,"bundle_layout":"","bundle_add_to_cart_form_location":"","bundle_editable_in_cart":false,"bundle_sold_individually_context":"","bundle_item_grouping":"","bundle_min_size":"","bundle_max_size":"","bundle_price":[],"bundled_items":[],"bundle_sell_ids":[],"acf":[],"yoast_head":"<!-- This site is optimized with the Yoast SEO plugin v27.0 - https:\/\/yoast.com\/product\/yoast-seo-wordpress\/ -->\n<title>Navigation Starboard Green | 12\/24V - Xenonkungen<\/title>\n<meta name=\"description\" content=\"Green Starboard Light navigationsljus f\u00f6r styrbord. 12\/24V, fullt neds\u00e4nkbar, vitt hus och godk\u00e4nd enligt internationella sj\u00f6fartsregler.\" \/>\n<meta name=\"robots\" content=\"index, follow, max-snippet:-1, max-image-preview:large, max-video-preview:-1\" \/>\n<link rel=\"canonical\" href=\"https:\/\/xenonkungen.com\/fi\/tuote\/vihrea-oikeanpuoleinen-valo-12-24-v-oikeanpuoleinen-navigointivalo-valkoinen\/\" \/>\n<meta property=\"og:locale\" content=\"fi_FI\" \/>\n<meta property=\"og:type\" content=\"article\" \/>\n<meta property=\"og:title\" content=\"Navigation Starboard Green | 12\/24V - Xenonkungen\" \/>\n<meta property=\"og:description\" content=\"Green Starboard Light navigationsljus f\u00f6r styrbord. 12\/24V, fullt neds\u00e4nkbar, vitt hus och godk\u00e4nd enligt internationella sj\u00f6fartsregler.\" \/>\n<meta property=\"og:url\" content=\"https:\/\/xenonkungen.com\/fi\/tuote\/vihrea-oikeanpuoleinen-valo-12-24-v-oikeanpuoleinen-navigointivalo-valkoinen\/\" \/>\n<meta property=\"og:site_name\" content=\"Xenonkungen\" \/>\n<meta property=\"article:modified_time\" content=\"2026-04-24T16:16:19+00:00\" \/>\n<meta property=\"og:image\" content=\"https:\/\/xenonkungen.com\/wp-content\/uploads\/2026\/03\/52WG-800x800-1.jpg\" \/>\n\t<meta property=\"og:image:width\" content=\"800\" \/>\n\t<meta property=\"og:image:height\" content=\"800\" \/>\n\t<meta property=\"og:image:type\" content=\"image\/jpeg\" \/>\n<meta name=\"twitter:card\" content=\"summary_large_image\" \/>\n<meta name=\"twitter:label1\" content=\"Arvioitu lukuaika\" \/>\n\t<meta name=\"twitter:data1\" content=\"1 minuutti\" \/>\n<script type=\"application\/ld+json\" class=\"yoast-schema-graph\">{\"@context\":\"https:\/\/schema.org\",\"@graph\":[{\"@type\":\"WebPage\",\"@id\":\"https:\/\/xenonkungen.com\/produkt\/green-starboard-light-12-24v-styrbord-navigationsljus-vit\/\",\"url\":\"https:\/\/xenonkungen.com\/produkt\/green-starboard-light-12-24v-styrbord-navigationsljus-vit\/\",\"name\":\"Navigation Starboard Green | 12\/24V - Xenonkungen\",\"isPartOf\":{\"@id\":\"https:\/\/xenonkungen.com\/#website\"},\"primaryImageOfPage\":{\"@id\":\"https:\/\/xenonkungen.com\/produkt\/green-starboard-light-12-24v-styrbord-navigationsljus-vit\/#primaryimage\"},\"image\":{\"@id\":\"https:\/\/xenonkungen.com\/produkt\/green-starboard-light-12-24v-styrbord-navigationsljus-vit\/#primaryimage\"},\"thumbnailUrl\":\"https:\/\/xenonkungen.com\/wp-content\/uploads\/2026\/03\/52WG-800x800-1.jpg\",\"datePublished\":\"2026-03-27T10:13:57+00:00\",\"dateModified\":\"2026-04-24T16:16:19+00:00\",\"description\":\"Green Starboard Light navigationsljus f\u00f6r styrbord. 12\/24V, fullt neds\u00e4nkbar, vitt hus och godk\u00e4nd enligt internationella sj\u00f6fartsregler.\",\"breadcrumb\":{\"@id\":\"https:\/\/xenonkungen.com\/produkt\/green-starboard-light-12-24v-styrbord-navigationsljus-vit\/#breadcrumb\"},\"inLanguage\":\"fi\",\"potentialAction\":[{\"@type\":\"ReadAction\",\"target\":[\"https:\/\/xenonkungen.com\/produkt\/green-starboard-light-12-24v-styrbord-navigationsljus-vit\/\"]}]},{\"@type\":\"ImageObject\",\"inLanguage\":\"fi\",\"@id\":\"https:\/\/xenonkungen.com\/produkt\/green-starboard-light-12-24v-styrbord-navigationsljus-vit\/#primaryimage\",\"url\":\"https:\/\/xenonkungen.com\/wp-content\/uploads\/2026\/03\/52WG-800x800-1.jpg\",\"contentUrl\":\"https:\/\/xenonkungen.com\/wp-content\/uploads\/2026\/03\/52WG-800x800-1.jpg\",\"width\":800,\"height\":800},{\"@type\":\"BreadcrumbList\",\"@id\":\"https:\/\/xenonkungen.com\/produkt\/green-starboard-light-12-24v-styrbord-navigationsljus-vit\/#breadcrumb\",\"itemListElement\":[{\"@type\":\"ListItem\",\"position\":1,\"name\":\"Hem\",\"item\":\"https:\/\/xenonkungen.com\/\"},{\"@type\":\"ListItem\",\"position\":2,\"name\":\"Shop\",\"item\":\"https:\/\/xenonkungen.com\/shop\/\"},{\"@type\":\"ListItem\",\"position\":3,\"name\":\"Navigation Starboard Green | 12\/24V\"}]},{\"@type\":\"WebSite\",\"@id\":\"https:\/\/xenonkungen.com\/#website\",\"url\":\"https:\/\/xenonkungen.com\/\",\"name\":\"Xenonkungen\",\"description\":\"\",\"potentialAction\":[{\"@type\":\"SearchAction\",\"target\":{\"@type\":\"EntryPoint\",\"urlTemplate\":\"https:\/\/xenonkungen.com\/?s={search_term_string}\"},\"query-input\":{\"@type\":\"PropertyValueSpecification\",\"valueRequired\":true,\"valueName\":\"search_term_string\"}}],\"inLanguage\":\"fi\"}]}<\/script>\n<!-- \/ Yoast SEO plugin. -->","yoast_head_json":{"title":"Navigointi oikealle vihre\u00e4 | 12\/24V - Xenon King","description":"Vihre\u00e4 oikeanpuoleinen navigointivalo. 12\/24V, t\u00e4ysin upotettava, valkoinen kotelo ja hyv\u00e4ksytty kansainv\u00e4listen merenkulkum\u00e4\u00e4r\u00e4ysten mukaisesti.","robots":{"index":"index","follow":"follow","max-snippet":"max-snippet:-1","max-image-preview":"max-image-preview:large","max-video-preview":"max-video-preview:-1"},"canonical":"https:\/\/xenonkungen.com\/fi\/tuote\/vihrea-oikeanpuoleinen-valo-12-24-v-oikeanpuoleinen-navigointivalo-valkoinen\/","og_locale":"fi_FI","og_type":"article","og_title":"Navigation Starboard Green | 12\/24V - Xenonkungen","og_description":"Green Starboard Light navigationsljus f\u00f6r styrbord. 12\/24V, fullt neds\u00e4nkbar, vitt hus och godk\u00e4nd enligt internationella sj\u00f6fartsregler.","og_url":"https:\/\/xenonkungen.com\/fi\/tuote\/vihrea-oikeanpuoleinen-valo-12-24-v-oikeanpuoleinen-navigointivalo-valkoinen\/","og_site_name":"Xenonkungen","article_modified_time":"2026-04-24T16:16:19+00:00","og_image":[{"width":800,"height":800,"url":"https:\/\/xenonkungen.com\/wp-content\/uploads\/2026\/03\/52WG-800x800-1.jpg","type":"image\/jpeg"}],"twitter_card":"summary_large_image","twitter_misc":{"Arvioitu lukuaika":"1 minuutti"},"schema":{"@context":"https:\/\/schema.org","@graph":[{"@type":"WebPage","@id":"https:\/\/xenonkungen.com\/produkt\/green-starboard-light-12-24v-styrbord-navigationsljus-vit\/","url":"https:\/\/xenonkungen.com\/produkt\/green-starboard-light-12-24v-styrbord-navigationsljus-vit\/","name":"Navigointi oikealle vihre\u00e4 | 12\/24V - Xenon King","isPartOf":{"@id":"https:\/\/xenonkungen.com\/#website"},"primaryImageOfPage":{"@id":"https:\/\/xenonkungen.com\/produkt\/green-starboard-light-12-24v-styrbord-navigationsljus-vit\/#primaryimage"},"image":{"@id":"https:\/\/xenonkungen.com\/produkt\/green-starboard-light-12-24v-styrbord-navigationsljus-vit\/#primaryimage"},"thumbnailUrl":"https:\/\/xenonkungen.com\/wp-content\/uploads\/2026\/03\/52WG-800x800-1.jpg","datePublished":"2026-03-27T10:13:57+00:00","dateModified":"2026-04-24T16:16:19+00:00","description":"Vihre\u00e4 oikeanpuoleinen navigointivalo. 12\/24V, t\u00e4ysin upotettava, valkoinen kotelo ja hyv\u00e4ksytty kansainv\u00e4listen merenkulkum\u00e4\u00e4r\u00e4ysten mukaisesti.","breadcrumb":{"@id":"https:\/\/xenonkungen.com\/produkt\/green-starboard-light-12-24v-styrbord-navigationsljus-vit\/#breadcrumb"},"inLanguage":"fi","potentialAction":[{"@type":"ReadAction","target":["https:\/\/xenonkungen.com\/produkt\/green-starboard-light-12-24v-styrbord-navigationsljus-vit\/"]}]},{"@type":"ImageObject","inLanguage":"fi","@id":"https:\/\/xenonkungen.com\/produkt\/green-starboard-light-12-24v-styrbord-navigationsljus-vit\/#primaryimage","url":"https:\/\/xenonkungen.com\/wp-content\/uploads\/2026\/03\/52WG-800x800-1.jpg","contentUrl":"https:\/\/xenonkungen.com\/wp-content\/uploads\/2026\/03\/52WG-800x800-1.jpg","width":800,"height":800},{"@type":"BreadcrumbList","@id":"https:\/\/xenonkungen.com\/produkt\/green-starboard-light-12-24v-styrbord-navigationsljus-vit\/#breadcrumb","itemListElement":[{"@type":"ListItem","position":1,"name":"Hem","item":"https:\/\/xenonkungen.com\/"},{"@type":"ListItem","position":2,"name":"Shop","item":"https:\/\/xenonkungen.com\/shop\/"},{"@type":"ListItem","position":3,"name":"Navigation Starboard Green | 12\/24V"}]},{"@type":"WebSite","@id":"https:\/\/xenonkungen.com\/#website","url":"https:\/\/xenonkungen.com\/","name":"Xenonkungen","description":"","potentialAction":[{"@type":"SearchAction","target":{"@type":"EntryPoint","urlTemplate":"https:\/\/xenonkungen.com\/?s={search_term_string}"},"query-input":{"@type":"PropertyValueSpecification","valueRequired":true,"valueName":"search_term_string"}}],"inLanguage":"fi"}]}},"taxonomy_info":{"anvandningsomrade":[{"value":1388,"label":"B\u00e5t"}],"product_cat":[{"value":16,"label":"Uncategorized"}],"pa_storlek-mm":[{"value":3019,"label":"76x52x24"}],"pa_stromforbrukning":[{"value":1875,"label":"0,12A @13,8V"},{"value":1853,"label":"0,2A @28V"}],"pa_volt-v":[{"value":159,"label":"12"},{"value":160,"label":"24"}]},"featured_image_src_large":["https:\/\/xenonkungen.com\/wp-content\/uploads\/2026\/03\/52WG-800x800-1.jpg",800,800,false],"author_info":[],"comment_info":0,"_links":{"self":[{"href":"https:\/\/xenonkungen.com\/fi\/wp-json\/wp\/v2\/product\/28614","targetHints":{"allow":["GET"]}}],"collection":[{"href":"https:\/\/xenonkungen.com\/fi\/wp-json\/wp\/v2\/product"}],"about":[{"href":"https:\/\/xenonkungen.com\/fi\/wp-json\/wp\/v2\/types\/product"}],"replies":[{"embeddable":true,"href":"https:\/\/xenonkungen.com\/fi\/wp-json\/wp\/v2\/comments?post=28614"}],"wp:featuredmedia":[{"embeddable":true,"href":"https:\/\/xenonkungen.com\/fi\/wp-json\/wp\/v2\/media\/28615"}],"wp:attachment":[{"href":"https:\/\/xenonkungen.com\/fi\/wp-json\/wp\/v2\/media?parent=28614"}],"wp:term":[{"taxonomy":"anvandningsomrade","embeddable":true,"href":"https:\/\/xenonkungen.com\/fi\/wp-json\/wp\/v2\/anvandningsomrade?post=28614"},{"taxonomy":"bilmarken","embeddable":true,"href":"https:\/\/xenonkungen.com\/fi\/wp-json\/wp\/v2\/bilmarken?post=28614"},{"taxonomy":"product_brand","embeddable":true,"href":"https:\/\/xenonkungen.com\/fi\/wp-json\/wp\/v2\/product_brand?post=28614"},{"taxonomy":"product_cat","embeddable":true,"href":"https:\/\/xenonkungen.com\/fi\/wp-json\/wp\/v2\/product_cat?post=28614"},{"taxonomy":"product_tag","embeddable":true,"href":"https:\/\/xenonkungen.com\/fi\/wp-json\/wp\/v2\/product_tag?post=28614"}],"curies":[{"name":"wp","href":"https:\/\/api.w.org\/{rel}","templated":true}]}}