{"id":28651,"date":"2026-03-27T14:44:12","date_gmt":"2026-03-27T13:44:12","guid":{"rendered":"https:\/\/xenonkungen.com\/?post_type=product&#038;p=28651"},"modified":"2026-04-24T16:50:29","modified_gmt":"2026-04-24T15:50:29","slug":"asennussarja-fiat-ducato-2024-triple-r-750-elite-led-ramppi","status":"publish","type":"product","link":"https:\/\/xenonkungen.com\/fi\/tuote\/asennussarja-fiat-ducato-2024-triple-r-750-elite-led-ramppi\/","title":{"rendered":"Lazer LED-ramppisarja Ducato24+ ProaceMax23+ \u2013 TripleR750 Elite"},"content":{"rendered":"<p data-start=\"417\" data-end=\"697\">P\u00e4ivit\u00e4 Fiat Ducato (2024+) -autosi ulkon\u00e4k\u00f6\u00e4 ja valaistustehoa t\u00e4ll\u00e4 mittatilausty\u00f6n\u00e4 valmistetulla asennussarjalla. Suunniteltu tarjoamaan tyylik\u00e4s ja tehdasasenteinen alkuper\u00e4isen auton ilme sek\u00e4 tehokas, tieliikennekelpoinen valaistus \u2013 t\u00e4ydellinen niille, jotka ajavat paljon pime\u00e4ss\u00e4.<\/p>\n<p data-start=\"699\" data-end=\"1018\">Sarja sis\u00e4lt\u00e4\u00e4 parin Lazerin tehokkaita Triple-R 750 Elite LED -lis\u00e4valoja, joissa on edistynyt optiikka ja vaikuttava jopa 517 metrin kantama yhden luksin valoteholla. Valoissa on sek\u00e4 seisontavalot ett\u00e4 integroidut h\u00e4t\u00e4vilkut, ja lis\u00e4ksi niiss\u00e4 on \u00e4lykk\u00e4it\u00e4 ominaisuuksia, kuten vilkku ja himmennys, jotta ne mukautuvat optimaalisesti vastaantulevaan liikenteeseen.<\/p>\n<p data-start=\"1020\" data-end=\"1330\">Mukana toimitettavat kiinnikkeet on suunniteltu tarkasti sopimaan saumattomasti ajoneuvon alkuper\u00e4iseen etus\u00e4leikk\u00f6\u00f6n. Valmistettu UV-suojatusta ja eritt\u00e4in lujasta komposiittimateriaalista, mik\u00e4 takaa pitk\u00e4ik\u00e4isyyden my\u00f6s ankarissa s\u00e4\u00e4olosuhteissa. Asennus on helppoa ja turvallista mukana toimitetun johtosarjan ja varkaudenestoruuvien ansiosta.<\/p>\n<p data-start=\"1332\" data-end=\"1593\">Huomaa, ett\u00e4 ajoneuvossa on samanlainen etus\u00e4leikk\u00f6 useiden mallien kanssa, mik\u00e4 tarkoittaa, ett\u00e4 pakkauksessa saattaa olla eri ajoneuvon nimi tai kuva. Sarja on yhteensopiva useiden mallien kanssa, mukaan lukien Fiat Ducato, Toyota Proace Max, Opel Movano, Citro\u00ebn Relay ja Peugeot Boxer.<\/p>\n<hr data-start=\"1595\" data-end=\"1598\" \/>\n<h2 data-section-id=\"yi995\" data-start=\"1600\" data-end=\"1613\">Ohjelman edut<\/h2>\n<ul data-start=\"1614\" data-end=\"1941\">\n<li data-section-id=\"b4ts8m\" data-start=\"1614\" data-end=\"1669\">Alkuper\u00e4ismallin inspiroima ulkon\u00e4k\u00f6 \u2013 integroituu alkuper\u00e4iseen etus\u00e4leikk\u00f6\u00f6n<\/li>\n<li data-section-id=\"1ggfbtl\" data-start=\"1670\" data-end=\"1720\">T\u00e4ydellinen sarja lis\u00e4valoilla, kiinnikkeill\u00e4 ja johdotuksella<\/li>\n<li data-section-id=\"16wtbaz\" data-start=\"1721\" data-end=\"1761\">Jopa 517 metrin kantama (1 luksia)<\/li>\n<li data-section-id=\"66tr3\" data-start=\"1762\" data-end=\"1807\">Seisontavalo ja integroitu varoitusvalo<\/li>\n<li data-section-id=\"5u2a9l\" data-start=\"1808\" data-end=\"1857\">\u00c4lyk\u00e4s valaistuksen ohjaus salaman himmennykseksi<\/li>\n<li data-section-id=\"6xt4ym\" data-start=\"1858\" data-end=\"1899\">Kest\u00e4v\u00e4t ja s\u00e4\u00e4nkest\u00e4v\u00e4t kiinnikkeet<\/li>\n<li data-section-id=\"1uijbsj\" data-start=\"1900\" data-end=\"1941\">Varkaudenestoruuvit lis\u00e4\u00e4v\u00e4t turvallisuutta<\/li>\n<\/ul>\n<h2 data-section-id=\"1ugufuo\" data-start=\"2241\" data-end=\"2273\">Muuta \/ t\u00e4rke\u00e4\u00e4 tietoa<\/h2>\n<ul data-start=\"2274\" data-end=\"2539\">\n<li data-section-id=\"118svqc\" data-start=\"2274\" data-end=\"2346\">Sopii Fiat Ducatoon (2024+) ja useisiin malleihin, joissa on sama maskimuotoilu<\/li>\n<li data-section-id=\"puuw28\" data-start=\"2347\" data-end=\"2400\">Pakkauksessa voi olla eri ajoneuvon nimi tai kuva<\/li>\n<li data-section-id=\"3ahlk4\" data-start=\"2401\" data-end=\"2450\">Optimoitu vain Lazer Triple-R 750 Elitelle<\/li>\n<li data-section-id=\"15yp1uz\" data-start=\"2451\" data-end=\"2539\">LED\/ksenon-ajovaloille saatetaan tarvita CAN-liit\u00e4nt\u00e4 (suositus: CANNY-liit\u00e4nt\u00e4)<\/li>\n<\/ul>","protected":false},"excerpt":{"rendered":"<p>T\u00e4ydellinen asennussarja Fiat Ducato 2024+ -malliin, jossa on Triple-R 750 Elite -moottori. Alkuper\u00e4ismalli, tehokas toimintas\u00e4de sek\u00e4 integroidut seisonta- ja varoitusvalot.<\/p>","protected":false},"featured_media":28656,"comment_status":"open","ping_status":"closed","template":"","meta":{"_acf_changed":false,"_smort_price_nok":"","_smort_price_dkk":"","_smort_price_eur":"","_smort_sale_price_nok":"","_smort_sale_price_dkk":"","_smort_sale_price_eur":"","smort_restorder":"","shipmondo_restorder":"","_kad_blocks_custom_css":"","_kad_blocks_head_custom_js":"","_kad_blocks_body_custom_js":"","_kad_blocks_footer_custom_js":"","smort_custom_pricelist_1":"7360","smort_custom_pricelist_2":"7360","smort_custom_pricelist_3":"7360","smort_custom_pricelist_4":"9200","smort_custom_pricelist_5":"7360"},"anvandningsomrade":[],"bilmarken":[],"product_brand":[1124,98],"product_cat":[2539,2610,18,1916],"product_tag":[],"class_list":{"0":"post-28651","1":"product","2":"type-product","3":"status-publish","4":"has-post-thumbnail","6":"product_brand-lazer","7":"product_brand-lazer-lamps","8":"product_cat-ledramper","9":"product_cat-modellanpassade","10":"product_cat-led-ramper-ljusramper","11":"product_cat-ledrampspaket","12":"pa_fargtemperatur-5000k","13":"pa_fuktskydd-varde-ipxx-ip67","14":"pa_lampsockel-kontakt-superseal","15":"pa_storlek-mm-230x73x105","16":"pa_volt-v-10-32","18":"first","19":"onbackorder","20":"taxable","21":"shipping-taxable","22":"purchasable","23":"product-type-simple"},"bundled_by":[],"bundle_stock_status":"onbackorder","bundle_stock_quantity":0,"bundle_virtual":false,"bundle_layout":"","bundle_add_to_cart_form_location":"","bundle_editable_in_cart":false,"bundle_sold_individually_context":"","bundle_item_grouping":"","bundle_min_size":"","bundle_max_size":"","bundle_price":[],"bundled_items":[],"bundle_sell_ids":[],"acf":[],"yoast_head":"<!-- This site is optimized with the Yoast SEO plugin v27.0 - https:\/\/yoast.com\/product\/yoast-seo-wordpress\/ -->\n<title>Lazer ledrampskit Ducato24+ ProaceMax23+ - TripleR750 Elite - Xenonkungen<\/title>\n<meta name=\"description\" content=\"Monteringskit f\u00f6r Fiat Ducato 2024+ med Triple-R 750 Elite. OE-look, 517 m r\u00e4ckvidd, positionsljus, varningsljus och enkel montering.\" \/>\n<meta name=\"robots\" content=\"index, follow, max-snippet:-1, max-image-preview:large, max-video-preview:-1\" \/>\n<link rel=\"canonical\" href=\"https:\/\/xenonkungen.com\/fi\/tuote\/asennussarja-fiat-ducato-2024-triple-r-750-elite-led-ramppi\/\" \/>\n<meta property=\"og:locale\" content=\"fi_FI\" \/>\n<meta property=\"og:type\" content=\"article\" \/>\n<meta property=\"og:title\" content=\"Lazer ledrampskit Ducato24+ ProaceMax23+ - TripleR750 Elite - Xenonkungen\" \/>\n<meta property=\"og:description\" content=\"Monteringskit f\u00f6r Fiat Ducato 2024+ med Triple-R 750 Elite. OE-look, 517 m r\u00e4ckvidd, positionsljus, varningsljus och enkel montering.\" \/>\n<meta property=\"og:url\" content=\"https:\/\/xenonkungen.com\/fi\/tuote\/asennussarja-fiat-ducato-2024-triple-r-750-elite-led-ramppi\/\" \/>\n<meta property=\"og:site_name\" content=\"Xenonkungen\" \/>\n<meta property=\"article:modified_time\" content=\"2026-04-24T15:50:29+00:00\" \/>\n<meta property=\"og:image\" content=\"https:\/\/xenonkungen.com\/wp-content\/uploads\/2026\/03\/159727_itemmage_mainfront.webp\" \/>\n\t<meta property=\"og:image:width\" content=\"2048\" \/>\n\t<meta property=\"og:image:height\" content=\"1536\" \/>\n\t<meta property=\"og:image:type\" content=\"image\/webp\" \/>\n<meta name=\"twitter:card\" content=\"summary_large_image\" \/>\n<meta name=\"twitter:label1\" content=\"Arvioitu lukuaika\" \/>\n\t<meta name=\"twitter:data1\" content=\"2 minuuttia\" \/>\n<script type=\"application\/ld+json\" class=\"yoast-schema-graph\">{\"@context\":\"https:\/\/schema.org\",\"@graph\":[{\"@type\":\"WebPage\",\"@id\":\"https:\/\/xenonkungen.com\/produkt\/monteringskit-fiat-ducato-2024-triple-r-750-elite-ledramp\/\",\"url\":\"https:\/\/xenonkungen.com\/produkt\/monteringskit-fiat-ducato-2024-triple-r-750-elite-ledramp\/\",\"name\":\"Lazer ledrampskit Ducato24+ ProaceMax23+ - TripleR750 Elite - Xenonkungen\",\"isPartOf\":{\"@id\":\"https:\/\/xenonkungen.com\/#website\"},\"primaryImageOfPage\":{\"@id\":\"https:\/\/xenonkungen.com\/produkt\/monteringskit-fiat-ducato-2024-triple-r-750-elite-ledramp\/#primaryimage\"},\"image\":{\"@id\":\"https:\/\/xenonkungen.com\/produkt\/monteringskit-fiat-ducato-2024-triple-r-750-elite-ledramp\/#primaryimage\"},\"thumbnailUrl\":\"https:\/\/xenonkungen.com\/wp-content\/uploads\/2026\/03\/159727_itemmage_mainfront.webp\",\"datePublished\":\"2026-03-27T13:44:12+00:00\",\"dateModified\":\"2026-04-24T15:50:29+00:00\",\"description\":\"Monteringskit f\u00f6r Fiat Ducato 2024+ med Triple-R 750 Elite. OE-look, 517 m r\u00e4ckvidd, positionsljus, varningsljus och enkel montering.\",\"breadcrumb\":{\"@id\":\"https:\/\/xenonkungen.com\/produkt\/monteringskit-fiat-ducato-2024-triple-r-750-elite-ledramp\/#breadcrumb\"},\"inLanguage\":\"fi\",\"potentialAction\":[{\"@type\":\"ReadAction\",\"target\":[\"https:\/\/xenonkungen.com\/produkt\/monteringskit-fiat-ducato-2024-triple-r-750-elite-ledramp\/\"]}]},{\"@type\":\"ImageObject\",\"inLanguage\":\"fi\",\"@id\":\"https:\/\/xenonkungen.com\/produkt\/monteringskit-fiat-ducato-2024-triple-r-750-elite-ledramp\/#primaryimage\",\"url\":\"https:\/\/xenonkungen.com\/wp-content\/uploads\/2026\/03\/159727_itemmage_mainfront.webp\",\"contentUrl\":\"https:\/\/xenonkungen.com\/wp-content\/uploads\/2026\/03\/159727_itemmage_mainfront.webp\",\"width\":2048,\"height\":1536},{\"@type\":\"BreadcrumbList\",\"@id\":\"https:\/\/xenonkungen.com\/produkt\/monteringskit-fiat-ducato-2024-triple-r-750-elite-ledramp\/#breadcrumb\",\"itemListElement\":[{\"@type\":\"ListItem\",\"position\":1,\"name\":\"Hem\",\"item\":\"https:\/\/xenonkungen.com\/\"},{\"@type\":\"ListItem\",\"position\":2,\"name\":\"Shop\",\"item\":\"https:\/\/xenonkungen.com\/shop\/\"},{\"@type\":\"ListItem\",\"position\":3,\"name\":\"Lazer ledrampskit Ducato24+ ProaceMax23+ &#8211; TripleR750 Elite\"}]},{\"@type\":\"WebSite\",\"@id\":\"https:\/\/xenonkungen.com\/#website\",\"url\":\"https:\/\/xenonkungen.com\/\",\"name\":\"Xenonkungen\",\"description\":\"\",\"potentialAction\":[{\"@type\":\"SearchAction\",\"target\":{\"@type\":\"EntryPoint\",\"urlTemplate\":\"https:\/\/xenonkungen.com\/?s={search_term_string}\"},\"query-input\":{\"@type\":\"PropertyValueSpecification\",\"valueRequired\":true,\"valueName\":\"search_term_string\"}}],\"inLanguage\":\"fi\"}]}<\/script>\n<!-- \/ Yoast SEO plugin. -->","yoast_head_json":{"title":"Lazer LED-ramppisarja Ducato24+ ProaceMax23+ - TripleR750 Elite - Xenon King","description":"Asennussarja Fiat Ducato 2024+ -malliin, jossa on Triple-R 750 Elite -j\u00e4rjestelm\u00e4. Alkuper\u00e4ismallin ilme, 517 metrin kantama, seisontavalo, h\u00e4t\u00e4vilkku ja helppo asennus.","robots":{"index":"index","follow":"follow","max-snippet":"max-snippet:-1","max-image-preview":"max-image-preview:large","max-video-preview":"max-video-preview:-1"},"canonical":"https:\/\/xenonkungen.com\/fi\/tuote\/asennussarja-fiat-ducato-2024-triple-r-750-elite-led-ramppi\/","og_locale":"fi_FI","og_type":"article","og_title":"Lazer ledrampskit Ducato24+ ProaceMax23+ - TripleR750 Elite - Xenonkungen","og_description":"Monteringskit f\u00f6r Fiat Ducato 2024+ med Triple-R 750 Elite. OE-look, 517 m r\u00e4ckvidd, positionsljus, varningsljus och enkel montering.","og_url":"https:\/\/xenonkungen.com\/fi\/tuote\/asennussarja-fiat-ducato-2024-triple-r-750-elite-led-ramppi\/","og_site_name":"Xenonkungen","article_modified_time":"2026-04-24T15:50:29+00:00","og_image":[{"width":2048,"height":1536,"url":"https:\/\/xenonkungen.com\/wp-content\/uploads\/2026\/03\/159727_itemmage_mainfront.webp","type":"image\/webp"}],"twitter_card":"summary_large_image","twitter_misc":{"Arvioitu lukuaika":"2 minuuttia"},"schema":{"@context":"https:\/\/schema.org","@graph":[{"@type":"WebPage","@id":"https:\/\/xenonkungen.com\/produkt\/monteringskit-fiat-ducato-2024-triple-r-750-elite-ledramp\/","url":"https:\/\/xenonkungen.com\/produkt\/monteringskit-fiat-ducato-2024-triple-r-750-elite-ledramp\/","name":"Lazer LED-ramppisarja Ducato24+ ProaceMax23+ - TripleR750 Elite - Xenon King","isPartOf":{"@id":"https:\/\/xenonkungen.com\/#website"},"primaryImageOfPage":{"@id":"https:\/\/xenonkungen.com\/produkt\/monteringskit-fiat-ducato-2024-triple-r-750-elite-ledramp\/#primaryimage"},"image":{"@id":"https:\/\/xenonkungen.com\/produkt\/monteringskit-fiat-ducato-2024-triple-r-750-elite-ledramp\/#primaryimage"},"thumbnailUrl":"https:\/\/xenonkungen.com\/wp-content\/uploads\/2026\/03\/159727_itemmage_mainfront.webp","datePublished":"2026-03-27T13:44:12+00:00","dateModified":"2026-04-24T15:50:29+00:00","description":"Asennussarja Fiat Ducato 2024+ -malliin, jossa on Triple-R 750 Elite -j\u00e4rjestelm\u00e4. Alkuper\u00e4ismallin ilme, 517 metrin kantama, seisontavalo, h\u00e4t\u00e4vilkku ja helppo asennus.","breadcrumb":{"@id":"https:\/\/xenonkungen.com\/produkt\/monteringskit-fiat-ducato-2024-triple-r-750-elite-ledramp\/#breadcrumb"},"inLanguage":"fi","potentialAction":[{"@type":"ReadAction","target":["https:\/\/xenonkungen.com\/produkt\/monteringskit-fiat-ducato-2024-triple-r-750-elite-ledramp\/"]}]},{"@type":"ImageObject","inLanguage":"fi","@id":"https:\/\/xenonkungen.com\/produkt\/monteringskit-fiat-ducato-2024-triple-r-750-elite-ledramp\/#primaryimage","url":"https:\/\/xenonkungen.com\/wp-content\/uploads\/2026\/03\/159727_itemmage_mainfront.webp","contentUrl":"https:\/\/xenonkungen.com\/wp-content\/uploads\/2026\/03\/159727_itemmage_mainfront.webp","width":2048,"height":1536},{"@type":"BreadcrumbList","@id":"https:\/\/xenonkungen.com\/produkt\/monteringskit-fiat-ducato-2024-triple-r-750-elite-ledramp\/#breadcrumb","itemListElement":[{"@type":"ListItem","position":1,"name":"Hem","item":"https:\/\/xenonkungen.com\/"},{"@type":"ListItem","position":2,"name":"Shop","item":"https:\/\/xenonkungen.com\/shop\/"},{"@type":"ListItem","position":3,"name":"Lazer ledrampskit Ducato24+ ProaceMax23+ &#8211; TripleR750 Elite"}]},{"@type":"WebSite","@id":"https:\/\/xenonkungen.com\/#website","url":"https:\/\/xenonkungen.com\/","name":"Xenonkungen","description":"","potentialAction":[{"@type":"SearchAction","target":{"@type":"EntryPoint","urlTemplate":"https:\/\/xenonkungen.com\/?s={search_term_string}"},"query-input":{"@type":"PropertyValueSpecification","valueRequired":true,"valueName":"search_term_string"}}],"inLanguage":"fi"}]}},"taxonomy_info":{"product_brand":[{"value":1124,"label":"Lazer"},{"value":98,"label":"Lazer Lamps"}],"product_cat":[{"value":2539,"label":"LEDRAMPER"},{"value":2610,"label":"Modellanpassade"},{"value":18,"label":"LED Ramper \/ Ljusramper"},{"value":1916,"label":"Ledrampspaket"}],"pa_fargtemperatur":[{"value":154,"label":"5000K"}],"pa_fuktskydd-varde-ipxx":[{"value":333,"label":"IP67"}],"pa_lampsockel-kontakt":[{"value":1122,"label":"Superseal"}],"pa_storlek-mm":[{"value":1125,"label":"230x73x105"}],"pa_volt-v":[{"value":3022,"label":"10-32"}]},"featured_image_src_large":["https:\/\/xenonkungen.com\/wp-content\/uploads\/2026\/03\/159727_itemmage_mainfront-1024x768.webp",1024,768,true],"author_info":[],"comment_info":0,"_links":{"self":[{"href":"https:\/\/xenonkungen.com\/fi\/wp-json\/wp\/v2\/product\/28651","targetHints":{"allow":["GET"]}}],"collection":[{"href":"https:\/\/xenonkungen.com\/fi\/wp-json\/wp\/v2\/product"}],"about":[{"href":"https:\/\/xenonkungen.com\/fi\/wp-json\/wp\/v2\/types\/product"}],"replies":[{"embeddable":true,"href":"https:\/\/xenonkungen.com\/fi\/wp-json\/wp\/v2\/comments?post=28651"}],"wp:featuredmedia":[{"embeddable":true,"href":"https:\/\/xenonkungen.com\/fi\/wp-json\/wp\/v2\/media\/28656"}],"wp:attachment":[{"href":"https:\/\/xenonkungen.com\/fi\/wp-json\/wp\/v2\/media?parent=28651"}],"wp:term":[{"taxonomy":"anvandningsomrade","embeddable":true,"href":"https:\/\/xenonkungen.com\/fi\/wp-json\/wp\/v2\/anvandningsomrade?post=28651"},{"taxonomy":"bilmarken","embeddable":true,"href":"https:\/\/xenonkungen.com\/fi\/wp-json\/wp\/v2\/bilmarken?post=28651"},{"taxonomy":"product_brand","embeddable":true,"href":"https:\/\/xenonkungen.com\/fi\/wp-json\/wp\/v2\/product_brand?post=28651"},{"taxonomy":"product_cat","embeddable":true,"href":"https:\/\/xenonkungen.com\/fi\/wp-json\/wp\/v2\/product_cat?post=28651"},{"taxonomy":"product_tag","embeddable":true,"href":"https:\/\/xenonkungen.com\/fi\/wp-json\/wp\/v2\/product_tag?post=28651"}],"curies":[{"name":"wp","href":"https:\/\/api.w.org\/{rel}","templated":true}]}}