{"id":2866,"date":"2025-04-15T08:44:54","date_gmt":"2025-04-15T08:44:54","guid":{"rendered":"https:\/\/xenonkungen.com\/product\/briodlights-statum-extraljus-9-218mm\/"},"modified":"2026-04-24T16:48:53","modified_gmt":"2026-04-24T15:48:53","slug":"briodlights-statum-lisavalo-9-218mm","status":"publish","type":"product","link":"https:\/\/xenonkungen.com\/fi\/tuote\/briodlights-statum-lisavalo-9-218mm\/","title":{"rendered":"BriodLights Statum Extra Light 9\u2033\/218mm"},"content":{"rendered":"<h1>BriodLights Statum Extra Light 9\u2033<\/h1>\n<p>BriodLights Statum -lis\u00e4valo 9\u2033 yhdist\u00e4\u00e4 tyylikk\u00e4\u00e4n ja puhtaan muotoilun tehokkaaseen valaistukseen. Yhdistelm\u00e4valokuvionsa ansiosta t\u00e4m\u00e4 lamppu sopii t\u00e4ydellisesti vaihtelevaan ajoon ja tarjoaa laajan ja yksityiskohtaisen valokuvion parhaan mahdollisen n\u00e4k\u00f6kent\u00e4n takaamiseksi.<\/p>\n<h2>Asemavalo kahdella vaihtoehdolla<\/h2>\n<p>T\u00e4ss\u00e4 Statum-valaisimessa on p\u00e4\u00e4valon lis\u00e4ksi nelj\u00e4 LED-asemavaloa. K\u00e4ytt\u00e4j\u00e4 voi valita kelta-oranssin tai ksenonvalkoisen valon v\u00e4rin omien mieltymystens\u00e4 tai olosuhteiden mukaan.<\/p>\n<h2>Vankka ja kest\u00e4v\u00e4<\/h2>\n<p>Statum 9\u2033 lis\u00e4valo on valmistettu kest\u00e4v\u00e4st\u00e4 alumiinikotelosta ja suojaavasta polykarbonaattilinssist\u00e4. T\u00e4m\u00e4 kest\u00e4\u00e4 vaativia olosuhteita ja varmistaa, ett\u00e4 valo jatkaa kirkkaana loistamista my\u00f6s vaikeissa olosuhteissa.<\/p>\n<h2>Tekninen innovaatio<\/h2>\n<p>BriodLights Statum 9\u2033 tarjoaa useita teknisi\u00e4 ominaisuuksia, jotka parantavat k\u00e4ytett\u00e4vyytt\u00e4 ja suorituskyky\u00e4. IP68\/IP69K-luokituksen sek\u00e4 ECE R112-, R10- ja R7-sertifikaattien ansiosta t\u00e4m\u00e4 on valonl\u00e4hde, johon voit luottaa. Lis\u00e4ksi siin\u00e4 on automaattinen paineentasaus, joka auttaa suojaamaan paineenmuutoksilta ja mahdollisilta vaurioilta, sek\u00e4 t\u00e4ydellinen sis\u00e4inen heijastus, joka minimoi valon hukkakulun.<\/p>\n<h2>Elektroninen l\u00e4mm\u00f6nhallinta<\/h2>\n<p>Edistyksellisen elektronisen l\u00e4mm\u00f6nhallinnan ansiosta t\u00e4m\u00e4 lamppu suojaa sis\u00e4isi\u00e4 komponenttejaan ja pident\u00e4\u00e4 sen k\u00e4ytt\u00f6ik\u00e4\u00e4 s\u00e4\u00e4telem\u00e4ll\u00e4 tehokkaasti l\u00e4mm\u00f6ntuottoa.<\/p>\n<h2>S\u00e4\u00e4dett\u00e4v\u00e4 kiinnike ja EMC-turvallinen<\/h2>\n<p>Statum 9\u2033 -valaisimessa on s\u00e4\u00e4dett\u00e4v\u00e4 kiinnike helppoa asennusta ja optimaalista valaistuskulmaa varten. Se on my\u00f6s EMC-yhteensopiva, eli se ei aiheuta s\u00e4hk\u00f6magneettisia h\u00e4iri\u00f6it\u00e4.<\/p>","protected":false},"excerpt":{"rendered":"<p>BriodLights Statum Extraljus 9&#8243; BriodLights Statum extraljus 9&#8243; kombinerar en snygg, ren design med h\u00f6gpresterande belysning. Med sin combo-ljusbild \u00e4r denna lampa perfekt f\u00f6r varierad k\u00f6rning, och erbjuder en bred och detaljerad ljusbild f\u00f6r b\u00e4sta m\u00f6jliga synf\u00e4lt. Positionsljus med Tv\u00e5 Alternativ Ut\u00f6ver sitt prim\u00e4ra ljus, har denna Statum-lampa ocks\u00e5 fyra LED-positionsljus. Anv\u00e4ndarna kan v\u00e4lja mellan [&hellip;]<\/p>","protected":false},"featured_media":2867,"comment_status":"closed","ping_status":"open","template":"","meta":{"_acf_changed":false,"_smort_price_nok":"2985","_smort_price_dkk":"1897","_smort_price_eur":"254.08","_smort_sale_price_nok":"","_smort_sale_price_dkk":"","_smort_sale_price_eur":"","smort_restorder":"","shipmondo_restorder":"","_kad_blocks_custom_css":"","_kad_blocks_head_custom_js":"","_kad_blocks_body_custom_js":"","_kad_blocks_footer_custom_js":"","smort_custom_pricelist_1":"1820.8","smort_custom_pricelist_2":"1820.8","smort_custom_pricelist_3":"1820.8","smort_custom_pricelist_4":"2276","smort_custom_pricelist_5":"1820.8"},"anvandningsomrade":[],"bilmarken":[],"product_brand":[92],"product_cat":[2839,142],"product_tag":[2788],"class_list":{"0":"post-2866","1":"product","2":"type-product","3":"status-publish","4":"has-post-thumbnail","6":"product_brand-briodlights","7":"product_cat-extraljus-9","8":"product_cat-extraljus","9":"product_tag-black-week-exclude","10":"pa_fargtemperatur-5700k","11":"pa_fuktskydd-varde-ipxx-ip69","12":"pa_godkannande-emc-ece-r112-r10-r7","13":"pa_lampsockel-kontakt-dt","14":"pa_led-chips-effekt-w-694","15":"pa_ljusbild-combo","16":"pa_storlek-mm-180x192x68","17":"pa_stromforbrukning-43a24v","18":"pa_stromforbrukning-89a12v","19":"pa_volt-v-multivolt-9-12-16-18-24-28-30-32-36","21":"first","22":"onbackorder","23":"taxable","24":"shipping-taxable","25":"purchasable","26":"product-type-simple"},"bundled_by":[],"bundle_stock_status":"onbackorder","bundle_stock_quantity":0,"bundle_virtual":false,"bundle_layout":"","bundle_add_to_cart_form_location":"","bundle_editable_in_cart":false,"bundle_sold_individually_context":"","bundle_item_grouping":"","bundle_min_size":"","bundle_max_size":"","bundle_price":[],"bundled_items":[],"bundle_sell_ids":[],"acf":[],"yoast_head":"<!-- This site is optimized with the Yoast SEO plugin v27.0 - https:\/\/yoast.com\/product\/yoast-seo-wordpress\/ -->\n<title>BriodLights Statum Extraljus 9&quot;\/218mm - Xenonkungen<\/title>\n<meta name=\"robots\" content=\"index, follow, max-snippet:-1, max-image-preview:large, max-video-preview:-1\" \/>\n<link rel=\"canonical\" href=\"https:\/\/xenonkungen.com\/fi\/tuote\/briodlights-statum-lisavalo-9-218mm\/\" \/>\n<meta property=\"og:locale\" content=\"fi_FI\" \/>\n<meta property=\"og:type\" content=\"article\" \/>\n<meta property=\"og:title\" content=\"BriodLights Statum Extraljus 9&quot;\/218mm - Xenonkungen\" \/>\n<meta property=\"og:description\" content=\"BriodLights Statum Extraljus 9&#8243; BriodLights Statum extraljus 9&#8243; kombinerar en snygg, ren design med h\u00f6gpresterande belysning. Med sin combo-ljusbild \u00e4r denna lampa perfekt f\u00f6r varierad k\u00f6rning, och erbjuder en bred och detaljerad ljusbild f\u00f6r b\u00e4sta m\u00f6jliga synf\u00e4lt. Positionsljus med Tv\u00e5 Alternativ Ut\u00f6ver sitt prim\u00e4ra ljus, har denna Statum-lampa ocks\u00e5 fyra LED-positionsljus. Anv\u00e4ndarna kan v\u00e4lja mellan [&hellip;]\" \/>\n<meta property=\"og:url\" content=\"https:\/\/xenonkungen.com\/fi\/tuote\/briodlights-statum-lisavalo-9-218mm\/\" \/>\n<meta property=\"og:site_name\" content=\"Xenonkungen\" \/>\n<meta property=\"article:modified_time\" content=\"2026-04-24T15:48:53+00:00\" \/>\n<meta property=\"og:image\" content=\"https:\/\/xenonkungen.com\/wp-content\/uploads\/2025\/04\/15209_itemtimage_mainfront.jpg\" \/>\n\t<meta property=\"og:image:width\" content=\"2048\" \/>\n\t<meta property=\"og:image:height\" content=\"1536\" \/>\n\t<meta property=\"og:image:type\" content=\"image\/jpeg\" \/>\n<meta name=\"twitter:card\" content=\"summary_large_image\" \/>\n<meta name=\"twitter:label1\" content=\"Arvioitu lukuaika\" \/>\n\t<meta name=\"twitter:data1\" content=\"1 minuutti\" \/>\n<script type=\"application\/ld+json\" class=\"yoast-schema-graph\">{\"@context\":\"https:\/\/schema.org\",\"@graph\":[{\"@type\":\"WebPage\",\"@id\":\"https:\/\/xenonkungen.com\/produkt\/briodlights-statum-extraljus-9-218mm\/\",\"url\":\"https:\/\/xenonkungen.com\/produkt\/briodlights-statum-extraljus-9-218mm\/\",\"name\":\"BriodLights Statum Extraljus 9\\\"\/218mm - Xenonkungen\",\"isPartOf\":{\"@id\":\"https:\/\/xenonkungen.com\/#website\"},\"primaryImageOfPage\":{\"@id\":\"https:\/\/xenonkungen.com\/produkt\/briodlights-statum-extraljus-9-218mm\/#primaryimage\"},\"image\":{\"@id\":\"https:\/\/xenonkungen.com\/produkt\/briodlights-statum-extraljus-9-218mm\/#primaryimage\"},\"thumbnailUrl\":\"https:\/\/xenonkungen.com\/wp-content\/uploads\/2025\/04\/15209_itemtimage_mainfront.jpg\",\"datePublished\":\"2025-04-15T08:44:54+00:00\",\"dateModified\":\"2026-04-24T15:48:53+00:00\",\"breadcrumb\":{\"@id\":\"https:\/\/xenonkungen.com\/produkt\/briodlights-statum-extraljus-9-218mm\/#breadcrumb\"},\"inLanguage\":\"fi\",\"potentialAction\":[{\"@type\":\"ReadAction\",\"target\":[\"https:\/\/xenonkungen.com\/produkt\/briodlights-statum-extraljus-9-218mm\/\"]}]},{\"@type\":\"ImageObject\",\"inLanguage\":\"fi\",\"@id\":\"https:\/\/xenonkungen.com\/produkt\/briodlights-statum-extraljus-9-218mm\/#primaryimage\",\"url\":\"https:\/\/xenonkungen.com\/wp-content\/uploads\/2025\/04\/15209_itemtimage_mainfront.jpg\",\"contentUrl\":\"https:\/\/xenonkungen.com\/wp-content\/uploads\/2025\/04\/15209_itemtimage_mainfront.jpg\",\"width\":2048,\"height\":1536},{\"@type\":\"BreadcrumbList\",\"@id\":\"https:\/\/xenonkungen.com\/produkt\/briodlights-statum-extraljus-9-218mm\/#breadcrumb\",\"itemListElement\":[{\"@type\":\"ListItem\",\"position\":1,\"name\":\"Hem\",\"item\":\"https:\/\/xenonkungen.com\/\"},{\"@type\":\"ListItem\",\"position\":2,\"name\":\"Shop\",\"item\":\"https:\/\/xenonkungen.com\/shop\/\"},{\"@type\":\"ListItem\",\"position\":3,\"name\":\"BriodLights Statum Extraljus 9&#8243;\/218mm\"}]},{\"@type\":\"WebSite\",\"@id\":\"https:\/\/xenonkungen.com\/#website\",\"url\":\"https:\/\/xenonkungen.com\/\",\"name\":\"Xenonkungen\",\"description\":\"\",\"potentialAction\":[{\"@type\":\"SearchAction\",\"target\":{\"@type\":\"EntryPoint\",\"urlTemplate\":\"https:\/\/xenonkungen.com\/?s={search_term_string}\"},\"query-input\":{\"@type\":\"PropertyValueSpecification\",\"valueRequired\":true,\"valueName\":\"search_term_string\"}}],\"inLanguage\":\"fi\"}]}<\/script>\n<!-- \/ Yoast SEO plugin. -->","yoast_head_json":{"title":"BriodLights Statum Extra Light 9&quot;\/218mm - Xenonkungen","robots":{"index":"index","follow":"follow","max-snippet":"max-snippet:-1","max-image-preview":"max-image-preview:large","max-video-preview":"max-video-preview:-1"},"canonical":"https:\/\/xenonkungen.com\/fi\/tuote\/briodlights-statum-lisavalo-9-218mm\/","og_locale":"fi_FI","og_type":"article","og_title":"BriodLights Statum Extraljus 9\"\/218mm - Xenonkungen","og_description":"BriodLights Statum Extraljus 9&#8243; BriodLights Statum extraljus 9&#8243; kombinerar en snygg, ren design med h\u00f6gpresterande belysning. Med sin combo-ljusbild \u00e4r denna lampa perfekt f\u00f6r varierad k\u00f6rning, och erbjuder en bred och detaljerad ljusbild f\u00f6r b\u00e4sta m\u00f6jliga synf\u00e4lt. Positionsljus med Tv\u00e5 Alternativ Ut\u00f6ver sitt prim\u00e4ra ljus, har denna Statum-lampa ocks\u00e5 fyra LED-positionsljus. Anv\u00e4ndarna kan v\u00e4lja mellan [&hellip;]","og_url":"https:\/\/xenonkungen.com\/fi\/tuote\/briodlights-statum-lisavalo-9-218mm\/","og_site_name":"Xenonkungen","article_modified_time":"2026-04-24T15:48:53+00:00","og_image":[{"width":2048,"height":1536,"url":"https:\/\/xenonkungen.com\/wp-content\/uploads\/2025\/04\/15209_itemtimage_mainfront.jpg","type":"image\/jpeg"}],"twitter_card":"summary_large_image","twitter_misc":{"Arvioitu lukuaika":"1 minuutti"},"schema":{"@context":"https:\/\/schema.org","@graph":[{"@type":"WebPage","@id":"https:\/\/xenonkungen.com\/produkt\/briodlights-statum-extraljus-9-218mm\/","url":"https:\/\/xenonkungen.com\/produkt\/briodlights-statum-extraljus-9-218mm\/","name":"BriodLights Statum Extra Light 9&quot;\/218mm - Xenonkungen","isPartOf":{"@id":"https:\/\/xenonkungen.com\/#website"},"primaryImageOfPage":{"@id":"https:\/\/xenonkungen.com\/produkt\/briodlights-statum-extraljus-9-218mm\/#primaryimage"},"image":{"@id":"https:\/\/xenonkungen.com\/produkt\/briodlights-statum-extraljus-9-218mm\/#primaryimage"},"thumbnailUrl":"https:\/\/xenonkungen.com\/wp-content\/uploads\/2025\/04\/15209_itemtimage_mainfront.jpg","datePublished":"2025-04-15T08:44:54+00:00","dateModified":"2026-04-24T15:48:53+00:00","breadcrumb":{"@id":"https:\/\/xenonkungen.com\/produkt\/briodlights-statum-extraljus-9-218mm\/#breadcrumb"},"inLanguage":"fi","potentialAction":[{"@type":"ReadAction","target":["https:\/\/xenonkungen.com\/produkt\/briodlights-statum-extraljus-9-218mm\/"]}]},{"@type":"ImageObject","inLanguage":"fi","@id":"https:\/\/xenonkungen.com\/produkt\/briodlights-statum-extraljus-9-218mm\/#primaryimage","url":"https:\/\/xenonkungen.com\/wp-content\/uploads\/2025\/04\/15209_itemtimage_mainfront.jpg","contentUrl":"https:\/\/xenonkungen.com\/wp-content\/uploads\/2025\/04\/15209_itemtimage_mainfront.jpg","width":2048,"height":1536},{"@type":"BreadcrumbList","@id":"https:\/\/xenonkungen.com\/produkt\/briodlights-statum-extraljus-9-218mm\/#breadcrumb","itemListElement":[{"@type":"ListItem","position":1,"name":"Hem","item":"https:\/\/xenonkungen.com\/"},{"@type":"ListItem","position":2,"name":"Shop","item":"https:\/\/xenonkungen.com\/shop\/"},{"@type":"ListItem","position":3,"name":"BriodLights Statum Extraljus 9&#8243;\/218mm"}]},{"@type":"WebSite","@id":"https:\/\/xenonkungen.com\/#website","url":"https:\/\/xenonkungen.com\/","name":"Xenonkungen","description":"","potentialAction":[{"@type":"SearchAction","target":{"@type":"EntryPoint","urlTemplate":"https:\/\/xenonkungen.com\/?s={search_term_string}"},"query-input":{"@type":"PropertyValueSpecification","valueRequired":true,"valueName":"search_term_string"}}],"inLanguage":"fi"}]}},"taxonomy_info":{"product_brand":[{"value":92,"label":"Briodlights"}],"product_cat":[{"value":2839,"label":"Extraljus 9\""},{"value":142,"label":"Extraljus"}],"product_tag":[{"value":2788,"label":"black-week-exclude"}],"pa_fargtemperatur":[{"value":226,"label":"5700K"}],"pa_fuktskydd-varde-ipxx":[{"value":960,"label":"IP69"}],"pa_godkannande":[{"value":963,"label":"EMC, ECE, R112, R10, R7"}],"pa_lampsockel-kontakt":[{"value":329,"label":"DT"}],"pa_led-chips-effekt-w":[{"value":694,"label":"60"}],"pa_ljusbild":[{"value":804,"label":"Combo"}],"pa_storlek-mm":[{"value":959,"label":"180x192x68"}],"pa_stromforbrukning":[{"value":962,"label":"4,3A@24V"},{"value":961,"label":"8,9A@12V"}],"pa_volt-v":[{"value":504,"label":"Multivolt, 9, 12, 16, 18, 24, 28, 30, 32, 36"}]},"featured_image_src_large":["https:\/\/xenonkungen.com\/wp-content\/uploads\/2025\/04\/15209_itemtimage_mainfront-1024x768.jpg",1024,768,true],"author_info":[],"comment_info":0,"_links":{"self":[{"href":"https:\/\/xenonkungen.com\/fi\/wp-json\/wp\/v2\/product\/2866","targetHints":{"allow":["GET"]}}],"collection":[{"href":"https:\/\/xenonkungen.com\/fi\/wp-json\/wp\/v2\/product"}],"about":[{"href":"https:\/\/xenonkungen.com\/fi\/wp-json\/wp\/v2\/types\/product"}],"replies":[{"embeddable":true,"href":"https:\/\/xenonkungen.com\/fi\/wp-json\/wp\/v2\/comments?post=2866"}],"wp:featuredmedia":[{"embeddable":true,"href":"https:\/\/xenonkungen.com\/fi\/wp-json\/wp\/v2\/media\/2867"}],"wp:attachment":[{"href":"https:\/\/xenonkungen.com\/fi\/wp-json\/wp\/v2\/media?parent=2866"}],"wp:term":[{"taxonomy":"anvandningsomrade","embeddable":true,"href":"https:\/\/xenonkungen.com\/fi\/wp-json\/wp\/v2\/anvandningsomrade?post=2866"},{"taxonomy":"bilmarken","embeddable":true,"href":"https:\/\/xenonkungen.com\/fi\/wp-json\/wp\/v2\/bilmarken?post=2866"},{"taxonomy":"product_brand","embeddable":true,"href":"https:\/\/xenonkungen.com\/fi\/wp-json\/wp\/v2\/product_brand?post=2866"},{"taxonomy":"product_cat","embeddable":true,"href":"https:\/\/xenonkungen.com\/fi\/wp-json\/wp\/v2\/product_cat?post=2866"},{"taxonomy":"product_tag","embeddable":true,"href":"https:\/\/xenonkungen.com\/fi\/wp-json\/wp\/v2\/product_tag?post=2866"}],"curies":[{"name":"wp","href":"https:\/\/api.w.org\/{rel}","templated":true}]}}