{"id":2875,"date":"2025-04-15T08:45:12","date_gmt":"2025-04-15T08:45:12","guid":{"rendered":"https:\/\/xenonkungen.com\/product\/briodlights-extraljusramp-10-varme-pos-ljus-5700lm\/"},"modified":"2026-04-24T16:48:57","modified_gmt":"2026-04-24T15:48:57","slug":"briodlights-lisavalopalkki-10-lamminta-valoa-5700-lm","status":"publish","type":"product","link":"https:\/\/xenonkungen.com\/fi\/tuote\/briodlights-lisavalopalkki-10-lamminta-valoa-5700-lm\/","title":{"rendered":"BriodLights Extra Light Ramp 10\u2033 Heat pos valo 5700lm"},"content":{"rendered":"<h1>BriodLights Extra Light Ramp 353 mm LED-valoj\u00e4rjestelm\u00e4<\/h1>\n<p>BriodLights esittelee 353 mm:n LED-lis\u00e4valopalkin, joka on vankka ja luotettava valonl\u00e4hde kaikenlaiseen ajoneuvon valaistukseen. T\u00e4m\u00e4 kest\u00e4vyytt\u00e4 ja toiminnallisuutta silm\u00e4ll\u00e4 pit\u00e4en suunniteltu lis\u00e4valopalkki tarjoaa voimakkaan valotehon kaikissa olosuhteissa.<\/p>\n<h2>Vankka rakenne<\/h2>\n<p>Valaisimen kotelo on valmistettu mustasta alumiinista, mik\u00e4 tekee rampista sek\u00e4 kest\u00e4v\u00e4n ett\u00e4 pitk\u00e4ik\u00e4isen. Se on suunniteltu kest\u00e4m\u00e4\u00e4n kovia s\u00e4\u00e4olosuhteita ja karua maastoa, joten se on erinomainen valinta mihin tahansa ajoneuvon valaistussovellukseen.<\/p>\n<h2>Integroitu l\u00e4mmitystoiminto<\/h2>\n<p>T\u00e4m\u00e4n eritt\u00e4in kevyen kehyksen ainutlaatuinen ominaisuus on lasiin integroitu l\u00e4mmitysj\u00e4rjestelm\u00e4. T\u00e4m\u00e4 tekniikka varmistaa, ett\u00e4 valonheitin toimii tehokkaasti my\u00f6s kylmiss\u00e4 olosuhteissa. L\u00e4mmitysj\u00e4rjestelm\u00e4 kytkeytyy automaattisesti pois p\u00e4\u00e4lt\u00e4 +40 asteen l\u00e4mp\u00f6tilassa, mik\u00e4 auttaa pident\u00e4m\u00e4\u00e4n tuotteen k\u00e4ytt\u00f6ik\u00e4\u00e4 ja yll\u00e4pit\u00e4m\u00e4\u00e4n sen suorituskyky\u00e4.<\/p>\n<h2>Helppo asennus<\/h2>\n<p>Lis\u00e4valokehyksen mukana toimitetaan ruostumattomasta ter\u00e4ksest\u00e4 valmistettu kiinnike, jonka ansiosta asennus on helppoa ja vaivatonta. Lis\u00e4\u00e4 joustavuutta tuovat mukana toimitetut kiinnikkeet sek\u00e4 sivu- ett\u00e4 pohja-asennusta varten.<\/p>\n<h2>Toimiva ja tehokas<\/h2>\n<p>T\u00e4ss\u00e4 lis\u00e4valopalkissa, jossa on 3-nastainen DT-liitin ja sis\u00e4\u00e4nrakennettu pys\u00e4k\u00f6intivalo yl\u00e4osassa, yhdistyv\u00e4t tehokas valaistus ja k\u00e4yt\u00e4nn\u00f6lliset ominaisuudet. Ajoitpa sitten moottoritiell\u00e4 tai valaisemattomilla alueilla, voit luottaa siihen, ett\u00e4 BriodLightin lis\u00e4valopalkki antaa sinulle tarvitsemasi valon.<\/p>","protected":false},"excerpt":{"rendered":"<p>BriodLights Extraljusramp 353 mm LED BriodLights introducerar sin 353 mm LED extraljusramp &#8211; en robust och p\u00e5litlig ljusk\u00e4lla f\u00f6r alla typer av fordonsbelysning. Denna extraljusramp \u00e4r utformad med tanke p\u00e5 h\u00e5llbarhet och funktionalitet, och erbjuder en intensiv ljusbild i alla f\u00f6rh\u00e5llanden. Robust Konstruktion Lamphuset \u00e4r tillverkat i svart aluminium, vilket g\u00f6r rampen b\u00e5de slitstark och [&hellip;]<\/p>","protected":false},"featured_media":2876,"comment_status":"closed","ping_status":"closed","template":"","meta":{"_acf_changed":false,"_smort_price_nok":"3199","_smort_price_dkk":"2032","_smort_price_eur":"272.26","_smort_sale_price_nok":"","_smort_sale_price_dkk":"","_smort_sale_price_eur":"","smort_restorder":"","shipmondo_restorder":"","_kad_blocks_custom_css":"","_kad_blocks_head_custom_js":"","_kad_blocks_body_custom_js":"","_kad_blocks_footer_custom_js":"","smort_custom_pricelist_1":"1916.8","smort_custom_pricelist_2":"1677.2","smort_custom_pricelist_3":"1593.34","smort_custom_pricelist_4":"2396","smort_custom_pricelist_5":"1677.2"},"anvandningsomrade":[],"bilmarken":[],"product_brand":[92],"product_cat":[2966,2539,1402],"product_tag":[2788],"class_list":{"0":"post-2875","1":"product","2":"type-product","3":"status-publish","4":"has-post-thumbnail","6":"product_brand-briodlights","7":"product_cat-ledramp-rak","8":"product_cat-ledramper","9":"product_cat-outlet","10":"product_tag-black-week-exclude","11":"pa_fargtemperatur-6000k","12":"pa_fuktskydd-varde-ipxx-ip68k","13":"pa_godkannande-ce-ece-r10-r112","14":"pa_lampsockel-kontakt-dt","15":"pa_led-chips-effekt-w-694","16":"pa_storlek-mm-353x58x76","17":"pa_stromforbrukning-21a24v","18":"pa_stromforbrukning-42a12v","19":"pa_volt-v-multivolt-9-12-16-18-24-28-30-32","21":"first","22":"instock","23":"sale","24":"taxable","25":"shipping-taxable","26":"purchasable","27":"product-type-simple"},"bundled_by":[],"bundle_stock_status":"instock","bundle_stock_quantity":1,"bundle_virtual":false,"bundle_layout":"","bundle_add_to_cart_form_location":"","bundle_editable_in_cart":false,"bundle_sold_individually_context":"","bundle_item_grouping":"","bundle_min_size":"","bundle_max_size":"","bundle_price":[],"bundled_items":[],"bundle_sell_ids":[],"acf":[],"yoast_head":"<!-- This site is optimized with the Yoast SEO plugin v27.0 - https:\/\/yoast.com\/product\/yoast-seo-wordpress\/ -->\n<title>BriodLights Extraljusramp 10&quot; V\u00e4rme pos ljus 5700lm - Xenonkungen<\/title>\n<meta name=\"robots\" content=\"index, follow, max-snippet:-1, max-image-preview:large, max-video-preview:-1\" \/>\n<link rel=\"canonical\" href=\"https:\/\/xenonkungen.com\/fi\/tuote\/briodlights-lisavalopalkki-10-lamminta-valoa-5700-lm\/\" \/>\n<meta property=\"og:locale\" content=\"fi_FI\" \/>\n<meta property=\"og:type\" content=\"article\" \/>\n<meta property=\"og:title\" content=\"BriodLights Extraljusramp 10&quot; V\u00e4rme pos ljus 5700lm - Xenonkungen\" \/>\n<meta property=\"og:description\" content=\"BriodLights Extraljusramp 353 mm LED BriodLights introducerar sin 353 mm LED extraljusramp &#8211; en robust och p\u00e5litlig ljusk\u00e4lla f\u00f6r alla typer av fordonsbelysning. Denna extraljusramp \u00e4r utformad med tanke p\u00e5 h\u00e5llbarhet och funktionalitet, och erbjuder en intensiv ljusbild i alla f\u00f6rh\u00e5llanden. Robust Konstruktion Lamphuset \u00e4r tillverkat i svart aluminium, vilket g\u00f6r rampen b\u00e5de slitstark och [&hellip;]\" \/>\n<meta property=\"og:url\" content=\"https:\/\/xenonkungen.com\/fi\/tuote\/briodlights-lisavalopalkki-10-lamminta-valoa-5700-lm\/\" \/>\n<meta property=\"og:site_name\" content=\"Xenonkungen\" \/>\n<meta property=\"article:modified_time\" content=\"2026-04-24T15:48:57+00:00\" \/>\n<meta property=\"og:image\" content=\"https:\/\/xenonkungen.com\/wp-content\/uploads\/2025\/04\/15215_itemimage_mainfront.jpg\" \/>\n\t<meta property=\"og:image:width\" content=\"2048\" \/>\n\t<meta property=\"og:image:height\" content=\"1536\" \/>\n\t<meta property=\"og:image:type\" content=\"image\/jpeg\" \/>\n<meta name=\"twitter:card\" content=\"summary_large_image\" \/>\n<meta name=\"twitter:label1\" content=\"Arvioitu lukuaika\" \/>\n\t<meta name=\"twitter:data1\" content=\"2 minuuttia\" \/>\n<script type=\"application\/ld+json\" class=\"yoast-schema-graph\">{\"@context\":\"https:\/\/schema.org\",\"@graph\":[{\"@type\":\"WebPage\",\"@id\":\"https:\/\/xenonkungen.com\/produkt\/briodlights-extraljusramp-10-varme-pos-ljus-5700lm\/\",\"url\":\"https:\/\/xenonkungen.com\/produkt\/briodlights-extraljusramp-10-varme-pos-ljus-5700lm\/\",\"name\":\"BriodLights Extraljusramp 10\\\" V\u00e4rme pos ljus 5700lm - Xenonkungen\",\"isPartOf\":{\"@id\":\"https:\/\/xenonkungen.com\/#website\"},\"primaryImageOfPage\":{\"@id\":\"https:\/\/xenonkungen.com\/produkt\/briodlights-extraljusramp-10-varme-pos-ljus-5700lm\/#primaryimage\"},\"image\":{\"@id\":\"https:\/\/xenonkungen.com\/produkt\/briodlights-extraljusramp-10-varme-pos-ljus-5700lm\/#primaryimage\"},\"thumbnailUrl\":\"https:\/\/xenonkungen.com\/wp-content\/uploads\/2025\/04\/15215_itemimage_mainfront.jpg\",\"datePublished\":\"2025-04-15T08:45:12+00:00\",\"dateModified\":\"2026-04-24T15:48:57+00:00\",\"breadcrumb\":{\"@id\":\"https:\/\/xenonkungen.com\/produkt\/briodlights-extraljusramp-10-varme-pos-ljus-5700lm\/#breadcrumb\"},\"inLanguage\":\"fi\",\"potentialAction\":[{\"@type\":\"ReadAction\",\"target\":[\"https:\/\/xenonkungen.com\/produkt\/briodlights-extraljusramp-10-varme-pos-ljus-5700lm\/\"]}]},{\"@type\":\"ImageObject\",\"inLanguage\":\"fi\",\"@id\":\"https:\/\/xenonkungen.com\/produkt\/briodlights-extraljusramp-10-varme-pos-ljus-5700lm\/#primaryimage\",\"url\":\"https:\/\/xenonkungen.com\/wp-content\/uploads\/2025\/04\/15215_itemimage_mainfront.jpg\",\"contentUrl\":\"https:\/\/xenonkungen.com\/wp-content\/uploads\/2025\/04\/15215_itemimage_mainfront.jpg\",\"width\":2048,\"height\":1536},{\"@type\":\"BreadcrumbList\",\"@id\":\"https:\/\/xenonkungen.com\/produkt\/briodlights-extraljusramp-10-varme-pos-ljus-5700lm\/#breadcrumb\",\"itemListElement\":[{\"@type\":\"ListItem\",\"position\":1,\"name\":\"Hem\",\"item\":\"https:\/\/xenonkungen.com\/\"},{\"@type\":\"ListItem\",\"position\":2,\"name\":\"Shop\",\"item\":\"https:\/\/xenonkungen.com\/shop\/\"},{\"@type\":\"ListItem\",\"position\":3,\"name\":\"BriodLights Extraljusramp 10&#8243; V\u00e4rme pos ljus 5700lm\"}]},{\"@type\":\"WebSite\",\"@id\":\"https:\/\/xenonkungen.com\/#website\",\"url\":\"https:\/\/xenonkungen.com\/\",\"name\":\"Xenonkungen\",\"description\":\"\",\"potentialAction\":[{\"@type\":\"SearchAction\",\"target\":{\"@type\":\"EntryPoint\",\"urlTemplate\":\"https:\/\/xenonkungen.com\/?s={search_term_string}\"},\"query-input\":{\"@type\":\"PropertyValueSpecification\",\"valueRequired\":true,\"valueName\":\"search_term_string\"}}],\"inLanguage\":\"fi\"}]}<\/script>\n<!-- \/ Yoast SEO plugin. -->","yoast_head_json":{"title":"BriodLights Lis\u00e4valopalkki 10&quot; L\u00e4mp\u00f6asennettava valo 5700lm - Xenonkungen","robots":{"index":"index","follow":"follow","max-snippet":"max-snippet:-1","max-image-preview":"max-image-preview:large","max-video-preview":"max-video-preview:-1"},"canonical":"https:\/\/xenonkungen.com\/fi\/tuote\/briodlights-lisavalopalkki-10-lamminta-valoa-5700-lm\/","og_locale":"fi_FI","og_type":"article","og_title":"BriodLights Extraljusramp 10\" V\u00e4rme pos ljus 5700lm - Xenonkungen","og_description":"BriodLights Extraljusramp 353 mm LED BriodLights introducerar sin 353 mm LED extraljusramp &#8211; en robust och p\u00e5litlig ljusk\u00e4lla f\u00f6r alla typer av fordonsbelysning. Denna extraljusramp \u00e4r utformad med tanke p\u00e5 h\u00e5llbarhet och funktionalitet, och erbjuder en intensiv ljusbild i alla f\u00f6rh\u00e5llanden. Robust Konstruktion Lamphuset \u00e4r tillverkat i svart aluminium, vilket g\u00f6r rampen b\u00e5de slitstark och [&hellip;]","og_url":"https:\/\/xenonkungen.com\/fi\/tuote\/briodlights-lisavalopalkki-10-lamminta-valoa-5700-lm\/","og_site_name":"Xenonkungen","article_modified_time":"2026-04-24T15:48:57+00:00","og_image":[{"width":2048,"height":1536,"url":"https:\/\/xenonkungen.com\/wp-content\/uploads\/2025\/04\/15215_itemimage_mainfront.jpg","type":"image\/jpeg"}],"twitter_card":"summary_large_image","twitter_misc":{"Arvioitu lukuaika":"2 minuuttia"},"schema":{"@context":"https:\/\/schema.org","@graph":[{"@type":"WebPage","@id":"https:\/\/xenonkungen.com\/produkt\/briodlights-extraljusramp-10-varme-pos-ljus-5700lm\/","url":"https:\/\/xenonkungen.com\/produkt\/briodlights-extraljusramp-10-varme-pos-ljus-5700lm\/","name":"BriodLights Lis\u00e4valopalkki 10&quot; L\u00e4mp\u00f6asennettava valo 5700lm - Xenonkungen","isPartOf":{"@id":"https:\/\/xenonkungen.com\/#website"},"primaryImageOfPage":{"@id":"https:\/\/xenonkungen.com\/produkt\/briodlights-extraljusramp-10-varme-pos-ljus-5700lm\/#primaryimage"},"image":{"@id":"https:\/\/xenonkungen.com\/produkt\/briodlights-extraljusramp-10-varme-pos-ljus-5700lm\/#primaryimage"},"thumbnailUrl":"https:\/\/xenonkungen.com\/wp-content\/uploads\/2025\/04\/15215_itemimage_mainfront.jpg","datePublished":"2025-04-15T08:45:12+00:00","dateModified":"2026-04-24T15:48:57+00:00","breadcrumb":{"@id":"https:\/\/xenonkungen.com\/produkt\/briodlights-extraljusramp-10-varme-pos-ljus-5700lm\/#breadcrumb"},"inLanguage":"fi","potentialAction":[{"@type":"ReadAction","target":["https:\/\/xenonkungen.com\/produkt\/briodlights-extraljusramp-10-varme-pos-ljus-5700lm\/"]}]},{"@type":"ImageObject","inLanguage":"fi","@id":"https:\/\/xenonkungen.com\/produkt\/briodlights-extraljusramp-10-varme-pos-ljus-5700lm\/#primaryimage","url":"https:\/\/xenonkungen.com\/wp-content\/uploads\/2025\/04\/15215_itemimage_mainfront.jpg","contentUrl":"https:\/\/xenonkungen.com\/wp-content\/uploads\/2025\/04\/15215_itemimage_mainfront.jpg","width":2048,"height":1536},{"@type":"BreadcrumbList","@id":"https:\/\/xenonkungen.com\/produkt\/briodlights-extraljusramp-10-varme-pos-ljus-5700lm\/#breadcrumb","itemListElement":[{"@type":"ListItem","position":1,"name":"Hem","item":"https:\/\/xenonkungen.com\/"},{"@type":"ListItem","position":2,"name":"Shop","item":"https:\/\/xenonkungen.com\/shop\/"},{"@type":"ListItem","position":3,"name":"BriodLights Extraljusramp 10&#8243; V\u00e4rme pos ljus 5700lm"}]},{"@type":"WebSite","@id":"https:\/\/xenonkungen.com\/#website","url":"https:\/\/xenonkungen.com\/","name":"Xenonkungen","description":"","potentialAction":[{"@type":"SearchAction","target":{"@type":"EntryPoint","urlTemplate":"https:\/\/xenonkungen.com\/?s={search_term_string}"},"query-input":{"@type":"PropertyValueSpecification","valueRequired":true,"valueName":"search_term_string"}}],"inLanguage":"fi"}]}},"taxonomy_info":{"product_brand":[{"value":92,"label":"Briodlights"}],"product_cat":[{"value":2966,"label":"Ledramp Rak"},{"value":2539,"label":"LEDRAMPER"},{"value":1402,"label":"Outlet"}],"product_tag":[{"value":2788,"label":"black-week-exclude"}],"pa_fargtemperatur":[{"value":188,"label":"6000K"}],"pa_fuktskydd-varde-ipxx":[{"value":682,"label":"IP68K"}],"pa_godkannande":[{"value":970,"label":"CE, ECE, R10, R112"}],"pa_lampsockel-kontakt":[{"value":329,"label":"DT"}],"pa_led-chips-effekt-w":[{"value":694,"label":"60"}],"pa_storlek-mm":[{"value":967,"label":"353x58x76"}],"pa_stromforbrukning":[{"value":969,"label":"2,1A@24V"},{"value":968,"label":"4,2A@12V"}],"pa_volt-v":[{"value":521,"label":"Multivolt, 9, 12, 16, 18, 24, 28, 30, 32"}]},"featured_image_src_large":["https:\/\/xenonkungen.com\/wp-content\/uploads\/2025\/04\/15215_itemimage_mainfront-1024x768.jpg",1024,768,true],"author_info":[],"comment_info":0,"_links":{"self":[{"href":"https:\/\/xenonkungen.com\/fi\/wp-json\/wp\/v2\/product\/2875","targetHints":{"allow":["GET"]}}],"collection":[{"href":"https:\/\/xenonkungen.com\/fi\/wp-json\/wp\/v2\/product"}],"about":[{"href":"https:\/\/xenonkungen.com\/fi\/wp-json\/wp\/v2\/types\/product"}],"replies":[{"embeddable":true,"href":"https:\/\/xenonkungen.com\/fi\/wp-json\/wp\/v2\/comments?post=2875"}],"wp:featuredmedia":[{"embeddable":true,"href":"https:\/\/xenonkungen.com\/fi\/wp-json\/wp\/v2\/media\/2876"}],"wp:attachment":[{"href":"https:\/\/xenonkungen.com\/fi\/wp-json\/wp\/v2\/media?parent=2875"}],"wp:term":[{"taxonomy":"anvandningsomrade","embeddable":true,"href":"https:\/\/xenonkungen.com\/fi\/wp-json\/wp\/v2\/anvandningsomrade?post=2875"},{"taxonomy":"bilmarken","embeddable":true,"href":"https:\/\/xenonkungen.com\/fi\/wp-json\/wp\/v2\/bilmarken?post=2875"},{"taxonomy":"product_brand","embeddable":true,"href":"https:\/\/xenonkungen.com\/fi\/wp-json\/wp\/v2\/product_brand?post=2875"},{"taxonomy":"product_cat","embeddable":true,"href":"https:\/\/xenonkungen.com\/fi\/wp-json\/wp\/v2\/product_cat?post=2875"},{"taxonomy":"product_tag","embeddable":true,"href":"https:\/\/xenonkungen.com\/fi\/wp-json\/wp\/v2\/product_tag?post=2875"}],"curies":[{"name":"wp","href":"https:\/\/api.w.org\/{rel}","templated":true}]}}