{"id":2883,"date":"2025-04-15T08:45:12","date_gmt":"2025-04-15T08:45:12","guid":{"rendered":"https:\/\/xenonkungen.com\/product\/luxtar-q1-led-h1\/"},"modified":"2026-04-24T16:46:53","modified_gmt":"2026-04-24T15:46:53","slug":"luxtar-q1-led-h1","status":"publish","type":"product","link":"https:\/\/xenonkungen.com\/fi\/tuote\/luxtar-q1-led-h1\/","title":{"rendered":"Luxtar\u00ae Q1 Led H1"},"content":{"rendered":"<p><strong>T\u00e4ydellinen sek\u00e4 moottoripy\u00f6r\u00e4lle ett\u00e4 autolle. <\/strong><\/p>\n<p>Luxtar Q1 LED on uusi muunnoslamppusarja, joka on erityisesti kehitetty korvaamaan halogeenilamput ja joka tarjoaa jopa 300% enemm\u00e4n valoa tiell\u00e4 verrattuna perinteiseen 55W halogeenilamppuun. N\u00e4m\u00e4 lamput on suunniteltu antamaan sinulle turvallisemman ja mukavamman ajomatkan, oli sitten p\u00e4iv\u00e4 tai y\u00f6.<\/p>\n<p>Yksi Luxtar Q1 -LEDien ainutlaatuisista eduista on se, ett\u00e4 ne eiv\u00e4t tarvitse erillist\u00e4 vastusta. T\u00e4m\u00e4 mahdollistaa LED-muuntamisen moottoripy\u00f6riss\u00e4, skoottereissa ja ATV:ss\u00e4, joissa on aiemmin ollut ongelmia ylim\u00e4\u00e4r\u00e4isen vastuksen kanssa. Se on my\u00f6s helppo asentaa, joten voit tehd\u00e4 sen itse ilman ammattilaisen apua.<\/p>\n<p>Luxtar Q1 LEDit ovat my\u00f6s IP65-luokiteltuja, mik\u00e4 tarkoittaa, ett\u00e4 ne ovat p\u00f6ly- ja vedenkest\u00e4vi\u00e4 niin, ett\u00e4 ne kest\u00e4v\u00e4t juoksevaa vett\u00e4. T\u00e4m\u00e4n ansiosta ne soveltuvat erinomaisesti k\u00e4ytett\u00e4v\u00e4ksi kaikissa s\u00e4\u00e4olosuhteissa, joten voit tuntea olosi turvalliseksi ja varmaksi ajaessasi.<\/p>\n<p>Valaistustoimintojen osalta Luxtar Q1 LED soveltuu kauko-, l\u00e4hi- ja sumuvaloiksi, mutta on t\u00e4rke\u00e4\u00e4 huomata, ett\u00e4 se ei ole hyv\u00e4ksytty tai laillinen. Valaisimen jaloissa H1, H3 ja H7 on k\u00e4\u00e4nnett\u00e4v\u00e4 lampunjalka, ja lamppua k\u00e4\u00e4nt\u00e4m\u00e4ll\u00e4 voit s\u00e4\u00e4t\u00e4\u00e4 valokuviota.<\/p>\n<p>Luxtar Q1 -sarjan teho on 20-25 W, eik\u00e4 se ole yhteensopiva ajoneuvojen kanssa, joissa on canbus -j\u00e4rjestelm\u00e4\/valonvalvonta. Tehon on vastattava alkuper\u00e4isen lampun tehoa (55W), jotta se ei aiheuta virheit\u00e4.<\/p>\n<p>Kaiken kaikkiaan Luxtar Q1 LED on yksi tehokkaimmista ja innovatiivisimmista ratkaisuista autosi, moottoripy\u00f6r\u00e4si, skootterisi tai m\u00f6nkij\u00e4si valaistuksen parantamiseen. Suuren kirkkauden, alhaisen virrankulutuksen ja s\u00e4\u00e4n- ja ymp\u00e4rist\u00f6nkest\u00e4vyyden ansiosta se on erinomainen valinta niille, jotka etsiv\u00e4t turvallisempaa ja mukavampaa ajoa.<\/p>\n<p><strong>Hyv\u00e4 tiet\u00e4\u00e4<\/strong><br \/>Napaisuuden riippumattomuus.<br \/>Q1 LED valaisimen H1, H3 ja H7 kanta on k\u00e4\u00e4nnett\u00e4viss\u00e4, ja valaisinta k\u00e4\u00e4nt\u00e4m\u00e4ll\u00e4 valaisimen valotusta voidaan s\u00e4\u00e4t\u00e4\u00e4.<br \/>IP65-luokitus, joka tarkoittaa p\u00f6lytiiviytt\u00e4 ja vedenkest\u00e4vyytt\u00e4 niin, ett\u00e4 se kest\u00e4\u00e4 juoksevaa vett\u00e4.<br \/>Q1-sarjan teho on 20-25W, ei ole yhteensopiva ajoneuvoissa, joissa on canbus -j\u00e4rjestelm\u00e4\/valonvalvonta, tehon tulisi vastata alkuper\u00e4ist\u00e4 lamppua (55W), jotta ei tule virheellisi\u00e4 merkkej\u00e4. <br \/>Luxtar Q1 sopii my\u00f6s muihin ajoneuvoihin, joissa on H1-pistorasia, kuten traktoreihin, matkailuautoihin ja kuorma-autoihin.<\/p>\n<p><strong>Toimituksen sis\u00e4lt\u00f6:<\/strong><br \/>1. Luxtar Q1 LED-valaisin H1<\/p>\n<p><strong>Toimintatakuu:<\/strong> 1 vuosi<\/p>","protected":false},"excerpt":{"rendered":"<p>LUXTAR\u00ae Q1 with H1 LED on uusi LED-valaisinsarja, jossa on Plug-n-Play-asennus, joka korvaa nykyisen halogeenilampun kauko-, l\u00e4hi- tai sumuvalossa. <b>Kirkkaus +300%<\/b> Lis\u00e4\u00e4 kirkkautta jopa 300% verrattuna tavalliseen 55W halogeenilamppuun. <b>K\u00e4ytt\u00f6alueet<\/b> Moottoripy\u00f6r\u00e4, auto, matkailuauto, traktori, ATV  <b>Toimituksen sis\u00e4lt\u00f6<\/b> 1. LUXTAR\u00ae Q1 LED H1<\/p>","protected":false},"featured_media":2884,"comment_status":"closed","ping_status":"open","template":"","meta":{"_acf_changed":false,"_smort_price_nok":"347","_smort_price_dkk":"221","_smort_price_eur":"29.54","_smort_sale_price_nok":"","_smort_sale_price_dkk":"","_smort_sale_price_eur":"","smort_restorder":"","shipmondo_restorder":"","_kad_blocks_custom_css":"","_kad_blocks_head_custom_js":"","_kad_blocks_body_custom_js":"","_kad_blocks_footer_custom_js":"","smort_custom_pricelist_1":"208","smort_custom_pricelist_2":"182","smort_custom_pricelist_3":"172.9","smort_custom_pricelist_4":"260","smort_custom_pricelist_5":"182"},"anvandningsomrade":[398],"bilmarken":[],"product_brand":[103],"product_cat":[2826,733],"product_tag":[],"class_list":{"0":"post-2883","1":"product","2":"type-product","3":"status-publish","4":"has-post-thumbnail","6":"anvandningsomrade-motorcykel","7":"product_brand-luxtar","8":"product_cat-luxtar","9":"product_cat-halvljus-helljus","10":"pa_fargtemperatur-6500k","11":"pa_fuktskydd-varde-ipxx-ip65","12":"pa_lampsockel-kontakt-h1","13":"pa_volt-v-12-24","15":"first","16":"instock","17":"taxable","18":"shipping-taxable","19":"purchasable","20":"product-type-simple"},"bundled_by":[],"bundle_stock_status":"instock","bundle_stock_quantity":146,"bundle_virtual":false,"bundle_layout":"","bundle_add_to_cart_form_location":"","bundle_editable_in_cart":false,"bundle_sold_individually_context":"","bundle_item_grouping":"","bundle_min_size":"","bundle_max_size":"","bundle_price":[],"bundled_items":[],"bundle_sell_ids":[],"acf":[],"yoast_head":"<!-- This site is optimized with the Yoast SEO plugin v27.0 - https:\/\/yoast.com\/product\/yoast-seo-wordpress\/ -->\n<title>Luxtar\u00ae Q1 Led H1 - Xenonkungen<\/title>\n<meta name=\"robots\" content=\"index, follow, max-snippet:-1, max-image-preview:large, max-video-preview:-1\" \/>\n<link rel=\"canonical\" href=\"https:\/\/xenonkungen.com\/fi\/tuote\/luxtar-q1-led-h1\/\" \/>\n<meta property=\"og:locale\" content=\"fi_FI\" \/>\n<meta property=\"og:type\" content=\"article\" \/>\n<meta property=\"og:title\" content=\"Luxtar\u00ae Q1 Led H1 - Xenonkungen\" \/>\n<meta property=\"og:description\" content=\"LUXTAR\u00ae Q1 med H1 LED \u00e4r ny serie LED lampor med en Plug-n-Play installation ers\u00e4tter befintlig halogen lampa i helljus, halvljus eller dimljus. Ljusstyrka +300% \u00d6kar ljusstyrkan med upp till 300% mot en standard 55W halogenlampa. Anv\u00e4ndningsomr\u00e5den MC, bil, husbil, traktorer, ATV Leveransinneh\u00e5ll 1st LUXTAR\u00ae Q1 LED H1\" \/>\n<meta property=\"og:url\" content=\"https:\/\/xenonkungen.com\/fi\/tuote\/luxtar-q1-led-h1\/\" \/>\n<meta property=\"og:site_name\" content=\"Xenonkungen\" \/>\n<meta property=\"article:modified_time\" content=\"2026-04-24T15:46:53+00:00\" \/>\n<meta property=\"og:image\" content=\"https:\/\/xenonkungen.com\/wp-content\/uploads\/2025\/04\/172523749-origpic-1493f4.png\" \/>\n\t<meta property=\"og:image:width\" content=\"1000\" \/>\n\t<meta property=\"og:image:height\" content=\"1000\" \/>\n\t<meta property=\"og:image:type\" content=\"image\/png\" \/>\n<meta name=\"twitter:card\" content=\"summary_large_image\" \/>\n<meta name=\"twitter:label1\" content=\"Arvioitu lukuaika\" \/>\n\t<meta name=\"twitter:data1\" content=\"2 minuuttia\" \/>\n<script type=\"application\/ld+json\" class=\"yoast-schema-graph\">{\"@context\":\"https:\/\/schema.org\",\"@graph\":[{\"@type\":\"WebPage\",\"@id\":\"https:\/\/xenonkungen.com\/produkt\/luxtar-q1-led-h1\/\",\"url\":\"https:\/\/xenonkungen.com\/produkt\/luxtar-q1-led-h1\/\",\"name\":\"Luxtar\u00ae Q1 Led H1 - Xenonkungen\",\"isPartOf\":{\"@id\":\"https:\/\/xenonkungen.com\/#website\"},\"primaryImageOfPage\":{\"@id\":\"https:\/\/xenonkungen.com\/produkt\/luxtar-q1-led-h1\/#primaryimage\"},\"image\":{\"@id\":\"https:\/\/xenonkungen.com\/produkt\/luxtar-q1-led-h1\/#primaryimage\"},\"thumbnailUrl\":\"https:\/\/xenonkungen.com\/wp-content\/uploads\/2025\/04\/172523749-origpic-1493f4.png\",\"datePublished\":\"2025-04-15T08:45:12+00:00\",\"dateModified\":\"2026-04-24T15:46:53+00:00\",\"breadcrumb\":{\"@id\":\"https:\/\/xenonkungen.com\/produkt\/luxtar-q1-led-h1\/#breadcrumb\"},\"inLanguage\":\"fi\",\"potentialAction\":[{\"@type\":\"ReadAction\",\"target\":[\"https:\/\/xenonkungen.com\/produkt\/luxtar-q1-led-h1\/\"]}]},{\"@type\":\"ImageObject\",\"inLanguage\":\"fi\",\"@id\":\"https:\/\/xenonkungen.com\/produkt\/luxtar-q1-led-h1\/#primaryimage\",\"url\":\"https:\/\/xenonkungen.com\/wp-content\/uploads\/2025\/04\/172523749-origpic-1493f4.png\",\"contentUrl\":\"https:\/\/xenonkungen.com\/wp-content\/uploads\/2025\/04\/172523749-origpic-1493f4.png\",\"width\":1000,\"height\":1000},{\"@type\":\"BreadcrumbList\",\"@id\":\"https:\/\/xenonkungen.com\/produkt\/luxtar-q1-led-h1\/#breadcrumb\",\"itemListElement\":[{\"@type\":\"ListItem\",\"position\":1,\"name\":\"Hem\",\"item\":\"https:\/\/xenonkungen.com\/\"},{\"@type\":\"ListItem\",\"position\":2,\"name\":\"Shop\",\"item\":\"https:\/\/xenonkungen.com\/shop\/\"},{\"@type\":\"ListItem\",\"position\":3,\"name\":\"Luxtar\u00ae Q1 Led H1\"}]},{\"@type\":\"WebSite\",\"@id\":\"https:\/\/xenonkungen.com\/#website\",\"url\":\"https:\/\/xenonkungen.com\/\",\"name\":\"Xenonkungen\",\"description\":\"\",\"potentialAction\":[{\"@type\":\"SearchAction\",\"target\":{\"@type\":\"EntryPoint\",\"urlTemplate\":\"https:\/\/xenonkungen.com\/?s={search_term_string}\"},\"query-input\":{\"@type\":\"PropertyValueSpecification\",\"valueRequired\":true,\"valueName\":\"search_term_string\"}}],\"inLanguage\":\"fi\"}]}<\/script>\n<!-- \/ Yoast SEO plugin. -->","yoast_head_json":{"title":"Luxtar\u00ae Q1 Led H1 - Ksenonkuningas","robots":{"index":"index","follow":"follow","max-snippet":"max-snippet:-1","max-image-preview":"max-image-preview:large","max-video-preview":"max-video-preview:-1"},"canonical":"https:\/\/xenonkungen.com\/fi\/tuote\/luxtar-q1-led-h1\/","og_locale":"fi_FI","og_type":"article","og_title":"Luxtar\u00ae Q1 Led H1 - Xenonkungen","og_description":"LUXTAR\u00ae Q1 med H1 LED \u00e4r ny serie LED lampor med en Plug-n-Play installation ers\u00e4tter befintlig halogen lampa i helljus, halvljus eller dimljus. Ljusstyrka +300% \u00d6kar ljusstyrkan med upp till 300% mot en standard 55W halogenlampa. Anv\u00e4ndningsomr\u00e5den MC, bil, husbil, traktorer, ATV Leveransinneh\u00e5ll 1st LUXTAR\u00ae Q1 LED H1","og_url":"https:\/\/xenonkungen.com\/fi\/tuote\/luxtar-q1-led-h1\/","og_site_name":"Xenonkungen","article_modified_time":"2026-04-24T15:46:53+00:00","og_image":[{"width":1000,"height":1000,"url":"https:\/\/xenonkungen.com\/wp-content\/uploads\/2025\/04\/172523749-origpic-1493f4.png","type":"image\/png"}],"twitter_card":"summary_large_image","twitter_misc":{"Arvioitu lukuaika":"2 minuuttia"},"schema":{"@context":"https:\/\/schema.org","@graph":[{"@type":"WebPage","@id":"https:\/\/xenonkungen.com\/produkt\/luxtar-q1-led-h1\/","url":"https:\/\/xenonkungen.com\/produkt\/luxtar-q1-led-h1\/","name":"Luxtar\u00ae Q1 Led H1 - Ksenonkuningas","isPartOf":{"@id":"https:\/\/xenonkungen.com\/#website"},"primaryImageOfPage":{"@id":"https:\/\/xenonkungen.com\/produkt\/luxtar-q1-led-h1\/#primaryimage"},"image":{"@id":"https:\/\/xenonkungen.com\/produkt\/luxtar-q1-led-h1\/#primaryimage"},"thumbnailUrl":"https:\/\/xenonkungen.com\/wp-content\/uploads\/2025\/04\/172523749-origpic-1493f4.png","datePublished":"2025-04-15T08:45:12+00:00","dateModified":"2026-04-24T15:46:53+00:00","breadcrumb":{"@id":"https:\/\/xenonkungen.com\/produkt\/luxtar-q1-led-h1\/#breadcrumb"},"inLanguage":"fi","potentialAction":[{"@type":"ReadAction","target":["https:\/\/xenonkungen.com\/produkt\/luxtar-q1-led-h1\/"]}]},{"@type":"ImageObject","inLanguage":"fi","@id":"https:\/\/xenonkungen.com\/produkt\/luxtar-q1-led-h1\/#primaryimage","url":"https:\/\/xenonkungen.com\/wp-content\/uploads\/2025\/04\/172523749-origpic-1493f4.png","contentUrl":"https:\/\/xenonkungen.com\/wp-content\/uploads\/2025\/04\/172523749-origpic-1493f4.png","width":1000,"height":1000},{"@type":"BreadcrumbList","@id":"https:\/\/xenonkungen.com\/produkt\/luxtar-q1-led-h1\/#breadcrumb","itemListElement":[{"@type":"ListItem","position":1,"name":"Hem","item":"https:\/\/xenonkungen.com\/"},{"@type":"ListItem","position":2,"name":"Shop","item":"https:\/\/xenonkungen.com\/shop\/"},{"@type":"ListItem","position":3,"name":"Luxtar\u00ae Q1 Led H1"}]},{"@type":"WebSite","@id":"https:\/\/xenonkungen.com\/#website","url":"https:\/\/xenonkungen.com\/","name":"Xenonkungen","description":"","potentialAction":[{"@type":"SearchAction","target":{"@type":"EntryPoint","urlTemplate":"https:\/\/xenonkungen.com\/?s={search_term_string}"},"query-input":{"@type":"PropertyValueSpecification","valueRequired":true,"valueName":"search_term_string"}}],"inLanguage":"fi"}]}},"taxonomy_info":{"anvandningsomrade":[{"value":398,"label":"Motorcykel"}],"product_brand":[{"value":103,"label":"LUXTAR"}],"product_cat":[{"value":2826,"label":"LUXTAR"},{"value":733,"label":"Halvljus \/ Helljus"}],"pa_fargtemperatur":[{"value":353,"label":"6500K"}],"pa_fuktskydd-varde-ipxx":[{"value":520,"label":"IP65"}],"pa_lampsockel-kontakt":[{"value":336,"label":"H1"}],"pa_volt-v":[{"value":348,"label":"12, 24"}]},"featured_image_src_large":["https:\/\/xenonkungen.com\/wp-content\/uploads\/2025\/04\/172523749-origpic-1493f4.png",1000,1000,false],"author_info":[],"comment_info":2,"_links":{"self":[{"href":"https:\/\/xenonkungen.com\/fi\/wp-json\/wp\/v2\/product\/2883","targetHints":{"allow":["GET"]}}],"collection":[{"href":"https:\/\/xenonkungen.com\/fi\/wp-json\/wp\/v2\/product"}],"about":[{"href":"https:\/\/xenonkungen.com\/fi\/wp-json\/wp\/v2\/types\/product"}],"replies":[{"embeddable":true,"href":"https:\/\/xenonkungen.com\/fi\/wp-json\/wp\/v2\/comments?post=2883"}],"wp:featuredmedia":[{"embeddable":true,"href":"https:\/\/xenonkungen.com\/fi\/wp-json\/wp\/v2\/media\/2884"}],"wp:attachment":[{"href":"https:\/\/xenonkungen.com\/fi\/wp-json\/wp\/v2\/media?parent=2883"}],"wp:term":[{"taxonomy":"anvandningsomrade","embeddable":true,"href":"https:\/\/xenonkungen.com\/fi\/wp-json\/wp\/v2\/anvandningsomrade?post=2883"},{"taxonomy":"bilmarken","embeddable":true,"href":"https:\/\/xenonkungen.com\/fi\/wp-json\/wp\/v2\/bilmarken?post=2883"},{"taxonomy":"product_brand","embeddable":true,"href":"https:\/\/xenonkungen.com\/fi\/wp-json\/wp\/v2\/product_brand?post=2883"},{"taxonomy":"product_cat","embeddable":true,"href":"https:\/\/xenonkungen.com\/fi\/wp-json\/wp\/v2\/product_cat?post=2883"},{"taxonomy":"product_tag","embeddable":true,"href":"https:\/\/xenonkungen.com\/fi\/wp-json\/wp\/v2\/product_tag?post=2883"}],"curies":[{"name":"wp","href":"https:\/\/api.w.org\/{rel}","templated":true}]}}